{"id":617511,"date":"2023-06-18T19:12:39","date_gmt":"2023-06-18T17:12:39","guid":{"rendered":"https:\/\/www.thehookah.de\/produkt\/the-hookah-medusa-piege-a-molas-integre-or\/"},"modified":"2023-06-18T19:12:39","modified_gmt":"2023-06-18T17:12:39","slug":"the-hookah-medusa-piege-a-molas-integre-or","status":"publish","type":"product","link":"https:\/\/alt.thehookah.de\/fr\/produkt\/the-hookah-medusa-piege-a-molas-integre-or\/","title":{"rendered":"THE HOOKAH MEDUSA PIEGE A MOLAS int\u00e9gr\u00e9 OR"},"content":{"rendered":"<h2 class=\"product_title entry-title\" style=\"text-align: center;\">THE HOOKAH<br \/>\nColonne de fum\u00e9e MEDUSA<\/h2>\n<h2 style=\"text-align: center;\">pi\u00e8ge \u00e0 molasse int\u00e9gr\u00e9<\/h2>\n<p><strong>convient \u00e0 toutes les pipes \u00e0 eau &amp; shishas THE HOOKAH , et \u00e0 beaucoup d&#8217;autres fabricants <\/strong><strong>( shisha &amp; narguil\u00e9 ) avec filetage M18 x 1.5mm vers la base. <\/strong> <\/p>\n<ul>\n<li>\n<h2><strong>&#8211;<\/strong><strong>V2A <\/strong><strong>ACIER INOXYDABLE<\/strong><\/h2>\n<\/li>\n<li>\n<h2>Collecteur de molasse \/Acrylique<\/h2>\n<\/li>\n<li><strong>*Entretien<\/strong> du verre acrylique<\/li>\n<li>Il te suffit d&#8217;un peu d&#8217;<b>eau ti\u00e8de m\u00e9lang\u00e9e \u00e0 quelques gouttes de liquide vaisselle<\/b>, comme celui de Sept g\u00e9n\u00e9rations. Tu peux aussi nettoyer le verre acrylique avec un nettoyant tr\u00e8s dilu\u00e9 \u00e0 base de vinaigre. Pour cela, tu m\u00e9langes 2 cuill\u00e8res \u00e0 soupe de nettoyant avec un seau d&#8217;eau chaude.<\/li>\n<\/ul>\n<p><strong>Coupe 18\/8 pour s&#8217;adapter \u00e0 tous les capteurs de molasse de THE HOOKAH  <\/strong><\/p>\n<p><strong>filetage M18 x 1.5mm (convient \u00e0 presque tous les shishas \/ narguil\u00e9s \/ The Hookah courants )<\/strong><\/p>\n<p><strong>longueur totale environ 26cm  <\/strong><\/p>\n<p>&nbsp;<\/p>\n<p>Remarque : la base et l&#8217;adaptateur illustr\u00e9s ne sont pas inclus dans la livraison.<\/p>\n","protected":false},"excerpt":{"rendered":"<p>THE HOOKAH Colonne de fum\u00e9e MEDUSA pi\u00e8ge \u00e0 molasse int\u00e9gr\u00e9 convient \u00e0 toutes les pipes \u00e0 eau &amp; shishas THE HOOKAH , et \u00e0 beaucoup d&#8217;autres fabricants ( shisha &amp; narguil\u00e9 ) avec filetage M18 x 1.5mm vers la base. &#8211;V2A ACIER INOXYDABLE Collecteur de molasse \/Acrylique *Entretien du verre acrylique Il te suffit d&#8217;un [&hellip;]<\/p>\n","protected":false},"featured_media":617512,"comment_status":"open","ping_status":"closed","template":"","meta":[],"product_cat":[310,311,312],"product_tag":[],"yoast_head":"<!-- This site is optimized with the Yoast SEO plugin v22.5 - https:\/\/yoast.com\/wordpress\/plugins\/seo\/ -->\n<title>Colonne de fum\u00e9e pour shisha Medusa avec capteur de mollasse int\u00e9gr\u00e9 - Or<\/title>\n<meta name=\"description\" content=\"Acheter une colonne de fum\u00e9e de shisha Medusa Gold avec un capteur de mollasse int\u00e9gr\u00e9 dans la boutique THE HOOKAH &quot; convient \u00e0 presque tous les shishas\/pipes \u00e0 eau courants\" \/>\n<meta name=\"robots\" content=\"index, follow, max-snippet:-1, max-image-preview:large, max-video-preview:-1\" \/>\n<link rel=\"canonical\" href=\"https:\/\/alt.thehookah.de\/fr\/produkt\/the-hookah-medusa-piege-a-molas-integre-or\/\" \/>\n<meta property=\"og:locale\" content=\"fr_FR\" \/>\n<meta property=\"og:type\" content=\"article\" \/>\n<meta property=\"og:title\" content=\"Colonne de fum\u00e9e pour shisha Medusa avec capteur de mollasse int\u00e9gr\u00e9 - Or\" \/>\n<meta property=\"og:description\" content=\"Acheter une colonne de fum\u00e9e de shisha Medusa Gold avec un capteur de mollasse int\u00e9gr\u00e9 dans la boutique THE HOOKAH &quot; convient \u00e0 presque tous les shishas\/pipes \u00e0 eau courants\" \/>\n<meta property=\"og:url\" content=\"https:\/\/alt.thehookah.de\/fr\/produkt\/the-hookah-medusa-piege-a-molas-integre-or\/\" \/>\n<meta property=\"og:site_name\" content=\"The Hookah\" \/>\n<meta property=\"og:image\" content=\"https:\/\/alt.thehookah.de\/wp-content\/uploads\/2020\/08\/medusagold5-1-600x600-2.jpg\" \/>\n\t<meta property=\"og:image:width\" content=\"600\" \/>\n\t<meta property=\"og:image:height\" content=\"600\" \/>\n\t<meta property=\"og:image:type\" content=\"image\/jpeg\" \/>\n<meta name=\"twitter:card\" content=\"summary_large_image\" \/>\n<meta name=\"twitter:label1\" content=\"Prix\" \/>\n\t<meta name=\"twitter:data1\" content=\"59,97&nbsp;&euro;\" \/>\n\t<meta name=\"twitter:label2\" content=\"Disponibilit\u00e9\" \/>\n\t<meta name=\"twitter:data2\" content=\"En stock\" \/>\n<script type=\"application\/ld+json\" class=\"yoast-schema-graph\">{\"@context\":\"https:\/\/schema.org\",\"@graph\":[{\"@type\":\"WebPage\",\"@id\":\"https:\/\/alt.thehookah.de\/fr\/produkt\/the-hookah-medusa-piege-a-molas-integre-or\/\",\"url\":\"https:\/\/alt.thehookah.de\/fr\/produkt\/the-hookah-medusa-piege-a-molas-integre-or\/\",\"name\":\"Colonne de fum\u00e9e pour shisha Medusa avec capteur de mollasse int\u00e9gr\u00e9 - Or\",\"isPartOf\":{\"@id\":\"https:\/\/alt.thehookah.de\/fr\/#website\"},\"primaryImageOfPage\":{\"@id\":\"https:\/\/alt.thehookah.de\/fr\/produkt\/the-hookah-medusa-piege-a-molas-integre-or\/#primaryimage\"},\"image\":{\"@id\":\"https:\/\/alt.thehookah.de\/fr\/produkt\/the-hookah-medusa-piege-a-molas-integre-or\/#primaryimage\"},\"thumbnailUrl\":\"https:\/\/alt.thehookah.de\/wp-content\/uploads\/2020\/08\/medusagold5-1-600x600-2.jpg\",\"datePublished\":\"2023-06-18T17:12:39+00:00\",\"dateModified\":\"2023-06-18T17:12:39+00:00\",\"description\":\"Acheter une colonne de fum\u00e9e de shisha Medusa Gold avec un capteur de mollasse int\u00e9gr\u00e9 dans la boutique THE HOOKAH \\\" convient \u00e0 presque tous les shishas\/pipes \u00e0 eau courants\",\"breadcrumb\":{\"@id\":\"https:\/\/alt.thehookah.de\/fr\/produkt\/the-hookah-medusa-piege-a-molas-integre-or\/#breadcrumb\"},\"inLanguage\":\"fr-FR\",\"potentialAction\":[{\"@type\":\"ReadAction\",\"target\":[\"https:\/\/alt.thehookah.de\/fr\/produkt\/the-hookah-medusa-piege-a-molas-integre-or\/\"]}]},{\"@type\":\"ImageObject\",\"inLanguage\":\"fr-FR\",\"@id\":\"https:\/\/alt.thehookah.de\/fr\/produkt\/the-hookah-medusa-piege-a-molas-integre-or\/#primaryimage\",\"url\":\"https:\/\/alt.thehookah.de\/wp-content\/uploads\/2020\/08\/medusagold5-1-600x600-2.jpg\",\"contentUrl\":\"https:\/\/alt.thehookah.de\/wp-content\/uploads\/2020\/08\/medusagold5-1-600x600-2.jpg\",\"width\":600,\"height\":600},{\"@type\":\"BreadcrumbList\",\"@id\":\"https:\/\/alt.thehookah.de\/fr\/produkt\/the-hookah-medusa-piege-a-molas-integre-or\/#breadcrumb\",\"itemListElement\":[{\"@type\":\"ListItem\",\"position\":1,\"name\":\"Startseite\",\"item\":\"https:\/\/alt.thehookah.de\/fr\/\"},{\"@type\":\"ListItem\",\"position\":2,\"name\":\"Ta boutique en ligne HOOKAH\",\"item\":\"https:\/\/alt.thehookah.de\/fr\/ta-boutique-en-ligne-hookah\/\"},{\"@type\":\"ListItem\",\"position\":3,\"name\":\"THE HOOKAH MEDUSA PIEGE A MOLAS int\u00e9gr\u00e9 OR\"}]},{\"@type\":\"WebSite\",\"@id\":\"https:\/\/alt.thehookah.de\/fr\/#website\",\"url\":\"https:\/\/alt.thehookah.de\/fr\/\",\"name\":\"The Hookah\",\"description\":\"\",\"publisher\":{\"@id\":\"https:\/\/alt.thehookah.de\/fr\/#organization\"},\"potentialAction\":[{\"@type\":\"SearchAction\",\"target\":{\"@type\":\"EntryPoint\",\"urlTemplate\":\"https:\/\/alt.thehookah.de\/fr\/?s={search_term_string}\"},\"query-input\":\"required name=search_term_string\"}],\"inLanguage\":\"fr-FR\"},{\"@type\":\"Organization\",\"@id\":\"https:\/\/alt.thehookah.de\/fr\/#organization\",\"name\":\"The Hookah\",\"url\":\"https:\/\/alt.thehookah.de\/fr\/\",\"logo\":{\"@type\":\"ImageObject\",\"inLanguage\":\"fr-FR\",\"@id\":\"https:\/\/alt.thehookah.de\/fr\/#\/schema\/logo\/image\/\",\"url\":\"https:\/\/alt.thehookah.de\/wp-content\/uploads\/2021\/02\/cropped-logo2.png\",\"contentUrl\":\"https:\/\/alt.thehookah.de\/wp-content\/uploads\/2021\/02\/cropped-logo2.png\",\"width\":300,\"height\":86,\"caption\":\"The Hookah\"},\"image\":{\"@id\":\"https:\/\/alt.thehookah.de\/fr\/#\/schema\/logo\/image\/\"}}]}<\/script>\n<meta property=\"product:price:amount\" content=\"59.97\" \/>\n<meta property=\"product:price:currency\" content=\"EUR\" \/>\n<meta property=\"og:availability\" content=\"instock\" \/>\n<meta property=\"product:availability\" content=\"instock\" \/>\n<meta property=\"product:retailer_item_id\" content=\"rauchs\u00e4ulemed-gold\" \/>\n<meta property=\"product:condition\" content=\"new\" \/>\n<!-- \/ Yoast SEO plugin. -->","yoast_head_json":{"title":"Colonne de fum\u00e9e pour shisha Medusa avec capteur de mollasse int\u00e9gr\u00e9 - Or","description":"Acheter une colonne de fum\u00e9e de shisha Medusa Gold avec un capteur de mollasse int\u00e9gr\u00e9 dans la boutique THE HOOKAH \" convient \u00e0 presque tous les shishas\/pipes \u00e0 eau courants","robots":{"index":"index","follow":"follow","max-snippet":"max-snippet:-1","max-image-preview":"max-image-preview:large","max-video-preview":"max-video-preview:-1"},"canonical":"https:\/\/alt.thehookah.de\/fr\/produkt\/the-hookah-medusa-piege-a-molas-integre-or\/","og_locale":"fr_FR","og_type":"article","og_title":"Colonne de fum\u00e9e pour shisha Medusa avec capteur de mollasse int\u00e9gr\u00e9 - Or","og_description":"Acheter une colonne de fum\u00e9e de shisha Medusa Gold avec un capteur de mollasse int\u00e9gr\u00e9 dans la boutique THE HOOKAH \" convient \u00e0 presque tous les shishas\/pipes \u00e0 eau courants","og_url":"https:\/\/alt.thehookah.de\/fr\/produkt\/the-hookah-medusa-piege-a-molas-integre-or\/","og_site_name":"The Hookah","og_image":[{"width":600,"height":600,"url":"https:\/\/alt.thehookah.de\/wp-content\/uploads\/2020\/08\/medusagold5-1-600x600-2.jpg","type":"image\/jpeg"}],"twitter_card":"summary_large_image","twitter_misc":{"Prix":"59,97&nbsp;&euro;","Disponibilit\u00e9":"En stock"},"schema":{"@context":"https:\/\/schema.org","@graph":[{"@type":"WebPage","@id":"https:\/\/alt.thehookah.de\/fr\/produkt\/the-hookah-medusa-piege-a-molas-integre-or\/","url":"https:\/\/alt.thehookah.de\/fr\/produkt\/the-hookah-medusa-piege-a-molas-integre-or\/","name":"Colonne de fum\u00e9e pour shisha Medusa avec capteur de mollasse int\u00e9gr\u00e9 - Or","isPartOf":{"@id":"https:\/\/alt.thehookah.de\/fr\/#website"},"primaryImageOfPage":{"@id":"https:\/\/alt.thehookah.de\/fr\/produkt\/the-hookah-medusa-piege-a-molas-integre-or\/#primaryimage"},"image":{"@id":"https:\/\/alt.thehookah.de\/fr\/produkt\/the-hookah-medusa-piege-a-molas-integre-or\/#primaryimage"},"thumbnailUrl":"https:\/\/alt.thehookah.de\/wp-content\/uploads\/2020\/08\/medusagold5-1-600x600-2.jpg","datePublished":"2023-06-18T17:12:39+00:00","dateModified":"2023-06-18T17:12:39+00:00","description":"Acheter une colonne de fum\u00e9e de shisha Medusa Gold avec un capteur de mollasse int\u00e9gr\u00e9 dans la boutique THE HOOKAH \" convient \u00e0 presque tous les shishas\/pipes \u00e0 eau courants","breadcrumb":{"@id":"https:\/\/alt.thehookah.de\/fr\/produkt\/the-hookah-medusa-piege-a-molas-integre-or\/#breadcrumb"},"inLanguage":"fr-FR","potentialAction":[{"@type":"ReadAction","target":["https:\/\/alt.thehookah.de\/fr\/produkt\/the-hookah-medusa-piege-a-molas-integre-or\/"]}]},{"@type":"ImageObject","inLanguage":"fr-FR","@id":"https:\/\/alt.thehookah.de\/fr\/produkt\/the-hookah-medusa-piege-a-molas-integre-or\/#primaryimage","url":"https:\/\/alt.thehookah.de\/wp-content\/uploads\/2020\/08\/medusagold5-1-600x600-2.jpg","contentUrl":"https:\/\/alt.thehookah.de\/wp-content\/uploads\/2020\/08\/medusagold5-1-600x600-2.jpg","width":600,"height":600},{"@type":"BreadcrumbList","@id":"https:\/\/alt.thehookah.de\/fr\/produkt\/the-hookah-medusa-piege-a-molas-integre-or\/#breadcrumb","itemListElement":[{"@type":"ListItem","position":1,"name":"Startseite","item":"https:\/\/alt.thehookah.de\/fr\/"},{"@type":"ListItem","position":2,"name":"Ta boutique en ligne HOOKAH","item":"https:\/\/alt.thehookah.de\/fr\/ta-boutique-en-ligne-hookah\/"},{"@type":"ListItem","position":3,"name":"THE HOOKAH MEDUSA PIEGE A MOLAS int\u00e9gr\u00e9 OR"}]},{"@type":"WebSite","@id":"https:\/\/alt.thehookah.de\/fr\/#website","url":"https:\/\/alt.thehookah.de\/fr\/","name":"The Hookah","description":"","publisher":{"@id":"https:\/\/alt.thehookah.de\/fr\/#organization"},"potentialAction":[{"@type":"SearchAction","target":{"@type":"EntryPoint","urlTemplate":"https:\/\/alt.thehookah.de\/fr\/?s={search_term_string}"},"query-input":"required name=search_term_string"}],"inLanguage":"fr-FR"},{"@type":"Organization","@id":"https:\/\/alt.thehookah.de\/fr\/#organization","name":"The Hookah","url":"https:\/\/alt.thehookah.de\/fr\/","logo":{"@type":"ImageObject","inLanguage":"fr-FR","@id":"https:\/\/alt.thehookah.de\/fr\/#\/schema\/logo\/image\/","url":"https:\/\/alt.thehookah.de\/wp-content\/uploads\/2021\/02\/cropped-logo2.png","contentUrl":"https:\/\/alt.thehookah.de\/wp-content\/uploads\/2021\/02\/cropped-logo2.png","width":300,"height":86,"caption":"The Hookah"},"image":{"@id":"https:\/\/alt.thehookah.de\/fr\/#\/schema\/logo\/image\/"}}]},"product_price_amount":"59.97","product_price_currency":"EUR","og_availability":"instock","product_availability":"instock","product_retailer_item_id":"rauchs\u00e4ulemed-gold","product_condition":"new"},"_links":{"self":[{"href":"https:\/\/alt.thehookah.de\/fr\/wp-json\/wp\/v2\/product\/617511"}],"collection":[{"href":"https:\/\/alt.thehookah.de\/fr\/wp-json\/wp\/v2\/product"}],"about":[{"href":"https:\/\/alt.thehookah.de\/fr\/wp-json\/wp\/v2\/types\/product"}],"replies":[{"embeddable":true,"href":"https:\/\/alt.thehookah.de\/fr\/wp-json\/wp\/v2\/comments?post=617511"}],"wp:featuredmedia":[{"embeddable":true,"href":"https:\/\/alt.thehookah.de\/fr\/wp-json\/wp\/v2\/media\/617512"}],"wp:attachment":[{"href":"https:\/\/alt.thehookah.de\/fr\/wp-json\/wp\/v2\/media?parent=617511"}],"wp:term":[{"taxonomy":"product_cat","embeddable":true,"href":"https:\/\/alt.thehookah.de\/fr\/wp-json\/wp\/v2\/product_cat?post=617511"},{"taxonomy":"product_tag","embeddable":true,"href":"https:\/\/alt.thehookah.de\/fr\/wp-json\/wp\/v2\/product_tag?post=617511"}],"curies":[{"name":"wp","href":"https:\/\/api.w.org\/{rel}","templated":true}]}}