{"id":617575,"date":"2023-06-18T11:59:49","date_gmt":"2023-06-18T09:59:49","guid":{"rendered":"https:\/\/www.thehookah.de\/produkt\/bowl-enfichable-the-hookah-terminator-handcur-black-matt\/"},"modified":"2023-06-18T11:59:49","modified_gmt":"2023-06-18T09:59:49","slug":"bowl-enfichable-the-hookah-terminator-handcur-black-matt","status":"publish","type":"product","link":"https:\/\/alt.thehookah.de\/fr\/produkt\/bowl-enfichable-the-hookah-terminator-handcur-black-matt\/","title":{"rendered":"Bowl enfichable THE HOOKAH Terminator Handcur Black Matt"},"content":{"rendered":"<div id=\"descriptionAccordion\" class=\"card-header\">\n<div id=\"descriptionCollapse\" class=\"collapse show\" aria-labelledby=\"descriptionAccordion\">\n<div class=\"card-body\">\n<div class=\"product-detail-description-text\">\n<h2 style=\"text-align: center;\">The Hookah Terminator<br \/>\nHandcut Steckbowl<\/h2>\n<\/div>\n<p>&nbsp;<\/p>\n<div class=\"product-detail-description-text\">\n<h3 style=\"text-align: left;\"><\/h3>\n<\/div>\n<\/div>\n<\/div>\n<h3 data-toggle=\"collapse\" data-target=\"#descriptionCollapse\" aria-expanded=\"false\" aria-controls=\"descriptionCollapse\">dimensions ext\u00e9rieures env. 20cm x 26cm<\/h3>\n<h2 class=\"mb-0\" data-toggle=\"collapse\" data-target=\"#descriptionCollapse\" aria-expanded=\"false\" aria-controls=\"descriptionCollapse\">DESCRIPTION<\/h2>\n<\/div>\n<div id=\"descriptionCollapse\" class=\"collapse show\" aria-labelledby=\"descriptionAccordion\">\n<div class=\"card-body\">\n<div class=\"product-detail-description-text\">\n<p>Id\u00e9al aussi pour tous les moyens &amp; grands<\/p>\n<p>Convient pour les pipes \u00e0 eau\/pipes \u00e0 pipe.<\/p>\n<\/div>\n<\/div>\n<\/div>\n<p>&nbsp;<\/p>\n<p>&nbsp;<\/p>\n<p><strong>diam\u00e8tre de l&#8217;ouverture du col : <\/strong>environ 4,5 mm<\/p>\n<p>Mat\u00e9riau : verre de cristal<\/p>\n","protected":false},"excerpt":{"rendered":"<p>The Hookah Terminator Handcut Steckbowl &nbsp; dimensions ext\u00e9rieures env. 20cm x 26cm DESCRIPTION Id\u00e9al aussi pour tous les moyens &amp; grands Convient pour les pipes \u00e0 eau\/pipes \u00e0 pipe. &nbsp; &nbsp; diam\u00e8tre de l&#8217;ouverture du col : environ 4,5 mm Mat\u00e9riau : verre de cristal<\/p>\n","protected":false},"featured_media":617576,"comment_status":"open","ping_status":"closed","template":"","meta":[],"product_cat":[310,355,306],"product_tag":[],"yoast_head":"<!-- This site is optimized with the Yoast SEO plugin v22.5 - https:\/\/yoast.com\/wordpress\/plugins\/seo\/ -->\n<title>Bowl enfichable THE HOOKAH Terminator Handcur Black Matt - The Hookah<\/title>\n<meta name=\"robots\" content=\"index, follow, max-snippet:-1, max-image-preview:large, max-video-preview:-1\" \/>\n<link rel=\"canonical\" href=\"https:\/\/alt.thehookah.de\/fr\/produkt\/bowl-enfichable-the-hookah-terminator-handcur-black-matt\/\" \/>\n<meta property=\"og:locale\" content=\"fr_FR\" \/>\n<meta property=\"og:type\" content=\"article\" \/>\n<meta property=\"og:title\" content=\"Bowl enfichable THE HOOKAH Terminator Handcur Black Matt - The Hookah\" \/>\n<meta property=\"og:description\" content=\"The Hookah Terminator Handcut Steckbowl &nbsp; dimensions ext\u00e9rieures env. 20cm x 26cm DESCRIPTION Id\u00e9al aussi pour tous les moyens &amp; grands Convient pour les pipes \u00e0 eau\/pipes \u00e0 pipe. &nbsp; &nbsp; diam\u00e8tre de l&#8217;ouverture du col : environ 4,5 mm Mat\u00e9riau : verre de cristal\" \/>\n<meta property=\"og:url\" content=\"https:\/\/alt.thehookah.de\/fr\/produkt\/bowl-enfichable-the-hookah-terminator-handcur-black-matt\/\" \/>\n<meta property=\"og:site_name\" content=\"The Hookah\" \/>\n<meta property=\"og:image\" content=\"https:\/\/alt.thehookah.de\/wp-content\/uploads\/2023\/06\/Termionatorsteckbowl-scaled.jpg\" \/>\n\t<meta property=\"og:image:width\" content=\"2560\" \/>\n\t<meta property=\"og:image:height\" content=\"2560\" \/>\n\t<meta property=\"og:image:type\" content=\"image\/jpeg\" \/>\n<meta name=\"twitter:card\" content=\"summary_large_image\" \/>\n<meta name=\"twitter:label1\" content=\"Prix\" \/>\n\t<meta name=\"twitter:data1\" content=\"49,95&nbsp;&euro;\" \/>\n\t<meta name=\"twitter:label2\" content=\"Disponibilit\u00e9\" \/>\n\t<meta name=\"twitter:data2\" content=\"En stock\" \/>\n<script type=\"application\/ld+json\" class=\"yoast-schema-graph\">{\"@context\":\"https:\/\/schema.org\",\"@graph\":[{\"@type\":\"WebPage\",\"@id\":\"https:\/\/alt.thehookah.de\/fr\/produkt\/bowl-enfichable-the-hookah-terminator-handcur-black-matt\/\",\"url\":\"https:\/\/alt.thehookah.de\/fr\/produkt\/bowl-enfichable-the-hookah-terminator-handcur-black-matt\/\",\"name\":\"Bowl enfichable THE HOOKAH Terminator Handcur Black Matt - The Hookah\",\"isPartOf\":{\"@id\":\"https:\/\/alt.thehookah.de\/fr\/#website\"},\"primaryImageOfPage\":{\"@id\":\"https:\/\/alt.thehookah.de\/fr\/produkt\/bowl-enfichable-the-hookah-terminator-handcur-black-matt\/#primaryimage\"},\"image\":{\"@id\":\"https:\/\/alt.thehookah.de\/fr\/produkt\/bowl-enfichable-the-hookah-terminator-handcur-black-matt\/#primaryimage\"},\"thumbnailUrl\":\"https:\/\/alt.thehookah.de\/wp-content\/uploads\/2023\/06\/Termionatorsteckbowl-scaled.jpg\",\"datePublished\":\"2023-06-18T09:59:49+00:00\",\"dateModified\":\"2023-06-18T09:59:49+00:00\",\"breadcrumb\":{\"@id\":\"https:\/\/alt.thehookah.de\/fr\/produkt\/bowl-enfichable-the-hookah-terminator-handcur-black-matt\/#breadcrumb\"},\"inLanguage\":\"fr-FR\",\"potentialAction\":[{\"@type\":\"ReadAction\",\"target\":[\"https:\/\/alt.thehookah.de\/fr\/produkt\/bowl-enfichable-the-hookah-terminator-handcur-black-matt\/\"]}]},{\"@type\":\"ImageObject\",\"inLanguage\":\"fr-FR\",\"@id\":\"https:\/\/alt.thehookah.de\/fr\/produkt\/bowl-enfichable-the-hookah-terminator-handcur-black-matt\/#primaryimage\",\"url\":\"https:\/\/alt.thehookah.de\/wp-content\/uploads\/2023\/06\/Termionatorsteckbowl-scaled.jpg\",\"contentUrl\":\"https:\/\/alt.thehookah.de\/wp-content\/uploads\/2023\/06\/Termionatorsteckbowl-scaled.jpg\",\"width\":2560,\"height\":2560,\"caption\":\"Steckbowl Terminator\"},{\"@type\":\"BreadcrumbList\",\"@id\":\"https:\/\/alt.thehookah.de\/fr\/produkt\/bowl-enfichable-the-hookah-terminator-handcur-black-matt\/#breadcrumb\",\"itemListElement\":[{\"@type\":\"ListItem\",\"position\":1,\"name\":\"Startseite\",\"item\":\"https:\/\/alt.thehookah.de\/fr\/\"},{\"@type\":\"ListItem\",\"position\":2,\"name\":\"Ta boutique en ligne HOOKAH\",\"item\":\"https:\/\/alt.thehookah.de\/fr\/ta-boutique-en-ligne-hookah\/\"},{\"@type\":\"ListItem\",\"position\":3,\"name\":\"Bowl enfichable THE HOOKAH Terminator Handcur Black Matt\"}]},{\"@type\":\"WebSite\",\"@id\":\"https:\/\/alt.thehookah.de\/fr\/#website\",\"url\":\"https:\/\/alt.thehookah.de\/fr\/\",\"name\":\"The Hookah\",\"description\":\"\",\"publisher\":{\"@id\":\"https:\/\/alt.thehookah.de\/fr\/#organization\"},\"potentialAction\":[{\"@type\":\"SearchAction\",\"target\":{\"@type\":\"EntryPoint\",\"urlTemplate\":\"https:\/\/alt.thehookah.de\/fr\/?s={search_term_string}\"},\"query-input\":\"required name=search_term_string\"}],\"inLanguage\":\"fr-FR\"},{\"@type\":\"Organization\",\"@id\":\"https:\/\/alt.thehookah.de\/fr\/#organization\",\"name\":\"The Hookah\",\"url\":\"https:\/\/alt.thehookah.de\/fr\/\",\"logo\":{\"@type\":\"ImageObject\",\"inLanguage\":\"fr-FR\",\"@id\":\"https:\/\/alt.thehookah.de\/fr\/#\/schema\/logo\/image\/\",\"url\":\"https:\/\/alt.thehookah.de\/wp-content\/uploads\/2021\/02\/cropped-logo2.png\",\"contentUrl\":\"https:\/\/alt.thehookah.de\/wp-content\/uploads\/2021\/02\/cropped-logo2.png\",\"width\":300,\"height\":86,\"caption\":\"The Hookah\"},\"image\":{\"@id\":\"https:\/\/alt.thehookah.de\/fr\/#\/schema\/logo\/image\/\"}}]}<\/script>\n<meta property=\"product:price:amount\" content=\"49.95\" \/>\n<meta property=\"product:price:currency\" content=\"EUR\" \/>\n<meta property=\"og:availability\" content=\"instock\" \/>\n<meta property=\"product:availability\" content=\"instock\" \/>\n<meta property=\"product:retailer_item_id\" content=\"steckbowl-ter1\" \/>\n<meta property=\"product:condition\" content=\"new\" \/>\n<!-- \/ Yoast SEO plugin. -->","yoast_head_json":{"title":"Bowl enfichable THE HOOKAH Terminator Handcur Black Matt - The Hookah","robots":{"index":"index","follow":"follow","max-snippet":"max-snippet:-1","max-image-preview":"max-image-preview:large","max-video-preview":"max-video-preview:-1"},"canonical":"https:\/\/alt.thehookah.de\/fr\/produkt\/bowl-enfichable-the-hookah-terminator-handcur-black-matt\/","og_locale":"fr_FR","og_type":"article","og_title":"Bowl enfichable THE HOOKAH Terminator Handcur Black Matt - The Hookah","og_description":"The Hookah Terminator Handcut Steckbowl &nbsp; dimensions ext\u00e9rieures env. 20cm x 26cm DESCRIPTION Id\u00e9al aussi pour tous les moyens &amp; grands Convient pour les pipes \u00e0 eau\/pipes \u00e0 pipe. &nbsp; &nbsp; diam\u00e8tre de l&#8217;ouverture du col : environ 4,5 mm Mat\u00e9riau : verre de cristal","og_url":"https:\/\/alt.thehookah.de\/fr\/produkt\/bowl-enfichable-the-hookah-terminator-handcur-black-matt\/","og_site_name":"The Hookah","og_image":[{"width":2560,"height":2560,"url":"https:\/\/alt.thehookah.de\/wp-content\/uploads\/2023\/06\/Termionatorsteckbowl-scaled.jpg","type":"image\/jpeg"}],"twitter_card":"summary_large_image","twitter_misc":{"Prix":"49,95&nbsp;&euro;","Disponibilit\u00e9":"En stock"},"schema":{"@context":"https:\/\/schema.org","@graph":[{"@type":"WebPage","@id":"https:\/\/alt.thehookah.de\/fr\/produkt\/bowl-enfichable-the-hookah-terminator-handcur-black-matt\/","url":"https:\/\/alt.thehookah.de\/fr\/produkt\/bowl-enfichable-the-hookah-terminator-handcur-black-matt\/","name":"Bowl enfichable THE HOOKAH Terminator Handcur Black Matt - The Hookah","isPartOf":{"@id":"https:\/\/alt.thehookah.de\/fr\/#website"},"primaryImageOfPage":{"@id":"https:\/\/alt.thehookah.de\/fr\/produkt\/bowl-enfichable-the-hookah-terminator-handcur-black-matt\/#primaryimage"},"image":{"@id":"https:\/\/alt.thehookah.de\/fr\/produkt\/bowl-enfichable-the-hookah-terminator-handcur-black-matt\/#primaryimage"},"thumbnailUrl":"https:\/\/alt.thehookah.de\/wp-content\/uploads\/2023\/06\/Termionatorsteckbowl-scaled.jpg","datePublished":"2023-06-18T09:59:49+00:00","dateModified":"2023-06-18T09:59:49+00:00","breadcrumb":{"@id":"https:\/\/alt.thehookah.de\/fr\/produkt\/bowl-enfichable-the-hookah-terminator-handcur-black-matt\/#breadcrumb"},"inLanguage":"fr-FR","potentialAction":[{"@type":"ReadAction","target":["https:\/\/alt.thehookah.de\/fr\/produkt\/bowl-enfichable-the-hookah-terminator-handcur-black-matt\/"]}]},{"@type":"ImageObject","inLanguage":"fr-FR","@id":"https:\/\/alt.thehookah.de\/fr\/produkt\/bowl-enfichable-the-hookah-terminator-handcur-black-matt\/#primaryimage","url":"https:\/\/alt.thehookah.de\/wp-content\/uploads\/2023\/06\/Termionatorsteckbowl-scaled.jpg","contentUrl":"https:\/\/alt.thehookah.de\/wp-content\/uploads\/2023\/06\/Termionatorsteckbowl-scaled.jpg","width":2560,"height":2560,"caption":"Steckbowl Terminator"},{"@type":"BreadcrumbList","@id":"https:\/\/alt.thehookah.de\/fr\/produkt\/bowl-enfichable-the-hookah-terminator-handcur-black-matt\/#breadcrumb","itemListElement":[{"@type":"ListItem","position":1,"name":"Startseite","item":"https:\/\/alt.thehookah.de\/fr\/"},{"@type":"ListItem","position":2,"name":"Ta boutique en ligne HOOKAH","item":"https:\/\/alt.thehookah.de\/fr\/ta-boutique-en-ligne-hookah\/"},{"@type":"ListItem","position":3,"name":"Bowl enfichable THE HOOKAH Terminator Handcur Black Matt"}]},{"@type":"WebSite","@id":"https:\/\/alt.thehookah.de\/fr\/#website","url":"https:\/\/alt.thehookah.de\/fr\/","name":"The Hookah","description":"","publisher":{"@id":"https:\/\/alt.thehookah.de\/fr\/#organization"},"potentialAction":[{"@type":"SearchAction","target":{"@type":"EntryPoint","urlTemplate":"https:\/\/alt.thehookah.de\/fr\/?s={search_term_string}"},"query-input":"required name=search_term_string"}],"inLanguage":"fr-FR"},{"@type":"Organization","@id":"https:\/\/alt.thehookah.de\/fr\/#organization","name":"The Hookah","url":"https:\/\/alt.thehookah.de\/fr\/","logo":{"@type":"ImageObject","inLanguage":"fr-FR","@id":"https:\/\/alt.thehookah.de\/fr\/#\/schema\/logo\/image\/","url":"https:\/\/alt.thehookah.de\/wp-content\/uploads\/2021\/02\/cropped-logo2.png","contentUrl":"https:\/\/alt.thehookah.de\/wp-content\/uploads\/2021\/02\/cropped-logo2.png","width":300,"height":86,"caption":"The Hookah"},"image":{"@id":"https:\/\/alt.thehookah.de\/fr\/#\/schema\/logo\/image\/"}}]},"product_price_amount":"49.95","product_price_currency":"EUR","og_availability":"instock","product_availability":"instock","product_retailer_item_id":"steckbowl-ter1","product_condition":"new"},"_links":{"self":[{"href":"https:\/\/alt.thehookah.de\/fr\/wp-json\/wp\/v2\/product\/617575"}],"collection":[{"href":"https:\/\/alt.thehookah.de\/fr\/wp-json\/wp\/v2\/product"}],"about":[{"href":"https:\/\/alt.thehookah.de\/fr\/wp-json\/wp\/v2\/types\/product"}],"replies":[{"embeddable":true,"href":"https:\/\/alt.thehookah.de\/fr\/wp-json\/wp\/v2\/comments?post=617575"}],"wp:featuredmedia":[{"embeddable":true,"href":"https:\/\/alt.thehookah.de\/fr\/wp-json\/wp\/v2\/media\/617576"}],"wp:attachment":[{"href":"https:\/\/alt.thehookah.de\/fr\/wp-json\/wp\/v2\/media?parent=617575"}],"wp:term":[{"taxonomy":"product_cat","embeddable":true,"href":"https:\/\/alt.thehookah.de\/fr\/wp-json\/wp\/v2\/product_cat?post=617575"},{"taxonomy":"product_tag","embeddable":true,"href":"https:\/\/alt.thehookah.de\/fr\/wp-json\/wp\/v2\/product_tag?post=617575"}],"curies":[{"name":"wp","href":"https:\/\/api.w.org\/{rel}","templated":true}]}}