{"id":617602,"date":"2023-04-25T20:24:31","date_gmt":"2023-04-25T18:24:31","guid":{"rendered":"https:\/\/www.thehookah.de\/produkt\/the-hookah-joker-3x-blow-off\/"},"modified":"2023-04-25T20:24:31","modified_gmt":"2023-04-25T18:24:31","slug":"the-hookah-joker-3x-blow-off","status":"publish","type":"product","link":"https:\/\/alt.thehookah.de\/fr\/produkt\/the-hookah-joker-3x-blow-off\/","title":{"rendered":"THE HOOKAH JOKER 3X Blow Off"},"content":{"rendered":"<h1 style=\"text-align: center;\">THE HOOKAH<\/h1>\n<h1 style=\"text-align: center;\">JOKER<\/h1>\n<h4 style=\"text-align: center;\"><strong>blanc nacr\u00e9 (aluminium) x noir mat (acier inoxydable V2A)<\/strong><\/h4>\n<p>Est-ce que c&#8217;est moi ou est-ce que \u00e7a devient de plus en plus difficile ?<\/p>\n<h3>La premi\u00e8re chicha de voyage avec plusieurs blow offs.<\/h3>\n<p>&nbsp;<\/p>\n<h3>3\/4 x Blow-Off, que l&#8217;on peut transformer gr\u00e2ce aux assiettes fournies \ud83d\ude42<\/h3>\n<p><strong>Syst\u00e8me \u00e0 deux compartiments en verre v\u00e9ritable (ext\u00e9rieur du bocal : Clear, int\u00e9rieur du bocal : Black colored)<\/strong><\/p>\n<p>&nbsp;<\/p>\n<p>hauteur : environ 20cm x 11cm<\/p>\n<h2>CONTENU DE LA LIVRAISON<\/h2>\n<p>&nbsp;<\/p>\n<ul>\n<li>1 x adaptateur de tuyau en acier inoxydable V2A<\/li>\n<li>1 x embout<\/li>\n<li>6 x boule<\/li>\n<li>1 x tube plongeur en acier inoxydable V2A Black Steel<\/li>\n<li>1 x embout buccal en acier inoxydable V2A The Hookah Black Steel<\/li>\n<\/ul>\n<div style=\"text-align: center;\">\n<div style=\"display: inline-block; padding: 2em;\">Vid\u00e9o sur les produits :<br \/>\n<video style=\"display: inline-block; aspect-ratio: .5625; width: min(80% , 350px);\" controls=\"controls\" width=\"300\" height=\"150\"><source src=\"\/videos\/joker\/joker.mp4\" type=\"video\/mp4\"><\/source><source src=\"\/videos\/joker\/joker.webm\" type=\"video\/webm\"><\/source><\/video><\/div>\n<\/div>\n","protected":false},"excerpt":{"rendered":"<p>THE HOOKAH JOKER blanc nacr\u00e9 (aluminium) x noir mat (acier inoxydable V2A) Est-ce que c&#8217;est moi ou est-ce que \u00e7a devient de plus en plus difficile ? La premi\u00e8re chicha de voyage avec plusieurs blow offs. &nbsp; 3\/4 x Blow-Off, que l&#8217;on peut transformer gr\u00e2ce aux assiettes fournies \ud83d\ude42 Syst\u00e8me \u00e0 deux compartiments en verre [&hellip;]<\/p>\n","protected":false},"featured_media":617603,"comment_status":"open","ping_status":"closed","template":"","meta":[],"product_cat":[314,321,327,318],"product_tag":[],"yoast_head":"<!-- This site is optimized with the Yoast SEO plugin v22.5 - https:\/\/yoast.com\/wordpress\/plugins\/seo\/ -->\n<title>THE HOOKAH JOKER 3X Blow Off | acheter une pipe \u00e0 eau<\/title>\n<meta name=\"description\" content=\"THE HOOKAH JOKER 3X Blow Off acheter dans The Hookah Shop \u2713 la premi\u00e8re shisha de voyage avec plusieurs blow offs \u2713 syst\u00e8me \u00e0 deux chambres en verre v\u00e9ritable\" \/>\n<meta name=\"robots\" content=\"index, follow, max-snippet:-1, max-image-preview:large, max-video-preview:-1\" \/>\n<link rel=\"canonical\" href=\"https:\/\/alt.thehookah.de\/fr\/produkt\/the-hookah-joker-3x-blow-off\/\" \/>\n<meta property=\"og:locale\" content=\"fr_FR\" \/>\n<meta property=\"og:type\" content=\"article\" \/>\n<meta property=\"og:title\" content=\"THE HOOKAH JOKER 3X Blow Off | acheter une pipe \u00e0 eau\" \/>\n<meta property=\"og:description\" content=\"THE HOOKAH JOKER 3X Blow Off acheter dans The Hookah Shop \u2713 la premi\u00e8re shisha de voyage avec plusieurs blow offs \u2713 syst\u00e8me \u00e0 deux chambres en verre v\u00e9ritable\" \/>\n<meta property=\"og:url\" content=\"https:\/\/alt.thehookah.de\/fr\/produkt\/the-hookah-joker-3x-blow-off\/\" \/>\n<meta property=\"og:site_name\" content=\"The Hookah\" \/>\n<meta property=\"og:image\" content=\"https:\/\/alt.thehookah.de\/wp-content\/uploads\/2023\/04\/J2M3_2_0.jpg\" \/>\n\t<meta property=\"og:image:width\" content=\"2000\" \/>\n\t<meta property=\"og:image:height\" content=\"2000\" \/>\n\t<meta property=\"og:image:type\" content=\"image\/jpeg\" \/>\n<meta name=\"twitter:card\" content=\"summary_large_image\" \/>\n<meta name=\"twitter:label1\" content=\"Prix\" \/>\n\t<meta name=\"twitter:data1\" content=\"96,99&nbsp;&euro;\" \/>\n\t<meta name=\"twitter:label2\" content=\"Disponibilit\u00e9\" \/>\n\t<meta name=\"twitter:data2\" content=\"En stock\" \/>\n<script type=\"application\/ld+json\" class=\"yoast-schema-graph\">{\"@context\":\"https:\/\/schema.org\",\"@graph\":[{\"@type\":\"WebPage\",\"@id\":\"https:\/\/alt.thehookah.de\/fr\/produkt\/the-hookah-joker-3x-blow-off\/\",\"url\":\"https:\/\/alt.thehookah.de\/fr\/produkt\/the-hookah-joker-3x-blow-off\/\",\"name\":\"THE HOOKAH JOKER 3X Blow Off | acheter une pipe \u00e0 eau\",\"isPartOf\":{\"@id\":\"https:\/\/alt.thehookah.de\/fr\/#website\"},\"primaryImageOfPage\":{\"@id\":\"https:\/\/alt.thehookah.de\/fr\/produkt\/the-hookah-joker-3x-blow-off\/#primaryimage\"},\"image\":{\"@id\":\"https:\/\/alt.thehookah.de\/fr\/produkt\/the-hookah-joker-3x-blow-off\/#primaryimage\"},\"thumbnailUrl\":\"https:\/\/alt.thehookah.de\/wp-content\/uploads\/2023\/04\/J2M3_2_0.jpg\",\"datePublished\":\"2023-04-25T18:24:31+00:00\",\"dateModified\":\"2023-04-25T18:24:31+00:00\",\"description\":\"THE HOOKAH JOKER 3X Blow Off acheter dans The Hookah Shop \u2713 la premi\u00e8re shisha de voyage avec plusieurs blow offs \u2713 syst\u00e8me \u00e0 deux chambres en verre v\u00e9ritable\",\"breadcrumb\":{\"@id\":\"https:\/\/alt.thehookah.de\/fr\/produkt\/the-hookah-joker-3x-blow-off\/#breadcrumb\"},\"inLanguage\":\"fr-FR\",\"potentialAction\":[{\"@type\":\"ReadAction\",\"target\":[\"https:\/\/alt.thehookah.de\/fr\/produkt\/the-hookah-joker-3x-blow-off\/\"]}]},{\"@type\":\"ImageObject\",\"inLanguage\":\"fr-FR\",\"@id\":\"https:\/\/alt.thehookah.de\/fr\/produkt\/the-hookah-joker-3x-blow-off\/#primaryimage\",\"url\":\"https:\/\/alt.thehookah.de\/wp-content\/uploads\/2023\/04\/J2M3_2_0.jpg\",\"contentUrl\":\"https:\/\/alt.thehookah.de\/wp-content\/uploads\/2023\/04\/J2M3_2_0.jpg\",\"width\":2000,\"height\":2000},{\"@type\":\"BreadcrumbList\",\"@id\":\"https:\/\/alt.thehookah.de\/fr\/produkt\/the-hookah-joker-3x-blow-off\/#breadcrumb\",\"itemListElement\":[{\"@type\":\"ListItem\",\"position\":1,\"name\":\"Startseite\",\"item\":\"https:\/\/alt.thehookah.de\/fr\/\"},{\"@type\":\"ListItem\",\"position\":2,\"name\":\"Ta boutique en ligne HOOKAH\",\"item\":\"https:\/\/alt.thehookah.de\/fr\/ta-boutique-en-ligne-hookah\/\"},{\"@type\":\"ListItem\",\"position\":3,\"name\":\"THE HOOKAH JOKER 3X Blow Off\"}]},{\"@type\":\"WebSite\",\"@id\":\"https:\/\/alt.thehookah.de\/fr\/#website\",\"url\":\"https:\/\/alt.thehookah.de\/fr\/\",\"name\":\"The Hookah\",\"description\":\"\",\"publisher\":{\"@id\":\"https:\/\/alt.thehookah.de\/fr\/#organization\"},\"potentialAction\":[{\"@type\":\"SearchAction\",\"target\":{\"@type\":\"EntryPoint\",\"urlTemplate\":\"https:\/\/alt.thehookah.de\/fr\/?s={search_term_string}\"},\"query-input\":\"required name=search_term_string\"}],\"inLanguage\":\"fr-FR\"},{\"@type\":\"Organization\",\"@id\":\"https:\/\/alt.thehookah.de\/fr\/#organization\",\"name\":\"The Hookah\",\"url\":\"https:\/\/alt.thehookah.de\/fr\/\",\"logo\":{\"@type\":\"ImageObject\",\"inLanguage\":\"fr-FR\",\"@id\":\"https:\/\/alt.thehookah.de\/fr\/#\/schema\/logo\/image\/\",\"url\":\"https:\/\/alt.thehookah.de\/wp-content\/uploads\/2021\/02\/cropped-logo2.png\",\"contentUrl\":\"https:\/\/alt.thehookah.de\/wp-content\/uploads\/2021\/02\/cropped-logo2.png\",\"width\":300,\"height\":86,\"caption\":\"The Hookah\"},\"image\":{\"@id\":\"https:\/\/alt.thehookah.de\/fr\/#\/schema\/logo\/image\/\"}}]}<\/script>\n<meta property=\"product:price:amount\" content=\"96.99\" \/>\n<meta property=\"product:price:currency\" content=\"EUR\" \/>\n<meta property=\"og:availability\" content=\"instock\" \/>\n<meta property=\"product:availability\" content=\"instock\" \/>\n<meta property=\"product:retailer_item_id\" content=\"joker01\" \/>\n<meta property=\"product:condition\" content=\"new\" \/>\n<!-- \/ Yoast SEO plugin. -->","yoast_head_json":{"title":"THE HOOKAH JOKER 3X Blow Off | acheter une pipe \u00e0 eau","description":"THE HOOKAH JOKER 3X Blow Off acheter dans The Hookah Shop \u2713 la premi\u00e8re shisha de voyage avec plusieurs blow offs \u2713 syst\u00e8me \u00e0 deux chambres en verre v\u00e9ritable","robots":{"index":"index","follow":"follow","max-snippet":"max-snippet:-1","max-image-preview":"max-image-preview:large","max-video-preview":"max-video-preview:-1"},"canonical":"https:\/\/alt.thehookah.de\/fr\/produkt\/the-hookah-joker-3x-blow-off\/","og_locale":"fr_FR","og_type":"article","og_title":"THE HOOKAH JOKER 3X Blow Off | acheter une pipe \u00e0 eau","og_description":"THE HOOKAH JOKER 3X Blow Off acheter dans The Hookah Shop \u2713 la premi\u00e8re shisha de voyage avec plusieurs blow offs \u2713 syst\u00e8me \u00e0 deux chambres en verre v\u00e9ritable","og_url":"https:\/\/alt.thehookah.de\/fr\/produkt\/the-hookah-joker-3x-blow-off\/","og_site_name":"The Hookah","og_image":[{"width":2000,"height":2000,"url":"https:\/\/alt.thehookah.de\/wp-content\/uploads\/2023\/04\/J2M3_2_0.jpg","type":"image\/jpeg"}],"twitter_card":"summary_large_image","twitter_misc":{"Prix":"96,99&nbsp;&euro;","Disponibilit\u00e9":"En stock"},"schema":{"@context":"https:\/\/schema.org","@graph":[{"@type":"WebPage","@id":"https:\/\/alt.thehookah.de\/fr\/produkt\/the-hookah-joker-3x-blow-off\/","url":"https:\/\/alt.thehookah.de\/fr\/produkt\/the-hookah-joker-3x-blow-off\/","name":"THE HOOKAH JOKER 3X Blow Off | acheter une pipe \u00e0 eau","isPartOf":{"@id":"https:\/\/alt.thehookah.de\/fr\/#website"},"primaryImageOfPage":{"@id":"https:\/\/alt.thehookah.de\/fr\/produkt\/the-hookah-joker-3x-blow-off\/#primaryimage"},"image":{"@id":"https:\/\/alt.thehookah.de\/fr\/produkt\/the-hookah-joker-3x-blow-off\/#primaryimage"},"thumbnailUrl":"https:\/\/alt.thehookah.de\/wp-content\/uploads\/2023\/04\/J2M3_2_0.jpg","datePublished":"2023-04-25T18:24:31+00:00","dateModified":"2023-04-25T18:24:31+00:00","description":"THE HOOKAH JOKER 3X Blow Off acheter dans The Hookah Shop \u2713 la premi\u00e8re shisha de voyage avec plusieurs blow offs \u2713 syst\u00e8me \u00e0 deux chambres en verre v\u00e9ritable","breadcrumb":{"@id":"https:\/\/alt.thehookah.de\/fr\/produkt\/the-hookah-joker-3x-blow-off\/#breadcrumb"},"inLanguage":"fr-FR","potentialAction":[{"@type":"ReadAction","target":["https:\/\/alt.thehookah.de\/fr\/produkt\/the-hookah-joker-3x-blow-off\/"]}]},{"@type":"ImageObject","inLanguage":"fr-FR","@id":"https:\/\/alt.thehookah.de\/fr\/produkt\/the-hookah-joker-3x-blow-off\/#primaryimage","url":"https:\/\/alt.thehookah.de\/wp-content\/uploads\/2023\/04\/J2M3_2_0.jpg","contentUrl":"https:\/\/alt.thehookah.de\/wp-content\/uploads\/2023\/04\/J2M3_2_0.jpg","width":2000,"height":2000},{"@type":"BreadcrumbList","@id":"https:\/\/alt.thehookah.de\/fr\/produkt\/the-hookah-joker-3x-blow-off\/#breadcrumb","itemListElement":[{"@type":"ListItem","position":1,"name":"Startseite","item":"https:\/\/alt.thehookah.de\/fr\/"},{"@type":"ListItem","position":2,"name":"Ta boutique en ligne HOOKAH","item":"https:\/\/alt.thehookah.de\/fr\/ta-boutique-en-ligne-hookah\/"},{"@type":"ListItem","position":3,"name":"THE HOOKAH JOKER 3X Blow Off"}]},{"@type":"WebSite","@id":"https:\/\/alt.thehookah.de\/fr\/#website","url":"https:\/\/alt.thehookah.de\/fr\/","name":"The Hookah","description":"","publisher":{"@id":"https:\/\/alt.thehookah.de\/fr\/#organization"},"potentialAction":[{"@type":"SearchAction","target":{"@type":"EntryPoint","urlTemplate":"https:\/\/alt.thehookah.de\/fr\/?s={search_term_string}"},"query-input":"required name=search_term_string"}],"inLanguage":"fr-FR"},{"@type":"Organization","@id":"https:\/\/alt.thehookah.de\/fr\/#organization","name":"The Hookah","url":"https:\/\/alt.thehookah.de\/fr\/","logo":{"@type":"ImageObject","inLanguage":"fr-FR","@id":"https:\/\/alt.thehookah.de\/fr\/#\/schema\/logo\/image\/","url":"https:\/\/alt.thehookah.de\/wp-content\/uploads\/2021\/02\/cropped-logo2.png","contentUrl":"https:\/\/alt.thehookah.de\/wp-content\/uploads\/2021\/02\/cropped-logo2.png","width":300,"height":86,"caption":"The Hookah"},"image":{"@id":"https:\/\/alt.thehookah.de\/fr\/#\/schema\/logo\/image\/"}}]},"product_price_amount":"96.99","product_price_currency":"EUR","og_availability":"instock","product_availability":"instock","product_retailer_item_id":"joker01","product_condition":"new"},"_links":{"self":[{"href":"https:\/\/alt.thehookah.de\/fr\/wp-json\/wp\/v2\/product\/617602"}],"collection":[{"href":"https:\/\/alt.thehookah.de\/fr\/wp-json\/wp\/v2\/product"}],"about":[{"href":"https:\/\/alt.thehookah.de\/fr\/wp-json\/wp\/v2\/types\/product"}],"replies":[{"embeddable":true,"href":"https:\/\/alt.thehookah.de\/fr\/wp-json\/wp\/v2\/comments?post=617602"}],"wp:featuredmedia":[{"embeddable":true,"href":"https:\/\/alt.thehookah.de\/fr\/wp-json\/wp\/v2\/media\/617603"}],"wp:attachment":[{"href":"https:\/\/alt.thehookah.de\/fr\/wp-json\/wp\/v2\/media?parent=617602"}],"wp:term":[{"taxonomy":"product_cat","embeddable":true,"href":"https:\/\/alt.thehookah.de\/fr\/wp-json\/wp\/v2\/product_cat?post=617602"},{"taxonomy":"product_tag","embeddable":true,"href":"https:\/\/alt.thehookah.de\/fr\/wp-json\/wp\/v2\/product_tag?post=617602"}],"curies":[{"name":"wp","href":"https:\/\/api.w.org\/{rel}","templated":true}]}}