{"id":617655,"date":"2022-06-23T13:15:11","date_gmt":"2022-06-23T11:15:11","guid":{"rendered":"https:\/\/www.thehookah.de\/produkt\/bowl-revolution\/"},"modified":"2022-06-23T13:15:11","modified_gmt":"2022-06-23T11:15:11","slug":"bowl-revolution","status":"publish","type":"product","link":"https:\/\/alt.thehookah.de\/fr\/produkt\/bowl-revolution\/","title":{"rendered":"BOWL REVOLUTION"},"content":{"rendered":"<h2><strong>REVOLUTION<\/strong> Bowl<\/h2>\n<p>avec syst\u00e8me \u00e0 clic Anneau en acier inoxydable V2A avec Goldencuttings<\/p>\n<h3 style=\"text-align: center;\">ATTENTION SEULEMENT ADAPT\u00c9 \u00c0 THE HOOKAH<\/h3>\n<h3 class=\"product_title entry-title\" style=\"text-align: center;\">REVOLUTION<\/h3>\n<ul>\n<li>Mat\u00e9riau : verre de cristal &amp; acier inoxydable V2A<\/li>\n<li>Anneau avec syst\u00e8me \u00e0 clic<\/li>\n<\/ul>\n","protected":false},"excerpt":{"rendered":"<p>REVOLUTION Bowl avec syst\u00e8me \u00e0 clic Anneau en acier inoxydable V2A avec Goldencuttings ATTENTION SEULEMENT ADAPT\u00c9 \u00c0 THE HOOKAH REVOLUTION Mat\u00e9riau : verre de cristal &amp; acier inoxydable V2A Anneau avec syst\u00e8me \u00e0 clic<\/p>\n","protected":false},"featured_media":617656,"comment_status":"open","ping_status":"closed","template":"","meta":[],"product_cat":[310,355],"product_tag":[],"yoast_head":"<!-- This site is optimized with the Yoast SEO plugin v22.5 - https:\/\/yoast.com\/wordpress\/plugins\/seo\/ -->\n<title>Shisha Bowl Revolution | adapt\u00e9 \u00e0 THE HOOKAH Revolution<\/title>\n<meta name=\"description\" content=\"Shisha Bowl Revolution, le bowl pour THE HOOKAH Revolution, avec syst\u00e8me de clic anneau en acier inoxydable V2A avec Goldencuttings, ici dans la boutique !\" \/>\n<meta name=\"robots\" content=\"index, follow, max-snippet:-1, max-image-preview:large, max-video-preview:-1\" \/>\n<link rel=\"canonical\" href=\"https:\/\/alt.thehookah.de\/fr\/produkt\/bowl-revolution\/\" \/>\n<meta property=\"og:locale\" content=\"fr_FR\" \/>\n<meta property=\"og:type\" content=\"article\" \/>\n<meta property=\"og:title\" content=\"Shisha Bowl Revolution | adapt\u00e9 \u00e0 THE HOOKAH Revolution\" \/>\n<meta property=\"og:description\" content=\"Shisha Bowl Revolution, le bowl pour THE HOOKAH Revolution, avec syst\u00e8me de clic anneau en acier inoxydable V2A avec Goldencuttings, ici dans la boutique !\" \/>\n<meta property=\"og:url\" content=\"https:\/\/alt.thehookah.de\/fr\/produkt\/bowl-revolution\/\" \/>\n<meta property=\"og:site_name\" content=\"The Hookah\" \/>\n<meta property=\"og:image\" content=\"https:\/\/alt.thehookah.de\/wp-content\/uploads\/2021\/09\/revo5-1.jpg\" \/>\n\t<meta property=\"og:image:width\" content=\"2000\" \/>\n\t<meta property=\"og:image:height\" content=\"2000\" \/>\n\t<meta property=\"og:image:type\" content=\"image\/jpeg\" \/>\n<meta name=\"twitter:card\" content=\"summary_large_image\" \/>\n<meta name=\"twitter:label1\" content=\"Prix\" \/>\n\t<meta name=\"twitter:data1\" content=\"119,97&nbsp;&euro;\" \/>\n\t<meta name=\"twitter:label2\" content=\"Disponibilit\u00e9\" \/>\n\t<meta name=\"twitter:data2\" content=\"En stock\" \/>\n<script type=\"application\/ld+json\" class=\"yoast-schema-graph\">{\"@context\":\"https:\/\/schema.org\",\"@graph\":[{\"@type\":\"WebPage\",\"@id\":\"https:\/\/alt.thehookah.de\/fr\/produkt\/bowl-revolution\/\",\"url\":\"https:\/\/alt.thehookah.de\/fr\/produkt\/bowl-revolution\/\",\"name\":\"Shisha Bowl Revolution | adapt\u00e9 \u00e0 THE HOOKAH Revolution\",\"isPartOf\":{\"@id\":\"https:\/\/alt.thehookah.de\/fr\/#website\"},\"primaryImageOfPage\":{\"@id\":\"https:\/\/alt.thehookah.de\/fr\/produkt\/bowl-revolution\/#primaryimage\"},\"image\":{\"@id\":\"https:\/\/alt.thehookah.de\/fr\/produkt\/bowl-revolution\/#primaryimage\"},\"thumbnailUrl\":\"https:\/\/alt.thehookah.de\/wp-content\/uploads\/2021\/09\/revo5-1.jpg\",\"datePublished\":\"2022-06-23T11:15:11+00:00\",\"dateModified\":\"2022-06-23T11:15:11+00:00\",\"description\":\"Shisha Bowl Revolution, le bowl pour THE HOOKAH Revolution, avec syst\u00e8me de clic anneau en acier inoxydable V2A avec Goldencuttings, ici dans la boutique !\",\"breadcrumb\":{\"@id\":\"https:\/\/alt.thehookah.de\/fr\/produkt\/bowl-revolution\/#breadcrumb\"},\"inLanguage\":\"fr-FR\",\"potentialAction\":[{\"@type\":\"ReadAction\",\"target\":[\"https:\/\/alt.thehookah.de\/fr\/produkt\/bowl-revolution\/\"]}]},{\"@type\":\"ImageObject\",\"inLanguage\":\"fr-FR\",\"@id\":\"https:\/\/alt.thehookah.de\/fr\/produkt\/bowl-revolution\/#primaryimage\",\"url\":\"https:\/\/alt.thehookah.de\/wp-content\/uploads\/2021\/09\/revo5-1.jpg\",\"contentUrl\":\"https:\/\/alt.thehookah.de\/wp-content\/uploads\/2021\/09\/revo5-1.jpg\",\"width\":2000,\"height\":2000,\"caption\":\"BOWL REVOLUTION\"},{\"@type\":\"BreadcrumbList\",\"@id\":\"https:\/\/alt.thehookah.de\/fr\/produkt\/bowl-revolution\/#breadcrumb\",\"itemListElement\":[{\"@type\":\"ListItem\",\"position\":1,\"name\":\"Startseite\",\"item\":\"https:\/\/alt.thehookah.de\/fr\/\"},{\"@type\":\"ListItem\",\"position\":2,\"name\":\"Ta boutique en ligne HOOKAH\",\"item\":\"https:\/\/alt.thehookah.de\/fr\/ta-boutique-en-ligne-hookah\/\"},{\"@type\":\"ListItem\",\"position\":3,\"name\":\"BOWL REVOLUTION\"}]},{\"@type\":\"WebSite\",\"@id\":\"https:\/\/alt.thehookah.de\/fr\/#website\",\"url\":\"https:\/\/alt.thehookah.de\/fr\/\",\"name\":\"The Hookah\",\"description\":\"\",\"publisher\":{\"@id\":\"https:\/\/alt.thehookah.de\/fr\/#organization\"},\"potentialAction\":[{\"@type\":\"SearchAction\",\"target\":{\"@type\":\"EntryPoint\",\"urlTemplate\":\"https:\/\/alt.thehookah.de\/fr\/?s={search_term_string}\"},\"query-input\":\"required name=search_term_string\"}],\"inLanguage\":\"fr-FR\"},{\"@type\":\"Organization\",\"@id\":\"https:\/\/alt.thehookah.de\/fr\/#organization\",\"name\":\"The Hookah\",\"url\":\"https:\/\/alt.thehookah.de\/fr\/\",\"logo\":{\"@type\":\"ImageObject\",\"inLanguage\":\"fr-FR\",\"@id\":\"https:\/\/alt.thehookah.de\/fr\/#\/schema\/logo\/image\/\",\"url\":\"https:\/\/alt.thehookah.de\/wp-content\/uploads\/2021\/02\/cropped-logo2.png\",\"contentUrl\":\"https:\/\/alt.thehookah.de\/wp-content\/uploads\/2021\/02\/cropped-logo2.png\",\"width\":300,\"height\":86,\"caption\":\"The Hookah\"},\"image\":{\"@id\":\"https:\/\/alt.thehookah.de\/fr\/#\/schema\/logo\/image\/\"}}]}<\/script>\n<meta property=\"product:price:amount\" content=\"119.97\" \/>\n<meta property=\"product:price:currency\" content=\"EUR\" \/>\n<meta property=\"og:availability\" content=\"instock\" \/>\n<meta property=\"product:availability\" content=\"instock\" \/>\n<meta property=\"product:retailer_item_id\" content=\"BowlRevo1\" \/>\n<meta property=\"product:condition\" content=\"new\" \/>\n<!-- \/ Yoast SEO plugin. -->","yoast_head_json":{"title":"Shisha Bowl Revolution | adapt\u00e9 \u00e0 THE HOOKAH Revolution","description":"Shisha Bowl Revolution, le bowl pour THE HOOKAH Revolution, avec syst\u00e8me de clic anneau en acier inoxydable V2A avec Goldencuttings, ici dans la boutique !","robots":{"index":"index","follow":"follow","max-snippet":"max-snippet:-1","max-image-preview":"max-image-preview:large","max-video-preview":"max-video-preview:-1"},"canonical":"https:\/\/alt.thehookah.de\/fr\/produkt\/bowl-revolution\/","og_locale":"fr_FR","og_type":"article","og_title":"Shisha Bowl Revolution | adapt\u00e9 \u00e0 THE HOOKAH Revolution","og_description":"Shisha Bowl Revolution, le bowl pour THE HOOKAH Revolution, avec syst\u00e8me de clic anneau en acier inoxydable V2A avec Goldencuttings, ici dans la boutique !","og_url":"https:\/\/alt.thehookah.de\/fr\/produkt\/bowl-revolution\/","og_site_name":"The Hookah","og_image":[{"width":2000,"height":2000,"url":"https:\/\/alt.thehookah.de\/wp-content\/uploads\/2021\/09\/revo5-1.jpg","type":"image\/jpeg"}],"twitter_card":"summary_large_image","twitter_misc":{"Prix":"119,97&nbsp;&euro;","Disponibilit\u00e9":"En stock"},"schema":{"@context":"https:\/\/schema.org","@graph":[{"@type":"WebPage","@id":"https:\/\/alt.thehookah.de\/fr\/produkt\/bowl-revolution\/","url":"https:\/\/alt.thehookah.de\/fr\/produkt\/bowl-revolution\/","name":"Shisha Bowl Revolution | adapt\u00e9 \u00e0 THE HOOKAH Revolution","isPartOf":{"@id":"https:\/\/alt.thehookah.de\/fr\/#website"},"primaryImageOfPage":{"@id":"https:\/\/alt.thehookah.de\/fr\/produkt\/bowl-revolution\/#primaryimage"},"image":{"@id":"https:\/\/alt.thehookah.de\/fr\/produkt\/bowl-revolution\/#primaryimage"},"thumbnailUrl":"https:\/\/alt.thehookah.de\/wp-content\/uploads\/2021\/09\/revo5-1.jpg","datePublished":"2022-06-23T11:15:11+00:00","dateModified":"2022-06-23T11:15:11+00:00","description":"Shisha Bowl Revolution, le bowl pour THE HOOKAH Revolution, avec syst\u00e8me de clic anneau en acier inoxydable V2A avec Goldencuttings, ici dans la boutique !","breadcrumb":{"@id":"https:\/\/alt.thehookah.de\/fr\/produkt\/bowl-revolution\/#breadcrumb"},"inLanguage":"fr-FR","potentialAction":[{"@type":"ReadAction","target":["https:\/\/alt.thehookah.de\/fr\/produkt\/bowl-revolution\/"]}]},{"@type":"ImageObject","inLanguage":"fr-FR","@id":"https:\/\/alt.thehookah.de\/fr\/produkt\/bowl-revolution\/#primaryimage","url":"https:\/\/alt.thehookah.de\/wp-content\/uploads\/2021\/09\/revo5-1.jpg","contentUrl":"https:\/\/alt.thehookah.de\/wp-content\/uploads\/2021\/09\/revo5-1.jpg","width":2000,"height":2000,"caption":"BOWL REVOLUTION"},{"@type":"BreadcrumbList","@id":"https:\/\/alt.thehookah.de\/fr\/produkt\/bowl-revolution\/#breadcrumb","itemListElement":[{"@type":"ListItem","position":1,"name":"Startseite","item":"https:\/\/alt.thehookah.de\/fr\/"},{"@type":"ListItem","position":2,"name":"Ta boutique en ligne HOOKAH","item":"https:\/\/alt.thehookah.de\/fr\/ta-boutique-en-ligne-hookah\/"},{"@type":"ListItem","position":3,"name":"BOWL REVOLUTION"}]},{"@type":"WebSite","@id":"https:\/\/alt.thehookah.de\/fr\/#website","url":"https:\/\/alt.thehookah.de\/fr\/","name":"The Hookah","description":"","publisher":{"@id":"https:\/\/alt.thehookah.de\/fr\/#organization"},"potentialAction":[{"@type":"SearchAction","target":{"@type":"EntryPoint","urlTemplate":"https:\/\/alt.thehookah.de\/fr\/?s={search_term_string}"},"query-input":"required name=search_term_string"}],"inLanguage":"fr-FR"},{"@type":"Organization","@id":"https:\/\/alt.thehookah.de\/fr\/#organization","name":"The Hookah","url":"https:\/\/alt.thehookah.de\/fr\/","logo":{"@type":"ImageObject","inLanguage":"fr-FR","@id":"https:\/\/alt.thehookah.de\/fr\/#\/schema\/logo\/image\/","url":"https:\/\/alt.thehookah.de\/wp-content\/uploads\/2021\/02\/cropped-logo2.png","contentUrl":"https:\/\/alt.thehookah.de\/wp-content\/uploads\/2021\/02\/cropped-logo2.png","width":300,"height":86,"caption":"The Hookah"},"image":{"@id":"https:\/\/alt.thehookah.de\/fr\/#\/schema\/logo\/image\/"}}]},"product_price_amount":"119.97","product_price_currency":"EUR","og_availability":"instock","product_availability":"instock","product_retailer_item_id":"BowlRevo1","product_condition":"new"},"_links":{"self":[{"href":"https:\/\/alt.thehookah.de\/fr\/wp-json\/wp\/v2\/product\/617655"}],"collection":[{"href":"https:\/\/alt.thehookah.de\/fr\/wp-json\/wp\/v2\/product"}],"about":[{"href":"https:\/\/alt.thehookah.de\/fr\/wp-json\/wp\/v2\/types\/product"}],"replies":[{"embeddable":true,"href":"https:\/\/alt.thehookah.de\/fr\/wp-json\/wp\/v2\/comments?post=617655"}],"wp:featuredmedia":[{"embeddable":true,"href":"https:\/\/alt.thehookah.de\/fr\/wp-json\/wp\/v2\/media\/617656"}],"wp:attachment":[{"href":"https:\/\/alt.thehookah.de\/fr\/wp-json\/wp\/v2\/media?parent=617655"}],"wp:term":[{"taxonomy":"product_cat","embeddable":true,"href":"https:\/\/alt.thehookah.de\/fr\/wp-json\/wp\/v2\/product_cat?post=617655"},{"taxonomy":"product_tag","embeddable":true,"href":"https:\/\/alt.thehookah.de\/fr\/wp-json\/wp\/v2\/product_tag?post=617655"}],"curies":[{"name":"wp","href":"https:\/\/api.w.org\/{rel}","templated":true}]}}