{"id":617665,"date":"2022-06-01T18:36:59","date_gmt":"2022-06-01T16:36:59","guid":{"rendered":"https:\/\/www.thehookah.de\/produkt\/2pac-woodoo-blowoff-plaque-de-charbon-mashallah-phunnel\/"},"modified":"2022-06-01T18:36:59","modified_gmt":"2022-06-01T16:36:59","slug":"2pac-woodoo-blowoff-plaque-de-charbon-mashallah-phunnel","status":"publish","type":"product","link":"https:\/\/alt.thehookah.de\/fr\/produkt\/2pac-woodoo-blowoff-plaque-de-charbon-mashallah-phunnel\/","title":{"rendered":"2PAC WOODOO BLOWOFF PLAQUE DE CHARBON MASHALLAH PHUNNEL"},"content":{"rendered":"<h1>THE HOOKAH<\/h1>\n<h1>2Pac woodoo<\/h1>\n<h1><\/h1>\n<h3>Acier inoxydable V2A x r\u00e9sine \u00e9poxy<\/h3>\n<h2>AVEC NOTRE NOUVEAU THE HOOKAH 2PAC, NOUS AVONS ENCORE UNE FOIS DONN\u00c9 UNE NOTE PLUS FRA\u00ceCHE \u00c0 NOTRE ASSORTIMENT !<\/h2>\n<h2>SELON LA DEVISE : &#8220;LA R\u00c9ALIT\u00c9 EST FAUSSE, LES R\u00caVES SONT VRAIS&#8221;.<\/h2>\n<ul>\n<li>\n<h3><em>avec deux variations de blow-off, \u00e0 partir de la double assiette de charbon ou sous la petite assiette de charbon !<\/em><\/h3>\n<\/li>\n<li>\n<h3>y compris notre nouveau Mashallah Phunnel taille M adapt\u00e9 \u00e0 diverses applications. Embouts \/ Feuille d&#8217;aluminium \/ Embout de chemin\u00e9e<\/h3>\n<\/li>\n<li>\n<\/li>\n<\/ul>\n<h3>Bleu<\/h3>\n<p>&nbsp;<\/p>\n<h3><em>C&#8217;est enfin le moment ! Tupac est ressuscit\u00e9. Vous pouvez maintenant utiliser THE HOOKAH 2Pac dans woodoo<\/em><\/h3>\n<h3><em>. Le point fort de notre 2Pac est qu&#8217;il propose trois syst\u00e8mes de soufflage \u00e9poustouflants que tu peux r\u00e9gler toi-m\u00eame. La cerise sur le g\u00e2teau, c&#8217;est le phon\u00e8me en c\u00e9ramique assorti (\u00e9galement disponible dans les colorwaves d\u00e9crits ci-dessus). Le bowl<\/em><\/h3>\n<ul>\n<li>\n<h3><strong>Woodoo Bowl Contient des particules magiques qui stockent l&#8217;\u00e9nergie et la restituent dans l&#8217;obscurit\u00e9.<\/strong><\/h3>\n<\/li>\n<\/ul>\n<h4><\/h4>\n<p>hauteur totale ( jusqu&#8217;au plateau de charbon ) env. 43 cm<\/p>\n<ul>\n<li>Base en acier inoxydable V2A<\/li>\n<li>  Syst\u00e8me \u00e0 clic<\/li>\n<li>Double plateau \u00e0 charbon en acier inoxydable V2A<\/li>\n<\/ul>\n<p>&nbsp;<\/p>\n<h2>CONTENU DE LA LIVRAISON<\/h2>\n<ul>\n<li>1 x plateau \u00e0 charbon bross\u00e9<\/li>\n<li>1 x r\u00e9sine \u00e9poxy<strong> <\/strong>colonne de fum\u00e9e en acier inoxydable V2A<\/li>\n<li>1 x base en acier inoxydable V2A  <b><\/b><\/li>\n<li>1 x adaptateur de tuyau 18\/8  <b><\/b><\/li>\n<li>1 x embouts 18\/8  <b><\/b><\/li>\n<li>5 x boules de verre<\/li>\n<li>1 x ressort de protection contre le pliage<\/li>\n<li>1 x tube plongeur V2A avec cuttings<\/li>\n<li>1 x diffuseur d\u00e9vissable  <b><\/b><\/li>\n<li>1 x tuyau en silicone noir mat<\/li>\n<li>1 x mashallah Phunnel taille S adapt\u00e9 \u00e0 divers Embouts \/ Feuille d&#8217;aluminium \/ Embout de chemin\u00e9e<\/li>\n<li>1x <b> pince d&#8217;honneur<\/b><\/li>\n<li>1 x embout buccal avec cuttungs- environ 35cm avec des composants en acier inoxydable r\u00e9sine \u00e9poxyde<\/li>\n<li>1 x Bowl en verre cristallin <strong>woodoo<\/strong><\/li>\n<\/ul>\n","protected":false},"excerpt":{"rendered":"<p>THE HOOKAH 2Pac woodoo Acier inoxydable V2A x r\u00e9sine \u00e9poxy AVEC NOTRE NOUVEAU THE HOOKAH 2PAC, NOUS AVONS ENCORE UNE FOIS DONN\u00c9 UNE NOTE PLUS FRA\u00ceCHE \u00c0 NOTRE ASSORTIMENT ! SELON LA DEVISE : &#8220;LA R\u00c9ALIT\u00c9 EST FAUSSE, LES R\u00caVES SONT VRAIS&#8221;. avec deux variations de blow-off, \u00e0 partir de la double assiette de charbon [&hellip;]<\/p>\n","protected":false},"featured_media":617666,"comment_status":"open","ping_status":"closed","template":"","meta":[],"product_cat":[321,327,323],"product_tag":[],"yoast_head":"<!-- This site is optimized with the Yoast SEO plugin v22.5 - https:\/\/yoast.com\/wordpress\/plugins\/seo\/ -->\n<title>Shisha 2PAC Woodoo Blowoff Plateau de charbon Mashallah Phunnel<\/title>\n<meta name=\"description\" content=\"Shisha 2PAC Woodoo Blowoff Plateau de charbon Mashallah Phunnel acheter chez THEHOOKAH, ton magasin en ligne pour shishas, pipes \u00e0 eau et accessoires !\" \/>\n<meta name=\"robots\" content=\"index, follow, max-snippet:-1, max-image-preview:large, max-video-preview:-1\" \/>\n<link rel=\"canonical\" href=\"https:\/\/alt.thehookah.de\/fr\/produkt\/2pac-woodoo-blowoff-plaque-de-charbon-mashallah-phunnel\/\" \/>\n<meta property=\"og:locale\" content=\"fr_FR\" \/>\n<meta property=\"og:type\" content=\"article\" \/>\n<meta property=\"og:title\" content=\"Shisha 2PAC Woodoo Blowoff Plateau de charbon Mashallah Phunnel\" \/>\n<meta property=\"og:description\" content=\"Shisha 2PAC Woodoo Blowoff Plateau de charbon Mashallah Phunnel acheter chez THEHOOKAH, ton magasin en ligne pour shishas, pipes \u00e0 eau et accessoires !\" \/>\n<meta property=\"og:url\" content=\"https:\/\/alt.thehookah.de\/fr\/produkt\/2pac-woodoo-blowoff-plaque-de-charbon-mashallah-phunnel\/\" \/>\n<meta property=\"og:site_name\" content=\"The Hookah\" \/>\n<meta property=\"og:image\" content=\"https:\/\/alt.thehookah.de\/wp-content\/uploads\/2022\/06\/2Pacwoodoo1.jpg\" \/>\n\t<meta property=\"og:image:width\" content=\"2000\" \/>\n\t<meta property=\"og:image:height\" content=\"2000\" \/>\n\t<meta property=\"og:image:type\" content=\"image\/jpeg\" \/>\n<meta name=\"twitter:card\" content=\"summary_large_image\" \/>\n<meta name=\"twitter:label1\" content=\"Prix\" \/>\n\t<meta name=\"twitter:data1\" content=\"145,98&nbsp;&euro;\" \/>\n\t<meta name=\"twitter:label2\" content=\"Disponibilit\u00e9\" \/>\n\t<meta name=\"twitter:data2\" content=\"En stock\" \/>\n<script type=\"application\/ld+json\" class=\"yoast-schema-graph\">{\"@context\":\"https:\/\/schema.org\",\"@graph\":[{\"@type\":\"WebPage\",\"@id\":\"https:\/\/alt.thehookah.de\/fr\/produkt\/2pac-woodoo-blowoff-plaque-de-charbon-mashallah-phunnel\/\",\"url\":\"https:\/\/alt.thehookah.de\/fr\/produkt\/2pac-woodoo-blowoff-plaque-de-charbon-mashallah-phunnel\/\",\"name\":\"Shisha 2PAC Woodoo Blowoff Plateau de charbon Mashallah Phunnel\",\"isPartOf\":{\"@id\":\"https:\/\/alt.thehookah.de\/fr\/#website\"},\"primaryImageOfPage\":{\"@id\":\"https:\/\/alt.thehookah.de\/fr\/produkt\/2pac-woodoo-blowoff-plaque-de-charbon-mashallah-phunnel\/#primaryimage\"},\"image\":{\"@id\":\"https:\/\/alt.thehookah.de\/fr\/produkt\/2pac-woodoo-blowoff-plaque-de-charbon-mashallah-phunnel\/#primaryimage\"},\"thumbnailUrl\":\"https:\/\/alt.thehookah.de\/wp-content\/uploads\/2022\/06\/2Pacwoodoo1.jpg\",\"datePublished\":\"2022-06-01T16:36:59+00:00\",\"dateModified\":\"2022-06-01T16:36:59+00:00\",\"description\":\"Shisha 2PAC Woodoo Blowoff Plateau de charbon Mashallah Phunnel acheter chez THEHOOKAH, ton magasin en ligne pour shishas, pipes \u00e0 eau et accessoires !\",\"breadcrumb\":{\"@id\":\"https:\/\/alt.thehookah.de\/fr\/produkt\/2pac-woodoo-blowoff-plaque-de-charbon-mashallah-phunnel\/#breadcrumb\"},\"inLanguage\":\"fr-FR\",\"potentialAction\":[{\"@type\":\"ReadAction\",\"target\":[\"https:\/\/alt.thehookah.de\/fr\/produkt\/2pac-woodoo-blowoff-plaque-de-charbon-mashallah-phunnel\/\"]}]},{\"@type\":\"ImageObject\",\"inLanguage\":\"fr-FR\",\"@id\":\"https:\/\/alt.thehookah.de\/fr\/produkt\/2pac-woodoo-blowoff-plaque-de-charbon-mashallah-phunnel\/#primaryimage\",\"url\":\"https:\/\/alt.thehookah.de\/wp-content\/uploads\/2022\/06\/2Pacwoodoo1.jpg\",\"contentUrl\":\"https:\/\/alt.thehookah.de\/wp-content\/uploads\/2022\/06\/2Pacwoodoo1.jpg\",\"width\":2000,\"height\":2000,\"caption\":\"2pac woodoo\"},{\"@type\":\"BreadcrumbList\",\"@id\":\"https:\/\/alt.thehookah.de\/fr\/produkt\/2pac-woodoo-blowoff-plaque-de-charbon-mashallah-phunnel\/#breadcrumb\",\"itemListElement\":[{\"@type\":\"ListItem\",\"position\":1,\"name\":\"Startseite\",\"item\":\"https:\/\/alt.thehookah.de\/fr\/\"},{\"@type\":\"ListItem\",\"position\":2,\"name\":\"Ta boutique en ligne HOOKAH\",\"item\":\"https:\/\/alt.thehookah.de\/fr\/ta-boutique-en-ligne-hookah\/\"},{\"@type\":\"ListItem\",\"position\":3,\"name\":\"2PAC WOODOO BLOWOFF PLAQUE DE CHARBON MASHALLAH PHUNNEL\"}]},{\"@type\":\"WebSite\",\"@id\":\"https:\/\/alt.thehookah.de\/fr\/#website\",\"url\":\"https:\/\/alt.thehookah.de\/fr\/\",\"name\":\"The Hookah\",\"description\":\"\",\"publisher\":{\"@id\":\"https:\/\/alt.thehookah.de\/fr\/#organization\"},\"potentialAction\":[{\"@type\":\"SearchAction\",\"target\":{\"@type\":\"EntryPoint\",\"urlTemplate\":\"https:\/\/alt.thehookah.de\/fr\/?s={search_term_string}\"},\"query-input\":\"required name=search_term_string\"}],\"inLanguage\":\"fr-FR\"},{\"@type\":\"Organization\",\"@id\":\"https:\/\/alt.thehookah.de\/fr\/#organization\",\"name\":\"The Hookah\",\"url\":\"https:\/\/alt.thehookah.de\/fr\/\",\"logo\":{\"@type\":\"ImageObject\",\"inLanguage\":\"fr-FR\",\"@id\":\"https:\/\/alt.thehookah.de\/fr\/#\/schema\/logo\/image\/\",\"url\":\"https:\/\/alt.thehookah.de\/wp-content\/uploads\/2021\/02\/cropped-logo2.png\",\"contentUrl\":\"https:\/\/alt.thehookah.de\/wp-content\/uploads\/2021\/02\/cropped-logo2.png\",\"width\":300,\"height\":86,\"caption\":\"The Hookah\"},\"image\":{\"@id\":\"https:\/\/alt.thehookah.de\/fr\/#\/schema\/logo\/image\/\"}}]}<\/script>\n<meta property=\"product:price:amount\" content=\"145.98\" \/>\n<meta property=\"product:price:currency\" content=\"EUR\" \/>\n<meta property=\"og:availability\" content=\"instock\" \/>\n<meta property=\"product:availability\" content=\"instock\" \/>\n<meta property=\"product:retailer_item_id\" content=\"2pacWOODOO\" \/>\n<meta property=\"product:condition\" content=\"new\" \/>\n<!-- \/ Yoast SEO plugin. -->","yoast_head_json":{"title":"Shisha 2PAC Woodoo Blowoff Plateau de charbon Mashallah Phunnel","description":"Shisha 2PAC Woodoo Blowoff Plateau de charbon Mashallah Phunnel acheter chez THEHOOKAH, ton magasin en ligne pour shishas, pipes \u00e0 eau et accessoires !","robots":{"index":"index","follow":"follow","max-snippet":"max-snippet:-1","max-image-preview":"max-image-preview:large","max-video-preview":"max-video-preview:-1"},"canonical":"https:\/\/alt.thehookah.de\/fr\/produkt\/2pac-woodoo-blowoff-plaque-de-charbon-mashallah-phunnel\/","og_locale":"fr_FR","og_type":"article","og_title":"Shisha 2PAC Woodoo Blowoff Plateau de charbon Mashallah Phunnel","og_description":"Shisha 2PAC Woodoo Blowoff Plateau de charbon Mashallah Phunnel acheter chez THEHOOKAH, ton magasin en ligne pour shishas, pipes \u00e0 eau et accessoires !","og_url":"https:\/\/alt.thehookah.de\/fr\/produkt\/2pac-woodoo-blowoff-plaque-de-charbon-mashallah-phunnel\/","og_site_name":"The Hookah","og_image":[{"width":2000,"height":2000,"url":"https:\/\/alt.thehookah.de\/wp-content\/uploads\/2022\/06\/2Pacwoodoo1.jpg","type":"image\/jpeg"}],"twitter_card":"summary_large_image","twitter_misc":{"Prix":"145,98&nbsp;&euro;","Disponibilit\u00e9":"En stock"},"schema":{"@context":"https:\/\/schema.org","@graph":[{"@type":"WebPage","@id":"https:\/\/alt.thehookah.de\/fr\/produkt\/2pac-woodoo-blowoff-plaque-de-charbon-mashallah-phunnel\/","url":"https:\/\/alt.thehookah.de\/fr\/produkt\/2pac-woodoo-blowoff-plaque-de-charbon-mashallah-phunnel\/","name":"Shisha 2PAC Woodoo Blowoff Plateau de charbon Mashallah Phunnel","isPartOf":{"@id":"https:\/\/alt.thehookah.de\/fr\/#website"},"primaryImageOfPage":{"@id":"https:\/\/alt.thehookah.de\/fr\/produkt\/2pac-woodoo-blowoff-plaque-de-charbon-mashallah-phunnel\/#primaryimage"},"image":{"@id":"https:\/\/alt.thehookah.de\/fr\/produkt\/2pac-woodoo-blowoff-plaque-de-charbon-mashallah-phunnel\/#primaryimage"},"thumbnailUrl":"https:\/\/alt.thehookah.de\/wp-content\/uploads\/2022\/06\/2Pacwoodoo1.jpg","datePublished":"2022-06-01T16:36:59+00:00","dateModified":"2022-06-01T16:36:59+00:00","description":"Shisha 2PAC Woodoo Blowoff Plateau de charbon Mashallah Phunnel acheter chez THEHOOKAH, ton magasin en ligne pour shishas, pipes \u00e0 eau et accessoires !","breadcrumb":{"@id":"https:\/\/alt.thehookah.de\/fr\/produkt\/2pac-woodoo-blowoff-plaque-de-charbon-mashallah-phunnel\/#breadcrumb"},"inLanguage":"fr-FR","potentialAction":[{"@type":"ReadAction","target":["https:\/\/alt.thehookah.de\/fr\/produkt\/2pac-woodoo-blowoff-plaque-de-charbon-mashallah-phunnel\/"]}]},{"@type":"ImageObject","inLanguage":"fr-FR","@id":"https:\/\/alt.thehookah.de\/fr\/produkt\/2pac-woodoo-blowoff-plaque-de-charbon-mashallah-phunnel\/#primaryimage","url":"https:\/\/alt.thehookah.de\/wp-content\/uploads\/2022\/06\/2Pacwoodoo1.jpg","contentUrl":"https:\/\/alt.thehookah.de\/wp-content\/uploads\/2022\/06\/2Pacwoodoo1.jpg","width":2000,"height":2000,"caption":"2pac woodoo"},{"@type":"BreadcrumbList","@id":"https:\/\/alt.thehookah.de\/fr\/produkt\/2pac-woodoo-blowoff-plaque-de-charbon-mashallah-phunnel\/#breadcrumb","itemListElement":[{"@type":"ListItem","position":1,"name":"Startseite","item":"https:\/\/alt.thehookah.de\/fr\/"},{"@type":"ListItem","position":2,"name":"Ta boutique en ligne HOOKAH","item":"https:\/\/alt.thehookah.de\/fr\/ta-boutique-en-ligne-hookah\/"},{"@type":"ListItem","position":3,"name":"2PAC WOODOO BLOWOFF PLAQUE DE CHARBON MASHALLAH PHUNNEL"}]},{"@type":"WebSite","@id":"https:\/\/alt.thehookah.de\/fr\/#website","url":"https:\/\/alt.thehookah.de\/fr\/","name":"The Hookah","description":"","publisher":{"@id":"https:\/\/alt.thehookah.de\/fr\/#organization"},"potentialAction":[{"@type":"SearchAction","target":{"@type":"EntryPoint","urlTemplate":"https:\/\/alt.thehookah.de\/fr\/?s={search_term_string}"},"query-input":"required name=search_term_string"}],"inLanguage":"fr-FR"},{"@type":"Organization","@id":"https:\/\/alt.thehookah.de\/fr\/#organization","name":"The Hookah","url":"https:\/\/alt.thehookah.de\/fr\/","logo":{"@type":"ImageObject","inLanguage":"fr-FR","@id":"https:\/\/alt.thehookah.de\/fr\/#\/schema\/logo\/image\/","url":"https:\/\/alt.thehookah.de\/wp-content\/uploads\/2021\/02\/cropped-logo2.png","contentUrl":"https:\/\/alt.thehookah.de\/wp-content\/uploads\/2021\/02\/cropped-logo2.png","width":300,"height":86,"caption":"The Hookah"},"image":{"@id":"https:\/\/alt.thehookah.de\/fr\/#\/schema\/logo\/image\/"}}]},"product_price_amount":"145.98","product_price_currency":"EUR","og_availability":"instock","product_availability":"instock","product_retailer_item_id":"2pacWOODOO","product_condition":"new"},"_links":{"self":[{"href":"https:\/\/alt.thehookah.de\/fr\/wp-json\/wp\/v2\/product\/617665"}],"collection":[{"href":"https:\/\/alt.thehookah.de\/fr\/wp-json\/wp\/v2\/product"}],"about":[{"href":"https:\/\/alt.thehookah.de\/fr\/wp-json\/wp\/v2\/types\/product"}],"replies":[{"embeddable":true,"href":"https:\/\/alt.thehookah.de\/fr\/wp-json\/wp\/v2\/comments?post=617665"}],"wp:featuredmedia":[{"embeddable":true,"href":"https:\/\/alt.thehookah.de\/fr\/wp-json\/wp\/v2\/media\/617666"}],"wp:attachment":[{"href":"https:\/\/alt.thehookah.de\/fr\/wp-json\/wp\/v2\/media?parent=617665"}],"wp:term":[{"taxonomy":"product_cat","embeddable":true,"href":"https:\/\/alt.thehookah.de\/fr\/wp-json\/wp\/v2\/product_cat?post=617665"},{"taxonomy":"product_tag","embeddable":true,"href":"https:\/\/alt.thehookah.de\/fr\/wp-json\/wp\/v2\/product_tag?post=617665"}],"curies":[{"name":"wp","href":"https:\/\/api.w.org\/{rel}","templated":true}]}}