{"id":617805,"date":"2022-02-15T19:11:48","date_gmt":"2022-02-15T18:11:48","guid":{"rendered":"https:\/\/www.thehookah.de\/produkt\/embouchure-2pac-paillettes-or\/"},"modified":"2022-02-15T19:11:48","modified_gmt":"2022-02-15T18:11:48","slug":"embouchure-2pac-paillettes-or","status":"publish","type":"product","link":"https:\/\/alt.thehookah.de\/fr\/produkt\/embouchure-2pac-paillettes-or\/","title":{"rendered":"Embouchure 2PAC paillettes OR"},"content":{"rendered":"<h1 style=\"text-align: center;\">THE HOOKAH<\/h1>\n<h1 style=\"text-align: center;\">Embouchure 2PAC paillettes or<\/h1>\n<h1 style=\"text-align: center;\">THE HOOKAH<\/h1>\n<h2 style=\"text-align: center;\"><\/h2>\n<p>&nbsp;<\/p>\n<h3 class=\"product_title entry-title\">THE HOOKAH 2PAC R\u00c9SINE EPOXIDE &#8211; V2A CUTTING BOUCHE<\/h3>\n<p>&nbsp;<\/p>\n<p><strong>environ 40cm  <\/strong><\/p>\n<ul>\n<li>\n<h5>r\u00e9sine \u00e9poxyde V2A acier inoxydable<\/h5>\n<\/li>\n<li>\n<h5>R\u00e9sine \u00e9poxy et applications en acier inoxydable V2A<\/h5>\n<\/li>\n<\/ul>\n<div style=\"text-align: center;\"><\/div>\n<p>&nbsp;<\/p>\n<h2 style=\"text-align: center;\">Or-noir \/ Or-blanc<\/h2>\n<div style=\"text-align: center;\">\n<div style=\"display: inline-block; padding: 2em;\">Vid\u00e9o sur les produits :<br \/>\n<video style=\"display: inline-block; aspect-ratio: .5625; width: min(80% , 350px);\" controls=\"controls\" width=\"300\" height=\"150\"><source src=\"\/videos\/ms2pac\/Mundstueck2Pac.mp4\" type=\"video\/mp4\"><\/source><source src=\"\/videos\/ms2pac\/Mundstueck2Pac.webm\" type=\"video\/webm\"><\/source><\/video><\/div>\n<\/div>\n","protected":false},"excerpt":{"rendered":"<p>THE HOOKAH Embouchure 2PAC paillettes or THE HOOKAH &nbsp; THE HOOKAH 2PAC R\u00c9SINE EPOXIDE &#8211; V2A CUTTING BOUCHE &nbsp; environ 40cm r\u00e9sine \u00e9poxyde V2A acier inoxydable R\u00e9sine \u00e9poxy et applications en acier inoxydable V2A &nbsp; Or-noir \/ Or-blanc Vid\u00e9o sur les produits :<\/p>\n","protected":false},"featured_media":617809,"comment_status":"open","ping_status":"closed","template":"","meta":[],"product_cat":[310,344],"product_tag":[],"yoast_head":"<!-- This site is optimized with the Yoast SEO plugin v22.5 - https:\/\/yoast.com\/wordpress\/plugins\/seo\/ -->\n<title>Embout de shisha 2PAC paillettes OR - r\u00e9sine \u00e9poxyde V2A acier inoxydable<\/title>\n<meta name=\"description\" content=\"Embout de shisha 2PAC paillettes OR &quot; env. 40cm &quot; r\u00e9sine \u00e9poxyde V2A acier inoxydable &quot; en or-noir ou or-blanc, \u00e0 commander maintenant dans la boutique !\" \/>\n<meta name=\"robots\" content=\"index, follow, max-snippet:-1, max-image-preview:large, max-video-preview:-1\" \/>\n<link rel=\"canonical\" href=\"https:\/\/alt.thehookah.de\/fr\/produkt\/embouchure-2pac-paillettes-or\/\" \/>\n<meta property=\"og:locale\" content=\"fr_FR\" \/>\n<meta property=\"og:type\" content=\"article\" \/>\n<meta property=\"og:title\" content=\"Embout de shisha 2PAC paillettes OR - r\u00e9sine \u00e9poxyde V2A acier inoxydable\" \/>\n<meta property=\"og:description\" content=\"Embout de shisha 2PAC paillettes OR &quot; env. 40cm &quot; r\u00e9sine \u00e9poxyde V2A acier inoxydable &quot; en or-noir ou or-blanc, \u00e0 commander maintenant dans la boutique !\" \/>\n<meta property=\"og:url\" content=\"https:\/\/alt.thehookah.de\/fr\/produkt\/embouchure-2pac-paillettes-or\/\" \/>\n<meta property=\"og:site_name\" content=\"The Hookah\" \/>\n<meta property=\"og:image\" content=\"https:\/\/alt.thehookah.de\/wp-content\/uploads\/2022\/02\/mundstueck_2000x.jpg\" \/>\n\t<meta property=\"og:image:width\" content=\"1600\" \/>\n\t<meta property=\"og:image:height\" content=\"1600\" \/>\n\t<meta property=\"og:image:type\" content=\"image\/jpeg\" \/>\n<meta name=\"twitter:card\" content=\"summary_large_image\" \/>\n<meta name=\"twitter:label1\" content=\"Disponibilit\u00e9\" \/>\n\t<meta name=\"twitter:data1\" content=\"Rupture de stock\" \/>\n<script type=\"application\/ld+json\" class=\"yoast-schema-graph\">{\"@context\":\"https:\/\/schema.org\",\"@graph\":[{\"@type\":\"WebPage\",\"@id\":\"https:\/\/alt.thehookah.de\/fr\/produkt\/embouchure-2pac-paillettes-or\/\",\"url\":\"https:\/\/alt.thehookah.de\/fr\/produkt\/embouchure-2pac-paillettes-or\/\",\"name\":\"Embout de shisha 2PAC paillettes OR - r\u00e9sine \u00e9poxyde V2A acier inoxydable\",\"isPartOf\":{\"@id\":\"https:\/\/alt.thehookah.de\/fr\/#website\"},\"primaryImageOfPage\":{\"@id\":\"https:\/\/alt.thehookah.de\/fr\/produkt\/embouchure-2pac-paillettes-or\/#primaryimage\"},\"image\":{\"@id\":\"https:\/\/alt.thehookah.de\/fr\/produkt\/embouchure-2pac-paillettes-or\/#primaryimage\"},\"thumbnailUrl\":\"https:\/\/alt.thehookah.de\/wp-content\/uploads\/2022\/02\/mundstueck_2000x.jpg\",\"datePublished\":\"2022-02-15T18:11:48+00:00\",\"dateModified\":\"2022-02-15T18:11:48+00:00\",\"description\":\"Embout de shisha 2PAC paillettes OR \\\" env. 40cm \\\" r\u00e9sine \u00e9poxyde V2A acier inoxydable \\\" en or-noir ou or-blanc, \u00e0 commander maintenant dans la boutique !\",\"breadcrumb\":{\"@id\":\"https:\/\/alt.thehookah.de\/fr\/produkt\/embouchure-2pac-paillettes-or\/#breadcrumb\"},\"inLanguage\":\"fr-FR\",\"potentialAction\":[{\"@type\":\"ReadAction\",\"target\":[\"https:\/\/alt.thehookah.de\/fr\/produkt\/embouchure-2pac-paillettes-or\/\"]}]},{\"@type\":\"ImageObject\",\"inLanguage\":\"fr-FR\",\"@id\":\"https:\/\/alt.thehookah.de\/fr\/produkt\/embouchure-2pac-paillettes-or\/#primaryimage\",\"url\":\"https:\/\/alt.thehookah.de\/wp-content\/uploads\/2022\/02\/mundstueck_2000x.jpg\",\"contentUrl\":\"https:\/\/alt.thehookah.de\/wp-content\/uploads\/2022\/02\/mundstueck_2000x.jpg\",\"width\":1600,\"height\":1600},{\"@type\":\"BreadcrumbList\",\"@id\":\"https:\/\/alt.thehookah.de\/fr\/produkt\/embouchure-2pac-paillettes-or\/#breadcrumb\",\"itemListElement\":[{\"@type\":\"ListItem\",\"position\":1,\"name\":\"Startseite\",\"item\":\"https:\/\/alt.thehookah.de\/fr\/\"},{\"@type\":\"ListItem\",\"position\":2,\"name\":\"Ta boutique en ligne HOOKAH\",\"item\":\"https:\/\/alt.thehookah.de\/fr\/ta-boutique-en-ligne-hookah\/\"},{\"@type\":\"ListItem\",\"position\":3,\"name\":\"Embouchure 2PAC paillettes OR\"}]},{\"@type\":\"WebSite\",\"@id\":\"https:\/\/alt.thehookah.de\/fr\/#website\",\"url\":\"https:\/\/alt.thehookah.de\/fr\/\",\"name\":\"The Hookah\",\"description\":\"\",\"publisher\":{\"@id\":\"https:\/\/alt.thehookah.de\/fr\/#organization\"},\"potentialAction\":[{\"@type\":\"SearchAction\",\"target\":{\"@type\":\"EntryPoint\",\"urlTemplate\":\"https:\/\/alt.thehookah.de\/fr\/?s={search_term_string}\"},\"query-input\":\"required name=search_term_string\"}],\"inLanguage\":\"fr-FR\"},{\"@type\":\"Organization\",\"@id\":\"https:\/\/alt.thehookah.de\/fr\/#organization\",\"name\":\"The Hookah\",\"url\":\"https:\/\/alt.thehookah.de\/fr\/\",\"logo\":{\"@type\":\"ImageObject\",\"inLanguage\":\"fr-FR\",\"@id\":\"https:\/\/alt.thehookah.de\/fr\/#\/schema\/logo\/image\/\",\"url\":\"https:\/\/alt.thehookah.de\/wp-content\/uploads\/2021\/02\/cropped-logo2.png\",\"contentUrl\":\"https:\/\/alt.thehookah.de\/wp-content\/uploads\/2021\/02\/cropped-logo2.png\",\"width\":300,\"height\":86,\"caption\":\"The Hookah\"},\"image\":{\"@id\":\"https:\/\/alt.thehookah.de\/fr\/#\/schema\/logo\/image\/\"}}]}<\/script>\n<meta property=\"og:availability\" content=\"out of stock\" \/>\n<meta property=\"product:availability\" content=\"out of stock\" \/>\n<meta property=\"product:retailer_item_id\" content=\"ms2pacglitzer\" \/>\n<meta property=\"product:condition\" content=\"new\" \/>\n<!-- \/ Yoast SEO plugin. -->","yoast_head_json":{"title":"Embout de shisha 2PAC paillettes OR - r\u00e9sine \u00e9poxyde V2A acier inoxydable","description":"Embout de shisha 2PAC paillettes OR \" env. 40cm \" r\u00e9sine \u00e9poxyde V2A acier inoxydable \" en or-noir ou or-blanc, \u00e0 commander maintenant dans la boutique !","robots":{"index":"index","follow":"follow","max-snippet":"max-snippet:-1","max-image-preview":"max-image-preview:large","max-video-preview":"max-video-preview:-1"},"canonical":"https:\/\/alt.thehookah.de\/fr\/produkt\/embouchure-2pac-paillettes-or\/","og_locale":"fr_FR","og_type":"article","og_title":"Embout de shisha 2PAC paillettes OR - r\u00e9sine \u00e9poxyde V2A acier inoxydable","og_description":"Embout de shisha 2PAC paillettes OR \" env. 40cm \" r\u00e9sine \u00e9poxyde V2A acier inoxydable \" en or-noir ou or-blanc, \u00e0 commander maintenant dans la boutique !","og_url":"https:\/\/alt.thehookah.de\/fr\/produkt\/embouchure-2pac-paillettes-or\/","og_site_name":"The Hookah","og_image":[{"width":1600,"height":1600,"url":"https:\/\/alt.thehookah.de\/wp-content\/uploads\/2022\/02\/mundstueck_2000x.jpg","type":"image\/jpeg"}],"twitter_card":"summary_large_image","twitter_misc":{"Disponibilit\u00e9":"Rupture de stock"},"schema":{"@context":"https:\/\/schema.org","@graph":[{"@type":"WebPage","@id":"https:\/\/alt.thehookah.de\/fr\/produkt\/embouchure-2pac-paillettes-or\/","url":"https:\/\/alt.thehookah.de\/fr\/produkt\/embouchure-2pac-paillettes-or\/","name":"Embout de shisha 2PAC paillettes OR - r\u00e9sine \u00e9poxyde V2A acier inoxydable","isPartOf":{"@id":"https:\/\/alt.thehookah.de\/fr\/#website"},"primaryImageOfPage":{"@id":"https:\/\/alt.thehookah.de\/fr\/produkt\/embouchure-2pac-paillettes-or\/#primaryimage"},"image":{"@id":"https:\/\/alt.thehookah.de\/fr\/produkt\/embouchure-2pac-paillettes-or\/#primaryimage"},"thumbnailUrl":"https:\/\/alt.thehookah.de\/wp-content\/uploads\/2022\/02\/mundstueck_2000x.jpg","datePublished":"2022-02-15T18:11:48+00:00","dateModified":"2022-02-15T18:11:48+00:00","description":"Embout de shisha 2PAC paillettes OR \" env. 40cm \" r\u00e9sine \u00e9poxyde V2A acier inoxydable \" en or-noir ou or-blanc, \u00e0 commander maintenant dans la boutique !","breadcrumb":{"@id":"https:\/\/alt.thehookah.de\/fr\/produkt\/embouchure-2pac-paillettes-or\/#breadcrumb"},"inLanguage":"fr-FR","potentialAction":[{"@type":"ReadAction","target":["https:\/\/alt.thehookah.de\/fr\/produkt\/embouchure-2pac-paillettes-or\/"]}]},{"@type":"ImageObject","inLanguage":"fr-FR","@id":"https:\/\/alt.thehookah.de\/fr\/produkt\/embouchure-2pac-paillettes-or\/#primaryimage","url":"https:\/\/alt.thehookah.de\/wp-content\/uploads\/2022\/02\/mundstueck_2000x.jpg","contentUrl":"https:\/\/alt.thehookah.de\/wp-content\/uploads\/2022\/02\/mundstueck_2000x.jpg","width":1600,"height":1600},{"@type":"BreadcrumbList","@id":"https:\/\/alt.thehookah.de\/fr\/produkt\/embouchure-2pac-paillettes-or\/#breadcrumb","itemListElement":[{"@type":"ListItem","position":1,"name":"Startseite","item":"https:\/\/alt.thehookah.de\/fr\/"},{"@type":"ListItem","position":2,"name":"Ta boutique en ligne HOOKAH","item":"https:\/\/alt.thehookah.de\/fr\/ta-boutique-en-ligne-hookah\/"},{"@type":"ListItem","position":3,"name":"Embouchure 2PAC paillettes OR"}]},{"@type":"WebSite","@id":"https:\/\/alt.thehookah.de\/fr\/#website","url":"https:\/\/alt.thehookah.de\/fr\/","name":"The Hookah","description":"","publisher":{"@id":"https:\/\/alt.thehookah.de\/fr\/#organization"},"potentialAction":[{"@type":"SearchAction","target":{"@type":"EntryPoint","urlTemplate":"https:\/\/alt.thehookah.de\/fr\/?s={search_term_string}"},"query-input":"required name=search_term_string"}],"inLanguage":"fr-FR"},{"@type":"Organization","@id":"https:\/\/alt.thehookah.de\/fr\/#organization","name":"The Hookah","url":"https:\/\/alt.thehookah.de\/fr\/","logo":{"@type":"ImageObject","inLanguage":"fr-FR","@id":"https:\/\/alt.thehookah.de\/fr\/#\/schema\/logo\/image\/","url":"https:\/\/alt.thehookah.de\/wp-content\/uploads\/2021\/02\/cropped-logo2.png","contentUrl":"https:\/\/alt.thehookah.de\/wp-content\/uploads\/2021\/02\/cropped-logo2.png","width":300,"height":86,"caption":"The Hookah"},"image":{"@id":"https:\/\/alt.thehookah.de\/fr\/#\/schema\/logo\/image\/"}}]},"og_availability":"out of stock","product_availability":"out of stock","product_retailer_item_id":"ms2pacglitzer","product_condition":"new"},"_links":{"self":[{"href":"https:\/\/alt.thehookah.de\/fr\/wp-json\/wp\/v2\/product\/617805"}],"collection":[{"href":"https:\/\/alt.thehookah.de\/fr\/wp-json\/wp\/v2\/product"}],"about":[{"href":"https:\/\/alt.thehookah.de\/fr\/wp-json\/wp\/v2\/types\/product"}],"replies":[{"embeddable":true,"href":"https:\/\/alt.thehookah.de\/fr\/wp-json\/wp\/v2\/comments?post=617805"}],"wp:featuredmedia":[{"embeddable":true,"href":"https:\/\/alt.thehookah.de\/fr\/wp-json\/wp\/v2\/media\/617809"}],"wp:attachment":[{"href":"https:\/\/alt.thehookah.de\/fr\/wp-json\/wp\/v2\/media?parent=617805"}],"wp:term":[{"taxonomy":"product_cat","embeddable":true,"href":"https:\/\/alt.thehookah.de\/fr\/wp-json\/wp\/v2\/product_cat?post=617805"},{"taxonomy":"product_tag","embeddable":true,"href":"https:\/\/alt.thehookah.de\/fr\/wp-json\/wp\/v2\/product_tag?post=617805"}],"curies":[{"name":"wp","href":"https:\/\/api.w.org\/{rel}","templated":true}]}}