{"id":617855,"date":"2022-02-15T19:43:57","date_gmt":"2022-02-15T18:43:57","guid":{"rendered":"https:\/\/www.thehookah.de\/produkt\/ice-flex-bazooka\/"},"modified":"2022-02-15T19:43:57","modified_gmt":"2022-02-15T18:43:57","slug":"ice-flex-bazooka","status":"publish","type":"product","link":"https:\/\/alt.thehookah.de\/fr\/produkt\/ice-flex-bazooka\/","title":{"rendered":"ICE FLEX Bazooka"},"content":{"rendered":"<h1 style=\"text-align: center;\"><strong>THE HOOKAH<\/strong><\/h1>\n<h1 style=\"text-align: center;\"><strong>Embout buccal Ice Flex Bazooka<\/strong><\/h1>\n<h2 style=\"text-align: center;\"><strong>Bleu \/ Vert \/ Rose \/ Noir \/ Violet<\/strong><\/h2>\n<ul>\n<li style=\"text-align: left;\">\n<h4><strong>Shisha avec une fum\u00e9e plus froide &amp; un go\u00fbt plus intense<\/strong><\/h4>\n<\/li>\n<li>\n<h4><strong>max. 1h de glace pour refroidir \/ plus longtemps dans la zone de r\u00e9frig\u00e9ration normale  <\/strong><\/h4>\n<\/li>\n<li>\n<h4><strong>Avec sa longueur d&#8217;environ 40 cm, l&#8217;embout est \u00e9galement tr\u00e8s esth\u00e9tique et se range facilement dans le compartiment r\u00e9frig\u00e9r\u00e9.<\/strong><\/h4>\n<\/li>\n<\/ul>\n<p>&nbsp;<\/p>\n<p>&nbsp;<\/p>\n<p>&nbsp;<\/p>\n<p>&nbsp;<\/p>\n","protected":false},"excerpt":{"rendered":"<p>THE HOOKAH Embout buccal Ice Flex Bazooka Bleu \/ Vert \/ Rose \/ Noir \/ Violet Shisha avec une fum\u00e9e plus froide &amp; un go\u00fbt plus intense max. 1h de glace pour refroidir \/ plus longtemps dans la zone de r\u00e9frig\u00e9ration normale Avec sa longueur d&#8217;environ 40 cm, l&#8217;embout est \u00e9galement tr\u00e8s esth\u00e9tique et se [&hellip;]<\/p>\n","protected":false},"featured_media":617861,"comment_status":"open","ping_status":"closed","template":"","meta":[],"product_cat":[310,344,333],"product_tag":[],"yoast_head":"<!-- This site is optimized with the Yoast SEO plugin v22.5 - https:\/\/yoast.com\/wordpress\/plugins\/seo\/ -->\n<title>Embout pour shisha Ice Flex Bazooka de THE HOOKAH<\/title>\n<meta name=\"description\" content=\"Embout pour shisha Ice Flex Bazooka \u2713 profite de ta shisha avec une fum\u00e9e plus fra\u00eeche &amp; un go\u00fbt plus intense &quot; pour un max. 1h de glace &quot; longueur 40 cm\" \/>\n<meta name=\"robots\" content=\"index, follow, max-snippet:-1, max-image-preview:large, max-video-preview:-1\" \/>\n<link rel=\"canonical\" href=\"https:\/\/alt.thehookah.de\/fr\/produkt\/ice-flex-bazooka\/\" \/>\n<meta property=\"og:locale\" content=\"fr_FR\" \/>\n<meta property=\"og:type\" content=\"article\" \/>\n<meta property=\"og:title\" content=\"Embout pour shisha Ice Flex Bazooka de THE HOOKAH\" \/>\n<meta property=\"og:description\" content=\"Embout pour shisha Ice Flex Bazooka \u2713 profite de ta shisha avec une fum\u00e9e plus fra\u00eeche &amp; un go\u00fbt plus intense &quot; pour un max. 1h de glace &quot; longueur 40 cm\" \/>\n<meta property=\"og:url\" content=\"https:\/\/alt.thehookah.de\/fr\/produkt\/ice-flex-bazooka\/\" \/>\n<meta property=\"og:site_name\" content=\"The Hookah\" \/>\n<meta property=\"og:image\" content=\"https:\/\/alt.thehookah.de\/wp-content\/uploads\/2022\/02\/iceflex_2000x.jpg\" \/>\n\t<meta property=\"og:image:width\" content=\"1600\" \/>\n\t<meta property=\"og:image:height\" content=\"1600\" \/>\n\t<meta property=\"og:image:type\" content=\"image\/jpeg\" \/>\n<meta name=\"twitter:card\" content=\"summary_large_image\" \/>\n<meta name=\"twitter:label1\" content=\"Disponibilit\u00e9\" \/>\n\t<meta name=\"twitter:data1\" content=\"En stock\" \/>\n<script type=\"application\/ld+json\" class=\"yoast-schema-graph\">{\"@context\":\"https:\/\/schema.org\",\"@graph\":[{\"@type\":\"WebPage\",\"@id\":\"https:\/\/alt.thehookah.de\/fr\/produkt\/ice-flex-bazooka\/\",\"url\":\"https:\/\/alt.thehookah.de\/fr\/produkt\/ice-flex-bazooka\/\",\"name\":\"Embout pour shisha Ice Flex Bazooka de THE HOOKAH\",\"isPartOf\":{\"@id\":\"https:\/\/alt.thehookah.de\/fr\/#website\"},\"primaryImageOfPage\":{\"@id\":\"https:\/\/alt.thehookah.de\/fr\/produkt\/ice-flex-bazooka\/#primaryimage\"},\"image\":{\"@id\":\"https:\/\/alt.thehookah.de\/fr\/produkt\/ice-flex-bazooka\/#primaryimage\"},\"thumbnailUrl\":\"https:\/\/alt.thehookah.de\/wp-content\/uploads\/2022\/02\/iceflex_2000x.jpg\",\"datePublished\":\"2022-02-15T18:43:57+00:00\",\"dateModified\":\"2022-02-15T18:43:57+00:00\",\"description\":\"Embout pour shisha Ice Flex Bazooka \u2713 profite de ta shisha avec une fum\u00e9e plus fra\u00eeche & un go\u00fbt plus intense \\\" pour un max. 1h de glace \\\" longueur 40 cm\",\"breadcrumb\":{\"@id\":\"https:\/\/alt.thehookah.de\/fr\/produkt\/ice-flex-bazooka\/#breadcrumb\"},\"inLanguage\":\"fr-FR\",\"potentialAction\":[{\"@type\":\"ReadAction\",\"target\":[\"https:\/\/alt.thehookah.de\/fr\/produkt\/ice-flex-bazooka\/\"]}]},{\"@type\":\"ImageObject\",\"inLanguage\":\"fr-FR\",\"@id\":\"https:\/\/alt.thehookah.de\/fr\/produkt\/ice-flex-bazooka\/#primaryimage\",\"url\":\"https:\/\/alt.thehookah.de\/wp-content\/uploads\/2022\/02\/iceflex_2000x.jpg\",\"contentUrl\":\"https:\/\/alt.thehookah.de\/wp-content\/uploads\/2022\/02\/iceflex_2000x.jpg\",\"width\":1600,\"height\":1600},{\"@type\":\"BreadcrumbList\",\"@id\":\"https:\/\/alt.thehookah.de\/fr\/produkt\/ice-flex-bazooka\/#breadcrumb\",\"itemListElement\":[{\"@type\":\"ListItem\",\"position\":1,\"name\":\"Startseite\",\"item\":\"https:\/\/alt.thehookah.de\/fr\/\"},{\"@type\":\"ListItem\",\"position\":2,\"name\":\"Ta boutique en ligne HOOKAH\",\"item\":\"https:\/\/alt.thehookah.de\/fr\/ta-boutique-en-ligne-hookah\/\"},{\"@type\":\"ListItem\",\"position\":3,\"name\":\"ICE FLEX Bazooka\"}]},{\"@type\":\"WebSite\",\"@id\":\"https:\/\/alt.thehookah.de\/fr\/#website\",\"url\":\"https:\/\/alt.thehookah.de\/fr\/\",\"name\":\"The Hookah\",\"description\":\"\",\"publisher\":{\"@id\":\"https:\/\/alt.thehookah.de\/fr\/#organization\"},\"potentialAction\":[{\"@type\":\"SearchAction\",\"target\":{\"@type\":\"EntryPoint\",\"urlTemplate\":\"https:\/\/alt.thehookah.de\/fr\/?s={search_term_string}\"},\"query-input\":\"required name=search_term_string\"}],\"inLanguage\":\"fr-FR\"},{\"@type\":\"Organization\",\"@id\":\"https:\/\/alt.thehookah.de\/fr\/#organization\",\"name\":\"The Hookah\",\"url\":\"https:\/\/alt.thehookah.de\/fr\/\",\"logo\":{\"@type\":\"ImageObject\",\"inLanguage\":\"fr-FR\",\"@id\":\"https:\/\/alt.thehookah.de\/fr\/#\/schema\/logo\/image\/\",\"url\":\"https:\/\/alt.thehookah.de\/wp-content\/uploads\/2021\/02\/cropped-logo2.png\",\"contentUrl\":\"https:\/\/alt.thehookah.de\/wp-content\/uploads\/2021\/02\/cropped-logo2.png\",\"width\":300,\"height\":86,\"caption\":\"The Hookah\"},\"image\":{\"@id\":\"https:\/\/alt.thehookah.de\/fr\/#\/schema\/logo\/image\/\"}}]}<\/script>\n<meta property=\"og:availability\" content=\"instock\" \/>\n<meta property=\"product:availability\" content=\"instock\" \/>\n<meta property=\"product:retailer_item_id\" content=\"msiceflex\" \/>\n<meta property=\"product:condition\" content=\"new\" \/>\n<!-- \/ Yoast SEO plugin. -->","yoast_head_json":{"title":"Embout pour shisha Ice Flex Bazooka de THE HOOKAH","description":"Embout pour shisha Ice Flex Bazooka \u2713 profite de ta shisha avec une fum\u00e9e plus fra\u00eeche & un go\u00fbt plus intense \" pour un max. 1h de glace \" longueur 40 cm","robots":{"index":"index","follow":"follow","max-snippet":"max-snippet:-1","max-image-preview":"max-image-preview:large","max-video-preview":"max-video-preview:-1"},"canonical":"https:\/\/alt.thehookah.de\/fr\/produkt\/ice-flex-bazooka\/","og_locale":"fr_FR","og_type":"article","og_title":"Embout pour shisha Ice Flex Bazooka de THE HOOKAH","og_description":"Embout pour shisha Ice Flex Bazooka \u2713 profite de ta shisha avec une fum\u00e9e plus fra\u00eeche & un go\u00fbt plus intense \" pour un max. 1h de glace \" longueur 40 cm","og_url":"https:\/\/alt.thehookah.de\/fr\/produkt\/ice-flex-bazooka\/","og_site_name":"The Hookah","og_image":[{"width":1600,"height":1600,"url":"https:\/\/alt.thehookah.de\/wp-content\/uploads\/2022\/02\/iceflex_2000x.jpg","type":"image\/jpeg"}],"twitter_card":"summary_large_image","twitter_misc":{"Disponibilit\u00e9":"En stock"},"schema":{"@context":"https:\/\/schema.org","@graph":[{"@type":"WebPage","@id":"https:\/\/alt.thehookah.de\/fr\/produkt\/ice-flex-bazooka\/","url":"https:\/\/alt.thehookah.de\/fr\/produkt\/ice-flex-bazooka\/","name":"Embout pour shisha Ice Flex Bazooka de THE HOOKAH","isPartOf":{"@id":"https:\/\/alt.thehookah.de\/fr\/#website"},"primaryImageOfPage":{"@id":"https:\/\/alt.thehookah.de\/fr\/produkt\/ice-flex-bazooka\/#primaryimage"},"image":{"@id":"https:\/\/alt.thehookah.de\/fr\/produkt\/ice-flex-bazooka\/#primaryimage"},"thumbnailUrl":"https:\/\/alt.thehookah.de\/wp-content\/uploads\/2022\/02\/iceflex_2000x.jpg","datePublished":"2022-02-15T18:43:57+00:00","dateModified":"2022-02-15T18:43:57+00:00","description":"Embout pour shisha Ice Flex Bazooka \u2713 profite de ta shisha avec une fum\u00e9e plus fra\u00eeche & un go\u00fbt plus intense \" pour un max. 1h de glace \" longueur 40 cm","breadcrumb":{"@id":"https:\/\/alt.thehookah.de\/fr\/produkt\/ice-flex-bazooka\/#breadcrumb"},"inLanguage":"fr-FR","potentialAction":[{"@type":"ReadAction","target":["https:\/\/alt.thehookah.de\/fr\/produkt\/ice-flex-bazooka\/"]}]},{"@type":"ImageObject","inLanguage":"fr-FR","@id":"https:\/\/alt.thehookah.de\/fr\/produkt\/ice-flex-bazooka\/#primaryimage","url":"https:\/\/alt.thehookah.de\/wp-content\/uploads\/2022\/02\/iceflex_2000x.jpg","contentUrl":"https:\/\/alt.thehookah.de\/wp-content\/uploads\/2022\/02\/iceflex_2000x.jpg","width":1600,"height":1600},{"@type":"BreadcrumbList","@id":"https:\/\/alt.thehookah.de\/fr\/produkt\/ice-flex-bazooka\/#breadcrumb","itemListElement":[{"@type":"ListItem","position":1,"name":"Startseite","item":"https:\/\/alt.thehookah.de\/fr\/"},{"@type":"ListItem","position":2,"name":"Ta boutique en ligne HOOKAH","item":"https:\/\/alt.thehookah.de\/fr\/ta-boutique-en-ligne-hookah\/"},{"@type":"ListItem","position":3,"name":"ICE FLEX Bazooka"}]},{"@type":"WebSite","@id":"https:\/\/alt.thehookah.de\/fr\/#website","url":"https:\/\/alt.thehookah.de\/fr\/","name":"The Hookah","description":"","publisher":{"@id":"https:\/\/alt.thehookah.de\/fr\/#organization"},"potentialAction":[{"@type":"SearchAction","target":{"@type":"EntryPoint","urlTemplate":"https:\/\/alt.thehookah.de\/fr\/?s={search_term_string}"},"query-input":"required name=search_term_string"}],"inLanguage":"fr-FR"},{"@type":"Organization","@id":"https:\/\/alt.thehookah.de\/fr\/#organization","name":"The Hookah","url":"https:\/\/alt.thehookah.de\/fr\/","logo":{"@type":"ImageObject","inLanguage":"fr-FR","@id":"https:\/\/alt.thehookah.de\/fr\/#\/schema\/logo\/image\/","url":"https:\/\/alt.thehookah.de\/wp-content\/uploads\/2021\/02\/cropped-logo2.png","contentUrl":"https:\/\/alt.thehookah.de\/wp-content\/uploads\/2021\/02\/cropped-logo2.png","width":300,"height":86,"caption":"The Hookah"},"image":{"@id":"https:\/\/alt.thehookah.de\/fr\/#\/schema\/logo\/image\/"}}]},"og_availability":"instock","product_availability":"instock","product_retailer_item_id":"msiceflex","product_condition":"new"},"_links":{"self":[{"href":"https:\/\/alt.thehookah.de\/fr\/wp-json\/wp\/v2\/product\/617855"}],"collection":[{"href":"https:\/\/alt.thehookah.de\/fr\/wp-json\/wp\/v2\/product"}],"about":[{"href":"https:\/\/alt.thehookah.de\/fr\/wp-json\/wp\/v2\/types\/product"}],"replies":[{"embeddable":true,"href":"https:\/\/alt.thehookah.de\/fr\/wp-json\/wp\/v2\/comments?post=617855"}],"wp:featuredmedia":[{"embeddable":true,"href":"https:\/\/alt.thehookah.de\/fr\/wp-json\/wp\/v2\/media\/617861"}],"wp:attachment":[{"href":"https:\/\/alt.thehookah.de\/fr\/wp-json\/wp\/v2\/media?parent=617855"}],"wp:term":[{"taxonomy":"product_cat","embeddable":true,"href":"https:\/\/alt.thehookah.de\/fr\/wp-json\/wp\/v2\/product_cat?post=617855"},{"taxonomy":"product_tag","embeddable":true,"href":"https:\/\/alt.thehookah.de\/fr\/wp-json\/wp\/v2\/product_tag?post=617855"}],"curies":[{"name":"wp","href":"https:\/\/api.w.org\/{rel}","templated":true}]}}