{"id":617891,"date":"2022-02-15T20:05:45","date_gmt":"2022-02-15T19:05:45","guid":{"rendered":"https:\/\/www.thehookah.de\/produkt\/tete-de-tabac-mashallah-phunnel-m-incl-firebox\/"},"modified":"2022-02-15T20:05:45","modified_gmt":"2022-02-15T19:05:45","slug":"tete-de-tabac-mashallah-phunnel-m-incl-firebox","status":"publish","type":"product","link":"https:\/\/alt.thehookah.de\/fr\/produkt\/tete-de-tabac-mashallah-phunnel-m-incl-firebox\/","title":{"rendered":"T\u00eate de tabac Mashallah Phunnel M incl. Firebox"},"content":{"rendered":"<h3 style=\"text-align: center;\">THE HOOKAH<\/h3>\n<h3 style=\"text-align: center;\">T\u00eate de tabac Mashallah Phunnel<\/h3>\n<h3 style=\"text-align: center;\">Jaune \/ Vert \/ Vert-Blanc \/ Rose \/ Rainbow \/ Noir-or \/ Noir-argent \/ Blanc-or \/ Blanc-gris \/ Blanc-noir<\/h3>\n<h3>incl. Firebox en argent<\/h3>\n<h2>D\u00e9tails :<\/h2>\n<ul>\n<li>Mat\u00e9riau : argile<\/li>\n<\/ul>\n<p>&nbsp;<\/p>\n<p>&nbsp;<\/p>\n<div style=\"text-align: center;\">Vid\u00e9o sur les produits :<br \/>\n<video style=\"display: inline-block; aspect-ratio: .5625; width: min(80% , 350px);\" controls=\"controls\" width=\"300\" height=\"150\"><source src=\"\/videos\/mashallah\/Kopf.mp4\" type=\"video\/mp4\"><\/source><source src=\"\/videos\/mashallah\/Kopf.webm\" type=\"video\/webm\"><\/source><\/video><\/div>\n","protected":false},"excerpt":{"rendered":"<p>THE HOOKAH T\u00eate de tabac Mashallah Phunnel Jaune \/ Vert \/ Vert-Blanc \/ Rose \/ Rainbow \/ Noir-or \/ Noir-argent \/ Blanc-or \/ Blanc-gris \/ Blanc-noir incl. Firebox en argent D\u00e9tails : Mat\u00e9riau : argile &nbsp; &nbsp; Vid\u00e9o sur les produits :<\/p>\n","protected":false},"featured_media":617907,"comment_status":"open","ping_status":"closed","template":"","meta":[],"product_cat":[310,333,339],"product_tag":[],"yoast_head":"<!-- This site is optimized with the Yoast SEO plugin v22.5 - https:\/\/yoast.com\/wordpress\/plugins\/seo\/ -->\n<title>T\u00eate de tabac \u00e0 chicha Mashallah Phunnel M incl. Firebox<\/title>\n<meta name=\"description\" content=\"T\u00eate de tabac \u00e0 chicha Mashallah Phunnel M incl. Firebox en diff\u00e9rentes couleurs dans la boutique THE HOOKAH, viens le chercher pour ta shisha et am\u00e9liore son apparence !\" \/>\n<meta name=\"robots\" content=\"index, follow, max-snippet:-1, max-image-preview:large, max-video-preview:-1\" \/>\n<link rel=\"canonical\" href=\"https:\/\/alt.thehookah.de\/fr\/produkt\/tete-de-tabac-mashallah-phunnel-m-incl-firebox\/\" \/>\n<meta property=\"og:locale\" content=\"fr_FR\" \/>\n<meta property=\"og:type\" content=\"article\" \/>\n<meta property=\"og:title\" content=\"T\u00eate de tabac \u00e0 chicha Mashallah Phunnel M incl. Firebox\" \/>\n<meta property=\"og:description\" content=\"T\u00eate de tabac \u00e0 chicha Mashallah Phunnel M incl. Firebox en diff\u00e9rentes couleurs dans la boutique THE HOOKAH, viens le chercher pour ta shisha et am\u00e9liore son apparence !\" \/>\n<meta property=\"og:url\" content=\"https:\/\/alt.thehookah.de\/fr\/produkt\/tete-de-tabac-mashallah-phunnel-m-incl-firebox\/\" \/>\n<meta property=\"og:site_name\" content=\"The Hookah\" \/>\n<meta property=\"og:image\" content=\"https:\/\/alt.thehookah.de\/wp-content\/uploads\/2022\/02\/mashallah-mix_2000x.jpg\" \/>\n\t<meta property=\"og:image:width\" content=\"2000\" \/>\n\t<meta property=\"og:image:height\" content=\"2000\" \/>\n\t<meta property=\"og:image:type\" content=\"image\/jpeg\" \/>\n<meta name=\"twitter:card\" content=\"summary_large_image\" \/>\n<meta name=\"twitter:label1\" content=\"Disponibilit\u00e9\" \/>\n\t<meta name=\"twitter:data1\" content=\"En stock\" \/>\n<script type=\"application\/ld+json\" class=\"yoast-schema-graph\">{\"@context\":\"https:\/\/schema.org\",\"@graph\":[{\"@type\":\"WebPage\",\"@id\":\"https:\/\/alt.thehookah.de\/fr\/produkt\/tete-de-tabac-mashallah-phunnel-m-incl-firebox\/\",\"url\":\"https:\/\/alt.thehookah.de\/fr\/produkt\/tete-de-tabac-mashallah-phunnel-m-incl-firebox\/\",\"name\":\"T\u00eate de tabac \u00e0 chicha Mashallah Phunnel M incl. Firebox\",\"isPartOf\":{\"@id\":\"https:\/\/alt.thehookah.de\/fr\/#website\"},\"primaryImageOfPage\":{\"@id\":\"https:\/\/alt.thehookah.de\/fr\/produkt\/tete-de-tabac-mashallah-phunnel-m-incl-firebox\/#primaryimage\"},\"image\":{\"@id\":\"https:\/\/alt.thehookah.de\/fr\/produkt\/tete-de-tabac-mashallah-phunnel-m-incl-firebox\/#primaryimage\"},\"thumbnailUrl\":\"https:\/\/alt.thehookah.de\/wp-content\/uploads\/2022\/02\/mashallah-mix_2000x.jpg\",\"datePublished\":\"2022-02-15T19:05:45+00:00\",\"dateModified\":\"2022-02-15T19:05:45+00:00\",\"description\":\"T\u00eate de tabac \u00e0 chicha Mashallah Phunnel M incl. Firebox en diff\u00e9rentes couleurs dans la boutique THE HOOKAH, viens le chercher pour ta shisha et am\u00e9liore son apparence !\",\"breadcrumb\":{\"@id\":\"https:\/\/alt.thehookah.de\/fr\/produkt\/tete-de-tabac-mashallah-phunnel-m-incl-firebox\/#breadcrumb\"},\"inLanguage\":\"fr-FR\",\"potentialAction\":[{\"@type\":\"ReadAction\",\"target\":[\"https:\/\/alt.thehookah.de\/fr\/produkt\/tete-de-tabac-mashallah-phunnel-m-incl-firebox\/\"]}]},{\"@type\":\"ImageObject\",\"inLanguage\":\"fr-FR\",\"@id\":\"https:\/\/alt.thehookah.de\/fr\/produkt\/tete-de-tabac-mashallah-phunnel-m-incl-firebox\/#primaryimage\",\"url\":\"https:\/\/alt.thehookah.de\/wp-content\/uploads\/2022\/02\/mashallah-mix_2000x.jpg\",\"contentUrl\":\"https:\/\/alt.thehookah.de\/wp-content\/uploads\/2022\/02\/mashallah-mix_2000x.jpg\",\"width\":2000,\"height\":2000},{\"@type\":\"BreadcrumbList\",\"@id\":\"https:\/\/alt.thehookah.de\/fr\/produkt\/tete-de-tabac-mashallah-phunnel-m-incl-firebox\/#breadcrumb\",\"itemListElement\":[{\"@type\":\"ListItem\",\"position\":1,\"name\":\"Startseite\",\"item\":\"https:\/\/alt.thehookah.de\/fr\/\"},{\"@type\":\"ListItem\",\"position\":2,\"name\":\"Ta boutique en ligne HOOKAH\",\"item\":\"https:\/\/alt.thehookah.de\/fr\/ta-boutique-en-ligne-hookah\/\"},{\"@type\":\"ListItem\",\"position\":3,\"name\":\"T\u00eate de tabac Mashallah Phunnel M incl. Firebox\"}]},{\"@type\":\"WebSite\",\"@id\":\"https:\/\/alt.thehookah.de\/fr\/#website\",\"url\":\"https:\/\/alt.thehookah.de\/fr\/\",\"name\":\"The Hookah\",\"description\":\"\",\"publisher\":{\"@id\":\"https:\/\/alt.thehookah.de\/fr\/#organization\"},\"potentialAction\":[{\"@type\":\"SearchAction\",\"target\":{\"@type\":\"EntryPoint\",\"urlTemplate\":\"https:\/\/alt.thehookah.de\/fr\/?s={search_term_string}\"},\"query-input\":\"required name=search_term_string\"}],\"inLanguage\":\"fr-FR\"},{\"@type\":\"Organization\",\"@id\":\"https:\/\/alt.thehookah.de\/fr\/#organization\",\"name\":\"The Hookah\",\"url\":\"https:\/\/alt.thehookah.de\/fr\/\",\"logo\":{\"@type\":\"ImageObject\",\"inLanguage\":\"fr-FR\",\"@id\":\"https:\/\/alt.thehookah.de\/fr\/#\/schema\/logo\/image\/\",\"url\":\"https:\/\/alt.thehookah.de\/wp-content\/uploads\/2021\/02\/cropped-logo2.png\",\"contentUrl\":\"https:\/\/alt.thehookah.de\/wp-content\/uploads\/2021\/02\/cropped-logo2.png\",\"width\":300,\"height\":86,\"caption\":\"The Hookah\"},\"image\":{\"@id\":\"https:\/\/alt.thehookah.de\/fr\/#\/schema\/logo\/image\/\"}}]}<\/script>\n<meta property=\"og:availability\" content=\"instock\" \/>\n<meta property=\"product:availability\" content=\"instock\" \/>\n<meta property=\"product:condition\" content=\"new\" \/>\n<!-- \/ Yoast SEO plugin. -->","yoast_head_json":{"title":"T\u00eate de tabac \u00e0 chicha Mashallah Phunnel M incl. Firebox","description":"T\u00eate de tabac \u00e0 chicha Mashallah Phunnel M incl. Firebox en diff\u00e9rentes couleurs dans la boutique THE HOOKAH, viens le chercher pour ta shisha et am\u00e9liore son apparence !","robots":{"index":"index","follow":"follow","max-snippet":"max-snippet:-1","max-image-preview":"max-image-preview:large","max-video-preview":"max-video-preview:-1"},"canonical":"https:\/\/alt.thehookah.de\/fr\/produkt\/tete-de-tabac-mashallah-phunnel-m-incl-firebox\/","og_locale":"fr_FR","og_type":"article","og_title":"T\u00eate de tabac \u00e0 chicha Mashallah Phunnel M incl. Firebox","og_description":"T\u00eate de tabac \u00e0 chicha Mashallah Phunnel M incl. Firebox en diff\u00e9rentes couleurs dans la boutique THE HOOKAH, viens le chercher pour ta shisha et am\u00e9liore son apparence !","og_url":"https:\/\/alt.thehookah.de\/fr\/produkt\/tete-de-tabac-mashallah-phunnel-m-incl-firebox\/","og_site_name":"The Hookah","og_image":[{"width":2000,"height":2000,"url":"https:\/\/alt.thehookah.de\/wp-content\/uploads\/2022\/02\/mashallah-mix_2000x.jpg","type":"image\/jpeg"}],"twitter_card":"summary_large_image","twitter_misc":{"Disponibilit\u00e9":"En stock"},"schema":{"@context":"https:\/\/schema.org","@graph":[{"@type":"WebPage","@id":"https:\/\/alt.thehookah.de\/fr\/produkt\/tete-de-tabac-mashallah-phunnel-m-incl-firebox\/","url":"https:\/\/alt.thehookah.de\/fr\/produkt\/tete-de-tabac-mashallah-phunnel-m-incl-firebox\/","name":"T\u00eate de tabac \u00e0 chicha Mashallah Phunnel M incl. Firebox","isPartOf":{"@id":"https:\/\/alt.thehookah.de\/fr\/#website"},"primaryImageOfPage":{"@id":"https:\/\/alt.thehookah.de\/fr\/produkt\/tete-de-tabac-mashallah-phunnel-m-incl-firebox\/#primaryimage"},"image":{"@id":"https:\/\/alt.thehookah.de\/fr\/produkt\/tete-de-tabac-mashallah-phunnel-m-incl-firebox\/#primaryimage"},"thumbnailUrl":"https:\/\/alt.thehookah.de\/wp-content\/uploads\/2022\/02\/mashallah-mix_2000x.jpg","datePublished":"2022-02-15T19:05:45+00:00","dateModified":"2022-02-15T19:05:45+00:00","description":"T\u00eate de tabac \u00e0 chicha Mashallah Phunnel M incl. Firebox en diff\u00e9rentes couleurs dans la boutique THE HOOKAH, viens le chercher pour ta shisha et am\u00e9liore son apparence !","breadcrumb":{"@id":"https:\/\/alt.thehookah.de\/fr\/produkt\/tete-de-tabac-mashallah-phunnel-m-incl-firebox\/#breadcrumb"},"inLanguage":"fr-FR","potentialAction":[{"@type":"ReadAction","target":["https:\/\/alt.thehookah.de\/fr\/produkt\/tete-de-tabac-mashallah-phunnel-m-incl-firebox\/"]}]},{"@type":"ImageObject","inLanguage":"fr-FR","@id":"https:\/\/alt.thehookah.de\/fr\/produkt\/tete-de-tabac-mashallah-phunnel-m-incl-firebox\/#primaryimage","url":"https:\/\/alt.thehookah.de\/wp-content\/uploads\/2022\/02\/mashallah-mix_2000x.jpg","contentUrl":"https:\/\/alt.thehookah.de\/wp-content\/uploads\/2022\/02\/mashallah-mix_2000x.jpg","width":2000,"height":2000},{"@type":"BreadcrumbList","@id":"https:\/\/alt.thehookah.de\/fr\/produkt\/tete-de-tabac-mashallah-phunnel-m-incl-firebox\/#breadcrumb","itemListElement":[{"@type":"ListItem","position":1,"name":"Startseite","item":"https:\/\/alt.thehookah.de\/fr\/"},{"@type":"ListItem","position":2,"name":"Ta boutique en ligne HOOKAH","item":"https:\/\/alt.thehookah.de\/fr\/ta-boutique-en-ligne-hookah\/"},{"@type":"ListItem","position":3,"name":"T\u00eate de tabac Mashallah Phunnel M incl. Firebox"}]},{"@type":"WebSite","@id":"https:\/\/alt.thehookah.de\/fr\/#website","url":"https:\/\/alt.thehookah.de\/fr\/","name":"The Hookah","description":"","publisher":{"@id":"https:\/\/alt.thehookah.de\/fr\/#organization"},"potentialAction":[{"@type":"SearchAction","target":{"@type":"EntryPoint","urlTemplate":"https:\/\/alt.thehookah.de\/fr\/?s={search_term_string}"},"query-input":"required name=search_term_string"}],"inLanguage":"fr-FR"},{"@type":"Organization","@id":"https:\/\/alt.thehookah.de\/fr\/#organization","name":"The Hookah","url":"https:\/\/alt.thehookah.de\/fr\/","logo":{"@type":"ImageObject","inLanguage":"fr-FR","@id":"https:\/\/alt.thehookah.de\/fr\/#\/schema\/logo\/image\/","url":"https:\/\/alt.thehookah.de\/wp-content\/uploads\/2021\/02\/cropped-logo2.png","contentUrl":"https:\/\/alt.thehookah.de\/wp-content\/uploads\/2021\/02\/cropped-logo2.png","width":300,"height":86,"caption":"The Hookah"},"image":{"@id":"https:\/\/alt.thehookah.de\/fr\/#\/schema\/logo\/image\/"}}]},"og_availability":"instock","product_availability":"instock","product_condition":"new"},"_links":{"self":[{"href":"https:\/\/alt.thehookah.de\/fr\/wp-json\/wp\/v2\/product\/617891"}],"collection":[{"href":"https:\/\/alt.thehookah.de\/fr\/wp-json\/wp\/v2\/product"}],"about":[{"href":"https:\/\/alt.thehookah.de\/fr\/wp-json\/wp\/v2\/types\/product"}],"replies":[{"embeddable":true,"href":"https:\/\/alt.thehookah.de\/fr\/wp-json\/wp\/v2\/comments?post=617891"}],"wp:featuredmedia":[{"embeddable":true,"href":"https:\/\/alt.thehookah.de\/fr\/wp-json\/wp\/v2\/media\/617907"}],"wp:attachment":[{"href":"https:\/\/alt.thehookah.de\/fr\/wp-json\/wp\/v2\/media?parent=617891"}],"wp:term":[{"taxonomy":"product_cat","embeddable":true,"href":"https:\/\/alt.thehookah.de\/fr\/wp-json\/wp\/v2\/product_cat?post=617891"},{"taxonomy":"product_tag","embeddable":true,"href":"https:\/\/alt.thehookah.de\/fr\/wp-json\/wp\/v2\/product_tag?post=617891"}],"curies":[{"name":"wp","href":"https:\/\/api.w.org\/{rel}","templated":true}]}}