{"id":617927,"date":"2021-10-10T14:43:36","date_gmt":"2021-10-10T12:43:36","guid":{"rendered":"https:\/\/www.thehookah.de\/produkt\/couverts-the-hookah\/"},"modified":"2021-10-10T14:43:36","modified_gmt":"2021-10-10T12:43:36","slug":"couverts-the-hookah","status":"publish","type":"product","link":"https:\/\/alt.thehookah.de\/fr\/produkt\/couverts-the-hookah\/","title":{"rendered":"Couverts THE HOOKAH"},"content":{"rendered":"<h1 style=\"text-align: center;\">THE HOOKAH<\/h1>\n<h2 style=\"text-align: center;\">Couverts<\/h2>\n<h2 style=\"text-align: center;\">piqueur\/puncheur env. 13cm<\/h2>\n<h2 style=\"text-align: center;\">fourchette env. 15,5cm<\/h2>\n<h2 style=\"text-align: center;\">Noir \/ Or \/ Or rose \/ Argent<\/h2>\n<p>Enfin disponibles chez nous, les couverts THE HOOKAH en quatre couleurs diff\u00e9rentes ! Compos\u00e9 d&#8217;un piqueur et d&#8217;un puncheur, emball\u00e9s dans un \u00e9tui en bois de haute qualit\u00e9.<\/p>\n<p>Le design de nos couverts THE HOOAH est volontairement simple, car notre priorit\u00e9 absolue est que nos couverts se distinguent visiblement des couverts d\u00e9j\u00e0 existants.<\/p>\n<p>Passons maintenant \u00e0 la question : Est-ce un progr\u00e8s si un cannibale utilise un couteau (piqueur) et une fourchette (puncheur) ?<\/p>\n<p>Notre r\u00e9ponse est oui : Absolument ! Nous pensons que cela repr\u00e9sente un \u00e9norme progr\u00e8s pour tout le monde dans l&#8217;histoire de la fabrication des t\u00eates de shishak.&#8221;<\/p>\n<p>&nbsp;<\/p>\n<p>&nbsp;<\/p>\n<p>&#8230;.<\/p>\n<div style=\"text-align: center;\">\n<div style=\"display: inline-block; padding: 2em;\">Vid\u00e9o sur les produits :<br \/>\n<video style=\"display: inline-block; height: 50vh; width: calc(50vh * 9 \/ 16);\" controls=\"controls\" width=\"300\" height=\"150\"><span data-mce-type=\"bookmark\" style=\"display: inline-block; width: 0px; overflow: hidden; line-height: 0;\" class=\"mce_SELRES_start\"><\/span><source src=\"\/videos\/besteck\/Besteck.mp4\" type=\"video\/mp4\"><\/source><span data-mce-type=\"bookmark\" style=\"display: inline-block; width: 0px; overflow: hidden; line-height: 0;\" class=\"mce_SELRES_end\"><\/span><br \/>\n<span data-mce-type=\"bookmark\" style=\"display: inline-block; width: 0px; overflow: hidden; line-height: 0;\" class=\"mce_SELRES_start\"><\/span><source src=\"\/videos\/besteck\/Besteck.webm\" type=\"video\/webm\"><\/source><span data-mce-type=\"bookmark\" style=\"display: inline-block; width: 0px; overflow: hidden; line-height: 0;\" class=\"mce_SELRES_end\"><\/span><\/video><\/div>\n<\/div>\n","protected":false},"excerpt":{"rendered":"<p>THE HOOKAH Couverts piqueur\/puncheur env. 13cm fourchette env. 15,5cm Noir \/ Or \/ Or rose \/ Argent Enfin disponibles chez nous, les couverts THE HOOKAH en quatre couleurs diff\u00e9rentes ! Compos\u00e9 d&#8217;un piqueur et d&#8217;un puncheur, emball\u00e9s dans un \u00e9tui en bois de haute qualit\u00e9. Le design de nos couverts THE HOOAH est volontairement simple, [&hellip;]<\/p>\n","protected":false},"featured_media":617932,"comment_status":"open","ping_status":"closed","template":"","meta":[],"product_cat":[310,351,352,333,348,339],"product_tag":[],"yoast_head":"<!-- This site is optimized with the Yoast SEO plugin v22.5 - https:\/\/yoast.com\/wordpress\/plugins\/seo\/ -->\n<title>Couverts \u00e0 shisha | Couverts pour shisha - narguil\u00e9s - Hookah<\/title>\n<meta name=\"description\" content=\"THE HOOKAH Couverts \u00e0 shisha \u2713 Stecher\/ Punsher \u2713 Fourchette &quot; quatre couleurs diff\u00e9rentes : Black\/ Gold\/ Rosegold\/ Silver, ici dans le Shisha- Shop !\" \/>\n<meta name=\"robots\" content=\"index, follow, max-snippet:-1, max-image-preview:large, max-video-preview:-1\" \/>\n<link rel=\"canonical\" href=\"https:\/\/alt.thehookah.de\/fr\/produkt\/couverts-the-hookah\/\" \/>\n<meta property=\"og:locale\" content=\"fr_FR\" \/>\n<meta property=\"og:type\" content=\"article\" \/>\n<meta property=\"og:title\" content=\"Couverts \u00e0 shisha | Couverts pour shisha - narguil\u00e9s - Hookah\" \/>\n<meta property=\"og:description\" content=\"THE HOOKAH Couverts \u00e0 shisha \u2713 Stecher\/ Punsher \u2713 Fourchette &quot; quatre couleurs diff\u00e9rentes : Black\/ Gold\/ Rosegold\/ Silver, ici dans le Shisha- Shop !\" \/>\n<meta property=\"og:url\" content=\"https:\/\/alt.thehookah.de\/fr\/produkt\/couverts-the-hookah\/\" \/>\n<meta property=\"og:site_name\" content=\"The Hookah\" \/>\n<meta property=\"og:image\" content=\"https:\/\/alt.thehookah.de\/wp-content\/uploads\/2021\/10\/gabel1_0.jpg\" \/>\n\t<meta property=\"og:image:width\" content=\"2000\" \/>\n\t<meta property=\"og:image:height\" content=\"2000\" \/>\n\t<meta property=\"og:image:type\" content=\"image\/jpeg\" \/>\n<meta name=\"twitter:card\" content=\"summary_large_image\" \/>\n<meta name=\"twitter:label1\" content=\"Disponibilit\u00e9\" \/>\n\t<meta name=\"twitter:data1\" content=\"En stock\" \/>\n<script type=\"application\/ld+json\" class=\"yoast-schema-graph\">{\"@context\":\"https:\/\/schema.org\",\"@graph\":[{\"@type\":\"WebPage\",\"@id\":\"https:\/\/alt.thehookah.de\/fr\/produkt\/couverts-the-hookah\/\",\"url\":\"https:\/\/alt.thehookah.de\/fr\/produkt\/couverts-the-hookah\/\",\"name\":\"Couverts \u00e0 shisha | Couverts pour shisha - narguil\u00e9s - Hookah\",\"isPartOf\":{\"@id\":\"https:\/\/alt.thehookah.de\/fr\/#website\"},\"primaryImageOfPage\":{\"@id\":\"https:\/\/alt.thehookah.de\/fr\/produkt\/couverts-the-hookah\/#primaryimage\"},\"image\":{\"@id\":\"https:\/\/alt.thehookah.de\/fr\/produkt\/couverts-the-hookah\/#primaryimage\"},\"thumbnailUrl\":\"https:\/\/alt.thehookah.de\/wp-content\/uploads\/2021\/10\/gabel1_0.jpg\",\"datePublished\":\"2021-10-10T12:43:36+00:00\",\"dateModified\":\"2021-10-10T12:43:36+00:00\",\"description\":\"THE HOOKAH Couverts \u00e0 shisha \u2713 Stecher\/ Punsher \u2713 Fourchette \\\" quatre couleurs diff\u00e9rentes : Black\/ Gold\/ Rosegold\/ Silver, ici dans le Shisha- Shop !\",\"breadcrumb\":{\"@id\":\"https:\/\/alt.thehookah.de\/fr\/produkt\/couverts-the-hookah\/#breadcrumb\"},\"inLanguage\":\"fr-FR\",\"potentialAction\":[{\"@type\":\"ReadAction\",\"target\":[\"https:\/\/alt.thehookah.de\/fr\/produkt\/couverts-the-hookah\/\"]}]},{\"@type\":\"ImageObject\",\"inLanguage\":\"fr-FR\",\"@id\":\"https:\/\/alt.thehookah.de\/fr\/produkt\/couverts-the-hookah\/#primaryimage\",\"url\":\"https:\/\/alt.thehookah.de\/wp-content\/uploads\/2021\/10\/gabel1_0.jpg\",\"contentUrl\":\"https:\/\/alt.thehookah.de\/wp-content\/uploads\/2021\/10\/gabel1_0.jpg\",\"width\":2000,\"height\":2000,\"caption\":\"Shisha Besteck\"},{\"@type\":\"BreadcrumbList\",\"@id\":\"https:\/\/alt.thehookah.de\/fr\/produkt\/couverts-the-hookah\/#breadcrumb\",\"itemListElement\":[{\"@type\":\"ListItem\",\"position\":1,\"name\":\"Startseite\",\"item\":\"https:\/\/alt.thehookah.de\/fr\/\"},{\"@type\":\"ListItem\",\"position\":2,\"name\":\"Ta boutique en ligne HOOKAH\",\"item\":\"https:\/\/alt.thehookah.de\/fr\/ta-boutique-en-ligne-hookah\/\"},{\"@type\":\"ListItem\",\"position\":3,\"name\":\"Couverts THE HOOKAH\"}]},{\"@type\":\"WebSite\",\"@id\":\"https:\/\/alt.thehookah.de\/fr\/#website\",\"url\":\"https:\/\/alt.thehookah.de\/fr\/\",\"name\":\"The Hookah\",\"description\":\"\",\"publisher\":{\"@id\":\"https:\/\/alt.thehookah.de\/fr\/#organization\"},\"potentialAction\":[{\"@type\":\"SearchAction\",\"target\":{\"@type\":\"EntryPoint\",\"urlTemplate\":\"https:\/\/alt.thehookah.de\/fr\/?s={search_term_string}\"},\"query-input\":\"required name=search_term_string\"}],\"inLanguage\":\"fr-FR\"},{\"@type\":\"Organization\",\"@id\":\"https:\/\/alt.thehookah.de\/fr\/#organization\",\"name\":\"The Hookah\",\"url\":\"https:\/\/alt.thehookah.de\/fr\/\",\"logo\":{\"@type\":\"ImageObject\",\"inLanguage\":\"fr-FR\",\"@id\":\"https:\/\/alt.thehookah.de\/fr\/#\/schema\/logo\/image\/\",\"url\":\"https:\/\/alt.thehookah.de\/wp-content\/uploads\/2021\/02\/cropped-logo2.png\",\"contentUrl\":\"https:\/\/alt.thehookah.de\/wp-content\/uploads\/2021\/02\/cropped-logo2.png\",\"width\":300,\"height\":86,\"caption\":\"The Hookah\"},\"image\":{\"@id\":\"https:\/\/alt.thehookah.de\/fr\/#\/schema\/logo\/image\/\"}}]}<\/script>\n<meta property=\"og:availability\" content=\"instock\" \/>\n<meta property=\"product:availability\" content=\"instock\" \/>\n<meta property=\"product:retailer_item_id\" content=\"thehookahbesteck\" \/>\n<meta property=\"product:condition\" content=\"new\" \/>\n<!-- \/ Yoast SEO plugin. -->","yoast_head_json":{"title":"Couverts \u00e0 shisha | Couverts pour shisha - narguil\u00e9s - Hookah","description":"THE HOOKAH Couverts \u00e0 shisha \u2713 Stecher\/ Punsher \u2713 Fourchette \" quatre couleurs diff\u00e9rentes : Black\/ Gold\/ Rosegold\/ Silver, ici dans le Shisha- Shop !","robots":{"index":"index","follow":"follow","max-snippet":"max-snippet:-1","max-image-preview":"max-image-preview:large","max-video-preview":"max-video-preview:-1"},"canonical":"https:\/\/alt.thehookah.de\/fr\/produkt\/couverts-the-hookah\/","og_locale":"fr_FR","og_type":"article","og_title":"Couverts \u00e0 shisha | Couverts pour shisha - narguil\u00e9s - Hookah","og_description":"THE HOOKAH Couverts \u00e0 shisha \u2713 Stecher\/ Punsher \u2713 Fourchette \" quatre couleurs diff\u00e9rentes : Black\/ Gold\/ Rosegold\/ Silver, ici dans le Shisha- Shop !","og_url":"https:\/\/alt.thehookah.de\/fr\/produkt\/couverts-the-hookah\/","og_site_name":"The Hookah","og_image":[{"width":2000,"height":2000,"url":"https:\/\/alt.thehookah.de\/wp-content\/uploads\/2021\/10\/gabel1_0.jpg","type":"image\/jpeg"}],"twitter_card":"summary_large_image","twitter_misc":{"Disponibilit\u00e9":"En stock"},"schema":{"@context":"https:\/\/schema.org","@graph":[{"@type":"WebPage","@id":"https:\/\/alt.thehookah.de\/fr\/produkt\/couverts-the-hookah\/","url":"https:\/\/alt.thehookah.de\/fr\/produkt\/couverts-the-hookah\/","name":"Couverts \u00e0 shisha | Couverts pour shisha - narguil\u00e9s - Hookah","isPartOf":{"@id":"https:\/\/alt.thehookah.de\/fr\/#website"},"primaryImageOfPage":{"@id":"https:\/\/alt.thehookah.de\/fr\/produkt\/couverts-the-hookah\/#primaryimage"},"image":{"@id":"https:\/\/alt.thehookah.de\/fr\/produkt\/couverts-the-hookah\/#primaryimage"},"thumbnailUrl":"https:\/\/alt.thehookah.de\/wp-content\/uploads\/2021\/10\/gabel1_0.jpg","datePublished":"2021-10-10T12:43:36+00:00","dateModified":"2021-10-10T12:43:36+00:00","description":"THE HOOKAH Couverts \u00e0 shisha \u2713 Stecher\/ Punsher \u2713 Fourchette \" quatre couleurs diff\u00e9rentes : Black\/ Gold\/ Rosegold\/ Silver, ici dans le Shisha- Shop !","breadcrumb":{"@id":"https:\/\/alt.thehookah.de\/fr\/produkt\/couverts-the-hookah\/#breadcrumb"},"inLanguage":"fr-FR","potentialAction":[{"@type":"ReadAction","target":["https:\/\/alt.thehookah.de\/fr\/produkt\/couverts-the-hookah\/"]}]},{"@type":"ImageObject","inLanguage":"fr-FR","@id":"https:\/\/alt.thehookah.de\/fr\/produkt\/couverts-the-hookah\/#primaryimage","url":"https:\/\/alt.thehookah.de\/wp-content\/uploads\/2021\/10\/gabel1_0.jpg","contentUrl":"https:\/\/alt.thehookah.de\/wp-content\/uploads\/2021\/10\/gabel1_0.jpg","width":2000,"height":2000,"caption":"Shisha Besteck"},{"@type":"BreadcrumbList","@id":"https:\/\/alt.thehookah.de\/fr\/produkt\/couverts-the-hookah\/#breadcrumb","itemListElement":[{"@type":"ListItem","position":1,"name":"Startseite","item":"https:\/\/alt.thehookah.de\/fr\/"},{"@type":"ListItem","position":2,"name":"Ta boutique en ligne HOOKAH","item":"https:\/\/alt.thehookah.de\/fr\/ta-boutique-en-ligne-hookah\/"},{"@type":"ListItem","position":3,"name":"Couverts THE HOOKAH"}]},{"@type":"WebSite","@id":"https:\/\/alt.thehookah.de\/fr\/#website","url":"https:\/\/alt.thehookah.de\/fr\/","name":"The Hookah","description":"","publisher":{"@id":"https:\/\/alt.thehookah.de\/fr\/#organization"},"potentialAction":[{"@type":"SearchAction","target":{"@type":"EntryPoint","urlTemplate":"https:\/\/alt.thehookah.de\/fr\/?s={search_term_string}"},"query-input":"required name=search_term_string"}],"inLanguage":"fr-FR"},{"@type":"Organization","@id":"https:\/\/alt.thehookah.de\/fr\/#organization","name":"The Hookah","url":"https:\/\/alt.thehookah.de\/fr\/","logo":{"@type":"ImageObject","inLanguage":"fr-FR","@id":"https:\/\/alt.thehookah.de\/fr\/#\/schema\/logo\/image\/","url":"https:\/\/alt.thehookah.de\/wp-content\/uploads\/2021\/02\/cropped-logo2.png","contentUrl":"https:\/\/alt.thehookah.de\/wp-content\/uploads\/2021\/02\/cropped-logo2.png","width":300,"height":86,"caption":"The Hookah"},"image":{"@id":"https:\/\/alt.thehookah.de\/fr\/#\/schema\/logo\/image\/"}}]},"og_availability":"instock","product_availability":"instock","product_retailer_item_id":"thehookahbesteck","product_condition":"new"},"_links":{"self":[{"href":"https:\/\/alt.thehookah.de\/fr\/wp-json\/wp\/v2\/product\/617927"}],"collection":[{"href":"https:\/\/alt.thehookah.de\/fr\/wp-json\/wp\/v2\/product"}],"about":[{"href":"https:\/\/alt.thehookah.de\/fr\/wp-json\/wp\/v2\/types\/product"}],"replies":[{"embeddable":true,"href":"https:\/\/alt.thehookah.de\/fr\/wp-json\/wp\/v2\/comments?post=617927"}],"wp:featuredmedia":[{"embeddable":true,"href":"https:\/\/alt.thehookah.de\/fr\/wp-json\/wp\/v2\/media\/617932"}],"wp:attachment":[{"href":"https:\/\/alt.thehookah.de\/fr\/wp-json\/wp\/v2\/media?parent=617927"}],"wp:term":[{"taxonomy":"product_cat","embeddable":true,"href":"https:\/\/alt.thehookah.de\/fr\/wp-json\/wp\/v2\/product_cat?post=617927"},{"taxonomy":"product_tag","embeddable":true,"href":"https:\/\/alt.thehookah.de\/fr\/wp-json\/wp\/v2\/product_tag?post=617927"}],"curies":[{"name":"wp","href":"https:\/\/api.w.org\/{rel}","templated":true}]}}