{"id":618017,"date":"2021-10-10T14:17:56","date_gmt":"2021-10-10T12:17:56","guid":{"rendered":"https:\/\/www.thehookah.de\/produkt\/2pac-blowoff-plaque-de-charbon-mashallah-phunnel\/"},"modified":"2021-10-10T14:17:56","modified_gmt":"2021-10-10T12:17:56","slug":"2pac-blowoff-plaque-de-charbon-mashallah-phunnel","status":"publish","type":"product","link":"https:\/\/alt.thehookah.de\/fr\/produkt\/2pac-blowoff-plaque-de-charbon-mashallah-phunnel\/","title":{"rendered":"2PAC BLOWOFF PLAQUE DE CHARBON MASHALLAH PHUNNEL"},"content":{"rendered":"<h1 style=\"text-align: center;\">THE HOOKAH<\/h1>\n<h1 style=\"text-align: center;\">2Pac<\/h1>\n<h1 style=\"text-align: center;\"><\/h1>\n<h3 style=\"text-align: center;\">Acier inoxydable V2A x r\u00e9sine \u00e9poxy<\/h3>\n<h2 style=\"text-align: center;\">AVEC NOTRE NOUVEAU THE HOOKAH 2PAC, NOUS AVONS ENCORE UNE FOIS DONN\u00c9 UNE NOTE PLUS FRA\u00ceCHE \u00c0 NOTRE ASSORTIMENT !<\/h2>\n<h2 style=\"text-align: center;\">SELON LA DEVISE : &#8220;LA R\u00c9ALIT\u00c9 EST FAUSSE, LES R\u00caVES SONT VRAIS&#8221;.<\/h2>\n<ul>\n<li>\n<h3><em>avec deux variations de BlowOff, \u00e0 partir de la double assiette de charbon ou sous la petite assiette de charbon !<\/em><\/h3>\n<\/li>\n<li>\n<h3>y compris notre nouveau mashallah Phunnel taille S adapt\u00e9 \u00e0 divers Embouts \/ Feuille d&#8217;aluminium \/ Embout de chemin\u00e9e<\/h3>\n<\/li>\n<li>\n<\/li>\n<\/ul>\n<h3 style=\"text-align: center;\">Bleu \/ Jaune \/ Vert blanc \/ Rose \/ Noir \/ Turquoise \/ Violet bleu \/ Blanc<\/h3>\n<h3 style=\"text-align: center;\">L&#8217;\u00e9dition GOLD noire est livr\u00e9e avec un phunnel noir et blanc \/ l&#8217;\u00e9dition GOLD blanche<\/h3>\n<p>&nbsp;<\/p>\n<h3 style=\"text-align: center;\"><em>C&#8217;est enfin le moment ! Tupac est ressuscit\u00e9. Vous pouvez maintenant obtenir la THE HOOKAH 2Pac en 10 vagues de couleurs diff\u00e9rentes et uniques chez nous. Le point fort de notre 2Pac est qu&#8217;il propose trois syst\u00e8mes de soufflage \u00e9poustouflants que tu peux r\u00e9gler toi-m\u00eame. La cerise sur le g\u00e2teau, c&#8217;est le phon\u00e8me en c\u00e9ramique assorti (\u00e9galement disponible dans les colorwaves d\u00e9crits ci-dessus). Le Bowl, surprend par une finition plut\u00f4t sobre, suivie d&#8217;une colonne de fum\u00e9e aux magnifiques couleurs chatoyantes (Colorwaves, voir ci-dessus).<\/em><\/h3>\n<h4><\/h4>\n<p>hauteur totale ( jusqu&#8217;au plateau de charbon ) env. 43 cm<\/p>\n<ul>\n<li>Base en acier inoxydable V2A<\/li>\n<li>  Syst\u00e8me \u00e0 clic<\/li>\n<li>MATRIX Acier inoxydable V2A Plateau \u00e0 charbon<\/li>\n<\/ul>\n<p>&nbsp;<\/p>\n<h2>CONTENU DE LA LIVRAISON<\/h2>\n<ul>\n<li>1 x plateau \u00e0 charbon bross\u00e9<\/li>\n<li>1 x r\u00e9sine \u00e9poxy<strong> <\/strong>colonne de fum\u00e9e en acier inoxydable V2A<\/li>\n<li>1 x base en acier inoxydable V2A  <b><\/b><\/li>\n<li>1 x adaptateur de tuyau 18\/8  <b><\/b><\/li>\n<li>1 x embouts 18\/8  <b><\/b><\/li>\n<li>5 x boules de verre<\/li>\n<li>1 x ressort de protection contre le pliage<\/li>\n<li>1 x tube plongeur V2A avec cuttings<\/li>\n<li>1 x diffuseur d\u00e9vissable  <b><\/b><\/li>\n<li>1 x tuyau en silicone noir mat<\/li>\n<li>1 x mashallah Phunnel taille S adapt\u00e9 \u00e0 divers Embouts \/ Feuille d&#8217;aluminium \/ Embout de chemin\u00e9e<\/li>\n<li>1x <b> pince d&#8217;honneur<\/b><\/li>\n<li>1 x embout buccal avec cuttungs- environ 35cm avec des composants en acier inoxydable r\u00e9sine \u00e9poxyde<\/li>\n<li>1 x Bowl en verre cristallin<\/li>\n<\/ul>\n<h2 style=\"text-align: center;\"><\/h2>\n<p>&#8230;.<\/p>\n<div style=\"text-align: center;\">\n<div style=\"display: inline-block; padding: 2em;\">Vid\u00e9o sur les produits :<br \/>\n<video style=\"display: inline-block; height: 50vh; width: calc(50vh * 9 \/ 16);\" controls=\"controls\" width=\"300\" height=\"150\"><source src=\"\/videos\/2pac\/2Pac.mp4\" type=\"video\/mp4\"><\/source><br \/>\n<span data-mce-type=\"bookmark\" style=\"display: inline-block; width: 0px; overflow: hidden; line-height: 0;\" class=\"mce_SELRES_start\"><\/span><source src=\"\/videos\/2pac\/2Pac.webm\" type=\"video\/webm\"><\/source><span data-mce-type=\"bookmark\" style=\"display: inline-block; width: 0px; overflow: hidden; line-height: 0;\" class=\"mce_SELRES_end\"><\/span><\/video><\/div>\n<div style=\"display: inline-block; padding: 2em;\">Instructions :<br \/>\n<video style=\"display: inline-block; height: 50vh; width: calc(50vh * 9 \/ 16);\" controls=\"controls\" width=\"300\" height=\"150\"><source src=\"\/videos\/2pac\/Erklaerung3.mp4\" type=\"video\/mp4\"><\/source><source src=\"\/videos\/2pac\/Erklaerung3.webm\" type=\"video\/webm\"><\/source><\/video><\/div>\n<\/div>\n","protected":false},"excerpt":{"rendered":"<p>THE HOOKAH 2Pac Acier inoxydable V2A x r\u00e9sine \u00e9poxy AVEC NOTRE NOUVEAU THE HOOKAH 2PAC, NOUS AVONS ENCORE UNE FOIS DONN\u00c9 UNE NOTE PLUS FRA\u00ceCHE \u00c0 NOTRE ASSORTIMENT ! SELON LA DEVISE : &#8220;LA R\u00c9ALIT\u00c9 EST FAUSSE, LES R\u00caVES SONT VRAIS&#8221;. avec deux variations de BlowOff, \u00e0 partir de la double assiette de charbon ou [&hellip;]<\/p>\n","protected":false},"featured_media":618028,"comment_status":"open","ping_status":"closed","template":"","meta":[],"product_cat":[314,321,327,323,318],"product_tag":[],"yoast_head":"<!-- This site is optimized with the Yoast SEO plugin v22.5 - https:\/\/yoast.com\/wordpress\/plugins\/seo\/ -->\n<title>Shisha 2PAC BLOWOFF CONSOMMATEURS MASHALLAH PHUNNEL<\/title>\n<meta name=\"description\" content=\"Pipe \u00e0 eau 2Pac en bleu \/ jaune \/ blanc-vert \/ rose \/ noir \/ turquoise \/ bleu-violet \/ blanc \/ GOLD Edition Noir \/ GOLD Edition Blanc\" \/>\n<meta name=\"robots\" content=\"index, follow, max-snippet:-1, max-image-preview:large, max-video-preview:-1\" \/>\n<link rel=\"canonical\" href=\"https:\/\/alt.thehookah.de\/fr\/produkt\/2pac-blowoff-plaque-de-charbon-mashallah-phunnel\/\" \/>\n<meta property=\"og:locale\" content=\"fr_FR\" \/>\n<meta property=\"og:type\" content=\"article\" \/>\n<meta property=\"og:title\" content=\"Shisha 2PAC BLOWOFF CONSOMMATEURS MASHALLAH PHUNNEL\" \/>\n<meta property=\"og:description\" content=\"Pipe \u00e0 eau 2Pac en bleu \/ jaune \/ blanc-vert \/ rose \/ noir \/ turquoise \/ bleu-violet \/ blanc \/ GOLD Edition Noir \/ GOLD Edition Blanc\" \/>\n<meta property=\"og:url\" content=\"https:\/\/alt.thehookah.de\/fr\/produkt\/2pac-blowoff-plaque-de-charbon-mashallah-phunnel\/\" \/>\n<meta property=\"og:site_name\" content=\"The Hookah\" \/>\n<meta property=\"og:image\" content=\"https:\/\/alt.thehookah.de\/wp-content\/uploads\/2021\/10\/1-1.jpg\" \/>\n\t<meta property=\"og:image:width\" content=\"2000\" \/>\n\t<meta property=\"og:image:height\" content=\"2000\" \/>\n\t<meta property=\"og:image:type\" content=\"image\/jpeg\" \/>\n<meta name=\"twitter:card\" content=\"summary_large_image\" \/>\n<meta name=\"twitter:label1\" content=\"Disponibilit\u00e9\" \/>\n\t<meta name=\"twitter:data1\" content=\"En stock\" \/>\n<script type=\"application\/ld+json\" class=\"yoast-schema-graph\">{\"@context\":\"https:\/\/schema.org\",\"@graph\":[{\"@type\":\"WebPage\",\"@id\":\"https:\/\/alt.thehookah.de\/fr\/produkt\/2pac-blowoff-plaque-de-charbon-mashallah-phunnel\/\",\"url\":\"https:\/\/alt.thehookah.de\/fr\/produkt\/2pac-blowoff-plaque-de-charbon-mashallah-phunnel\/\",\"name\":\"Shisha 2PAC BLOWOFF CONSOMMATEURS MASHALLAH PHUNNEL\",\"isPartOf\":{\"@id\":\"https:\/\/alt.thehookah.de\/fr\/#website\"},\"primaryImageOfPage\":{\"@id\":\"https:\/\/alt.thehookah.de\/fr\/produkt\/2pac-blowoff-plaque-de-charbon-mashallah-phunnel\/#primaryimage\"},\"image\":{\"@id\":\"https:\/\/alt.thehookah.de\/fr\/produkt\/2pac-blowoff-plaque-de-charbon-mashallah-phunnel\/#primaryimage\"},\"thumbnailUrl\":\"https:\/\/alt.thehookah.de\/wp-content\/uploads\/2021\/10\/1-1.jpg\",\"datePublished\":\"2021-10-10T12:17:56+00:00\",\"dateModified\":\"2021-10-10T12:17:56+00:00\",\"description\":\"Pipe \u00e0 eau 2Pac en bleu \/ jaune \/ blanc-vert \/ rose \/ noir \/ turquoise \/ bleu-violet \/ blanc \/ GOLD Edition Noir \/ GOLD Edition Blanc\",\"breadcrumb\":{\"@id\":\"https:\/\/alt.thehookah.de\/fr\/produkt\/2pac-blowoff-plaque-de-charbon-mashallah-phunnel\/#breadcrumb\"},\"inLanguage\":\"fr-FR\",\"potentialAction\":[{\"@type\":\"ReadAction\",\"target\":[\"https:\/\/alt.thehookah.de\/fr\/produkt\/2pac-blowoff-plaque-de-charbon-mashallah-phunnel\/\"]}]},{\"@type\":\"ImageObject\",\"inLanguage\":\"fr-FR\",\"@id\":\"https:\/\/alt.thehookah.de\/fr\/produkt\/2pac-blowoff-plaque-de-charbon-mashallah-phunnel\/#primaryimage\",\"url\":\"https:\/\/alt.thehookah.de\/wp-content\/uploads\/2021\/10\/1-1.jpg\",\"contentUrl\":\"https:\/\/alt.thehookah.de\/wp-content\/uploads\/2021\/10\/1-1.jpg\",\"width\":2000,\"height\":2000,\"caption\":\"2Pac Wasserpfeife\"},{\"@type\":\"BreadcrumbList\",\"@id\":\"https:\/\/alt.thehookah.de\/fr\/produkt\/2pac-blowoff-plaque-de-charbon-mashallah-phunnel\/#breadcrumb\",\"itemListElement\":[{\"@type\":\"ListItem\",\"position\":1,\"name\":\"Startseite\",\"item\":\"https:\/\/alt.thehookah.de\/fr\/\"},{\"@type\":\"ListItem\",\"position\":2,\"name\":\"Ta boutique en ligne HOOKAH\",\"item\":\"https:\/\/alt.thehookah.de\/fr\/ta-boutique-en-ligne-hookah\/\"},{\"@type\":\"ListItem\",\"position\":3,\"name\":\"2PAC BLOWOFF PLAQUE DE CHARBON MASHALLAH PHUNNEL\"}]},{\"@type\":\"WebSite\",\"@id\":\"https:\/\/alt.thehookah.de\/fr\/#website\",\"url\":\"https:\/\/alt.thehookah.de\/fr\/\",\"name\":\"The Hookah\",\"description\":\"\",\"publisher\":{\"@id\":\"https:\/\/alt.thehookah.de\/fr\/#organization\"},\"potentialAction\":[{\"@type\":\"SearchAction\",\"target\":{\"@type\":\"EntryPoint\",\"urlTemplate\":\"https:\/\/alt.thehookah.de\/fr\/?s={search_term_string}\"},\"query-input\":\"required name=search_term_string\"}],\"inLanguage\":\"fr-FR\"},{\"@type\":\"Organization\",\"@id\":\"https:\/\/alt.thehookah.de\/fr\/#organization\",\"name\":\"The Hookah\",\"url\":\"https:\/\/alt.thehookah.de\/fr\/\",\"logo\":{\"@type\":\"ImageObject\",\"inLanguage\":\"fr-FR\",\"@id\":\"https:\/\/alt.thehookah.de\/fr\/#\/schema\/logo\/image\/\",\"url\":\"https:\/\/alt.thehookah.de\/wp-content\/uploads\/2021\/02\/cropped-logo2.png\",\"contentUrl\":\"https:\/\/alt.thehookah.de\/wp-content\/uploads\/2021\/02\/cropped-logo2.png\",\"width\":300,\"height\":86,\"caption\":\"The Hookah\"},\"image\":{\"@id\":\"https:\/\/alt.thehookah.de\/fr\/#\/schema\/logo\/image\/\"}}]}<\/script>\n<meta property=\"og:availability\" content=\"instock\" \/>\n<meta property=\"product:availability\" content=\"instock\" \/>\n<meta property=\"product:retailer_item_id\" content=\"2pac\" \/>\n<meta property=\"product:condition\" content=\"new\" \/>\n<!-- \/ Yoast SEO plugin. -->","yoast_head_json":{"title":"Shisha 2PAC BLOWOFF CONSOMMATEURS MASHALLAH PHUNNEL","description":"Pipe \u00e0 eau 2Pac en bleu \/ jaune \/ blanc-vert \/ rose \/ noir \/ turquoise \/ bleu-violet \/ blanc \/ GOLD Edition Noir \/ GOLD Edition Blanc","robots":{"index":"index","follow":"follow","max-snippet":"max-snippet:-1","max-image-preview":"max-image-preview:large","max-video-preview":"max-video-preview:-1"},"canonical":"https:\/\/alt.thehookah.de\/fr\/produkt\/2pac-blowoff-plaque-de-charbon-mashallah-phunnel\/","og_locale":"fr_FR","og_type":"article","og_title":"Shisha 2PAC BLOWOFF CONSOMMATEURS MASHALLAH PHUNNEL","og_description":"Pipe \u00e0 eau 2Pac en bleu \/ jaune \/ blanc-vert \/ rose \/ noir \/ turquoise \/ bleu-violet \/ blanc \/ GOLD Edition Noir \/ GOLD Edition Blanc","og_url":"https:\/\/alt.thehookah.de\/fr\/produkt\/2pac-blowoff-plaque-de-charbon-mashallah-phunnel\/","og_site_name":"The Hookah","og_image":[{"width":2000,"height":2000,"url":"https:\/\/alt.thehookah.de\/wp-content\/uploads\/2021\/10\/1-1.jpg","type":"image\/jpeg"}],"twitter_card":"summary_large_image","twitter_misc":{"Disponibilit\u00e9":"En stock"},"schema":{"@context":"https:\/\/schema.org","@graph":[{"@type":"WebPage","@id":"https:\/\/alt.thehookah.de\/fr\/produkt\/2pac-blowoff-plaque-de-charbon-mashallah-phunnel\/","url":"https:\/\/alt.thehookah.de\/fr\/produkt\/2pac-blowoff-plaque-de-charbon-mashallah-phunnel\/","name":"Shisha 2PAC BLOWOFF CONSOMMATEURS MASHALLAH PHUNNEL","isPartOf":{"@id":"https:\/\/alt.thehookah.de\/fr\/#website"},"primaryImageOfPage":{"@id":"https:\/\/alt.thehookah.de\/fr\/produkt\/2pac-blowoff-plaque-de-charbon-mashallah-phunnel\/#primaryimage"},"image":{"@id":"https:\/\/alt.thehookah.de\/fr\/produkt\/2pac-blowoff-plaque-de-charbon-mashallah-phunnel\/#primaryimage"},"thumbnailUrl":"https:\/\/alt.thehookah.de\/wp-content\/uploads\/2021\/10\/1-1.jpg","datePublished":"2021-10-10T12:17:56+00:00","dateModified":"2021-10-10T12:17:56+00:00","description":"Pipe \u00e0 eau 2Pac en bleu \/ jaune \/ blanc-vert \/ rose \/ noir \/ turquoise \/ bleu-violet \/ blanc \/ GOLD Edition Noir \/ GOLD Edition Blanc","breadcrumb":{"@id":"https:\/\/alt.thehookah.de\/fr\/produkt\/2pac-blowoff-plaque-de-charbon-mashallah-phunnel\/#breadcrumb"},"inLanguage":"fr-FR","potentialAction":[{"@type":"ReadAction","target":["https:\/\/alt.thehookah.de\/fr\/produkt\/2pac-blowoff-plaque-de-charbon-mashallah-phunnel\/"]}]},{"@type":"ImageObject","inLanguage":"fr-FR","@id":"https:\/\/alt.thehookah.de\/fr\/produkt\/2pac-blowoff-plaque-de-charbon-mashallah-phunnel\/#primaryimage","url":"https:\/\/alt.thehookah.de\/wp-content\/uploads\/2021\/10\/1-1.jpg","contentUrl":"https:\/\/alt.thehookah.de\/wp-content\/uploads\/2021\/10\/1-1.jpg","width":2000,"height":2000,"caption":"2Pac Wasserpfeife"},{"@type":"BreadcrumbList","@id":"https:\/\/alt.thehookah.de\/fr\/produkt\/2pac-blowoff-plaque-de-charbon-mashallah-phunnel\/#breadcrumb","itemListElement":[{"@type":"ListItem","position":1,"name":"Startseite","item":"https:\/\/alt.thehookah.de\/fr\/"},{"@type":"ListItem","position":2,"name":"Ta boutique en ligne HOOKAH","item":"https:\/\/alt.thehookah.de\/fr\/ta-boutique-en-ligne-hookah\/"},{"@type":"ListItem","position":3,"name":"2PAC BLOWOFF PLAQUE DE CHARBON MASHALLAH PHUNNEL"}]},{"@type":"WebSite","@id":"https:\/\/alt.thehookah.de\/fr\/#website","url":"https:\/\/alt.thehookah.de\/fr\/","name":"The Hookah","description":"","publisher":{"@id":"https:\/\/alt.thehookah.de\/fr\/#organization"},"potentialAction":[{"@type":"SearchAction","target":{"@type":"EntryPoint","urlTemplate":"https:\/\/alt.thehookah.de\/fr\/?s={search_term_string}"},"query-input":"required name=search_term_string"}],"inLanguage":"fr-FR"},{"@type":"Organization","@id":"https:\/\/alt.thehookah.de\/fr\/#organization","name":"The Hookah","url":"https:\/\/alt.thehookah.de\/fr\/","logo":{"@type":"ImageObject","inLanguage":"fr-FR","@id":"https:\/\/alt.thehookah.de\/fr\/#\/schema\/logo\/image\/","url":"https:\/\/alt.thehookah.de\/wp-content\/uploads\/2021\/02\/cropped-logo2.png","contentUrl":"https:\/\/alt.thehookah.de\/wp-content\/uploads\/2021\/02\/cropped-logo2.png","width":300,"height":86,"caption":"The Hookah"},"image":{"@id":"https:\/\/alt.thehookah.de\/fr\/#\/schema\/logo\/image\/"}}]},"og_availability":"instock","product_availability":"instock","product_retailer_item_id":"2pac","product_condition":"new"},"_links":{"self":[{"href":"https:\/\/alt.thehookah.de\/fr\/wp-json\/wp\/v2\/product\/618017"}],"collection":[{"href":"https:\/\/alt.thehookah.de\/fr\/wp-json\/wp\/v2\/product"}],"about":[{"href":"https:\/\/alt.thehookah.de\/fr\/wp-json\/wp\/v2\/types\/product"}],"replies":[{"embeddable":true,"href":"https:\/\/alt.thehookah.de\/fr\/wp-json\/wp\/v2\/comments?post=618017"}],"wp:featuredmedia":[{"embeddable":true,"href":"https:\/\/alt.thehookah.de\/fr\/wp-json\/wp\/v2\/media\/618028"}],"wp:attachment":[{"href":"https:\/\/alt.thehookah.de\/fr\/wp-json\/wp\/v2\/media?parent=618017"}],"wp:term":[{"taxonomy":"product_cat","embeddable":true,"href":"https:\/\/alt.thehookah.de\/fr\/wp-json\/wp\/v2\/product_cat?post=618017"},{"taxonomy":"product_tag","embeddable":true,"href":"https:\/\/alt.thehookah.de\/fr\/wp-json\/wp\/v2\/product_tag?post=618017"}],"curies":[{"name":"wp","href":"https:\/\/api.w.org\/{rel}","templated":true}]}}