{"id":618189,"date":"2021-09-09T17:48:25","date_gmt":"2021-09-09T15:48:25","guid":{"rendered":"https:\/\/www.thehookah.de\/produkt\/the-hookah-revolution-full-goldencutting-phunnel-mashallah\/"},"modified":"2021-09-09T17:48:25","modified_gmt":"2021-09-09T15:48:25","slug":"the-hookah-revolution-full-goldencutting-phunnel-mashallah","status":"publish","type":"product","link":"https:\/\/alt.thehookah.de\/fr\/produkt\/the-hookah-revolution-full-goldencutting-phunnel-mashallah\/","title":{"rendered":"THE HOOKAH REVOLUTION FULL GOLDENCUTTING + PHUNNEL mashallah"},"content":{"rendered":"<h2 style=\"text-align: center;\">REVOLUTION<\/h2>\n<h3 style=\"text-align: center;\"><em>v2A GOLDENCUTTING<\/em><\/h3>\n<p>&nbsp;<\/p>\n<h4 style=\"text-align: center;\">Le d\u00e9veloppement de nos produits de haute qualit\u00e9<\/h4>\n<h4 style=\"text-align: center;\">THE HOOKAH REVOLUTION a exig\u00e9 un effort indescriptible, jusque dans les moindres d\u00e9tails. Si bien qu&#8217;aucun d\u00e9tail n&#8217;a \u00e9t\u00e9 omis. Cette shisha \u00e0 couper le souffle va r\u00e9volutionner le march\u00e9, c&#8217;est promis !<\/h4>\n<h4><\/h4>\n<p>&nbsp;<\/p>\n<h3><em>  Full GOLDENCuttings dans la colonne de fum\u00e9e &amp; les adaptateurs et Fullcutting Bowl le plus grand art de la technique.<\/em><\/h3>\n<p>&nbsp;<\/p>\n<p><strong>La shisha \/ hookah \/ pipe \u00e0 eau pour la maison et les d\u00e9placements<\/strong><\/p>\n<div><strong>Gr\u00e2ce \u00e0 notre nouveau &amp; tube plongeur en plusieurs parties en V2A, avec diffuseur d\u00e9vissable,<\/strong><\/div>\n<div><strong>vous pouvez maintenant d\u00e9terminer vous-m\u00eame la r\u00e9ponse de votre THE HOOKAH.<\/strong><\/div>\n<div>Dans la version courte, un comportement plus direct et dans la version longue, un comportement un peu plus indirect.<\/div>\n<div>Dans tous les cas, le diam\u00e8tre est dimensionn\u00e9 de mani\u00e8re \u00e0 ce que rien n&#8217;emp\u00eache une traction brutale.<\/div>\n<div><\/div>\n<div>\n<h2>D\u00c9TAILS DU PRODUIT<\/h2>\n<p>&nbsp;<\/p>\n<p><em>Hauteur totale (jusqu&#8217;au plateau de charbon en acier inoxydable bross\u00e9) env. 65 cm sans collecteur de molasse<br \/>\n<\/em><em>Hauteur totale (jusqu&#8217;au plateau en charbon de bois en acier inoxydable bross\u00e9) env. 75 cm avec pi\u00e8ge \u00e0 molasse<\/em><\/p>\n<p>&nbsp;<\/p>\n<ul>\n<li>Base en acier inoxydable V2A avec syst\u00e8me d&#8217;\u00e9vacuation Duplex<\/li>\n<li><strong>Syst\u00e8me de clic \u00e0 chambre ferm\u00e9e<\/strong><\/li>\n<li>Acier inoxydable V2A Plateau de charbon 24c<\/li>\n<li>REVOLUTION FULLCUTTING Bowl (verre en cristal)<\/li>\n<\/ul>\n<p>&nbsp;<\/p>\n<h2>CONTENU DE LA LIVRAISON<\/h2>\n<p>&nbsp;<\/p>\n<ul>\n<li><strong>1 x PHUNNEL PIERRE DE PIERRE BLANCHE avec GOLD FIREBOX THE HOOKAH<\/strong><\/li>\n<li><strong>1 x acier inoxydable V2A plateau charbon bross\u00e9 GOLD EDITION  <\/strong><\/li>\n<li><strong>1 x adaptateur de rodage de t\u00eate 18\/8 GOLDEN EDITION<\/strong><\/li>\n<li><strong>1 x REVOLUTION Collecteur de molasse 18\/8 verre borosilicat\u00e9<\/strong><\/li>\n<li><strong>1 x REVOLUTION colonne de fum\u00e9e V2A acier inoxydable GOLDENCuttings  <\/strong><\/li>\n<li><strong>1 x REVOLUTION Base V2A acier inoxydable GOLDEN EDITION<\/strong><\/li>\n<li><strong>4 x adaptateurs de tuyaux 18\/8 GOLDENCuttings  <\/strong><\/li>\n<li><strong>4 x embouts 18\/8 GOLDEN EDITION<\/strong><\/li>\n<li><strong>4 x billes de verre (billes \u00e0 valve)  <\/strong><\/li>\n<li><strong>1 x tube plongeur V2A en plusieurs parties pouvant \u00eatre raccourci &amp; rallong\u00e9 GOLDEN EDITION<\/strong><\/li>\n<li><strong>1 x diffuseur d\u00e9vissable  <\/strong><\/li>\n<li><strong>1 x ressort de protection contre le pliage<\/strong><\/li>\n<li><strong>1 x tuyau en silicone noir mat<\/strong><\/li>\n<li><strong>1 x embout buccal &#8211; THE HOOKAH  <\/strong><\/li>\n<li><strong>1 x PINCE D&#8217;HONNEUR  <\/strong><\/li>\n<li><strong>1x REVOLUTIONBOWL FULL CUTTING verre en cristal souffl\u00e9 \u00e0 la bouche, taill\u00e9 &amp; poli \u00e0 la main<\/strong><\/li>\n<\/ul>\n<\/div>\n","protected":false},"excerpt":{"rendered":"<p>REVOLUTION v2A GOLDENCUTTING &nbsp; Le d\u00e9veloppement de nos produits de haute qualit\u00e9 THE HOOKAH REVOLUTION a exig\u00e9 un effort indescriptible, jusque dans les moindres d\u00e9tails. Si bien qu&#8217;aucun d\u00e9tail n&#8217;a \u00e9t\u00e9 omis. Cette shisha \u00e0 couper le souffle va r\u00e9volutionner le march\u00e9, c&#8217;est promis ! &nbsp; Full GOLDENCuttings dans la colonne de fum\u00e9e &amp; les [&hellip;]<\/p>\n","protected":false},"featured_media":618190,"comment_status":"open","ping_status":"closed","template":"","meta":[],"product_cat":[321,329],"product_tag":[],"yoast_head":"<!-- This site is optimized with the Yoast SEO plugin v22.5 - https:\/\/yoast.com\/wordpress\/plugins\/seo\/ -->\n<title>Shisha THE HOOKAH Revolution Full Goldencutting + Phunnel mashallah<\/title>\n<meta name=\"description\" content=\"Shisha THE HOOKAH Revolution Full Goldencutting + Phunnel mashallah \u2713 shisha\/pipe \u00e0 eau de haute qualit\u00e9 d\u00e9velopp\u00e9e &quot; la r\u00e9volution !\" \/>\n<meta name=\"robots\" content=\"index, follow, max-snippet:-1, max-image-preview:large, max-video-preview:-1\" \/>\n<link rel=\"canonical\" href=\"https:\/\/alt.thehookah.de\/fr\/produkt\/the-hookah-revolution-full-goldencutting-phunnel-mashallah\/\" \/>\n<meta property=\"og:locale\" content=\"fr_FR\" \/>\n<meta property=\"og:type\" content=\"article\" \/>\n<meta property=\"og:title\" content=\"Shisha THE HOOKAH Revolution Full Goldencutting + Phunnel mashallah\" \/>\n<meta property=\"og:description\" content=\"Shisha THE HOOKAH Revolution Full Goldencutting + Phunnel mashallah \u2713 shisha\/pipe \u00e0 eau de haute qualit\u00e9 d\u00e9velopp\u00e9e &quot; la r\u00e9volution !\" \/>\n<meta property=\"og:url\" content=\"https:\/\/alt.thehookah.de\/fr\/produkt\/the-hookah-revolution-full-goldencutting-phunnel-mashallah\/\" \/>\n<meta property=\"og:site_name\" content=\"The Hookah\" \/>\n<meta property=\"og:image\" content=\"https:\/\/alt.thehookah.de\/wp-content\/uploads\/2021\/09\/revo1-1.jpg\" \/>\n\t<meta property=\"og:image:width\" content=\"2000\" \/>\n\t<meta property=\"og:image:height\" content=\"2000\" \/>\n\t<meta property=\"og:image:type\" content=\"image\/jpeg\" \/>\n<meta name=\"twitter:card\" content=\"summary_large_image\" \/>\n<meta name=\"twitter:label1\" content=\"Prix\" \/>\n\t<meta name=\"twitter:data1\" content=\"222,00&nbsp;&euro;\" \/>\n\t<meta name=\"twitter:label2\" content=\"Disponibilit\u00e9\" \/>\n\t<meta name=\"twitter:data2\" content=\"Rupture de stock\" \/>\n<script type=\"application\/ld+json\" class=\"yoast-schema-graph\">{\"@context\":\"https:\/\/schema.org\",\"@graph\":[{\"@type\":\"WebPage\",\"@id\":\"https:\/\/alt.thehookah.de\/fr\/produkt\/the-hookah-revolution-full-goldencutting-phunnel-mashallah\/\",\"url\":\"https:\/\/alt.thehookah.de\/fr\/produkt\/the-hookah-revolution-full-goldencutting-phunnel-mashallah\/\",\"name\":\"Shisha THE HOOKAH Revolution Full Goldencutting + Phunnel mashallah\",\"isPartOf\":{\"@id\":\"https:\/\/alt.thehookah.de\/fr\/#website\"},\"primaryImageOfPage\":{\"@id\":\"https:\/\/alt.thehookah.de\/fr\/produkt\/the-hookah-revolution-full-goldencutting-phunnel-mashallah\/#primaryimage\"},\"image\":{\"@id\":\"https:\/\/alt.thehookah.de\/fr\/produkt\/the-hookah-revolution-full-goldencutting-phunnel-mashallah\/#primaryimage\"},\"thumbnailUrl\":\"https:\/\/alt.thehookah.de\/wp-content\/uploads\/2021\/09\/revo1-1.jpg\",\"datePublished\":\"2021-09-09T15:48:25+00:00\",\"dateModified\":\"2021-09-09T15:48:25+00:00\",\"description\":\"Shisha THE HOOKAH Revolution Full Goldencutting + Phunnel mashallah \u2713 shisha\/pipe \u00e0 eau de haute qualit\u00e9 d\u00e9velopp\u00e9e \\\" la r\u00e9volution !\",\"breadcrumb\":{\"@id\":\"https:\/\/alt.thehookah.de\/fr\/produkt\/the-hookah-revolution-full-goldencutting-phunnel-mashallah\/#breadcrumb\"},\"inLanguage\":\"fr-FR\",\"potentialAction\":[{\"@type\":\"ReadAction\",\"target\":[\"https:\/\/alt.thehookah.de\/fr\/produkt\/the-hookah-revolution-full-goldencutting-phunnel-mashallah\/\"]}]},{\"@type\":\"ImageObject\",\"inLanguage\":\"fr-FR\",\"@id\":\"https:\/\/alt.thehookah.de\/fr\/produkt\/the-hookah-revolution-full-goldencutting-phunnel-mashallah\/#primaryimage\",\"url\":\"https:\/\/alt.thehookah.de\/wp-content\/uploads\/2021\/09\/revo1-1.jpg\",\"contentUrl\":\"https:\/\/alt.thehookah.de\/wp-content\/uploads\/2021\/09\/revo1-1.jpg\",\"width\":2000,\"height\":2000,\"caption\":\"THE HOOKAH REVOLUTION\"},{\"@type\":\"BreadcrumbList\",\"@id\":\"https:\/\/alt.thehookah.de\/fr\/produkt\/the-hookah-revolution-full-goldencutting-phunnel-mashallah\/#breadcrumb\",\"itemListElement\":[{\"@type\":\"ListItem\",\"position\":1,\"name\":\"Startseite\",\"item\":\"https:\/\/alt.thehookah.de\/fr\/\"},{\"@type\":\"ListItem\",\"position\":2,\"name\":\"Ta boutique en ligne HOOKAH\",\"item\":\"https:\/\/alt.thehookah.de\/fr\/ta-boutique-en-ligne-hookah\/\"},{\"@type\":\"ListItem\",\"position\":3,\"name\":\"THE HOOKAH REVOLUTION FULL GOLDENCUTTING + PHUNNEL mashallah\"}]},{\"@type\":\"WebSite\",\"@id\":\"https:\/\/alt.thehookah.de\/fr\/#website\",\"url\":\"https:\/\/alt.thehookah.de\/fr\/\",\"name\":\"The Hookah\",\"description\":\"\",\"publisher\":{\"@id\":\"https:\/\/alt.thehookah.de\/fr\/#organization\"},\"potentialAction\":[{\"@type\":\"SearchAction\",\"target\":{\"@type\":\"EntryPoint\",\"urlTemplate\":\"https:\/\/alt.thehookah.de\/fr\/?s={search_term_string}\"},\"query-input\":\"required name=search_term_string\"}],\"inLanguage\":\"fr-FR\"},{\"@type\":\"Organization\",\"@id\":\"https:\/\/alt.thehookah.de\/fr\/#organization\",\"name\":\"The Hookah\",\"url\":\"https:\/\/alt.thehookah.de\/fr\/\",\"logo\":{\"@type\":\"ImageObject\",\"inLanguage\":\"fr-FR\",\"@id\":\"https:\/\/alt.thehookah.de\/fr\/#\/schema\/logo\/image\/\",\"url\":\"https:\/\/alt.thehookah.de\/wp-content\/uploads\/2021\/02\/cropped-logo2.png\",\"contentUrl\":\"https:\/\/alt.thehookah.de\/wp-content\/uploads\/2021\/02\/cropped-logo2.png\",\"width\":300,\"height\":86,\"caption\":\"The Hookah\"},\"image\":{\"@id\":\"https:\/\/alt.thehookah.de\/fr\/#\/schema\/logo\/image\/\"}}]}<\/script>\n<meta property=\"product:price:amount\" content=\"222.00\" \/>\n<meta property=\"product:price:currency\" content=\"EUR\" \/>\n<meta property=\"og:availability\" content=\"out of stock\" \/>\n<meta property=\"product:availability\" content=\"out of stock\" \/>\n<meta property=\"product:retailer_item_id\" content=\"revolution1\" \/>\n<meta property=\"product:condition\" content=\"new\" \/>\n<!-- \/ Yoast SEO plugin. -->","yoast_head_json":{"title":"Shisha THE HOOKAH Revolution Full Goldencutting + Phunnel mashallah","description":"Shisha THE HOOKAH Revolution Full Goldencutting + Phunnel mashallah \u2713 shisha\/pipe \u00e0 eau de haute qualit\u00e9 d\u00e9velopp\u00e9e \" la r\u00e9volution !","robots":{"index":"index","follow":"follow","max-snippet":"max-snippet:-1","max-image-preview":"max-image-preview:large","max-video-preview":"max-video-preview:-1"},"canonical":"https:\/\/alt.thehookah.de\/fr\/produkt\/the-hookah-revolution-full-goldencutting-phunnel-mashallah\/","og_locale":"fr_FR","og_type":"article","og_title":"Shisha THE HOOKAH Revolution Full Goldencutting + Phunnel mashallah","og_description":"Shisha THE HOOKAH Revolution Full Goldencutting + Phunnel mashallah \u2713 shisha\/pipe \u00e0 eau de haute qualit\u00e9 d\u00e9velopp\u00e9e \" la r\u00e9volution !","og_url":"https:\/\/alt.thehookah.de\/fr\/produkt\/the-hookah-revolution-full-goldencutting-phunnel-mashallah\/","og_site_name":"The Hookah","og_image":[{"width":2000,"height":2000,"url":"https:\/\/alt.thehookah.de\/wp-content\/uploads\/2021\/09\/revo1-1.jpg","type":"image\/jpeg"}],"twitter_card":"summary_large_image","twitter_misc":{"Prix":"222,00&nbsp;&euro;","Disponibilit\u00e9":"Rupture de stock"},"schema":{"@context":"https:\/\/schema.org","@graph":[{"@type":"WebPage","@id":"https:\/\/alt.thehookah.de\/fr\/produkt\/the-hookah-revolution-full-goldencutting-phunnel-mashallah\/","url":"https:\/\/alt.thehookah.de\/fr\/produkt\/the-hookah-revolution-full-goldencutting-phunnel-mashallah\/","name":"Shisha THE HOOKAH Revolution Full Goldencutting + Phunnel mashallah","isPartOf":{"@id":"https:\/\/alt.thehookah.de\/fr\/#website"},"primaryImageOfPage":{"@id":"https:\/\/alt.thehookah.de\/fr\/produkt\/the-hookah-revolution-full-goldencutting-phunnel-mashallah\/#primaryimage"},"image":{"@id":"https:\/\/alt.thehookah.de\/fr\/produkt\/the-hookah-revolution-full-goldencutting-phunnel-mashallah\/#primaryimage"},"thumbnailUrl":"https:\/\/alt.thehookah.de\/wp-content\/uploads\/2021\/09\/revo1-1.jpg","datePublished":"2021-09-09T15:48:25+00:00","dateModified":"2021-09-09T15:48:25+00:00","description":"Shisha THE HOOKAH Revolution Full Goldencutting + Phunnel mashallah \u2713 shisha\/pipe \u00e0 eau de haute qualit\u00e9 d\u00e9velopp\u00e9e \" la r\u00e9volution !","breadcrumb":{"@id":"https:\/\/alt.thehookah.de\/fr\/produkt\/the-hookah-revolution-full-goldencutting-phunnel-mashallah\/#breadcrumb"},"inLanguage":"fr-FR","potentialAction":[{"@type":"ReadAction","target":["https:\/\/alt.thehookah.de\/fr\/produkt\/the-hookah-revolution-full-goldencutting-phunnel-mashallah\/"]}]},{"@type":"ImageObject","inLanguage":"fr-FR","@id":"https:\/\/alt.thehookah.de\/fr\/produkt\/the-hookah-revolution-full-goldencutting-phunnel-mashallah\/#primaryimage","url":"https:\/\/alt.thehookah.de\/wp-content\/uploads\/2021\/09\/revo1-1.jpg","contentUrl":"https:\/\/alt.thehookah.de\/wp-content\/uploads\/2021\/09\/revo1-1.jpg","width":2000,"height":2000,"caption":"THE HOOKAH REVOLUTION"},{"@type":"BreadcrumbList","@id":"https:\/\/alt.thehookah.de\/fr\/produkt\/the-hookah-revolution-full-goldencutting-phunnel-mashallah\/#breadcrumb","itemListElement":[{"@type":"ListItem","position":1,"name":"Startseite","item":"https:\/\/alt.thehookah.de\/fr\/"},{"@type":"ListItem","position":2,"name":"Ta boutique en ligne HOOKAH","item":"https:\/\/alt.thehookah.de\/fr\/ta-boutique-en-ligne-hookah\/"},{"@type":"ListItem","position":3,"name":"THE HOOKAH REVOLUTION FULL GOLDENCUTTING + PHUNNEL mashallah"}]},{"@type":"WebSite","@id":"https:\/\/alt.thehookah.de\/fr\/#website","url":"https:\/\/alt.thehookah.de\/fr\/","name":"The Hookah","description":"","publisher":{"@id":"https:\/\/alt.thehookah.de\/fr\/#organization"},"potentialAction":[{"@type":"SearchAction","target":{"@type":"EntryPoint","urlTemplate":"https:\/\/alt.thehookah.de\/fr\/?s={search_term_string}"},"query-input":"required name=search_term_string"}],"inLanguage":"fr-FR"},{"@type":"Organization","@id":"https:\/\/alt.thehookah.de\/fr\/#organization","name":"The Hookah","url":"https:\/\/alt.thehookah.de\/fr\/","logo":{"@type":"ImageObject","inLanguage":"fr-FR","@id":"https:\/\/alt.thehookah.de\/fr\/#\/schema\/logo\/image\/","url":"https:\/\/alt.thehookah.de\/wp-content\/uploads\/2021\/02\/cropped-logo2.png","contentUrl":"https:\/\/alt.thehookah.de\/wp-content\/uploads\/2021\/02\/cropped-logo2.png","width":300,"height":86,"caption":"The Hookah"},"image":{"@id":"https:\/\/alt.thehookah.de\/fr\/#\/schema\/logo\/image\/"}}]},"product_price_amount":"222.00","product_price_currency":"EUR","og_availability":"out of stock","product_availability":"out of stock","product_retailer_item_id":"revolution1","product_condition":"new"},"_links":{"self":[{"href":"https:\/\/alt.thehookah.de\/fr\/wp-json\/wp\/v2\/product\/618189"}],"collection":[{"href":"https:\/\/alt.thehookah.de\/fr\/wp-json\/wp\/v2\/product"}],"about":[{"href":"https:\/\/alt.thehookah.de\/fr\/wp-json\/wp\/v2\/types\/product"}],"replies":[{"embeddable":true,"href":"https:\/\/alt.thehookah.de\/fr\/wp-json\/wp\/v2\/comments?post=618189"}],"wp:featuredmedia":[{"embeddable":true,"href":"https:\/\/alt.thehookah.de\/fr\/wp-json\/wp\/v2\/media\/618190"}],"wp:attachment":[{"href":"https:\/\/alt.thehookah.de\/fr\/wp-json\/wp\/v2\/media?parent=618189"}],"wp:term":[{"taxonomy":"product_cat","embeddable":true,"href":"https:\/\/alt.thehookah.de\/fr\/wp-json\/wp\/v2\/product_cat?post=618189"},{"taxonomy":"product_tag","embeddable":true,"href":"https:\/\/alt.thehookah.de\/fr\/wp-json\/wp\/v2\/product_tag?post=618189"}],"curies":[{"name":"wp","href":"https:\/\/api.w.org\/{rel}","templated":true}]}}