{"id":618218,"date":"2021-07-28T19:31:07","date_gmt":"2021-07-28T17:31:07","guid":{"rendered":"https:\/\/www.thehookah.de\/produkt\/the-hookah-led-daywalker-embout-buccal\/"},"modified":"2021-07-28T19:31:07","modified_gmt":"2021-07-28T17:31:07","slug":"the-hookah-led-daywalker-embout-buccal","status":"publish","type":"product","link":"https:\/\/alt.thehookah.de\/fr\/produkt\/the-hookah-led-daywalker-embout-buccal\/","title":{"rendered":"THE HOOKAH LED DAYWALKER EMBOUT BUCCAL"},"content":{"rendered":"<h1 style=\"text-align: center;\">THE HOOKAH<\/h1>\n<h1 style=\"text-align: center;\">DAYWALKER LED EMBOUT BUCCAL<\/h1>\n<h2 style=\"text-align: center;\">Argent \/ Or \/ Or rose \/ Arc-en-ciel \/ Noir<\/h2>\n<h2><\/h2>\n<h2 style=\"text-align: left;\">Contenu de la livraison<\/h2>\n<p>DAYWALKER BOUCHE LED env. 35CM (alu)<\/p>\n<p>1x c\u00e2ble micro USB<\/p>\n<p>&nbsp;<\/p>\n<h3 style=\"text-align: center;\"><strong>En outre, nous conseillons de garder\/d&#8217;utiliser l&#8217;embout LED le plus sec possible,<\/strong><\/h3>\n<h3 style=\"text-align: center;\"><strong>Sinon, l&#8217;\u00e9lectronique risque d&#8217;\u00eatre d\u00e9fectueuse !  <\/strong><\/h3>\n<p>&nbsp;<\/p>\n<blockquote>\n<p style=\"text-align: center;\">                                                                                        <strong><em>Citation, \u00e0 propos de notre THE HOOKAH DAYWALKER : Oubliez ce que vous savez croire ! Ils existent enfin, les THE HOOKAH DAYWALKER. Ce n&#8217;est pas une simple chicha, non ! Elle fait de votre moment, une exp\u00e9rience \u00e0 couper le souffle, gr\u00e2ce aux effets sp\u00e9ciaux des LED en fumant. Elle est \u00e0 moiti\u00e9 chicha et \u00e0 moiti\u00e9 aventure inoubliable ! Elle a tous ses points forts et aucun de ses points faibles.<\/em><\/strong><\/p>\n<p>Le plus important est de ne pas trop mouiller votre Daywalker, que ce soit en le fumant ou en le nettoyant. Cela signifie qu&#8217;il vaut mieux utiliser notre kit de nettoyage de pipe ou d&#8217;autres produits de ce type pour profiter longtemps de votre chicha. Il faut encore mentionner que l&#8217;embout peut \u00eatre d\u00e9mont\u00e9 en plusieurs parties, ce qui facilite le nettoyage. Un autre point important est que l&#8217;embout Daywalker ne s&#8217;allume en diff\u00e9rentes couleurs que lorsqu&#8217;on tire dessus, c&#8217;est-\u00e0-dire qu&#8217;il ne s&#8217;allume pas en permanence. -L&#8217;autonomie de la batterie varie en fonction de l&#8217;utilisation (en g\u00e9n\u00e9ral, au moins deux t\u00eates) 1-3h . Le rechargement est tr\u00e8s simple. L&#8217;embout buccal et la cigarette \u00e9lectronique sont tous deux \u00e9quip\u00e9s d&#8217;une prise micro-USB (tu peux la voir en d\u00e9montant les deux pi\u00e8ces). Pour cela, il faut tourner les extr\u00e9mit\u00e9s de l&#8217;embout et de la colonne de fum\u00e9e). Le c\u00e2ble de rechargement est bien s\u00fbr inclus dans la livraison.<\/p><\/blockquote>\n","protected":false},"excerpt":{"rendered":"<p>THE HOOKAH DAYWALKER LED EMBOUT BUCCAL Argent \/ Or \/ Or rose \/ Arc-en-ciel \/ Noir Contenu de la livraison DAYWALKER BOUCHE LED env. 35CM (alu) 1x c\u00e2ble micro USB &nbsp; En outre, nous conseillons de garder\/d&#8217;utiliser l&#8217;embout LED le plus sec possible, Sinon, l&#8217;\u00e9lectronique risque d&#8217;\u00eatre d\u00e9fectueuse ! &nbsp; Citation, \u00e0 propos de notre [&hellip;]<\/p>\n","protected":false},"featured_media":618224,"comment_status":"open","ping_status":"closed","template":"","meta":[],"product_cat":[310,314,344,333],"product_tag":[],"yoast_head":"<!-- This site is optimized with the Yoast SEO plugin v22.5 - https:\/\/yoast.com\/wordpress\/plugins\/seo\/ -->\n<title>Shisha Daywalker LED embout | Alu - Embout en aluminium<\/title>\n<meta name=\"description\" content=\"Shisha Daywalker LED embout &quot; 35 cm &quot; C\u00e2ble micro USB inclus \u2713 Argent \u2713 Or \u2713 Or rose \u2713 Arc-en-ciel \u2713 Noir, Acheter maintenant dans la boutique !\" \/>\n<meta name=\"robots\" content=\"index, follow, max-snippet:-1, max-image-preview:large, max-video-preview:-1\" \/>\n<link rel=\"canonical\" href=\"https:\/\/alt.thehookah.de\/fr\/produkt\/the-hookah-led-daywalker-embout-buccal\/\" \/>\n<meta property=\"og:locale\" content=\"fr_FR\" \/>\n<meta property=\"og:type\" content=\"article\" \/>\n<meta property=\"og:title\" content=\"Shisha Daywalker LED embout | Alu - Embout en aluminium\" \/>\n<meta property=\"og:description\" content=\"Shisha Daywalker LED embout &quot; 35 cm &quot; C\u00e2ble micro USB inclus \u2713 Argent \u2713 Or \u2713 Or rose \u2713 Arc-en-ciel \u2713 Noir, Acheter maintenant dans la boutique !\" \/>\n<meta property=\"og:url\" content=\"https:\/\/alt.thehookah.de\/fr\/produkt\/the-hookah-led-daywalker-embout-buccal\/\" \/>\n<meta property=\"og:site_name\" content=\"The Hookah\" \/>\n<meta property=\"og:image\" content=\"https:\/\/alt.thehookah.de\/wp-content\/uploads\/2021\/07\/mundstueckcover.jpg\" \/>\n\t<meta property=\"og:image:width\" content=\"1600\" \/>\n\t<meta property=\"og:image:height\" content=\"1600\" \/>\n\t<meta property=\"og:image:type\" content=\"image\/jpeg\" \/>\n<meta name=\"twitter:card\" content=\"summary_large_image\" \/>\n<meta name=\"twitter:label1\" content=\"Disponibilit\u00e9\" \/>\n\t<meta name=\"twitter:data1\" content=\"En stock\" \/>\n<script type=\"application\/ld+json\" class=\"yoast-schema-graph\">{\"@context\":\"https:\/\/schema.org\",\"@graph\":[{\"@type\":\"WebPage\",\"@id\":\"https:\/\/alt.thehookah.de\/fr\/produkt\/the-hookah-led-daywalker-embout-buccal\/\",\"url\":\"https:\/\/alt.thehookah.de\/fr\/produkt\/the-hookah-led-daywalker-embout-buccal\/\",\"name\":\"Shisha Daywalker LED embout | Alu - Embout en aluminium\",\"isPartOf\":{\"@id\":\"https:\/\/alt.thehookah.de\/fr\/#website\"},\"primaryImageOfPage\":{\"@id\":\"https:\/\/alt.thehookah.de\/fr\/produkt\/the-hookah-led-daywalker-embout-buccal\/#primaryimage\"},\"image\":{\"@id\":\"https:\/\/alt.thehookah.de\/fr\/produkt\/the-hookah-led-daywalker-embout-buccal\/#primaryimage\"},\"thumbnailUrl\":\"https:\/\/alt.thehookah.de\/wp-content\/uploads\/2021\/07\/mundstueckcover.jpg\",\"datePublished\":\"2021-07-28T17:31:07+00:00\",\"dateModified\":\"2021-07-28T17:31:07+00:00\",\"description\":\"Shisha Daywalker LED embout \\\" 35 cm \\\" C\u00e2ble micro USB inclus \u2713 Argent \u2713 Or \u2713 Or rose \u2713 Arc-en-ciel \u2713 Noir, Acheter maintenant dans la boutique !\",\"breadcrumb\":{\"@id\":\"https:\/\/alt.thehookah.de\/fr\/produkt\/the-hookah-led-daywalker-embout-buccal\/#breadcrumb\"},\"inLanguage\":\"fr-FR\",\"potentialAction\":[{\"@type\":\"ReadAction\",\"target\":[\"https:\/\/alt.thehookah.de\/fr\/produkt\/the-hookah-led-daywalker-embout-buccal\/\"]}]},{\"@type\":\"ImageObject\",\"inLanguage\":\"fr-FR\",\"@id\":\"https:\/\/alt.thehookah.de\/fr\/produkt\/the-hookah-led-daywalker-embout-buccal\/#primaryimage\",\"url\":\"https:\/\/alt.thehookah.de\/wp-content\/uploads\/2021\/07\/mundstueckcover.jpg\",\"contentUrl\":\"https:\/\/alt.thehookah.de\/wp-content\/uploads\/2021\/07\/mundstueckcover.jpg\",\"width\":1600,\"height\":1600,\"caption\":\"Mundst\u00fcck Daywalker\"},{\"@type\":\"BreadcrumbList\",\"@id\":\"https:\/\/alt.thehookah.de\/fr\/produkt\/the-hookah-led-daywalker-embout-buccal\/#breadcrumb\",\"itemListElement\":[{\"@type\":\"ListItem\",\"position\":1,\"name\":\"Startseite\",\"item\":\"https:\/\/alt.thehookah.de\/fr\/\"},{\"@type\":\"ListItem\",\"position\":2,\"name\":\"Ta boutique en ligne HOOKAH\",\"item\":\"https:\/\/alt.thehookah.de\/fr\/ta-boutique-en-ligne-hookah\/\"},{\"@type\":\"ListItem\",\"position\":3,\"name\":\"THE HOOKAH LED DAYWALKER EMBOUT BUCCAL\"}]},{\"@type\":\"WebSite\",\"@id\":\"https:\/\/alt.thehookah.de\/fr\/#website\",\"url\":\"https:\/\/alt.thehookah.de\/fr\/\",\"name\":\"The Hookah\",\"description\":\"\",\"publisher\":{\"@id\":\"https:\/\/alt.thehookah.de\/fr\/#organization\"},\"potentialAction\":[{\"@type\":\"SearchAction\",\"target\":{\"@type\":\"EntryPoint\",\"urlTemplate\":\"https:\/\/alt.thehookah.de\/fr\/?s={search_term_string}\"},\"query-input\":\"required name=search_term_string\"}],\"inLanguage\":\"fr-FR\"},{\"@type\":\"Organization\",\"@id\":\"https:\/\/alt.thehookah.de\/fr\/#organization\",\"name\":\"The Hookah\",\"url\":\"https:\/\/alt.thehookah.de\/fr\/\",\"logo\":{\"@type\":\"ImageObject\",\"inLanguage\":\"fr-FR\",\"@id\":\"https:\/\/alt.thehookah.de\/fr\/#\/schema\/logo\/image\/\",\"url\":\"https:\/\/alt.thehookah.de\/wp-content\/uploads\/2021\/02\/cropped-logo2.png\",\"contentUrl\":\"https:\/\/alt.thehookah.de\/wp-content\/uploads\/2021\/02\/cropped-logo2.png\",\"width\":300,\"height\":86,\"caption\":\"The Hookah\"},\"image\":{\"@id\":\"https:\/\/alt.thehookah.de\/fr\/#\/schema\/logo\/image\/\"}}]}<\/script>\n<meta property=\"og:availability\" content=\"instock\" \/>\n<meta property=\"product:availability\" content=\"instock\" \/>\n<meta property=\"product:retailer_item_id\" content=\"Mundst\u00fcckDaywal\" \/>\n<meta property=\"product:condition\" content=\"new\" \/>\n<!-- \/ Yoast SEO plugin. -->","yoast_head_json":{"title":"Shisha Daywalker LED embout | Alu - Embout en aluminium","description":"Shisha Daywalker LED embout \" 35 cm \" C\u00e2ble micro USB inclus \u2713 Argent \u2713 Or \u2713 Or rose \u2713 Arc-en-ciel \u2713 Noir, Acheter maintenant dans la boutique !","robots":{"index":"index","follow":"follow","max-snippet":"max-snippet:-1","max-image-preview":"max-image-preview:large","max-video-preview":"max-video-preview:-1"},"canonical":"https:\/\/alt.thehookah.de\/fr\/produkt\/the-hookah-led-daywalker-embout-buccal\/","og_locale":"fr_FR","og_type":"article","og_title":"Shisha Daywalker LED embout | Alu - Embout en aluminium","og_description":"Shisha Daywalker LED embout \" 35 cm \" C\u00e2ble micro USB inclus \u2713 Argent \u2713 Or \u2713 Or rose \u2713 Arc-en-ciel \u2713 Noir, Acheter maintenant dans la boutique !","og_url":"https:\/\/alt.thehookah.de\/fr\/produkt\/the-hookah-led-daywalker-embout-buccal\/","og_site_name":"The Hookah","og_image":[{"width":1600,"height":1600,"url":"https:\/\/alt.thehookah.de\/wp-content\/uploads\/2021\/07\/mundstueckcover.jpg","type":"image\/jpeg"}],"twitter_card":"summary_large_image","twitter_misc":{"Disponibilit\u00e9":"En stock"},"schema":{"@context":"https:\/\/schema.org","@graph":[{"@type":"WebPage","@id":"https:\/\/alt.thehookah.de\/fr\/produkt\/the-hookah-led-daywalker-embout-buccal\/","url":"https:\/\/alt.thehookah.de\/fr\/produkt\/the-hookah-led-daywalker-embout-buccal\/","name":"Shisha Daywalker LED embout | Alu - Embout en aluminium","isPartOf":{"@id":"https:\/\/alt.thehookah.de\/fr\/#website"},"primaryImageOfPage":{"@id":"https:\/\/alt.thehookah.de\/fr\/produkt\/the-hookah-led-daywalker-embout-buccal\/#primaryimage"},"image":{"@id":"https:\/\/alt.thehookah.de\/fr\/produkt\/the-hookah-led-daywalker-embout-buccal\/#primaryimage"},"thumbnailUrl":"https:\/\/alt.thehookah.de\/wp-content\/uploads\/2021\/07\/mundstueckcover.jpg","datePublished":"2021-07-28T17:31:07+00:00","dateModified":"2021-07-28T17:31:07+00:00","description":"Shisha Daywalker LED embout \" 35 cm \" C\u00e2ble micro USB inclus \u2713 Argent \u2713 Or \u2713 Or rose \u2713 Arc-en-ciel \u2713 Noir, Acheter maintenant dans la boutique !","breadcrumb":{"@id":"https:\/\/alt.thehookah.de\/fr\/produkt\/the-hookah-led-daywalker-embout-buccal\/#breadcrumb"},"inLanguage":"fr-FR","potentialAction":[{"@type":"ReadAction","target":["https:\/\/alt.thehookah.de\/fr\/produkt\/the-hookah-led-daywalker-embout-buccal\/"]}]},{"@type":"ImageObject","inLanguage":"fr-FR","@id":"https:\/\/alt.thehookah.de\/fr\/produkt\/the-hookah-led-daywalker-embout-buccal\/#primaryimage","url":"https:\/\/alt.thehookah.de\/wp-content\/uploads\/2021\/07\/mundstueckcover.jpg","contentUrl":"https:\/\/alt.thehookah.de\/wp-content\/uploads\/2021\/07\/mundstueckcover.jpg","width":1600,"height":1600,"caption":"Mundst\u00fcck Daywalker"},{"@type":"BreadcrumbList","@id":"https:\/\/alt.thehookah.de\/fr\/produkt\/the-hookah-led-daywalker-embout-buccal\/#breadcrumb","itemListElement":[{"@type":"ListItem","position":1,"name":"Startseite","item":"https:\/\/alt.thehookah.de\/fr\/"},{"@type":"ListItem","position":2,"name":"Ta boutique en ligne HOOKAH","item":"https:\/\/alt.thehookah.de\/fr\/ta-boutique-en-ligne-hookah\/"},{"@type":"ListItem","position":3,"name":"THE HOOKAH LED DAYWALKER EMBOUT BUCCAL"}]},{"@type":"WebSite","@id":"https:\/\/alt.thehookah.de\/fr\/#website","url":"https:\/\/alt.thehookah.de\/fr\/","name":"The Hookah","description":"","publisher":{"@id":"https:\/\/alt.thehookah.de\/fr\/#organization"},"potentialAction":[{"@type":"SearchAction","target":{"@type":"EntryPoint","urlTemplate":"https:\/\/alt.thehookah.de\/fr\/?s={search_term_string}"},"query-input":"required name=search_term_string"}],"inLanguage":"fr-FR"},{"@type":"Organization","@id":"https:\/\/alt.thehookah.de\/fr\/#organization","name":"The Hookah","url":"https:\/\/alt.thehookah.de\/fr\/","logo":{"@type":"ImageObject","inLanguage":"fr-FR","@id":"https:\/\/alt.thehookah.de\/fr\/#\/schema\/logo\/image\/","url":"https:\/\/alt.thehookah.de\/wp-content\/uploads\/2021\/02\/cropped-logo2.png","contentUrl":"https:\/\/alt.thehookah.de\/wp-content\/uploads\/2021\/02\/cropped-logo2.png","width":300,"height":86,"caption":"The Hookah"},"image":{"@id":"https:\/\/alt.thehookah.de\/fr\/#\/schema\/logo\/image\/"}}]},"og_availability":"instock","product_availability":"instock","product_retailer_item_id":"Mundst\u00fcckDaywal","product_condition":"new"},"_links":{"self":[{"href":"https:\/\/alt.thehookah.de\/fr\/wp-json\/wp\/v2\/product\/618218"}],"collection":[{"href":"https:\/\/alt.thehookah.de\/fr\/wp-json\/wp\/v2\/product"}],"about":[{"href":"https:\/\/alt.thehookah.de\/fr\/wp-json\/wp\/v2\/types\/product"}],"replies":[{"embeddable":true,"href":"https:\/\/alt.thehookah.de\/fr\/wp-json\/wp\/v2\/comments?post=618218"}],"wp:featuredmedia":[{"embeddable":true,"href":"https:\/\/alt.thehookah.de\/fr\/wp-json\/wp\/v2\/media\/618224"}],"wp:attachment":[{"href":"https:\/\/alt.thehookah.de\/fr\/wp-json\/wp\/v2\/media?parent=618218"}],"wp:term":[{"taxonomy":"product_cat","embeddable":true,"href":"https:\/\/alt.thehookah.de\/fr\/wp-json\/wp\/v2\/product_cat?post=618218"},{"taxonomy":"product_tag","embeddable":true,"href":"https:\/\/alt.thehookah.de\/fr\/wp-json\/wp\/v2\/product_tag?post=618218"}],"curies":[{"name":"wp","href":"https:\/\/api.w.org\/{rel}","templated":true}]}}