{"id":618319,"date":"2021-07-28T19:17:19","date_gmt":"2021-07-28T17:17:19","guid":{"rendered":"https:\/\/www.thehookah.de\/produkt\/b-ware-daywalker-fully-led-argent-or-or-rose-arc-en-ciel-noir\/"},"modified":"2021-07-28T19:17:19","modified_gmt":"2021-07-28T17:17:19","slug":"b-ware-daywalker-fully-led-argent-or-or-rose-arc-en-ciel-noir","status":"publish","type":"product","link":"https:\/\/alt.thehookah.de\/fr\/produkt\/b-ware-daywalker-fully-led-argent-or-or-rose-arc-en-ciel-noir\/","title":{"rendered":"B-WARE DAYWALKER FULLY LED argent \/ or \/ or rose \/ arc-en-ciel \/ noir"},"content":{"rendered":"<h1 style=\"text-align: center;\">THE HOOKAH<\/h1>\n<h1 style=\"text-align: center;\">DAYWALKER<\/h1>\n<h3 style=\"text-align: center;\"><em>FULLY LED HOOKAH<\/em><\/h3>\n<p>&nbsp;<\/p>\n<h1 style=\"text-align: center;\"><strong>B-WARE  <\/strong><\/h1>\n<h1 style=\"text-align: center;\"><strong>! ! SANS FONCTION LED !<\/strong><\/h1>\n<h2 style=\"text-align: center;\">Argent \/ Or \/ Or rose \/ Arc-en-ciel \/ Noir<\/h2>\n<p>&nbsp;<\/p>\n<h3 style=\"text-align: center;\">! !! \u00e0 noter : pour le Daywalker, il est recommand\u00e9 d&#8217;utiliser exclusivement un capteur de molasse.<\/h3>\n<h3 style=\"text-align: center;\">pour \u00e9viter que le syst\u00e8me \u00e9lectrique ne soit endommag\u00e9 par l&#8217;\u00e9coulement de la molasse.<\/h3>\n<h3 style=\"text-align: center;\">dans la colonne de fum\u00e9e est endommag\u00e9e ! !!<\/h3>\n<h1 style=\"text-align: center;\"><strong>! ! SANS FONCTION LED !<\/strong><\/h1>\n<h3 style=\"text-align: center;\"><strong>En outre, nous conseillons de garder\/d&#8217;utiliser la colonne de fum\u00e9e LED et l&#8217;embout LED aussi secs que possible,<\/strong><\/h3>\n<h3 style=\"text-align: center;\"><strong>Sinon, l&#8217;\u00e9lectronique risque d&#8217;\u00eatre d\u00e9fectueuse !  <\/strong><\/h3>\n<blockquote>\n<p style=\"text-align: center;\">                                                                                        <strong><em>Citation, \u00e0 propos de notre THE HOOKAH DAYWALKER : Oubliez ce que vous savez croire ! Ils existent enfin, les THE HOOKAH DAYWALKER. Ce n&#8217;est pas une simple chicha, non ! Elle fait de votre moment, une exp\u00e9rience \u00e0 couper le souffle, gr\u00e2ce aux effets sp\u00e9ciaux des LED en fumant. Elle est \u00e0 moiti\u00e9 chicha et \u00e0 moiti\u00e9 aventure inoubliable ! Elle a tous ses points forts et aucun de ses points faibles.<\/em><\/strong><\/p>\n<p>Le plus important est de ne pas trop mouiller votre Daywalker, que ce soit en le fumant ou en le nettoyant. Cela signifie qu&#8217;il vaut mieux utiliser notre kit de nettoyage de pipe ou d&#8217;autres produits de ce type pour profiter longtemps de votre chicha. Il faut encore mentionner que la colonne de fum\u00e9e et l&#8217;embout peuvent \u00eatre d\u00e9mont\u00e9s en plusieurs parties, ce qui facilite le nettoyage. Un autre point important est que la Daywalker ne s&#8217;allume en diff\u00e9rentes couleurs que lorsqu&#8217;elle est tir\u00e9e, c&#8217;est-\u00e0-dire qu&#8217;elle ne s&#8217;allume pas en permanence. -L&#8217;autonomie de la batterie varie en fonction de l&#8217;utilisation (en g\u00e9n\u00e9ral, deux t\u00eates au minimum). Le rechargement est tr\u00e8s simple. L&#8217;embout buccal et la colonne de fum\u00e9e poss\u00e8dent tous deux un port micro-USB \u00e0 l&#8217;int\u00e9rieur (tu peux le voir en d\u00e9montant les deux pi\u00e8ces). Pour cela, il faut tourner les extr\u00e9mit\u00e9s de l&#8217;embout buccal et de la colonne de fum\u00e9e). Le c\u00e2ble de rechargement est bien s\u00fbr inclus dans la livraison.<\/p><\/blockquote>\n<h3 style=\"text-align: left;\">DAYWALKER<\/h3>\n<p><em>Hauteur totale (jusqu&#8217;au plateau de charbon en acier inoxydable bross\u00e9) env. 64 cm avec collecteur de molasse<\/em><\/p>\n<p><em>Hauteur totale (jusqu&#8217;au plateau de charbon en acier inoxydable bross\u00e9) env. 54 cm sans collecteur de molasse<\/em><\/p>\n<p>&nbsp;<\/p>\n<ul>\n<li>base en acier inoxydable V2A <strong><br \/>\n  <strong><br \/>\n    <strong><br \/>\n      <strong>en argent \/ or \/ or rose \/ arc-en-ciel \/ noir <\/strong><br \/>\n    <\/strong><br \/>\n  <\/strong><br \/>\n<\/strong> <\/li>\n<li><strong>Syst\u00e8me de clic \u00e0 chambre ferm\u00e9e<\/strong><\/li>\n<li>Acier inoxydable bross\u00e9 Assiette \u00e0 charbon 24cm<\/li>\n<li>DAYWALKER CUTTING Bowl (verre en cristal)<\/li>\n<\/ul>\n<p>&nbsp;<\/p>\n<h2>CONTENU DE LA LIVRAISON<\/h2>\n<p>&nbsp;<\/p>\n<ul>\n<li><strong>1 x THE HOOKAH T\u00caTE DE VERRE incl. FIREBOX <\/strong><strong>en argent \/ or \/ or rose \/ arc-en-ciel \/ noir <\/strong> <\/li>\n<li><strong>1 x acier inoxydable bross\u00e9 assiette \u00e0 charbon 24cm en argent \/ or \/ or rose \/ arc-en-ciel \/ noir  <\/strong><\/li>\n<li><strong>1 x adaptateur de taille de t\u00eate 18\/8 en argent \/ or \/ or rose \/ arc-en-ciel \/ noir  <\/strong><\/li>\n<li><strong>1 x DAYWALKER capteur de molasse 18\/8 verre borosilicat\u00e9<\/strong><\/li>\n<li><strong>1 x DAYWALKER colonne de fum\u00e9e LED V2A en acier inoxydable en argent \/ or \/ or rose \/ arc-en-ciel \/ noir  <\/strong><\/li>\n<li><strong>4 x DAYWALKER Base V2A en acier inoxydable en argent \/ or \/ or rose \/ arc-en-ciel \/ noir  <\/strong><\/li>\n<li><strong>4 x adaptateurs de tuyau 18\/8 en argent \/ or \/ or rose \/ arc-en-ciel \/ noir  <\/strong><\/li>\n<li><strong>4 x embouts 18\/8 en argent \/ or \/ or rose \/ arc-en-ciel \/ noir  <\/strong><\/li>\n<li><strong>4 x boules de verre <\/strong><\/li>\n<li><strong>1 x tube plongeur en plusieurs parties V2A pouvant \u00eatre raccourci &amp; rallong\u00e9 en argent \/ or \/ or rose \/ arc-en-ciel \/ noir  <\/strong><\/li>\n<li><strong>1 x diffuseur d\u00e9vissable en argent \/ or \/ or rose \/ arc-en-ciel \/ noir  <\/strong><\/li>\n<li><strong>1 x ressort de protection contre le pliage<\/strong><\/li>\n<li><strong>1 x tuyau en silicone noir mat THE HOOKAH SYTLE<\/strong><\/li>\n<li><strong>1 x embout buccal DAYWALKER LED &#8211; Argent \/ Or \/ Or rose \/ Arc-en-ciel \/ Noir  <\/strong><\/li>\n<li><strong>1 x pince \u00e0 charbon EHRENZANG en argent \/ or \/ or rose \/ arc-en-ciel \/ noir  <\/strong><\/li>\n<li><strong>1x DAYWALKER verre en cristal souffl\u00e9 \u00e0 la bouche CUTTING  <\/strong><\/li>\n<li><strong>1x c\u00e2ble micro USB<\/strong><\/li>\n<\/ul>\n","protected":false},"excerpt":{"rendered":"<p>THE HOOKAH DAYWALKER FULLY LED HOOKAH &nbsp; B-WARE ! ! SANS FONCTION LED ! Argent \/ Or \/ Or rose \/ Arc-en-ciel \/ Noir &nbsp; ! !! \u00e0 noter : pour le Daywalker, il est recommand\u00e9 d&#8217;utiliser exclusivement un capteur de molasse. pour \u00e9viter que le syst\u00e8me \u00e9lectrique ne soit endommag\u00e9 par l&#8217;\u00e9coulement de la [&hellip;]<\/p>\n","protected":false},"featured_media":618325,"comment_status":"open","ping_status":"closed","template":"","meta":[],"product_cat":[357,314,321,329,323,318],"product_tag":[],"yoast_head":"<!-- This site is optimized with the Yoast SEO plugin v22.5 - https:\/\/yoast.com\/wordpress\/plugins\/seo\/ -->\n<title>Shisha DAYWALKER FULLY LED | acheter un narguil\u00e9 de haute qualit\u00e9<\/title>\n<meta name=\"description\" content=\"Shisha DAYWALKER FULLY LED by THE HOOKAH \u2713 Argent \u2713 Or \u2713 Or rose \u2713 Arc-en-ciel \u2713 Noir &quot; Shisha en acier inoxydable avec effets sp\u00e9ciaux LED !\" \/>\n<meta name=\"robots\" content=\"index, follow, max-snippet:-1, max-image-preview:large, max-video-preview:-1\" \/>\n<link rel=\"canonical\" href=\"https:\/\/alt.thehookah.de\/fr\/produkt\/b-ware-daywalker-fully-led-argent-or-or-rose-arc-en-ciel-noir\/\" \/>\n<meta property=\"og:locale\" content=\"fr_FR\" \/>\n<meta property=\"og:type\" content=\"article\" \/>\n<meta property=\"og:title\" content=\"Shisha DAYWALKER FULLY LED | acheter un narguil\u00e9 de haute qualit\u00e9\" \/>\n<meta property=\"og:description\" content=\"Shisha DAYWALKER FULLY LED by THE HOOKAH \u2713 Argent \u2713 Or \u2713 Or rose \u2713 Arc-en-ciel \u2713 Noir &quot; Shisha en acier inoxydable avec effets sp\u00e9ciaux LED !\" \/>\n<meta property=\"og:url\" content=\"https:\/\/alt.thehookah.de\/fr\/produkt\/b-ware-daywalker-fully-led-argent-or-or-rose-arc-en-ciel-noir\/\" \/>\n<meta property=\"og:site_name\" content=\"The Hookah\" \/>\n<meta property=\"og:image\" content=\"https:\/\/alt.thehookah.de\/wp-content\/uploads\/2021\/07\/DaywalkerCOVER.jpg\" \/>\n\t<meta property=\"og:image:width\" content=\"1600\" \/>\n\t<meta property=\"og:image:height\" content=\"1600\" \/>\n\t<meta property=\"og:image:type\" content=\"image\/jpeg\" \/>\n<meta name=\"twitter:card\" content=\"summary_large_image\" \/>\n<meta name=\"twitter:label1\" content=\"Disponibilit\u00e9\" \/>\n\t<meta name=\"twitter:data1\" content=\"En stock\" \/>\n<script type=\"application\/ld+json\" class=\"yoast-schema-graph\">{\"@context\":\"https:\/\/schema.org\",\"@graph\":[{\"@type\":\"WebPage\",\"@id\":\"https:\/\/alt.thehookah.de\/fr\/produkt\/b-ware-daywalker-fully-led-argent-or-or-rose-arc-en-ciel-noir\/\",\"url\":\"https:\/\/alt.thehookah.de\/fr\/produkt\/b-ware-daywalker-fully-led-argent-or-or-rose-arc-en-ciel-noir\/\",\"name\":\"Shisha DAYWALKER FULLY LED | acheter un narguil\u00e9 de haute qualit\u00e9\",\"isPartOf\":{\"@id\":\"https:\/\/alt.thehookah.de\/fr\/#website\"},\"primaryImageOfPage\":{\"@id\":\"https:\/\/alt.thehookah.de\/fr\/produkt\/b-ware-daywalker-fully-led-argent-or-or-rose-arc-en-ciel-noir\/#primaryimage\"},\"image\":{\"@id\":\"https:\/\/alt.thehookah.de\/fr\/produkt\/b-ware-daywalker-fully-led-argent-or-or-rose-arc-en-ciel-noir\/#primaryimage\"},\"thumbnailUrl\":\"https:\/\/alt.thehookah.de\/wp-content\/uploads\/2021\/07\/DaywalkerCOVER.jpg\",\"datePublished\":\"2021-07-28T17:17:19+00:00\",\"dateModified\":\"2021-07-28T17:17:19+00:00\",\"description\":\"Shisha DAYWALKER FULLY LED by THE HOOKAH \u2713 Argent \u2713 Or \u2713 Or rose \u2713 Arc-en-ciel \u2713 Noir \\\" Shisha en acier inoxydable avec effets sp\u00e9ciaux LED !\",\"breadcrumb\":{\"@id\":\"https:\/\/alt.thehookah.de\/fr\/produkt\/b-ware-daywalker-fully-led-argent-or-or-rose-arc-en-ciel-noir\/#breadcrumb\"},\"inLanguage\":\"fr-FR\",\"potentialAction\":[{\"@type\":\"ReadAction\",\"target\":[\"https:\/\/alt.thehookah.de\/fr\/produkt\/b-ware-daywalker-fully-led-argent-or-or-rose-arc-en-ciel-noir\/\"]}]},{\"@type\":\"ImageObject\",\"inLanguage\":\"fr-FR\",\"@id\":\"https:\/\/alt.thehookah.de\/fr\/produkt\/b-ware-daywalker-fully-led-argent-or-or-rose-arc-en-ciel-noir\/#primaryimage\",\"url\":\"https:\/\/alt.thehookah.de\/wp-content\/uploads\/2021\/07\/DaywalkerCOVER.jpg\",\"contentUrl\":\"https:\/\/alt.thehookah.de\/wp-content\/uploads\/2021\/07\/DaywalkerCOVER.jpg\",\"width\":1600,\"height\":1600,\"caption\":\"Daywalker\"},{\"@type\":\"BreadcrumbList\",\"@id\":\"https:\/\/alt.thehookah.de\/fr\/produkt\/b-ware-daywalker-fully-led-argent-or-or-rose-arc-en-ciel-noir\/#breadcrumb\",\"itemListElement\":[{\"@type\":\"ListItem\",\"position\":1,\"name\":\"Startseite\",\"item\":\"https:\/\/alt.thehookah.de\/fr\/\"},{\"@type\":\"ListItem\",\"position\":2,\"name\":\"Ta boutique en ligne HOOKAH\",\"item\":\"https:\/\/alt.thehookah.de\/fr\/ta-boutique-en-ligne-hookah\/\"},{\"@type\":\"ListItem\",\"position\":3,\"name\":\"B-WARE DAYWALKER FULLY LED argent \/ or \/ or rose \/ arc-en-ciel \/ noir\"}]},{\"@type\":\"WebSite\",\"@id\":\"https:\/\/alt.thehookah.de\/fr\/#website\",\"url\":\"https:\/\/alt.thehookah.de\/fr\/\",\"name\":\"The Hookah\",\"description\":\"\",\"publisher\":{\"@id\":\"https:\/\/alt.thehookah.de\/fr\/#organization\"},\"potentialAction\":[{\"@type\":\"SearchAction\",\"target\":{\"@type\":\"EntryPoint\",\"urlTemplate\":\"https:\/\/alt.thehookah.de\/fr\/?s={search_term_string}\"},\"query-input\":\"required name=search_term_string\"}],\"inLanguage\":\"fr-FR\"},{\"@type\":\"Organization\",\"@id\":\"https:\/\/alt.thehookah.de\/fr\/#organization\",\"name\":\"The Hookah\",\"url\":\"https:\/\/alt.thehookah.de\/fr\/\",\"logo\":{\"@type\":\"ImageObject\",\"inLanguage\":\"fr-FR\",\"@id\":\"https:\/\/alt.thehookah.de\/fr\/#\/schema\/logo\/image\/\",\"url\":\"https:\/\/alt.thehookah.de\/wp-content\/uploads\/2021\/02\/cropped-logo2.png\",\"contentUrl\":\"https:\/\/alt.thehookah.de\/wp-content\/uploads\/2021\/02\/cropped-logo2.png\",\"width\":300,\"height\":86,\"caption\":\"The Hookah\"},\"image\":{\"@id\":\"https:\/\/alt.thehookah.de\/fr\/#\/schema\/logo\/image\/\"}}]}<\/script>\n<meta property=\"og:availability\" content=\"instock\" \/>\n<meta property=\"product:availability\" content=\"instock\" \/>\n<meta property=\"product:condition\" content=\"new\" \/>\n<!-- \/ Yoast SEO plugin. -->","yoast_head_json":{"title":"Shisha DAYWALKER FULLY LED | acheter un narguil\u00e9 de haute qualit\u00e9","description":"Shisha DAYWALKER FULLY LED by THE HOOKAH \u2713 Argent \u2713 Or \u2713 Or rose \u2713 Arc-en-ciel \u2713 Noir \" Shisha en acier inoxydable avec effets sp\u00e9ciaux LED !","robots":{"index":"index","follow":"follow","max-snippet":"max-snippet:-1","max-image-preview":"max-image-preview:large","max-video-preview":"max-video-preview:-1"},"canonical":"https:\/\/alt.thehookah.de\/fr\/produkt\/b-ware-daywalker-fully-led-argent-or-or-rose-arc-en-ciel-noir\/","og_locale":"fr_FR","og_type":"article","og_title":"Shisha DAYWALKER FULLY LED | acheter un narguil\u00e9 de haute qualit\u00e9","og_description":"Shisha DAYWALKER FULLY LED by THE HOOKAH \u2713 Argent \u2713 Or \u2713 Or rose \u2713 Arc-en-ciel \u2713 Noir \" Shisha en acier inoxydable avec effets sp\u00e9ciaux LED !","og_url":"https:\/\/alt.thehookah.de\/fr\/produkt\/b-ware-daywalker-fully-led-argent-or-or-rose-arc-en-ciel-noir\/","og_site_name":"The Hookah","og_image":[{"width":1600,"height":1600,"url":"https:\/\/alt.thehookah.de\/wp-content\/uploads\/2021\/07\/DaywalkerCOVER.jpg","type":"image\/jpeg"}],"twitter_card":"summary_large_image","twitter_misc":{"Disponibilit\u00e9":"En stock"},"schema":{"@context":"https:\/\/schema.org","@graph":[{"@type":"WebPage","@id":"https:\/\/alt.thehookah.de\/fr\/produkt\/b-ware-daywalker-fully-led-argent-or-or-rose-arc-en-ciel-noir\/","url":"https:\/\/alt.thehookah.de\/fr\/produkt\/b-ware-daywalker-fully-led-argent-or-or-rose-arc-en-ciel-noir\/","name":"Shisha DAYWALKER FULLY LED | acheter un narguil\u00e9 de haute qualit\u00e9","isPartOf":{"@id":"https:\/\/alt.thehookah.de\/fr\/#website"},"primaryImageOfPage":{"@id":"https:\/\/alt.thehookah.de\/fr\/produkt\/b-ware-daywalker-fully-led-argent-or-or-rose-arc-en-ciel-noir\/#primaryimage"},"image":{"@id":"https:\/\/alt.thehookah.de\/fr\/produkt\/b-ware-daywalker-fully-led-argent-or-or-rose-arc-en-ciel-noir\/#primaryimage"},"thumbnailUrl":"https:\/\/alt.thehookah.de\/wp-content\/uploads\/2021\/07\/DaywalkerCOVER.jpg","datePublished":"2021-07-28T17:17:19+00:00","dateModified":"2021-07-28T17:17:19+00:00","description":"Shisha DAYWALKER FULLY LED by THE HOOKAH \u2713 Argent \u2713 Or \u2713 Or rose \u2713 Arc-en-ciel \u2713 Noir \" Shisha en acier inoxydable avec effets sp\u00e9ciaux LED !","breadcrumb":{"@id":"https:\/\/alt.thehookah.de\/fr\/produkt\/b-ware-daywalker-fully-led-argent-or-or-rose-arc-en-ciel-noir\/#breadcrumb"},"inLanguage":"fr-FR","potentialAction":[{"@type":"ReadAction","target":["https:\/\/alt.thehookah.de\/fr\/produkt\/b-ware-daywalker-fully-led-argent-or-or-rose-arc-en-ciel-noir\/"]}]},{"@type":"ImageObject","inLanguage":"fr-FR","@id":"https:\/\/alt.thehookah.de\/fr\/produkt\/b-ware-daywalker-fully-led-argent-or-or-rose-arc-en-ciel-noir\/#primaryimage","url":"https:\/\/alt.thehookah.de\/wp-content\/uploads\/2021\/07\/DaywalkerCOVER.jpg","contentUrl":"https:\/\/alt.thehookah.de\/wp-content\/uploads\/2021\/07\/DaywalkerCOVER.jpg","width":1600,"height":1600,"caption":"Daywalker"},{"@type":"BreadcrumbList","@id":"https:\/\/alt.thehookah.de\/fr\/produkt\/b-ware-daywalker-fully-led-argent-or-or-rose-arc-en-ciel-noir\/#breadcrumb","itemListElement":[{"@type":"ListItem","position":1,"name":"Startseite","item":"https:\/\/alt.thehookah.de\/fr\/"},{"@type":"ListItem","position":2,"name":"Ta boutique en ligne HOOKAH","item":"https:\/\/alt.thehookah.de\/fr\/ta-boutique-en-ligne-hookah\/"},{"@type":"ListItem","position":3,"name":"B-WARE DAYWALKER FULLY LED argent \/ or \/ or rose \/ arc-en-ciel \/ noir"}]},{"@type":"WebSite","@id":"https:\/\/alt.thehookah.de\/fr\/#website","url":"https:\/\/alt.thehookah.de\/fr\/","name":"The Hookah","description":"","publisher":{"@id":"https:\/\/alt.thehookah.de\/fr\/#organization"},"potentialAction":[{"@type":"SearchAction","target":{"@type":"EntryPoint","urlTemplate":"https:\/\/alt.thehookah.de\/fr\/?s={search_term_string}"},"query-input":"required name=search_term_string"}],"inLanguage":"fr-FR"},{"@type":"Organization","@id":"https:\/\/alt.thehookah.de\/fr\/#organization","name":"The Hookah","url":"https:\/\/alt.thehookah.de\/fr\/","logo":{"@type":"ImageObject","inLanguage":"fr-FR","@id":"https:\/\/alt.thehookah.de\/fr\/#\/schema\/logo\/image\/","url":"https:\/\/alt.thehookah.de\/wp-content\/uploads\/2021\/02\/cropped-logo2.png","contentUrl":"https:\/\/alt.thehookah.de\/wp-content\/uploads\/2021\/02\/cropped-logo2.png","width":300,"height":86,"caption":"The Hookah"},"image":{"@id":"https:\/\/alt.thehookah.de\/fr\/#\/schema\/logo\/image\/"}}]},"og_availability":"instock","product_availability":"instock","product_condition":"new"},"_links":{"self":[{"href":"https:\/\/alt.thehookah.de\/fr\/wp-json\/wp\/v2\/product\/618319"}],"collection":[{"href":"https:\/\/alt.thehookah.de\/fr\/wp-json\/wp\/v2\/product"}],"about":[{"href":"https:\/\/alt.thehookah.de\/fr\/wp-json\/wp\/v2\/types\/product"}],"replies":[{"embeddable":true,"href":"https:\/\/alt.thehookah.de\/fr\/wp-json\/wp\/v2\/comments?post=618319"}],"wp:featuredmedia":[{"embeddable":true,"href":"https:\/\/alt.thehookah.de\/fr\/wp-json\/wp\/v2\/media\/618325"}],"wp:attachment":[{"href":"https:\/\/alt.thehookah.de\/fr\/wp-json\/wp\/v2\/media?parent=618319"}],"wp:term":[{"taxonomy":"product_cat","embeddable":true,"href":"https:\/\/alt.thehookah.de\/fr\/wp-json\/wp\/v2\/product_cat?post=618319"},{"taxonomy":"product_tag","embeddable":true,"href":"https:\/\/alt.thehookah.de\/fr\/wp-json\/wp\/v2\/product_tag?post=618319"}],"curies":[{"name":"wp","href":"https:\/\/api.w.org\/{rel}","templated":true}]}}