{"id":618379,"date":"2021-08-07T15:16:38","date_gmt":"2021-08-07T13:16:38","guid":{"rendered":"https:\/\/www.thehookah.de\/produkt\/black-series-black-mamba-tete-en-verre\/"},"modified":"2024-04-06T12:41:15","modified_gmt":"2024-04-06T10:41:15","slug":"black-series-black-mamba-tete-en-verre","status":"publish","type":"product","link":"https:\/\/alt.thehookah.de\/fr\/produkt\/black-series-black-mamba-tete-en-verre\/","title":{"rendered":"Black Series BLACK MAMBA T\u00eate en verre"},"content":{"rendered":"<h2><\/h2>\n<h2 style=\"text-align: center;\">BLACK MAMBA<\/h2>\n<h2 style=\"text-align: center;\"><strong><em>S\u00e9rie noire<\/em><\/strong><\/h2>\n<h3 style=\"text-align: center;\"><em>Acier inoxydable V2A affin\u00e9 en  <\/em><\/h3>\n<h3 style=\"text-align: center;\"><em>Anthracite Gunmetal  <\/em><\/h3>\n<h3 style=\"text-align: center;\"><i> <\/i><\/h3>\n<h2><\/h2>\n<h2>&#8220;Les femmes appellent cela la punition par le silence. Et on leur fait croire que \u00e7a va faire mal&#8221;.<\/h2>\n<h3>-Kill<strong>Bill <\/strong> <\/h3>\n<p>&nbsp;<\/p>\n<p><strong>La shisha \/ hookah \/ pipe \u00e0 eau pour la maison et les d\u00e9placements<\/strong><\/p>\n<div><strong>Gr\u00e2ce \u00e0 notre nouveau &amp; tube plongeur en plusieurs parties en V2A, avec diffuseur d\u00e9vissable,<\/strong><\/div>\n<div><strong>vous pouvez maintenant d\u00e9terminer vous-m\u00eame la r\u00e9ponse de votre THE HOOKAH.<\/strong><\/div>\n<div>Dans la version courte, un comportement plus direct et dans la version longue, un comportement un peu plus indirect.<\/div>\n<div>Dans tous les cas, le diam\u00e8tre est dimensionn\u00e9 de mani\u00e8re \u00e0 ce que rien n&#8217;emp\u00eache une traction brutale.<\/div>\n<div><\/div>\n<div><\/div>\n<div>\n<h2>D\u00e9tails du produit<\/h2>\n<p><em><strong>BLACK MAMBA &#8211;  <\/strong><\/em><\/p>\n<p><em>Hauteur totale (jusqu&#8217;au plateau de charbon en acier inoxydable bross\u00e9) env. 60 cm sans collecteur de molasse<br \/>\n<\/em><em>Hauteur totale (jusqu&#8217;au plateau en charbon de bois en acier inoxydable bross\u00e9) env. 67 cm avec pi\u00e8ge \u00e0 molasse<\/em><\/p>\n<p>&nbsp;<\/p>\n<ul>\n<li>Base en acier inoxydable V2A<\/li>\n<li><strong>Syst\u00e8me de clic \u00e0 chambre ferm\u00e9e<\/strong><\/li>\n<li>V2A acier inoxydable bross\u00e9 Plateau \u00e0 charbon 24cm<\/li>\n<li><em><br \/>\n  <em><br \/>\n    <strong>BLACK MAMBA CUTTING S\u00e9rie noire <\/strong><br \/>\n  <\/em><br \/>\n<\/em>Bowl (verre en cristal)<\/li>\n<\/ul>\n<\/div>\n<p>&nbsp;<\/p>\n<h2>Contenu de la livraison<\/h2>\n<ul>\n<li><strong>1 x THE HOOKAH t\u00eate de verre Phunnel &amp; Firebox HMD Black Series<\/strong><\/li>\n<li><strong>1 x V2A acier inoxydable bross\u00e9 Plateau charbon <em>Anthracite Gunmetal <\/em> <\/strong><\/li>\n<li><strong>1 x adaptateur de rodage de t\u00eate 18\/8<\/strong><\/li>\n<li><strong>1 x <em>BLACK MAMBA<\/em> Collecteur de molasse 18\/8 en verre borosilicat\u00e9 Black Series<\/strong><\/li>\n<li><strong>1 x <em>BLACK MAMBA <\/em>colonne de fum\u00e9e V2A acier inoxydable<\/strong><\/li>\n<li><strong>1 x <em>BLACK MAMBA<\/em><em> <\/em>Base en acier inoxydable V2A<\/strong><\/li>\n<li><strong>4 x adaptateurs de tuyau 18\/8 Black Series<\/strong><\/li>\n<li><strong>4 x porte-tuyaux Black Series<\/strong><\/li>\n<li><strong>4 x embouts 18\/8 Black Series<\/strong><\/li>\n<li><strong>4 x boules de verre <\/strong><\/li>\n<li><strong>1 x tube plongeur V2A en plusieurs parties pouvant \u00eatre raccourci &amp; rallong\u00e9 Black Series<\/strong><\/li>\n<li><strong>1 x diffuseur d\u00e9vissable<\/strong><\/li>\n<li><strong>1 x ressort de protection contre le pliage<\/strong><\/li>\n<li><strong>1 x tuyau en silicone noir mat<\/strong><\/li>\n<li><strong>1 x embout buccal &#8211; THE HOOKAH Black  <\/strong><\/li>\n<li><strong>1 x t\u00eate de verre &amp; Firebox &amp; EHRENZANGE Gunmetall Editon<\/strong><\/li>\n<li><strong>1x <i>BLACK MAMBA CUTTING<\/i> verre en cristal souffl\u00e9 \u00e0 la bouche BOWL Black Series<\/strong><\/li>\n<\/ul>\n","protected":false},"excerpt":{"rendered":"<p>BLACK MAMBA S\u00e9rie noire Acier inoxydable V2A affin\u00e9 en Anthracite Gunmetal &#8220;Les femmes appellent cela la punition par le silence. Et on leur fait croire que \u00e7a va faire mal&#8221;. -KillBill &nbsp; La shisha \/ hookah \/ pipe \u00e0 eau pour la maison et les d\u00e9placements Gr\u00e2ce \u00e0 notre nouveau &amp; tube plongeur en plusieurs [&hellip;]<\/p>\n","protected":false},"featured_media":618380,"comment_status":"open","ping_status":"closed","template":"","meta":[],"product_cat":[321,329,323,318],"product_tag":[],"yoast_head":"<!-- This site is optimized with the Yoast SEO plugin v22.5 - https:\/\/yoast.com\/wordpress\/plugins\/seo\/ -->\n<title>Shisha Black Series BLACK MAMBA + t\u00eate de shisha en verre<\/title>\n<meta name=\"description\" content=\"Shisha Black Series BLACK MAMBA + t\u00eate en verre pour shisha &quot; la shisha \/ hookah \/ pipe \u00e0 eau pour la maison et en d\u00e9placement \u2713 acier inoxydable V2A affin\u00e9\" \/>\n<meta name=\"robots\" content=\"index, follow, max-snippet:-1, max-image-preview:large, max-video-preview:-1\" \/>\n<link rel=\"canonical\" href=\"https:\/\/alt.thehookah.de\/fr\/produkt\/black-series-black-mamba-tete-en-verre\/\" \/>\n<meta property=\"og:locale\" content=\"fr_FR\" \/>\n<meta property=\"og:type\" content=\"article\" \/>\n<meta property=\"og:title\" content=\"Shisha Black Series BLACK MAMBA + t\u00eate de shisha en verre\" \/>\n<meta property=\"og:description\" content=\"Shisha Black Series BLACK MAMBA + t\u00eate en verre pour shisha &quot; la shisha \/ hookah \/ pipe \u00e0 eau pour la maison et en d\u00e9placement \u2713 acier inoxydable V2A affin\u00e9\" \/>\n<meta property=\"og:url\" content=\"https:\/\/alt.thehookah.de\/fr\/produkt\/black-series-black-mamba-tete-en-verre\/\" \/>\n<meta property=\"og:site_name\" content=\"The Hookah\" \/>\n<meta property=\"article:modified_time\" content=\"2024-04-06T10:41:15+00:00\" \/>\n<meta property=\"og:image\" content=\"https:\/\/alt.thehookah.de\/wp-content\/uploads\/2021\/08\/black1-1.jpg\" \/>\n\t<meta property=\"og:image:width\" content=\"2000\" \/>\n\t<meta property=\"og:image:height\" content=\"2000\" \/>\n\t<meta property=\"og:image:type\" content=\"image\/jpeg\" \/>\n<meta name=\"twitter:card\" content=\"summary_large_image\" \/>\n<meta name=\"twitter:label1\" content=\"Prix\" \/>\n\t<meta name=\"twitter:data1\" content=\"194,98&nbsp;&euro;\" \/>\n\t<meta name=\"twitter:label2\" content=\"Disponibilit\u00e9\" \/>\n\t<meta name=\"twitter:data2\" content=\"En stock\" \/>\n<script type=\"application\/ld+json\" class=\"yoast-schema-graph\">{\"@context\":\"https:\/\/schema.org\",\"@graph\":[{\"@type\":\"WebPage\",\"@id\":\"https:\/\/alt.thehookah.de\/fr\/produkt\/black-series-black-mamba-tete-en-verre\/\",\"url\":\"https:\/\/alt.thehookah.de\/fr\/produkt\/black-series-black-mamba-tete-en-verre\/\",\"name\":\"Shisha Black Series BLACK MAMBA + t\u00eate de shisha en verre\",\"isPartOf\":{\"@id\":\"https:\/\/alt.thehookah.de\/fr\/#website\"},\"primaryImageOfPage\":{\"@id\":\"https:\/\/alt.thehookah.de\/fr\/produkt\/black-series-black-mamba-tete-en-verre\/#primaryimage\"},\"image\":{\"@id\":\"https:\/\/alt.thehookah.de\/fr\/produkt\/black-series-black-mamba-tete-en-verre\/#primaryimage\"},\"thumbnailUrl\":\"https:\/\/alt.thehookah.de\/wp-content\/uploads\/2021\/08\/black1-1.jpg\",\"datePublished\":\"2021-08-07T13:16:38+00:00\",\"dateModified\":\"2024-04-06T10:41:15+00:00\",\"description\":\"Shisha Black Series BLACK MAMBA + t\u00eate en verre pour shisha \\\" la shisha \/ hookah \/ pipe \u00e0 eau pour la maison et en d\u00e9placement \u2713 acier inoxydable V2A affin\u00e9\",\"breadcrumb\":{\"@id\":\"https:\/\/alt.thehookah.de\/fr\/produkt\/black-series-black-mamba-tete-en-verre\/#breadcrumb\"},\"inLanguage\":\"fr-FR\",\"potentialAction\":[{\"@type\":\"ReadAction\",\"target\":[\"https:\/\/alt.thehookah.de\/fr\/produkt\/black-series-black-mamba-tete-en-verre\/\"]}]},{\"@type\":\"ImageObject\",\"inLanguage\":\"fr-FR\",\"@id\":\"https:\/\/alt.thehookah.de\/fr\/produkt\/black-series-black-mamba-tete-en-verre\/#primaryimage\",\"url\":\"https:\/\/alt.thehookah.de\/wp-content\/uploads\/2021\/08\/black1-1.jpg\",\"contentUrl\":\"https:\/\/alt.thehookah.de\/wp-content\/uploads\/2021\/08\/black1-1.jpg\",\"width\":2000,\"height\":2000,\"caption\":\"S\u00e9rie noire BLACK MAMBA\"},{\"@type\":\"BreadcrumbList\",\"@id\":\"https:\/\/alt.thehookah.de\/fr\/produkt\/black-series-black-mamba-tete-en-verre\/#breadcrumb\",\"itemListElement\":[{\"@type\":\"ListItem\",\"position\":1,\"name\":\"Startseite\",\"item\":\"https:\/\/alt.thehookah.de\/fr\/\"},{\"@type\":\"ListItem\",\"position\":2,\"name\":\"Ta boutique en ligne HOOKAH\",\"item\":\"https:\/\/alt.thehookah.de\/fr\/ta-boutique-en-ligne-hookah\/\"},{\"@type\":\"ListItem\",\"position\":3,\"name\":\"Black Series BLACK MAMBA T\u00eate en verre\"}]},{\"@type\":\"WebSite\",\"@id\":\"https:\/\/alt.thehookah.de\/fr\/#website\",\"url\":\"https:\/\/alt.thehookah.de\/fr\/\",\"name\":\"The Hookah\",\"description\":\"\",\"publisher\":{\"@id\":\"https:\/\/alt.thehookah.de\/fr\/#organization\"},\"potentialAction\":[{\"@type\":\"SearchAction\",\"target\":{\"@type\":\"EntryPoint\",\"urlTemplate\":\"https:\/\/alt.thehookah.de\/fr\/?s={search_term_string}\"},\"query-input\":\"required name=search_term_string\"}],\"inLanguage\":\"fr-FR\"},{\"@type\":\"Organization\",\"@id\":\"https:\/\/alt.thehookah.de\/fr\/#organization\",\"name\":\"The Hookah\",\"url\":\"https:\/\/alt.thehookah.de\/fr\/\",\"logo\":{\"@type\":\"ImageObject\",\"inLanguage\":\"fr-FR\",\"@id\":\"https:\/\/alt.thehookah.de\/fr\/#\/schema\/logo\/image\/\",\"url\":\"https:\/\/alt.thehookah.de\/wp-content\/uploads\/2021\/02\/cropped-logo2.png\",\"contentUrl\":\"https:\/\/alt.thehookah.de\/wp-content\/uploads\/2021\/02\/cropped-logo2.png\",\"width\":300,\"height\":86,\"caption\":\"The Hookah\"},\"image\":{\"@id\":\"https:\/\/alt.thehookah.de\/fr\/#\/schema\/logo\/image\/\"}}]}<\/script>\n<meta property=\"product:price:amount\" content=\"194.98\" \/>\n<meta property=\"product:price:currency\" content=\"EUR\" \/>\n<meta property=\"og:availability\" content=\"instock\" \/>\n<meta property=\"product:availability\" content=\"instock\" \/>\n<meta property=\"product:retailer_item_id\" content=\"backseriesMamba1\" \/>\n<meta property=\"product:condition\" content=\"new\" \/>\n<!-- \/ Yoast SEO plugin. -->","yoast_head_json":{"title":"Shisha Black Series BLACK MAMBA + t\u00eate de shisha en verre","description":"Shisha Black Series BLACK MAMBA + t\u00eate en verre pour shisha \" la shisha \/ hookah \/ pipe \u00e0 eau pour la maison et en d\u00e9placement \u2713 acier inoxydable V2A affin\u00e9","robots":{"index":"index","follow":"follow","max-snippet":"max-snippet:-1","max-image-preview":"max-image-preview:large","max-video-preview":"max-video-preview:-1"},"canonical":"https:\/\/alt.thehookah.de\/fr\/produkt\/black-series-black-mamba-tete-en-verre\/","og_locale":"fr_FR","og_type":"article","og_title":"Shisha Black Series BLACK MAMBA + t\u00eate de shisha en verre","og_description":"Shisha Black Series BLACK MAMBA + t\u00eate en verre pour shisha \" la shisha \/ hookah \/ pipe \u00e0 eau pour la maison et en d\u00e9placement \u2713 acier inoxydable V2A affin\u00e9","og_url":"https:\/\/alt.thehookah.de\/fr\/produkt\/black-series-black-mamba-tete-en-verre\/","og_site_name":"The Hookah","article_modified_time":"2024-04-06T10:41:15+00:00","og_image":[{"width":2000,"height":2000,"url":"https:\/\/alt.thehookah.de\/wp-content\/uploads\/2021\/08\/black1-1.jpg","type":"image\/jpeg"}],"twitter_card":"summary_large_image","twitter_misc":{"Prix":"194,98&nbsp;&euro;","Disponibilit\u00e9":"En stock"},"schema":{"@context":"https:\/\/schema.org","@graph":[{"@type":"WebPage","@id":"https:\/\/alt.thehookah.de\/fr\/produkt\/black-series-black-mamba-tete-en-verre\/","url":"https:\/\/alt.thehookah.de\/fr\/produkt\/black-series-black-mamba-tete-en-verre\/","name":"Shisha Black Series BLACK MAMBA + t\u00eate de shisha en verre","isPartOf":{"@id":"https:\/\/alt.thehookah.de\/fr\/#website"},"primaryImageOfPage":{"@id":"https:\/\/alt.thehookah.de\/fr\/produkt\/black-series-black-mamba-tete-en-verre\/#primaryimage"},"image":{"@id":"https:\/\/alt.thehookah.de\/fr\/produkt\/black-series-black-mamba-tete-en-verre\/#primaryimage"},"thumbnailUrl":"https:\/\/alt.thehookah.de\/wp-content\/uploads\/2021\/08\/black1-1.jpg","datePublished":"2021-08-07T13:16:38+00:00","dateModified":"2024-04-06T10:41:15+00:00","description":"Shisha Black Series BLACK MAMBA + t\u00eate en verre pour shisha \" la shisha \/ hookah \/ pipe \u00e0 eau pour la maison et en d\u00e9placement \u2713 acier inoxydable V2A affin\u00e9","breadcrumb":{"@id":"https:\/\/alt.thehookah.de\/fr\/produkt\/black-series-black-mamba-tete-en-verre\/#breadcrumb"},"inLanguage":"fr-FR","potentialAction":[{"@type":"ReadAction","target":["https:\/\/alt.thehookah.de\/fr\/produkt\/black-series-black-mamba-tete-en-verre\/"]}]},{"@type":"ImageObject","inLanguage":"fr-FR","@id":"https:\/\/alt.thehookah.de\/fr\/produkt\/black-series-black-mamba-tete-en-verre\/#primaryimage","url":"https:\/\/alt.thehookah.de\/wp-content\/uploads\/2021\/08\/black1-1.jpg","contentUrl":"https:\/\/alt.thehookah.de\/wp-content\/uploads\/2021\/08\/black1-1.jpg","width":2000,"height":2000,"caption":"S\u00e9rie noire BLACK MAMBA"},{"@type":"BreadcrumbList","@id":"https:\/\/alt.thehookah.de\/fr\/produkt\/black-series-black-mamba-tete-en-verre\/#breadcrumb","itemListElement":[{"@type":"ListItem","position":1,"name":"Startseite","item":"https:\/\/alt.thehookah.de\/fr\/"},{"@type":"ListItem","position":2,"name":"Ta boutique en ligne HOOKAH","item":"https:\/\/alt.thehookah.de\/fr\/ta-boutique-en-ligne-hookah\/"},{"@type":"ListItem","position":3,"name":"Black Series BLACK MAMBA T\u00eate en verre"}]},{"@type":"WebSite","@id":"https:\/\/alt.thehookah.de\/fr\/#website","url":"https:\/\/alt.thehookah.de\/fr\/","name":"The Hookah","description":"","publisher":{"@id":"https:\/\/alt.thehookah.de\/fr\/#organization"},"potentialAction":[{"@type":"SearchAction","target":{"@type":"EntryPoint","urlTemplate":"https:\/\/alt.thehookah.de\/fr\/?s={search_term_string}"},"query-input":"required name=search_term_string"}],"inLanguage":"fr-FR"},{"@type":"Organization","@id":"https:\/\/alt.thehookah.de\/fr\/#organization","name":"The Hookah","url":"https:\/\/alt.thehookah.de\/fr\/","logo":{"@type":"ImageObject","inLanguage":"fr-FR","@id":"https:\/\/alt.thehookah.de\/fr\/#\/schema\/logo\/image\/","url":"https:\/\/alt.thehookah.de\/wp-content\/uploads\/2021\/02\/cropped-logo2.png","contentUrl":"https:\/\/alt.thehookah.de\/wp-content\/uploads\/2021\/02\/cropped-logo2.png","width":300,"height":86,"caption":"The Hookah"},"image":{"@id":"https:\/\/alt.thehookah.de\/fr\/#\/schema\/logo\/image\/"}}]},"product_price_amount":"194.98","product_price_currency":"EUR","og_availability":"instock","product_availability":"instock","product_retailer_item_id":"backseriesMamba1","product_condition":"new"},"_links":{"self":[{"href":"https:\/\/alt.thehookah.de\/fr\/wp-json\/wp\/v2\/product\/618379"}],"collection":[{"href":"https:\/\/alt.thehookah.de\/fr\/wp-json\/wp\/v2\/product"}],"about":[{"href":"https:\/\/alt.thehookah.de\/fr\/wp-json\/wp\/v2\/types\/product"}],"replies":[{"embeddable":true,"href":"https:\/\/alt.thehookah.de\/fr\/wp-json\/wp\/v2\/comments?post=618379"}],"wp:featuredmedia":[{"embeddable":true,"href":"https:\/\/alt.thehookah.de\/fr\/wp-json\/wp\/v2\/media\/618380"}],"wp:attachment":[{"href":"https:\/\/alt.thehookah.de\/fr\/wp-json\/wp\/v2\/media?parent=618379"}],"wp:term":[{"taxonomy":"product_cat","embeddable":true,"href":"https:\/\/alt.thehookah.de\/fr\/wp-json\/wp\/v2\/product_cat?post=618379"},{"taxonomy":"product_tag","embeddable":true,"href":"https:\/\/alt.thehookah.de\/fr\/wp-json\/wp\/v2\/product_tag?post=618379"}],"curies":[{"name":"wp","href":"https:\/\/api.w.org\/{rel}","templated":true}]}}