{"id":618422,"date":"2021-07-13T11:24:46","date_gmt":"2021-07-13T09:24:46","guid":{"rendered":"https:\/\/www.thehookah.de\/produkt\/the-hookah-led-flex-ring\/"},"modified":"2021-07-13T11:24:46","modified_gmt":"2021-07-13T09:24:46","slug":"the-hookah-led-flex-ring","status":"publish","type":"product","link":"https:\/\/alt.thehookah.de\/fr\/produkt\/the-hookah-led-flex-ring\/","title":{"rendered":"THE HOOKAH LED FLEX RING"},"content":{"rendered":"<h1><em><strong>  THE HOOKAH FLEX RING  <\/strong><\/em><\/h1>\n<h2><em><strong>7 couleurs diff\u00e9rentes &#8211; via le bouton de l&#8217;anneau The Hookah Flex<\/strong><\/em><\/h2>\n<h2><em> <b>3 modes d&#8217;alternance diff\u00e9rents  <\/b><\/em><\/h2>\n<p>&nbsp;<\/p>\n<h2><span data-mce-mark=\"1\">Description du produit :<\/span><\/h2>\n<h3 style=\"text-align: center;\"><strong>Shine brightly like our hookah !<\/strong><\/h3>\n<h3 style=\"text-align: center;\">Innovation et cr\u00e9ativit\u00e9 en m\u00eame temps &#8211; c&#8217;est notre <strong>THE HOOKAH FLEX RING<\/strong>.<\/h3>\n<h3 style=\"text-align: center;\">La lumi\u00e8re de l&#8217;anneau flexible fait briller votre shisha d&#8217;un feu de couleurs unique. Vous voulez savoir comment ? C&#8217;est simple. Pour cela, vous avez le choix entre 7 couleurs vives diff\u00e9rentes et 3 modes de changement individuels. L&#8217;anneau se fixe sur la partie inf\u00e9rieure de votre plaque \u00e0 charbon, ce qui rend votre hookah tr\u00e8s sp\u00e9cial.<\/h3>\n<h3 style=\"text-align: center;\">Gr\u00e2ce aux points de colle fournis, tu peux facilement fixer l&#8217;anneau sur le dessous de ton assiette \u00e0 charbon.<\/h3>\n<h3 style=\"text-align: center;\">En m\u00eame temps, notre anneau poss\u00e8de une batterie interne qui peut \u00eatre recharg\u00e9e \u00e0 l&#8217;aide d&#8217;un c\u00e2ble micro-USB, \u00e9galement fourni avec l&#8217;anneau.<\/h3>\n<h3><\/h3>\n<h3 style=\"text-align: center;\"><strong><em>Citation : &#8220;Il n&#8217;est pas n\u00e9cessaire de souffler la lumi\u00e8re de quelqu&#8217;un d&#8217;autre pour pouvoir faire briller la sienne&#8221;.<\/em><\/strong><\/h3>\n<h3 style=\"text-align: center;\"><strong>Nos derniers mots pour vous \u00e0 la fin&#8230;.Nous vous promettons que cette bague fera de l&#8217;obscurit\u00e9 une aventure inoubliable !<\/strong><\/h3>\n<h3 style=\"text-align: center;\"><\/h3>\n<p>&nbsp;<\/p>\n<p>&nbsp;<\/p>\n<ul>\n<li>diam\u00e8tre : 20 cm<\/li>\n<li>Autonomie de la batterie jusqu&#8217;\u00e0 10-60 minutes selon le choix des couleurs \/ modes<\/li>\n<\/ul>\n<h2>Contenu de la livraison :<\/h2>\n<ul>\n<li><span data-mce-mark=\"1\">1x The Hookah LED Flex Ring<\/span><\/li>\n<li><span data-mce-mark=\"1\">1x c\u00e2ble de recharge<\/span><\/li>\n<li><span data-mce-mark=\"1\">6x points de colle<\/span><\/li>\n<\/ul>\n<p>&nbsp;<\/p>\n<h2>Note :<\/h2>\n<p><strong>aucun charbon ne doit \u00eatre plac\u00e9\/d\u00e9pos\u00e9 sur le plateau \u00e0 charbon, sinon l&#8217;anneau LED-Flex de THE HOOKAH risque de fondre.<\/strong><\/p>\n","protected":false},"excerpt":{"rendered":"<p>THE HOOKAH FLEX RING 7 couleurs diff\u00e9rentes &#8211; via le bouton de l&#8217;anneau The Hookah Flex 3 modes d&#8217;alternance diff\u00e9rents &nbsp; Description du produit : Shine brightly like our hookah ! Innovation et cr\u00e9ativit\u00e9 en m\u00eame temps &#8211; c&#8217;est notre THE HOOKAH FLEX RING. La lumi\u00e8re de l&#8217;anneau flexible fait briller votre shisha d&#8217;un feu [&hellip;]<\/p>\n","protected":false},"featured_media":618423,"comment_status":"open","ping_status":"closed","template":"","meta":[],"product_cat":[310,351,314,321,347],"product_tag":[],"yoast_head":"<!-- This site is optimized with the Yoast SEO plugin v22.5 - https:\/\/yoast.com\/wordpress\/plugins\/seo\/ -->\n<title>THE HOOKAH Flex Ring | votre shisha en feu de couleurs avec LED<\/title>\n<meta name=\"description\" content=\"Acheter THE HOOKAH Flex Ring dans le Shisha Shop \u2713 7 diff\u00e9rentes couleurs vives \u2713 3 diff\u00e9rents modes de changement &quot; pour le dessous de votre plaque de charbon\" \/>\n<meta name=\"robots\" content=\"index, follow, max-snippet:-1, max-image-preview:large, max-video-preview:-1\" \/>\n<link rel=\"canonical\" href=\"https:\/\/alt.thehookah.de\/fr\/produkt\/the-hookah-led-flex-ring\/\" \/>\n<meta property=\"og:locale\" content=\"fr_FR\" \/>\n<meta property=\"og:type\" content=\"article\" \/>\n<meta property=\"og:title\" content=\"THE HOOKAH Flex Ring | votre shisha en feu de couleurs avec LED\" \/>\n<meta property=\"og:description\" content=\"Acheter THE HOOKAH Flex Ring dans le Shisha Shop \u2713 7 diff\u00e9rentes couleurs vives \u2713 3 diff\u00e9rents modes de changement &quot; pour le dessous de votre plaque de charbon\" \/>\n<meta property=\"og:url\" content=\"https:\/\/alt.thehookah.de\/fr\/produkt\/the-hookah-led-flex-ring\/\" \/>\n<meta property=\"og:site_name\" content=\"The Hookah\" \/>\n<meta property=\"og:image\" content=\"https:\/\/alt.thehookah.de\/wp-content\/uploads\/2021\/07\/LED3.jpg\" \/>\n\t<meta property=\"og:image:width\" content=\"2000\" \/>\n\t<meta property=\"og:image:height\" content=\"2000\" \/>\n\t<meta property=\"og:image:type\" content=\"image\/jpeg\" \/>\n<meta name=\"twitter:card\" content=\"summary_large_image\" \/>\n<meta name=\"twitter:label1\" content=\"Prix\" \/>\n\t<meta name=\"twitter:data1\" content=\"27,98&nbsp;&euro;\" \/>\n\t<meta name=\"twitter:label2\" content=\"Disponibilit\u00e9\" \/>\n\t<meta name=\"twitter:data2\" content=\"En stock\" \/>\n<script type=\"application\/ld+json\" class=\"yoast-schema-graph\">{\"@context\":\"https:\/\/schema.org\",\"@graph\":[{\"@type\":\"WebPage\",\"@id\":\"https:\/\/alt.thehookah.de\/fr\/produkt\/the-hookah-led-flex-ring\/\",\"url\":\"https:\/\/alt.thehookah.de\/fr\/produkt\/the-hookah-led-flex-ring\/\",\"name\":\"THE HOOKAH Flex Ring | votre shisha en feu de couleurs avec LED\",\"isPartOf\":{\"@id\":\"https:\/\/alt.thehookah.de\/fr\/#website\"},\"primaryImageOfPage\":{\"@id\":\"https:\/\/alt.thehookah.de\/fr\/produkt\/the-hookah-led-flex-ring\/#primaryimage\"},\"image\":{\"@id\":\"https:\/\/alt.thehookah.de\/fr\/produkt\/the-hookah-led-flex-ring\/#primaryimage\"},\"thumbnailUrl\":\"https:\/\/alt.thehookah.de\/wp-content\/uploads\/2021\/07\/LED3.jpg\",\"datePublished\":\"2021-07-13T09:24:46+00:00\",\"dateModified\":\"2021-07-13T09:24:46+00:00\",\"description\":\"Acheter THE HOOKAH Flex Ring dans le Shisha Shop \u2713 7 diff\u00e9rentes couleurs vives \u2713 3 diff\u00e9rents modes de changement \\\" pour le dessous de votre plaque de charbon\",\"breadcrumb\":{\"@id\":\"https:\/\/alt.thehookah.de\/fr\/produkt\/the-hookah-led-flex-ring\/#breadcrumb\"},\"inLanguage\":\"fr-FR\",\"potentialAction\":[{\"@type\":\"ReadAction\",\"target\":[\"https:\/\/alt.thehookah.de\/fr\/produkt\/the-hookah-led-flex-ring\/\"]}]},{\"@type\":\"ImageObject\",\"inLanguage\":\"fr-FR\",\"@id\":\"https:\/\/alt.thehookah.de\/fr\/produkt\/the-hookah-led-flex-ring\/#primaryimage\",\"url\":\"https:\/\/alt.thehookah.de\/wp-content\/uploads\/2021\/07\/LED3.jpg\",\"contentUrl\":\"https:\/\/alt.thehookah.de\/wp-content\/uploads\/2021\/07\/LED3.jpg\",\"width\":2000,\"height\":2000,\"caption\":\"THE HOOKAH FLEX RING\"},{\"@type\":\"BreadcrumbList\",\"@id\":\"https:\/\/alt.thehookah.de\/fr\/produkt\/the-hookah-led-flex-ring\/#breadcrumb\",\"itemListElement\":[{\"@type\":\"ListItem\",\"position\":1,\"name\":\"Startseite\",\"item\":\"https:\/\/alt.thehookah.de\/fr\/\"},{\"@type\":\"ListItem\",\"position\":2,\"name\":\"Ta boutique en ligne HOOKAH\",\"item\":\"https:\/\/alt.thehookah.de\/fr\/ta-boutique-en-ligne-hookah\/\"},{\"@type\":\"ListItem\",\"position\":3,\"name\":\"THE HOOKAH LED FLEX RING\"}]},{\"@type\":\"WebSite\",\"@id\":\"https:\/\/alt.thehookah.de\/fr\/#website\",\"url\":\"https:\/\/alt.thehookah.de\/fr\/\",\"name\":\"The Hookah\",\"description\":\"\",\"publisher\":{\"@id\":\"https:\/\/alt.thehookah.de\/fr\/#organization\"},\"potentialAction\":[{\"@type\":\"SearchAction\",\"target\":{\"@type\":\"EntryPoint\",\"urlTemplate\":\"https:\/\/alt.thehookah.de\/fr\/?s={search_term_string}\"},\"query-input\":\"required name=search_term_string\"}],\"inLanguage\":\"fr-FR\"},{\"@type\":\"Organization\",\"@id\":\"https:\/\/alt.thehookah.de\/fr\/#organization\",\"name\":\"The Hookah\",\"url\":\"https:\/\/alt.thehookah.de\/fr\/\",\"logo\":{\"@type\":\"ImageObject\",\"inLanguage\":\"fr-FR\",\"@id\":\"https:\/\/alt.thehookah.de\/fr\/#\/schema\/logo\/image\/\",\"url\":\"https:\/\/alt.thehookah.de\/wp-content\/uploads\/2021\/02\/cropped-logo2.png\",\"contentUrl\":\"https:\/\/alt.thehookah.de\/wp-content\/uploads\/2021\/02\/cropped-logo2.png\",\"width\":300,\"height\":86,\"caption\":\"The Hookah\"},\"image\":{\"@id\":\"https:\/\/alt.thehookah.de\/fr\/#\/schema\/logo\/image\/\"}}]}<\/script>\n<meta property=\"product:price:amount\" content=\"27.98\" \/>\n<meta property=\"product:price:currency\" content=\"EUR\" \/>\n<meta property=\"og:availability\" content=\"instock\" \/>\n<meta property=\"product:availability\" content=\"instock\" \/>\n<meta property=\"product:retailer_item_id\" content=\"FlexR1\" \/>\n<meta property=\"product:condition\" content=\"new\" \/>\n<!-- \/ Yoast SEO plugin. -->","yoast_head_json":{"title":"THE HOOKAH Flex Ring | votre shisha en feu de couleurs avec LED","description":"Acheter THE HOOKAH Flex Ring dans le Shisha Shop \u2713 7 diff\u00e9rentes couleurs vives \u2713 3 diff\u00e9rents modes de changement \" pour le dessous de votre plaque de charbon","robots":{"index":"index","follow":"follow","max-snippet":"max-snippet:-1","max-image-preview":"max-image-preview:large","max-video-preview":"max-video-preview:-1"},"canonical":"https:\/\/alt.thehookah.de\/fr\/produkt\/the-hookah-led-flex-ring\/","og_locale":"fr_FR","og_type":"article","og_title":"THE HOOKAH Flex Ring | votre shisha en feu de couleurs avec LED","og_description":"Acheter THE HOOKAH Flex Ring dans le Shisha Shop \u2713 7 diff\u00e9rentes couleurs vives \u2713 3 diff\u00e9rents modes de changement \" pour le dessous de votre plaque de charbon","og_url":"https:\/\/alt.thehookah.de\/fr\/produkt\/the-hookah-led-flex-ring\/","og_site_name":"The Hookah","og_image":[{"width":2000,"height":2000,"url":"https:\/\/alt.thehookah.de\/wp-content\/uploads\/2021\/07\/LED3.jpg","type":"image\/jpeg"}],"twitter_card":"summary_large_image","twitter_misc":{"Prix":"27,98&nbsp;&euro;","Disponibilit\u00e9":"En stock"},"schema":{"@context":"https:\/\/schema.org","@graph":[{"@type":"WebPage","@id":"https:\/\/alt.thehookah.de\/fr\/produkt\/the-hookah-led-flex-ring\/","url":"https:\/\/alt.thehookah.de\/fr\/produkt\/the-hookah-led-flex-ring\/","name":"THE HOOKAH Flex Ring | votre shisha en feu de couleurs avec LED","isPartOf":{"@id":"https:\/\/alt.thehookah.de\/fr\/#website"},"primaryImageOfPage":{"@id":"https:\/\/alt.thehookah.de\/fr\/produkt\/the-hookah-led-flex-ring\/#primaryimage"},"image":{"@id":"https:\/\/alt.thehookah.de\/fr\/produkt\/the-hookah-led-flex-ring\/#primaryimage"},"thumbnailUrl":"https:\/\/alt.thehookah.de\/wp-content\/uploads\/2021\/07\/LED3.jpg","datePublished":"2021-07-13T09:24:46+00:00","dateModified":"2021-07-13T09:24:46+00:00","description":"Acheter THE HOOKAH Flex Ring dans le Shisha Shop \u2713 7 diff\u00e9rentes couleurs vives \u2713 3 diff\u00e9rents modes de changement \" pour le dessous de votre plaque de charbon","breadcrumb":{"@id":"https:\/\/alt.thehookah.de\/fr\/produkt\/the-hookah-led-flex-ring\/#breadcrumb"},"inLanguage":"fr-FR","potentialAction":[{"@type":"ReadAction","target":["https:\/\/alt.thehookah.de\/fr\/produkt\/the-hookah-led-flex-ring\/"]}]},{"@type":"ImageObject","inLanguage":"fr-FR","@id":"https:\/\/alt.thehookah.de\/fr\/produkt\/the-hookah-led-flex-ring\/#primaryimage","url":"https:\/\/alt.thehookah.de\/wp-content\/uploads\/2021\/07\/LED3.jpg","contentUrl":"https:\/\/alt.thehookah.de\/wp-content\/uploads\/2021\/07\/LED3.jpg","width":2000,"height":2000,"caption":"THE HOOKAH FLEX RING"},{"@type":"BreadcrumbList","@id":"https:\/\/alt.thehookah.de\/fr\/produkt\/the-hookah-led-flex-ring\/#breadcrumb","itemListElement":[{"@type":"ListItem","position":1,"name":"Startseite","item":"https:\/\/alt.thehookah.de\/fr\/"},{"@type":"ListItem","position":2,"name":"Ta boutique en ligne HOOKAH","item":"https:\/\/alt.thehookah.de\/fr\/ta-boutique-en-ligne-hookah\/"},{"@type":"ListItem","position":3,"name":"THE HOOKAH LED FLEX RING"}]},{"@type":"WebSite","@id":"https:\/\/alt.thehookah.de\/fr\/#website","url":"https:\/\/alt.thehookah.de\/fr\/","name":"The Hookah","description":"","publisher":{"@id":"https:\/\/alt.thehookah.de\/fr\/#organization"},"potentialAction":[{"@type":"SearchAction","target":{"@type":"EntryPoint","urlTemplate":"https:\/\/alt.thehookah.de\/fr\/?s={search_term_string}"},"query-input":"required name=search_term_string"}],"inLanguage":"fr-FR"},{"@type":"Organization","@id":"https:\/\/alt.thehookah.de\/fr\/#organization","name":"The Hookah","url":"https:\/\/alt.thehookah.de\/fr\/","logo":{"@type":"ImageObject","inLanguage":"fr-FR","@id":"https:\/\/alt.thehookah.de\/fr\/#\/schema\/logo\/image\/","url":"https:\/\/alt.thehookah.de\/wp-content\/uploads\/2021\/02\/cropped-logo2.png","contentUrl":"https:\/\/alt.thehookah.de\/wp-content\/uploads\/2021\/02\/cropped-logo2.png","width":300,"height":86,"caption":"The Hookah"},"image":{"@id":"https:\/\/alt.thehookah.de\/fr\/#\/schema\/logo\/image\/"}}]},"product_price_amount":"27.98","product_price_currency":"EUR","og_availability":"instock","product_availability":"instock","product_retailer_item_id":"FlexR1","product_condition":"new"},"_links":{"self":[{"href":"https:\/\/alt.thehookah.de\/fr\/wp-json\/wp\/v2\/product\/618422"}],"collection":[{"href":"https:\/\/alt.thehookah.de\/fr\/wp-json\/wp\/v2\/product"}],"about":[{"href":"https:\/\/alt.thehookah.de\/fr\/wp-json\/wp\/v2\/types\/product"}],"replies":[{"embeddable":true,"href":"https:\/\/alt.thehookah.de\/fr\/wp-json\/wp\/v2\/comments?post=618422"}],"wp:featuredmedia":[{"embeddable":true,"href":"https:\/\/alt.thehookah.de\/fr\/wp-json\/wp\/v2\/media\/618423"}],"wp:attachment":[{"href":"https:\/\/alt.thehookah.de\/fr\/wp-json\/wp\/v2\/media?parent=618422"}],"wp:term":[{"taxonomy":"product_cat","embeddable":true,"href":"https:\/\/alt.thehookah.de\/fr\/wp-json\/wp\/v2\/product_cat?post=618422"},{"taxonomy":"product_tag","embeddable":true,"href":"https:\/\/alt.thehookah.de\/fr\/wp-json\/wp\/v2\/product_tag?post=618422"}],"curies":[{"name":"wp","href":"https:\/\/api.w.org\/{rel}","templated":true}]}}