{"id":618443,"date":"2021-07-13T18:27:15","date_gmt":"2021-07-13T16:27:15","guid":{"rendered":"https:\/\/www.thehookah.de\/produkt\/the-hookah-dmx-premium-embout-en-verre-x-acier-inoxydable-v2a\/"},"modified":"2023-11-26T17:16:57","modified_gmt":"2023-11-26T16:16:57","slug":"the-hookah-dmx-premium-embout-en-verre-x-acier-inoxydable-v2a","status":"publish","type":"product","link":"https:\/\/alt.thehookah.de\/fr\/produkt\/the-hookah-dmx-premium-embout-en-verre-x-acier-inoxydable-v2a\/","title":{"rendered":"THE HOOKAH DMX Premium Embout en verre x acier inoxydable V2A"},"content":{"rendered":"<h2 style=\"text-align: center;\"><strong>THE HOOKAH DMX Premium<\/strong><\/h2>\n<h3 style=\"text-align: center;\"><em> <strong> Embout en verre <\/strong><strong>verre borosilicat\u00e9 <\/strong><strong>x Acier inoxydable V2A Poign\u00e9e<\/strong><\/em><\/h3>\n<p>&nbsp;<\/p>\n<h4 class=\"p1\"><span class=\"s1\">-Were the Hood At-<\/span><\/h4>\n<h4 class=\"p2\"><span class=\"s2\">Nous vous pr\u00e9sentons l&#8217;embout THE HOOKAH DMX ! Cet embout en verre ajoute de la valeur \u00e0 n&#8217;importe laquelle de vos pipes et vous procure une exp\u00e9rience de fumer indescriptible.<\/span><\/h4>\n<h4 class=\"p2\"><span class=\"s2\">Nos embouts se composent d&#8217;une poign\u00e9e en acier inoxydable de qualit\u00e9 sup\u00e9rieure, suivie d&#8217;un verre qui est tout simplement ins\u00e9r\u00e9 dans l&#8217;ouverture de la poign\u00e9e en acier inoxydable gr\u00e2ce \u00e0 une coupe 18\/8.  <\/span><\/h4>\n<h4 class=\"p2\"><span class=\"s2\">D\u00e9tail particulier, notre logo THE HOOKAH a \u00e9t\u00e9 plac\u00e9 sur la partie en verre. L&#8217;effet sp\u00e9cial est de voir la fum\u00e9e s&#8217;\u00e9couler \u00e0 travers notre embout en verre.<\/span><\/h4>\n<h4 class=\"p2\"><span class=\"s2\">Notre recommandation : cet embout en verre de premi\u00e8re qualit\u00e9 convient \u00e0 tous nos shishas, car il est disponible dans nos cinq couleurs bien connues.  <\/span><\/h4>\n<p>&nbsp;<\/p>\n<h4><strong><em>Contenu de la livraison : <\/em><\/strong><\/h4>\n<ul>\n<li>\n<h4><strong>Embout en verre borosilicat\u00e9 avec coupe de 18,8<\/strong><\/h4>\n<\/li>\n<li>\n<h4><strong>poign\u00e9e en acier inoxydable V2A<\/strong><\/h4>\n<\/li>\n<\/ul>\n<h4><strong>La longueur totale est de 35 cm.<\/strong><\/h4>\n","protected":false},"excerpt":{"rendered":"<p>THE HOOKAH DMX Premium Embout en verre verre borosilicat\u00e9 x Acier inoxydable V2A Poign\u00e9e &nbsp; -Were the Hood At- Nous vous pr\u00e9sentons l&#8217;embout THE HOOKAH DMX ! Cet embout en verre ajoute de la valeur \u00e0 n&#8217;importe laquelle de vos pipes et vous procure une exp\u00e9rience de fumer indescriptible. Nos embouts se composent d&#8217;une poign\u00e9e [&hellip;]<\/p>\n","protected":false},"featured_media":618449,"comment_status":"open","ping_status":"closed","template":"","meta":[],"product_cat":[310,344,333],"product_tag":[],"yoast_head":"<!-- This site is optimized with the Yoast SEO plugin v22.5 - https:\/\/yoast.com\/wordpress\/plugins\/seo\/ -->\n<title>THE HOOKAH DMX Premium Embout de shisha en verre x acier inoxydable V2A<\/title>\n<meta name=\"description\" content=\"THE HOOKAH DMX Premium embout en verre pour shisha x acier inoxydable V2A &quot; dans les couleurs \u2713 or \u2713 or rose \u2713 argent \u2713 arc-en-ciel ou noir, acheter maintenant !\" \/>\n<meta name=\"robots\" content=\"index, follow, max-snippet:-1, max-image-preview:large, max-video-preview:-1\" \/>\n<link rel=\"canonical\" href=\"https:\/\/alt.thehookah.de\/fr\/produkt\/the-hookah-dmx-premium-embout-en-verre-x-acier-inoxydable-v2a\/\" \/>\n<meta property=\"og:locale\" content=\"fr_FR\" \/>\n<meta property=\"og:type\" content=\"article\" \/>\n<meta property=\"og:title\" content=\"THE HOOKAH DMX Premium Embout de shisha en verre x acier inoxydable V2A\" \/>\n<meta property=\"og:description\" content=\"THE HOOKAH DMX Premium embout en verre pour shisha x acier inoxydable V2A &quot; dans les couleurs \u2713 or \u2713 or rose \u2713 argent \u2713 arc-en-ciel ou noir, acheter maintenant !\" \/>\n<meta property=\"og:url\" content=\"https:\/\/alt.thehookah.de\/fr\/produkt\/the-hookah-dmx-premium-embout-en-verre-x-acier-inoxydable-v2a\/\" \/>\n<meta property=\"og:site_name\" content=\"The Hookah\" \/>\n<meta property=\"article:modified_time\" content=\"2023-11-26T16:16:57+00:00\" \/>\n<meta property=\"og:image\" content=\"https:\/\/alt.thehookah.de\/wp-content\/uploads\/2021\/07\/DMX_Gruppe.jpg\" \/>\n\t<meta property=\"og:image:width\" content=\"1600\" \/>\n\t<meta property=\"og:image:height\" content=\"1600\" \/>\n\t<meta property=\"og:image:type\" content=\"image\/jpeg\" \/>\n<meta name=\"twitter:card\" content=\"summary_large_image\" \/>\n<meta name=\"twitter:label1\" content=\"Disponibilit\u00e9\" \/>\n\t<meta name=\"twitter:data1\" content=\"En stock\" \/>\n<script type=\"application\/ld+json\" class=\"yoast-schema-graph\">{\"@context\":\"https:\/\/schema.org\",\"@graph\":[{\"@type\":\"WebPage\",\"@id\":\"https:\/\/alt.thehookah.de\/fr\/produkt\/the-hookah-dmx-premium-embout-en-verre-x-acier-inoxydable-v2a\/\",\"url\":\"https:\/\/alt.thehookah.de\/fr\/produkt\/the-hookah-dmx-premium-embout-en-verre-x-acier-inoxydable-v2a\/\",\"name\":\"THE HOOKAH DMX Premium Embout de shisha en verre x acier inoxydable V2A\",\"isPartOf\":{\"@id\":\"https:\/\/alt.thehookah.de\/fr\/#website\"},\"primaryImageOfPage\":{\"@id\":\"https:\/\/alt.thehookah.de\/fr\/produkt\/the-hookah-dmx-premium-embout-en-verre-x-acier-inoxydable-v2a\/#primaryimage\"},\"image\":{\"@id\":\"https:\/\/alt.thehookah.de\/fr\/produkt\/the-hookah-dmx-premium-embout-en-verre-x-acier-inoxydable-v2a\/#primaryimage\"},\"thumbnailUrl\":\"https:\/\/alt.thehookah.de\/wp-content\/uploads\/2021\/07\/DMX_Gruppe.jpg\",\"datePublished\":\"2021-07-13T16:27:15+00:00\",\"dateModified\":\"2023-11-26T16:16:57+00:00\",\"description\":\"THE HOOKAH DMX Premium embout en verre pour shisha x acier inoxydable V2A \\\" dans les couleurs \u2713 or \u2713 or rose \u2713 argent \u2713 arc-en-ciel ou noir, acheter maintenant !\",\"breadcrumb\":{\"@id\":\"https:\/\/alt.thehookah.de\/fr\/produkt\/the-hookah-dmx-premium-embout-en-verre-x-acier-inoxydable-v2a\/#breadcrumb\"},\"inLanguage\":\"fr-FR\",\"potentialAction\":[{\"@type\":\"ReadAction\",\"target\":[\"https:\/\/alt.thehookah.de\/fr\/produkt\/the-hookah-dmx-premium-embout-en-verre-x-acier-inoxydable-v2a\/\"]}]},{\"@type\":\"ImageObject\",\"inLanguage\":\"fr-FR\",\"@id\":\"https:\/\/alt.thehookah.de\/fr\/produkt\/the-hookah-dmx-premium-embout-en-verre-x-acier-inoxydable-v2a\/#primaryimage\",\"url\":\"https:\/\/alt.thehookah.de\/wp-content\/uploads\/2021\/07\/DMX_Gruppe.jpg\",\"contentUrl\":\"https:\/\/alt.thehookah.de\/wp-content\/uploads\/2021\/07\/DMX_Gruppe.jpg\",\"width\":1600,\"height\":1600,\"caption\":\"Glasmundst\u00fcck DMX\"},{\"@type\":\"BreadcrumbList\",\"@id\":\"https:\/\/alt.thehookah.de\/fr\/produkt\/the-hookah-dmx-premium-embout-en-verre-x-acier-inoxydable-v2a\/#breadcrumb\",\"itemListElement\":[{\"@type\":\"ListItem\",\"position\":1,\"name\":\"Startseite\",\"item\":\"https:\/\/alt.thehookah.de\/fr\/\"},{\"@type\":\"ListItem\",\"position\":2,\"name\":\"Ta boutique en ligne HOOKAH\",\"item\":\"https:\/\/alt.thehookah.de\/fr\/ta-boutique-en-ligne-hookah\/\"},{\"@type\":\"ListItem\",\"position\":3,\"name\":\"THE HOOKAH DMX Premium Embout en verre x acier inoxydable V2A\"}]},{\"@type\":\"WebSite\",\"@id\":\"https:\/\/alt.thehookah.de\/fr\/#website\",\"url\":\"https:\/\/alt.thehookah.de\/fr\/\",\"name\":\"The Hookah\",\"description\":\"\",\"publisher\":{\"@id\":\"https:\/\/alt.thehookah.de\/fr\/#organization\"},\"potentialAction\":[{\"@type\":\"SearchAction\",\"target\":{\"@type\":\"EntryPoint\",\"urlTemplate\":\"https:\/\/alt.thehookah.de\/fr\/?s={search_term_string}\"},\"query-input\":\"required name=search_term_string\"}],\"inLanguage\":\"fr-FR\"},{\"@type\":\"Organization\",\"@id\":\"https:\/\/alt.thehookah.de\/fr\/#organization\",\"name\":\"The Hookah\",\"url\":\"https:\/\/alt.thehookah.de\/fr\/\",\"logo\":{\"@type\":\"ImageObject\",\"inLanguage\":\"fr-FR\",\"@id\":\"https:\/\/alt.thehookah.de\/fr\/#\/schema\/logo\/image\/\",\"url\":\"https:\/\/alt.thehookah.de\/wp-content\/uploads\/2021\/02\/cropped-logo2.png\",\"contentUrl\":\"https:\/\/alt.thehookah.de\/wp-content\/uploads\/2021\/02\/cropped-logo2.png\",\"width\":300,\"height\":86,\"caption\":\"The Hookah\"},\"image\":{\"@id\":\"https:\/\/alt.thehookah.de\/fr\/#\/schema\/logo\/image\/\"}}]}<\/script>\n<meta property=\"og:availability\" content=\"instock\" \/>\n<meta property=\"product:availability\" content=\"instock\" \/>\n<meta property=\"product:retailer_item_id\" content=\"MS-DMX\" \/>\n<meta property=\"product:condition\" content=\"new\" \/>\n<!-- \/ Yoast SEO plugin. -->","yoast_head_json":{"title":"THE HOOKAH DMX Premium Embout de shisha en verre x acier inoxydable V2A","description":"THE HOOKAH DMX Premium embout en verre pour shisha x acier inoxydable V2A \" dans les couleurs \u2713 or \u2713 or rose \u2713 argent \u2713 arc-en-ciel ou noir, acheter maintenant !","robots":{"index":"index","follow":"follow","max-snippet":"max-snippet:-1","max-image-preview":"max-image-preview:large","max-video-preview":"max-video-preview:-1"},"canonical":"https:\/\/alt.thehookah.de\/fr\/produkt\/the-hookah-dmx-premium-embout-en-verre-x-acier-inoxydable-v2a\/","og_locale":"fr_FR","og_type":"article","og_title":"THE HOOKAH DMX Premium Embout de shisha en verre x acier inoxydable V2A","og_description":"THE HOOKAH DMX Premium embout en verre pour shisha x acier inoxydable V2A \" dans les couleurs \u2713 or \u2713 or rose \u2713 argent \u2713 arc-en-ciel ou noir, acheter maintenant !","og_url":"https:\/\/alt.thehookah.de\/fr\/produkt\/the-hookah-dmx-premium-embout-en-verre-x-acier-inoxydable-v2a\/","og_site_name":"The Hookah","article_modified_time":"2023-11-26T16:16:57+00:00","og_image":[{"width":1600,"height":1600,"url":"https:\/\/alt.thehookah.de\/wp-content\/uploads\/2021\/07\/DMX_Gruppe.jpg","type":"image\/jpeg"}],"twitter_card":"summary_large_image","twitter_misc":{"Disponibilit\u00e9":"En stock"},"schema":{"@context":"https:\/\/schema.org","@graph":[{"@type":"WebPage","@id":"https:\/\/alt.thehookah.de\/fr\/produkt\/the-hookah-dmx-premium-embout-en-verre-x-acier-inoxydable-v2a\/","url":"https:\/\/alt.thehookah.de\/fr\/produkt\/the-hookah-dmx-premium-embout-en-verre-x-acier-inoxydable-v2a\/","name":"THE HOOKAH DMX Premium Embout de shisha en verre x acier inoxydable V2A","isPartOf":{"@id":"https:\/\/alt.thehookah.de\/fr\/#website"},"primaryImageOfPage":{"@id":"https:\/\/alt.thehookah.de\/fr\/produkt\/the-hookah-dmx-premium-embout-en-verre-x-acier-inoxydable-v2a\/#primaryimage"},"image":{"@id":"https:\/\/alt.thehookah.de\/fr\/produkt\/the-hookah-dmx-premium-embout-en-verre-x-acier-inoxydable-v2a\/#primaryimage"},"thumbnailUrl":"https:\/\/alt.thehookah.de\/wp-content\/uploads\/2021\/07\/DMX_Gruppe.jpg","datePublished":"2021-07-13T16:27:15+00:00","dateModified":"2023-11-26T16:16:57+00:00","description":"THE HOOKAH DMX Premium embout en verre pour shisha x acier inoxydable V2A \" dans les couleurs \u2713 or \u2713 or rose \u2713 argent \u2713 arc-en-ciel ou noir, acheter maintenant !","breadcrumb":{"@id":"https:\/\/alt.thehookah.de\/fr\/produkt\/the-hookah-dmx-premium-embout-en-verre-x-acier-inoxydable-v2a\/#breadcrumb"},"inLanguage":"fr-FR","potentialAction":[{"@type":"ReadAction","target":["https:\/\/alt.thehookah.de\/fr\/produkt\/the-hookah-dmx-premium-embout-en-verre-x-acier-inoxydable-v2a\/"]}]},{"@type":"ImageObject","inLanguage":"fr-FR","@id":"https:\/\/alt.thehookah.de\/fr\/produkt\/the-hookah-dmx-premium-embout-en-verre-x-acier-inoxydable-v2a\/#primaryimage","url":"https:\/\/alt.thehookah.de\/wp-content\/uploads\/2021\/07\/DMX_Gruppe.jpg","contentUrl":"https:\/\/alt.thehookah.de\/wp-content\/uploads\/2021\/07\/DMX_Gruppe.jpg","width":1600,"height":1600,"caption":"Glasmundst\u00fcck DMX"},{"@type":"BreadcrumbList","@id":"https:\/\/alt.thehookah.de\/fr\/produkt\/the-hookah-dmx-premium-embout-en-verre-x-acier-inoxydable-v2a\/#breadcrumb","itemListElement":[{"@type":"ListItem","position":1,"name":"Startseite","item":"https:\/\/alt.thehookah.de\/fr\/"},{"@type":"ListItem","position":2,"name":"Ta boutique en ligne HOOKAH","item":"https:\/\/alt.thehookah.de\/fr\/ta-boutique-en-ligne-hookah\/"},{"@type":"ListItem","position":3,"name":"THE HOOKAH DMX Premium Embout en verre x acier inoxydable V2A"}]},{"@type":"WebSite","@id":"https:\/\/alt.thehookah.de\/fr\/#website","url":"https:\/\/alt.thehookah.de\/fr\/","name":"The Hookah","description":"","publisher":{"@id":"https:\/\/alt.thehookah.de\/fr\/#organization"},"potentialAction":[{"@type":"SearchAction","target":{"@type":"EntryPoint","urlTemplate":"https:\/\/alt.thehookah.de\/fr\/?s={search_term_string}"},"query-input":"required name=search_term_string"}],"inLanguage":"fr-FR"},{"@type":"Organization","@id":"https:\/\/alt.thehookah.de\/fr\/#organization","name":"The Hookah","url":"https:\/\/alt.thehookah.de\/fr\/","logo":{"@type":"ImageObject","inLanguage":"fr-FR","@id":"https:\/\/alt.thehookah.de\/fr\/#\/schema\/logo\/image\/","url":"https:\/\/alt.thehookah.de\/wp-content\/uploads\/2021\/02\/cropped-logo2.png","contentUrl":"https:\/\/alt.thehookah.de\/wp-content\/uploads\/2021\/02\/cropped-logo2.png","width":300,"height":86,"caption":"The Hookah"},"image":{"@id":"https:\/\/alt.thehookah.de\/fr\/#\/schema\/logo\/image\/"}}]},"og_availability":"instock","product_availability":"instock","product_retailer_item_id":"MS-DMX","product_condition":"new"},"_links":{"self":[{"href":"https:\/\/alt.thehookah.de\/fr\/wp-json\/wp\/v2\/product\/618443"}],"collection":[{"href":"https:\/\/alt.thehookah.de\/fr\/wp-json\/wp\/v2\/product"}],"about":[{"href":"https:\/\/alt.thehookah.de\/fr\/wp-json\/wp\/v2\/types\/product"}],"replies":[{"embeddable":true,"href":"https:\/\/alt.thehookah.de\/fr\/wp-json\/wp\/v2\/comments?post=618443"}],"wp:featuredmedia":[{"embeddable":true,"href":"https:\/\/alt.thehookah.de\/fr\/wp-json\/wp\/v2\/media\/618449"}],"wp:attachment":[{"href":"https:\/\/alt.thehookah.de\/fr\/wp-json\/wp\/v2\/media?parent=618443"}],"wp:term":[{"taxonomy":"product_cat","embeddable":true,"href":"https:\/\/alt.thehookah.de\/fr\/wp-json\/wp\/v2\/product_cat?post=618443"},{"taxonomy":"product_tag","embeddable":true,"href":"https:\/\/alt.thehookah.de\/fr\/wp-json\/wp\/v2\/product_tag?post=618443"}],"curies":[{"name":"wp","href":"https:\/\/api.w.org\/{rel}","templated":true}]}}