{"id":618544,"date":"2021-02-22T18:12:16","date_gmt":"2021-02-22T17:12:16","guid":{"rendered":"https:\/\/www.thehookah.de\/produkt\/bowl-medusa-handcut-argent-or-arc-en-ciel-or-rose\/"},"modified":"2021-02-22T18:12:16","modified_gmt":"2021-02-22T17:12:16","slug":"bowl-medusa-handcut-argent-or-arc-en-ciel-or-rose","status":"publish","type":"product","link":"https:\/\/alt.thehookah.de\/fr\/produkt\/bowl-medusa-handcut-argent-or-arc-en-ciel-or-rose\/","title":{"rendered":"BOWL MEDUSA HANDCUT argent\/or\/arc-en-ciel\/or rose"},"content":{"rendered":"<h2><strong>M\u00e9duse Handcut BOWL<\/strong><\/h2>\n<h2><strong>S&#8217;AJOUTE UNIQUEMENT \u00e0 Medusa Handcut<\/strong><\/h2>\n<p>avec syst\u00e8me Click acier inoxydable V2A anneau HANZO<\/p>\n<p><em>au choix argent\/or\/arc-en-ciel\/or rose Click Ring<\/em><\/p>\n<ul>\n<li>Mat\u00e9riau : verre de cristal &amp; acier inoxydable V2A<\/li>\n<li>Anneau avec syst\u00e8me \u00e0 clic<\/li>\n<\/ul>\n<p>&nbsp;<\/p>\n<ul>\n<li><strong>Remarque : UNIQUEMENT compatible avec<\/strong><\/li>\n<li><strong>Medusa<\/strong><\/li>\n<\/ul>\n","protected":false},"excerpt":{"rendered":"<p>M\u00e9duse Handcut BOWL S&#8217;AJOUTE UNIQUEMENT \u00e0 Medusa Handcut avec syst\u00e8me Click acier inoxydable V2A anneau HANZO au choix argent\/or\/arc-en-ciel\/or rose Click Ring Mat\u00e9riau : verre de cristal &amp; acier inoxydable V2A Anneau avec syst\u00e8me \u00e0 clic &nbsp; Remarque : UNIQUEMENT compatible avec Medusa<\/p>\n","protected":false},"featured_media":618549,"comment_status":"open","ping_status":"closed","template":"","meta":[],"product_cat":[310,355],"product_tag":[],"yoast_head":"<!-- This site is optimized with the Yoast SEO plugin v22.5 - https:\/\/yoast.com\/wordpress\/plugins\/seo\/ -->\n<title>Medusa Handcut BOWL | Bol \u00e0 shisha - pipe \u00e0 eau<\/title>\n<meta name=\"description\" content=\"Medusa Handcut BOWL avec syst\u00e8me clic acier inoxydable V2A anneau HANZO \u2713 Mat\u00e9riel : cristal &amp; acier inoxydable V2A \u2713 anneau avec syst\u00e8me clic &quot; Shisha Shop !\" \/>\n<meta name=\"robots\" content=\"index, follow, max-snippet:-1, max-image-preview:large, max-video-preview:-1\" \/>\n<link rel=\"canonical\" href=\"https:\/\/alt.thehookah.de\/fr\/produkt\/bowl-medusa-handcut-argent-or-arc-en-ciel-or-rose\/\" \/>\n<meta property=\"og:locale\" content=\"fr_FR\" \/>\n<meta property=\"og:type\" content=\"article\" \/>\n<meta property=\"og:title\" content=\"Medusa Handcut BOWL | Bol \u00e0 shisha - pipe \u00e0 eau\" \/>\n<meta property=\"og:description\" content=\"Medusa Handcut BOWL avec syst\u00e8me clic acier inoxydable V2A anneau HANZO \u2713 Mat\u00e9riel : cristal &amp; acier inoxydable V2A \u2713 anneau avec syst\u00e8me clic &quot; Shisha Shop !\" \/>\n<meta property=\"og:url\" content=\"https:\/\/alt.thehookah.de\/fr\/produkt\/bowl-medusa-handcut-argent-or-arc-en-ciel-or-rose\/\" \/>\n<meta property=\"og:site_name\" content=\"The Hookah\" \/>\n<meta property=\"og:image\" content=\"https:\/\/alt.thehookah.de\/wp-content\/uploads\/2021\/02\/1_0.jpg\" \/>\n\t<meta property=\"og:image:width\" content=\"1600\" \/>\n\t<meta property=\"og:image:height\" content=\"1600\" \/>\n\t<meta property=\"og:image:type\" content=\"image\/jpeg\" \/>\n<meta name=\"twitter:card\" content=\"summary_large_image\" \/>\n<meta name=\"twitter:label1\" content=\"Disponibilit\u00e9\" \/>\n\t<meta name=\"twitter:data1\" content=\"En stock\" \/>\n<script type=\"application\/ld+json\" class=\"yoast-schema-graph\">{\"@context\":\"https:\/\/schema.org\",\"@graph\":[{\"@type\":\"WebPage\",\"@id\":\"https:\/\/alt.thehookah.de\/fr\/produkt\/bowl-medusa-handcut-argent-or-arc-en-ciel-or-rose\/\",\"url\":\"https:\/\/alt.thehookah.de\/fr\/produkt\/bowl-medusa-handcut-argent-or-arc-en-ciel-or-rose\/\",\"name\":\"Medusa Handcut BOWL | Bol \u00e0 shisha - pipe \u00e0 eau\",\"isPartOf\":{\"@id\":\"https:\/\/alt.thehookah.de\/fr\/#website\"},\"primaryImageOfPage\":{\"@id\":\"https:\/\/alt.thehookah.de\/fr\/produkt\/bowl-medusa-handcut-argent-or-arc-en-ciel-or-rose\/#primaryimage\"},\"image\":{\"@id\":\"https:\/\/alt.thehookah.de\/fr\/produkt\/bowl-medusa-handcut-argent-or-arc-en-ciel-or-rose\/#primaryimage\"},\"thumbnailUrl\":\"https:\/\/alt.thehookah.de\/wp-content\/uploads\/2021\/02\/1_0.jpg\",\"datePublished\":\"2021-02-22T17:12:16+00:00\",\"dateModified\":\"2021-02-22T17:12:16+00:00\",\"description\":\"Medusa Handcut BOWL avec syst\u00e8me clic acier inoxydable V2A anneau HANZO \u2713 Mat\u00e9riel : cristal & acier inoxydable V2A \u2713 anneau avec syst\u00e8me clic \\\" Shisha Shop !\",\"breadcrumb\":{\"@id\":\"https:\/\/alt.thehookah.de\/fr\/produkt\/bowl-medusa-handcut-argent-or-arc-en-ciel-or-rose\/#breadcrumb\"},\"inLanguage\":\"fr-FR\",\"potentialAction\":[{\"@type\":\"ReadAction\",\"target\":[\"https:\/\/alt.thehookah.de\/fr\/produkt\/bowl-medusa-handcut-argent-or-arc-en-ciel-or-rose\/\"]}]},{\"@type\":\"ImageObject\",\"inLanguage\":\"fr-FR\",\"@id\":\"https:\/\/alt.thehookah.de\/fr\/produkt\/bowl-medusa-handcut-argent-or-arc-en-ciel-or-rose\/#primaryimage\",\"url\":\"https:\/\/alt.thehookah.de\/wp-content\/uploads\/2021\/02\/1_0.jpg\",\"contentUrl\":\"https:\/\/alt.thehookah.de\/wp-content\/uploads\/2021\/02\/1_0.jpg\",\"width\":1600,\"height\":1600,\"caption\":\"Shisha Bowl Medusa\"},{\"@type\":\"BreadcrumbList\",\"@id\":\"https:\/\/alt.thehookah.de\/fr\/produkt\/bowl-medusa-handcut-argent-or-arc-en-ciel-or-rose\/#breadcrumb\",\"itemListElement\":[{\"@type\":\"ListItem\",\"position\":1,\"name\":\"Startseite\",\"item\":\"https:\/\/alt.thehookah.de\/fr\/\"},{\"@type\":\"ListItem\",\"position\":2,\"name\":\"Ta boutique en ligne HOOKAH\",\"item\":\"https:\/\/alt.thehookah.de\/fr\/ta-boutique-en-ligne-hookah\/\"},{\"@type\":\"ListItem\",\"position\":3,\"name\":\"BOWL MEDUSA HANDCUT argent\/or\/arc-en-ciel\/or rose\"}]},{\"@type\":\"WebSite\",\"@id\":\"https:\/\/alt.thehookah.de\/fr\/#website\",\"url\":\"https:\/\/alt.thehookah.de\/fr\/\",\"name\":\"The Hookah\",\"description\":\"\",\"publisher\":{\"@id\":\"https:\/\/alt.thehookah.de\/fr\/#organization\"},\"potentialAction\":[{\"@type\":\"SearchAction\",\"target\":{\"@type\":\"EntryPoint\",\"urlTemplate\":\"https:\/\/alt.thehookah.de\/fr\/?s={search_term_string}\"},\"query-input\":\"required name=search_term_string\"}],\"inLanguage\":\"fr-FR\"},{\"@type\":\"Organization\",\"@id\":\"https:\/\/alt.thehookah.de\/fr\/#organization\",\"name\":\"The Hookah\",\"url\":\"https:\/\/alt.thehookah.de\/fr\/\",\"logo\":{\"@type\":\"ImageObject\",\"inLanguage\":\"fr-FR\",\"@id\":\"https:\/\/alt.thehookah.de\/fr\/#\/schema\/logo\/image\/\",\"url\":\"https:\/\/alt.thehookah.de\/wp-content\/uploads\/2021\/02\/cropped-logo2.png\",\"contentUrl\":\"https:\/\/alt.thehookah.de\/wp-content\/uploads\/2021\/02\/cropped-logo2.png\",\"width\":300,\"height\":86,\"caption\":\"The Hookah\"},\"image\":{\"@id\":\"https:\/\/alt.thehookah.de\/fr\/#\/schema\/logo\/image\/\"}}]}<\/script>\n<meta property=\"og:availability\" content=\"instock\" \/>\n<meta property=\"product:availability\" content=\"instock\" \/>\n<meta property=\"product:retailer_item_id\" content=\"BOWLMEDUSA\" \/>\n<meta property=\"product:condition\" content=\"new\" \/>\n<!-- \/ Yoast SEO plugin. -->","yoast_head_json":{"title":"Medusa Handcut BOWL | Bol \u00e0 shisha - pipe \u00e0 eau","description":"Medusa Handcut BOWL avec syst\u00e8me clic acier inoxydable V2A anneau HANZO \u2713 Mat\u00e9riel : cristal & acier inoxydable V2A \u2713 anneau avec syst\u00e8me clic \" Shisha Shop !","robots":{"index":"index","follow":"follow","max-snippet":"max-snippet:-1","max-image-preview":"max-image-preview:large","max-video-preview":"max-video-preview:-1"},"canonical":"https:\/\/alt.thehookah.de\/fr\/produkt\/bowl-medusa-handcut-argent-or-arc-en-ciel-or-rose\/","og_locale":"fr_FR","og_type":"article","og_title":"Medusa Handcut BOWL | Bol \u00e0 shisha - pipe \u00e0 eau","og_description":"Medusa Handcut BOWL avec syst\u00e8me clic acier inoxydable V2A anneau HANZO \u2713 Mat\u00e9riel : cristal & acier inoxydable V2A \u2713 anneau avec syst\u00e8me clic \" Shisha Shop !","og_url":"https:\/\/alt.thehookah.de\/fr\/produkt\/bowl-medusa-handcut-argent-or-arc-en-ciel-or-rose\/","og_site_name":"The Hookah","og_image":[{"width":1600,"height":1600,"url":"https:\/\/alt.thehookah.de\/wp-content\/uploads\/2021\/02\/1_0.jpg","type":"image\/jpeg"}],"twitter_card":"summary_large_image","twitter_misc":{"Disponibilit\u00e9":"En stock"},"schema":{"@context":"https:\/\/schema.org","@graph":[{"@type":"WebPage","@id":"https:\/\/alt.thehookah.de\/fr\/produkt\/bowl-medusa-handcut-argent-or-arc-en-ciel-or-rose\/","url":"https:\/\/alt.thehookah.de\/fr\/produkt\/bowl-medusa-handcut-argent-or-arc-en-ciel-or-rose\/","name":"Medusa Handcut BOWL | Bol \u00e0 shisha - pipe \u00e0 eau","isPartOf":{"@id":"https:\/\/alt.thehookah.de\/fr\/#website"},"primaryImageOfPage":{"@id":"https:\/\/alt.thehookah.de\/fr\/produkt\/bowl-medusa-handcut-argent-or-arc-en-ciel-or-rose\/#primaryimage"},"image":{"@id":"https:\/\/alt.thehookah.de\/fr\/produkt\/bowl-medusa-handcut-argent-or-arc-en-ciel-or-rose\/#primaryimage"},"thumbnailUrl":"https:\/\/alt.thehookah.de\/wp-content\/uploads\/2021\/02\/1_0.jpg","datePublished":"2021-02-22T17:12:16+00:00","dateModified":"2021-02-22T17:12:16+00:00","description":"Medusa Handcut BOWL avec syst\u00e8me clic acier inoxydable V2A anneau HANZO \u2713 Mat\u00e9riel : cristal & acier inoxydable V2A \u2713 anneau avec syst\u00e8me clic \" Shisha Shop !","breadcrumb":{"@id":"https:\/\/alt.thehookah.de\/fr\/produkt\/bowl-medusa-handcut-argent-or-arc-en-ciel-or-rose\/#breadcrumb"},"inLanguage":"fr-FR","potentialAction":[{"@type":"ReadAction","target":["https:\/\/alt.thehookah.de\/fr\/produkt\/bowl-medusa-handcut-argent-or-arc-en-ciel-or-rose\/"]}]},{"@type":"ImageObject","inLanguage":"fr-FR","@id":"https:\/\/alt.thehookah.de\/fr\/produkt\/bowl-medusa-handcut-argent-or-arc-en-ciel-or-rose\/#primaryimage","url":"https:\/\/alt.thehookah.de\/wp-content\/uploads\/2021\/02\/1_0.jpg","contentUrl":"https:\/\/alt.thehookah.de\/wp-content\/uploads\/2021\/02\/1_0.jpg","width":1600,"height":1600,"caption":"Shisha Bowl Medusa"},{"@type":"BreadcrumbList","@id":"https:\/\/alt.thehookah.de\/fr\/produkt\/bowl-medusa-handcut-argent-or-arc-en-ciel-or-rose\/#breadcrumb","itemListElement":[{"@type":"ListItem","position":1,"name":"Startseite","item":"https:\/\/alt.thehookah.de\/fr\/"},{"@type":"ListItem","position":2,"name":"Ta boutique en ligne HOOKAH","item":"https:\/\/alt.thehookah.de\/fr\/ta-boutique-en-ligne-hookah\/"},{"@type":"ListItem","position":3,"name":"BOWL MEDUSA HANDCUT argent\/or\/arc-en-ciel\/or rose"}]},{"@type":"WebSite","@id":"https:\/\/alt.thehookah.de\/fr\/#website","url":"https:\/\/alt.thehookah.de\/fr\/","name":"The Hookah","description":"","publisher":{"@id":"https:\/\/alt.thehookah.de\/fr\/#organization"},"potentialAction":[{"@type":"SearchAction","target":{"@type":"EntryPoint","urlTemplate":"https:\/\/alt.thehookah.de\/fr\/?s={search_term_string}"},"query-input":"required name=search_term_string"}],"inLanguage":"fr-FR"},{"@type":"Organization","@id":"https:\/\/alt.thehookah.de\/fr\/#organization","name":"The Hookah","url":"https:\/\/alt.thehookah.de\/fr\/","logo":{"@type":"ImageObject","inLanguage":"fr-FR","@id":"https:\/\/alt.thehookah.de\/fr\/#\/schema\/logo\/image\/","url":"https:\/\/alt.thehookah.de\/wp-content\/uploads\/2021\/02\/cropped-logo2.png","contentUrl":"https:\/\/alt.thehookah.de\/wp-content\/uploads\/2021\/02\/cropped-logo2.png","width":300,"height":86,"caption":"The Hookah"},"image":{"@id":"https:\/\/alt.thehookah.de\/fr\/#\/schema\/logo\/image\/"}}]},"og_availability":"instock","product_availability":"instock","product_retailer_item_id":"BOWLMEDUSA","product_condition":"new"},"_links":{"self":[{"href":"https:\/\/alt.thehookah.de\/fr\/wp-json\/wp\/v2\/product\/618544"}],"collection":[{"href":"https:\/\/alt.thehookah.de\/fr\/wp-json\/wp\/v2\/product"}],"about":[{"href":"https:\/\/alt.thehookah.de\/fr\/wp-json\/wp\/v2\/types\/product"}],"replies":[{"embeddable":true,"href":"https:\/\/alt.thehookah.de\/fr\/wp-json\/wp\/v2\/comments?post=618544"}],"wp:featuredmedia":[{"embeddable":true,"href":"https:\/\/alt.thehookah.de\/fr\/wp-json\/wp\/v2\/media\/618549"}],"wp:attachment":[{"href":"https:\/\/alt.thehookah.de\/fr\/wp-json\/wp\/v2\/media?parent=618544"}],"wp:term":[{"taxonomy":"product_cat","embeddable":true,"href":"https:\/\/alt.thehookah.de\/fr\/wp-json\/wp\/v2\/product_cat?post=618544"},{"taxonomy":"product_tag","embeddable":true,"href":"https:\/\/alt.thehookah.de\/fr\/wp-json\/wp\/v2\/product_tag?post=618544"}],"curies":[{"name":"wp","href":"https:\/\/api.w.org\/{rel}","templated":true}]}}