{"id":618570,"date":"2021-01-14T07:18:19","date_gmt":"2021-01-14T06:18:19","guid":{"rendered":"https:\/\/www.thehookah.de\/produkt\/the-hookah-style-white-tuyau-en-silicone-blanc\/"},"modified":"2023-11-26T17:18:57","modified_gmt":"2023-11-26T16:18:57","slug":"the-hookah-style-white-tuyau-en-silicone-blanc","status":"publish","type":"product","link":"https:\/\/alt.thehookah.de\/fr\/produkt\/the-hookah-style-white-tuyau-en-silicone-blanc\/","title":{"rendered":"THE HOOKAH Style White Tuyau en silicone blanc"},"content":{"rendered":"<h2>THE HOOKAH Style White Tuyau en silicone<\/h2>\n<ul>\n<li>Tuyau en silicone &#8220;The Hookah Syle&#8221; Blanc Mat<\/li>\n<li>longueur : 1,5 m<\/li>\n<li>Couleur : blanc mat impression or<\/li>\n<li>Sans poussi\u00e8re ! Tr\u00e8s facile \u00e0 nettoyer.<\/li>\n<li>l&#8217;impression\/le logo peut \u00eatre flou\/d\u00e9plac\u00e9<\/li>\n<\/ul>\n","protected":false},"excerpt":{"rendered":"<p>THE HOOKAH Style White Tuyau en silicone Tuyau en silicone &#8220;The Hookah Syle&#8221; Blanc Mat longueur : 1,5 m Couleur : blanc mat impression or Sans poussi\u00e8re ! Tr\u00e8s facile \u00e0 nettoyer. l&#8217;impression\/le logo peut \u00eatre flou\/d\u00e9plac\u00e9<\/p>\n","protected":false},"featured_media":618571,"comment_status":"open","ping_status":"closed","template":"","meta":[],"product_cat":[310,333,335],"product_tag":[],"yoast_head":"<!-- This site is optimized with the Yoast SEO plugin v22.5 - https:\/\/yoast.com\/wordpress\/plugins\/seo\/ -->\n<title>THE HOOKAH Style White Tuyau en silicone blanc | Shisha - Pipe \u00e0 eau<\/title>\n<meta name=\"description\" content=\"THE HOOKAH Style White Silkonschlauch &quot; Longueur : 1,5 m \u27a8 Couleur : blanc mat Impression or \u2713 sans poussi\u00e8re, tr\u00e8s facile \u00e0 nettoyer, pour ta shisha !\" \/>\n<meta name=\"robots\" content=\"index, follow, max-snippet:-1, max-image-preview:large, max-video-preview:-1\" \/>\n<link rel=\"canonical\" href=\"https:\/\/alt.thehookah.de\/fr\/produkt\/the-hookah-style-white-tuyau-en-silicone-blanc\/\" \/>\n<meta property=\"og:locale\" content=\"fr_FR\" \/>\n<meta property=\"og:type\" content=\"article\" \/>\n<meta property=\"og:title\" content=\"THE HOOKAH Style White Tuyau en silicone blanc | Shisha - Pipe \u00e0 eau\" \/>\n<meta property=\"og:description\" content=\"THE HOOKAH Style White Silkonschlauch &quot; Longueur : 1,5 m \u27a8 Couleur : blanc mat Impression or \u2713 sans poussi\u00e8re, tr\u00e8s facile \u00e0 nettoyer, pour ta shisha !\" \/>\n<meta property=\"og:url\" content=\"https:\/\/alt.thehookah.de\/fr\/produkt\/the-hookah-style-white-tuyau-en-silicone-blanc\/\" \/>\n<meta property=\"og:site_name\" content=\"The Hookah\" \/>\n<meta property=\"article:modified_time\" content=\"2023-11-26T16:18:57+00:00\" \/>\n<meta property=\"og:image\" content=\"https:\/\/alt.thehookah.de\/wp-content\/uploads\/2021\/01\/thehookahschlauchweiss1_1.jpg\" \/>\n\t<meta property=\"og:image:width\" content=\"2000\" \/>\n\t<meta property=\"og:image:height\" content=\"2000\" \/>\n\t<meta property=\"og:image:type\" content=\"image\/jpeg\" \/>\n<meta name=\"twitter:card\" content=\"summary_large_image\" \/>\n<meta name=\"twitter:label1\" content=\"Prix\" \/>\n\t<meta name=\"twitter:data1\" content=\"8,97&nbsp;&euro;\" \/>\n\t<meta name=\"twitter:label2\" content=\"Disponibilit\u00e9\" \/>\n\t<meta name=\"twitter:data2\" content=\"En stock\" \/>\n<script type=\"application\/ld+json\" class=\"yoast-schema-graph\">{\"@context\":\"https:\/\/schema.org\",\"@graph\":[{\"@type\":\"WebPage\",\"@id\":\"https:\/\/alt.thehookah.de\/fr\/produkt\/the-hookah-style-white-tuyau-en-silicone-blanc\/\",\"url\":\"https:\/\/alt.thehookah.de\/fr\/produkt\/the-hookah-style-white-tuyau-en-silicone-blanc\/\",\"name\":\"THE HOOKAH Style White Tuyau en silicone blanc | Shisha - Pipe \u00e0 eau\",\"isPartOf\":{\"@id\":\"https:\/\/alt.thehookah.de\/fr\/#website\"},\"primaryImageOfPage\":{\"@id\":\"https:\/\/alt.thehookah.de\/fr\/produkt\/the-hookah-style-white-tuyau-en-silicone-blanc\/#primaryimage\"},\"image\":{\"@id\":\"https:\/\/alt.thehookah.de\/fr\/produkt\/the-hookah-style-white-tuyau-en-silicone-blanc\/#primaryimage\"},\"thumbnailUrl\":\"https:\/\/alt.thehookah.de\/wp-content\/uploads\/2021\/01\/thehookahschlauchweiss1_1.jpg\",\"datePublished\":\"2021-01-14T06:18:19+00:00\",\"dateModified\":\"2023-11-26T16:18:57+00:00\",\"description\":\"THE HOOKAH Style White Silkonschlauch \\\" Longueur : 1,5 m \u27a8 Couleur : blanc mat Impression or \u2713 sans poussi\u00e8re, tr\u00e8s facile \u00e0 nettoyer, pour ta shisha !\",\"breadcrumb\":{\"@id\":\"https:\/\/alt.thehookah.de\/fr\/produkt\/the-hookah-style-white-tuyau-en-silicone-blanc\/#breadcrumb\"},\"inLanguage\":\"fr-FR\",\"potentialAction\":[{\"@type\":\"ReadAction\",\"target\":[\"https:\/\/alt.thehookah.de\/fr\/produkt\/the-hookah-style-white-tuyau-en-silicone-blanc\/\"]}]},{\"@type\":\"ImageObject\",\"inLanguage\":\"fr-FR\",\"@id\":\"https:\/\/alt.thehookah.de\/fr\/produkt\/the-hookah-style-white-tuyau-en-silicone-blanc\/#primaryimage\",\"url\":\"https:\/\/alt.thehookah.de\/wp-content\/uploads\/2021\/01\/thehookahschlauchweiss1_1.jpg\",\"contentUrl\":\"https:\/\/alt.thehookah.de\/wp-content\/uploads\/2021\/01\/thehookahschlauchweiss1_1.jpg\",\"width\":2000,\"height\":2000,\"caption\":\"THE HOOKAH Style White Silkonschlauch White\"},{\"@type\":\"BreadcrumbList\",\"@id\":\"https:\/\/alt.thehookah.de\/fr\/produkt\/the-hookah-style-white-tuyau-en-silicone-blanc\/#breadcrumb\",\"itemListElement\":[{\"@type\":\"ListItem\",\"position\":1,\"name\":\"Startseite\",\"item\":\"https:\/\/alt.thehookah.de\/fr\/\"},{\"@type\":\"ListItem\",\"position\":2,\"name\":\"Ta boutique en ligne HOOKAH\",\"item\":\"https:\/\/alt.thehookah.de\/fr\/ta-boutique-en-ligne-hookah\/\"},{\"@type\":\"ListItem\",\"position\":3,\"name\":\"THE HOOKAH Style White Tuyau en silicone blanc\"}]},{\"@type\":\"WebSite\",\"@id\":\"https:\/\/alt.thehookah.de\/fr\/#website\",\"url\":\"https:\/\/alt.thehookah.de\/fr\/\",\"name\":\"The Hookah\",\"description\":\"\",\"publisher\":{\"@id\":\"https:\/\/alt.thehookah.de\/fr\/#organization\"},\"potentialAction\":[{\"@type\":\"SearchAction\",\"target\":{\"@type\":\"EntryPoint\",\"urlTemplate\":\"https:\/\/alt.thehookah.de\/fr\/?s={search_term_string}\"},\"query-input\":\"required name=search_term_string\"}],\"inLanguage\":\"fr-FR\"},{\"@type\":\"Organization\",\"@id\":\"https:\/\/alt.thehookah.de\/fr\/#organization\",\"name\":\"The Hookah\",\"url\":\"https:\/\/alt.thehookah.de\/fr\/\",\"logo\":{\"@type\":\"ImageObject\",\"inLanguage\":\"fr-FR\",\"@id\":\"https:\/\/alt.thehookah.de\/fr\/#\/schema\/logo\/image\/\",\"url\":\"https:\/\/alt.thehookah.de\/wp-content\/uploads\/2021\/02\/cropped-logo2.png\",\"contentUrl\":\"https:\/\/alt.thehookah.de\/wp-content\/uploads\/2021\/02\/cropped-logo2.png\",\"width\":300,\"height\":86,\"caption\":\"The Hookah\"},\"image\":{\"@id\":\"https:\/\/alt.thehookah.de\/fr\/#\/schema\/logo\/image\/\"}}]}<\/script>\n<meta property=\"product:price:amount\" content=\"8.97\" \/>\n<meta property=\"product:price:currency\" content=\"EUR\" \/>\n<meta property=\"og:availability\" content=\"instock\" \/>\n<meta property=\"product:availability\" content=\"instock\" \/>\n<meta property=\"product:retailer_item_id\" content=\"silikonwhite1\" \/>\n<meta property=\"product:condition\" content=\"new\" \/>\n<!-- \/ Yoast SEO plugin. -->","yoast_head_json":{"title":"THE HOOKAH Style White Tuyau en silicone blanc | Shisha - Pipe \u00e0 eau","description":"THE HOOKAH Style White Silkonschlauch \" Longueur : 1,5 m \u27a8 Couleur : blanc mat Impression or \u2713 sans poussi\u00e8re, tr\u00e8s facile \u00e0 nettoyer, pour ta shisha !","robots":{"index":"index","follow":"follow","max-snippet":"max-snippet:-1","max-image-preview":"max-image-preview:large","max-video-preview":"max-video-preview:-1"},"canonical":"https:\/\/alt.thehookah.de\/fr\/produkt\/the-hookah-style-white-tuyau-en-silicone-blanc\/","og_locale":"fr_FR","og_type":"article","og_title":"THE HOOKAH Style White Tuyau en silicone blanc | Shisha - Pipe \u00e0 eau","og_description":"THE HOOKAH Style White Silkonschlauch \" Longueur : 1,5 m \u27a8 Couleur : blanc mat Impression or \u2713 sans poussi\u00e8re, tr\u00e8s facile \u00e0 nettoyer, pour ta shisha !","og_url":"https:\/\/alt.thehookah.de\/fr\/produkt\/the-hookah-style-white-tuyau-en-silicone-blanc\/","og_site_name":"The Hookah","article_modified_time":"2023-11-26T16:18:57+00:00","og_image":[{"width":2000,"height":2000,"url":"https:\/\/alt.thehookah.de\/wp-content\/uploads\/2021\/01\/thehookahschlauchweiss1_1.jpg","type":"image\/jpeg"}],"twitter_card":"summary_large_image","twitter_misc":{"Prix":"8,97&nbsp;&euro;","Disponibilit\u00e9":"En stock"},"schema":{"@context":"https:\/\/schema.org","@graph":[{"@type":"WebPage","@id":"https:\/\/alt.thehookah.de\/fr\/produkt\/the-hookah-style-white-tuyau-en-silicone-blanc\/","url":"https:\/\/alt.thehookah.de\/fr\/produkt\/the-hookah-style-white-tuyau-en-silicone-blanc\/","name":"THE HOOKAH Style White Tuyau en silicone blanc | Shisha - Pipe \u00e0 eau","isPartOf":{"@id":"https:\/\/alt.thehookah.de\/fr\/#website"},"primaryImageOfPage":{"@id":"https:\/\/alt.thehookah.de\/fr\/produkt\/the-hookah-style-white-tuyau-en-silicone-blanc\/#primaryimage"},"image":{"@id":"https:\/\/alt.thehookah.de\/fr\/produkt\/the-hookah-style-white-tuyau-en-silicone-blanc\/#primaryimage"},"thumbnailUrl":"https:\/\/alt.thehookah.de\/wp-content\/uploads\/2021\/01\/thehookahschlauchweiss1_1.jpg","datePublished":"2021-01-14T06:18:19+00:00","dateModified":"2023-11-26T16:18:57+00:00","description":"THE HOOKAH Style White Silkonschlauch \" Longueur : 1,5 m \u27a8 Couleur : blanc mat Impression or \u2713 sans poussi\u00e8re, tr\u00e8s facile \u00e0 nettoyer, pour ta shisha !","breadcrumb":{"@id":"https:\/\/alt.thehookah.de\/fr\/produkt\/the-hookah-style-white-tuyau-en-silicone-blanc\/#breadcrumb"},"inLanguage":"fr-FR","potentialAction":[{"@type":"ReadAction","target":["https:\/\/alt.thehookah.de\/fr\/produkt\/the-hookah-style-white-tuyau-en-silicone-blanc\/"]}]},{"@type":"ImageObject","inLanguage":"fr-FR","@id":"https:\/\/alt.thehookah.de\/fr\/produkt\/the-hookah-style-white-tuyau-en-silicone-blanc\/#primaryimage","url":"https:\/\/alt.thehookah.de\/wp-content\/uploads\/2021\/01\/thehookahschlauchweiss1_1.jpg","contentUrl":"https:\/\/alt.thehookah.de\/wp-content\/uploads\/2021\/01\/thehookahschlauchweiss1_1.jpg","width":2000,"height":2000,"caption":"THE HOOKAH Style White Silkonschlauch White"},{"@type":"BreadcrumbList","@id":"https:\/\/alt.thehookah.de\/fr\/produkt\/the-hookah-style-white-tuyau-en-silicone-blanc\/#breadcrumb","itemListElement":[{"@type":"ListItem","position":1,"name":"Startseite","item":"https:\/\/alt.thehookah.de\/fr\/"},{"@type":"ListItem","position":2,"name":"Ta boutique en ligne HOOKAH","item":"https:\/\/alt.thehookah.de\/fr\/ta-boutique-en-ligne-hookah\/"},{"@type":"ListItem","position":3,"name":"THE HOOKAH Style White Tuyau en silicone blanc"}]},{"@type":"WebSite","@id":"https:\/\/alt.thehookah.de\/fr\/#website","url":"https:\/\/alt.thehookah.de\/fr\/","name":"The Hookah","description":"","publisher":{"@id":"https:\/\/alt.thehookah.de\/fr\/#organization"},"potentialAction":[{"@type":"SearchAction","target":{"@type":"EntryPoint","urlTemplate":"https:\/\/alt.thehookah.de\/fr\/?s={search_term_string}"},"query-input":"required name=search_term_string"}],"inLanguage":"fr-FR"},{"@type":"Organization","@id":"https:\/\/alt.thehookah.de\/fr\/#organization","name":"The Hookah","url":"https:\/\/alt.thehookah.de\/fr\/","logo":{"@type":"ImageObject","inLanguage":"fr-FR","@id":"https:\/\/alt.thehookah.de\/fr\/#\/schema\/logo\/image\/","url":"https:\/\/alt.thehookah.de\/wp-content\/uploads\/2021\/02\/cropped-logo2.png","contentUrl":"https:\/\/alt.thehookah.de\/wp-content\/uploads\/2021\/02\/cropped-logo2.png","width":300,"height":86,"caption":"The Hookah"},"image":{"@id":"https:\/\/alt.thehookah.de\/fr\/#\/schema\/logo\/image\/"}}]},"product_price_amount":"8.97","product_price_currency":"EUR","og_availability":"instock","product_availability":"instock","product_retailer_item_id":"silikonwhite1","product_condition":"new"},"_links":{"self":[{"href":"https:\/\/alt.thehookah.de\/fr\/wp-json\/wp\/v2\/product\/618570"}],"collection":[{"href":"https:\/\/alt.thehookah.de\/fr\/wp-json\/wp\/v2\/product"}],"about":[{"href":"https:\/\/alt.thehookah.de\/fr\/wp-json\/wp\/v2\/types\/product"}],"replies":[{"embeddable":true,"href":"https:\/\/alt.thehookah.de\/fr\/wp-json\/wp\/v2\/comments?post=618570"}],"wp:featuredmedia":[{"embeddable":true,"href":"https:\/\/alt.thehookah.de\/fr\/wp-json\/wp\/v2\/media\/618571"}],"wp:attachment":[{"href":"https:\/\/alt.thehookah.de\/fr\/wp-json\/wp\/v2\/media?parent=618570"}],"wp:term":[{"taxonomy":"product_cat","embeddable":true,"href":"https:\/\/alt.thehookah.de\/fr\/wp-json\/wp\/v2\/product_cat?post=618570"},{"taxonomy":"product_tag","embeddable":true,"href":"https:\/\/alt.thehookah.de\/fr\/wp-json\/wp\/v2\/product_tag?post=618570"}],"curies":[{"name":"wp","href":"https:\/\/api.w.org\/{rel}","templated":true}]}}