{"id":618594,"date":"2021-01-13T16:08:06","date_gmt":"2021-01-13T15:08:06","guid":{"rendered":"https:\/\/www.thehookah.de\/produkt\/verre-de-rechange-medusa-collecteur-de-molasse-verre-veritable\/"},"modified":"2021-01-13T16:08:06","modified_gmt":"2021-01-13T15:08:06","slug":"verre-de-rechange-medusa-collecteur-de-molasse-verre-veritable","status":"publish","type":"product","link":"https:\/\/alt.thehookah.de\/fr\/produkt\/verre-de-rechange-medusa-collecteur-de-molasse-verre-veritable\/","title":{"rendered":"Verre de rechange Medusa Collecteur de molasse Verre v\u00e9ritable"},"content":{"rendered":"<h3><strong>Verre de rechange pour le capteur de molasse Medusa<\/strong><\/h3>\n<h3><strong>se compose de verre v\u00e9ritable  <\/strong><\/h3>\n<ul>\n<li>Robuste &amp; r\u00e9sistant<\/li>\n<li>R\u00e9sistant \u00e0 la chaleur<\/li>\n<\/ul>\n<p>&nbsp;<\/p>\n","protected":false},"excerpt":{"rendered":"<p>Verre de rechange pour le capteur de molasse Medusa se compose de verre v\u00e9ritable Robuste &amp; r\u00e9sistant R\u00e9sistant \u00e0 la chaleur &nbsp;<\/p>\n","protected":false},"featured_media":618595,"comment_status":"open","ping_status":"closed","template":"","meta":[],"product_cat":[310,311],"product_tag":[],"yoast_head":"<!-- This site is optimized with the Yoast SEO plugin v22.5 - https:\/\/yoast.com\/wordpress\/plugins\/seo\/ -->\n<title>Verre de rechange Medusa capteur de molasse | en verre v\u00e9ritable pour ta shisha<\/title>\n<meta name=\"description\" content=\"Verre de remplacement Medusa capteur de molasse &quot; est en verre v\u00e9ritable \u2713 Robuste &amp; r\u00e9sistant \u2713 R\u00e9sistant \u00e0 la chaleur, maintenant acheter en ligne dans The Hookah Shop !\" \/>\n<meta name=\"robots\" content=\"index, follow, max-snippet:-1, max-image-preview:large, max-video-preview:-1\" \/>\n<link rel=\"canonical\" href=\"https:\/\/alt.thehookah.de\/fr\/produkt\/verre-de-rechange-medusa-collecteur-de-molasse-verre-veritable\/\" \/>\n<meta property=\"og:locale\" content=\"fr_FR\" \/>\n<meta property=\"og:type\" content=\"article\" \/>\n<meta property=\"og:title\" content=\"Verre de rechange Medusa capteur de molasse | en verre v\u00e9ritable pour ta shisha\" \/>\n<meta property=\"og:description\" content=\"Verre de remplacement Medusa capteur de molasse &quot; est en verre v\u00e9ritable \u2713 Robuste &amp; r\u00e9sistant \u2713 R\u00e9sistant \u00e0 la chaleur, maintenant acheter en ligne dans The Hookah Shop !\" \/>\n<meta property=\"og:url\" content=\"https:\/\/alt.thehookah.de\/fr\/produkt\/verre-de-rechange-medusa-collecteur-de-molasse-verre-veritable\/\" \/>\n<meta property=\"og:site_name\" content=\"The Hookah\" \/>\n<meta property=\"og:image\" content=\"https:\/\/alt.thehookah.de\/wp-content\/uploads\/2021\/01\/GLASROeHRCHEN1_1.jpg\" \/>\n\t<meta property=\"og:image:width\" content=\"2000\" \/>\n\t<meta property=\"og:image:height\" content=\"2000\" \/>\n\t<meta property=\"og:image:type\" content=\"image\/jpeg\" \/>\n<meta name=\"twitter:card\" content=\"summary_large_image\" \/>\n<meta name=\"twitter:label1\" content=\"Prix\" \/>\n\t<meta name=\"twitter:data1\" content=\"24,99&nbsp;&euro;\" \/>\n\t<meta name=\"twitter:label2\" content=\"Disponibilit\u00e9\" \/>\n\t<meta name=\"twitter:data2\" content=\"En stock\" \/>\n<script type=\"application\/ld+json\" class=\"yoast-schema-graph\">{\"@context\":\"https:\/\/schema.org\",\"@graph\":[{\"@type\":\"WebPage\",\"@id\":\"https:\/\/alt.thehookah.de\/fr\/produkt\/verre-de-rechange-medusa-collecteur-de-molasse-verre-veritable\/\",\"url\":\"https:\/\/alt.thehookah.de\/fr\/produkt\/verre-de-rechange-medusa-collecteur-de-molasse-verre-veritable\/\",\"name\":\"Verre de rechange Medusa capteur de molasse | en verre v\u00e9ritable pour ta shisha\",\"isPartOf\":{\"@id\":\"https:\/\/alt.thehookah.de\/fr\/#website\"},\"primaryImageOfPage\":{\"@id\":\"https:\/\/alt.thehookah.de\/fr\/produkt\/verre-de-rechange-medusa-collecteur-de-molasse-verre-veritable\/#primaryimage\"},\"image\":{\"@id\":\"https:\/\/alt.thehookah.de\/fr\/produkt\/verre-de-rechange-medusa-collecteur-de-molasse-verre-veritable\/#primaryimage\"},\"thumbnailUrl\":\"https:\/\/alt.thehookah.de\/wp-content\/uploads\/2021\/01\/GLASROeHRCHEN1_1.jpg\",\"datePublished\":\"2021-01-13T15:08:06+00:00\",\"dateModified\":\"2021-01-13T15:08:06+00:00\",\"description\":\"Verre de remplacement Medusa capteur de molasse \\\" est en verre v\u00e9ritable \u2713 Robuste & r\u00e9sistant \u2713 R\u00e9sistant \u00e0 la chaleur, maintenant acheter en ligne dans The Hookah Shop !\",\"breadcrumb\":{\"@id\":\"https:\/\/alt.thehookah.de\/fr\/produkt\/verre-de-rechange-medusa-collecteur-de-molasse-verre-veritable\/#breadcrumb\"},\"inLanguage\":\"fr-FR\",\"potentialAction\":[{\"@type\":\"ReadAction\",\"target\":[\"https:\/\/alt.thehookah.de\/fr\/produkt\/verre-de-rechange-medusa-collecteur-de-molasse-verre-veritable\/\"]}]},{\"@type\":\"ImageObject\",\"inLanguage\":\"fr-FR\",\"@id\":\"https:\/\/alt.thehookah.de\/fr\/produkt\/verre-de-rechange-medusa-collecteur-de-molasse-verre-veritable\/#primaryimage\",\"url\":\"https:\/\/alt.thehookah.de\/wp-content\/uploads\/2021\/01\/GLASROeHRCHEN1_1.jpg\",\"contentUrl\":\"https:\/\/alt.thehookah.de\/wp-content\/uploads\/2021\/01\/GLASROeHRCHEN1_1.jpg\",\"width\":2000,\"height\":2000,\"caption\":\"Ersatzglas Medusa Molassef\u00e4nger Echtglas\"},{\"@type\":\"BreadcrumbList\",\"@id\":\"https:\/\/alt.thehookah.de\/fr\/produkt\/verre-de-rechange-medusa-collecteur-de-molasse-verre-veritable\/#breadcrumb\",\"itemListElement\":[{\"@type\":\"ListItem\",\"position\":1,\"name\":\"Startseite\",\"item\":\"https:\/\/alt.thehookah.de\/fr\/\"},{\"@type\":\"ListItem\",\"position\":2,\"name\":\"Ta boutique en ligne HOOKAH\",\"item\":\"https:\/\/alt.thehookah.de\/fr\/ta-boutique-en-ligne-hookah\/\"},{\"@type\":\"ListItem\",\"position\":3,\"name\":\"Verre de rechange Medusa Collecteur de molasse Verre v\u00e9ritable\"}]},{\"@type\":\"WebSite\",\"@id\":\"https:\/\/alt.thehookah.de\/fr\/#website\",\"url\":\"https:\/\/alt.thehookah.de\/fr\/\",\"name\":\"The Hookah\",\"description\":\"\",\"publisher\":{\"@id\":\"https:\/\/alt.thehookah.de\/fr\/#organization\"},\"potentialAction\":[{\"@type\":\"SearchAction\",\"target\":{\"@type\":\"EntryPoint\",\"urlTemplate\":\"https:\/\/alt.thehookah.de\/fr\/?s={search_term_string}\"},\"query-input\":\"required name=search_term_string\"}],\"inLanguage\":\"fr-FR\"},{\"@type\":\"Organization\",\"@id\":\"https:\/\/alt.thehookah.de\/fr\/#organization\",\"name\":\"The Hookah\",\"url\":\"https:\/\/alt.thehookah.de\/fr\/\",\"logo\":{\"@type\":\"ImageObject\",\"inLanguage\":\"fr-FR\",\"@id\":\"https:\/\/alt.thehookah.de\/fr\/#\/schema\/logo\/image\/\",\"url\":\"https:\/\/alt.thehookah.de\/wp-content\/uploads\/2021\/02\/cropped-logo2.png\",\"contentUrl\":\"https:\/\/alt.thehookah.de\/wp-content\/uploads\/2021\/02\/cropped-logo2.png\",\"width\":300,\"height\":86,\"caption\":\"The Hookah\"},\"image\":{\"@id\":\"https:\/\/alt.thehookah.de\/fr\/#\/schema\/logo\/image\/\"}}]}<\/script>\n<meta property=\"product:price:amount\" content=\"24.99\" \/>\n<meta property=\"product:price:currency\" content=\"EUR\" \/>\n<meta property=\"og:availability\" content=\"instock\" \/>\n<meta property=\"product:availability\" content=\"instock\" \/>\n<meta property=\"product:retailer_item_id\" content=\"medusaglas1\" \/>\n<meta property=\"product:condition\" content=\"new\" \/>\n<!-- \/ Yoast SEO plugin. -->","yoast_head_json":{"title":"Verre de rechange Medusa capteur de molasse | en verre v\u00e9ritable pour ta shisha","description":"Verre de remplacement Medusa capteur de molasse \" est en verre v\u00e9ritable \u2713 Robuste & r\u00e9sistant \u2713 R\u00e9sistant \u00e0 la chaleur, maintenant acheter en ligne dans The Hookah Shop !","robots":{"index":"index","follow":"follow","max-snippet":"max-snippet:-1","max-image-preview":"max-image-preview:large","max-video-preview":"max-video-preview:-1"},"canonical":"https:\/\/alt.thehookah.de\/fr\/produkt\/verre-de-rechange-medusa-collecteur-de-molasse-verre-veritable\/","og_locale":"fr_FR","og_type":"article","og_title":"Verre de rechange Medusa capteur de molasse | en verre v\u00e9ritable pour ta shisha","og_description":"Verre de remplacement Medusa capteur de molasse \" est en verre v\u00e9ritable \u2713 Robuste & r\u00e9sistant \u2713 R\u00e9sistant \u00e0 la chaleur, maintenant acheter en ligne dans The Hookah Shop !","og_url":"https:\/\/alt.thehookah.de\/fr\/produkt\/verre-de-rechange-medusa-collecteur-de-molasse-verre-veritable\/","og_site_name":"The Hookah","og_image":[{"width":2000,"height":2000,"url":"https:\/\/alt.thehookah.de\/wp-content\/uploads\/2021\/01\/GLASROeHRCHEN1_1.jpg","type":"image\/jpeg"}],"twitter_card":"summary_large_image","twitter_misc":{"Prix":"24,99&nbsp;&euro;","Disponibilit\u00e9":"En stock"},"schema":{"@context":"https:\/\/schema.org","@graph":[{"@type":"WebPage","@id":"https:\/\/alt.thehookah.de\/fr\/produkt\/verre-de-rechange-medusa-collecteur-de-molasse-verre-veritable\/","url":"https:\/\/alt.thehookah.de\/fr\/produkt\/verre-de-rechange-medusa-collecteur-de-molasse-verre-veritable\/","name":"Verre de rechange Medusa capteur de molasse | en verre v\u00e9ritable pour ta shisha","isPartOf":{"@id":"https:\/\/alt.thehookah.de\/fr\/#website"},"primaryImageOfPage":{"@id":"https:\/\/alt.thehookah.de\/fr\/produkt\/verre-de-rechange-medusa-collecteur-de-molasse-verre-veritable\/#primaryimage"},"image":{"@id":"https:\/\/alt.thehookah.de\/fr\/produkt\/verre-de-rechange-medusa-collecteur-de-molasse-verre-veritable\/#primaryimage"},"thumbnailUrl":"https:\/\/alt.thehookah.de\/wp-content\/uploads\/2021\/01\/GLASROeHRCHEN1_1.jpg","datePublished":"2021-01-13T15:08:06+00:00","dateModified":"2021-01-13T15:08:06+00:00","description":"Verre de remplacement Medusa capteur de molasse \" est en verre v\u00e9ritable \u2713 Robuste & r\u00e9sistant \u2713 R\u00e9sistant \u00e0 la chaleur, maintenant acheter en ligne dans The Hookah Shop !","breadcrumb":{"@id":"https:\/\/alt.thehookah.de\/fr\/produkt\/verre-de-rechange-medusa-collecteur-de-molasse-verre-veritable\/#breadcrumb"},"inLanguage":"fr-FR","potentialAction":[{"@type":"ReadAction","target":["https:\/\/alt.thehookah.de\/fr\/produkt\/verre-de-rechange-medusa-collecteur-de-molasse-verre-veritable\/"]}]},{"@type":"ImageObject","inLanguage":"fr-FR","@id":"https:\/\/alt.thehookah.de\/fr\/produkt\/verre-de-rechange-medusa-collecteur-de-molasse-verre-veritable\/#primaryimage","url":"https:\/\/alt.thehookah.de\/wp-content\/uploads\/2021\/01\/GLASROeHRCHEN1_1.jpg","contentUrl":"https:\/\/alt.thehookah.de\/wp-content\/uploads\/2021\/01\/GLASROeHRCHEN1_1.jpg","width":2000,"height":2000,"caption":"Ersatzglas Medusa Molassef\u00e4nger Echtglas"},{"@type":"BreadcrumbList","@id":"https:\/\/alt.thehookah.de\/fr\/produkt\/verre-de-rechange-medusa-collecteur-de-molasse-verre-veritable\/#breadcrumb","itemListElement":[{"@type":"ListItem","position":1,"name":"Startseite","item":"https:\/\/alt.thehookah.de\/fr\/"},{"@type":"ListItem","position":2,"name":"Ta boutique en ligne HOOKAH","item":"https:\/\/alt.thehookah.de\/fr\/ta-boutique-en-ligne-hookah\/"},{"@type":"ListItem","position":3,"name":"Verre de rechange Medusa Collecteur de molasse Verre v\u00e9ritable"}]},{"@type":"WebSite","@id":"https:\/\/alt.thehookah.de\/fr\/#website","url":"https:\/\/alt.thehookah.de\/fr\/","name":"The Hookah","description":"","publisher":{"@id":"https:\/\/alt.thehookah.de\/fr\/#organization"},"potentialAction":[{"@type":"SearchAction","target":{"@type":"EntryPoint","urlTemplate":"https:\/\/alt.thehookah.de\/fr\/?s={search_term_string}"},"query-input":"required name=search_term_string"}],"inLanguage":"fr-FR"},{"@type":"Organization","@id":"https:\/\/alt.thehookah.de\/fr\/#organization","name":"The Hookah","url":"https:\/\/alt.thehookah.de\/fr\/","logo":{"@type":"ImageObject","inLanguage":"fr-FR","@id":"https:\/\/alt.thehookah.de\/fr\/#\/schema\/logo\/image\/","url":"https:\/\/alt.thehookah.de\/wp-content\/uploads\/2021\/02\/cropped-logo2.png","contentUrl":"https:\/\/alt.thehookah.de\/wp-content\/uploads\/2021\/02\/cropped-logo2.png","width":300,"height":86,"caption":"The Hookah"},"image":{"@id":"https:\/\/alt.thehookah.de\/fr\/#\/schema\/logo\/image\/"}}]},"product_price_amount":"24.99","product_price_currency":"EUR","og_availability":"instock","product_availability":"instock","product_retailer_item_id":"medusaglas1","product_condition":"new"},"_links":{"self":[{"href":"https:\/\/alt.thehookah.de\/fr\/wp-json\/wp\/v2\/product\/618594"}],"collection":[{"href":"https:\/\/alt.thehookah.de\/fr\/wp-json\/wp\/v2\/product"}],"about":[{"href":"https:\/\/alt.thehookah.de\/fr\/wp-json\/wp\/v2\/types\/product"}],"replies":[{"embeddable":true,"href":"https:\/\/alt.thehookah.de\/fr\/wp-json\/wp\/v2\/comments?post=618594"}],"wp:featuredmedia":[{"embeddable":true,"href":"https:\/\/alt.thehookah.de\/fr\/wp-json\/wp\/v2\/media\/618595"}],"wp:attachment":[{"href":"https:\/\/alt.thehookah.de\/fr\/wp-json\/wp\/v2\/media?parent=618594"}],"wp:term":[{"taxonomy":"product_cat","embeddable":true,"href":"https:\/\/alt.thehookah.de\/fr\/wp-json\/wp\/v2\/product_cat?post=618594"},{"taxonomy":"product_tag","embeddable":true,"href":"https:\/\/alt.thehookah.de\/fr\/wp-json\/wp\/v2\/product_tag?post=618594"}],"curies":[{"name":"wp","href":"https:\/\/api.w.org\/{rel}","templated":true}]}}