{"id":618632,"date":"2020-12-05T19:19:34","date_gmt":"2020-12-05T18:19:34","guid":{"rendered":"https:\/\/www.thehookah.de\/produkt\/bumblebee-noir-jaune\/"},"modified":"2020-12-05T19:19:34","modified_gmt":"2020-12-05T18:19:34","slug":"bumblebee-noir-jaune","status":"publish","type":"product","link":"https:\/\/alt.thehookah.de\/fr\/produkt\/bumblebee-noir-jaune\/","title":{"rendered":"BUMBLEBEE NOIR JAUNE"},"content":{"rendered":"<h2 style=\"text-align: center;\">BUMBELBEE<\/h2>\n<h3 style=\"text-align: center;\"><em>Acier inoxydable V2A affin\u00e9 en  <\/em><\/h3>\n<h3 style=\"text-align: center;\"><em>BLACK <\/em><em>&amp; <\/em><em>YELLOW<\/em><\/h3>\n<h2><\/h2>\n<h2>Je vous le dis ; &#8220;Dans chaque guerre, il y a des moments de calme entre les temp\u00eates, il y a des jours o\u00f9 nous perdons la foi, des jours o\u00f9 nos alli\u00e9s se retournent contre nous, mais il n&#8217;y aura jamais le jour o\u00f9 nous cesserons de nous battre pour ce en quoi nous croyons&#8221; !<\/h2>\n<h3><\/h3>\n<p>&nbsp;<\/p>\n<p><strong>La shisha \/ hookah \/ pipe \u00e0 eau pour la maison et les d\u00e9placements<\/strong><\/p>\n<div><strong>Gr\u00e2ce \u00e0 notre nouveau &amp; tube plongeur en plusieurs parties en V2A, avec diffuseur d\u00e9vissable,<\/strong><\/div>\n<div><strong>vous pouvez maintenant d\u00e9terminer vous-m\u00eame la r\u00e9ponse de votre THE HOOKAH.<\/strong><\/div>\n<div>Dans la version courte, un comportement plus direct et dans la version longue, un comportement un peu plus indirect.<\/div>\n<div>Dans tous les cas, le diam\u00e8tre est dimensionn\u00e9 de mani\u00e8re \u00e0 ce que rien n&#8217;emp\u00eache une traction brutale.<\/div>\n<div><\/div>\n<div><\/div>\n<div>\n<h2>D\u00e9tails du produit<\/h2>\n<p><em><strong>BUMBELBEE &#8211;  <\/strong><\/em><\/p>\n<p><em>Hauteur totale (jusqu&#8217;au plateau de charbon en acier inoxydable bross\u00e9) env. 60 cm sans collecteur de molasse<br \/>\n<\/em><em>Hauteur totale (jusqu&#8217;au plateau en charbon de bois en acier inoxydable bross\u00e9) env. 67 cm avec pi\u00e8ge \u00e0 molasse<\/em><\/p>\n<p>&nbsp;<\/p>\n<ul>\n<li>Base en acier inoxydable V2A<\/li>\n<li><strong>Syst\u00e8me de clic \u00e0 chambre ferm\u00e9e<\/strong><\/li>\n<li>V2A acier inoxydable bross\u00e9 Plateau \u00e0 charbon 24cm<\/li>\n<li><em><br \/>\n  <strong>BUMBELBEE CUTTING <\/strong><br \/>\n<\/em>Bowl (verre en cristal)<\/li>\n<\/ul>\n<\/div>\n<p>&nbsp;<\/p>\n<h2>Contenu de la livraison<\/h2>\n<ul>\n<li><strong>1 x V2A Insert de chemin\u00e9e en acier inoxydable \/ <em>BLACK<\/em><\/strong><\/li>\n<li><strong>1 x V2A acier inoxydable bross\u00e9 Plateau de charbon <em>BLACK<\/em><\/strong><\/li>\n<li><strong>1 x adaptateur de rodage de t\u00eate 18\/8 YELLOW<\/strong><\/li>\n<li><strong>1 x BUMBELBEE <\/strong><strong>Collecteur de molasse 18\/8 verre borosilicat\u00e9<\/strong><\/li>\n<li><strong>1 x BUMBELBEE colonne de fum\u00e9e V2A acier inoxydable cuivre<\/strong><\/li>\n<li><strong>1 x base BUMBELBEE en acier inoxydable V2A<\/strong><\/li>\n<li><strong>4 x adaptateurs de tuyau 18\/8 YELLOW<\/strong><\/li>\n<li><strong><strong>4 x porte-tuyaux BLACK<br \/>\n<\/strong><\/strong><\/li>\n<li><strong>4 x embouts 18\/8 YELLOW<\/strong><\/li>\n<li><strong>4 x boules de verre <\/strong><\/li>\n<li><strong>1 x tube plongeur en plusieurs parties V2A pouvant \u00eatre raccourci &amp; rallong\u00e9 BLACK<\/strong><\/li>\n<li><strong>1 x diffuseur d\u00e9vissable  <\/strong><\/li>\n<li><strong>1 x ressort de protection contre le pliage<\/strong><\/li>\n<li><strong>1 x tuyau en silicone noir mat THE HOOKAH DESIGN<\/strong><\/li>\n<li><strong>1 x embout buccal &#8211; THE HOOKAH BLACK<\/strong><\/li>\n<li><strong>1 x t\u00eate de lecture cinq trous &amp; PINCE D&#8217;HONNEUR <em>BLACK <\/em> Editon<\/strong><\/li>\n<li><strong>1x BUMBELBEE <i> CUTTING<\/i> verre en cristal souffl\u00e9 \u00e0 la bouche BOWL<\/strong><\/li>\n<\/ul>\n","protected":false},"excerpt":{"rendered":"<p>BUMBELBEE Acier inoxydable V2A affin\u00e9 en BLACK &amp; YELLOW Je vous le dis ; &#8220;Dans chaque guerre, il y a des moments de calme entre les temp\u00eates, il y a des jours o\u00f9 nous perdons la foi, des jours o\u00f9 nos alli\u00e9s se retournent contre nous, mais il n&#8217;y aura jamais le jour o\u00f9 nous [&hellip;]<\/p>\n","protected":false},"featured_media":618633,"comment_status":"open","ping_status":"closed","template":"","meta":[],"product_cat":[314,321,329,318],"product_tag":[],"yoast_head":"<!-- This site is optimized with the Yoast SEO plugin v22.5 - https:\/\/yoast.com\/wordpress\/plugins\/seo\/ -->\n<title>Shisha Bumbelbee Black Yellow | Pipe \u00e0 eau - Acier inoxydable V2A<\/title>\n<meta name=\"description\" content=\"Shisha Bumbelbee Black Yellow &quot; Base acier inoxydable V2A &quot; Closed Chamber Clicksystem&quot; V2A acier inoxydable bross\u00e9 Plateau de charbon 24cm, ici dans la boutique !\" \/>\n<meta name=\"robots\" content=\"index, follow, max-snippet:-1, max-image-preview:large, max-video-preview:-1\" \/>\n<link rel=\"canonical\" href=\"https:\/\/alt.thehookah.de\/fr\/produkt\/bumblebee-noir-jaune\/\" \/>\n<meta property=\"og:locale\" content=\"fr_FR\" \/>\n<meta property=\"og:type\" content=\"article\" \/>\n<meta property=\"og:title\" content=\"Shisha Bumbelbee Black Yellow | Pipe \u00e0 eau - Acier inoxydable V2A\" \/>\n<meta property=\"og:description\" content=\"Shisha Bumbelbee Black Yellow &quot; Base acier inoxydable V2A &quot; Closed Chamber Clicksystem&quot; V2A acier inoxydable bross\u00e9 Plateau de charbon 24cm, ici dans la boutique !\" \/>\n<meta property=\"og:url\" content=\"https:\/\/alt.thehookah.de\/fr\/produkt\/bumblebee-noir-jaune\/\" \/>\n<meta property=\"og:site_name\" content=\"The Hookah\" \/>\n<meta property=\"og:image\" content=\"https:\/\/alt.thehookah.de\/wp-content\/uploads\/2020\/12\/bumblebee1-1-scaled.jpg\" \/>\n\t<meta property=\"og:image:width\" content=\"2560\" \/>\n\t<meta property=\"og:image:height\" content=\"2560\" \/>\n\t<meta property=\"og:image:type\" content=\"image\/jpeg\" \/>\n<meta name=\"twitter:card\" content=\"summary_large_image\" \/>\n<meta name=\"twitter:label1\" content=\"Prix\" \/>\n\t<meta name=\"twitter:data1\" content=\"129,99&nbsp;&euro;\" \/>\n\t<meta name=\"twitter:label2\" content=\"Disponibilit\u00e9\" \/>\n\t<meta name=\"twitter:data2\" content=\"En stock\" \/>\n<script type=\"application\/ld+json\" class=\"yoast-schema-graph\">{\"@context\":\"https:\/\/schema.org\",\"@graph\":[{\"@type\":\"WebPage\",\"@id\":\"https:\/\/alt.thehookah.de\/fr\/produkt\/bumblebee-noir-jaune\/\",\"url\":\"https:\/\/alt.thehookah.de\/fr\/produkt\/bumblebee-noir-jaune\/\",\"name\":\"Shisha Bumbelbee Black Yellow | Pipe \u00e0 eau - Acier inoxydable V2A\",\"isPartOf\":{\"@id\":\"https:\/\/alt.thehookah.de\/fr\/#website\"},\"primaryImageOfPage\":{\"@id\":\"https:\/\/alt.thehookah.de\/fr\/produkt\/bumblebee-noir-jaune\/#primaryimage\"},\"image\":{\"@id\":\"https:\/\/alt.thehookah.de\/fr\/produkt\/bumblebee-noir-jaune\/#primaryimage\"},\"thumbnailUrl\":\"https:\/\/alt.thehookah.de\/wp-content\/uploads\/2020\/12\/bumblebee1-1-scaled.jpg\",\"datePublished\":\"2020-12-05T18:19:34+00:00\",\"dateModified\":\"2020-12-05T18:19:34+00:00\",\"description\":\"Shisha Bumbelbee Black Yellow \\\" Base acier inoxydable V2A \\\" Closed Chamber Clicksystem\\\" V2A acier inoxydable bross\u00e9 Plateau de charbon 24cm, ici dans la boutique !\",\"breadcrumb\":{\"@id\":\"https:\/\/alt.thehookah.de\/fr\/produkt\/bumblebee-noir-jaune\/#breadcrumb\"},\"inLanguage\":\"fr-FR\",\"potentialAction\":[{\"@type\":\"ReadAction\",\"target\":[\"https:\/\/alt.thehookah.de\/fr\/produkt\/bumblebee-noir-jaune\/\"]}]},{\"@type\":\"ImageObject\",\"inLanguage\":\"fr-FR\",\"@id\":\"https:\/\/alt.thehookah.de\/fr\/produkt\/bumblebee-noir-jaune\/#primaryimage\",\"url\":\"https:\/\/alt.thehookah.de\/wp-content\/uploads\/2020\/12\/bumblebee1-1-scaled.jpg\",\"contentUrl\":\"https:\/\/alt.thehookah.de\/wp-content\/uploads\/2020\/12\/bumblebee1-1-scaled.jpg\",\"width\":2560,\"height\":2560},{\"@type\":\"BreadcrumbList\",\"@id\":\"https:\/\/alt.thehookah.de\/fr\/produkt\/bumblebee-noir-jaune\/#breadcrumb\",\"itemListElement\":[{\"@type\":\"ListItem\",\"position\":1,\"name\":\"Startseite\",\"item\":\"https:\/\/alt.thehookah.de\/fr\/\"},{\"@type\":\"ListItem\",\"position\":2,\"name\":\"Ta boutique en ligne HOOKAH\",\"item\":\"https:\/\/alt.thehookah.de\/fr\/ta-boutique-en-ligne-hookah\/\"},{\"@type\":\"ListItem\",\"position\":3,\"name\":\"BUMBLEBEE NOIR JAUNE\"}]},{\"@type\":\"WebSite\",\"@id\":\"https:\/\/alt.thehookah.de\/fr\/#website\",\"url\":\"https:\/\/alt.thehookah.de\/fr\/\",\"name\":\"The Hookah\",\"description\":\"\",\"publisher\":{\"@id\":\"https:\/\/alt.thehookah.de\/fr\/#organization\"},\"potentialAction\":[{\"@type\":\"SearchAction\",\"target\":{\"@type\":\"EntryPoint\",\"urlTemplate\":\"https:\/\/alt.thehookah.de\/fr\/?s={search_term_string}\"},\"query-input\":\"required name=search_term_string\"}],\"inLanguage\":\"fr-FR\"},{\"@type\":\"Organization\",\"@id\":\"https:\/\/alt.thehookah.de\/fr\/#organization\",\"name\":\"The Hookah\",\"url\":\"https:\/\/alt.thehookah.de\/fr\/\",\"logo\":{\"@type\":\"ImageObject\",\"inLanguage\":\"fr-FR\",\"@id\":\"https:\/\/alt.thehookah.de\/fr\/#\/schema\/logo\/image\/\",\"url\":\"https:\/\/alt.thehookah.de\/wp-content\/uploads\/2021\/02\/cropped-logo2.png\",\"contentUrl\":\"https:\/\/alt.thehookah.de\/wp-content\/uploads\/2021\/02\/cropped-logo2.png\",\"width\":300,\"height\":86,\"caption\":\"The Hookah\"},\"image\":{\"@id\":\"https:\/\/alt.thehookah.de\/fr\/#\/schema\/logo\/image\/\"}}]}<\/script>\n<meta property=\"product:price:amount\" content=\"129.99\" \/>\n<meta property=\"product:price:currency\" content=\"EUR\" \/>\n<meta property=\"og:availability\" content=\"instock\" \/>\n<meta property=\"product:availability\" content=\"instock\" \/>\n<meta property=\"product:retailer_item_id\" content=\"Bumble1\" \/>\n<meta property=\"product:condition\" content=\"new\" \/>\n<!-- \/ Yoast SEO plugin. -->","yoast_head_json":{"title":"Shisha Bumbelbee Black Yellow | Pipe \u00e0 eau - Acier inoxydable V2A","description":"Shisha Bumbelbee Black Yellow \" Base acier inoxydable V2A \" Closed Chamber Clicksystem\" V2A acier inoxydable bross\u00e9 Plateau de charbon 24cm, ici dans la boutique !","robots":{"index":"index","follow":"follow","max-snippet":"max-snippet:-1","max-image-preview":"max-image-preview:large","max-video-preview":"max-video-preview:-1"},"canonical":"https:\/\/alt.thehookah.de\/fr\/produkt\/bumblebee-noir-jaune\/","og_locale":"fr_FR","og_type":"article","og_title":"Shisha Bumbelbee Black Yellow | Pipe \u00e0 eau - Acier inoxydable V2A","og_description":"Shisha Bumbelbee Black Yellow \" Base acier inoxydable V2A \" Closed Chamber Clicksystem\" V2A acier inoxydable bross\u00e9 Plateau de charbon 24cm, ici dans la boutique !","og_url":"https:\/\/alt.thehookah.de\/fr\/produkt\/bumblebee-noir-jaune\/","og_site_name":"The Hookah","og_image":[{"width":2560,"height":2560,"url":"https:\/\/alt.thehookah.de\/wp-content\/uploads\/2020\/12\/bumblebee1-1-scaled.jpg","type":"image\/jpeg"}],"twitter_card":"summary_large_image","twitter_misc":{"Prix":"129,99&nbsp;&euro;","Disponibilit\u00e9":"En stock"},"schema":{"@context":"https:\/\/schema.org","@graph":[{"@type":"WebPage","@id":"https:\/\/alt.thehookah.de\/fr\/produkt\/bumblebee-noir-jaune\/","url":"https:\/\/alt.thehookah.de\/fr\/produkt\/bumblebee-noir-jaune\/","name":"Shisha Bumbelbee Black Yellow | Pipe \u00e0 eau - Acier inoxydable V2A","isPartOf":{"@id":"https:\/\/alt.thehookah.de\/fr\/#website"},"primaryImageOfPage":{"@id":"https:\/\/alt.thehookah.de\/fr\/produkt\/bumblebee-noir-jaune\/#primaryimage"},"image":{"@id":"https:\/\/alt.thehookah.de\/fr\/produkt\/bumblebee-noir-jaune\/#primaryimage"},"thumbnailUrl":"https:\/\/alt.thehookah.de\/wp-content\/uploads\/2020\/12\/bumblebee1-1-scaled.jpg","datePublished":"2020-12-05T18:19:34+00:00","dateModified":"2020-12-05T18:19:34+00:00","description":"Shisha Bumbelbee Black Yellow \" Base acier inoxydable V2A \" Closed Chamber Clicksystem\" V2A acier inoxydable bross\u00e9 Plateau de charbon 24cm, ici dans la boutique !","breadcrumb":{"@id":"https:\/\/alt.thehookah.de\/fr\/produkt\/bumblebee-noir-jaune\/#breadcrumb"},"inLanguage":"fr-FR","potentialAction":[{"@type":"ReadAction","target":["https:\/\/alt.thehookah.de\/fr\/produkt\/bumblebee-noir-jaune\/"]}]},{"@type":"ImageObject","inLanguage":"fr-FR","@id":"https:\/\/alt.thehookah.de\/fr\/produkt\/bumblebee-noir-jaune\/#primaryimage","url":"https:\/\/alt.thehookah.de\/wp-content\/uploads\/2020\/12\/bumblebee1-1-scaled.jpg","contentUrl":"https:\/\/alt.thehookah.de\/wp-content\/uploads\/2020\/12\/bumblebee1-1-scaled.jpg","width":2560,"height":2560},{"@type":"BreadcrumbList","@id":"https:\/\/alt.thehookah.de\/fr\/produkt\/bumblebee-noir-jaune\/#breadcrumb","itemListElement":[{"@type":"ListItem","position":1,"name":"Startseite","item":"https:\/\/alt.thehookah.de\/fr\/"},{"@type":"ListItem","position":2,"name":"Ta boutique en ligne HOOKAH","item":"https:\/\/alt.thehookah.de\/fr\/ta-boutique-en-ligne-hookah\/"},{"@type":"ListItem","position":3,"name":"BUMBLEBEE NOIR JAUNE"}]},{"@type":"WebSite","@id":"https:\/\/alt.thehookah.de\/fr\/#website","url":"https:\/\/alt.thehookah.de\/fr\/","name":"The Hookah","description":"","publisher":{"@id":"https:\/\/alt.thehookah.de\/fr\/#organization"},"potentialAction":[{"@type":"SearchAction","target":{"@type":"EntryPoint","urlTemplate":"https:\/\/alt.thehookah.de\/fr\/?s={search_term_string}"},"query-input":"required name=search_term_string"}],"inLanguage":"fr-FR"},{"@type":"Organization","@id":"https:\/\/alt.thehookah.de\/fr\/#organization","name":"The Hookah","url":"https:\/\/alt.thehookah.de\/fr\/","logo":{"@type":"ImageObject","inLanguage":"fr-FR","@id":"https:\/\/alt.thehookah.de\/fr\/#\/schema\/logo\/image\/","url":"https:\/\/alt.thehookah.de\/wp-content\/uploads\/2021\/02\/cropped-logo2.png","contentUrl":"https:\/\/alt.thehookah.de\/wp-content\/uploads\/2021\/02\/cropped-logo2.png","width":300,"height":86,"caption":"The Hookah"},"image":{"@id":"https:\/\/alt.thehookah.de\/fr\/#\/schema\/logo\/image\/"}}]},"product_price_amount":"129.99","product_price_currency":"EUR","og_availability":"instock","product_availability":"instock","product_retailer_item_id":"Bumble1","product_condition":"new"},"_links":{"self":[{"href":"https:\/\/alt.thehookah.de\/fr\/wp-json\/wp\/v2\/product\/618632"}],"collection":[{"href":"https:\/\/alt.thehookah.de\/fr\/wp-json\/wp\/v2\/product"}],"about":[{"href":"https:\/\/alt.thehookah.de\/fr\/wp-json\/wp\/v2\/types\/product"}],"replies":[{"embeddable":true,"href":"https:\/\/alt.thehookah.de\/fr\/wp-json\/wp\/v2\/comments?post=618632"}],"wp:featuredmedia":[{"embeddable":true,"href":"https:\/\/alt.thehookah.de\/fr\/wp-json\/wp\/v2\/media\/618633"}],"wp:attachment":[{"href":"https:\/\/alt.thehookah.de\/fr\/wp-json\/wp\/v2\/media?parent=618632"}],"wp:term":[{"taxonomy":"product_cat","embeddable":true,"href":"https:\/\/alt.thehookah.de\/fr\/wp-json\/wp\/v2\/product_cat?post=618632"},{"taxonomy":"product_tag","embeddable":true,"href":"https:\/\/alt.thehookah.de\/fr\/wp-json\/wp\/v2\/product_tag?post=618632"}],"curies":[{"name":"wp","href":"https:\/\/api.w.org\/{rel}","templated":true}]}}