{"id":618713,"date":"2020-12-04T20:26:33","date_gmt":"2020-12-04T19:26:33","guid":{"rendered":"https:\/\/www.thehookah.de\/produkt\/megatron-anthracite-gunmetal-or-rose\/"},"modified":"2023-11-26T17:22:30","modified_gmt":"2023-11-26T16:22:30","slug":"megatron-anthracite-gunmetal-or-rose","status":"publish","type":"product","link":"https:\/\/alt.thehookah.de\/fr\/produkt\/megatron-anthracite-gunmetal-or-rose\/","title":{"rendered":"MEGATRON Anthracite Gunmetal Or rose"},"content":{"rendered":"<h2 style=\"text-align: center;\">MEGATRON<\/h2>\n<h3 style=\"text-align: center;\"><em>Acier inoxydable V2A affin\u00e9 en  <\/em><\/h3>\n<h3 style=\"text-align: center;\"><em>Anthracite Gunmetal &amp; or rose<\/em><\/h3>\n<h2><\/h2>\n<h2>Je vous le dis ; &#8220;Dans chaque guerre, il y a des moments de calme entre les temp\u00eates, il y a des jours o\u00f9 nous perdons la foi, des jours o\u00f9 nos alli\u00e9s se retournent contre nous, mais il n&#8217;y aura jamais le jour o\u00f9 nous cesserons de nous battre pour ce en quoi nous croyons&#8221; !<\/h2>\n<h3><\/h3>\n<p>&nbsp;<\/p>\n<p><strong>La shisha \/ hookah \/ pipe \u00e0 eau pour la maison et les d\u00e9placements<\/strong><\/p>\n<div><strong>Gr\u00e2ce \u00e0 notre nouveau &amp; tube plongeur en plusieurs parties en V2A, avec diffuseur d\u00e9vissable,<\/strong><\/div>\n<div><strong>vous pouvez maintenant d\u00e9terminer vous-m\u00eame la r\u00e9ponse de votre THE HOOKAH.<\/strong><\/div>\n<div>Dans la version courte, un comportement plus direct et dans la version longue, un comportement un peu plus indirect.<\/div>\n<div>Dans tous les cas, le diam\u00e8tre est dimensionn\u00e9 de mani\u00e8re \u00e0 ce que rien n&#8217;emp\u00eache une traction brutale.<\/div>\n<div><\/div>\n<div><\/div>\n<div>\n<h2>D\u00e9tails du produit<\/h2>\n<p><em><strong>MEGATRON &#8211;  <\/strong><\/em><\/p>\n<p><em>Hauteur totale (jusqu&#8217;au plateau de charbon en acier inoxydable bross\u00e9) env. 60 cm sans collecteur de molasse<br \/>\n<\/em><em>Hauteur totale (jusqu&#8217;au plateau en charbon de bois en acier inoxydable bross\u00e9) env. 67 cm avec pi\u00e8ge \u00e0 molasse<\/em><\/p>\n<p>&nbsp;<\/p>\n<ul>\n<li>Base en acier inoxydable V2A<\/li>\n<li><strong>Syst\u00e8me de clic \u00e0 chambre ferm\u00e9e<\/strong><\/li>\n<li>V2A acier inoxydable bross\u00e9 Plateau \u00e0 charbon 24cm<\/li>\n<li><em><strong>MEGATRON<\/strong> <strong>CUTTING <\/strong><\/em>Bowl (verre en cristal)<\/li>\n<\/ul>\n<\/div>\n<p>&nbsp;<\/p>\n<h2>Contenu de la livraison<\/h2>\n<ul>\n<li><strong>1 x V2A Insert de chemin\u00e9e en acier inoxydable \/ <em>Anthracite Gunmetal <\/em> <\/strong><\/li>\n<li><strong>1 x V2A acier inoxydable bross\u00e9 Plateau charbon <em>Anthracite Gunmetal <\/em> <\/strong><\/li>\n<li><strong>1 x adaptateur de coupe de t\u00eate 18\/8 or rose<\/strong><\/li>\n<li><strong><br \/>\n  <strong>1 x Megatron<\/strong><br \/>\n<\/strong><strong> Collecteur de molasse 18\/8 verre borosilicat\u00e9<\/strong><\/li>\n<li><strong>1 x Megatron<em> <\/em>colonne de fum\u00e9e V2A acier inoxydable or rose<\/strong><\/li>\n<li><strong>1 x Megatron<em> <\/em>Base V2A acier inoxydable<\/strong><\/li>\n<li><strong><strong>4 x adaptateurs de tuyau 18\/8 or rose<\/strong><\/strong><\/li>\n<li><strong>4 x porte-tuyaux <em>Anthracite Gunmetal <\/em> <\/strong><\/li>\n<li><strong>4 x embouts 18\/8 or rose<\/strong><\/li>\n<li><strong>4 x boules de verre <\/strong><\/li>\n<li><strong>1 x tube plongeur en plusieurs parties V2A pouvant \u00eatre raccourci &amp; rallong\u00e9<\/strong><\/li>\n<li><strong>1 x diffuseur d\u00e9vissable<\/strong><\/li>\n<li><strong>1 x ressort de protection contre le pliage<\/strong><\/li>\n<li><strong>1 x tuyau en silicone noir mat THE HOOKAH DESIGN<\/strong><\/li>\n<li><strong>1 x embout buccal &#8211; THE HOOKAH BLACK<\/strong><\/li>\n<li><strong>1 x t\u00eate de lecture cinq trous &amp; DENTELLE D&#8217;HONNEUR <em>Anthracite Gunmetal<\/em> Editon<\/strong><\/li>\n<li><strong>1x Megatron<i> CUTTING<\/i> verre en cristal souffl\u00e9 BOWL<\/strong><\/li>\n<\/ul>\n","protected":false},"excerpt":{"rendered":"<p>MEGATRON Acier inoxydable V2A affin\u00e9 en Anthracite Gunmetal &amp; or rose Je vous le dis ; &#8220;Dans chaque guerre, il y a des moments de calme entre les temp\u00eates, il y a des jours o\u00f9 nous perdons la foi, des jours o\u00f9 nos alli\u00e9s se retournent contre nous, mais il n&#8217;y aura jamais le jour [&hellip;]<\/p>\n","protected":false},"featured_media":618714,"comment_status":"open","ping_status":"closed","template":"","meta":[],"product_cat":[321,329,323],"product_tag":[],"yoast_head":"<!-- This site is optimized with the Yoast SEO plugin v22.5 - https:\/\/yoast.com\/wordpress\/plugins\/seo\/ -->\n<title>Shisha Megatron | Anthracite Gunmetal &amp; Or rose<\/title>\n<meta name=\"description\" content=\"Shisha Megatron Anthracite Gunmetal &amp; Rosegold dans The Hookah Online Shop \u2713 tube plongeur en plusieurs parties en V2A \u2713 diffuseur d\u00e9vissable\" \/>\n<meta name=\"robots\" content=\"index, follow, max-snippet:-1, max-image-preview:large, max-video-preview:-1\" \/>\n<link rel=\"canonical\" href=\"https:\/\/alt.thehookah.de\/fr\/produkt\/megatron-anthracite-gunmetal-or-rose\/\" \/>\n<meta property=\"og:locale\" content=\"fr_FR\" \/>\n<meta property=\"og:type\" content=\"article\" \/>\n<meta property=\"og:title\" content=\"Shisha Megatron | Anthracite Gunmetal &amp; Or rose\" \/>\n<meta property=\"og:description\" content=\"Shisha Megatron Anthracite Gunmetal &amp; Rosegold dans The Hookah Online Shop \u2713 tube plongeur en plusieurs parties en V2A \u2713 diffuseur d\u00e9vissable\" \/>\n<meta property=\"og:url\" content=\"https:\/\/alt.thehookah.de\/fr\/produkt\/megatron-anthracite-gunmetal-or-rose\/\" \/>\n<meta property=\"og:site_name\" content=\"The Hookah\" \/>\n<meta property=\"article:modified_time\" content=\"2023-11-26T16:22:30+00:00\" \/>\n<meta property=\"og:image\" content=\"https:\/\/alt.thehookah.de\/wp-content\/uploads\/2020\/12\/megatron1-1-scaled.jpg\" \/>\n\t<meta property=\"og:image:width\" content=\"2560\" \/>\n\t<meta property=\"og:image:height\" content=\"2560\" \/>\n\t<meta property=\"og:image:type\" content=\"image\/jpeg\" \/>\n<meta name=\"twitter:card\" content=\"summary_large_image\" \/>\n<meta name=\"twitter:label1\" content=\"Prix\" \/>\n\t<meta name=\"twitter:data1\" content=\"189,96&nbsp;&euro;\" \/>\n\t<meta name=\"twitter:label2\" content=\"Disponibilit\u00e9\" \/>\n\t<meta name=\"twitter:data2\" content=\"En stock\" \/>\n<script type=\"application\/ld+json\" class=\"yoast-schema-graph\">{\"@context\":\"https:\/\/schema.org\",\"@graph\":[{\"@type\":\"WebPage\",\"@id\":\"https:\/\/alt.thehookah.de\/fr\/produkt\/megatron-anthracite-gunmetal-or-rose\/\",\"url\":\"https:\/\/alt.thehookah.de\/fr\/produkt\/megatron-anthracite-gunmetal-or-rose\/\",\"name\":\"Shisha Megatron | Anthracite Gunmetal & Or rose\",\"isPartOf\":{\"@id\":\"https:\/\/alt.thehookah.de\/fr\/#website\"},\"primaryImageOfPage\":{\"@id\":\"https:\/\/alt.thehookah.de\/fr\/produkt\/megatron-anthracite-gunmetal-or-rose\/#primaryimage\"},\"image\":{\"@id\":\"https:\/\/alt.thehookah.de\/fr\/produkt\/megatron-anthracite-gunmetal-or-rose\/#primaryimage\"},\"thumbnailUrl\":\"https:\/\/alt.thehookah.de\/wp-content\/uploads\/2020\/12\/megatron1-1-scaled.jpg\",\"datePublished\":\"2020-12-04T19:26:33+00:00\",\"dateModified\":\"2023-11-26T16:22:30+00:00\",\"description\":\"Shisha Megatron Anthracite Gunmetal & Rosegold dans The Hookah Online Shop \u2713 tube plongeur en plusieurs parties en V2A \u2713 diffuseur d\u00e9vissable\",\"breadcrumb\":{\"@id\":\"https:\/\/alt.thehookah.de\/fr\/produkt\/megatron-anthracite-gunmetal-or-rose\/#breadcrumb\"},\"inLanguage\":\"fr-FR\",\"potentialAction\":[{\"@type\":\"ReadAction\",\"target\":[\"https:\/\/alt.thehookah.de\/fr\/produkt\/megatron-anthracite-gunmetal-or-rose\/\"]}]},{\"@type\":\"ImageObject\",\"inLanguage\":\"fr-FR\",\"@id\":\"https:\/\/alt.thehookah.de\/fr\/produkt\/megatron-anthracite-gunmetal-or-rose\/#primaryimage\",\"url\":\"https:\/\/alt.thehookah.de\/wp-content\/uploads\/2020\/12\/megatron1-1-scaled.jpg\",\"contentUrl\":\"https:\/\/alt.thehookah.de\/wp-content\/uploads\/2020\/12\/megatron1-1-scaled.jpg\",\"width\":2560,\"height\":2560,\"caption\":\"MEGATRON\"},{\"@type\":\"BreadcrumbList\",\"@id\":\"https:\/\/alt.thehookah.de\/fr\/produkt\/megatron-anthracite-gunmetal-or-rose\/#breadcrumb\",\"itemListElement\":[{\"@type\":\"ListItem\",\"position\":1,\"name\":\"Startseite\",\"item\":\"https:\/\/alt.thehookah.de\/fr\/\"},{\"@type\":\"ListItem\",\"position\":2,\"name\":\"Ta boutique en ligne HOOKAH\",\"item\":\"https:\/\/alt.thehookah.de\/fr\/ta-boutique-en-ligne-hookah\/\"},{\"@type\":\"ListItem\",\"position\":3,\"name\":\"MEGATRON Anthracite Gunmetal Or rose\"}]},{\"@type\":\"WebSite\",\"@id\":\"https:\/\/alt.thehookah.de\/fr\/#website\",\"url\":\"https:\/\/alt.thehookah.de\/fr\/\",\"name\":\"The Hookah\",\"description\":\"\",\"publisher\":{\"@id\":\"https:\/\/alt.thehookah.de\/fr\/#organization\"},\"potentialAction\":[{\"@type\":\"SearchAction\",\"target\":{\"@type\":\"EntryPoint\",\"urlTemplate\":\"https:\/\/alt.thehookah.de\/fr\/?s={search_term_string}\"},\"query-input\":\"required name=search_term_string\"}],\"inLanguage\":\"fr-FR\"},{\"@type\":\"Organization\",\"@id\":\"https:\/\/alt.thehookah.de\/fr\/#organization\",\"name\":\"The Hookah\",\"url\":\"https:\/\/alt.thehookah.de\/fr\/\",\"logo\":{\"@type\":\"ImageObject\",\"inLanguage\":\"fr-FR\",\"@id\":\"https:\/\/alt.thehookah.de\/fr\/#\/schema\/logo\/image\/\",\"url\":\"https:\/\/alt.thehookah.de\/wp-content\/uploads\/2021\/02\/cropped-logo2.png\",\"contentUrl\":\"https:\/\/alt.thehookah.de\/wp-content\/uploads\/2021\/02\/cropped-logo2.png\",\"width\":300,\"height\":86,\"caption\":\"The Hookah\"},\"image\":{\"@id\":\"https:\/\/alt.thehookah.de\/fr\/#\/schema\/logo\/image\/\"}}]}<\/script>\n<meta property=\"product:price:amount\" content=\"189.96\" \/>\n<meta property=\"product:price:currency\" content=\"EUR\" \/>\n<meta property=\"og:availability\" content=\"instock\" \/>\n<meta property=\"product:availability\" content=\"instock\" \/>\n<meta property=\"product:retailer_item_id\" content=\"mega1\" \/>\n<meta property=\"product:condition\" content=\"new\" \/>\n<!-- \/ Yoast SEO plugin. -->","yoast_head_json":{"title":"Shisha Megatron | Anthracite Gunmetal & Or rose","description":"Shisha Megatron Anthracite Gunmetal & Rosegold dans The Hookah Online Shop \u2713 tube plongeur en plusieurs parties en V2A \u2713 diffuseur d\u00e9vissable","robots":{"index":"index","follow":"follow","max-snippet":"max-snippet:-1","max-image-preview":"max-image-preview:large","max-video-preview":"max-video-preview:-1"},"canonical":"https:\/\/alt.thehookah.de\/fr\/produkt\/megatron-anthracite-gunmetal-or-rose\/","og_locale":"fr_FR","og_type":"article","og_title":"Shisha Megatron | Anthracite Gunmetal & Or rose","og_description":"Shisha Megatron Anthracite Gunmetal & Rosegold dans The Hookah Online Shop \u2713 tube plongeur en plusieurs parties en V2A \u2713 diffuseur d\u00e9vissable","og_url":"https:\/\/alt.thehookah.de\/fr\/produkt\/megatron-anthracite-gunmetal-or-rose\/","og_site_name":"The Hookah","article_modified_time":"2023-11-26T16:22:30+00:00","og_image":[{"width":2560,"height":2560,"url":"https:\/\/alt.thehookah.de\/wp-content\/uploads\/2020\/12\/megatron1-1-scaled.jpg","type":"image\/jpeg"}],"twitter_card":"summary_large_image","twitter_misc":{"Prix":"189,96&nbsp;&euro;","Disponibilit\u00e9":"En stock"},"schema":{"@context":"https:\/\/schema.org","@graph":[{"@type":"WebPage","@id":"https:\/\/alt.thehookah.de\/fr\/produkt\/megatron-anthracite-gunmetal-or-rose\/","url":"https:\/\/alt.thehookah.de\/fr\/produkt\/megatron-anthracite-gunmetal-or-rose\/","name":"Shisha Megatron | Anthracite Gunmetal & Or rose","isPartOf":{"@id":"https:\/\/alt.thehookah.de\/fr\/#website"},"primaryImageOfPage":{"@id":"https:\/\/alt.thehookah.de\/fr\/produkt\/megatron-anthracite-gunmetal-or-rose\/#primaryimage"},"image":{"@id":"https:\/\/alt.thehookah.de\/fr\/produkt\/megatron-anthracite-gunmetal-or-rose\/#primaryimage"},"thumbnailUrl":"https:\/\/alt.thehookah.de\/wp-content\/uploads\/2020\/12\/megatron1-1-scaled.jpg","datePublished":"2020-12-04T19:26:33+00:00","dateModified":"2023-11-26T16:22:30+00:00","description":"Shisha Megatron Anthracite Gunmetal & Rosegold dans The Hookah Online Shop \u2713 tube plongeur en plusieurs parties en V2A \u2713 diffuseur d\u00e9vissable","breadcrumb":{"@id":"https:\/\/alt.thehookah.de\/fr\/produkt\/megatron-anthracite-gunmetal-or-rose\/#breadcrumb"},"inLanguage":"fr-FR","potentialAction":[{"@type":"ReadAction","target":["https:\/\/alt.thehookah.de\/fr\/produkt\/megatron-anthracite-gunmetal-or-rose\/"]}]},{"@type":"ImageObject","inLanguage":"fr-FR","@id":"https:\/\/alt.thehookah.de\/fr\/produkt\/megatron-anthracite-gunmetal-or-rose\/#primaryimage","url":"https:\/\/alt.thehookah.de\/wp-content\/uploads\/2020\/12\/megatron1-1-scaled.jpg","contentUrl":"https:\/\/alt.thehookah.de\/wp-content\/uploads\/2020\/12\/megatron1-1-scaled.jpg","width":2560,"height":2560,"caption":"MEGATRON"},{"@type":"BreadcrumbList","@id":"https:\/\/alt.thehookah.de\/fr\/produkt\/megatron-anthracite-gunmetal-or-rose\/#breadcrumb","itemListElement":[{"@type":"ListItem","position":1,"name":"Startseite","item":"https:\/\/alt.thehookah.de\/fr\/"},{"@type":"ListItem","position":2,"name":"Ta boutique en ligne HOOKAH","item":"https:\/\/alt.thehookah.de\/fr\/ta-boutique-en-ligne-hookah\/"},{"@type":"ListItem","position":3,"name":"MEGATRON Anthracite Gunmetal Or rose"}]},{"@type":"WebSite","@id":"https:\/\/alt.thehookah.de\/fr\/#website","url":"https:\/\/alt.thehookah.de\/fr\/","name":"The Hookah","description":"","publisher":{"@id":"https:\/\/alt.thehookah.de\/fr\/#organization"},"potentialAction":[{"@type":"SearchAction","target":{"@type":"EntryPoint","urlTemplate":"https:\/\/alt.thehookah.de\/fr\/?s={search_term_string}"},"query-input":"required name=search_term_string"}],"inLanguage":"fr-FR"},{"@type":"Organization","@id":"https:\/\/alt.thehookah.de\/fr\/#organization","name":"The Hookah","url":"https:\/\/alt.thehookah.de\/fr\/","logo":{"@type":"ImageObject","inLanguage":"fr-FR","@id":"https:\/\/alt.thehookah.de\/fr\/#\/schema\/logo\/image\/","url":"https:\/\/alt.thehookah.de\/wp-content\/uploads\/2021\/02\/cropped-logo2.png","contentUrl":"https:\/\/alt.thehookah.de\/wp-content\/uploads\/2021\/02\/cropped-logo2.png","width":300,"height":86,"caption":"The Hookah"},"image":{"@id":"https:\/\/alt.thehookah.de\/fr\/#\/schema\/logo\/image\/"}}]},"product_price_amount":"189.96","product_price_currency":"EUR","og_availability":"instock","product_availability":"instock","product_retailer_item_id":"mega1","product_condition":"new"},"_links":{"self":[{"href":"https:\/\/alt.thehookah.de\/fr\/wp-json\/wp\/v2\/product\/618713"}],"collection":[{"href":"https:\/\/alt.thehookah.de\/fr\/wp-json\/wp\/v2\/product"}],"about":[{"href":"https:\/\/alt.thehookah.de\/fr\/wp-json\/wp\/v2\/types\/product"}],"replies":[{"embeddable":true,"href":"https:\/\/alt.thehookah.de\/fr\/wp-json\/wp\/v2\/comments?post=618713"}],"wp:featuredmedia":[{"embeddable":true,"href":"https:\/\/alt.thehookah.de\/fr\/wp-json\/wp\/v2\/media\/618714"}],"wp:attachment":[{"href":"https:\/\/alt.thehookah.de\/fr\/wp-json\/wp\/v2\/media?parent=618713"}],"wp:term":[{"taxonomy":"product_cat","embeddable":true,"href":"https:\/\/alt.thehookah.de\/fr\/wp-json\/wp\/v2\/product_cat?post=618713"},{"taxonomy":"product_tag","embeddable":true,"href":"https:\/\/alt.thehookah.de\/fr\/wp-json\/wp\/v2\/product_tag?post=618713"}],"curies":[{"name":"wp","href":"https:\/\/api.w.org\/{rel}","templated":true}]}}