{"id":618770,"date":"2020-09-30T07:13:44","date_gmt":"2020-09-30T05:13:44","guid":{"rendered":"https:\/\/www.thehookah.de\/produkt\/hanzo\/"},"modified":"2023-11-26T17:23:12","modified_gmt":"2023-11-26T16:23:12","slug":"hanzo","status":"publish","type":"product","link":"https:\/\/alt.thehookah.de\/fr\/produkt\/hanzo\/","title":{"rendered":"HANZO"},"content":{"rendered":"<h1 style=\"text-align: center;\">THE HOOKAH<\/h1>\n<h1 style=\"text-align: center;\">HANZO<\/h1>\n<h2 style=\"text-align: center;\">Argent \/ Or \/ Or rose \/ Arc-en-ciel \/ Noir<\/h2>\n<h2><\/h2>\n<h3 style=\"text-align: center;\">&#8220;Ils doivent avoir de gros rats s&#8217;ils ont un<\/h3>\n<h3 style=\"text-align: center;\">Demander un <b>sabre H<\/b>attori <b>Hanzo<\/b>&#8221; !<\/h3>\n<h3 class=\"LC20lb DKV0Md\">&#8220;Hattori Hanz\u014d&#8221; Kill Bill<\/h3>\n<h2 style=\"text-align: center;\"><\/h2>\n<h3>-Une fois de plus, nous n&#8217;avons pas m\u00e9nag\u00e9 nos efforts et notre design HANZO est plus que r\u00e9ussi.<\/h3>\n<p>&nbsp;<\/p>\n<p><strong>La shisha \/ hookah \/ pipe \u00e0 eau pour la maison et les d\u00e9placements<\/strong><\/p>\n<div><strong>Gr\u00e2ce \u00e0 notre nouveau &amp; tube plongeur en plusieurs parties en V2A, avec diffuseur d\u00e9vissable,<\/strong><\/div>\n<div><strong>vous pouvez maintenant d\u00e9terminer vous-m\u00eame la r\u00e9ponse de votre THE HOOKAH.<\/strong><\/div>\n<div>Dans la version courte, un comportement plus direct et dans la version longue, un comportement un peu plus indirect.<\/div>\n<div>Dans tous les cas, le diam\u00e8tre est dimensionn\u00e9 de mani\u00e8re \u00e0 ce que rien n&#8217;emp\u00eache une traction brutale.<\/div>\n<div><\/div>\n<div><\/div>\n<div>\n<h2>D\u00e9tails du produit<\/h2>\n<p><em><strong>Hanzo ( big ) &#8211; colonne de fum\u00e9e compl\u00e8te<\/strong><\/em><\/p>\n<p><em>Hauteur totale (jusqu&#8217;au <strong>plateau \u00e0 charbon en acier inoxydable <\/strong>) env. 61 cm sans collecteur de molasse<br \/>\n<\/em><em>Hauteur totale (jusqu&#8217;au <strong>plateau \u00e0 charbon en acier inoxydable<\/strong>) env. 71 cm avec pi\u00e8ge \u00e0 molasse<\/em><\/p>\n<p><em><strong>Hanzo ( shorty ) &#8211; colonne de fum\u00e9e raccourcie<\/strong><\/em><\/p>\n<p><em>Hauteur totale (jusqu&#8217;au <strong>plateau \u00e0 charbon en acier inoxydable<\/strong>) env. 48 cm sans collecteur de molasse<br \/>\n<\/em><em>Hauteur totale (jusqu&#8217;au <strong>plateau \u00e0 charbon en acier inoxydable<\/strong>) env. 58 cm avec pi\u00e8ge \u00e0 molasse<\/em><\/p>\n<ul>\n<li>Base en acier inoxydable V2A<\/li>\n<li><strong>Syst\u00e8me de clic \u00e0 chambre ferm\u00e9e<\/strong><\/li>\n<li>Cuill\u00e8re \u00e0 charbon en acier inoxydable 24cm<\/li>\n<li>HANZO CUTTING Bowl (verre en cristal)<\/li>\n<\/ul>\n<p>&nbsp;<\/p>\n<h2>Contenu de la livraison<\/h2>\n<ul>\n<li><strong>1 x V2A acier inoxydable Chapeau de chemin\u00e9e<\/strong><\/li>\n<li><strong>1 x t\u00eate de lecture cinq trous<\/strong><\/li>\n<li><strong>1 x assiette \u00e0 charbon en acier inoxydable 24cm<\/strong><\/li>\n<li><strong>1 x adaptateur de rodage de t\u00eate 18\/8<\/strong><\/li>\n<li><strong>1 x Collecteur de molasse HANZO 18\/8 verre borosilicat\u00e9<\/strong><\/li>\n<li><strong>1 x HANZO colonne de fum\u00e9e en plusieurs parties V2A acier inoxydable<\/strong><\/li>\n<li><strong>1 x HANZO Base V2A acier inoxydable<\/strong><\/li>\n<li><strong>4 x adaptateurs de tuyaux 18\/8<\/strong><\/li>\n<li><strong>4 x embouts 18\/8<\/strong><\/li>\n<li><strong>4 x billes de verre (billes \u00e0 valve)  <\/strong><\/li>\n<li><strong>1 x tube plongeur en plusieurs parties V2A pouvant \u00eatre raccourci &amp; rallong\u00e9<\/strong><\/li>\n<li><strong>1 x diffuseur d\u00e9vissable<\/strong><\/li>\n<li><strong>1 x ressort de protection contre le pliage<\/strong><\/li>\n<li><strong>1 x tuyau en silicone noir mat<\/strong><\/li>\n<li><strong>1 x embout buccal &#8211; THE HOOKAH<\/strong><\/li>\n<li><strong>1 x PINCE D&#8217;HONNEUR<\/strong><\/li>\n<li><strong>1x HANZO BOWL CUTTING verre en cristal souffl\u00e9 \u00e0 la bouche  <\/strong><\/li>\n<\/ul>\n<\/div>\n","protected":false},"excerpt":{"rendered":"<p>THE HOOKAH HANZO Argent \/ Or \/ Or rose \/ Arc-en-ciel \/ Noir &#8220;Ils doivent avoir de gros rats s&#8217;ils ont un Demander un sabre Hattori Hanzo&#8221; ! &#8220;Hattori Hanz\u014d&#8221; Kill Bill -Une fois de plus, nous n&#8217;avons pas m\u00e9nag\u00e9 nos efforts et notre design HANZO est plus que r\u00e9ussi. &nbsp; La shisha \/ hookah [&hellip;]<\/p>\n","protected":false},"featured_media":618821,"comment_status":"open","ping_status":"closed","template":"","meta":[],"product_cat":[321,329,323],"product_tag":[],"yoast_head":"<!-- This site is optimized with the Yoast SEO plugin v22.5 - https:\/\/yoast.com\/wordpress\/plugins\/seo\/ -->\n<title>The Hookah Hanzo | Pipe \u00e0 eau argent - or - or rose - arc-en-ciel<\/title>\n<meta name=\"description\" content=\"The Hookah Hanzo &quot; big ou shorty, tu as le choix \u2713 nouveau &amp; tube plongeur en plusieurs parties en V2A \u2713 diffuseur d\u00e9vissable, ici dans la boutique !\" \/>\n<meta name=\"robots\" content=\"index, follow, max-snippet:-1, max-image-preview:large, max-video-preview:-1\" \/>\n<link rel=\"canonical\" href=\"https:\/\/alt.thehookah.de\/fr\/produkt\/hanzo\/\" \/>\n<meta property=\"og:locale\" content=\"fr_FR\" \/>\n<meta property=\"og:type\" content=\"article\" \/>\n<meta property=\"og:title\" content=\"The Hookah Hanzo | Pipe \u00e0 eau argent - or - or rose - arc-en-ciel\" \/>\n<meta property=\"og:description\" content=\"The Hookah Hanzo &quot; big ou shorty, tu as le choix \u2713 nouveau &amp; tube plongeur en plusieurs parties en V2A \u2713 diffuseur d\u00e9vissable, ici dans la boutique !\" \/>\n<meta property=\"og:url\" content=\"https:\/\/alt.thehookah.de\/fr\/produkt\/hanzo\/\" \/>\n<meta property=\"og:site_name\" content=\"The Hookah\" \/>\n<meta property=\"article:modified_time\" content=\"2023-11-26T16:23:12+00:00\" \/>\n<meta property=\"og:image\" content=\"https:\/\/alt.thehookah.de\/wp-content\/uploads\/2020\/09\/Hanzo.jpg\" \/>\n\t<meta property=\"og:image:width\" content=\"1600\" \/>\n\t<meta property=\"og:image:height\" content=\"1600\" \/>\n\t<meta property=\"og:image:type\" content=\"image\/jpeg\" \/>\n<meta name=\"twitter:card\" content=\"summary_large_image\" \/>\n<meta name=\"twitter:label1\" content=\"Disponibilit\u00e9\" \/>\n\t<meta name=\"twitter:data1\" content=\"En stock\" \/>\n<script type=\"application\/ld+json\" class=\"yoast-schema-graph\">{\"@context\":\"https:\/\/schema.org\",\"@graph\":[{\"@type\":\"WebPage\",\"@id\":\"https:\/\/alt.thehookah.de\/fr\/produkt\/hanzo\/\",\"url\":\"https:\/\/alt.thehookah.de\/fr\/produkt\/hanzo\/\",\"name\":\"The Hookah Hanzo | Pipe \u00e0 eau argent - or - or rose - arc-en-ciel\",\"isPartOf\":{\"@id\":\"https:\/\/alt.thehookah.de\/fr\/#website\"},\"primaryImageOfPage\":{\"@id\":\"https:\/\/alt.thehookah.de\/fr\/produkt\/hanzo\/#primaryimage\"},\"image\":{\"@id\":\"https:\/\/alt.thehookah.de\/fr\/produkt\/hanzo\/#primaryimage\"},\"thumbnailUrl\":\"https:\/\/alt.thehookah.de\/wp-content\/uploads\/2020\/09\/Hanzo.jpg\",\"datePublished\":\"2020-09-30T05:13:44+00:00\",\"dateModified\":\"2023-11-26T16:23:12+00:00\",\"description\":\"The Hookah Hanzo \\\" big ou shorty, tu as le choix \u2713 nouveau & tube plongeur en plusieurs parties en V2A \u2713 diffuseur d\u00e9vissable, ici dans la boutique !\",\"breadcrumb\":{\"@id\":\"https:\/\/alt.thehookah.de\/fr\/produkt\/hanzo\/#breadcrumb\"},\"inLanguage\":\"fr-FR\",\"potentialAction\":[{\"@type\":\"ReadAction\",\"target\":[\"https:\/\/alt.thehookah.de\/fr\/produkt\/hanzo\/\"]}]},{\"@type\":\"ImageObject\",\"inLanguage\":\"fr-FR\",\"@id\":\"https:\/\/alt.thehookah.de\/fr\/produkt\/hanzo\/#primaryimage\",\"url\":\"https:\/\/alt.thehookah.de\/wp-content\/uploads\/2020\/09\/Hanzo.jpg\",\"contentUrl\":\"https:\/\/alt.thehookah.de\/wp-content\/uploads\/2020\/09\/Hanzo.jpg\",\"width\":1600,\"height\":1600},{\"@type\":\"BreadcrumbList\",\"@id\":\"https:\/\/alt.thehookah.de\/fr\/produkt\/hanzo\/#breadcrumb\",\"itemListElement\":[{\"@type\":\"ListItem\",\"position\":1,\"name\":\"Startseite\",\"item\":\"https:\/\/alt.thehookah.de\/fr\/\"},{\"@type\":\"ListItem\",\"position\":2,\"name\":\"Ta boutique en ligne HOOKAH\",\"item\":\"https:\/\/alt.thehookah.de\/fr\/ta-boutique-en-ligne-hookah\/\"},{\"@type\":\"ListItem\",\"position\":3,\"name\":\"HANZO\"}]},{\"@type\":\"WebSite\",\"@id\":\"https:\/\/alt.thehookah.de\/fr\/#website\",\"url\":\"https:\/\/alt.thehookah.de\/fr\/\",\"name\":\"The Hookah\",\"description\":\"\",\"publisher\":{\"@id\":\"https:\/\/alt.thehookah.de\/fr\/#organization\"},\"potentialAction\":[{\"@type\":\"SearchAction\",\"target\":{\"@type\":\"EntryPoint\",\"urlTemplate\":\"https:\/\/alt.thehookah.de\/fr\/?s={search_term_string}\"},\"query-input\":\"required name=search_term_string\"}],\"inLanguage\":\"fr-FR\"},{\"@type\":\"Organization\",\"@id\":\"https:\/\/alt.thehookah.de\/fr\/#organization\",\"name\":\"The Hookah\",\"url\":\"https:\/\/alt.thehookah.de\/fr\/\",\"logo\":{\"@type\":\"ImageObject\",\"inLanguage\":\"fr-FR\",\"@id\":\"https:\/\/alt.thehookah.de\/fr\/#\/schema\/logo\/image\/\",\"url\":\"https:\/\/alt.thehookah.de\/wp-content\/uploads\/2021\/02\/cropped-logo2.png\",\"contentUrl\":\"https:\/\/alt.thehookah.de\/wp-content\/uploads\/2021\/02\/cropped-logo2.png\",\"width\":300,\"height\":86,\"caption\":\"The Hookah\"},\"image\":{\"@id\":\"https:\/\/alt.thehookah.de\/fr\/#\/schema\/logo\/image\/\"}}]}<\/script>\n<meta property=\"og:availability\" content=\"instock\" \/>\n<meta property=\"product:availability\" content=\"instock\" \/>\n<meta property=\"product:retailer_item_id\" content=\"hanzo1\" \/>\n<meta property=\"product:condition\" content=\"new\" \/>\n<!-- \/ Yoast SEO plugin. -->","yoast_head_json":{"title":"The Hookah Hanzo | Pipe \u00e0 eau argent - or - or rose - arc-en-ciel","description":"The Hookah Hanzo \" big ou shorty, tu as le choix \u2713 nouveau & tube plongeur en plusieurs parties en V2A \u2713 diffuseur d\u00e9vissable, ici dans la boutique !","robots":{"index":"index","follow":"follow","max-snippet":"max-snippet:-1","max-image-preview":"max-image-preview:large","max-video-preview":"max-video-preview:-1"},"canonical":"https:\/\/alt.thehookah.de\/fr\/produkt\/hanzo\/","og_locale":"fr_FR","og_type":"article","og_title":"The Hookah Hanzo | Pipe \u00e0 eau argent - or - or rose - arc-en-ciel","og_description":"The Hookah Hanzo \" big ou shorty, tu as le choix \u2713 nouveau & tube plongeur en plusieurs parties en V2A \u2713 diffuseur d\u00e9vissable, ici dans la boutique !","og_url":"https:\/\/alt.thehookah.de\/fr\/produkt\/hanzo\/","og_site_name":"The Hookah","article_modified_time":"2023-11-26T16:23:12+00:00","og_image":[{"width":1600,"height":1600,"url":"https:\/\/alt.thehookah.de\/wp-content\/uploads\/2020\/09\/Hanzo.jpg","type":"image\/jpeg"}],"twitter_card":"summary_large_image","twitter_misc":{"Disponibilit\u00e9":"En stock"},"schema":{"@context":"https:\/\/schema.org","@graph":[{"@type":"WebPage","@id":"https:\/\/alt.thehookah.de\/fr\/produkt\/hanzo\/","url":"https:\/\/alt.thehookah.de\/fr\/produkt\/hanzo\/","name":"The Hookah Hanzo | Pipe \u00e0 eau argent - or - or rose - arc-en-ciel","isPartOf":{"@id":"https:\/\/alt.thehookah.de\/fr\/#website"},"primaryImageOfPage":{"@id":"https:\/\/alt.thehookah.de\/fr\/produkt\/hanzo\/#primaryimage"},"image":{"@id":"https:\/\/alt.thehookah.de\/fr\/produkt\/hanzo\/#primaryimage"},"thumbnailUrl":"https:\/\/alt.thehookah.de\/wp-content\/uploads\/2020\/09\/Hanzo.jpg","datePublished":"2020-09-30T05:13:44+00:00","dateModified":"2023-11-26T16:23:12+00:00","description":"The Hookah Hanzo \" big ou shorty, tu as le choix \u2713 nouveau & tube plongeur en plusieurs parties en V2A \u2713 diffuseur d\u00e9vissable, ici dans la boutique !","breadcrumb":{"@id":"https:\/\/alt.thehookah.de\/fr\/produkt\/hanzo\/#breadcrumb"},"inLanguage":"fr-FR","potentialAction":[{"@type":"ReadAction","target":["https:\/\/alt.thehookah.de\/fr\/produkt\/hanzo\/"]}]},{"@type":"ImageObject","inLanguage":"fr-FR","@id":"https:\/\/alt.thehookah.de\/fr\/produkt\/hanzo\/#primaryimage","url":"https:\/\/alt.thehookah.de\/wp-content\/uploads\/2020\/09\/Hanzo.jpg","contentUrl":"https:\/\/alt.thehookah.de\/wp-content\/uploads\/2020\/09\/Hanzo.jpg","width":1600,"height":1600},{"@type":"BreadcrumbList","@id":"https:\/\/alt.thehookah.de\/fr\/produkt\/hanzo\/#breadcrumb","itemListElement":[{"@type":"ListItem","position":1,"name":"Startseite","item":"https:\/\/alt.thehookah.de\/fr\/"},{"@type":"ListItem","position":2,"name":"Ta boutique en ligne HOOKAH","item":"https:\/\/alt.thehookah.de\/fr\/ta-boutique-en-ligne-hookah\/"},{"@type":"ListItem","position":3,"name":"HANZO"}]},{"@type":"WebSite","@id":"https:\/\/alt.thehookah.de\/fr\/#website","url":"https:\/\/alt.thehookah.de\/fr\/","name":"The Hookah","description":"","publisher":{"@id":"https:\/\/alt.thehookah.de\/fr\/#organization"},"potentialAction":[{"@type":"SearchAction","target":{"@type":"EntryPoint","urlTemplate":"https:\/\/alt.thehookah.de\/fr\/?s={search_term_string}"},"query-input":"required name=search_term_string"}],"inLanguage":"fr-FR"},{"@type":"Organization","@id":"https:\/\/alt.thehookah.de\/fr\/#organization","name":"The Hookah","url":"https:\/\/alt.thehookah.de\/fr\/","logo":{"@type":"ImageObject","inLanguage":"fr-FR","@id":"https:\/\/alt.thehookah.de\/fr\/#\/schema\/logo\/image\/","url":"https:\/\/alt.thehookah.de\/wp-content\/uploads\/2021\/02\/cropped-logo2.png","contentUrl":"https:\/\/alt.thehookah.de\/wp-content\/uploads\/2021\/02\/cropped-logo2.png","width":300,"height":86,"caption":"The Hookah"},"image":{"@id":"https:\/\/alt.thehookah.de\/fr\/#\/schema\/logo\/image\/"}}]},"og_availability":"instock","product_availability":"instock","product_retailer_item_id":"hanzo1","product_condition":"new"},"_links":{"self":[{"href":"https:\/\/alt.thehookah.de\/fr\/wp-json\/wp\/v2\/product\/618770"}],"collection":[{"href":"https:\/\/alt.thehookah.de\/fr\/wp-json\/wp\/v2\/product"}],"about":[{"href":"https:\/\/alt.thehookah.de\/fr\/wp-json\/wp\/v2\/types\/product"}],"replies":[{"embeddable":true,"href":"https:\/\/alt.thehookah.de\/fr\/wp-json\/wp\/v2\/comments?post=618770"}],"wp:featuredmedia":[{"embeddable":true,"href":"https:\/\/alt.thehookah.de\/fr\/wp-json\/wp\/v2\/media\/618821"}],"wp:attachment":[{"href":"https:\/\/alt.thehookah.de\/fr\/wp-json\/wp\/v2\/media?parent=618770"}],"wp:term":[{"taxonomy":"product_cat","embeddable":true,"href":"https:\/\/alt.thehookah.de\/fr\/wp-json\/wp\/v2\/product_cat?post=618770"},{"taxonomy":"product_tag","embeddable":true,"href":"https:\/\/alt.thehookah.de\/fr\/wp-json\/wp\/v2\/product_tag?post=618770"}],"curies":[{"name":"wp","href":"https:\/\/api.w.org\/{rel}","templated":true}]}}