{"id":618875,"date":"2020-09-30T09:43:00","date_gmt":"2020-09-30T07:43:00","guid":{"rendered":"https:\/\/www.thehookah.de\/produkt\/carly-pocket-rocket\/"},"modified":"2020-09-30T09:43:00","modified_gmt":"2020-09-30T07:43:00","slug":"carly-pocket-rocket","status":"publish","type":"product","link":"https:\/\/alt.thehookah.de\/fr\/produkt\/carly-pocket-rocket\/","title":{"rendered":"CARLY POCKET ROCKET"},"content":{"rendered":"<h1 style=\"text-align: center;\">POCKET ROCKET CARLY<\/h1>\n<ul>\n<li><strong>Apr\u00e8s plusieurs mois de d\u00e9veloppement, notre Pocket Rocket Carly a enfin \u00e9t\u00e9 produite en s\u00e9rie&#8230;.  <\/strong><\/li>\n<\/ul>\n<p>&nbsp;<\/p>\n<p>&nbsp;<\/p>\n<h3 style=\"text-align: center;\">enfin fumer en conduisant&#8230;.<\/h3>\n<h3 style=\"text-align: center;\"><strong>Dimensions  <\/strong><\/h3>\n<h3 style=\"text-align: center;\"><strong>hauteur sans grille de protection : environ 18 cm<\/strong><\/h3>\n<h3 style=\"text-align: center;\"><strong>hauteur avec grille de protection : environ 27 cm<\/strong><\/h3>\n<h3 style=\"text-align: center;\"><strong>diam\u00e8tre ext\u00e9rieur d&#8217;environ 7 cm  <\/strong><\/h3>\n<p>&nbsp;<\/p>\n<p>&nbsp;<\/p>\n<p style=\"text-align: center;\"><em><strong>devrait permettre de fumer dans presque tous les v\u00e9hicules, de plus nous avons une<\/strong><\/em><\/p>\n<p style=\"text-align: center;\"><em><strong>  Pied de support en forme d&#8217;assiette fourni avec la pipe, ce qui devrait faciliter une fum\u00e9e stable comme pipe de table. La grille de protection du vent et du charbon de la shisha en BLACK EDITION est \u00e9galement incluse dans le set.  <\/strong><\/em><\/p>\n<h1 style=\"text-align: center;\"><\/h1>\n<ul>\n<li><strong><em>Habillage en aluminium anodis\u00e9 Black Edition, tous les raccords &amp; tube de plong\u00e9e  <\/em><\/strong><\/li>\n<li><strong><em>Acier inoxydable V2A <\/em><\/strong><\/li>\n<\/ul>\n<h3><\/h3>\n<h3 style=\"text-align: center;\"><strong>La shisha \/ hookah \/ pipe \u00e0 eau pour la maison et les d\u00e9placements dans un sac de transport pratique dans un set complet absolu.  <\/strong><\/h3>\n<p>&nbsp;<\/p>\n<h2>Contenu de la livraison<\/h2>\n<ul>\n<li>1 x THE HOOKAH Phunnel + Firebox <strong>BLACK EDITION <\/strong> <\/li>\n<li>1x Shisha grille de protection contre le vent et le charbon <strong>BLACK EDITION <\/strong> <\/li>\n<li><strong>1 x pied de support en forme d&#8217;assiette  <\/strong><\/li>\n<li>1 x adaptateur de tuyau \u00e0 enficher en acier inoxydable V2A<\/li>\n<li><strong>1x Syst\u00e8me de soufflage horizontal \u00e0 3 chambres<\/strong><\/li>\n<li>1 x embout<\/li>\n<li>3 x boule en verre<\/li>\n<li>1 x tube plongeur en acier inoxydable V2A<\/li>\n<li>1 x tuyau en silicone noir mat<\/li>\n<li>1 x joint de t\u00eate<\/li>\n<li>1 x embout buccal &#8211; THE HOOKAH Carly Edition<\/li>\n<li>1 x pince d&#8217;honneur acier inoxydable V2A<\/li>\n<li>1 x sac de transport<\/li>\n<\/ul>\n","protected":false},"excerpt":{"rendered":"<p>POCKET ROCKET CARLY Apr\u00e8s plusieurs mois de d\u00e9veloppement, notre Pocket Rocket Carly a enfin \u00e9t\u00e9 produite en s\u00e9rie&#8230;. &nbsp; &nbsp; enfin fumer en conduisant&#8230;. Dimensions hauteur sans grille de protection : environ 18 cm hauteur avec grille de protection : environ 27 cm diam\u00e8tre ext\u00e9rieur d&#8217;environ 7 cm &nbsp; &nbsp; devrait permettre de fumer dans [&hellip;]<\/p>\n","protected":false},"featured_media":618876,"comment_status":"open","ping_status":"closed","template":"","meta":[],"product_cat":[321,327,330,323],"product_tag":[],"yoast_head":"<!-- This site is optimized with the Yoast SEO plugin v22.5 - https:\/\/yoast.com\/wordpress\/plugins\/seo\/ -->\n<title>Carly Pocket Rocket Shisha | enfin fumer en conduisant<\/title>\n<meta name=\"description\" content=\"Shisha Carly Pocket Rocket \u2713 avec socle en forme d&#039;assiette \u2713 habillage en aluminium anodis\u00e9 Black Edition \u2713 acier inoxydable V2A\" \/>\n<meta name=\"robots\" content=\"index, follow, max-snippet:-1, max-image-preview:large, max-video-preview:-1\" \/>\n<link rel=\"canonical\" href=\"https:\/\/alt.thehookah.de\/fr\/produkt\/carly-pocket-rocket\/\" \/>\n<meta property=\"og:locale\" content=\"fr_FR\" \/>\n<meta property=\"og:type\" content=\"article\" \/>\n<meta property=\"og:title\" content=\"Carly Pocket Rocket Shisha | enfin fumer en conduisant\" \/>\n<meta property=\"og:description\" content=\"Shisha Carly Pocket Rocket \u2713 avec socle en forme d&#039;assiette \u2713 habillage en aluminium anodis\u00e9 Black Edition \u2713 acier inoxydable V2A\" \/>\n<meta property=\"og:url\" content=\"https:\/\/alt.thehookah.de\/fr\/produkt\/carly-pocket-rocket\/\" \/>\n<meta property=\"og:site_name\" content=\"The Hookah\" \/>\n<meta property=\"og:image\" content=\"https:\/\/alt.thehookah.de\/wp-content\/uploads\/2020\/09\/CAR1-1.jpg\" \/>\n\t<meta property=\"og:image:width\" content=\"2000\" \/>\n\t<meta property=\"og:image:height\" content=\"2000\" \/>\n\t<meta property=\"og:image:type\" content=\"image\/jpeg\" \/>\n<meta name=\"twitter:card\" content=\"summary_large_image\" \/>\n<meta name=\"twitter:label1\" content=\"Prix\" \/>\n\t<meta name=\"twitter:data1\" content=\"99,90&nbsp;&euro;\" \/>\n\t<meta name=\"twitter:label2\" content=\"Disponibilit\u00e9\" \/>\n\t<meta name=\"twitter:data2\" content=\"Rupture de stock\" \/>\n<script type=\"application\/ld+json\" class=\"yoast-schema-graph\">{\"@context\":\"https:\/\/schema.org\",\"@graph\":[{\"@type\":\"WebPage\",\"@id\":\"https:\/\/alt.thehookah.de\/fr\/produkt\/carly-pocket-rocket\/\",\"url\":\"https:\/\/alt.thehookah.de\/fr\/produkt\/carly-pocket-rocket\/\",\"name\":\"Carly Pocket Rocket Shisha | enfin fumer en conduisant\",\"isPartOf\":{\"@id\":\"https:\/\/alt.thehookah.de\/fr\/#website\"},\"primaryImageOfPage\":{\"@id\":\"https:\/\/alt.thehookah.de\/fr\/produkt\/carly-pocket-rocket\/#primaryimage\"},\"image\":{\"@id\":\"https:\/\/alt.thehookah.de\/fr\/produkt\/carly-pocket-rocket\/#primaryimage\"},\"thumbnailUrl\":\"https:\/\/alt.thehookah.de\/wp-content\/uploads\/2020\/09\/CAR1-1.jpg\",\"datePublished\":\"2020-09-30T07:43:00+00:00\",\"dateModified\":\"2020-09-30T07:43:00+00:00\",\"description\":\"Shisha Carly Pocket Rocket \u2713 avec socle en forme d'assiette \u2713 habillage en aluminium anodis\u00e9 Black Edition \u2713 acier inoxydable V2A\",\"breadcrumb\":{\"@id\":\"https:\/\/alt.thehookah.de\/fr\/produkt\/carly-pocket-rocket\/#breadcrumb\"},\"inLanguage\":\"fr-FR\",\"potentialAction\":[{\"@type\":\"ReadAction\",\"target\":[\"https:\/\/alt.thehookah.de\/fr\/produkt\/carly-pocket-rocket\/\"]}]},{\"@type\":\"ImageObject\",\"inLanguage\":\"fr-FR\",\"@id\":\"https:\/\/alt.thehookah.de\/fr\/produkt\/carly-pocket-rocket\/#primaryimage\",\"url\":\"https:\/\/alt.thehookah.de\/wp-content\/uploads\/2020\/09\/CAR1-1.jpg\",\"contentUrl\":\"https:\/\/alt.thehookah.de\/wp-content\/uploads\/2020\/09\/CAR1-1.jpg\",\"width\":2000,\"height\":2000,\"caption\":\"CARLY POCKET ROCKET\"},{\"@type\":\"BreadcrumbList\",\"@id\":\"https:\/\/alt.thehookah.de\/fr\/produkt\/carly-pocket-rocket\/#breadcrumb\",\"itemListElement\":[{\"@type\":\"ListItem\",\"position\":1,\"name\":\"Startseite\",\"item\":\"https:\/\/alt.thehookah.de\/fr\/\"},{\"@type\":\"ListItem\",\"position\":2,\"name\":\"Ta boutique en ligne HOOKAH\",\"item\":\"https:\/\/alt.thehookah.de\/fr\/ta-boutique-en-ligne-hookah\/\"},{\"@type\":\"ListItem\",\"position\":3,\"name\":\"CARLY POCKET ROCKET\"}]},{\"@type\":\"WebSite\",\"@id\":\"https:\/\/alt.thehookah.de\/fr\/#website\",\"url\":\"https:\/\/alt.thehookah.de\/fr\/\",\"name\":\"The Hookah\",\"description\":\"\",\"publisher\":{\"@id\":\"https:\/\/alt.thehookah.de\/fr\/#organization\"},\"potentialAction\":[{\"@type\":\"SearchAction\",\"target\":{\"@type\":\"EntryPoint\",\"urlTemplate\":\"https:\/\/alt.thehookah.de\/fr\/?s={search_term_string}\"},\"query-input\":\"required name=search_term_string\"}],\"inLanguage\":\"fr-FR\"},{\"@type\":\"Organization\",\"@id\":\"https:\/\/alt.thehookah.de\/fr\/#organization\",\"name\":\"The Hookah\",\"url\":\"https:\/\/alt.thehookah.de\/fr\/\",\"logo\":{\"@type\":\"ImageObject\",\"inLanguage\":\"fr-FR\",\"@id\":\"https:\/\/alt.thehookah.de\/fr\/#\/schema\/logo\/image\/\",\"url\":\"https:\/\/alt.thehookah.de\/wp-content\/uploads\/2021\/02\/cropped-logo2.png\",\"contentUrl\":\"https:\/\/alt.thehookah.de\/wp-content\/uploads\/2021\/02\/cropped-logo2.png\",\"width\":300,\"height\":86,\"caption\":\"The Hookah\"},\"image\":{\"@id\":\"https:\/\/alt.thehookah.de\/fr\/#\/schema\/logo\/image\/\"}}]}<\/script>\n<meta property=\"product:price:amount\" content=\"99.90\" \/>\n<meta property=\"product:price:currency\" content=\"EUR\" \/>\n<meta property=\"og:availability\" content=\"out of stock\" \/>\n<meta property=\"product:availability\" content=\"out of stock\" \/>\n<meta property=\"product:retailer_item_id\" content=\"carly1\" \/>\n<meta property=\"product:condition\" content=\"new\" \/>\n<!-- \/ Yoast SEO plugin. -->","yoast_head_json":{"title":"Carly Pocket Rocket Shisha | enfin fumer en conduisant","description":"Shisha Carly Pocket Rocket \u2713 avec socle en forme d'assiette \u2713 habillage en aluminium anodis\u00e9 Black Edition \u2713 acier inoxydable V2A","robots":{"index":"index","follow":"follow","max-snippet":"max-snippet:-1","max-image-preview":"max-image-preview:large","max-video-preview":"max-video-preview:-1"},"canonical":"https:\/\/alt.thehookah.de\/fr\/produkt\/carly-pocket-rocket\/","og_locale":"fr_FR","og_type":"article","og_title":"Carly Pocket Rocket Shisha | enfin fumer en conduisant","og_description":"Shisha Carly Pocket Rocket \u2713 avec socle en forme d'assiette \u2713 habillage en aluminium anodis\u00e9 Black Edition \u2713 acier inoxydable V2A","og_url":"https:\/\/alt.thehookah.de\/fr\/produkt\/carly-pocket-rocket\/","og_site_name":"The Hookah","og_image":[{"width":2000,"height":2000,"url":"https:\/\/alt.thehookah.de\/wp-content\/uploads\/2020\/09\/CAR1-1.jpg","type":"image\/jpeg"}],"twitter_card":"summary_large_image","twitter_misc":{"Prix":"99,90&nbsp;&euro;","Disponibilit\u00e9":"Rupture de stock"},"schema":{"@context":"https:\/\/schema.org","@graph":[{"@type":"WebPage","@id":"https:\/\/alt.thehookah.de\/fr\/produkt\/carly-pocket-rocket\/","url":"https:\/\/alt.thehookah.de\/fr\/produkt\/carly-pocket-rocket\/","name":"Carly Pocket Rocket Shisha | enfin fumer en conduisant","isPartOf":{"@id":"https:\/\/alt.thehookah.de\/fr\/#website"},"primaryImageOfPage":{"@id":"https:\/\/alt.thehookah.de\/fr\/produkt\/carly-pocket-rocket\/#primaryimage"},"image":{"@id":"https:\/\/alt.thehookah.de\/fr\/produkt\/carly-pocket-rocket\/#primaryimage"},"thumbnailUrl":"https:\/\/alt.thehookah.de\/wp-content\/uploads\/2020\/09\/CAR1-1.jpg","datePublished":"2020-09-30T07:43:00+00:00","dateModified":"2020-09-30T07:43:00+00:00","description":"Shisha Carly Pocket Rocket \u2713 avec socle en forme d'assiette \u2713 habillage en aluminium anodis\u00e9 Black Edition \u2713 acier inoxydable V2A","breadcrumb":{"@id":"https:\/\/alt.thehookah.de\/fr\/produkt\/carly-pocket-rocket\/#breadcrumb"},"inLanguage":"fr-FR","potentialAction":[{"@type":"ReadAction","target":["https:\/\/alt.thehookah.de\/fr\/produkt\/carly-pocket-rocket\/"]}]},{"@type":"ImageObject","inLanguage":"fr-FR","@id":"https:\/\/alt.thehookah.de\/fr\/produkt\/carly-pocket-rocket\/#primaryimage","url":"https:\/\/alt.thehookah.de\/wp-content\/uploads\/2020\/09\/CAR1-1.jpg","contentUrl":"https:\/\/alt.thehookah.de\/wp-content\/uploads\/2020\/09\/CAR1-1.jpg","width":2000,"height":2000,"caption":"CARLY POCKET ROCKET"},{"@type":"BreadcrumbList","@id":"https:\/\/alt.thehookah.de\/fr\/produkt\/carly-pocket-rocket\/#breadcrumb","itemListElement":[{"@type":"ListItem","position":1,"name":"Startseite","item":"https:\/\/alt.thehookah.de\/fr\/"},{"@type":"ListItem","position":2,"name":"Ta boutique en ligne HOOKAH","item":"https:\/\/alt.thehookah.de\/fr\/ta-boutique-en-ligne-hookah\/"},{"@type":"ListItem","position":3,"name":"CARLY POCKET ROCKET"}]},{"@type":"WebSite","@id":"https:\/\/alt.thehookah.de\/fr\/#website","url":"https:\/\/alt.thehookah.de\/fr\/","name":"The Hookah","description":"","publisher":{"@id":"https:\/\/alt.thehookah.de\/fr\/#organization"},"potentialAction":[{"@type":"SearchAction","target":{"@type":"EntryPoint","urlTemplate":"https:\/\/alt.thehookah.de\/fr\/?s={search_term_string}"},"query-input":"required name=search_term_string"}],"inLanguage":"fr-FR"},{"@type":"Organization","@id":"https:\/\/alt.thehookah.de\/fr\/#organization","name":"The Hookah","url":"https:\/\/alt.thehookah.de\/fr\/","logo":{"@type":"ImageObject","inLanguage":"fr-FR","@id":"https:\/\/alt.thehookah.de\/fr\/#\/schema\/logo\/image\/","url":"https:\/\/alt.thehookah.de\/wp-content\/uploads\/2021\/02\/cropped-logo2.png","contentUrl":"https:\/\/alt.thehookah.de\/wp-content\/uploads\/2021\/02\/cropped-logo2.png","width":300,"height":86,"caption":"The Hookah"},"image":{"@id":"https:\/\/alt.thehookah.de\/fr\/#\/schema\/logo\/image\/"}}]},"product_price_amount":"99.90","product_price_currency":"EUR","og_availability":"out of stock","product_availability":"out of stock","product_retailer_item_id":"carly1","product_condition":"new"},"_links":{"self":[{"href":"https:\/\/alt.thehookah.de\/fr\/wp-json\/wp\/v2\/product\/618875"}],"collection":[{"href":"https:\/\/alt.thehookah.de\/fr\/wp-json\/wp\/v2\/product"}],"about":[{"href":"https:\/\/alt.thehookah.de\/fr\/wp-json\/wp\/v2\/types\/product"}],"replies":[{"embeddable":true,"href":"https:\/\/alt.thehookah.de\/fr\/wp-json\/wp\/v2\/comments?post=618875"}],"wp:featuredmedia":[{"embeddable":true,"href":"https:\/\/alt.thehookah.de\/fr\/wp-json\/wp\/v2\/media\/618876"}],"wp:attachment":[{"href":"https:\/\/alt.thehookah.de\/fr\/wp-json\/wp\/v2\/media?parent=618875"}],"wp:term":[{"taxonomy":"product_cat","embeddable":true,"href":"https:\/\/alt.thehookah.de\/fr\/wp-json\/wp\/v2\/product_cat?post=618875"},{"taxonomy":"product_tag","embeddable":true,"href":"https:\/\/alt.thehookah.de\/fr\/wp-json\/wp\/v2\/product_tag?post=618875"}],"curies":[{"name":"wp","href":"https:\/\/api.w.org\/{rel}","templated":true}]}}