{"id":618898,"date":"2020-09-27T11:45:21","date_gmt":"2020-09-27T09:45:21","guid":{"rendered":"https:\/\/www.thehookah.de\/produkt\/plateau-de-charbon-de-verre-rainbow-the-hookah\/"},"modified":"2020-09-27T11:45:21","modified_gmt":"2020-09-27T09:45:21","slug":"plateau-de-charbon-de-verre-rainbow-the-hookah","status":"publish","type":"product","link":"https:\/\/alt.thehookah.de\/fr\/produkt\/plateau-de-charbon-de-verre-rainbow-the-hookah\/","title":{"rendered":"Plateau de charbon de verre RAINBOW- THE HOOKAH"},"content":{"rendered":"<h2>RAINBOW Plateau de charbon de verre &#8211; THE HOOKAH<\/h2>\n<ul>\n<li>Assiette sp\u00e9ciale en verre (diam\u00e8tre env. 26 cm, mat\u00e9riau : verre borosilicat\u00e9)<\/li>\n<li>Robuste &amp; r\u00e9sistant<\/li>\n<li>R\u00e9sistance limit\u00e9e \u00e0 la chaleur, ne convient donc pas pour d\u00e9poser le charbon.<\/li>\n<\/ul>\n<p>&nbsp;<\/p>\n<p>&nbsp;<\/p>\n<ul>\n<li>  le d\u00e9p\u00f4t de charbon peut les d\u00e9colorer<\/li>\n<li>Adaptateur de coupe de t\u00eate utilis\u00e9 uniquement \u00e0 titre d&#8217;illustration<\/li>\n<\/ul>\n","protected":false},"excerpt":{"rendered":"<p>RAINBOW Plateau de charbon de verre &#8211; THE HOOKAH Assiette sp\u00e9ciale en verre (diam\u00e8tre env. 26 cm, mat\u00e9riau : verre borosilicat\u00e9) Robuste &amp; r\u00e9sistant R\u00e9sistance limit\u00e9e \u00e0 la chaleur, ne convient donc pas pour d\u00e9poser le charbon. &nbsp; &nbsp; le d\u00e9p\u00f4t de charbon peut les d\u00e9colorer Adaptateur de coupe de t\u00eate utilis\u00e9 uniquement \u00e0 titre [&hellip;]<\/p>\n","protected":false},"featured_media":618899,"comment_status":"open","ping_status":"closed","template":"","meta":[],"product_cat":[310,351],"product_tag":[],"yoast_head":"<!-- This site is optimized with the Yoast SEO plugin v22.5 - https:\/\/yoast.com\/wordpress\/plugins\/seo\/ -->\n<title>Shisha Rainbow plaque de charbon de verre | ici chez The Hookah<\/title>\n<meta name=\"description\" content=\"Assiette \u00e0 charbon de verre Shisha Rainbow \u2713 Assiette \u00e0 charbon de verre sp\u00e9ciale (diam\u00e8tre env. 26 cm, mat\u00e9riau verre borosilicat\u00e9) \u2713 recouverte de particules Woodoo\" \/>\n<meta name=\"robots\" content=\"index, follow, max-snippet:-1, max-image-preview:large, max-video-preview:-1\" \/>\n<link rel=\"canonical\" href=\"https:\/\/alt.thehookah.de\/fr\/produkt\/plateau-de-charbon-de-verre-rainbow-the-hookah\/\" \/>\n<meta property=\"og:locale\" content=\"fr_FR\" \/>\n<meta property=\"og:type\" content=\"article\" \/>\n<meta property=\"og:title\" content=\"Shisha Rainbow plaque de charbon de verre | ici chez The Hookah\" \/>\n<meta property=\"og:description\" content=\"Assiette \u00e0 charbon de verre Shisha Rainbow \u2713 Assiette \u00e0 charbon de verre sp\u00e9ciale (diam\u00e8tre env. 26 cm, mat\u00e9riau verre borosilicat\u00e9) \u2713 recouverte de particules Woodoo\" \/>\n<meta property=\"og:url\" content=\"https:\/\/alt.thehookah.de\/fr\/produkt\/plateau-de-charbon-de-verre-rainbow-the-hookah\/\" \/>\n<meta property=\"og:site_name\" content=\"The Hookah\" \/>\n<meta property=\"og:image\" content=\"https:\/\/alt.thehookah.de\/wp-content\/uploads\/2020\/09\/medusarainbow8-1-scaled.jpg\" \/>\n\t<meta property=\"og:image:width\" content=\"2560\" \/>\n\t<meta property=\"og:image:height\" content=\"2560\" \/>\n\t<meta property=\"og:image:type\" content=\"image\/jpeg\" \/>\n<meta name=\"twitter:card\" content=\"summary_large_image\" \/>\n<meta name=\"twitter:label1\" content=\"Prix\" \/>\n\t<meta name=\"twitter:data1\" content=\"16,50&nbsp;&euro;\" \/>\n\t<meta name=\"twitter:label2\" content=\"Disponibilit\u00e9\" \/>\n\t<meta name=\"twitter:data2\" content=\"Rupture de stock\" \/>\n<script type=\"application\/ld+json\" class=\"yoast-schema-graph\">{\"@context\":\"https:\/\/schema.org\",\"@graph\":[{\"@type\":\"WebPage\",\"@id\":\"https:\/\/alt.thehookah.de\/fr\/produkt\/plateau-de-charbon-de-verre-rainbow-the-hookah\/\",\"url\":\"https:\/\/alt.thehookah.de\/fr\/produkt\/plateau-de-charbon-de-verre-rainbow-the-hookah\/\",\"name\":\"Shisha Rainbow plaque de charbon de verre | ici chez The Hookah\",\"isPartOf\":{\"@id\":\"https:\/\/alt.thehookah.de\/fr\/#website\"},\"primaryImageOfPage\":{\"@id\":\"https:\/\/alt.thehookah.de\/fr\/produkt\/plateau-de-charbon-de-verre-rainbow-the-hookah\/#primaryimage\"},\"image\":{\"@id\":\"https:\/\/alt.thehookah.de\/fr\/produkt\/plateau-de-charbon-de-verre-rainbow-the-hookah\/#primaryimage\"},\"thumbnailUrl\":\"https:\/\/alt.thehookah.de\/wp-content\/uploads\/2020\/09\/medusarainbow8-1-scaled.jpg\",\"datePublished\":\"2020-09-27T09:45:21+00:00\",\"dateModified\":\"2020-09-27T09:45:21+00:00\",\"description\":\"Assiette \u00e0 charbon de verre Shisha Rainbow \u2713 Assiette \u00e0 charbon de verre sp\u00e9ciale (diam\u00e8tre env. 26 cm, mat\u00e9riau verre borosilicat\u00e9) \u2713 recouverte de particules Woodoo\",\"breadcrumb\":{\"@id\":\"https:\/\/alt.thehookah.de\/fr\/produkt\/plateau-de-charbon-de-verre-rainbow-the-hookah\/#breadcrumb\"},\"inLanguage\":\"fr-FR\",\"potentialAction\":[{\"@type\":\"ReadAction\",\"target\":[\"https:\/\/alt.thehookah.de\/fr\/produkt\/plateau-de-charbon-de-verre-rainbow-the-hookah\/\"]}]},{\"@type\":\"ImageObject\",\"inLanguage\":\"fr-FR\",\"@id\":\"https:\/\/alt.thehookah.de\/fr\/produkt\/plateau-de-charbon-de-verre-rainbow-the-hookah\/#primaryimage\",\"url\":\"https:\/\/alt.thehookah.de\/wp-content\/uploads\/2020\/09\/medusarainbow8-1-scaled.jpg\",\"contentUrl\":\"https:\/\/alt.thehookah.de\/wp-content\/uploads\/2020\/09\/medusarainbow8-1-scaled.jpg\",\"width\":2560,\"height\":2560,\"caption\":\"RAINBOW GLASKOHLETELLER\"},{\"@type\":\"BreadcrumbList\",\"@id\":\"https:\/\/alt.thehookah.de\/fr\/produkt\/plateau-de-charbon-de-verre-rainbow-the-hookah\/#breadcrumb\",\"itemListElement\":[{\"@type\":\"ListItem\",\"position\":1,\"name\":\"Startseite\",\"item\":\"https:\/\/alt.thehookah.de\/fr\/\"},{\"@type\":\"ListItem\",\"position\":2,\"name\":\"Ta boutique en ligne HOOKAH\",\"item\":\"https:\/\/alt.thehookah.de\/fr\/ta-boutique-en-ligne-hookah\/\"},{\"@type\":\"ListItem\",\"position\":3,\"name\":\"Plateau de charbon de verre RAINBOW- THE HOOKAH\"}]},{\"@type\":\"WebSite\",\"@id\":\"https:\/\/alt.thehookah.de\/fr\/#website\",\"url\":\"https:\/\/alt.thehookah.de\/fr\/\",\"name\":\"The Hookah\",\"description\":\"\",\"publisher\":{\"@id\":\"https:\/\/alt.thehookah.de\/fr\/#organization\"},\"potentialAction\":[{\"@type\":\"SearchAction\",\"target\":{\"@type\":\"EntryPoint\",\"urlTemplate\":\"https:\/\/alt.thehookah.de\/fr\/?s={search_term_string}\"},\"query-input\":\"required name=search_term_string\"}],\"inLanguage\":\"fr-FR\"},{\"@type\":\"Organization\",\"@id\":\"https:\/\/alt.thehookah.de\/fr\/#organization\",\"name\":\"The Hookah\",\"url\":\"https:\/\/alt.thehookah.de\/fr\/\",\"logo\":{\"@type\":\"ImageObject\",\"inLanguage\":\"fr-FR\",\"@id\":\"https:\/\/alt.thehookah.de\/fr\/#\/schema\/logo\/image\/\",\"url\":\"https:\/\/alt.thehookah.de\/wp-content\/uploads\/2021\/02\/cropped-logo2.png\",\"contentUrl\":\"https:\/\/alt.thehookah.de\/wp-content\/uploads\/2021\/02\/cropped-logo2.png\",\"width\":300,\"height\":86,\"caption\":\"The Hookah\"},\"image\":{\"@id\":\"https:\/\/alt.thehookah.de\/fr\/#\/schema\/logo\/image\/\"}}]}<\/script>\n<meta property=\"product:price:amount\" content=\"16.50\" \/>\n<meta property=\"product:price:currency\" content=\"EUR\" \/>\n<meta property=\"og:availability\" content=\"out of stock\" \/>\n<meta property=\"product:availability\" content=\"out of stock\" \/>\n<meta property=\"product:retailer_item_id\" content=\"RB-Glaskohleteller1\" \/>\n<meta property=\"product:condition\" content=\"new\" \/>\n<!-- \/ Yoast SEO plugin. -->","yoast_head_json":{"title":"Shisha Rainbow plaque de charbon de verre | ici chez The Hookah","description":"Assiette \u00e0 charbon de verre Shisha Rainbow \u2713 Assiette \u00e0 charbon de verre sp\u00e9ciale (diam\u00e8tre env. 26 cm, mat\u00e9riau verre borosilicat\u00e9) \u2713 recouverte de particules Woodoo","robots":{"index":"index","follow":"follow","max-snippet":"max-snippet:-1","max-image-preview":"max-image-preview:large","max-video-preview":"max-video-preview:-1"},"canonical":"https:\/\/alt.thehookah.de\/fr\/produkt\/plateau-de-charbon-de-verre-rainbow-the-hookah\/","og_locale":"fr_FR","og_type":"article","og_title":"Shisha Rainbow plaque de charbon de verre | ici chez The Hookah","og_description":"Assiette \u00e0 charbon de verre Shisha Rainbow \u2713 Assiette \u00e0 charbon de verre sp\u00e9ciale (diam\u00e8tre env. 26 cm, mat\u00e9riau verre borosilicat\u00e9) \u2713 recouverte de particules Woodoo","og_url":"https:\/\/alt.thehookah.de\/fr\/produkt\/plateau-de-charbon-de-verre-rainbow-the-hookah\/","og_site_name":"The Hookah","og_image":[{"width":2560,"height":2560,"url":"https:\/\/alt.thehookah.de\/wp-content\/uploads\/2020\/09\/medusarainbow8-1-scaled.jpg","type":"image\/jpeg"}],"twitter_card":"summary_large_image","twitter_misc":{"Prix":"16,50&nbsp;&euro;","Disponibilit\u00e9":"Rupture de stock"},"schema":{"@context":"https:\/\/schema.org","@graph":[{"@type":"WebPage","@id":"https:\/\/alt.thehookah.de\/fr\/produkt\/plateau-de-charbon-de-verre-rainbow-the-hookah\/","url":"https:\/\/alt.thehookah.de\/fr\/produkt\/plateau-de-charbon-de-verre-rainbow-the-hookah\/","name":"Shisha Rainbow plaque de charbon de verre | ici chez The Hookah","isPartOf":{"@id":"https:\/\/alt.thehookah.de\/fr\/#website"},"primaryImageOfPage":{"@id":"https:\/\/alt.thehookah.de\/fr\/produkt\/plateau-de-charbon-de-verre-rainbow-the-hookah\/#primaryimage"},"image":{"@id":"https:\/\/alt.thehookah.de\/fr\/produkt\/plateau-de-charbon-de-verre-rainbow-the-hookah\/#primaryimage"},"thumbnailUrl":"https:\/\/alt.thehookah.de\/wp-content\/uploads\/2020\/09\/medusarainbow8-1-scaled.jpg","datePublished":"2020-09-27T09:45:21+00:00","dateModified":"2020-09-27T09:45:21+00:00","description":"Assiette \u00e0 charbon de verre Shisha Rainbow \u2713 Assiette \u00e0 charbon de verre sp\u00e9ciale (diam\u00e8tre env. 26 cm, mat\u00e9riau verre borosilicat\u00e9) \u2713 recouverte de particules Woodoo","breadcrumb":{"@id":"https:\/\/alt.thehookah.de\/fr\/produkt\/plateau-de-charbon-de-verre-rainbow-the-hookah\/#breadcrumb"},"inLanguage":"fr-FR","potentialAction":[{"@type":"ReadAction","target":["https:\/\/alt.thehookah.de\/fr\/produkt\/plateau-de-charbon-de-verre-rainbow-the-hookah\/"]}]},{"@type":"ImageObject","inLanguage":"fr-FR","@id":"https:\/\/alt.thehookah.de\/fr\/produkt\/plateau-de-charbon-de-verre-rainbow-the-hookah\/#primaryimage","url":"https:\/\/alt.thehookah.de\/wp-content\/uploads\/2020\/09\/medusarainbow8-1-scaled.jpg","contentUrl":"https:\/\/alt.thehookah.de\/wp-content\/uploads\/2020\/09\/medusarainbow8-1-scaled.jpg","width":2560,"height":2560,"caption":"RAINBOW GLASKOHLETELLER"},{"@type":"BreadcrumbList","@id":"https:\/\/alt.thehookah.de\/fr\/produkt\/plateau-de-charbon-de-verre-rainbow-the-hookah\/#breadcrumb","itemListElement":[{"@type":"ListItem","position":1,"name":"Startseite","item":"https:\/\/alt.thehookah.de\/fr\/"},{"@type":"ListItem","position":2,"name":"Ta boutique en ligne HOOKAH","item":"https:\/\/alt.thehookah.de\/fr\/ta-boutique-en-ligne-hookah\/"},{"@type":"ListItem","position":3,"name":"Plateau de charbon de verre RAINBOW- THE HOOKAH"}]},{"@type":"WebSite","@id":"https:\/\/alt.thehookah.de\/fr\/#website","url":"https:\/\/alt.thehookah.de\/fr\/","name":"The Hookah","description":"","publisher":{"@id":"https:\/\/alt.thehookah.de\/fr\/#organization"},"potentialAction":[{"@type":"SearchAction","target":{"@type":"EntryPoint","urlTemplate":"https:\/\/alt.thehookah.de\/fr\/?s={search_term_string}"},"query-input":"required name=search_term_string"}],"inLanguage":"fr-FR"},{"@type":"Organization","@id":"https:\/\/alt.thehookah.de\/fr\/#organization","name":"The Hookah","url":"https:\/\/alt.thehookah.de\/fr\/","logo":{"@type":"ImageObject","inLanguage":"fr-FR","@id":"https:\/\/alt.thehookah.de\/fr\/#\/schema\/logo\/image\/","url":"https:\/\/alt.thehookah.de\/wp-content\/uploads\/2021\/02\/cropped-logo2.png","contentUrl":"https:\/\/alt.thehookah.de\/wp-content\/uploads\/2021\/02\/cropped-logo2.png","width":300,"height":86,"caption":"The Hookah"},"image":{"@id":"https:\/\/alt.thehookah.de\/fr\/#\/schema\/logo\/image\/"}}]},"product_price_amount":"16.50","product_price_currency":"EUR","og_availability":"out of stock","product_availability":"out of stock","product_retailer_item_id":"RB-Glaskohleteller1","product_condition":"new"},"_links":{"self":[{"href":"https:\/\/alt.thehookah.de\/fr\/wp-json\/wp\/v2\/product\/618898"}],"collection":[{"href":"https:\/\/alt.thehookah.de\/fr\/wp-json\/wp\/v2\/product"}],"about":[{"href":"https:\/\/alt.thehookah.de\/fr\/wp-json\/wp\/v2\/types\/product"}],"replies":[{"embeddable":true,"href":"https:\/\/alt.thehookah.de\/fr\/wp-json\/wp\/v2\/comments?post=618898"}],"wp:featuredmedia":[{"embeddable":true,"href":"https:\/\/alt.thehookah.de\/fr\/wp-json\/wp\/v2\/media\/618899"}],"wp:attachment":[{"href":"https:\/\/alt.thehookah.de\/fr\/wp-json\/wp\/v2\/media?parent=618898"}],"wp:term":[{"taxonomy":"product_cat","embeddable":true,"href":"https:\/\/alt.thehookah.de\/fr\/wp-json\/wp\/v2\/product_cat?post=618898"},{"taxonomy":"product_tag","embeddable":true,"href":"https:\/\/alt.thehookah.de\/fr\/wp-json\/wp\/v2\/product_tag?post=618898"}],"curies":[{"name":"wp","href":"https:\/\/api.w.org\/{rel}","templated":true}]}}