{"id":618936,"date":"2020-08-08T11:49:37","date_gmt":"2020-08-08T09:49:37","guid":{"rendered":"https:\/\/www.thehookah.de\/produkt\/bowl-black-mamba\/"},"modified":"2020-08-08T11:49:37","modified_gmt":"2020-08-08T09:49:37","slug":"bowl-black-mamba","status":"publish","type":"product","link":"https:\/\/alt.thehookah.de\/fr\/produkt\/bowl-black-mamba\/","title":{"rendered":"BOWL BLACK MAMBA"},"content":{"rendered":"<h2>BLACK MAMBA Bowl<\/h2>\n<p>avec syst\u00e8me Click acier inoxydable V2A anneau BLACK MAMBA<\/p>\n<ul>\n<li>Mat\u00e9riau : verre de cristal &amp; acier inoxydable V2A<\/li>\n<li>Anneau avec syst\u00e8me \u00e0 clic<\/li>\n<\/ul>\n<p>&nbsp;<\/p>\n<ul>\n<li><strong>Remarque : UNIQUEMENT compatible avec  <\/strong><\/li>\n<li><strong>BLACK MAMBA  <\/strong><\/li>\n<li><strong>BUMBLEBEE<\/strong><\/li>\n<li><strong>MEGATRON<\/strong><\/li>\n<\/ul>\n","protected":false},"excerpt":{"rendered":"<p>BLACK MAMBA Bowl avec syst\u00e8me Click acier inoxydable V2A anneau BLACK MAMBA Mat\u00e9riau : verre de cristal &amp; acier inoxydable V2A Anneau avec syst\u00e8me \u00e0 clic &nbsp; Remarque : UNIQUEMENT compatible avec BLACK MAMBA BUMBLEBEE MEGATRON<\/p>\n","protected":false},"featured_media":618937,"comment_status":"open","ping_status":"closed","template":"","meta":[],"product_cat":[310,355],"product_tag":[],"yoast_head":"<!-- This site is optimized with the Yoast SEO plugin v22.5 - https:\/\/yoast.com\/wordpress\/plugins\/seo\/ -->\n<title>Shisha BOWL BLACK MAMBA | Commander maintenant rapidement &amp; facilement<\/title>\n<meta name=\"description\" content=\"Shisha Bowl Black Mamba acheter chez THEHOOKAH compatible avec \u2713 Shisha BLACK MAMBA \u2713 Shisha BUMBLEBEE \u2713 Shisha MEGATRON\" \/>\n<meta name=\"robots\" content=\"index, follow, max-snippet:-1, max-image-preview:large, max-video-preview:-1\" \/>\n<link rel=\"canonical\" href=\"https:\/\/alt.thehookah.de\/fr\/produkt\/bowl-black-mamba\/\" \/>\n<meta property=\"og:locale\" content=\"fr_FR\" \/>\n<meta property=\"og:type\" content=\"article\" \/>\n<meta property=\"og:title\" content=\"Shisha BOWL BLACK MAMBA | Commander maintenant rapidement &amp; facilement\" \/>\n<meta property=\"og:description\" content=\"Shisha Bowl Black Mamba acheter chez THEHOOKAH compatible avec \u2713 Shisha BLACK MAMBA \u2713 Shisha BUMBLEBEE \u2713 Shisha MEGATRON\" \/>\n<meta property=\"og:url\" content=\"https:\/\/alt.thehookah.de\/fr\/produkt\/bowl-black-mamba\/\" \/>\n<meta property=\"og:site_name\" content=\"The Hookah\" \/>\n<meta property=\"og:image\" content=\"https:\/\/alt.thehookah.de\/wp-content\/uploads\/2020\/06\/blackmamba8-1.jpg\" \/>\n\t<meta property=\"og:image:width\" content=\"2000\" \/>\n\t<meta property=\"og:image:height\" content=\"2000\" \/>\n\t<meta property=\"og:image:type\" content=\"image\/jpeg\" \/>\n<meta name=\"twitter:card\" content=\"summary_large_image\" \/>\n<meta name=\"twitter:label1\" content=\"Prix\" \/>\n\t<meta name=\"twitter:data1\" content=\"93,96&nbsp;&euro;\" \/>\n\t<meta name=\"twitter:label2\" content=\"Disponibilit\u00e9\" \/>\n\t<meta name=\"twitter:data2\" content=\"Rupture de stock\" \/>\n<script type=\"application\/ld+json\" class=\"yoast-schema-graph\">{\"@context\":\"https:\/\/schema.org\",\"@graph\":[{\"@type\":\"WebPage\",\"@id\":\"https:\/\/alt.thehookah.de\/fr\/produkt\/bowl-black-mamba\/\",\"url\":\"https:\/\/alt.thehookah.de\/fr\/produkt\/bowl-black-mamba\/\",\"name\":\"Shisha BOWL BLACK MAMBA | Commander maintenant rapidement & facilement\",\"isPartOf\":{\"@id\":\"https:\/\/alt.thehookah.de\/fr\/#website\"},\"primaryImageOfPage\":{\"@id\":\"https:\/\/alt.thehookah.de\/fr\/produkt\/bowl-black-mamba\/#primaryimage\"},\"image\":{\"@id\":\"https:\/\/alt.thehookah.de\/fr\/produkt\/bowl-black-mamba\/#primaryimage\"},\"thumbnailUrl\":\"https:\/\/alt.thehookah.de\/wp-content\/uploads\/2020\/06\/blackmamba8-1.jpg\",\"datePublished\":\"2020-08-08T09:49:37+00:00\",\"dateModified\":\"2020-08-08T09:49:37+00:00\",\"description\":\"Shisha Bowl Black Mamba acheter chez THEHOOKAH compatible avec \u2713 Shisha BLACK MAMBA \u2713 Shisha BUMBLEBEE \u2713 Shisha MEGATRON\",\"breadcrumb\":{\"@id\":\"https:\/\/alt.thehookah.de\/fr\/produkt\/bowl-black-mamba\/#breadcrumb\"},\"inLanguage\":\"fr-FR\",\"potentialAction\":[{\"@type\":\"ReadAction\",\"target\":[\"https:\/\/alt.thehookah.de\/fr\/produkt\/bowl-black-mamba\/\"]}]},{\"@type\":\"ImageObject\",\"inLanguage\":\"fr-FR\",\"@id\":\"https:\/\/alt.thehookah.de\/fr\/produkt\/bowl-black-mamba\/#primaryimage\",\"url\":\"https:\/\/alt.thehookah.de\/wp-content\/uploads\/2020\/06\/blackmamba8-1.jpg\",\"contentUrl\":\"https:\/\/alt.thehookah.de\/wp-content\/uploads\/2020\/06\/blackmamba8-1.jpg\",\"width\":2000,\"height\":2000,\"caption\":\"BLACK MAMBA\"},{\"@type\":\"BreadcrumbList\",\"@id\":\"https:\/\/alt.thehookah.de\/fr\/produkt\/bowl-black-mamba\/#breadcrumb\",\"itemListElement\":[{\"@type\":\"ListItem\",\"position\":1,\"name\":\"Startseite\",\"item\":\"https:\/\/alt.thehookah.de\/fr\/\"},{\"@type\":\"ListItem\",\"position\":2,\"name\":\"Ta boutique en ligne HOOKAH\",\"item\":\"https:\/\/alt.thehookah.de\/fr\/ta-boutique-en-ligne-hookah\/\"},{\"@type\":\"ListItem\",\"position\":3,\"name\":\"BOWL BLACK MAMBA\"}]},{\"@type\":\"WebSite\",\"@id\":\"https:\/\/alt.thehookah.de\/fr\/#website\",\"url\":\"https:\/\/alt.thehookah.de\/fr\/\",\"name\":\"The Hookah\",\"description\":\"\",\"publisher\":{\"@id\":\"https:\/\/alt.thehookah.de\/fr\/#organization\"},\"potentialAction\":[{\"@type\":\"SearchAction\",\"target\":{\"@type\":\"EntryPoint\",\"urlTemplate\":\"https:\/\/alt.thehookah.de\/fr\/?s={search_term_string}\"},\"query-input\":\"required name=search_term_string\"}],\"inLanguage\":\"fr-FR\"},{\"@type\":\"Organization\",\"@id\":\"https:\/\/alt.thehookah.de\/fr\/#organization\",\"name\":\"The Hookah\",\"url\":\"https:\/\/alt.thehookah.de\/fr\/\",\"logo\":{\"@type\":\"ImageObject\",\"inLanguage\":\"fr-FR\",\"@id\":\"https:\/\/alt.thehookah.de\/fr\/#\/schema\/logo\/image\/\",\"url\":\"https:\/\/alt.thehookah.de\/wp-content\/uploads\/2021\/02\/cropped-logo2.png\",\"contentUrl\":\"https:\/\/alt.thehookah.de\/wp-content\/uploads\/2021\/02\/cropped-logo2.png\",\"width\":300,\"height\":86,\"caption\":\"The Hookah\"},\"image\":{\"@id\":\"https:\/\/alt.thehookah.de\/fr\/#\/schema\/logo\/image\/\"}}]}<\/script>\n<meta property=\"product:price:amount\" content=\"93.96\" \/>\n<meta property=\"product:price:currency\" content=\"EUR\" \/>\n<meta property=\"og:availability\" content=\"out of stock\" \/>\n<meta property=\"product:availability\" content=\"out of stock\" \/>\n<meta property=\"product:retailer_item_id\" content=\"Bowl_BM1\" \/>\n<meta property=\"product:condition\" content=\"new\" \/>\n<!-- \/ Yoast SEO plugin. -->","yoast_head_json":{"title":"Shisha BOWL BLACK MAMBA | Commander maintenant rapidement & facilement","description":"Shisha Bowl Black Mamba acheter chez THEHOOKAH compatible avec \u2713 Shisha BLACK MAMBA \u2713 Shisha BUMBLEBEE \u2713 Shisha MEGATRON","robots":{"index":"index","follow":"follow","max-snippet":"max-snippet:-1","max-image-preview":"max-image-preview:large","max-video-preview":"max-video-preview:-1"},"canonical":"https:\/\/alt.thehookah.de\/fr\/produkt\/bowl-black-mamba\/","og_locale":"fr_FR","og_type":"article","og_title":"Shisha BOWL BLACK MAMBA | Commander maintenant rapidement & facilement","og_description":"Shisha Bowl Black Mamba acheter chez THEHOOKAH compatible avec \u2713 Shisha BLACK MAMBA \u2713 Shisha BUMBLEBEE \u2713 Shisha MEGATRON","og_url":"https:\/\/alt.thehookah.de\/fr\/produkt\/bowl-black-mamba\/","og_site_name":"The Hookah","og_image":[{"width":2000,"height":2000,"url":"https:\/\/alt.thehookah.de\/wp-content\/uploads\/2020\/06\/blackmamba8-1.jpg","type":"image\/jpeg"}],"twitter_card":"summary_large_image","twitter_misc":{"Prix":"93,96&nbsp;&euro;","Disponibilit\u00e9":"Rupture de stock"},"schema":{"@context":"https:\/\/schema.org","@graph":[{"@type":"WebPage","@id":"https:\/\/alt.thehookah.de\/fr\/produkt\/bowl-black-mamba\/","url":"https:\/\/alt.thehookah.de\/fr\/produkt\/bowl-black-mamba\/","name":"Shisha BOWL BLACK MAMBA | Commander maintenant rapidement & facilement","isPartOf":{"@id":"https:\/\/alt.thehookah.de\/fr\/#website"},"primaryImageOfPage":{"@id":"https:\/\/alt.thehookah.de\/fr\/produkt\/bowl-black-mamba\/#primaryimage"},"image":{"@id":"https:\/\/alt.thehookah.de\/fr\/produkt\/bowl-black-mamba\/#primaryimage"},"thumbnailUrl":"https:\/\/alt.thehookah.de\/wp-content\/uploads\/2020\/06\/blackmamba8-1.jpg","datePublished":"2020-08-08T09:49:37+00:00","dateModified":"2020-08-08T09:49:37+00:00","description":"Shisha Bowl Black Mamba acheter chez THEHOOKAH compatible avec \u2713 Shisha BLACK MAMBA \u2713 Shisha BUMBLEBEE \u2713 Shisha MEGATRON","breadcrumb":{"@id":"https:\/\/alt.thehookah.de\/fr\/produkt\/bowl-black-mamba\/#breadcrumb"},"inLanguage":"fr-FR","potentialAction":[{"@type":"ReadAction","target":["https:\/\/alt.thehookah.de\/fr\/produkt\/bowl-black-mamba\/"]}]},{"@type":"ImageObject","inLanguage":"fr-FR","@id":"https:\/\/alt.thehookah.de\/fr\/produkt\/bowl-black-mamba\/#primaryimage","url":"https:\/\/alt.thehookah.de\/wp-content\/uploads\/2020\/06\/blackmamba8-1.jpg","contentUrl":"https:\/\/alt.thehookah.de\/wp-content\/uploads\/2020\/06\/blackmamba8-1.jpg","width":2000,"height":2000,"caption":"BLACK MAMBA"},{"@type":"BreadcrumbList","@id":"https:\/\/alt.thehookah.de\/fr\/produkt\/bowl-black-mamba\/#breadcrumb","itemListElement":[{"@type":"ListItem","position":1,"name":"Startseite","item":"https:\/\/alt.thehookah.de\/fr\/"},{"@type":"ListItem","position":2,"name":"Ta boutique en ligne HOOKAH","item":"https:\/\/alt.thehookah.de\/fr\/ta-boutique-en-ligne-hookah\/"},{"@type":"ListItem","position":3,"name":"BOWL BLACK MAMBA"}]},{"@type":"WebSite","@id":"https:\/\/alt.thehookah.de\/fr\/#website","url":"https:\/\/alt.thehookah.de\/fr\/","name":"The Hookah","description":"","publisher":{"@id":"https:\/\/alt.thehookah.de\/fr\/#organization"},"potentialAction":[{"@type":"SearchAction","target":{"@type":"EntryPoint","urlTemplate":"https:\/\/alt.thehookah.de\/fr\/?s={search_term_string}"},"query-input":"required name=search_term_string"}],"inLanguage":"fr-FR"},{"@type":"Organization","@id":"https:\/\/alt.thehookah.de\/fr\/#organization","name":"The Hookah","url":"https:\/\/alt.thehookah.de\/fr\/","logo":{"@type":"ImageObject","inLanguage":"fr-FR","@id":"https:\/\/alt.thehookah.de\/fr\/#\/schema\/logo\/image\/","url":"https:\/\/alt.thehookah.de\/wp-content\/uploads\/2021\/02\/cropped-logo2.png","contentUrl":"https:\/\/alt.thehookah.de\/wp-content\/uploads\/2021\/02\/cropped-logo2.png","width":300,"height":86,"caption":"The Hookah"},"image":{"@id":"https:\/\/alt.thehookah.de\/fr\/#\/schema\/logo\/image\/"}}]},"product_price_amount":"93.96","product_price_currency":"EUR","og_availability":"out of stock","product_availability":"out of stock","product_retailer_item_id":"Bowl_BM1","product_condition":"new"},"_links":{"self":[{"href":"https:\/\/alt.thehookah.de\/fr\/wp-json\/wp\/v2\/product\/618936"}],"collection":[{"href":"https:\/\/alt.thehookah.de\/fr\/wp-json\/wp\/v2\/product"}],"about":[{"href":"https:\/\/alt.thehookah.de\/fr\/wp-json\/wp\/v2\/types\/product"}],"replies":[{"embeddable":true,"href":"https:\/\/alt.thehookah.de\/fr\/wp-json\/wp\/v2\/comments?post=618936"}],"wp:featuredmedia":[{"embeddable":true,"href":"https:\/\/alt.thehookah.de\/fr\/wp-json\/wp\/v2\/media\/618937"}],"wp:attachment":[{"href":"https:\/\/alt.thehookah.de\/fr\/wp-json\/wp\/v2\/media?parent=618936"}],"wp:term":[{"taxonomy":"product_cat","embeddable":true,"href":"https:\/\/alt.thehookah.de\/fr\/wp-json\/wp\/v2\/product_cat?post=618936"},{"taxonomy":"product_tag","embeddable":true,"href":"https:\/\/alt.thehookah.de\/fr\/wp-json\/wp\/v2\/product_tag?post=618936"}],"curies":[{"name":"wp","href":"https:\/\/api.w.org\/{rel}","templated":true}]}}