{"id":619014,"date":"2020-08-08T11:16:37","date_gmt":"2020-08-08T09:16:37","guid":{"rendered":"https:\/\/www.thehookah.de\/produkt\/medusa-full-handcut-piege-a-molasse-integre\/"},"modified":"2023-11-26T17:25:00","modified_gmt":"2023-11-26T16:25:00","slug":"medusa-full-handcut-piege-a-molasse-integre","status":"publish","type":"product","link":"https:\/\/alt.thehookah.de\/fr\/produkt\/medusa-full-handcut-piege-a-molasse-integre\/","title":{"rendered":"MEDUSA Full Handcut pi\u00e8ge \u00e0 molasse int\u00e9gr\u00e9"},"content":{"rendered":"<h2 style=\"text-align: center;\">THE HOOKAH<\/h2>\n<h2 style=\"text-align: center;\">MEDUSA<\/h2>\n<h1 style=\"text-align: center;\">OR\/RAINBOW\/ARGENT\/ROSEGOLD\/BLACK<\/h1>\n<h3 style=\"text-align: center;\"><\/h3>\n<h2><\/h2>\n<h3>&#8211; THE HOOKAH MEDUSA<\/h3>\n<h3>M\u00e9duse \u00e9tait une cr\u00e9ature monstrueuse de  <span style=\"font-size: 16px;\">de la mythologie grecque, sortir de la t\u00eate avec une masse de serpents. <\/span><span style=\"font-size: 16px;\">Selon la l\u00e9gende, toute personne qui <\/span><span style=\"font-size: 16px;\">directement \u00e0 M\u00e9duse serait transform\u00e9e en pierre. <\/span><span style=\"font-size: 16px;\">Pers\u00e9e, un exterminateur de monstres, a d\u00e9capit\u00e9 M\u00e9duse avec un des dieux grecs , <\/span><span style=\"font-size: 16px;\">qui lui a donn\u00e9 des miroirs , <\/span><span style=\"font-size: 16px;\">afin qu&#8217;il ne puisse pas la regarder. <\/span> <\/h3>\n<p>&nbsp;<\/p>\n<p><strong>La shisha \/ hookah \/ pipe \u00e0 eau pour la maison et les d\u00e9placements<\/strong><\/p>\n<div><strong>Gr\u00e2ce \u00e0 notre nouveau &amp; tube plongeur en plusieurs parties en V2A, avec diffuseur d\u00e9vissable,<\/strong><\/div>\n<div><strong>vous pouvez maintenant d\u00e9terminer vous-m\u00eame la r\u00e9ponse de votre THE HOOKAH.<\/strong><\/div>\n<div>Dans la version courte, un comportement plus direct et dans la version longue, un comportement un peu plus indirect.<\/div>\n<div>Dans tous les cas, le diam\u00e8tre est dimensionn\u00e9 de mani\u00e8re \u00e0 ce que rien n&#8217;emp\u00eache une traction brutale.<\/div>\n<div><\/div>\n<div><\/div>\n<div>\n<h2>D\u00e9tails du produit<\/h2>\n<p><em><strong>Medusa <\/strong><\/em><\/p>\n<p>&nbsp;<\/p>\n<h3><strong><em>hauteur totale (jusqu&#8217;au plateau de charbon) env. 55 cm  <\/em><\/strong><\/h3>\n<p>&nbsp;<\/p>\n<ul>\n<li>Base en acier inoxydable V2A int\u00e9gr\u00e9e<\/li>\n<li><strong>Syst\u00e8me de clic \u00e0 chambre ferm\u00e9e<\/strong><\/li>\n<li><strong>Collecteur de molasse int\u00e9gr\u00e9 \u00e0 la colonne de fum\u00e9e (nouveaut\u00e9)<\/strong><\/li>\n<li>Acier inoxydable bross\u00e9 Assiette \u00e0 charbon 24cm<\/li>\n<li>EXCALIBUR Handcut Bowl (verre en cristal)<\/li>\n<\/ul>\n<p>&nbsp;<\/p>\n<h2>Contenu de la livraison<\/h2>\n<p>&nbsp;<\/p>\n<ul>\n<li><strong>1 x t\u00eate de lecture avec chemin\u00e9e V2A en GOLD\/RAINBOW\/SILBER\/ROSEGOLD\/BLACK<\/strong><\/li>\n<li><strong>1 x assiette \u00e0 charbon de t\u00eate en verre 26cm \/ assiette \u00e0 charbon en acier inoxydable bross\u00e9 24cm en GOLD\/RAINBOW\/SILBER\/ROSEGOLD\/BLACK<\/strong><\/li>\n<li><strong>1 x adaptateur de taille de t\u00eate 18\/8 en OR\/RAINBOW\/ARGENT\/ROSEGOLD\/BLACK<\/strong><\/li>\n<li><strong>1 x pi\u00e8ge \u00e0 molasse int\u00e9gr\u00e9 dans la colonne de fum\u00e9e en verre acrylique<\/strong><\/li>\n<li><strong>1 x colonne de fum\u00e9e Medusa V2A en acier inoxydable &amp; verre v\u00e9ritable en GOLD\/RAINBOW\/SILBER\/ROSEGOLD\/BLACK<\/strong><\/li>\n<li><strong>4 x Medusa Base V2A en acier inoxydable GOLD\/RAINBOW\/SILBER\/ROSEGOLD\/BLACK<\/strong><\/li>\n<li><strong>4 x adaptateurs de tuyaux 18\/8 en GOLD\/RAINBOW\/ARGENT\/ROSEGOLD\/BLACK<\/strong><\/li>\n<li><strong>4 x embouts 18\/8 en GOLD\/RAINBOW\/ARGENT\/ROSEGOLD\/BLACK<\/strong><\/li>\n<li><strong>4 x boules de verre <\/strong><\/li>\n<li><strong>1 x tube plongeur V2A en plusieurs parties pouvant \u00eatre raccourci &amp; rallong\u00e9 en OR\/RAINBOW\/ARGENT\/ROSEGOLD\/BLACK<\/strong><\/li>\n<li><strong>1 x diffuseur d\u00e9vissable en GOLD\/RAINBOW\/SILBER\/ROSEGOLD\/BLACK<\/strong><\/li>\n<li><strong>1 x ressort de protection contre le pliage<\/strong><\/li>\n<li><strong>1 x tuyau en silicone noir mat <\/strong><\/li>\n<li><strong>1 x embout buccal &#8211; THE HOOKAH en GOLD\/RAINBOW\/SILBER\/ROSEGOLD\/BLACK<\/strong><\/li>\n<li><strong>1 x pince \u00e0 charbon EHRENZANG en OR\/RAINBOW\/ARGENT\/ROSEGOLD\/BLACK<\/strong><\/li>\n<li><strong>1x EXCALIBUR Handcut verre en cristal souffl\u00e9 \u00e0 la bouche, taill\u00e9 &amp; poli \u00e0 la main<\/strong><\/li>\n<\/ul>\n<\/div>\n","protected":false},"excerpt":{"rendered":"<p>THE HOOKAH MEDUSA OR\/RAINBOW\/ARGENT\/ROSEGOLD\/BLACK &#8211; THE HOOKAH MEDUSA M\u00e9duse \u00e9tait une cr\u00e9ature monstrueuse de de la mythologie grecque, sortir de la t\u00eate avec une masse de serpents. Selon la l\u00e9gende, toute personne qui directement \u00e0 M\u00e9duse serait transform\u00e9e en pierre. Pers\u00e9e, un exterminateur de monstres, a d\u00e9capit\u00e9 M\u00e9duse avec un des dieux grecs , qui [&hellip;]<\/p>\n","protected":false},"featured_media":619081,"comment_status":"open","ping_status":"closed","template":"","meta":[],"product_cat":[321,329,323],"product_tag":[],"yoast_head":"<!-- This site is optimized with the Yoast SEO plugin v22.5 - https:\/\/yoast.com\/wordpress\/plugins\/seo\/ -->\n<title>Shisha MEDUSA Full Handcut | capteur de molasse int\u00e9gr\u00e9<\/title>\n<meta name=\"description\" content=\"Shisha MEDUSA Full Handcut avec capteur de molasse int\u00e9gr\u00e9 \u2713 Shisha\/ Hookah\/ Pipe \u00e0 eau pour la maison &amp; les d\u00e9placements \u2713 Base acier inoxydable V2A\" \/>\n<meta name=\"robots\" content=\"index, follow, max-snippet:-1, max-image-preview:large, max-video-preview:-1\" \/>\n<link rel=\"canonical\" href=\"https:\/\/alt.thehookah.de\/fr\/produkt\/medusa-full-handcut-piege-a-molasse-integre\/\" \/>\n<meta property=\"og:locale\" content=\"fr_FR\" \/>\n<meta property=\"og:type\" content=\"article\" \/>\n<meta property=\"og:title\" content=\"Shisha MEDUSA Full Handcut | capteur de molasse int\u00e9gr\u00e9\" \/>\n<meta property=\"og:description\" content=\"Shisha MEDUSA Full Handcut avec capteur de molasse int\u00e9gr\u00e9 \u2713 Shisha\/ Hookah\/ Pipe \u00e0 eau pour la maison &amp; les d\u00e9placements \u2713 Base acier inoxydable V2A\" \/>\n<meta property=\"og:url\" content=\"https:\/\/alt.thehookah.de\/fr\/produkt\/medusa-full-handcut-piege-a-molasse-integre\/\" \/>\n<meta property=\"og:site_name\" content=\"The Hookah\" \/>\n<meta property=\"article:modified_time\" content=\"2023-11-26T16:25:00+00:00\" \/>\n<meta property=\"og:image\" content=\"https:\/\/alt.thehookah.de\/wp-content\/uploads\/2020\/08\/Medusa5-neu.jpg\" \/>\n\t<meta property=\"og:image:width\" content=\"1600\" \/>\n\t<meta property=\"og:image:height\" content=\"1600\" \/>\n\t<meta property=\"og:image:type\" content=\"image\/jpeg\" \/>\n<meta name=\"twitter:card\" content=\"summary_large_image\" \/>\n<meta name=\"twitter:label1\" content=\"Disponibilit\u00e9\" \/>\n\t<meta name=\"twitter:data1\" content=\"En stock\" \/>\n<script type=\"application\/ld+json\" class=\"yoast-schema-graph\">{\"@context\":\"https:\/\/schema.org\",\"@graph\":[{\"@type\":\"WebPage\",\"@id\":\"https:\/\/alt.thehookah.de\/fr\/produkt\/medusa-full-handcut-piege-a-molasse-integre\/\",\"url\":\"https:\/\/alt.thehookah.de\/fr\/produkt\/medusa-full-handcut-piege-a-molasse-integre\/\",\"name\":\"Shisha MEDUSA Full Handcut | capteur de molasse int\u00e9gr\u00e9\",\"isPartOf\":{\"@id\":\"https:\/\/alt.thehookah.de\/fr\/#website\"},\"primaryImageOfPage\":{\"@id\":\"https:\/\/alt.thehookah.de\/fr\/produkt\/medusa-full-handcut-piege-a-molasse-integre\/#primaryimage\"},\"image\":{\"@id\":\"https:\/\/alt.thehookah.de\/fr\/produkt\/medusa-full-handcut-piege-a-molasse-integre\/#primaryimage\"},\"thumbnailUrl\":\"https:\/\/alt.thehookah.de\/wp-content\/uploads\/2020\/08\/Medusa5-neu.jpg\",\"datePublished\":\"2020-08-08T09:16:37+00:00\",\"dateModified\":\"2023-11-26T16:25:00+00:00\",\"description\":\"Shisha MEDUSA Full Handcut avec capteur de molasse int\u00e9gr\u00e9 \u2713 Shisha\/ Hookah\/ Pipe \u00e0 eau pour la maison & les d\u00e9placements \u2713 Base acier inoxydable V2A\",\"breadcrumb\":{\"@id\":\"https:\/\/alt.thehookah.de\/fr\/produkt\/medusa-full-handcut-piege-a-molasse-integre\/#breadcrumb\"},\"inLanguage\":\"fr-FR\",\"potentialAction\":[{\"@type\":\"ReadAction\",\"target\":[\"https:\/\/alt.thehookah.de\/fr\/produkt\/medusa-full-handcut-piege-a-molasse-integre\/\"]}]},{\"@type\":\"ImageObject\",\"inLanguage\":\"fr-FR\",\"@id\":\"https:\/\/alt.thehookah.de\/fr\/produkt\/medusa-full-handcut-piege-a-molasse-integre\/#primaryimage\",\"url\":\"https:\/\/alt.thehookah.de\/wp-content\/uploads\/2020\/08\/Medusa5-neu.jpg\",\"contentUrl\":\"https:\/\/alt.thehookah.de\/wp-content\/uploads\/2020\/08\/Medusa5-neu.jpg\",\"width\":1600,\"height\":1600},{\"@type\":\"BreadcrumbList\",\"@id\":\"https:\/\/alt.thehookah.de\/fr\/produkt\/medusa-full-handcut-piege-a-molasse-integre\/#breadcrumb\",\"itemListElement\":[{\"@type\":\"ListItem\",\"position\":1,\"name\":\"Startseite\",\"item\":\"https:\/\/alt.thehookah.de\/fr\/\"},{\"@type\":\"ListItem\",\"position\":2,\"name\":\"Ta boutique en ligne HOOKAH\",\"item\":\"https:\/\/alt.thehookah.de\/fr\/ta-boutique-en-ligne-hookah\/\"},{\"@type\":\"ListItem\",\"position\":3,\"name\":\"MEDUSA Full Handcut pi\u00e8ge \u00e0 molasse int\u00e9gr\u00e9\"}]},{\"@type\":\"WebSite\",\"@id\":\"https:\/\/alt.thehookah.de\/fr\/#website\",\"url\":\"https:\/\/alt.thehookah.de\/fr\/\",\"name\":\"The Hookah\",\"description\":\"\",\"publisher\":{\"@id\":\"https:\/\/alt.thehookah.de\/fr\/#organization\"},\"potentialAction\":[{\"@type\":\"SearchAction\",\"target\":{\"@type\":\"EntryPoint\",\"urlTemplate\":\"https:\/\/alt.thehookah.de\/fr\/?s={search_term_string}\"},\"query-input\":\"required name=search_term_string\"}],\"inLanguage\":\"fr-FR\"},{\"@type\":\"Organization\",\"@id\":\"https:\/\/alt.thehookah.de\/fr\/#organization\",\"name\":\"The Hookah\",\"url\":\"https:\/\/alt.thehookah.de\/fr\/\",\"logo\":{\"@type\":\"ImageObject\",\"inLanguage\":\"fr-FR\",\"@id\":\"https:\/\/alt.thehookah.de\/fr\/#\/schema\/logo\/image\/\",\"url\":\"https:\/\/alt.thehookah.de\/wp-content\/uploads\/2021\/02\/cropped-logo2.png\",\"contentUrl\":\"https:\/\/alt.thehookah.de\/wp-content\/uploads\/2021\/02\/cropped-logo2.png\",\"width\":300,\"height\":86,\"caption\":\"The Hookah\"},\"image\":{\"@id\":\"https:\/\/alt.thehookah.de\/fr\/#\/schema\/logo\/image\/\"}}]}<\/script>\n<meta property=\"og:availability\" content=\"instock\" \/>\n<meta property=\"product:availability\" content=\"instock\" \/>\n<meta property=\"product:retailer_item_id\" content=\"medusa1\" \/>\n<meta property=\"product:condition\" content=\"new\" \/>\n<!-- \/ Yoast SEO plugin. -->","yoast_head_json":{"title":"Shisha MEDUSA Full Handcut | capteur de molasse int\u00e9gr\u00e9","description":"Shisha MEDUSA Full Handcut avec capteur de molasse int\u00e9gr\u00e9 \u2713 Shisha\/ Hookah\/ Pipe \u00e0 eau pour la maison & les d\u00e9placements \u2713 Base acier inoxydable V2A","robots":{"index":"index","follow":"follow","max-snippet":"max-snippet:-1","max-image-preview":"max-image-preview:large","max-video-preview":"max-video-preview:-1"},"canonical":"https:\/\/alt.thehookah.de\/fr\/produkt\/medusa-full-handcut-piege-a-molasse-integre\/","og_locale":"fr_FR","og_type":"article","og_title":"Shisha MEDUSA Full Handcut | capteur de molasse int\u00e9gr\u00e9","og_description":"Shisha MEDUSA Full Handcut avec capteur de molasse int\u00e9gr\u00e9 \u2713 Shisha\/ Hookah\/ Pipe \u00e0 eau pour la maison & les d\u00e9placements \u2713 Base acier inoxydable V2A","og_url":"https:\/\/alt.thehookah.de\/fr\/produkt\/medusa-full-handcut-piege-a-molasse-integre\/","og_site_name":"The Hookah","article_modified_time":"2023-11-26T16:25:00+00:00","og_image":[{"width":1600,"height":1600,"url":"https:\/\/alt.thehookah.de\/wp-content\/uploads\/2020\/08\/Medusa5-neu.jpg","type":"image\/jpeg"}],"twitter_card":"summary_large_image","twitter_misc":{"Disponibilit\u00e9":"En stock"},"schema":{"@context":"https:\/\/schema.org","@graph":[{"@type":"WebPage","@id":"https:\/\/alt.thehookah.de\/fr\/produkt\/medusa-full-handcut-piege-a-molasse-integre\/","url":"https:\/\/alt.thehookah.de\/fr\/produkt\/medusa-full-handcut-piege-a-molasse-integre\/","name":"Shisha MEDUSA Full Handcut | capteur de molasse int\u00e9gr\u00e9","isPartOf":{"@id":"https:\/\/alt.thehookah.de\/fr\/#website"},"primaryImageOfPage":{"@id":"https:\/\/alt.thehookah.de\/fr\/produkt\/medusa-full-handcut-piege-a-molasse-integre\/#primaryimage"},"image":{"@id":"https:\/\/alt.thehookah.de\/fr\/produkt\/medusa-full-handcut-piege-a-molasse-integre\/#primaryimage"},"thumbnailUrl":"https:\/\/alt.thehookah.de\/wp-content\/uploads\/2020\/08\/Medusa5-neu.jpg","datePublished":"2020-08-08T09:16:37+00:00","dateModified":"2023-11-26T16:25:00+00:00","description":"Shisha MEDUSA Full Handcut avec capteur de molasse int\u00e9gr\u00e9 \u2713 Shisha\/ Hookah\/ Pipe \u00e0 eau pour la maison & les d\u00e9placements \u2713 Base acier inoxydable V2A","breadcrumb":{"@id":"https:\/\/alt.thehookah.de\/fr\/produkt\/medusa-full-handcut-piege-a-molasse-integre\/#breadcrumb"},"inLanguage":"fr-FR","potentialAction":[{"@type":"ReadAction","target":["https:\/\/alt.thehookah.de\/fr\/produkt\/medusa-full-handcut-piege-a-molasse-integre\/"]}]},{"@type":"ImageObject","inLanguage":"fr-FR","@id":"https:\/\/alt.thehookah.de\/fr\/produkt\/medusa-full-handcut-piege-a-molasse-integre\/#primaryimage","url":"https:\/\/alt.thehookah.de\/wp-content\/uploads\/2020\/08\/Medusa5-neu.jpg","contentUrl":"https:\/\/alt.thehookah.de\/wp-content\/uploads\/2020\/08\/Medusa5-neu.jpg","width":1600,"height":1600},{"@type":"BreadcrumbList","@id":"https:\/\/alt.thehookah.de\/fr\/produkt\/medusa-full-handcut-piege-a-molasse-integre\/#breadcrumb","itemListElement":[{"@type":"ListItem","position":1,"name":"Startseite","item":"https:\/\/alt.thehookah.de\/fr\/"},{"@type":"ListItem","position":2,"name":"Ta boutique en ligne HOOKAH","item":"https:\/\/alt.thehookah.de\/fr\/ta-boutique-en-ligne-hookah\/"},{"@type":"ListItem","position":3,"name":"MEDUSA Full Handcut pi\u00e8ge \u00e0 molasse int\u00e9gr\u00e9"}]},{"@type":"WebSite","@id":"https:\/\/alt.thehookah.de\/fr\/#website","url":"https:\/\/alt.thehookah.de\/fr\/","name":"The Hookah","description":"","publisher":{"@id":"https:\/\/alt.thehookah.de\/fr\/#organization"},"potentialAction":[{"@type":"SearchAction","target":{"@type":"EntryPoint","urlTemplate":"https:\/\/alt.thehookah.de\/fr\/?s={search_term_string}"},"query-input":"required name=search_term_string"}],"inLanguage":"fr-FR"},{"@type":"Organization","@id":"https:\/\/alt.thehookah.de\/fr\/#organization","name":"The Hookah","url":"https:\/\/alt.thehookah.de\/fr\/","logo":{"@type":"ImageObject","inLanguage":"fr-FR","@id":"https:\/\/alt.thehookah.de\/fr\/#\/schema\/logo\/image\/","url":"https:\/\/alt.thehookah.de\/wp-content\/uploads\/2021\/02\/cropped-logo2.png","contentUrl":"https:\/\/alt.thehookah.de\/wp-content\/uploads\/2021\/02\/cropped-logo2.png","width":300,"height":86,"caption":"The Hookah"},"image":{"@id":"https:\/\/alt.thehookah.de\/fr\/#\/schema\/logo\/image\/"}}]},"og_availability":"instock","product_availability":"instock","product_retailer_item_id":"medusa1","product_condition":"new"},"_links":{"self":[{"href":"https:\/\/alt.thehookah.de\/fr\/wp-json\/wp\/v2\/product\/619014"}],"collection":[{"href":"https:\/\/alt.thehookah.de\/fr\/wp-json\/wp\/v2\/product"}],"about":[{"href":"https:\/\/alt.thehookah.de\/fr\/wp-json\/wp\/v2\/types\/product"}],"replies":[{"embeddable":true,"href":"https:\/\/alt.thehookah.de\/fr\/wp-json\/wp\/v2\/comments?post=619014"}],"wp:featuredmedia":[{"embeddable":true,"href":"https:\/\/alt.thehookah.de\/fr\/wp-json\/wp\/v2\/media\/619081"}],"wp:attachment":[{"href":"https:\/\/alt.thehookah.de\/fr\/wp-json\/wp\/v2\/media?parent=619014"}],"wp:term":[{"taxonomy":"product_cat","embeddable":true,"href":"https:\/\/alt.thehookah.de\/fr\/wp-json\/wp\/v2\/product_cat?post=619014"},{"taxonomy":"product_tag","embeddable":true,"href":"https:\/\/alt.thehookah.de\/fr\/wp-json\/wp\/v2\/product_tag?post=619014"}],"curies":[{"name":"wp","href":"https:\/\/api.w.org\/{rel}","templated":true}]}}