{"id":619130,"date":"2020-05-30T17:21:02","date_gmt":"2020-05-30T15:21:02","guid":{"rendered":"https:\/\/www.thehookah.de\/produkt\/the-hookah-old-school-tradi-messing\/"},"modified":"2020-05-30T17:21:02","modified_gmt":"2020-05-30T15:21:02","slug":"the-hookah-old-school-tradi-messing","status":"publish","type":"product","link":"https:\/\/alt.thehookah.de\/fr\/produkt\/the-hookah-old-school-tradi-messing\/","title":{"rendered":"THE HOOKAH OLD SCHOOL TRADI MESSING"},"content":{"rendered":"<p>&nbsp;<\/p>\n<h1>THE HOOKAH OLD SCHOOL<\/h1>\n<p>&nbsp;<\/p>\n<h2 style=\"text-align: center;\"><em>notre premi\u00e8re TRADI moderne  <\/em><\/h2>\n<h2 style=\"text-align: center;\"><em><strong>  fabriqu\u00e9 en laiton, enti\u00e8rement poli avec amour  <\/strong><\/em><\/h2>\n<h2 style=\"text-align: center;\"><em><strong>L&#8217;amour jusque dans les moindres d\u00e9tails&#8230;.<\/strong><\/em><\/h2>\n<h2>D\u00e9tails du produit<\/h2>\n<h2>Contenu de la livraison<\/h2>\n<p>&nbsp;<\/p>\n<ul>\n<li>1 x acier inoxydable V2A plateau charbon bross\u00e9 GOLD<\/li>\n<li>1 x adaptateur de rodage de t\u00eate 18\/8 laiton poli<\/li>\n<li>1 x<strong> colonne de fum\u00e9e<\/strong> OLD SCHOOL<strong> en laiton poli<\/strong><\/li>\n<li>1 x OLD SCHOOL Base laiton poli<\/li>\n<li>1 x adaptateur de tuyau 18\/8 laiton poli<\/li>\n<li>1 x embouts 18\/8 laiton poli<\/li>\n<li>1x soupape d&#8217;\u00e9chappement en laiton poli<\/li>\n<li>1 x ressort de protection contre le pliage<\/li>\n<li>1 x boule en verre<\/li>\n<li>1 x tube plongeur en plusieurs parties V2A pouvant \u00eatre raccourci &amp; rallong\u00e9 GOLD<\/li>\n<li>1 x diffuseur d\u00e9vissable GOLD<\/li>\n<li>1 x tuyau en silicone noir mat<\/li>\n<li>1 x embout buccal OLD SCHOOL &#8211; GOLD<\/li>\n<li>1 x Cutting Bowl en verre cristallin<\/li>\n<\/ul>\n<h2><\/h2>\n<h2><\/h2>\n<div style=\"padding-top: 56.25%;\"><\/div>\n<h2>Contenu de la livraison<\/h2>\n","protected":false},"excerpt":{"rendered":"<p>&nbsp; THE HOOKAH OLD SCHOOL &nbsp; notre premi\u00e8re TRADI moderne fabriqu\u00e9 en laiton, enti\u00e8rement poli avec amour L&#8217;amour jusque dans les moindres d\u00e9tails&#8230;. D\u00e9tails du produit Contenu de la livraison &nbsp; 1 x acier inoxydable V2A plateau charbon bross\u00e9 GOLD 1 x adaptateur de rodage de t\u00eate 18\/8 laiton poli 1 x colonne de fum\u00e9e [&hellip;]<\/p>\n","protected":false},"featured_media":619131,"comment_status":"open","ping_status":"closed","template":"","meta":[],"product_cat":[321,327,323],"product_tag":[],"yoast_head":"<!-- This site is optimized with the Yoast SEO plugin v22.5 - https:\/\/yoast.com\/wordpress\/plugins\/seo\/ -->\n<title>THE HOOKAH OLD SCHOOL Shisha - Pipe \u00e0 eau<\/title>\n<meta name=\"description\" content=\"Acheter THE HOOKAH OLD SCHOOL Shisha - pipe \u00e0 eau dans la boutique en ligne The Hookah \u2713 notre premi\u00e8re TRADI moderne fabriqu\u00e9e en laiton, ici !\" \/>\n<meta name=\"robots\" content=\"index, follow, max-snippet:-1, max-image-preview:large, max-video-preview:-1\" \/>\n<link rel=\"canonical\" href=\"https:\/\/alt.thehookah.de\/fr\/produkt\/the-hookah-old-school-tradi-messing\/\" \/>\n<meta property=\"og:locale\" content=\"fr_FR\" \/>\n<meta property=\"og:type\" content=\"article\" \/>\n<meta property=\"og:title\" content=\"THE HOOKAH OLD SCHOOL Shisha - Pipe \u00e0 eau\" \/>\n<meta property=\"og:description\" content=\"Acheter THE HOOKAH OLD SCHOOL Shisha - pipe \u00e0 eau dans la boutique en ligne The Hookah \u2713 notre premi\u00e8re TRADI moderne fabriqu\u00e9e en laiton, ici !\" \/>\n<meta property=\"og:url\" content=\"https:\/\/alt.thehookah.de\/fr\/produkt\/the-hookah-old-school-tradi-messing\/\" \/>\n<meta property=\"og:site_name\" content=\"The Hookah\" \/>\n<meta property=\"og:image\" content=\"https:\/\/alt.thehookah.de\/wp-content\/uploads\/2020\/05\/oldschool1-1.jpg\" \/>\n\t<meta property=\"og:image:width\" content=\"2000\" \/>\n\t<meta property=\"og:image:height\" content=\"2000\" \/>\n\t<meta property=\"og:image:type\" content=\"image\/jpeg\" \/>\n<meta name=\"twitter:card\" content=\"summary_large_image\" \/>\n<meta name=\"twitter:label1\" content=\"Prix\" \/>\n\t<meta name=\"twitter:data1\" content=\"174,99&nbsp;&euro;\" \/>\n\t<meta name=\"twitter:label2\" content=\"Disponibilit\u00e9\" \/>\n\t<meta name=\"twitter:data2\" content=\"En stock\" \/>\n<script type=\"application\/ld+json\" class=\"yoast-schema-graph\">{\"@context\":\"https:\/\/schema.org\",\"@graph\":[{\"@type\":\"WebPage\",\"@id\":\"https:\/\/alt.thehookah.de\/fr\/produkt\/the-hookah-old-school-tradi-messing\/\",\"url\":\"https:\/\/alt.thehookah.de\/fr\/produkt\/the-hookah-old-school-tradi-messing\/\",\"name\":\"THE HOOKAH OLD SCHOOL Shisha - Pipe \u00e0 eau\",\"isPartOf\":{\"@id\":\"https:\/\/alt.thehookah.de\/fr\/#website\"},\"primaryImageOfPage\":{\"@id\":\"https:\/\/alt.thehookah.de\/fr\/produkt\/the-hookah-old-school-tradi-messing\/#primaryimage\"},\"image\":{\"@id\":\"https:\/\/alt.thehookah.de\/fr\/produkt\/the-hookah-old-school-tradi-messing\/#primaryimage\"},\"thumbnailUrl\":\"https:\/\/alt.thehookah.de\/wp-content\/uploads\/2020\/05\/oldschool1-1.jpg\",\"datePublished\":\"2020-05-30T15:21:02+00:00\",\"dateModified\":\"2020-05-30T15:21:02+00:00\",\"description\":\"Acheter THE HOOKAH OLD SCHOOL Shisha - pipe \u00e0 eau dans la boutique en ligne The Hookah \u2713 notre premi\u00e8re TRADI moderne fabriqu\u00e9e en laiton, ici !\",\"breadcrumb\":{\"@id\":\"https:\/\/alt.thehookah.de\/fr\/produkt\/the-hookah-old-school-tradi-messing\/#breadcrumb\"},\"inLanguage\":\"fr-FR\",\"potentialAction\":[{\"@type\":\"ReadAction\",\"target\":[\"https:\/\/alt.thehookah.de\/fr\/produkt\/the-hookah-old-school-tradi-messing\/\"]}]},{\"@type\":\"ImageObject\",\"inLanguage\":\"fr-FR\",\"@id\":\"https:\/\/alt.thehookah.de\/fr\/produkt\/the-hookah-old-school-tradi-messing\/#primaryimage\",\"url\":\"https:\/\/alt.thehookah.de\/wp-content\/uploads\/2020\/05\/oldschool1-1.jpg\",\"contentUrl\":\"https:\/\/alt.thehookah.de\/wp-content\/uploads\/2020\/05\/oldschool1-1.jpg\",\"width\":2000,\"height\":2000,\"caption\":\"THE HOOOKAH OLD SCHOOK\"},{\"@type\":\"BreadcrumbList\",\"@id\":\"https:\/\/alt.thehookah.de\/fr\/produkt\/the-hookah-old-school-tradi-messing\/#breadcrumb\",\"itemListElement\":[{\"@type\":\"ListItem\",\"position\":1,\"name\":\"Startseite\",\"item\":\"https:\/\/alt.thehookah.de\/fr\/\"},{\"@type\":\"ListItem\",\"position\":2,\"name\":\"Ta boutique en ligne HOOKAH\",\"item\":\"https:\/\/alt.thehookah.de\/fr\/ta-boutique-en-ligne-hookah\/\"},{\"@type\":\"ListItem\",\"position\":3,\"name\":\"THE HOOKAH OLD SCHOOL TRADI MESSING\"}]},{\"@type\":\"WebSite\",\"@id\":\"https:\/\/alt.thehookah.de\/fr\/#website\",\"url\":\"https:\/\/alt.thehookah.de\/fr\/\",\"name\":\"The Hookah\",\"description\":\"\",\"publisher\":{\"@id\":\"https:\/\/alt.thehookah.de\/fr\/#organization\"},\"potentialAction\":[{\"@type\":\"SearchAction\",\"target\":{\"@type\":\"EntryPoint\",\"urlTemplate\":\"https:\/\/alt.thehookah.de\/fr\/?s={search_term_string}\"},\"query-input\":\"required name=search_term_string\"}],\"inLanguage\":\"fr-FR\"},{\"@type\":\"Organization\",\"@id\":\"https:\/\/alt.thehookah.de\/fr\/#organization\",\"name\":\"The Hookah\",\"url\":\"https:\/\/alt.thehookah.de\/fr\/\",\"logo\":{\"@type\":\"ImageObject\",\"inLanguage\":\"fr-FR\",\"@id\":\"https:\/\/alt.thehookah.de\/fr\/#\/schema\/logo\/image\/\",\"url\":\"https:\/\/alt.thehookah.de\/wp-content\/uploads\/2021\/02\/cropped-logo2.png\",\"contentUrl\":\"https:\/\/alt.thehookah.de\/wp-content\/uploads\/2021\/02\/cropped-logo2.png\",\"width\":300,\"height\":86,\"caption\":\"The Hookah\"},\"image\":{\"@id\":\"https:\/\/alt.thehookah.de\/fr\/#\/schema\/logo\/image\/\"}}]}<\/script>\n<meta property=\"product:price:amount\" content=\"174.99\" \/>\n<meta property=\"product:price:currency\" content=\"EUR\" \/>\n<meta property=\"og:availability\" content=\"instock\" \/>\n<meta property=\"product:availability\" content=\"instock\" \/>\n<meta property=\"product:retailer_item_id\" content=\"OLD-Schoolnr1\" \/>\n<meta property=\"product:condition\" content=\"new\" \/>\n<!-- \/ Yoast SEO plugin. -->","yoast_head_json":{"title":"THE HOOKAH OLD SCHOOL Shisha - Pipe \u00e0 eau","description":"Acheter THE HOOKAH OLD SCHOOL Shisha - pipe \u00e0 eau dans la boutique en ligne The Hookah \u2713 notre premi\u00e8re TRADI moderne fabriqu\u00e9e en laiton, ici !","robots":{"index":"index","follow":"follow","max-snippet":"max-snippet:-1","max-image-preview":"max-image-preview:large","max-video-preview":"max-video-preview:-1"},"canonical":"https:\/\/alt.thehookah.de\/fr\/produkt\/the-hookah-old-school-tradi-messing\/","og_locale":"fr_FR","og_type":"article","og_title":"THE HOOKAH OLD SCHOOL Shisha - Pipe \u00e0 eau","og_description":"Acheter THE HOOKAH OLD SCHOOL Shisha - pipe \u00e0 eau dans la boutique en ligne The Hookah \u2713 notre premi\u00e8re TRADI moderne fabriqu\u00e9e en laiton, ici !","og_url":"https:\/\/alt.thehookah.de\/fr\/produkt\/the-hookah-old-school-tradi-messing\/","og_site_name":"The Hookah","og_image":[{"width":2000,"height":2000,"url":"https:\/\/alt.thehookah.de\/wp-content\/uploads\/2020\/05\/oldschool1-1.jpg","type":"image\/jpeg"}],"twitter_card":"summary_large_image","twitter_misc":{"Prix":"174,99&nbsp;&euro;","Disponibilit\u00e9":"En stock"},"schema":{"@context":"https:\/\/schema.org","@graph":[{"@type":"WebPage","@id":"https:\/\/alt.thehookah.de\/fr\/produkt\/the-hookah-old-school-tradi-messing\/","url":"https:\/\/alt.thehookah.de\/fr\/produkt\/the-hookah-old-school-tradi-messing\/","name":"THE HOOKAH OLD SCHOOL Shisha - Pipe \u00e0 eau","isPartOf":{"@id":"https:\/\/alt.thehookah.de\/fr\/#website"},"primaryImageOfPage":{"@id":"https:\/\/alt.thehookah.de\/fr\/produkt\/the-hookah-old-school-tradi-messing\/#primaryimage"},"image":{"@id":"https:\/\/alt.thehookah.de\/fr\/produkt\/the-hookah-old-school-tradi-messing\/#primaryimage"},"thumbnailUrl":"https:\/\/alt.thehookah.de\/wp-content\/uploads\/2020\/05\/oldschool1-1.jpg","datePublished":"2020-05-30T15:21:02+00:00","dateModified":"2020-05-30T15:21:02+00:00","description":"Acheter THE HOOKAH OLD SCHOOL Shisha - pipe \u00e0 eau dans la boutique en ligne The Hookah \u2713 notre premi\u00e8re TRADI moderne fabriqu\u00e9e en laiton, ici !","breadcrumb":{"@id":"https:\/\/alt.thehookah.de\/fr\/produkt\/the-hookah-old-school-tradi-messing\/#breadcrumb"},"inLanguage":"fr-FR","potentialAction":[{"@type":"ReadAction","target":["https:\/\/alt.thehookah.de\/fr\/produkt\/the-hookah-old-school-tradi-messing\/"]}]},{"@type":"ImageObject","inLanguage":"fr-FR","@id":"https:\/\/alt.thehookah.de\/fr\/produkt\/the-hookah-old-school-tradi-messing\/#primaryimage","url":"https:\/\/alt.thehookah.de\/wp-content\/uploads\/2020\/05\/oldschool1-1.jpg","contentUrl":"https:\/\/alt.thehookah.de\/wp-content\/uploads\/2020\/05\/oldschool1-1.jpg","width":2000,"height":2000,"caption":"THE HOOOKAH OLD SCHOOK"},{"@type":"BreadcrumbList","@id":"https:\/\/alt.thehookah.de\/fr\/produkt\/the-hookah-old-school-tradi-messing\/#breadcrumb","itemListElement":[{"@type":"ListItem","position":1,"name":"Startseite","item":"https:\/\/alt.thehookah.de\/fr\/"},{"@type":"ListItem","position":2,"name":"Ta boutique en ligne HOOKAH","item":"https:\/\/alt.thehookah.de\/fr\/ta-boutique-en-ligne-hookah\/"},{"@type":"ListItem","position":3,"name":"THE HOOKAH OLD SCHOOL TRADI MESSING"}]},{"@type":"WebSite","@id":"https:\/\/alt.thehookah.de\/fr\/#website","url":"https:\/\/alt.thehookah.de\/fr\/","name":"The Hookah","description":"","publisher":{"@id":"https:\/\/alt.thehookah.de\/fr\/#organization"},"potentialAction":[{"@type":"SearchAction","target":{"@type":"EntryPoint","urlTemplate":"https:\/\/alt.thehookah.de\/fr\/?s={search_term_string}"},"query-input":"required name=search_term_string"}],"inLanguage":"fr-FR"},{"@type":"Organization","@id":"https:\/\/alt.thehookah.de\/fr\/#organization","name":"The Hookah","url":"https:\/\/alt.thehookah.de\/fr\/","logo":{"@type":"ImageObject","inLanguage":"fr-FR","@id":"https:\/\/alt.thehookah.de\/fr\/#\/schema\/logo\/image\/","url":"https:\/\/alt.thehookah.de\/wp-content\/uploads\/2021\/02\/cropped-logo2.png","contentUrl":"https:\/\/alt.thehookah.de\/wp-content\/uploads\/2021\/02\/cropped-logo2.png","width":300,"height":86,"caption":"The Hookah"},"image":{"@id":"https:\/\/alt.thehookah.de\/fr\/#\/schema\/logo\/image\/"}}]},"product_price_amount":"174.99","product_price_currency":"EUR","og_availability":"instock","product_availability":"instock","product_retailer_item_id":"OLD-Schoolnr1","product_condition":"new"},"_links":{"self":[{"href":"https:\/\/alt.thehookah.de\/fr\/wp-json\/wp\/v2\/product\/619130"}],"collection":[{"href":"https:\/\/alt.thehookah.de\/fr\/wp-json\/wp\/v2\/product"}],"about":[{"href":"https:\/\/alt.thehookah.de\/fr\/wp-json\/wp\/v2\/types\/product"}],"replies":[{"embeddable":true,"href":"https:\/\/alt.thehookah.de\/fr\/wp-json\/wp\/v2\/comments?post=619130"}],"wp:featuredmedia":[{"embeddable":true,"href":"https:\/\/alt.thehookah.de\/fr\/wp-json\/wp\/v2\/media\/619131"}],"wp:attachment":[{"href":"https:\/\/alt.thehookah.de\/fr\/wp-json\/wp\/v2\/media?parent=619130"}],"wp:term":[{"taxonomy":"product_cat","embeddable":true,"href":"https:\/\/alt.thehookah.de\/fr\/wp-json\/wp\/v2\/product_cat?post=619130"},{"taxonomy":"product_tag","embeddable":true,"href":"https:\/\/alt.thehookah.de\/fr\/wp-json\/wp\/v2\/product_tag?post=619130"}],"curies":[{"name":"wp","href":"https:\/\/api.w.org\/{rel}","templated":true}]}}