{"id":619290,"date":"2020-01-11T10:00:45","date_gmt":"2020-01-11T09:00:45","guid":{"rendered":"https:\/\/www.thehookah.de\/produkt\/joint-de-tete-the-hookah\/"},"modified":"2020-01-11T10:00:45","modified_gmt":"2020-01-11T09:00:45","slug":"joint-de-tete-the-hookah","status":"publish","type":"product","link":"https:\/\/alt.thehookah.de\/fr\/produkt\/joint-de-tete-the-hookah\/","title":{"rendered":"JOINT DE T\u00caTE THE HOOKAH"},"content":{"rendered":"<p><strong>JOINT DE T\u00caTE THE HOOKAH  <\/strong><\/p>\n<p><strong>Les joints de t\u00eate ont des dimensions standard et s&#8217;adaptent \u00e0 tous les shishas \/ narguil\u00e9s traditionnels.<\/strong><\/p>\n<p>&nbsp;<\/p>\n<p>Remarque : le plateau \u00e0 charbon en acier inoxydable n&#8217;est pas inclus dans la livraison.<\/p>\n","protected":false},"excerpt":{"rendered":"<p>JOINT DE T\u00caTE THE HOOKAH Les joints de t\u00eate ont des dimensions standard et s&#8217;adaptent \u00e0 tous les shishas \/ narguil\u00e9s traditionnels. &nbsp; Remarque : le plateau \u00e0 charbon en acier inoxydable n&#8217;est pas inclus dans la livraison.<\/p>\n","protected":false},"featured_media":606915,"comment_status":"open","ping_status":"closed","template":"","meta":[],"product_cat":[310,312,359,351,357,355,352,344,333,348,339,343],"product_tag":[],"yoast_head":"<!-- This site is optimized with the Yoast SEO plugin v22.5 - https:\/\/yoast.com\/wordpress\/plugins\/seo\/ -->\n<title>THE HOOKAH joint de t\u00eate | pour ton shisha - pipe \u00e0 eau - hookah<\/title>\n<meta name=\"description\" content=\"Joint de t\u00eate THE HOOKAH : Le joint de t\u00eate a des dimensions standard et s&#039;adapte \u00e0 tous les shishas \/ narguil\u00e9s traditionnels \u27a5 acheter maintenant \u00e0 bas prix dans notre boutique !\" \/>\n<meta name=\"robots\" content=\"index, follow, max-snippet:-1, max-image-preview:large, max-video-preview:-1\" \/>\n<link rel=\"canonical\" href=\"https:\/\/alt.thehookah.de\/fr\/produkt\/joint-de-tete-the-hookah\/\" \/>\n<meta property=\"og:locale\" content=\"fr_FR\" \/>\n<meta property=\"og:type\" content=\"article\" \/>\n<meta property=\"og:title\" content=\"THE HOOKAH joint de t\u00eate | pour ton shisha - pipe \u00e0 eau - hookah\" \/>\n<meta property=\"og:description\" content=\"Joint de t\u00eate THE HOOKAH : Le joint de t\u00eate a des dimensions standard et s&#039;adapte \u00e0 tous les shishas \/ narguil\u00e9s traditionnels \u27a5 acheter maintenant \u00e0 bas prix dans notre boutique !\" \/>\n<meta property=\"og:url\" content=\"https:\/\/alt.thehookah.de\/fr\/produkt\/joint-de-tete-the-hookah\/\" \/>\n<meta property=\"og:site_name\" content=\"The Hookah\" \/>\n<meta property=\"og:image\" content=\"https:\/\/alt.thehookah.de\/wp-content\/uploads\/2020\/01\/kopfschliff2-1.jpg\" \/>\n\t<meta property=\"og:image:width\" content=\"2000\" \/>\n\t<meta property=\"og:image:height\" content=\"2000\" \/>\n\t<meta property=\"og:image:type\" content=\"image\/jpeg\" \/>\n<meta name=\"twitter:card\" content=\"summary_large_image\" \/>\n<meta name=\"twitter:label1\" content=\"Prix\" \/>\n\t<meta name=\"twitter:data1\" content=\"4,20&nbsp;&euro;\" \/>\n\t<meta name=\"twitter:label2\" content=\"Disponibilit\u00e9\" \/>\n\t<meta name=\"twitter:data2\" content=\"En stock\" \/>\n<script type=\"application\/ld+json\" class=\"yoast-schema-graph\">{\"@context\":\"https:\/\/schema.org\",\"@graph\":[{\"@type\":\"WebPage\",\"@id\":\"https:\/\/alt.thehookah.de\/fr\/produkt\/joint-de-tete-the-hookah\/\",\"url\":\"https:\/\/alt.thehookah.de\/fr\/produkt\/joint-de-tete-the-hookah\/\",\"name\":\"THE HOOKAH joint de t\u00eate | pour ton shisha - pipe \u00e0 eau - hookah\",\"isPartOf\":{\"@id\":\"https:\/\/alt.thehookah.de\/fr\/#website\"},\"primaryImageOfPage\":{\"@id\":\"https:\/\/alt.thehookah.de\/fr\/produkt\/joint-de-tete-the-hookah\/#primaryimage\"},\"image\":{\"@id\":\"https:\/\/alt.thehookah.de\/fr\/produkt\/joint-de-tete-the-hookah\/#primaryimage\"},\"thumbnailUrl\":\"https:\/\/alt.thehookah.de\/wp-content\/uploads\/2020\/01\/kopfschliff2-1.jpg\",\"datePublished\":\"2020-01-11T09:00:45+00:00\",\"dateModified\":\"2020-01-11T09:00:45+00:00\",\"description\":\"Joint de t\u00eate THE HOOKAH : Le joint de t\u00eate a des dimensions standard et s'adapte \u00e0 tous les shishas \/ narguil\u00e9s traditionnels \u27a5 acheter maintenant \u00e0 bas prix dans notre boutique !\",\"breadcrumb\":{\"@id\":\"https:\/\/alt.thehookah.de\/fr\/produkt\/joint-de-tete-the-hookah\/#breadcrumb\"},\"inLanguage\":\"fr-FR\",\"potentialAction\":[{\"@type\":\"ReadAction\",\"target\":[\"https:\/\/alt.thehookah.de\/fr\/produkt\/joint-de-tete-the-hookah\/\"]}]},{\"@type\":\"ImageObject\",\"inLanguage\":\"fr-FR\",\"@id\":\"https:\/\/alt.thehookah.de\/fr\/produkt\/joint-de-tete-the-hookah\/#primaryimage\",\"url\":\"https:\/\/alt.thehookah.de\/wp-content\/uploads\/2020\/01\/kopfschliff2-1.jpg\",\"contentUrl\":\"https:\/\/alt.thehookah.de\/wp-content\/uploads\/2020\/01\/kopfschliff2-1.jpg\",\"width\":2000,\"height\":2000,\"caption\":\"JOINT DE T\u00caTE THE HOOKAH\"},{\"@type\":\"BreadcrumbList\",\"@id\":\"https:\/\/alt.thehookah.de\/fr\/produkt\/joint-de-tete-the-hookah\/#breadcrumb\",\"itemListElement\":[{\"@type\":\"ListItem\",\"position\":1,\"name\":\"Startseite\",\"item\":\"https:\/\/alt.thehookah.de\/fr\/\"},{\"@type\":\"ListItem\",\"position\":2,\"name\":\"Ta boutique en ligne HOOKAH\",\"item\":\"https:\/\/alt.thehookah.de\/fr\/ta-boutique-en-ligne-hookah\/\"},{\"@type\":\"ListItem\",\"position\":3,\"name\":\"JOINT DE T\u00caTE THE HOOKAH\"}]},{\"@type\":\"WebSite\",\"@id\":\"https:\/\/alt.thehookah.de\/fr\/#website\",\"url\":\"https:\/\/alt.thehookah.de\/fr\/\",\"name\":\"The Hookah\",\"description\":\"\",\"publisher\":{\"@id\":\"https:\/\/alt.thehookah.de\/fr\/#organization\"},\"potentialAction\":[{\"@type\":\"SearchAction\",\"target\":{\"@type\":\"EntryPoint\",\"urlTemplate\":\"https:\/\/alt.thehookah.de\/fr\/?s={search_term_string}\"},\"query-input\":\"required name=search_term_string\"}],\"inLanguage\":\"fr-FR\"},{\"@type\":\"Organization\",\"@id\":\"https:\/\/alt.thehookah.de\/fr\/#organization\",\"name\":\"The Hookah\",\"url\":\"https:\/\/alt.thehookah.de\/fr\/\",\"logo\":{\"@type\":\"ImageObject\",\"inLanguage\":\"fr-FR\",\"@id\":\"https:\/\/alt.thehookah.de\/fr\/#\/schema\/logo\/image\/\",\"url\":\"https:\/\/alt.thehookah.de\/wp-content\/uploads\/2021\/02\/cropped-logo2.png\",\"contentUrl\":\"https:\/\/alt.thehookah.de\/wp-content\/uploads\/2021\/02\/cropped-logo2.png\",\"width\":300,\"height\":86,\"caption\":\"The Hookah\"},\"image\":{\"@id\":\"https:\/\/alt.thehookah.de\/fr\/#\/schema\/logo\/image\/\"}}]}<\/script>\n<meta property=\"product:price:amount\" content=\"4.20\" \/>\n<meta property=\"product:price:currency\" content=\"EUR\" \/>\n<meta property=\"og:availability\" content=\"instock\" \/>\n<meta property=\"product:availability\" content=\"instock\" \/>\n<meta property=\"product:retailer_item_id\" content=\"Kopfdichtung1\" \/>\n<meta property=\"product:condition\" content=\"new\" \/>\n<!-- \/ Yoast SEO plugin. -->","yoast_head_json":{"title":"THE HOOKAH joint de t\u00eate | pour ton shisha - pipe \u00e0 eau - hookah","description":"Joint de t\u00eate THE HOOKAH : Le joint de t\u00eate a des dimensions standard et s'adapte \u00e0 tous les shishas \/ narguil\u00e9s traditionnels \u27a5 acheter maintenant \u00e0 bas prix dans notre boutique !","robots":{"index":"index","follow":"follow","max-snippet":"max-snippet:-1","max-image-preview":"max-image-preview:large","max-video-preview":"max-video-preview:-1"},"canonical":"https:\/\/alt.thehookah.de\/fr\/produkt\/joint-de-tete-the-hookah\/","og_locale":"fr_FR","og_type":"article","og_title":"THE HOOKAH joint de t\u00eate | pour ton shisha - pipe \u00e0 eau - hookah","og_description":"Joint de t\u00eate THE HOOKAH : Le joint de t\u00eate a des dimensions standard et s'adapte \u00e0 tous les shishas \/ narguil\u00e9s traditionnels \u27a5 acheter maintenant \u00e0 bas prix dans notre boutique !","og_url":"https:\/\/alt.thehookah.de\/fr\/produkt\/joint-de-tete-the-hookah\/","og_site_name":"The Hookah","og_image":[{"width":2000,"height":2000,"url":"https:\/\/alt.thehookah.de\/wp-content\/uploads\/2020\/01\/kopfschliff2-1.jpg","type":"image\/jpeg"}],"twitter_card":"summary_large_image","twitter_misc":{"Prix":"4,20&nbsp;&euro;","Disponibilit\u00e9":"En stock"},"schema":{"@context":"https:\/\/schema.org","@graph":[{"@type":"WebPage","@id":"https:\/\/alt.thehookah.de\/fr\/produkt\/joint-de-tete-the-hookah\/","url":"https:\/\/alt.thehookah.de\/fr\/produkt\/joint-de-tete-the-hookah\/","name":"THE HOOKAH joint de t\u00eate | pour ton shisha - pipe \u00e0 eau - hookah","isPartOf":{"@id":"https:\/\/alt.thehookah.de\/fr\/#website"},"primaryImageOfPage":{"@id":"https:\/\/alt.thehookah.de\/fr\/produkt\/joint-de-tete-the-hookah\/#primaryimage"},"image":{"@id":"https:\/\/alt.thehookah.de\/fr\/produkt\/joint-de-tete-the-hookah\/#primaryimage"},"thumbnailUrl":"https:\/\/alt.thehookah.de\/wp-content\/uploads\/2020\/01\/kopfschliff2-1.jpg","datePublished":"2020-01-11T09:00:45+00:00","dateModified":"2020-01-11T09:00:45+00:00","description":"Joint de t\u00eate THE HOOKAH : Le joint de t\u00eate a des dimensions standard et s'adapte \u00e0 tous les shishas \/ narguil\u00e9s traditionnels \u27a5 acheter maintenant \u00e0 bas prix dans notre boutique !","breadcrumb":{"@id":"https:\/\/alt.thehookah.de\/fr\/produkt\/joint-de-tete-the-hookah\/#breadcrumb"},"inLanguage":"fr-FR","potentialAction":[{"@type":"ReadAction","target":["https:\/\/alt.thehookah.de\/fr\/produkt\/joint-de-tete-the-hookah\/"]}]},{"@type":"ImageObject","inLanguage":"fr-FR","@id":"https:\/\/alt.thehookah.de\/fr\/produkt\/joint-de-tete-the-hookah\/#primaryimage","url":"https:\/\/alt.thehookah.de\/wp-content\/uploads\/2020\/01\/kopfschliff2-1.jpg","contentUrl":"https:\/\/alt.thehookah.de\/wp-content\/uploads\/2020\/01\/kopfschliff2-1.jpg","width":2000,"height":2000,"caption":"JOINT DE T\u00caTE THE HOOKAH"},{"@type":"BreadcrumbList","@id":"https:\/\/alt.thehookah.de\/fr\/produkt\/joint-de-tete-the-hookah\/#breadcrumb","itemListElement":[{"@type":"ListItem","position":1,"name":"Startseite","item":"https:\/\/alt.thehookah.de\/fr\/"},{"@type":"ListItem","position":2,"name":"Ta boutique en ligne HOOKAH","item":"https:\/\/alt.thehookah.de\/fr\/ta-boutique-en-ligne-hookah\/"},{"@type":"ListItem","position":3,"name":"JOINT DE T\u00caTE THE HOOKAH"}]},{"@type":"WebSite","@id":"https:\/\/alt.thehookah.de\/fr\/#website","url":"https:\/\/alt.thehookah.de\/fr\/","name":"The Hookah","description":"","publisher":{"@id":"https:\/\/alt.thehookah.de\/fr\/#organization"},"potentialAction":[{"@type":"SearchAction","target":{"@type":"EntryPoint","urlTemplate":"https:\/\/alt.thehookah.de\/fr\/?s={search_term_string}"},"query-input":"required name=search_term_string"}],"inLanguage":"fr-FR"},{"@type":"Organization","@id":"https:\/\/alt.thehookah.de\/fr\/#organization","name":"The Hookah","url":"https:\/\/alt.thehookah.de\/fr\/","logo":{"@type":"ImageObject","inLanguage":"fr-FR","@id":"https:\/\/alt.thehookah.de\/fr\/#\/schema\/logo\/image\/","url":"https:\/\/alt.thehookah.de\/wp-content\/uploads\/2021\/02\/cropped-logo2.png","contentUrl":"https:\/\/alt.thehookah.de\/wp-content\/uploads\/2021\/02\/cropped-logo2.png","width":300,"height":86,"caption":"The Hookah"},"image":{"@id":"https:\/\/alt.thehookah.de\/fr\/#\/schema\/logo\/image\/"}}]},"product_price_amount":"4.20","product_price_currency":"EUR","og_availability":"instock","product_availability":"instock","product_retailer_item_id":"Kopfdichtung1","product_condition":"new"},"_links":{"self":[{"href":"https:\/\/alt.thehookah.de\/fr\/wp-json\/wp\/v2\/product\/619290"}],"collection":[{"href":"https:\/\/alt.thehookah.de\/fr\/wp-json\/wp\/v2\/product"}],"about":[{"href":"https:\/\/alt.thehookah.de\/fr\/wp-json\/wp\/v2\/types\/product"}],"replies":[{"embeddable":true,"href":"https:\/\/alt.thehookah.de\/fr\/wp-json\/wp\/v2\/comments?post=619290"}],"wp:featuredmedia":[{"embeddable":true,"href":"https:\/\/alt.thehookah.de\/fr\/wp-json\/wp\/v2\/media\/606915"}],"wp:attachment":[{"href":"https:\/\/alt.thehookah.de\/fr\/wp-json\/wp\/v2\/media?parent=619290"}],"wp:term":[{"taxonomy":"product_cat","embeddable":true,"href":"https:\/\/alt.thehookah.de\/fr\/wp-json\/wp\/v2\/product_cat?post=619290"},{"taxonomy":"product_tag","embeddable":true,"href":"https:\/\/alt.thehookah.de\/fr\/wp-json\/wp\/v2\/product_tag?post=619290"}],"curies":[{"name":"wp","href":"https:\/\/api.w.org\/{rel}","templated":true}]}}