{"id":619302,"date":"2020-01-11T09:39:44","date_gmt":"2020-01-11T08:39:44","guid":{"rendered":"https:\/\/www.thehookah.de\/produkt\/embouchure-aventadorr-woodoo-the-hookah\/"},"modified":"2023-11-26T17:28:07","modified_gmt":"2023-11-26T16:28:07","slug":"embouchure-aventadorr-woodoo-the-hookah","status":"publish","type":"product","link":"https:\/\/alt.thehookah.de\/fr\/produkt\/embouchure-aventadorr-woodoo-the-hookah\/","title":{"rendered":"EMBOUCHURE AVENTADORR WOODOO THE HOOKAH"},"content":{"rendered":"<h3 class=\"product_title entry-title\" style=\"text-align: center;\">THE HOOKAH<br \/>\nAVENTADORR R\u00c9SINE EPOXIDE Embout WOODOO<\/h3>\n<p><strong>WOODOO contient des particules magiques qui stockent l&#8217;\u00e9nergie et la restituent dans l&#8217;obscurit\u00e9.  <\/strong><\/p>\n<p><strong>environ 40cm  <\/strong><\/p>\n<ul>\n<li>\n<h5>r\u00e9sine \u00e9poxyde V2A acier inoxydable<\/h5>\n<\/li>\n<li>\n<h5>R\u00e9sine \u00e9poxy et applications en acier inoxydable V2A<\/h5>\n<\/li>\n<\/ul>\n","protected":false},"excerpt":{"rendered":"<p>THE HOOKAH AVENTADORR R\u00c9SINE EPOXIDE Embout WOODOO WOODOO contient des particules magiques qui stockent l&#8217;\u00e9nergie et la restituent dans l&#8217;obscurit\u00e9. environ 40cm r\u00e9sine \u00e9poxyde V2A acier inoxydable R\u00e9sine \u00e9poxy et applications en acier inoxydable V2A<\/p>\n","protected":false},"featured_media":606885,"comment_status":"open","ping_status":"closed","template":"","meta":[],"product_cat":[310,344,333],"product_tag":[],"yoast_head":"<!-- This site is optimized with the Yoast SEO plugin v22.5 - https:\/\/yoast.com\/wordpress\/plugins\/seo\/ -->\n<title>Embout pour shisha AVENTADORR R\u00c9SINE EPOXIDE WOODOO<\/title>\n<meta name=\"description\" content=\"Embout de shisha AVENTADORR EPOXIDHARZ WOODOO acheter dans la boutique en ligne de shisha THE HOOKAH \u2713 r\u00e9sine \u00e9poxyde V2A acier inoxydable \u2713 particules magiques \u2713 environ 40cm \u27a5 ICI !\" \/>\n<meta name=\"robots\" content=\"index, follow, max-snippet:-1, max-image-preview:large, max-video-preview:-1\" \/>\n<link rel=\"canonical\" href=\"https:\/\/alt.thehookah.de\/fr\/produkt\/embouchure-aventadorr-woodoo-the-hookah\/\" \/>\n<meta property=\"og:locale\" content=\"fr_FR\" \/>\n<meta property=\"og:type\" content=\"article\" \/>\n<meta property=\"og:title\" content=\"Embout pour shisha AVENTADORR R\u00c9SINE EPOXIDE WOODOO\" \/>\n<meta property=\"og:description\" content=\"Embout de shisha AVENTADORR EPOXIDHARZ WOODOO acheter dans la boutique en ligne de shisha THE HOOKAH \u2713 r\u00e9sine \u00e9poxyde V2A acier inoxydable \u2713 particules magiques \u2713 environ 40cm \u27a5 ICI !\" \/>\n<meta property=\"og:url\" content=\"https:\/\/alt.thehookah.de\/fr\/produkt\/embouchure-aventadorr-woodoo-the-hookah\/\" \/>\n<meta property=\"og:site_name\" content=\"The Hookah\" \/>\n<meta property=\"article:modified_time\" content=\"2023-11-26T16:28:07+00:00\" \/>\n<meta property=\"og:image\" content=\"https:\/\/alt.thehookah.de\/wp-content\/uploads\/2020\/01\/woodoo2-1.jpg\" \/>\n\t<meta property=\"og:image:width\" content=\"2000\" \/>\n\t<meta property=\"og:image:height\" content=\"2000\" \/>\n\t<meta property=\"og:image:type\" content=\"image\/jpeg\" \/>\n<meta name=\"twitter:card\" content=\"summary_large_image\" \/>\n<meta name=\"twitter:label1\" content=\"Prix\" \/>\n\t<meta name=\"twitter:data1\" content=\"24,99&nbsp;&euro;\" \/>\n\t<meta name=\"twitter:label2\" content=\"Disponibilit\u00e9\" \/>\n\t<meta name=\"twitter:data2\" content=\"En stock\" \/>\n<script type=\"application\/ld+json\" class=\"yoast-schema-graph\">{\"@context\":\"https:\/\/schema.org\",\"@graph\":[{\"@type\":\"WebPage\",\"@id\":\"https:\/\/alt.thehookah.de\/fr\/produkt\/embouchure-aventadorr-woodoo-the-hookah\/\",\"url\":\"https:\/\/alt.thehookah.de\/fr\/produkt\/embouchure-aventadorr-woodoo-the-hookah\/\",\"name\":\"Embout pour shisha AVENTADORR R\u00c9SINE EPOXIDE WOODOO\",\"isPartOf\":{\"@id\":\"https:\/\/alt.thehookah.de\/fr\/#website\"},\"primaryImageOfPage\":{\"@id\":\"https:\/\/alt.thehookah.de\/fr\/produkt\/embouchure-aventadorr-woodoo-the-hookah\/#primaryimage\"},\"image\":{\"@id\":\"https:\/\/alt.thehookah.de\/fr\/produkt\/embouchure-aventadorr-woodoo-the-hookah\/#primaryimage\"},\"thumbnailUrl\":\"https:\/\/alt.thehookah.de\/wp-content\/uploads\/2020\/01\/woodoo2-1.jpg\",\"datePublished\":\"2020-01-11T08:39:44+00:00\",\"dateModified\":\"2023-11-26T16:28:07+00:00\",\"description\":\"Embout de shisha AVENTADORR EPOXIDHARZ WOODOO acheter dans la boutique en ligne de shisha THE HOOKAH \u2713 r\u00e9sine \u00e9poxyde V2A acier inoxydable \u2713 particules magiques \u2713 environ 40cm \u27a5 ICI !\",\"breadcrumb\":{\"@id\":\"https:\/\/alt.thehookah.de\/fr\/produkt\/embouchure-aventadorr-woodoo-the-hookah\/#breadcrumb\"},\"inLanguage\":\"fr-FR\",\"potentialAction\":[{\"@type\":\"ReadAction\",\"target\":[\"https:\/\/alt.thehookah.de\/fr\/produkt\/embouchure-aventadorr-woodoo-the-hookah\/\"]}]},{\"@type\":\"ImageObject\",\"inLanguage\":\"fr-FR\",\"@id\":\"https:\/\/alt.thehookah.de\/fr\/produkt\/embouchure-aventadorr-woodoo-the-hookah\/#primaryimage\",\"url\":\"https:\/\/alt.thehookah.de\/wp-content\/uploads\/2020\/01\/woodoo2-1.jpg\",\"contentUrl\":\"https:\/\/alt.thehookah.de\/wp-content\/uploads\/2020\/01\/woodoo2-1.jpg\",\"width\":2000,\"height\":2000,\"caption\":\"EMBOUCHURE AVENTADORR WOODOO THE HOOKAH\"},{\"@type\":\"BreadcrumbList\",\"@id\":\"https:\/\/alt.thehookah.de\/fr\/produkt\/embouchure-aventadorr-woodoo-the-hookah\/#breadcrumb\",\"itemListElement\":[{\"@type\":\"ListItem\",\"position\":1,\"name\":\"Startseite\",\"item\":\"https:\/\/alt.thehookah.de\/fr\/\"},{\"@type\":\"ListItem\",\"position\":2,\"name\":\"Ta boutique en ligne HOOKAH\",\"item\":\"https:\/\/alt.thehookah.de\/fr\/ta-boutique-en-ligne-hookah\/\"},{\"@type\":\"ListItem\",\"position\":3,\"name\":\"EMBOUCHURE AVENTADORR WOODOO THE HOOKAH\"}]},{\"@type\":\"WebSite\",\"@id\":\"https:\/\/alt.thehookah.de\/fr\/#website\",\"url\":\"https:\/\/alt.thehookah.de\/fr\/\",\"name\":\"The Hookah\",\"description\":\"\",\"publisher\":{\"@id\":\"https:\/\/alt.thehookah.de\/fr\/#organization\"},\"potentialAction\":[{\"@type\":\"SearchAction\",\"target\":{\"@type\":\"EntryPoint\",\"urlTemplate\":\"https:\/\/alt.thehookah.de\/fr\/?s={search_term_string}\"},\"query-input\":\"required name=search_term_string\"}],\"inLanguage\":\"fr-FR\"},{\"@type\":\"Organization\",\"@id\":\"https:\/\/alt.thehookah.de\/fr\/#organization\",\"name\":\"The Hookah\",\"url\":\"https:\/\/alt.thehookah.de\/fr\/\",\"logo\":{\"@type\":\"ImageObject\",\"inLanguage\":\"fr-FR\",\"@id\":\"https:\/\/alt.thehookah.de\/fr\/#\/schema\/logo\/image\/\",\"url\":\"https:\/\/alt.thehookah.de\/wp-content\/uploads\/2021\/02\/cropped-logo2.png\",\"contentUrl\":\"https:\/\/alt.thehookah.de\/wp-content\/uploads\/2021\/02\/cropped-logo2.png\",\"width\":300,\"height\":86,\"caption\":\"The Hookah\"},\"image\":{\"@id\":\"https:\/\/alt.thehookah.de\/fr\/#\/schema\/logo\/image\/\"}}]}<\/script>\n<meta property=\"product:price:amount\" content=\"24.99\" \/>\n<meta property=\"product:price:currency\" content=\"EUR\" \/>\n<meta property=\"og:availability\" content=\"instock\" \/>\n<meta property=\"product:availability\" content=\"instock\" \/>\n<meta property=\"product:retailer_item_id\" content=\"MSAventadorrWO-1\" \/>\n<meta property=\"product:condition\" content=\"new\" \/>\n<!-- \/ Yoast SEO plugin. -->","yoast_head_json":{"title":"Embout pour shisha AVENTADORR R\u00c9SINE EPOXIDE WOODOO","description":"Embout de shisha AVENTADORR EPOXIDHARZ WOODOO acheter dans la boutique en ligne de shisha THE HOOKAH \u2713 r\u00e9sine \u00e9poxyde V2A acier inoxydable \u2713 particules magiques \u2713 environ 40cm \u27a5 ICI !","robots":{"index":"index","follow":"follow","max-snippet":"max-snippet:-1","max-image-preview":"max-image-preview:large","max-video-preview":"max-video-preview:-1"},"canonical":"https:\/\/alt.thehookah.de\/fr\/produkt\/embouchure-aventadorr-woodoo-the-hookah\/","og_locale":"fr_FR","og_type":"article","og_title":"Embout pour shisha AVENTADORR R\u00c9SINE EPOXIDE WOODOO","og_description":"Embout de shisha AVENTADORR EPOXIDHARZ WOODOO acheter dans la boutique en ligne de shisha THE HOOKAH \u2713 r\u00e9sine \u00e9poxyde V2A acier inoxydable \u2713 particules magiques \u2713 environ 40cm \u27a5 ICI !","og_url":"https:\/\/alt.thehookah.de\/fr\/produkt\/embouchure-aventadorr-woodoo-the-hookah\/","og_site_name":"The Hookah","article_modified_time":"2023-11-26T16:28:07+00:00","og_image":[{"width":2000,"height":2000,"url":"https:\/\/alt.thehookah.de\/wp-content\/uploads\/2020\/01\/woodoo2-1.jpg","type":"image\/jpeg"}],"twitter_card":"summary_large_image","twitter_misc":{"Prix":"24,99&nbsp;&euro;","Disponibilit\u00e9":"En stock"},"schema":{"@context":"https:\/\/schema.org","@graph":[{"@type":"WebPage","@id":"https:\/\/alt.thehookah.de\/fr\/produkt\/embouchure-aventadorr-woodoo-the-hookah\/","url":"https:\/\/alt.thehookah.de\/fr\/produkt\/embouchure-aventadorr-woodoo-the-hookah\/","name":"Embout pour shisha AVENTADORR R\u00c9SINE EPOXIDE WOODOO","isPartOf":{"@id":"https:\/\/alt.thehookah.de\/fr\/#website"},"primaryImageOfPage":{"@id":"https:\/\/alt.thehookah.de\/fr\/produkt\/embouchure-aventadorr-woodoo-the-hookah\/#primaryimage"},"image":{"@id":"https:\/\/alt.thehookah.de\/fr\/produkt\/embouchure-aventadorr-woodoo-the-hookah\/#primaryimage"},"thumbnailUrl":"https:\/\/alt.thehookah.de\/wp-content\/uploads\/2020\/01\/woodoo2-1.jpg","datePublished":"2020-01-11T08:39:44+00:00","dateModified":"2023-11-26T16:28:07+00:00","description":"Embout de shisha AVENTADORR EPOXIDHARZ WOODOO acheter dans la boutique en ligne de shisha THE HOOKAH \u2713 r\u00e9sine \u00e9poxyde V2A acier inoxydable \u2713 particules magiques \u2713 environ 40cm \u27a5 ICI !","breadcrumb":{"@id":"https:\/\/alt.thehookah.de\/fr\/produkt\/embouchure-aventadorr-woodoo-the-hookah\/#breadcrumb"},"inLanguage":"fr-FR","potentialAction":[{"@type":"ReadAction","target":["https:\/\/alt.thehookah.de\/fr\/produkt\/embouchure-aventadorr-woodoo-the-hookah\/"]}]},{"@type":"ImageObject","inLanguage":"fr-FR","@id":"https:\/\/alt.thehookah.de\/fr\/produkt\/embouchure-aventadorr-woodoo-the-hookah\/#primaryimage","url":"https:\/\/alt.thehookah.de\/wp-content\/uploads\/2020\/01\/woodoo2-1.jpg","contentUrl":"https:\/\/alt.thehookah.de\/wp-content\/uploads\/2020\/01\/woodoo2-1.jpg","width":2000,"height":2000,"caption":"EMBOUCHURE AVENTADORR WOODOO THE HOOKAH"},{"@type":"BreadcrumbList","@id":"https:\/\/alt.thehookah.de\/fr\/produkt\/embouchure-aventadorr-woodoo-the-hookah\/#breadcrumb","itemListElement":[{"@type":"ListItem","position":1,"name":"Startseite","item":"https:\/\/alt.thehookah.de\/fr\/"},{"@type":"ListItem","position":2,"name":"Ta boutique en ligne HOOKAH","item":"https:\/\/alt.thehookah.de\/fr\/ta-boutique-en-ligne-hookah\/"},{"@type":"ListItem","position":3,"name":"EMBOUCHURE AVENTADORR WOODOO THE HOOKAH"}]},{"@type":"WebSite","@id":"https:\/\/alt.thehookah.de\/fr\/#website","url":"https:\/\/alt.thehookah.de\/fr\/","name":"The Hookah","description":"","publisher":{"@id":"https:\/\/alt.thehookah.de\/fr\/#organization"},"potentialAction":[{"@type":"SearchAction","target":{"@type":"EntryPoint","urlTemplate":"https:\/\/alt.thehookah.de\/fr\/?s={search_term_string}"},"query-input":"required name=search_term_string"}],"inLanguage":"fr-FR"},{"@type":"Organization","@id":"https:\/\/alt.thehookah.de\/fr\/#organization","name":"The Hookah","url":"https:\/\/alt.thehookah.de\/fr\/","logo":{"@type":"ImageObject","inLanguage":"fr-FR","@id":"https:\/\/alt.thehookah.de\/fr\/#\/schema\/logo\/image\/","url":"https:\/\/alt.thehookah.de\/wp-content\/uploads\/2021\/02\/cropped-logo2.png","contentUrl":"https:\/\/alt.thehookah.de\/wp-content\/uploads\/2021\/02\/cropped-logo2.png","width":300,"height":86,"caption":"The Hookah"},"image":{"@id":"https:\/\/alt.thehookah.de\/fr\/#\/schema\/logo\/image\/"}}]},"product_price_amount":"24.99","product_price_currency":"EUR","og_availability":"instock","product_availability":"instock","product_retailer_item_id":"MSAventadorrWO-1","product_condition":"new"},"_links":{"self":[{"href":"https:\/\/alt.thehookah.de\/fr\/wp-json\/wp\/v2\/product\/619302"}],"collection":[{"href":"https:\/\/alt.thehookah.de\/fr\/wp-json\/wp\/v2\/product"}],"about":[{"href":"https:\/\/alt.thehookah.de\/fr\/wp-json\/wp\/v2\/types\/product"}],"replies":[{"embeddable":true,"href":"https:\/\/alt.thehookah.de\/fr\/wp-json\/wp\/v2\/comments?post=619302"}],"wp:featuredmedia":[{"embeddable":true,"href":"https:\/\/alt.thehookah.de\/fr\/wp-json\/wp\/v2\/media\/606885"}],"wp:attachment":[{"href":"https:\/\/alt.thehookah.de\/fr\/wp-json\/wp\/v2\/media?parent=619302"}],"wp:term":[{"taxonomy":"product_cat","embeddable":true,"href":"https:\/\/alt.thehookah.de\/fr\/wp-json\/wp\/v2\/product_cat?post=619302"},{"taxonomy":"product_tag","embeddable":true,"href":"https:\/\/alt.thehookah.de\/fr\/wp-json\/wp\/v2\/product_tag?post=619302"}],"curies":[{"name":"wp","href":"https:\/\/api.w.org\/{rel}","templated":true}]}}