{"id":619314,"date":"2020-01-11T09:27:06","date_gmt":"2020-01-11T08:27:06","guid":{"rendered":"https:\/\/www.thehookah.de\/produkt\/black-gold-smart-embouchure-en-carbone\/"},"modified":"2020-01-11T09:27:06","modified_gmt":"2020-01-11T08:27:06","slug":"black-gold-smart-embouchure-en-carbone","status":"publish","type":"product","link":"https:\/\/alt.thehookah.de\/fr\/produkt\/black-gold-smart-embouchure-en-carbone\/","title":{"rendered":"BLACK GOLD SMART Embouchure en carbone"},"content":{"rendered":"<h2>THE HOOKAH GOLD SMART Embouchure en carbone<\/h2>\n<p><strong>D\u00e9tails :<\/strong><\/p>\n<ul>\n<li>longueur : 30 cm<\/li>\n<li>Mat\u00e9riau : carbone<\/li>\n<li>Ultra l\u00e9ger<\/li>\n<li>Composants en acier inoxydable V2A<\/li>\n<\/ul>\n","protected":false},"excerpt":{"rendered":"<p>THE HOOKAH GOLD SMART Embouchure en carbone D\u00e9tails : longueur : 30 cm Mat\u00e9riau : carbone Ultra l\u00e9ger Composants en acier inoxydable V2A<\/p>\n","protected":false},"featured_media":606882,"comment_status":"open","ping_status":"closed","template":"","meta":[],"product_cat":[310,344,333],"product_tag":[],"yoast_head":"<!-- This site is optimized with the Yoast SEO plugin v22.5 - https:\/\/yoast.com\/wordpress\/plugins\/seo\/ -->\n<title>Embout de shisha THE HOOKAH GOLD SMART Carbon | Pipe \u00e0 eau<\/title>\n<meta name=\"description\" content=\"Embout de shisha THE HOOKAH GOLD SMART carbone dans la boutique en ligne de shisha THE HOOKAH acheter \u2713 carbone \u2713 ultra l\u00e9ger \u2713 30cm \u27a5 commander maintenant au meilleur prix !\" \/>\n<meta name=\"robots\" content=\"index, follow, max-snippet:-1, max-image-preview:large, max-video-preview:-1\" \/>\n<link rel=\"canonical\" href=\"https:\/\/alt.thehookah.de\/fr\/produkt\/black-gold-smart-embouchure-en-carbone\/\" \/>\n<meta property=\"og:locale\" content=\"fr_FR\" \/>\n<meta property=\"og:type\" content=\"article\" \/>\n<meta property=\"og:title\" content=\"Embout de shisha THE HOOKAH GOLD SMART Carbon | Pipe \u00e0 eau\" \/>\n<meta property=\"og:description\" content=\"Embout de shisha THE HOOKAH GOLD SMART carbone dans la boutique en ligne de shisha THE HOOKAH acheter \u2713 carbone \u2713 ultra l\u00e9ger \u2713 30cm \u27a5 commander maintenant au meilleur prix !\" \/>\n<meta property=\"og:url\" content=\"https:\/\/alt.thehookah.de\/fr\/produkt\/black-gold-smart-embouchure-en-carbone\/\" \/>\n<meta property=\"og:site_name\" content=\"The Hookah\" \/>\n<meta property=\"og:image\" content=\"https:\/\/alt.thehookah.de\/wp-content\/uploads\/2020\/01\/smartgold-1.jpg\" \/>\n\t<meta property=\"og:image:width\" content=\"2000\" \/>\n\t<meta property=\"og:image:height\" content=\"2000\" \/>\n\t<meta property=\"og:image:type\" content=\"image\/jpeg\" \/>\n<meta name=\"twitter:card\" content=\"summary_large_image\" \/>\n<meta name=\"twitter:label1\" content=\"Prix\" \/>\n\t<meta name=\"twitter:data1\" content=\"24,99&nbsp;&euro;\" \/>\n\t<meta name=\"twitter:label2\" content=\"Disponibilit\u00e9\" \/>\n\t<meta name=\"twitter:data2\" content=\"Rupture de stock\" \/>\n<script type=\"application\/ld+json\" class=\"yoast-schema-graph\">{\"@context\":\"https:\/\/schema.org\",\"@graph\":[{\"@type\":\"WebPage\",\"@id\":\"https:\/\/alt.thehookah.de\/fr\/produkt\/black-gold-smart-embouchure-en-carbone\/\",\"url\":\"https:\/\/alt.thehookah.de\/fr\/produkt\/black-gold-smart-embouchure-en-carbone\/\",\"name\":\"Embout de shisha THE HOOKAH GOLD SMART Carbon | Pipe \u00e0 eau\",\"isPartOf\":{\"@id\":\"https:\/\/alt.thehookah.de\/fr\/#website\"},\"primaryImageOfPage\":{\"@id\":\"https:\/\/alt.thehookah.de\/fr\/produkt\/black-gold-smart-embouchure-en-carbone\/#primaryimage\"},\"image\":{\"@id\":\"https:\/\/alt.thehookah.de\/fr\/produkt\/black-gold-smart-embouchure-en-carbone\/#primaryimage\"},\"thumbnailUrl\":\"https:\/\/alt.thehookah.de\/wp-content\/uploads\/2020\/01\/smartgold-1.jpg\",\"datePublished\":\"2020-01-11T08:27:06+00:00\",\"dateModified\":\"2020-01-11T08:27:06+00:00\",\"description\":\"Embout de shisha THE HOOKAH GOLD SMART carbone dans la boutique en ligne de shisha THE HOOKAH acheter \u2713 carbone \u2713 ultra l\u00e9ger \u2713 30cm \u27a5 commander maintenant au meilleur prix !\",\"breadcrumb\":{\"@id\":\"https:\/\/alt.thehookah.de\/fr\/produkt\/black-gold-smart-embouchure-en-carbone\/#breadcrumb\"},\"inLanguage\":\"fr-FR\",\"potentialAction\":[{\"@type\":\"ReadAction\",\"target\":[\"https:\/\/alt.thehookah.de\/fr\/produkt\/black-gold-smart-embouchure-en-carbone\/\"]}]},{\"@type\":\"ImageObject\",\"inLanguage\":\"fr-FR\",\"@id\":\"https:\/\/alt.thehookah.de\/fr\/produkt\/black-gold-smart-embouchure-en-carbone\/#primaryimage\",\"url\":\"https:\/\/alt.thehookah.de\/wp-content\/uploads\/2020\/01\/smartgold-1.jpg\",\"contentUrl\":\"https:\/\/alt.thehookah.de\/wp-content\/uploads\/2020\/01\/smartgold-1.jpg\",\"width\":2000,\"height\":2000,\"caption\":\"Embouchure GOLD SMART en carbone\"},{\"@type\":\"BreadcrumbList\",\"@id\":\"https:\/\/alt.thehookah.de\/fr\/produkt\/black-gold-smart-embouchure-en-carbone\/#breadcrumb\",\"itemListElement\":[{\"@type\":\"ListItem\",\"position\":1,\"name\":\"Startseite\",\"item\":\"https:\/\/alt.thehookah.de\/fr\/\"},{\"@type\":\"ListItem\",\"position\":2,\"name\":\"Ta boutique en ligne HOOKAH\",\"item\":\"https:\/\/alt.thehookah.de\/fr\/ta-boutique-en-ligne-hookah\/\"},{\"@type\":\"ListItem\",\"position\":3,\"name\":\"BLACK GOLD SMART Embouchure en carbone\"}]},{\"@type\":\"WebSite\",\"@id\":\"https:\/\/alt.thehookah.de\/fr\/#website\",\"url\":\"https:\/\/alt.thehookah.de\/fr\/\",\"name\":\"The Hookah\",\"description\":\"\",\"publisher\":{\"@id\":\"https:\/\/alt.thehookah.de\/fr\/#organization\"},\"potentialAction\":[{\"@type\":\"SearchAction\",\"target\":{\"@type\":\"EntryPoint\",\"urlTemplate\":\"https:\/\/alt.thehookah.de\/fr\/?s={search_term_string}\"},\"query-input\":\"required name=search_term_string\"}],\"inLanguage\":\"fr-FR\"},{\"@type\":\"Organization\",\"@id\":\"https:\/\/alt.thehookah.de\/fr\/#organization\",\"name\":\"The Hookah\",\"url\":\"https:\/\/alt.thehookah.de\/fr\/\",\"logo\":{\"@type\":\"ImageObject\",\"inLanguage\":\"fr-FR\",\"@id\":\"https:\/\/alt.thehookah.de\/fr\/#\/schema\/logo\/image\/\",\"url\":\"https:\/\/alt.thehookah.de\/wp-content\/uploads\/2021\/02\/cropped-logo2.png\",\"contentUrl\":\"https:\/\/alt.thehookah.de\/wp-content\/uploads\/2021\/02\/cropped-logo2.png\",\"width\":300,\"height\":86,\"caption\":\"The Hookah\"},\"image\":{\"@id\":\"https:\/\/alt.thehookah.de\/fr\/#\/schema\/logo\/image\/\"}}]}<\/script>\n<meta property=\"product:price:amount\" content=\"24.99\" \/>\n<meta property=\"product:price:currency\" content=\"EUR\" \/>\n<meta property=\"og:availability\" content=\"out of stock\" \/>\n<meta property=\"product:availability\" content=\"out of stock\" \/>\n<meta property=\"product:retailer_item_id\" content=\"GOLDSMART-CARBON1\" \/>\n<meta property=\"product:condition\" content=\"new\" \/>\n<!-- \/ Yoast SEO plugin. -->","yoast_head_json":{"title":"Embout de shisha THE HOOKAH GOLD SMART Carbon | Pipe \u00e0 eau","description":"Embout de shisha THE HOOKAH GOLD SMART carbone dans la boutique en ligne de shisha THE HOOKAH acheter \u2713 carbone \u2713 ultra l\u00e9ger \u2713 30cm \u27a5 commander maintenant au meilleur prix !","robots":{"index":"index","follow":"follow","max-snippet":"max-snippet:-1","max-image-preview":"max-image-preview:large","max-video-preview":"max-video-preview:-1"},"canonical":"https:\/\/alt.thehookah.de\/fr\/produkt\/black-gold-smart-embouchure-en-carbone\/","og_locale":"fr_FR","og_type":"article","og_title":"Embout de shisha THE HOOKAH GOLD SMART Carbon | Pipe \u00e0 eau","og_description":"Embout de shisha THE HOOKAH GOLD SMART carbone dans la boutique en ligne de shisha THE HOOKAH acheter \u2713 carbone \u2713 ultra l\u00e9ger \u2713 30cm \u27a5 commander maintenant au meilleur prix !","og_url":"https:\/\/alt.thehookah.de\/fr\/produkt\/black-gold-smart-embouchure-en-carbone\/","og_site_name":"The Hookah","og_image":[{"width":2000,"height":2000,"url":"https:\/\/alt.thehookah.de\/wp-content\/uploads\/2020\/01\/smartgold-1.jpg","type":"image\/jpeg"}],"twitter_card":"summary_large_image","twitter_misc":{"Prix":"24,99&nbsp;&euro;","Disponibilit\u00e9":"Rupture de stock"},"schema":{"@context":"https:\/\/schema.org","@graph":[{"@type":"WebPage","@id":"https:\/\/alt.thehookah.de\/fr\/produkt\/black-gold-smart-embouchure-en-carbone\/","url":"https:\/\/alt.thehookah.de\/fr\/produkt\/black-gold-smart-embouchure-en-carbone\/","name":"Embout de shisha THE HOOKAH GOLD SMART Carbon | Pipe \u00e0 eau","isPartOf":{"@id":"https:\/\/alt.thehookah.de\/fr\/#website"},"primaryImageOfPage":{"@id":"https:\/\/alt.thehookah.de\/fr\/produkt\/black-gold-smart-embouchure-en-carbone\/#primaryimage"},"image":{"@id":"https:\/\/alt.thehookah.de\/fr\/produkt\/black-gold-smart-embouchure-en-carbone\/#primaryimage"},"thumbnailUrl":"https:\/\/alt.thehookah.de\/wp-content\/uploads\/2020\/01\/smartgold-1.jpg","datePublished":"2020-01-11T08:27:06+00:00","dateModified":"2020-01-11T08:27:06+00:00","description":"Embout de shisha THE HOOKAH GOLD SMART carbone dans la boutique en ligne de shisha THE HOOKAH acheter \u2713 carbone \u2713 ultra l\u00e9ger \u2713 30cm \u27a5 commander maintenant au meilleur prix !","breadcrumb":{"@id":"https:\/\/alt.thehookah.de\/fr\/produkt\/black-gold-smart-embouchure-en-carbone\/#breadcrumb"},"inLanguage":"fr-FR","potentialAction":[{"@type":"ReadAction","target":["https:\/\/alt.thehookah.de\/fr\/produkt\/black-gold-smart-embouchure-en-carbone\/"]}]},{"@type":"ImageObject","inLanguage":"fr-FR","@id":"https:\/\/alt.thehookah.de\/fr\/produkt\/black-gold-smart-embouchure-en-carbone\/#primaryimage","url":"https:\/\/alt.thehookah.de\/wp-content\/uploads\/2020\/01\/smartgold-1.jpg","contentUrl":"https:\/\/alt.thehookah.de\/wp-content\/uploads\/2020\/01\/smartgold-1.jpg","width":2000,"height":2000,"caption":"Embouchure GOLD SMART en carbone"},{"@type":"BreadcrumbList","@id":"https:\/\/alt.thehookah.de\/fr\/produkt\/black-gold-smart-embouchure-en-carbone\/#breadcrumb","itemListElement":[{"@type":"ListItem","position":1,"name":"Startseite","item":"https:\/\/alt.thehookah.de\/fr\/"},{"@type":"ListItem","position":2,"name":"Ta boutique en ligne HOOKAH","item":"https:\/\/alt.thehookah.de\/fr\/ta-boutique-en-ligne-hookah\/"},{"@type":"ListItem","position":3,"name":"BLACK GOLD SMART Embouchure en carbone"}]},{"@type":"WebSite","@id":"https:\/\/alt.thehookah.de\/fr\/#website","url":"https:\/\/alt.thehookah.de\/fr\/","name":"The Hookah","description":"","publisher":{"@id":"https:\/\/alt.thehookah.de\/fr\/#organization"},"potentialAction":[{"@type":"SearchAction","target":{"@type":"EntryPoint","urlTemplate":"https:\/\/alt.thehookah.de\/fr\/?s={search_term_string}"},"query-input":"required name=search_term_string"}],"inLanguage":"fr-FR"},{"@type":"Organization","@id":"https:\/\/alt.thehookah.de\/fr\/#organization","name":"The Hookah","url":"https:\/\/alt.thehookah.de\/fr\/","logo":{"@type":"ImageObject","inLanguage":"fr-FR","@id":"https:\/\/alt.thehookah.de\/fr\/#\/schema\/logo\/image\/","url":"https:\/\/alt.thehookah.de\/wp-content\/uploads\/2021\/02\/cropped-logo2.png","contentUrl":"https:\/\/alt.thehookah.de\/wp-content\/uploads\/2021\/02\/cropped-logo2.png","width":300,"height":86,"caption":"The Hookah"},"image":{"@id":"https:\/\/alt.thehookah.de\/fr\/#\/schema\/logo\/image\/"}}]},"product_price_amount":"24.99","product_price_currency":"EUR","og_availability":"out of stock","product_availability":"out of stock","product_retailer_item_id":"GOLDSMART-CARBON1","product_condition":"new"},"_links":{"self":[{"href":"https:\/\/alt.thehookah.de\/fr\/wp-json\/wp\/v2\/product\/619314"}],"collection":[{"href":"https:\/\/alt.thehookah.de\/fr\/wp-json\/wp\/v2\/product"}],"about":[{"href":"https:\/\/alt.thehookah.de\/fr\/wp-json\/wp\/v2\/types\/product"}],"replies":[{"embeddable":true,"href":"https:\/\/alt.thehookah.de\/fr\/wp-json\/wp\/v2\/comments?post=619314"}],"wp:featuredmedia":[{"embeddable":true,"href":"https:\/\/alt.thehookah.de\/fr\/wp-json\/wp\/v2\/media\/606882"}],"wp:attachment":[{"href":"https:\/\/alt.thehookah.de\/fr\/wp-json\/wp\/v2\/media?parent=619314"}],"wp:term":[{"taxonomy":"product_cat","embeddable":true,"href":"https:\/\/alt.thehookah.de\/fr\/wp-json\/wp\/v2\/product_cat?post=619314"},{"taxonomy":"product_tag","embeddable":true,"href":"https:\/\/alt.thehookah.de\/fr\/wp-json\/wp\/v2\/product_tag?post=619314"}],"curies":[{"name":"wp","href":"https:\/\/api.w.org\/{rel}","templated":true}]}}