{"id":619332,"date":"2020-01-11T09:04:25","date_gmt":"2020-01-11T08:04:25","guid":{"rendered":"https:\/\/www.thehookah.de\/produkt\/colonne-de-fumee-rouge-aventadorr-resine-epoxy-acier-inoxydable\/"},"modified":"2020-01-11T09:04:25","modified_gmt":"2020-01-11T08:04:25","slug":"colonne-de-fumee-rouge-aventadorr-resine-epoxy-acier-inoxydable","status":"publish","type":"product","link":"https:\/\/alt.thehookah.de\/fr\/produkt\/colonne-de-fumee-rouge-aventadorr-resine-epoxy-acier-inoxydable\/","title":{"rendered":"COLONNE DE FUM\u00c9E ROUGE AVENTADORR R\u00c9SINE \u00c9POXY ACIER INOXYDABLE"},"content":{"rendered":"<h1><\/h1>\n<h1 class=\"product_title entry-title\">THE HOOKAH<br \/>\nAVENTADORR R\u00c9SINE EPOXIDE Colonne de fum\u00e9e ROUGE<\/h1>\n<p><strong>convient \u00e0 toutes les pipes \u00e0 eau &amp; shishas THE HOOKAH , et \u00e0 beaucoup d&#8217;autres fabricants <\/strong><strong>( shisha &amp; narguil\u00e9) avec filetage M18 x 1.5mm vers la base. <\/strong> <\/p>\n<ul>\n<li>\n<h2><strong>r\u00e9sine \u00e9poxyde<\/strong> <strong>V2A<\/strong> <strong>acier inoxydable<\/strong><\/h2>\n<\/li>\n<li>\n<h2><strong>R\u00e9sine \u00e9poxy et<\/strong> <strong>applications en acier inoxydable<\/strong> <strong>V2A<\/strong><\/h2>\n<\/li>\n<\/ul>\n<p><strong>Coupe 18\/8 pour s&#8217;adapter \u00e0 tous les capteurs de molasse de THE HOOKAH  <\/strong><\/p>\n<p><strong>filetage M18 x 1.5mm<\/strong><\/p>\n<p><strong>longueur totale env. 28cm  <\/strong><\/p>\n<p>&nbsp;<\/p>\n<p>Remarque : la base et l&#8217;adaptateur illustr\u00e9s ne sont pas inclus dans la livraison.<\/p>\n","protected":false},"excerpt":{"rendered":"<p>THE HOOKAH AVENTADORR R\u00c9SINE EPOXIDE Colonne de fum\u00e9e ROUGE convient \u00e0 toutes les pipes \u00e0 eau &amp; shishas THE HOOKAH , et \u00e0 beaucoup d&#8217;autres fabricants ( shisha &amp; narguil\u00e9) avec filetage M18 x 1.5mm vers la base. r\u00e9sine \u00e9poxyde V2A acier inoxydable R\u00e9sine \u00e9poxy et applications en acier inoxydable V2A Coupe 18\/8 pour s&#8217;adapter [&hellip;]<\/p>\n","protected":false},"featured_media":606853,"comment_status":"open","ping_status":"closed","template":"","meta":[],"product_cat":[310,312],"product_tag":[],"yoast_head":"<!-- This site is optimized with the Yoast SEO plugin v22.5 - https:\/\/yoast.com\/wordpress\/plugins\/seo\/ -->\n<title>Aventadoor Colonne de fum\u00e9e en r\u00e9sine \u00e9poxyde ROT | Shisha, Hookah, Pipe \u00e0 eau<\/title>\n<meta name=\"description\" content=\"Aventadoor Colonne de fum\u00e9e en r\u00e9sine \u00e9poxy ROUGE \u2713 R\u00e9sine \u00e9poxy V2A acier inoxydable + applications \u2713 Filetage M18 x 1.5mm vers la base \u2713 Longueur totale env. 28cm \u27a5 ICI\" \/>\n<meta name=\"robots\" content=\"index, follow, max-snippet:-1, max-image-preview:large, max-video-preview:-1\" \/>\n<link rel=\"canonical\" href=\"https:\/\/alt.thehookah.de\/fr\/produkt\/colonne-de-fumee-rouge-aventadorr-resine-epoxy-acier-inoxydable\/\" \/>\n<meta property=\"og:locale\" content=\"fr_FR\" \/>\n<meta property=\"og:type\" content=\"article\" \/>\n<meta property=\"og:title\" content=\"Aventadoor Colonne de fum\u00e9e en r\u00e9sine \u00e9poxyde ROT | Shisha, Hookah, Pipe \u00e0 eau\" \/>\n<meta property=\"og:description\" content=\"Aventadoor Colonne de fum\u00e9e en r\u00e9sine \u00e9poxy ROUGE \u2713 R\u00e9sine \u00e9poxy V2A acier inoxydable + applications \u2713 Filetage M18 x 1.5mm vers la base \u2713 Longueur totale env. 28cm \u27a5 ICI\" \/>\n<meta property=\"og:url\" content=\"https:\/\/alt.thehookah.de\/fr\/produkt\/colonne-de-fumee-rouge-aventadorr-resine-epoxy-acier-inoxydable\/\" \/>\n<meta property=\"og:site_name\" content=\"The Hookah\" \/>\n<meta property=\"og:image\" content=\"https:\/\/alt.thehookah.de\/wp-content\/uploads\/2020\/01\/rot1-1.jpg\" \/>\n\t<meta property=\"og:image:width\" content=\"2000\" \/>\n\t<meta property=\"og:image:height\" content=\"2000\" \/>\n\t<meta property=\"og:image:type\" content=\"image\/jpeg\" \/>\n<meta name=\"twitter:card\" content=\"summary_large_image\" \/>\n<meta name=\"twitter:label1\" content=\"Prix\" \/>\n\t<meta name=\"twitter:data1\" content=\"49,50&nbsp;&euro;\" \/>\n\t<meta name=\"twitter:label2\" content=\"Disponibilit\u00e9\" \/>\n\t<meta name=\"twitter:data2\" content=\"Rupture de stock\" \/>\n<script type=\"application\/ld+json\" class=\"yoast-schema-graph\">{\"@context\":\"https:\/\/schema.org\",\"@graph\":[{\"@type\":\"WebPage\",\"@id\":\"https:\/\/alt.thehookah.de\/fr\/produkt\/colonne-de-fumee-rouge-aventadorr-resine-epoxy-acier-inoxydable\/\",\"url\":\"https:\/\/alt.thehookah.de\/fr\/produkt\/colonne-de-fumee-rouge-aventadorr-resine-epoxy-acier-inoxydable\/\",\"name\":\"Aventadoor Colonne de fum\u00e9e en r\u00e9sine \u00e9poxyde ROT | Shisha, Hookah, Pipe \u00e0 eau\",\"isPartOf\":{\"@id\":\"https:\/\/alt.thehookah.de\/fr\/#website\"},\"primaryImageOfPage\":{\"@id\":\"https:\/\/alt.thehookah.de\/fr\/produkt\/colonne-de-fumee-rouge-aventadorr-resine-epoxy-acier-inoxydable\/#primaryimage\"},\"image\":{\"@id\":\"https:\/\/alt.thehookah.de\/fr\/produkt\/colonne-de-fumee-rouge-aventadorr-resine-epoxy-acier-inoxydable\/#primaryimage\"},\"thumbnailUrl\":\"https:\/\/alt.thehookah.de\/wp-content\/uploads\/2020\/01\/rot1-1.jpg\",\"datePublished\":\"2020-01-11T08:04:25+00:00\",\"dateModified\":\"2020-01-11T08:04:25+00:00\",\"description\":\"Aventadoor Colonne de fum\u00e9e en r\u00e9sine \u00e9poxy ROUGE \u2713 R\u00e9sine \u00e9poxy V2A acier inoxydable + applications \u2713 Filetage M18 x 1.5mm vers la base \u2713 Longueur totale env. 28cm \u27a5 ICI\",\"breadcrumb\":{\"@id\":\"https:\/\/alt.thehookah.de\/fr\/produkt\/colonne-de-fumee-rouge-aventadorr-resine-epoxy-acier-inoxydable\/#breadcrumb\"},\"inLanguage\":\"fr-FR\",\"potentialAction\":[{\"@type\":\"ReadAction\",\"target\":[\"https:\/\/alt.thehookah.de\/fr\/produkt\/colonne-de-fumee-rouge-aventadorr-resine-epoxy-acier-inoxydable\/\"]}]},{\"@type\":\"ImageObject\",\"inLanguage\":\"fr-FR\",\"@id\":\"https:\/\/alt.thehookah.de\/fr\/produkt\/colonne-de-fumee-rouge-aventadorr-resine-epoxy-acier-inoxydable\/#primaryimage\",\"url\":\"https:\/\/alt.thehookah.de\/wp-content\/uploads\/2020\/01\/rot1-1.jpg\",\"contentUrl\":\"https:\/\/alt.thehookah.de\/wp-content\/uploads\/2020\/01\/rot1-1.jpg\",\"width\":2000,\"height\":2000,\"caption\":\"COLONNE DE FUM\u00c9E AVENTADORR R\u00c9SINE \u00c9POXY THE HOOKAH\"},{\"@type\":\"BreadcrumbList\",\"@id\":\"https:\/\/alt.thehookah.de\/fr\/produkt\/colonne-de-fumee-rouge-aventadorr-resine-epoxy-acier-inoxydable\/#breadcrumb\",\"itemListElement\":[{\"@type\":\"ListItem\",\"position\":1,\"name\":\"Startseite\",\"item\":\"https:\/\/alt.thehookah.de\/fr\/\"},{\"@type\":\"ListItem\",\"position\":2,\"name\":\"Ta boutique en ligne HOOKAH\",\"item\":\"https:\/\/alt.thehookah.de\/fr\/ta-boutique-en-ligne-hookah\/\"},{\"@type\":\"ListItem\",\"position\":3,\"name\":\"COLONNE DE FUM\u00c9E ROUGE AVENTADORR R\u00c9SINE \u00c9POXY ACIER INOXYDABLE\"}]},{\"@type\":\"WebSite\",\"@id\":\"https:\/\/alt.thehookah.de\/fr\/#website\",\"url\":\"https:\/\/alt.thehookah.de\/fr\/\",\"name\":\"The Hookah\",\"description\":\"\",\"publisher\":{\"@id\":\"https:\/\/alt.thehookah.de\/fr\/#organization\"},\"potentialAction\":[{\"@type\":\"SearchAction\",\"target\":{\"@type\":\"EntryPoint\",\"urlTemplate\":\"https:\/\/alt.thehookah.de\/fr\/?s={search_term_string}\"},\"query-input\":\"required name=search_term_string\"}],\"inLanguage\":\"fr-FR\"},{\"@type\":\"Organization\",\"@id\":\"https:\/\/alt.thehookah.de\/fr\/#organization\",\"name\":\"The Hookah\",\"url\":\"https:\/\/alt.thehookah.de\/fr\/\",\"logo\":{\"@type\":\"ImageObject\",\"inLanguage\":\"fr-FR\",\"@id\":\"https:\/\/alt.thehookah.de\/fr\/#\/schema\/logo\/image\/\",\"url\":\"https:\/\/alt.thehookah.de\/wp-content\/uploads\/2021\/02\/cropped-logo2.png\",\"contentUrl\":\"https:\/\/alt.thehookah.de\/wp-content\/uploads\/2021\/02\/cropped-logo2.png\",\"width\":300,\"height\":86,\"caption\":\"The Hookah\"},\"image\":{\"@id\":\"https:\/\/alt.thehookah.de\/fr\/#\/schema\/logo\/image\/\"}}]}<\/script>\n<meta property=\"product:price:amount\" content=\"49.50\" \/>\n<meta property=\"product:price:currency\" content=\"EUR\" \/>\n<meta property=\"og:availability\" content=\"out of stock\" \/>\n<meta property=\"product:availability\" content=\"out of stock\" \/>\n<meta property=\"product:retailer_item_id\" content=\"rauchs\u00e4ulerot-1\" \/>\n<meta property=\"product:condition\" content=\"new\" \/>\n<!-- \/ Yoast SEO plugin. -->","yoast_head_json":{"title":"Aventadoor Colonne de fum\u00e9e en r\u00e9sine \u00e9poxyde ROT | Shisha, Hookah, Pipe \u00e0 eau","description":"Aventadoor Colonne de fum\u00e9e en r\u00e9sine \u00e9poxy ROUGE \u2713 R\u00e9sine \u00e9poxy V2A acier inoxydable + applications \u2713 Filetage M18 x 1.5mm vers la base \u2713 Longueur totale env. 28cm \u27a5 ICI","robots":{"index":"index","follow":"follow","max-snippet":"max-snippet:-1","max-image-preview":"max-image-preview:large","max-video-preview":"max-video-preview:-1"},"canonical":"https:\/\/alt.thehookah.de\/fr\/produkt\/colonne-de-fumee-rouge-aventadorr-resine-epoxy-acier-inoxydable\/","og_locale":"fr_FR","og_type":"article","og_title":"Aventadoor Colonne de fum\u00e9e en r\u00e9sine \u00e9poxyde ROT | Shisha, Hookah, Pipe \u00e0 eau","og_description":"Aventadoor Colonne de fum\u00e9e en r\u00e9sine \u00e9poxy ROUGE \u2713 R\u00e9sine \u00e9poxy V2A acier inoxydable + applications \u2713 Filetage M18 x 1.5mm vers la base \u2713 Longueur totale env. 28cm \u27a5 ICI","og_url":"https:\/\/alt.thehookah.de\/fr\/produkt\/colonne-de-fumee-rouge-aventadorr-resine-epoxy-acier-inoxydable\/","og_site_name":"The Hookah","og_image":[{"width":2000,"height":2000,"url":"https:\/\/alt.thehookah.de\/wp-content\/uploads\/2020\/01\/rot1-1.jpg","type":"image\/jpeg"}],"twitter_card":"summary_large_image","twitter_misc":{"Prix":"49,50&nbsp;&euro;","Disponibilit\u00e9":"Rupture de stock"},"schema":{"@context":"https:\/\/schema.org","@graph":[{"@type":"WebPage","@id":"https:\/\/alt.thehookah.de\/fr\/produkt\/colonne-de-fumee-rouge-aventadorr-resine-epoxy-acier-inoxydable\/","url":"https:\/\/alt.thehookah.de\/fr\/produkt\/colonne-de-fumee-rouge-aventadorr-resine-epoxy-acier-inoxydable\/","name":"Aventadoor Colonne de fum\u00e9e en r\u00e9sine \u00e9poxyde ROT | Shisha, Hookah, Pipe \u00e0 eau","isPartOf":{"@id":"https:\/\/alt.thehookah.de\/fr\/#website"},"primaryImageOfPage":{"@id":"https:\/\/alt.thehookah.de\/fr\/produkt\/colonne-de-fumee-rouge-aventadorr-resine-epoxy-acier-inoxydable\/#primaryimage"},"image":{"@id":"https:\/\/alt.thehookah.de\/fr\/produkt\/colonne-de-fumee-rouge-aventadorr-resine-epoxy-acier-inoxydable\/#primaryimage"},"thumbnailUrl":"https:\/\/alt.thehookah.de\/wp-content\/uploads\/2020\/01\/rot1-1.jpg","datePublished":"2020-01-11T08:04:25+00:00","dateModified":"2020-01-11T08:04:25+00:00","description":"Aventadoor Colonne de fum\u00e9e en r\u00e9sine \u00e9poxy ROUGE \u2713 R\u00e9sine \u00e9poxy V2A acier inoxydable + applications \u2713 Filetage M18 x 1.5mm vers la base \u2713 Longueur totale env. 28cm \u27a5 ICI","breadcrumb":{"@id":"https:\/\/alt.thehookah.de\/fr\/produkt\/colonne-de-fumee-rouge-aventadorr-resine-epoxy-acier-inoxydable\/#breadcrumb"},"inLanguage":"fr-FR","potentialAction":[{"@type":"ReadAction","target":["https:\/\/alt.thehookah.de\/fr\/produkt\/colonne-de-fumee-rouge-aventadorr-resine-epoxy-acier-inoxydable\/"]}]},{"@type":"ImageObject","inLanguage":"fr-FR","@id":"https:\/\/alt.thehookah.de\/fr\/produkt\/colonne-de-fumee-rouge-aventadorr-resine-epoxy-acier-inoxydable\/#primaryimage","url":"https:\/\/alt.thehookah.de\/wp-content\/uploads\/2020\/01\/rot1-1.jpg","contentUrl":"https:\/\/alt.thehookah.de\/wp-content\/uploads\/2020\/01\/rot1-1.jpg","width":2000,"height":2000,"caption":"COLONNE DE FUM\u00c9E AVENTADORR R\u00c9SINE \u00c9POXY THE HOOKAH"},{"@type":"BreadcrumbList","@id":"https:\/\/alt.thehookah.de\/fr\/produkt\/colonne-de-fumee-rouge-aventadorr-resine-epoxy-acier-inoxydable\/#breadcrumb","itemListElement":[{"@type":"ListItem","position":1,"name":"Startseite","item":"https:\/\/alt.thehookah.de\/fr\/"},{"@type":"ListItem","position":2,"name":"Ta boutique en ligne HOOKAH","item":"https:\/\/alt.thehookah.de\/fr\/ta-boutique-en-ligne-hookah\/"},{"@type":"ListItem","position":3,"name":"COLONNE DE FUM\u00c9E ROUGE AVENTADORR R\u00c9SINE \u00c9POXY ACIER INOXYDABLE"}]},{"@type":"WebSite","@id":"https:\/\/alt.thehookah.de\/fr\/#website","url":"https:\/\/alt.thehookah.de\/fr\/","name":"The Hookah","description":"","publisher":{"@id":"https:\/\/alt.thehookah.de\/fr\/#organization"},"potentialAction":[{"@type":"SearchAction","target":{"@type":"EntryPoint","urlTemplate":"https:\/\/alt.thehookah.de\/fr\/?s={search_term_string}"},"query-input":"required name=search_term_string"}],"inLanguage":"fr-FR"},{"@type":"Organization","@id":"https:\/\/alt.thehookah.de\/fr\/#organization","name":"The Hookah","url":"https:\/\/alt.thehookah.de\/fr\/","logo":{"@type":"ImageObject","inLanguage":"fr-FR","@id":"https:\/\/alt.thehookah.de\/fr\/#\/schema\/logo\/image\/","url":"https:\/\/alt.thehookah.de\/wp-content\/uploads\/2021\/02\/cropped-logo2.png","contentUrl":"https:\/\/alt.thehookah.de\/wp-content\/uploads\/2021\/02\/cropped-logo2.png","width":300,"height":86,"caption":"The Hookah"},"image":{"@id":"https:\/\/alt.thehookah.de\/fr\/#\/schema\/logo\/image\/"}}]},"product_price_amount":"49.50","product_price_currency":"EUR","og_availability":"out of stock","product_availability":"out of stock","product_retailer_item_id":"rauchs\u00e4ulerot-1","product_condition":"new"},"_links":{"self":[{"href":"https:\/\/alt.thehookah.de\/fr\/wp-json\/wp\/v2\/product\/619332"}],"collection":[{"href":"https:\/\/alt.thehookah.de\/fr\/wp-json\/wp\/v2\/product"}],"about":[{"href":"https:\/\/alt.thehookah.de\/fr\/wp-json\/wp\/v2\/types\/product"}],"replies":[{"embeddable":true,"href":"https:\/\/alt.thehookah.de\/fr\/wp-json\/wp\/v2\/comments?post=619332"}],"wp:featuredmedia":[{"embeddable":true,"href":"https:\/\/alt.thehookah.de\/fr\/wp-json\/wp\/v2\/media\/606853"}],"wp:attachment":[{"href":"https:\/\/alt.thehookah.de\/fr\/wp-json\/wp\/v2\/media?parent=619332"}],"wp:term":[{"taxonomy":"product_cat","embeddable":true,"href":"https:\/\/alt.thehookah.de\/fr\/wp-json\/wp\/v2\/product_cat?post=619332"},{"taxonomy":"product_tag","embeddable":true,"href":"https:\/\/alt.thehookah.de\/fr\/wp-json\/wp\/v2\/product_tag?post=619332"}],"curies":[{"name":"wp","href":"https:\/\/api.w.org\/{rel}","templated":true}]}}