{"id":619412,"date":"2020-01-10T19:03:25","date_gmt":"2020-01-10T18:03:25","guid":{"rendered":"https:\/\/www.thehookah.de\/produkt\/monster-joe-2-0-rainbow-gold-edition-tete-de-verre-pince-dhonneur\/"},"modified":"2023-11-26T17:31:29","modified_gmt":"2023-11-26T16:31:29","slug":"monster-joe-2-0-rainbow-gold-edition-tete-de-verre-pince-dhonneur","status":"publish","type":"product","link":"https:\/\/alt.thehookah.de\/fr\/produkt\/monster-joe-2-0-rainbow-gold-edition-tete-de-verre-pince-dhonneur\/","title":{"rendered":"MONSTER JOE 2.0 RAINBOW\/GOLD EDITION T\u00caTE DE VERRE PINCE D&#8217;HONNEUR"},"content":{"rendered":"<h2>Monster JOE 2.0 RAINBOW\/Or<\/h2>\n<blockquote><p>&#8220;Oui, les jours de l&#8217;oubli sont termin\u00e9s, voici ceux du souvenir !&#8221; &#8211; Pulp Fiction<\/p><\/blockquote>\n<p><strong>La shisha \/ hookah \/ pipe \u00e0 eau pour la maison !<\/strong><\/p>\n<div><strong>Gr\u00e2ce \u00e0 notre nouveau &amp; tube plongeur en plusieurs parties en V2A, avec diffuseur d\u00e9vissable,<\/strong><\/div>\n<div><strong>vous pouvez maintenant d\u00e9terminer vous-m\u00eame la r\u00e9ponse de votre THE HOOKAH.<\/strong><\/div>\n<div>Dans la version courte, un comportement plus direct et dans la version longue, un comportement un peu plus indirect.<\/div>\n<div>Dans tous les cas, le diam\u00e8tre est dimensionn\u00e9 de mani\u00e8re \u00e0 ce que rien n&#8217;emp\u00eache une traction brutale.<\/div>\n<h2>D\u00e9tails du produit<\/h2>\n<p>Hauteur totale (jusqu&#8217;au plateau de charbon de verre) env. 60 cm sans pi\u00e8ge \u00e0 molasse Hauteur totale (jusqu&#8217;au plateau de charbon de verre) env. 71 cm avec pi\u00e8ge \u00e0 molasse<\/p>\n<ul>\n<li>Base en acier inoxydable V2A<\/li>\n<li>Syst\u00e8me de clic \u00e0 chambre ferm\u00e9e<\/li>\n<li>Monster JOE Bowl 2.0 (verre en cristal)<\/li>\n<\/ul>\n<h2>Contenu de la livraison<\/h2>\n<ul>\n<li>1 x THE HOOKAH T\u00caTE DE VERRE<strong> en OR\/RAINBOW<\/strong><\/li>\n<li>1 x assiette \u00e0 charbon en acier inoxydable 24cm<strong> en GOLD\/RAINBOW<\/strong><\/li>\n<li>1 x adaptateur de rodage de t\u00eate 18\/8<\/li>\n<li>1 x capteur de molasse en verre borosilicat\u00e9 18\/8<\/li>\n<li>1 x Monster JOE 2.0 colonne de fum\u00e9e en acier inoxydable V2A <strong>en GOLD\/RAINBOW<\/strong><\/li>\n<li>1 x Monster JOE 2.0 Base en acier inoxydable V2A <strong>en GOLD\/RAINBOW<\/strong><\/li>\n<li>4 x manchons avec six pans creux<\/li>\n<li>4 x adaptateurs de tuyaux 18\/8<\/li>\n<li>4 x embouts 18\/8<\/li>\n<li>4 x boule en verre<\/li>\n<li>1 x tube plongeur V2A en plusieurs parties pouvant \u00eatre raccourci &amp; rallong\u00e9 <strong>en GOLD\/RAINBOW<\/strong><\/li>\n<li>1 x diffuseur d\u00e9vissable<\/li>\n<li>1 x ressort de protection contre le pliage<\/li>\n<li>1 x tuyau en silicone noir mat<\/li>\n<li>1 x embout buccal &#8211; THE HOOKAH <strong>en GOLD\/RAINBOW<\/strong><\/li>\n<li>1 x pince d&#8217;honneur V2A <strong>en OR\/RAINBOW<\/strong><\/li>\n<li>1 x Monster JOE 2.0 Bowl<\/li>\n<li>4 x porte-tuyaux en acier inoxydable <strong>en GOLD\/RAINBOW<\/strong><\/li>\n<\/ul>\n","protected":false},"excerpt":{"rendered":"<p>Monster JOE 2.0 RAINBOW\/Or &#8220;Oui, les jours de l&#8217;oubli sont termin\u00e9s, voici ceux du souvenir !&#8221; &#8211; Pulp Fiction La shisha \/ hookah \/ pipe \u00e0 eau pour la maison ! Gr\u00e2ce \u00e0 notre nouveau &amp; tube plongeur en plusieurs parties en V2A, avec diffuseur d\u00e9vissable, vous pouvez maintenant d\u00e9terminer vous-m\u00eame la r\u00e9ponse de votre [&hellip;]<\/p>\n","protected":false},"featured_media":606734,"comment_status":"open","ping_status":"closed","template":"","meta":[],"product_cat":[321,329,323],"product_tag":[],"yoast_head":"<!-- This site is optimized with the Yoast SEO plugin v22.5 - https:\/\/yoast.com\/wordpress\/plugins\/seo\/ -->\n<title>Shisha Monster JOE 2.0 RAINBOW\/ GOLD | Pipe \u00e0 eau, Hookah<\/title>\n<meta name=\"description\" content=\"Shisha Monster JOE 2.0 RAINBOW\/ GOLD dans le Shisha Shop The Hookah \u2713 Base acier inoxydable V2A \u2713 Closed Chamber Clicksystem \u2713 Monster JOE Bowl 2.0 (verre cristal) \u27a5HIER\" \/>\n<meta name=\"robots\" content=\"index, follow, max-snippet:-1, max-image-preview:large, max-video-preview:-1\" \/>\n<link rel=\"canonical\" href=\"https:\/\/alt.thehookah.de\/fr\/produkt\/monster-joe-2-0-rainbow-gold-edition-tete-de-verre-pince-dhonneur\/\" \/>\n<meta property=\"og:locale\" content=\"fr_FR\" \/>\n<meta property=\"og:type\" content=\"article\" \/>\n<meta property=\"og:title\" content=\"Shisha Monster JOE 2.0 RAINBOW\/ GOLD | Pipe \u00e0 eau, Hookah\" \/>\n<meta property=\"og:description\" content=\"Shisha Monster JOE 2.0 RAINBOW\/ GOLD dans le Shisha Shop The Hookah \u2713 Base acier inoxydable V2A \u2713 Closed Chamber Clicksystem \u2713 Monster JOE Bowl 2.0 (verre cristal) \u27a5HIER\" \/>\n<meta property=\"og:url\" content=\"https:\/\/alt.thehookah.de\/fr\/produkt\/monster-joe-2-0-rainbow-gold-edition-tete-de-verre-pince-dhonneur\/\" \/>\n<meta property=\"og:site_name\" content=\"The Hookah\" \/>\n<meta property=\"article:modified_time\" content=\"2023-11-26T16:31:29+00:00\" \/>\n<meta property=\"og:image\" content=\"https:\/\/alt.thehookah.de\/wp-content\/uploads\/2020\/01\/RBMonsterJoe1__GMonsterjoe1.jpg\" \/>\n\t<meta property=\"og:image:width\" content=\"1600\" \/>\n\t<meta property=\"og:image:height\" content=\"1600\" \/>\n\t<meta property=\"og:image:type\" content=\"image\/jpeg\" \/>\n<meta name=\"twitter:card\" content=\"summary_large_image\" \/>\n<meta name=\"twitter:label1\" content=\"Disponibilit\u00e9\" \/>\n\t<meta name=\"twitter:data1\" content=\"En stock\" \/>\n<script type=\"application\/ld+json\" class=\"yoast-schema-graph\">{\"@context\":\"https:\/\/schema.org\",\"@graph\":[{\"@type\":\"WebPage\",\"@id\":\"https:\/\/alt.thehookah.de\/fr\/produkt\/monster-joe-2-0-rainbow-gold-edition-tete-de-verre-pince-dhonneur\/\",\"url\":\"https:\/\/alt.thehookah.de\/fr\/produkt\/monster-joe-2-0-rainbow-gold-edition-tete-de-verre-pince-dhonneur\/\",\"name\":\"Shisha Monster JOE 2.0 RAINBOW\/ GOLD | Pipe \u00e0 eau, Hookah\",\"isPartOf\":{\"@id\":\"https:\/\/alt.thehookah.de\/fr\/#website\"},\"primaryImageOfPage\":{\"@id\":\"https:\/\/alt.thehookah.de\/fr\/produkt\/monster-joe-2-0-rainbow-gold-edition-tete-de-verre-pince-dhonneur\/#primaryimage\"},\"image\":{\"@id\":\"https:\/\/alt.thehookah.de\/fr\/produkt\/monster-joe-2-0-rainbow-gold-edition-tete-de-verre-pince-dhonneur\/#primaryimage\"},\"thumbnailUrl\":\"https:\/\/alt.thehookah.de\/wp-content\/uploads\/2020\/01\/RBMonsterJoe1__GMonsterjoe1.jpg\",\"datePublished\":\"2020-01-10T18:03:25+00:00\",\"dateModified\":\"2023-11-26T16:31:29+00:00\",\"description\":\"Shisha Monster JOE 2.0 RAINBOW\/ GOLD dans le Shisha Shop The Hookah \u2713 Base acier inoxydable V2A \u2713 Closed Chamber Clicksystem \u2713 Monster JOE Bowl 2.0 (verre cristal) \u27a5HIER\",\"breadcrumb\":{\"@id\":\"https:\/\/alt.thehookah.de\/fr\/produkt\/monster-joe-2-0-rainbow-gold-edition-tete-de-verre-pince-dhonneur\/#breadcrumb\"},\"inLanguage\":\"fr-FR\",\"potentialAction\":[{\"@type\":\"ReadAction\",\"target\":[\"https:\/\/alt.thehookah.de\/fr\/produkt\/monster-joe-2-0-rainbow-gold-edition-tete-de-verre-pince-dhonneur\/\"]}]},{\"@type\":\"ImageObject\",\"inLanguage\":\"fr-FR\",\"@id\":\"https:\/\/alt.thehookah.de\/fr\/produkt\/monster-joe-2-0-rainbow-gold-edition-tete-de-verre-pince-dhonneur\/#primaryimage\",\"url\":\"https:\/\/alt.thehookah.de\/wp-content\/uploads\/2020\/01\/RBMonsterJoe1__GMonsterjoe1.jpg\",\"contentUrl\":\"https:\/\/alt.thehookah.de\/wp-content\/uploads\/2020\/01\/RBMonsterJoe1__GMonsterjoe1.jpg\",\"width\":1600,\"height\":1600,\"caption\":\"Monster Joe Gold + Rainbow\"},{\"@type\":\"BreadcrumbList\",\"@id\":\"https:\/\/alt.thehookah.de\/fr\/produkt\/monster-joe-2-0-rainbow-gold-edition-tete-de-verre-pince-dhonneur\/#breadcrumb\",\"itemListElement\":[{\"@type\":\"ListItem\",\"position\":1,\"name\":\"Startseite\",\"item\":\"https:\/\/alt.thehookah.de\/fr\/\"},{\"@type\":\"ListItem\",\"position\":2,\"name\":\"Ta boutique en ligne HOOKAH\",\"item\":\"https:\/\/alt.thehookah.de\/fr\/ta-boutique-en-ligne-hookah\/\"},{\"@type\":\"ListItem\",\"position\":3,\"name\":\"MONSTER JOE 2.0 RAINBOW\/GOLD EDITION T\u00caTE DE VERRE PINCE D&#8217;HONNEUR\"}]},{\"@type\":\"WebSite\",\"@id\":\"https:\/\/alt.thehookah.de\/fr\/#website\",\"url\":\"https:\/\/alt.thehookah.de\/fr\/\",\"name\":\"The Hookah\",\"description\":\"\",\"publisher\":{\"@id\":\"https:\/\/alt.thehookah.de\/fr\/#organization\"},\"potentialAction\":[{\"@type\":\"SearchAction\",\"target\":{\"@type\":\"EntryPoint\",\"urlTemplate\":\"https:\/\/alt.thehookah.de\/fr\/?s={search_term_string}\"},\"query-input\":\"required name=search_term_string\"}],\"inLanguage\":\"fr-FR\"},{\"@type\":\"Organization\",\"@id\":\"https:\/\/alt.thehookah.de\/fr\/#organization\",\"name\":\"The Hookah\",\"url\":\"https:\/\/alt.thehookah.de\/fr\/\",\"logo\":{\"@type\":\"ImageObject\",\"inLanguage\":\"fr-FR\",\"@id\":\"https:\/\/alt.thehookah.de\/fr\/#\/schema\/logo\/image\/\",\"url\":\"https:\/\/alt.thehookah.de\/wp-content\/uploads\/2021\/02\/cropped-logo2.png\",\"contentUrl\":\"https:\/\/alt.thehookah.de\/wp-content\/uploads\/2021\/02\/cropped-logo2.png\",\"width\":300,\"height\":86,\"caption\":\"The Hookah\"},\"image\":{\"@id\":\"https:\/\/alt.thehookah.de\/fr\/#\/schema\/logo\/image\/\"}}]}<\/script>\n<meta property=\"og:availability\" content=\"instock\" \/>\n<meta property=\"product:availability\" content=\"instock\" \/>\n<meta property=\"product:retailer_item_id\" content=\"MONSTERJOE20\" \/>\n<meta property=\"product:condition\" content=\"new\" \/>\n<!-- \/ Yoast SEO plugin. -->","yoast_head_json":{"title":"Shisha Monster JOE 2.0 RAINBOW\/ GOLD | Pipe \u00e0 eau, Hookah","description":"Shisha Monster JOE 2.0 RAINBOW\/ GOLD dans le Shisha Shop The Hookah \u2713 Base acier inoxydable V2A \u2713 Closed Chamber Clicksystem \u2713 Monster JOE Bowl 2.0 (verre cristal) \u27a5HIER","robots":{"index":"index","follow":"follow","max-snippet":"max-snippet:-1","max-image-preview":"max-image-preview:large","max-video-preview":"max-video-preview:-1"},"canonical":"https:\/\/alt.thehookah.de\/fr\/produkt\/monster-joe-2-0-rainbow-gold-edition-tete-de-verre-pince-dhonneur\/","og_locale":"fr_FR","og_type":"article","og_title":"Shisha Monster JOE 2.0 RAINBOW\/ GOLD | Pipe \u00e0 eau, Hookah","og_description":"Shisha Monster JOE 2.0 RAINBOW\/ GOLD dans le Shisha Shop The Hookah \u2713 Base acier inoxydable V2A \u2713 Closed Chamber Clicksystem \u2713 Monster JOE Bowl 2.0 (verre cristal) \u27a5HIER","og_url":"https:\/\/alt.thehookah.de\/fr\/produkt\/monster-joe-2-0-rainbow-gold-edition-tete-de-verre-pince-dhonneur\/","og_site_name":"The Hookah","article_modified_time":"2023-11-26T16:31:29+00:00","og_image":[{"width":1600,"height":1600,"url":"https:\/\/alt.thehookah.de\/wp-content\/uploads\/2020\/01\/RBMonsterJoe1__GMonsterjoe1.jpg","type":"image\/jpeg"}],"twitter_card":"summary_large_image","twitter_misc":{"Disponibilit\u00e9":"En stock"},"schema":{"@context":"https:\/\/schema.org","@graph":[{"@type":"WebPage","@id":"https:\/\/alt.thehookah.de\/fr\/produkt\/monster-joe-2-0-rainbow-gold-edition-tete-de-verre-pince-dhonneur\/","url":"https:\/\/alt.thehookah.de\/fr\/produkt\/monster-joe-2-0-rainbow-gold-edition-tete-de-verre-pince-dhonneur\/","name":"Shisha Monster JOE 2.0 RAINBOW\/ GOLD | Pipe \u00e0 eau, Hookah","isPartOf":{"@id":"https:\/\/alt.thehookah.de\/fr\/#website"},"primaryImageOfPage":{"@id":"https:\/\/alt.thehookah.de\/fr\/produkt\/monster-joe-2-0-rainbow-gold-edition-tete-de-verre-pince-dhonneur\/#primaryimage"},"image":{"@id":"https:\/\/alt.thehookah.de\/fr\/produkt\/monster-joe-2-0-rainbow-gold-edition-tete-de-verre-pince-dhonneur\/#primaryimage"},"thumbnailUrl":"https:\/\/alt.thehookah.de\/wp-content\/uploads\/2020\/01\/RBMonsterJoe1__GMonsterjoe1.jpg","datePublished":"2020-01-10T18:03:25+00:00","dateModified":"2023-11-26T16:31:29+00:00","description":"Shisha Monster JOE 2.0 RAINBOW\/ GOLD dans le Shisha Shop The Hookah \u2713 Base acier inoxydable V2A \u2713 Closed Chamber Clicksystem \u2713 Monster JOE Bowl 2.0 (verre cristal) \u27a5HIER","breadcrumb":{"@id":"https:\/\/alt.thehookah.de\/fr\/produkt\/monster-joe-2-0-rainbow-gold-edition-tete-de-verre-pince-dhonneur\/#breadcrumb"},"inLanguage":"fr-FR","potentialAction":[{"@type":"ReadAction","target":["https:\/\/alt.thehookah.de\/fr\/produkt\/monster-joe-2-0-rainbow-gold-edition-tete-de-verre-pince-dhonneur\/"]}]},{"@type":"ImageObject","inLanguage":"fr-FR","@id":"https:\/\/alt.thehookah.de\/fr\/produkt\/monster-joe-2-0-rainbow-gold-edition-tete-de-verre-pince-dhonneur\/#primaryimage","url":"https:\/\/alt.thehookah.de\/wp-content\/uploads\/2020\/01\/RBMonsterJoe1__GMonsterjoe1.jpg","contentUrl":"https:\/\/alt.thehookah.de\/wp-content\/uploads\/2020\/01\/RBMonsterJoe1__GMonsterjoe1.jpg","width":1600,"height":1600,"caption":"Monster Joe Gold + Rainbow"},{"@type":"BreadcrumbList","@id":"https:\/\/alt.thehookah.de\/fr\/produkt\/monster-joe-2-0-rainbow-gold-edition-tete-de-verre-pince-dhonneur\/#breadcrumb","itemListElement":[{"@type":"ListItem","position":1,"name":"Startseite","item":"https:\/\/alt.thehookah.de\/fr\/"},{"@type":"ListItem","position":2,"name":"Ta boutique en ligne HOOKAH","item":"https:\/\/alt.thehookah.de\/fr\/ta-boutique-en-ligne-hookah\/"},{"@type":"ListItem","position":3,"name":"MONSTER JOE 2.0 RAINBOW\/GOLD EDITION T\u00caTE DE VERRE PINCE D&#8217;HONNEUR"}]},{"@type":"WebSite","@id":"https:\/\/alt.thehookah.de\/fr\/#website","url":"https:\/\/alt.thehookah.de\/fr\/","name":"The Hookah","description":"","publisher":{"@id":"https:\/\/alt.thehookah.de\/fr\/#organization"},"potentialAction":[{"@type":"SearchAction","target":{"@type":"EntryPoint","urlTemplate":"https:\/\/alt.thehookah.de\/fr\/?s={search_term_string}"},"query-input":"required name=search_term_string"}],"inLanguage":"fr-FR"},{"@type":"Organization","@id":"https:\/\/alt.thehookah.de\/fr\/#organization","name":"The Hookah","url":"https:\/\/alt.thehookah.de\/fr\/","logo":{"@type":"ImageObject","inLanguage":"fr-FR","@id":"https:\/\/alt.thehookah.de\/fr\/#\/schema\/logo\/image\/","url":"https:\/\/alt.thehookah.de\/wp-content\/uploads\/2021\/02\/cropped-logo2.png","contentUrl":"https:\/\/alt.thehookah.de\/wp-content\/uploads\/2021\/02\/cropped-logo2.png","width":300,"height":86,"caption":"The Hookah"},"image":{"@id":"https:\/\/alt.thehookah.de\/fr\/#\/schema\/logo\/image\/"}}]},"og_availability":"instock","product_availability":"instock","product_retailer_item_id":"MONSTERJOE20","product_condition":"new"},"_links":{"self":[{"href":"https:\/\/alt.thehookah.de\/fr\/wp-json\/wp\/v2\/product\/619412"}],"collection":[{"href":"https:\/\/alt.thehookah.de\/fr\/wp-json\/wp\/v2\/product"}],"about":[{"href":"https:\/\/alt.thehookah.de\/fr\/wp-json\/wp\/v2\/types\/product"}],"replies":[{"embeddable":true,"href":"https:\/\/alt.thehookah.de\/fr\/wp-json\/wp\/v2\/comments?post=619412"}],"wp:featuredmedia":[{"embeddable":true,"href":"https:\/\/alt.thehookah.de\/fr\/wp-json\/wp\/v2\/media\/606734"}],"wp:attachment":[{"href":"https:\/\/alt.thehookah.de\/fr\/wp-json\/wp\/v2\/media?parent=619412"}],"wp:term":[{"taxonomy":"product_cat","embeddable":true,"href":"https:\/\/alt.thehookah.de\/fr\/wp-json\/wp\/v2\/product_cat?post=619412"},{"taxonomy":"product_tag","embeddable":true,"href":"https:\/\/alt.thehookah.de\/fr\/wp-json\/wp\/v2\/product_tag?post=619412"}],"curies":[{"name":"wp","href":"https:\/\/api.w.org\/{rel}","templated":true}]}}