{"id":619471,"date":"2020-01-10T19:21:14","date_gmt":"2020-01-10T18:21:14","guid":{"rendered":"https:\/\/www.thehookah.de\/produkt\/skywalker-rainbow-gold-rosegold-edition-pince-dhonneur-en-verre\/"},"modified":"2023-11-26T17:31:43","modified_gmt":"2023-11-26T16:31:43","slug":"skywalker-rainbow-gold-rosegold-edition-pince-dhonneur-en-verre","status":"publish","type":"product","link":"https:\/\/alt.thehookah.de\/fr\/produkt\/skywalker-rainbow-gold-rosegold-edition-pince-dhonneur-en-verre\/","title":{"rendered":"SKYWALKER RAINBOW\/GOLD\/ROSEGOLD EDITION PINCE D&#8217;HONNEUR EN VERRE"},"content":{"rendered":"<h2>SKYWALKER coupe \u00e0 la main RAINBOW\/GOLD EDITION<\/h2>\n<h2><\/h2>\n<h2 style=\"text-align: center;\">&#8220;Que la force soit avec toi&#8221;.<\/h2>\n<h3>-Encore une fois, nous n&#8217;avons pas l\u00e9sin\u00e9 sur les moyens, notre design de combinaison SKYWALKER est plus que r\u00e9ussi.<\/h3>\n<p>&nbsp;<\/p>\n<p><strong>La shisha \/ hookah \/ pipe \u00e0 eau pour la maison et les d\u00e9placements<\/strong><\/p>\n<div><strong>Gr\u00e2ce \u00e0 notre nouveau &amp; tube plongeur en plusieurs parties en V2A, avec diffuseur d\u00e9vissable,<\/strong><\/div>\n<div><strong>vous pouvez maintenant d\u00e9terminer vous-m\u00eame la r\u00e9ponse de votre THE HOOKAH.<\/strong><\/div>\n<div>Dans la version courte, un comportement plus direct et dans la version longue, un comportement un peu plus indirect.<\/div>\n<div>Dans tous les cas, le diam\u00e8tre est dimensionn\u00e9 de mani\u00e8re \u00e0 ce que rien n&#8217;emp\u00eache une traction brutale.<\/div>\n<div><\/div>\n<div><\/div>\n<div>\n<h2>D\u00e9tails du produit<\/h2>\n<p><em><strong>SKYWALKER ( big ) &#8211; colonne de fum\u00e9e compl\u00e8te<\/strong><\/em><\/p>\n<p><em>Hauteur totale (jusqu&#8217;au plateau de charbon en acier inoxydable bross\u00e9) env. 61 cm sans collecteur de molasse<br \/>\n<\/em><em>Hauteur totale (jusqu&#8217;au plateau en charbon de bois en acier inoxydable bross\u00e9) env. 71 cm avec collecteur de molasse<\/em><\/p>\n<p><em><strong>SKYWALKER ( shorty ) &#8211; colonne de fum\u00e9e raccourcie<\/strong><\/em><\/p>\n<p><em>Hauteur totale (jusqu&#8217;au plateau de charbon en acier inoxydable bross\u00e9) env. 48 cm sans collecteur de molasse<br \/>\n<\/em><em>Hauteur totale (jusqu&#8217;au plateau en charbon de bois en acier inoxydable bross\u00e9) env. 58 cm avec collecteur de molasse<\/em><\/p>\n<ul>\n<li>Base en acier inoxydable V2A<\/li>\n<li><strong>Syst\u00e8me de clic \u00e0 chambre ferm\u00e9e<\/strong><\/li>\n<li>Assiette \u00e0 charbon de verre 26cm<\/li>\n<li>SKYWALKER Handcut Bowl (verre en cristal)<\/li>\n<\/ul>\n<p>&nbsp;<\/p>\n<h2>Contenu de la livraison<\/h2>\n<ul>\n<li><strong>1 x THE HOOKAH T\u00caTE DE VERRE en OR\/RAINBOW\/ROSEGOLD<\/strong><\/li>\n<li><strong>1 x plateau \u00e0 charbon en acier inoxydable V2A en GOLD\/RAINBOW\/ROSEGOLD<\/strong><\/li>\n<li><strong>1 x adaptateur de taille de t\u00eate 18\/8 en OR\/RAINBOW\/ROSEGOLD<\/strong><\/li>\n<li><strong>1 x SKYWALKER capteur de molasse 18\/8 verre borosilicat\u00e9<\/strong><\/li>\n<li><strong>1 x SKYWALKER colonne de fum\u00e9e en plusieurs parties en acier inoxydable V2A en GOLD\/RAINBOW\/ROSEGOLD<\/strong><\/li>\n<li><strong>1 x SKYWALKER Base V2A en acier inoxydable GOLD\/RAINBOW\/ROSEGOLD<\/strong><\/li>\n<li><strong>4 x adaptateurs de tuyaux 18\/8 en GOLD\/RAINBOW\/ROSEGOLD<\/strong><\/li>\n<li><strong>4 x embouts 18\/8 en OR\/RAINBOW\/ROSEGOLD<\/strong><\/li>\n<li><strong>4 x billes de verre (billes \u00e0 valve)  <\/strong><\/li>\n<li><strong>1 x tube plongeur V2A en plusieurs parties pouvant \u00eatre raccourci &amp; rallong\u00e9 en OR\/RAINBOW\/ROSEGOLD<\/strong><\/li>\n<li><strong>1 x diffuseur d\u00e9vissable en GOLD\/RAINBOW\/ROSEGOLD<\/strong><\/li>\n<li><strong>1 x ressort de protection contre le pliage<\/strong><\/li>\n<li><strong>1 x tuyau en silicone noir mat<\/strong><\/li>\n<li><strong>1 x embout buccal &#8211; THE HOOKAH en GOLD\/RAINBOW\/ROSEGOLD<\/strong><\/li>\n<li><strong>1 x pince d&#8217;honneur en OR\/RAINBOW\/ROSEGOLD<\/strong><\/li>\n<li><strong>1x SKYWALKER BOWL Handcut verre en cristal souffl\u00e9 \u00e0 la bouche, taill\u00e9 &amp; poli \u00e0 la main<\/strong><\/li>\n<\/ul>\n<\/div>\n","protected":false},"excerpt":{"rendered":"<p>SKYWALKER coupe \u00e0 la main RAINBOW\/GOLD EDITION &#8220;Que la force soit avec toi&#8221;. -Encore une fois, nous n&#8217;avons pas l\u00e9sin\u00e9 sur les moyens, notre design de combinaison SKYWALKER est plus que r\u00e9ussi. &nbsp; La shisha \/ hookah \/ pipe \u00e0 eau pour la maison et les d\u00e9placements Gr\u00e2ce \u00e0 notre nouveau &amp; tube plongeur en [&hellip;]<\/p>\n","protected":false},"featured_media":619503,"comment_status":"open","ping_status":"closed","template":"","meta":[],"product_cat":[321,329,323],"product_tag":[],"yoast_head":"<!-- This site is optimized with the Yoast SEO plugin v22.5 - https:\/\/yoast.com\/wordpress\/plugins\/seo\/ -->\n<title>Shisha Skywalker Handcut RAINBOW\/ GOLD EDITION | Pipe \u00e0 eau<\/title>\n<meta name=\"description\" content=\"Shisha Skywalker Handcut RAINBOW\/ GOLD EDITION \u27a4 big ou shorty \u2713 Base acier inoxydable V2A \u2713 Closed Chamber Clicksystem \u2713 Plateau charbon de verre 26cm &quot; Handcut Bowl\" \/>\n<meta name=\"robots\" content=\"index, follow, max-snippet:-1, max-image-preview:large, max-video-preview:-1\" \/>\n<link rel=\"canonical\" href=\"https:\/\/alt.thehookah.de\/fr\/produkt\/skywalker-rainbow-gold-rosegold-edition-pince-dhonneur-en-verre\/\" \/>\n<meta property=\"og:locale\" content=\"fr_FR\" \/>\n<meta property=\"og:type\" content=\"article\" \/>\n<meta property=\"og:title\" content=\"Shisha Skywalker Handcut RAINBOW\/ GOLD EDITION | Pipe \u00e0 eau\" \/>\n<meta property=\"og:description\" content=\"Shisha Skywalker Handcut RAINBOW\/ GOLD EDITION \u27a4 big ou shorty \u2713 Base acier inoxydable V2A \u2713 Closed Chamber Clicksystem \u2713 Plateau charbon de verre 26cm &quot; Handcut Bowl\" \/>\n<meta property=\"og:url\" content=\"https:\/\/alt.thehookah.de\/fr\/produkt\/skywalker-rainbow-gold-rosegold-edition-pince-dhonneur-en-verre\/\" \/>\n<meta property=\"og:site_name\" content=\"The Hookah\" \/>\n<meta property=\"article:modified_time\" content=\"2023-11-26T16:31:43+00:00\" \/>\n<meta property=\"og:image\" content=\"https:\/\/alt.thehookah.de\/wp-content\/uploads\/2020\/01\/Skywalker.jpg\" \/>\n\t<meta property=\"og:image:width\" content=\"1600\" \/>\n\t<meta property=\"og:image:height\" content=\"1600\" \/>\n\t<meta property=\"og:image:type\" content=\"image\/jpeg\" \/>\n<meta name=\"twitter:card\" content=\"summary_large_image\" \/>\n<meta name=\"twitter:label1\" content=\"Disponibilit\u00e9\" \/>\n\t<meta name=\"twitter:data1\" content=\"En stock\" \/>\n<script type=\"application\/ld+json\" class=\"yoast-schema-graph\">{\"@context\":\"https:\/\/schema.org\",\"@graph\":[{\"@type\":\"WebPage\",\"@id\":\"https:\/\/alt.thehookah.de\/fr\/produkt\/skywalker-rainbow-gold-rosegold-edition-pince-dhonneur-en-verre\/\",\"url\":\"https:\/\/alt.thehookah.de\/fr\/produkt\/skywalker-rainbow-gold-rosegold-edition-pince-dhonneur-en-verre\/\",\"name\":\"Shisha Skywalker Handcut RAINBOW\/ GOLD EDITION | Pipe \u00e0 eau\",\"isPartOf\":{\"@id\":\"https:\/\/alt.thehookah.de\/fr\/#website\"},\"primaryImageOfPage\":{\"@id\":\"https:\/\/alt.thehookah.de\/fr\/produkt\/skywalker-rainbow-gold-rosegold-edition-pince-dhonneur-en-verre\/#primaryimage\"},\"image\":{\"@id\":\"https:\/\/alt.thehookah.de\/fr\/produkt\/skywalker-rainbow-gold-rosegold-edition-pince-dhonneur-en-verre\/#primaryimage\"},\"thumbnailUrl\":\"https:\/\/alt.thehookah.de\/wp-content\/uploads\/2020\/01\/Skywalker.jpg\",\"datePublished\":\"2020-01-10T18:21:14+00:00\",\"dateModified\":\"2023-11-26T16:31:43+00:00\",\"description\":\"Shisha Skywalker Handcut RAINBOW\/ GOLD EDITION \u27a4 big ou shorty \u2713 Base acier inoxydable V2A \u2713 Closed Chamber Clicksystem \u2713 Plateau charbon de verre 26cm \\\" Handcut Bowl\",\"breadcrumb\":{\"@id\":\"https:\/\/alt.thehookah.de\/fr\/produkt\/skywalker-rainbow-gold-rosegold-edition-pince-dhonneur-en-verre\/#breadcrumb\"},\"inLanguage\":\"fr-FR\",\"potentialAction\":[{\"@type\":\"ReadAction\",\"target\":[\"https:\/\/alt.thehookah.de\/fr\/produkt\/skywalker-rainbow-gold-rosegold-edition-pince-dhonneur-en-verre\/\"]}]},{\"@type\":\"ImageObject\",\"inLanguage\":\"fr-FR\",\"@id\":\"https:\/\/alt.thehookah.de\/fr\/produkt\/skywalker-rainbow-gold-rosegold-edition-pince-dhonneur-en-verre\/#primaryimage\",\"url\":\"https:\/\/alt.thehookah.de\/wp-content\/uploads\/2020\/01\/Skywalker.jpg\",\"contentUrl\":\"https:\/\/alt.thehookah.de\/wp-content\/uploads\/2020\/01\/Skywalker.jpg\",\"width\":1600,\"height\":1600},{\"@type\":\"BreadcrumbList\",\"@id\":\"https:\/\/alt.thehookah.de\/fr\/produkt\/skywalker-rainbow-gold-rosegold-edition-pince-dhonneur-en-verre\/#breadcrumb\",\"itemListElement\":[{\"@type\":\"ListItem\",\"position\":1,\"name\":\"Startseite\",\"item\":\"https:\/\/alt.thehookah.de\/fr\/\"},{\"@type\":\"ListItem\",\"position\":2,\"name\":\"Ta boutique en ligne HOOKAH\",\"item\":\"https:\/\/alt.thehookah.de\/fr\/ta-boutique-en-ligne-hookah\/\"},{\"@type\":\"ListItem\",\"position\":3,\"name\":\"SKYWALKER RAINBOW\/GOLD\/ROSEGOLD EDITION PINCE D&#8217;HONNEUR EN VERRE\"}]},{\"@type\":\"WebSite\",\"@id\":\"https:\/\/alt.thehookah.de\/fr\/#website\",\"url\":\"https:\/\/alt.thehookah.de\/fr\/\",\"name\":\"The Hookah\",\"description\":\"\",\"publisher\":{\"@id\":\"https:\/\/alt.thehookah.de\/fr\/#organization\"},\"potentialAction\":[{\"@type\":\"SearchAction\",\"target\":{\"@type\":\"EntryPoint\",\"urlTemplate\":\"https:\/\/alt.thehookah.de\/fr\/?s={search_term_string}\"},\"query-input\":\"required name=search_term_string\"}],\"inLanguage\":\"fr-FR\"},{\"@type\":\"Organization\",\"@id\":\"https:\/\/alt.thehookah.de\/fr\/#organization\",\"name\":\"The Hookah\",\"url\":\"https:\/\/alt.thehookah.de\/fr\/\",\"logo\":{\"@type\":\"ImageObject\",\"inLanguage\":\"fr-FR\",\"@id\":\"https:\/\/alt.thehookah.de\/fr\/#\/schema\/logo\/image\/\",\"url\":\"https:\/\/alt.thehookah.de\/wp-content\/uploads\/2021\/02\/cropped-logo2.png\",\"contentUrl\":\"https:\/\/alt.thehookah.de\/wp-content\/uploads\/2021\/02\/cropped-logo2.png\",\"width\":300,\"height\":86,\"caption\":\"The Hookah\"},\"image\":{\"@id\":\"https:\/\/alt.thehookah.de\/fr\/#\/schema\/logo\/image\/\"}}]}<\/script>\n<meta property=\"og:availability\" content=\"instock\" \/>\n<meta property=\"product:availability\" content=\"instock\" \/>\n<meta property=\"product:retailer_item_id\" content=\"SKYW2\" \/>\n<meta property=\"product:condition\" content=\"new\" \/>\n<!-- \/ Yoast SEO plugin. -->","yoast_head_json":{"title":"Shisha Skywalker Handcut RAINBOW\/ GOLD EDITION | Pipe \u00e0 eau","description":"Shisha Skywalker Handcut RAINBOW\/ GOLD EDITION \u27a4 big ou shorty \u2713 Base acier inoxydable V2A \u2713 Closed Chamber Clicksystem \u2713 Plateau charbon de verre 26cm \" Handcut Bowl","robots":{"index":"index","follow":"follow","max-snippet":"max-snippet:-1","max-image-preview":"max-image-preview:large","max-video-preview":"max-video-preview:-1"},"canonical":"https:\/\/alt.thehookah.de\/fr\/produkt\/skywalker-rainbow-gold-rosegold-edition-pince-dhonneur-en-verre\/","og_locale":"fr_FR","og_type":"article","og_title":"Shisha Skywalker Handcut RAINBOW\/ GOLD EDITION | Pipe \u00e0 eau","og_description":"Shisha Skywalker Handcut RAINBOW\/ GOLD EDITION \u27a4 big ou shorty \u2713 Base acier inoxydable V2A \u2713 Closed Chamber Clicksystem \u2713 Plateau charbon de verre 26cm \" Handcut Bowl","og_url":"https:\/\/alt.thehookah.de\/fr\/produkt\/skywalker-rainbow-gold-rosegold-edition-pince-dhonneur-en-verre\/","og_site_name":"The Hookah","article_modified_time":"2023-11-26T16:31:43+00:00","og_image":[{"width":1600,"height":1600,"url":"https:\/\/alt.thehookah.de\/wp-content\/uploads\/2020\/01\/Skywalker.jpg","type":"image\/jpeg"}],"twitter_card":"summary_large_image","twitter_misc":{"Disponibilit\u00e9":"En stock"},"schema":{"@context":"https:\/\/schema.org","@graph":[{"@type":"WebPage","@id":"https:\/\/alt.thehookah.de\/fr\/produkt\/skywalker-rainbow-gold-rosegold-edition-pince-dhonneur-en-verre\/","url":"https:\/\/alt.thehookah.de\/fr\/produkt\/skywalker-rainbow-gold-rosegold-edition-pince-dhonneur-en-verre\/","name":"Shisha Skywalker Handcut RAINBOW\/ GOLD EDITION | Pipe \u00e0 eau","isPartOf":{"@id":"https:\/\/alt.thehookah.de\/fr\/#website"},"primaryImageOfPage":{"@id":"https:\/\/alt.thehookah.de\/fr\/produkt\/skywalker-rainbow-gold-rosegold-edition-pince-dhonneur-en-verre\/#primaryimage"},"image":{"@id":"https:\/\/alt.thehookah.de\/fr\/produkt\/skywalker-rainbow-gold-rosegold-edition-pince-dhonneur-en-verre\/#primaryimage"},"thumbnailUrl":"https:\/\/alt.thehookah.de\/wp-content\/uploads\/2020\/01\/Skywalker.jpg","datePublished":"2020-01-10T18:21:14+00:00","dateModified":"2023-11-26T16:31:43+00:00","description":"Shisha Skywalker Handcut RAINBOW\/ GOLD EDITION \u27a4 big ou shorty \u2713 Base acier inoxydable V2A \u2713 Closed Chamber Clicksystem \u2713 Plateau charbon de verre 26cm \" Handcut Bowl","breadcrumb":{"@id":"https:\/\/alt.thehookah.de\/fr\/produkt\/skywalker-rainbow-gold-rosegold-edition-pince-dhonneur-en-verre\/#breadcrumb"},"inLanguage":"fr-FR","potentialAction":[{"@type":"ReadAction","target":["https:\/\/alt.thehookah.de\/fr\/produkt\/skywalker-rainbow-gold-rosegold-edition-pince-dhonneur-en-verre\/"]}]},{"@type":"ImageObject","inLanguage":"fr-FR","@id":"https:\/\/alt.thehookah.de\/fr\/produkt\/skywalker-rainbow-gold-rosegold-edition-pince-dhonneur-en-verre\/#primaryimage","url":"https:\/\/alt.thehookah.de\/wp-content\/uploads\/2020\/01\/Skywalker.jpg","contentUrl":"https:\/\/alt.thehookah.de\/wp-content\/uploads\/2020\/01\/Skywalker.jpg","width":1600,"height":1600},{"@type":"BreadcrumbList","@id":"https:\/\/alt.thehookah.de\/fr\/produkt\/skywalker-rainbow-gold-rosegold-edition-pince-dhonneur-en-verre\/#breadcrumb","itemListElement":[{"@type":"ListItem","position":1,"name":"Startseite","item":"https:\/\/alt.thehookah.de\/fr\/"},{"@type":"ListItem","position":2,"name":"Ta boutique en ligne HOOKAH","item":"https:\/\/alt.thehookah.de\/fr\/ta-boutique-en-ligne-hookah\/"},{"@type":"ListItem","position":3,"name":"SKYWALKER RAINBOW\/GOLD\/ROSEGOLD EDITION PINCE D&#8217;HONNEUR EN VERRE"}]},{"@type":"WebSite","@id":"https:\/\/alt.thehookah.de\/fr\/#website","url":"https:\/\/alt.thehookah.de\/fr\/","name":"The Hookah","description":"","publisher":{"@id":"https:\/\/alt.thehookah.de\/fr\/#organization"},"potentialAction":[{"@type":"SearchAction","target":{"@type":"EntryPoint","urlTemplate":"https:\/\/alt.thehookah.de\/fr\/?s={search_term_string}"},"query-input":"required name=search_term_string"}],"inLanguage":"fr-FR"},{"@type":"Organization","@id":"https:\/\/alt.thehookah.de\/fr\/#organization","name":"The Hookah","url":"https:\/\/alt.thehookah.de\/fr\/","logo":{"@type":"ImageObject","inLanguage":"fr-FR","@id":"https:\/\/alt.thehookah.de\/fr\/#\/schema\/logo\/image\/","url":"https:\/\/alt.thehookah.de\/wp-content\/uploads\/2021\/02\/cropped-logo2.png","contentUrl":"https:\/\/alt.thehookah.de\/wp-content\/uploads\/2021\/02\/cropped-logo2.png","width":300,"height":86,"caption":"The Hookah"},"image":{"@id":"https:\/\/alt.thehookah.de\/fr\/#\/schema\/logo\/image\/"}}]},"og_availability":"instock","product_availability":"instock","product_retailer_item_id":"SKYW2","product_condition":"new"},"_links":{"self":[{"href":"https:\/\/alt.thehookah.de\/fr\/wp-json\/wp\/v2\/product\/619471"}],"collection":[{"href":"https:\/\/alt.thehookah.de\/fr\/wp-json\/wp\/v2\/product"}],"about":[{"href":"https:\/\/alt.thehookah.de\/fr\/wp-json\/wp\/v2\/types\/product"}],"replies":[{"embeddable":true,"href":"https:\/\/alt.thehookah.de\/fr\/wp-json\/wp\/v2\/comments?post=619471"}],"wp:featuredmedia":[{"embeddable":true,"href":"https:\/\/alt.thehookah.de\/fr\/wp-json\/wp\/v2\/media\/619503"}],"wp:attachment":[{"href":"https:\/\/alt.thehookah.de\/fr\/wp-json\/wp\/v2\/media?parent=619471"}],"wp:term":[{"taxonomy":"product_cat","embeddable":true,"href":"https:\/\/alt.thehookah.de\/fr\/wp-json\/wp\/v2\/product_cat?post=619471"},{"taxonomy":"product_tag","embeddable":true,"href":"https:\/\/alt.thehookah.de\/fr\/wp-json\/wp\/v2\/product_tag?post=619471"}],"curies":[{"name":"wp","href":"https:\/\/api.w.org\/{rel}","templated":true}]}}