{"id":619504,"date":"2020-01-10T19:37:51","date_gmt":"2020-01-10T18:37:51","guid":{"rendered":"https:\/\/www.thehookah.de\/produkt\/4-four-gold-rainbow-rosegold-black-excalibur-edition-tete-de-verre-pince-dhonneur\/"},"modified":"2023-11-26T17:31:52","modified_gmt":"2023-11-26T16:31:52","slug":"4-four-gold-rainbow-rosegold-black-excalibur-edition-tete-de-verre-pince-dhonneur","status":"publish","type":"product","link":"https:\/\/alt.thehookah.de\/fr\/produkt\/4-four-gold-rainbow-rosegold-black-excalibur-edition-tete-de-verre-pince-dhonneur\/","title":{"rendered":"4 FOUR GOLD\/RAINBOW\/ROSEGOLD\/BLACK EXCALIBUR EDITION T\u00caTE DE VERRE PINCE D&#8217;HONNEUR"},"content":{"rendered":"<h2 style=\"text-align: center;\">THE HOOKAH<\/h2>\n<h2 style=\"text-align: center;\">4 QUATRE \u00c9DITION EXCALIBUR<\/h2>\n<h1 style=\"text-align: center;\">OR\/RAINBOW\/ROSEGOLD\/BLACK<\/h1>\n<h3 style=\"text-align: center;\"><\/h3>\n<h2><\/h2>\n<h2>&#8220;Excalibur &#8211; l&#8217;\u00e9p\u00e9e du roi Arthur &#8220;<\/h2>\n<h3>&#8211; THE HOOKAH propose avec EXCALIBUR la shisha des rois, cette pipe \u00e0 eau est tout simplement royale. Allie la modernit\u00e9 au design traditionnel.<\/h3>\n<p>&nbsp;<\/p>\n<p><strong>La shisha \/ hookah \/ pipe \u00e0 eau pour la maison et les d\u00e9placements<\/strong><\/p>\n<div><strong>Gr\u00e2ce \u00e0 notre nouveau &amp; tube plongeur en plusieurs parties en V2A, avec diffuseur d\u00e9vissable,<\/strong><\/div>\n<div><strong>vous pouvez maintenant d\u00e9terminer vous-m\u00eame la r\u00e9ponse de votre THE HOOKAH.<\/strong><\/div>\n<div>Dans la version courte, un comportement plus direct et dans la version longue, un comportement un peu plus indirect.<\/div>\n<div>Dans tous les cas, le diam\u00e8tre est dimensionn\u00e9 de mani\u00e8re \u00e0 ce que rien n&#8217;emp\u00eache une traction brutale.<\/div>\n<div><\/div>\n<div><\/div>\n<div>\n<h2>D\u00e9tails du produit<\/h2>\n<p><em><strong>EXCALIBUR  <\/strong><\/em><\/p>\n<p><em>Hauteur totale (jusqu&#8217;au plateau de charbon en acier inoxydable bross\u00e9) env. 61 cm avec collecteur de molasse<\/em><\/p>\n<p><em>Hauteur totale (jusqu&#8217;au plateau de charbon en acier inoxydable bross\u00e9) env. 51 cm sans collecteur de molasse<\/em><\/p>\n<p>&nbsp;<\/p>\n<ul>\n<li>Base en acier inoxydable V2A <strong>en GOLD\/RAINBOW\/ROSEGOLD<\/strong><\/li>\n<li><strong>Syst\u00e8me de clic \u00e0 chambre ferm\u00e9e<\/strong><\/li>\n<li>Acier inoxydable bross\u00e9 Assiette \u00e0 charbon 24cm<\/li>\n<li>EXCALIBUR Handcut Bowl (verre en cristal)<\/li>\n<\/ul>\n<p>&nbsp;<\/p>\n<h2>Contenu de la livraison<\/h2>\n<p>&nbsp;<\/p>\n<ul>\n<li><strong>1 x THE HOOKAH T\u00caTE DE VERRE incl. FIREBOX <\/strong><strong>en GOLD\/RAINBOW\/ROSEGOLD\/BLACK<\/strong><\/li>\n<li><strong>1 x acier inoxydable bross\u00e9 assiette \u00e0 charbon 24cm en GOLD\/RAINBOW\/ROSEGOLD\/BLACK<\/strong><\/li>\n<li><strong>1 x adaptateur pour taille de t\u00eate 18\/8 en GOLD\/RAINBOW\/ROSEGOLD\/BLACK<\/strong><\/li>\n<li><strong>1 x EXCALIBUR capteur de petit-lait en verre borosilicat\u00e9 18\/8<\/strong><\/li>\n<li><strong>1 x EXCALIBUR colonne de fum\u00e9e V2A en acier inoxydable GOLD\/RAINBOW\/ROSEGOLD\/BLACK<\/strong><\/li>\n<li><strong>4 x EXCALIBUR Base V2A en acier inoxydable GOLD\/RAINBOW\/ROSEGOLD\/BLACK<\/strong><\/li>\n<li><strong>4 x adaptateurs de tuyau 18\/8 en GOLD\/RAINBOW\/ROSEGOLD\/BLACK<\/strong><\/li>\n<li><strong>4 x embouts 18\/8 en GOLD\/RAINBOW\/ROSEGOLD\/BLACK<\/strong><\/li>\n<li><strong>4 x boules de verre <\/strong><\/li>\n<li><strong>1 x tube plongeur V2A en plusieurs parties pouvant \u00eatre raccourci &amp; rallong\u00e9 en GOLD\/RAINBOW\/ROSEGOLD\/BLACK<\/strong><\/li>\n<li><strong>1 x diffuseur d\u00e9vissable en GOLD\/RAINBOW\/ROSEGOLD\/BLACK<\/strong><\/li>\n<li><strong>1 x ressort de protection contre le pliage<\/strong><\/li>\n<li><strong>1 x tuyau en silicone noir mat <\/strong><\/li>\n<li><strong>1 x embout buccal &#8211; THE HOOKAH en GOLD\/RAINBOW\/ROSEGOLD\/BLACK<\/strong><\/li>\n<li><strong>1 x pince \u00e0 charbon EHRENZANG en GOLD\/RAINBOW\/ROSEGOLD\/BLACK<\/strong><\/li>\n<li><strong>1x EXCALIBUR Handcut verre en cristal souffl\u00e9 \u00e0 la bouche, taill\u00e9 &amp; poli \u00e0 la main<\/strong><\/li>\n<\/ul>\n<\/div>\n","protected":false},"excerpt":{"rendered":"<p>THE HOOKAH 4 QUATRE \u00c9DITION EXCALIBUR OR\/RAINBOW\/ROSEGOLD\/BLACK &#8220;Excalibur &#8211; l&#8217;\u00e9p\u00e9e du roi Arthur &#8220; &#8211; THE HOOKAH propose avec EXCALIBUR la shisha des rois, cette pipe \u00e0 eau est tout simplement royale. Allie la modernit\u00e9 au design traditionnel. &nbsp; La shisha \/ hookah \/ pipe \u00e0 eau pour la maison et les d\u00e9placements Gr\u00e2ce \u00e0 [&hellip;]<\/p>\n","protected":false},"featured_media":619539,"comment_status":"open","ping_status":"closed","template":"","meta":[],"product_cat":[321,329,323],"product_tag":[],"yoast_head":"<!-- This site is optimized with the Yoast SEO plugin v22.5 - https:\/\/yoast.com\/wordpress\/plugins\/seo\/ -->\n<title>Shisha 4 Four Excalibur Edition Gold\/ Rainbow | Acheter maintenant dans la boutique<\/title>\n<meta name=\"description\" content=\"Shisha 4 Four Excalibur Edition Gold\/ Rainbow \u27a4 la shisha \/ hookah \/ pipe \u00e0 eau pour la maison et les d\u00e9placements, \u00e0 d\u00e9couvrir d\u00e8s maintenant dans ton shisha shop !\" \/>\n<meta name=\"robots\" content=\"index, follow, max-snippet:-1, max-image-preview:large, max-video-preview:-1\" \/>\n<link rel=\"canonical\" href=\"https:\/\/alt.thehookah.de\/fr\/produkt\/4-four-gold-rainbow-rosegold-black-excalibur-edition-tete-de-verre-pince-dhonneur\/\" \/>\n<meta property=\"og:locale\" content=\"fr_FR\" \/>\n<meta property=\"og:type\" content=\"article\" \/>\n<meta property=\"og:title\" content=\"Shisha 4 Four Excalibur Edition Gold\/ Rainbow | Acheter maintenant dans la boutique\" \/>\n<meta property=\"og:description\" content=\"Shisha 4 Four Excalibur Edition Gold\/ Rainbow \u27a4 la shisha \/ hookah \/ pipe \u00e0 eau pour la maison et les d\u00e9placements, \u00e0 d\u00e9couvrir d\u00e8s maintenant dans ton shisha shop !\" \/>\n<meta property=\"og:url\" content=\"https:\/\/alt.thehookah.de\/fr\/produkt\/4-four-gold-rainbow-rosegold-black-excalibur-edition-tete-de-verre-pince-dhonneur\/\" \/>\n<meta property=\"og:site_name\" content=\"The Hookah\" \/>\n<meta property=\"article:modified_time\" content=\"2023-11-26T16:31:52+00:00\" \/>\n<meta property=\"og:image\" content=\"https:\/\/alt.thehookah.de\/wp-content\/uploads\/2020\/01\/excalibur4-neu3-1.jpg\" \/>\n\t<meta property=\"og:image:width\" content=\"1600\" \/>\n\t<meta property=\"og:image:height\" content=\"1600\" \/>\n\t<meta property=\"og:image:type\" content=\"image\/jpeg\" \/>\n<meta name=\"twitter:card\" content=\"summary_large_image\" \/>\n<meta name=\"twitter:label1\" content=\"Disponibilit\u00e9\" \/>\n\t<meta name=\"twitter:data1\" content=\"En stock\" \/>\n<script type=\"application\/ld+json\" class=\"yoast-schema-graph\">{\"@context\":\"https:\/\/schema.org\",\"@graph\":[{\"@type\":\"WebPage\",\"@id\":\"https:\/\/alt.thehookah.de\/fr\/produkt\/4-four-gold-rainbow-rosegold-black-excalibur-edition-tete-de-verre-pince-dhonneur\/\",\"url\":\"https:\/\/alt.thehookah.de\/fr\/produkt\/4-four-gold-rainbow-rosegold-black-excalibur-edition-tete-de-verre-pince-dhonneur\/\",\"name\":\"Shisha 4 Four Excalibur Edition Gold\/ Rainbow | Acheter maintenant dans la boutique\",\"isPartOf\":{\"@id\":\"https:\/\/alt.thehookah.de\/fr\/#website\"},\"primaryImageOfPage\":{\"@id\":\"https:\/\/alt.thehookah.de\/fr\/produkt\/4-four-gold-rainbow-rosegold-black-excalibur-edition-tete-de-verre-pince-dhonneur\/#primaryimage\"},\"image\":{\"@id\":\"https:\/\/alt.thehookah.de\/fr\/produkt\/4-four-gold-rainbow-rosegold-black-excalibur-edition-tete-de-verre-pince-dhonneur\/#primaryimage\"},\"thumbnailUrl\":\"https:\/\/alt.thehookah.de\/wp-content\/uploads\/2020\/01\/excalibur4-neu3-1.jpg\",\"datePublished\":\"2020-01-10T18:37:51+00:00\",\"dateModified\":\"2023-11-26T16:31:52+00:00\",\"description\":\"Shisha 4 Four Excalibur Edition Gold\/ Rainbow \u27a4 la shisha \/ hookah \/ pipe \u00e0 eau pour la maison et les d\u00e9placements, \u00e0 d\u00e9couvrir d\u00e8s maintenant dans ton shisha shop !\",\"breadcrumb\":{\"@id\":\"https:\/\/alt.thehookah.de\/fr\/produkt\/4-four-gold-rainbow-rosegold-black-excalibur-edition-tete-de-verre-pince-dhonneur\/#breadcrumb\"},\"inLanguage\":\"fr-FR\",\"potentialAction\":[{\"@type\":\"ReadAction\",\"target\":[\"https:\/\/alt.thehookah.de\/fr\/produkt\/4-four-gold-rainbow-rosegold-black-excalibur-edition-tete-de-verre-pince-dhonneur\/\"]}]},{\"@type\":\"ImageObject\",\"inLanguage\":\"fr-FR\",\"@id\":\"https:\/\/alt.thehookah.de\/fr\/produkt\/4-four-gold-rainbow-rosegold-black-excalibur-edition-tete-de-verre-pince-dhonneur\/#primaryimage\",\"url\":\"https:\/\/alt.thehookah.de\/wp-content\/uploads\/2020\/01\/excalibur4-neu3-1.jpg\",\"contentUrl\":\"https:\/\/alt.thehookah.de\/wp-content\/uploads\/2020\/01\/excalibur4-neu3-1.jpg\",\"width\":1600,\"height\":1600},{\"@type\":\"BreadcrumbList\",\"@id\":\"https:\/\/alt.thehookah.de\/fr\/produkt\/4-four-gold-rainbow-rosegold-black-excalibur-edition-tete-de-verre-pince-dhonneur\/#breadcrumb\",\"itemListElement\":[{\"@type\":\"ListItem\",\"position\":1,\"name\":\"Startseite\",\"item\":\"https:\/\/alt.thehookah.de\/fr\/\"},{\"@type\":\"ListItem\",\"position\":2,\"name\":\"Ta boutique en ligne HOOKAH\",\"item\":\"https:\/\/alt.thehookah.de\/fr\/ta-boutique-en-ligne-hookah\/\"},{\"@type\":\"ListItem\",\"position\":3,\"name\":\"4 FOUR GOLD\/RAINBOW\/ROSEGOLD\/BLACK EXCALIBUR EDITION T\u00caTE DE VERRE PINCE D&#8217;HONNEUR\"}]},{\"@type\":\"WebSite\",\"@id\":\"https:\/\/alt.thehookah.de\/fr\/#website\",\"url\":\"https:\/\/alt.thehookah.de\/fr\/\",\"name\":\"The Hookah\",\"description\":\"\",\"publisher\":{\"@id\":\"https:\/\/alt.thehookah.de\/fr\/#organization\"},\"potentialAction\":[{\"@type\":\"SearchAction\",\"target\":{\"@type\":\"EntryPoint\",\"urlTemplate\":\"https:\/\/alt.thehookah.de\/fr\/?s={search_term_string}\"},\"query-input\":\"required name=search_term_string\"}],\"inLanguage\":\"fr-FR\"},{\"@type\":\"Organization\",\"@id\":\"https:\/\/alt.thehookah.de\/fr\/#organization\",\"name\":\"The Hookah\",\"url\":\"https:\/\/alt.thehookah.de\/fr\/\",\"logo\":{\"@type\":\"ImageObject\",\"inLanguage\":\"fr-FR\",\"@id\":\"https:\/\/alt.thehookah.de\/fr\/#\/schema\/logo\/image\/\",\"url\":\"https:\/\/alt.thehookah.de\/wp-content\/uploads\/2021\/02\/cropped-logo2.png\",\"contentUrl\":\"https:\/\/alt.thehookah.de\/wp-content\/uploads\/2021\/02\/cropped-logo2.png\",\"width\":300,\"height\":86,\"caption\":\"The Hookah\"},\"image\":{\"@id\":\"https:\/\/alt.thehookah.de\/fr\/#\/schema\/logo\/image\/\"}}]}<\/script>\n<meta property=\"og:availability\" content=\"instock\" \/>\n<meta property=\"product:availability\" content=\"instock\" \/>\n<meta property=\"product:retailer_item_id\" content=\"EXCALIBUR4\" \/>\n<meta property=\"product:condition\" content=\"new\" \/>\n<!-- \/ Yoast SEO plugin. -->","yoast_head_json":{"title":"Shisha 4 Four Excalibur Edition Gold\/ Rainbow | Acheter maintenant dans la boutique","description":"Shisha 4 Four Excalibur Edition Gold\/ Rainbow \u27a4 la shisha \/ hookah \/ pipe \u00e0 eau pour la maison et les d\u00e9placements, \u00e0 d\u00e9couvrir d\u00e8s maintenant dans ton shisha shop !","robots":{"index":"index","follow":"follow","max-snippet":"max-snippet:-1","max-image-preview":"max-image-preview:large","max-video-preview":"max-video-preview:-1"},"canonical":"https:\/\/alt.thehookah.de\/fr\/produkt\/4-four-gold-rainbow-rosegold-black-excalibur-edition-tete-de-verre-pince-dhonneur\/","og_locale":"fr_FR","og_type":"article","og_title":"Shisha 4 Four Excalibur Edition Gold\/ Rainbow | Acheter maintenant dans la boutique","og_description":"Shisha 4 Four Excalibur Edition Gold\/ Rainbow \u27a4 la shisha \/ hookah \/ pipe \u00e0 eau pour la maison et les d\u00e9placements, \u00e0 d\u00e9couvrir d\u00e8s maintenant dans ton shisha shop !","og_url":"https:\/\/alt.thehookah.de\/fr\/produkt\/4-four-gold-rainbow-rosegold-black-excalibur-edition-tete-de-verre-pince-dhonneur\/","og_site_name":"The Hookah","article_modified_time":"2023-11-26T16:31:52+00:00","og_image":[{"width":1600,"height":1600,"url":"https:\/\/alt.thehookah.de\/wp-content\/uploads\/2020\/01\/excalibur4-neu3-1.jpg","type":"image\/jpeg"}],"twitter_card":"summary_large_image","twitter_misc":{"Disponibilit\u00e9":"En stock"},"schema":{"@context":"https:\/\/schema.org","@graph":[{"@type":"WebPage","@id":"https:\/\/alt.thehookah.de\/fr\/produkt\/4-four-gold-rainbow-rosegold-black-excalibur-edition-tete-de-verre-pince-dhonneur\/","url":"https:\/\/alt.thehookah.de\/fr\/produkt\/4-four-gold-rainbow-rosegold-black-excalibur-edition-tete-de-verre-pince-dhonneur\/","name":"Shisha 4 Four Excalibur Edition Gold\/ Rainbow | Acheter maintenant dans la boutique","isPartOf":{"@id":"https:\/\/alt.thehookah.de\/fr\/#website"},"primaryImageOfPage":{"@id":"https:\/\/alt.thehookah.de\/fr\/produkt\/4-four-gold-rainbow-rosegold-black-excalibur-edition-tete-de-verre-pince-dhonneur\/#primaryimage"},"image":{"@id":"https:\/\/alt.thehookah.de\/fr\/produkt\/4-four-gold-rainbow-rosegold-black-excalibur-edition-tete-de-verre-pince-dhonneur\/#primaryimage"},"thumbnailUrl":"https:\/\/alt.thehookah.de\/wp-content\/uploads\/2020\/01\/excalibur4-neu3-1.jpg","datePublished":"2020-01-10T18:37:51+00:00","dateModified":"2023-11-26T16:31:52+00:00","description":"Shisha 4 Four Excalibur Edition Gold\/ Rainbow \u27a4 la shisha \/ hookah \/ pipe \u00e0 eau pour la maison et les d\u00e9placements, \u00e0 d\u00e9couvrir d\u00e8s maintenant dans ton shisha shop !","breadcrumb":{"@id":"https:\/\/alt.thehookah.de\/fr\/produkt\/4-four-gold-rainbow-rosegold-black-excalibur-edition-tete-de-verre-pince-dhonneur\/#breadcrumb"},"inLanguage":"fr-FR","potentialAction":[{"@type":"ReadAction","target":["https:\/\/alt.thehookah.de\/fr\/produkt\/4-four-gold-rainbow-rosegold-black-excalibur-edition-tete-de-verre-pince-dhonneur\/"]}]},{"@type":"ImageObject","inLanguage":"fr-FR","@id":"https:\/\/alt.thehookah.de\/fr\/produkt\/4-four-gold-rainbow-rosegold-black-excalibur-edition-tete-de-verre-pince-dhonneur\/#primaryimage","url":"https:\/\/alt.thehookah.de\/wp-content\/uploads\/2020\/01\/excalibur4-neu3-1.jpg","contentUrl":"https:\/\/alt.thehookah.de\/wp-content\/uploads\/2020\/01\/excalibur4-neu3-1.jpg","width":1600,"height":1600},{"@type":"BreadcrumbList","@id":"https:\/\/alt.thehookah.de\/fr\/produkt\/4-four-gold-rainbow-rosegold-black-excalibur-edition-tete-de-verre-pince-dhonneur\/#breadcrumb","itemListElement":[{"@type":"ListItem","position":1,"name":"Startseite","item":"https:\/\/alt.thehookah.de\/fr\/"},{"@type":"ListItem","position":2,"name":"Ta boutique en ligne HOOKAH","item":"https:\/\/alt.thehookah.de\/fr\/ta-boutique-en-ligne-hookah\/"},{"@type":"ListItem","position":3,"name":"4 FOUR GOLD\/RAINBOW\/ROSEGOLD\/BLACK EXCALIBUR EDITION T\u00caTE DE VERRE PINCE D&#8217;HONNEUR"}]},{"@type":"WebSite","@id":"https:\/\/alt.thehookah.de\/fr\/#website","url":"https:\/\/alt.thehookah.de\/fr\/","name":"The Hookah","description":"","publisher":{"@id":"https:\/\/alt.thehookah.de\/fr\/#organization"},"potentialAction":[{"@type":"SearchAction","target":{"@type":"EntryPoint","urlTemplate":"https:\/\/alt.thehookah.de\/fr\/?s={search_term_string}"},"query-input":"required name=search_term_string"}],"inLanguage":"fr-FR"},{"@type":"Organization","@id":"https:\/\/alt.thehookah.de\/fr\/#organization","name":"The Hookah","url":"https:\/\/alt.thehookah.de\/fr\/","logo":{"@type":"ImageObject","inLanguage":"fr-FR","@id":"https:\/\/alt.thehookah.de\/fr\/#\/schema\/logo\/image\/","url":"https:\/\/alt.thehookah.de\/wp-content\/uploads\/2021\/02\/cropped-logo2.png","contentUrl":"https:\/\/alt.thehookah.de\/wp-content\/uploads\/2021\/02\/cropped-logo2.png","width":300,"height":86,"caption":"The Hookah"},"image":{"@id":"https:\/\/alt.thehookah.de\/fr\/#\/schema\/logo\/image\/"}}]},"og_availability":"instock","product_availability":"instock","product_retailer_item_id":"EXCALIBUR4","product_condition":"new"},"_links":{"self":[{"href":"https:\/\/alt.thehookah.de\/fr\/wp-json\/wp\/v2\/product\/619504"}],"collection":[{"href":"https:\/\/alt.thehookah.de\/fr\/wp-json\/wp\/v2\/product"}],"about":[{"href":"https:\/\/alt.thehookah.de\/fr\/wp-json\/wp\/v2\/types\/product"}],"replies":[{"embeddable":true,"href":"https:\/\/alt.thehookah.de\/fr\/wp-json\/wp\/v2\/comments?post=619504"}],"wp:featuredmedia":[{"embeddable":true,"href":"https:\/\/alt.thehookah.de\/fr\/wp-json\/wp\/v2\/media\/619539"}],"wp:attachment":[{"href":"https:\/\/alt.thehookah.de\/fr\/wp-json\/wp\/v2\/media?parent=619504"}],"wp:term":[{"taxonomy":"product_cat","embeddable":true,"href":"https:\/\/alt.thehookah.de\/fr\/wp-json\/wp\/v2\/product_cat?post=619504"},{"taxonomy":"product_tag","embeddable":true,"href":"https:\/\/alt.thehookah.de\/fr\/wp-json\/wp\/v2\/product_tag?post=619504"}],"curies":[{"name":"wp","href":"https:\/\/api.w.org\/{rel}","templated":true}]}}