{"id":619586,"date":"2019-12-24T10:41:05","date_gmt":"2019-12-24T09:41:05","guid":{"rendered":"https:\/\/www.thehookah.de\/produkt\/pince-dhonneur-rainbow-v2a-acier-inoxydable-the-hookah\/"},"modified":"2019-12-24T10:41:05","modified_gmt":"2019-12-24T09:41:05","slug":"pince-dhonneur-rainbow-v2a-acier-inoxydable-the-hookah","status":"publish","type":"product","link":"https:\/\/alt.thehookah.de\/fr\/produkt\/pince-dhonneur-rainbow-v2a-acier-inoxydable-the-hookah\/","title":{"rendered":"PINCE D&#8217;HONNEUR RAINBOW V2A ACIER INOXYDABLE &#8211; THE HOOKAH"},"content":{"rendered":"<h2><strong>PINCE D&#8217;HONNEUR THE HOOKAH RAINBOW EDITION<\/strong><\/h2>\n<p>&nbsp;<\/p>\n<ul>\n<li><strong>Notre pince d&#8217;honneur \/ pince \u00e0 charbon  <\/strong><\/li>\n<li><strong>env. 20cm tr\u00e8s massif en acier inoxydable V2A extr\u00eamement robuste<\/strong><\/li>\n<\/ul>\n<p>&nbsp;<\/p>\n<p>&nbsp;<\/p>\n<ul>\n<li>Remarque : peut pr\u00e9senter des traces de fabrication et de transport .<\/li>\n<\/ul>\n","protected":false},"excerpt":{"rendered":"<p>PINCE D&#8217;HONNEUR THE HOOKAH RAINBOW EDITION &nbsp; Notre pince d&#8217;honneur \/ pince \u00e0 charbon env. 20cm tr\u00e8s massif en acier inoxydable V2A extr\u00eamement robuste &nbsp; &nbsp; Remarque : peut pr\u00e9senter des traces de fabrication et de transport .<\/p>\n","protected":false},"featured_media":604126,"comment_status":"open","ping_status":"closed","template":"","meta":[],"product_cat":[310,352,348],"product_tag":[],"yoast_head":"<!-- This site is optimized with the Yoast SEO plugin v22.5 - https:\/\/yoast.com\/wordpress\/plugins\/seo\/ -->\n<title>Pince \u00e0 chicha Rainbow en acier inoxydable V2A - THE HOOKAH<\/title>\n<meta name=\"description\" content=\"Pince \u00e0 shisha Pince d&#039;honneur Rainbow acier inoxydable V2A - THE HOOKAH \u27a4 Notre pince d&#039;honneur\/ pince \u00e0 charbon &quot; environ 20cm tr\u00e8s massive en acier inoxydable V2A &quot; extr\u00eamement robuste !\" \/>\n<meta name=\"robots\" content=\"index, follow, max-snippet:-1, max-image-preview:large, max-video-preview:-1\" \/>\n<link rel=\"canonical\" href=\"https:\/\/alt.thehookah.de\/fr\/produkt\/pince-dhonneur-rainbow-v2a-acier-inoxydable-the-hookah\/\" \/>\n<meta property=\"og:locale\" content=\"fr_FR\" \/>\n<meta property=\"og:type\" content=\"article\" \/>\n<meta property=\"og:title\" content=\"Pince \u00e0 chicha Rainbow en acier inoxydable V2A - THE HOOKAH\" \/>\n<meta property=\"og:description\" content=\"Pince \u00e0 shisha Pince d&#039;honneur Rainbow acier inoxydable V2A - THE HOOKAH \u27a4 Notre pince d&#039;honneur\/ pince \u00e0 charbon &quot; environ 20cm tr\u00e8s massive en acier inoxydable V2A &quot; extr\u00eamement robuste !\" \/>\n<meta property=\"og:url\" content=\"https:\/\/alt.thehookah.de\/fr\/produkt\/pince-dhonneur-rainbow-v2a-acier-inoxydable-the-hookah\/\" \/>\n<meta property=\"og:site_name\" content=\"The Hookah\" \/>\n<meta property=\"og:image\" content=\"https:\/\/alt.thehookah.de\/wp-content\/uploads\/2019\/12\/ehrenzangerainbow-1.jpg\" \/>\n\t<meta property=\"og:image:width\" content=\"2000\" \/>\n\t<meta property=\"og:image:height\" content=\"2001\" \/>\n\t<meta property=\"og:image:type\" content=\"image\/jpeg\" \/>\n<meta name=\"twitter:card\" content=\"summary_large_image\" \/>\n<meta name=\"twitter:label1\" content=\"Prix\" \/>\n\t<meta name=\"twitter:data1\" content=\"9,99&nbsp;&euro;\" \/>\n\t<meta name=\"twitter:label2\" content=\"Disponibilit\u00e9\" \/>\n\t<meta name=\"twitter:data2\" content=\"En stock\" \/>\n<script type=\"application\/ld+json\" class=\"yoast-schema-graph\">{\"@context\":\"https:\/\/schema.org\",\"@graph\":[{\"@type\":\"WebPage\",\"@id\":\"https:\/\/alt.thehookah.de\/fr\/produkt\/pince-dhonneur-rainbow-v2a-acier-inoxydable-the-hookah\/\",\"url\":\"https:\/\/alt.thehookah.de\/fr\/produkt\/pince-dhonneur-rainbow-v2a-acier-inoxydable-the-hookah\/\",\"name\":\"Pince \u00e0 chicha Rainbow en acier inoxydable V2A - THE HOOKAH\",\"isPartOf\":{\"@id\":\"https:\/\/alt.thehookah.de\/fr\/#website\"},\"primaryImageOfPage\":{\"@id\":\"https:\/\/alt.thehookah.de\/fr\/produkt\/pince-dhonneur-rainbow-v2a-acier-inoxydable-the-hookah\/#primaryimage\"},\"image\":{\"@id\":\"https:\/\/alt.thehookah.de\/fr\/produkt\/pince-dhonneur-rainbow-v2a-acier-inoxydable-the-hookah\/#primaryimage\"},\"thumbnailUrl\":\"https:\/\/alt.thehookah.de\/wp-content\/uploads\/2019\/12\/ehrenzangerainbow-1.jpg\",\"datePublished\":\"2019-12-24T09:41:05+00:00\",\"dateModified\":\"2019-12-24T09:41:05+00:00\",\"description\":\"Pince \u00e0 shisha Pince d'honneur Rainbow acier inoxydable V2A - THE HOOKAH \u27a4 Notre pince d'honneur\/ pince \u00e0 charbon \\\" environ 20cm tr\u00e8s massive en acier inoxydable V2A \\\" extr\u00eamement robuste !\",\"breadcrumb\":{\"@id\":\"https:\/\/alt.thehookah.de\/fr\/produkt\/pince-dhonneur-rainbow-v2a-acier-inoxydable-the-hookah\/#breadcrumb\"},\"inLanguage\":\"fr-FR\",\"potentialAction\":[{\"@type\":\"ReadAction\",\"target\":[\"https:\/\/alt.thehookah.de\/fr\/produkt\/pince-dhonneur-rainbow-v2a-acier-inoxydable-the-hookah\/\"]}]},{\"@type\":\"ImageObject\",\"inLanguage\":\"fr-FR\",\"@id\":\"https:\/\/alt.thehookah.de\/fr\/produkt\/pince-dhonneur-rainbow-v2a-acier-inoxydable-the-hookah\/#primaryimage\",\"url\":\"https:\/\/alt.thehookah.de\/wp-content\/uploads\/2019\/12\/ehrenzangerainbow-1.jpg\",\"contentUrl\":\"https:\/\/alt.thehookah.de\/wp-content\/uploads\/2019\/12\/ehrenzangerainbow-1.jpg\",\"width\":2000,\"height\":2001,\"caption\":\"PINCE D'HONNEUR RAINBOW- THE HOOKAH\"},{\"@type\":\"BreadcrumbList\",\"@id\":\"https:\/\/alt.thehookah.de\/fr\/produkt\/pince-dhonneur-rainbow-v2a-acier-inoxydable-the-hookah\/#breadcrumb\",\"itemListElement\":[{\"@type\":\"ListItem\",\"position\":1,\"name\":\"Startseite\",\"item\":\"https:\/\/alt.thehookah.de\/fr\/\"},{\"@type\":\"ListItem\",\"position\":2,\"name\":\"Ta boutique en ligne HOOKAH\",\"item\":\"https:\/\/alt.thehookah.de\/fr\/ta-boutique-en-ligne-hookah\/\"},{\"@type\":\"ListItem\",\"position\":3,\"name\":\"PINCE D&#8217;HONNEUR RAINBOW V2A ACIER INOXYDABLE &#8211; THE HOOKAH\"}]},{\"@type\":\"WebSite\",\"@id\":\"https:\/\/alt.thehookah.de\/fr\/#website\",\"url\":\"https:\/\/alt.thehookah.de\/fr\/\",\"name\":\"The Hookah\",\"description\":\"\",\"publisher\":{\"@id\":\"https:\/\/alt.thehookah.de\/fr\/#organization\"},\"potentialAction\":[{\"@type\":\"SearchAction\",\"target\":{\"@type\":\"EntryPoint\",\"urlTemplate\":\"https:\/\/alt.thehookah.de\/fr\/?s={search_term_string}\"},\"query-input\":\"required name=search_term_string\"}],\"inLanguage\":\"fr-FR\"},{\"@type\":\"Organization\",\"@id\":\"https:\/\/alt.thehookah.de\/fr\/#organization\",\"name\":\"The Hookah\",\"url\":\"https:\/\/alt.thehookah.de\/fr\/\",\"logo\":{\"@type\":\"ImageObject\",\"inLanguage\":\"fr-FR\",\"@id\":\"https:\/\/alt.thehookah.de\/fr\/#\/schema\/logo\/image\/\",\"url\":\"https:\/\/alt.thehookah.de\/wp-content\/uploads\/2021\/02\/cropped-logo2.png\",\"contentUrl\":\"https:\/\/alt.thehookah.de\/wp-content\/uploads\/2021\/02\/cropped-logo2.png\",\"width\":300,\"height\":86,\"caption\":\"The Hookah\"},\"image\":{\"@id\":\"https:\/\/alt.thehookah.de\/fr\/#\/schema\/logo\/image\/\"}}]}<\/script>\n<meta property=\"product:price:amount\" content=\"9.99\" \/>\n<meta property=\"product:price:currency\" content=\"EUR\" \/>\n<meta property=\"og:availability\" content=\"instock\" \/>\n<meta property=\"product:availability\" content=\"instock\" \/>\n<meta property=\"product:retailer_item_id\" content=\"EHRENZANGERAINBOW1\" \/>\n<meta property=\"product:condition\" content=\"new\" \/>\n<!-- \/ Yoast SEO plugin. -->","yoast_head_json":{"title":"Pince \u00e0 chicha Rainbow en acier inoxydable V2A - THE HOOKAH","description":"Pince \u00e0 shisha Pince d'honneur Rainbow acier inoxydable V2A - THE HOOKAH \u27a4 Notre pince d'honneur\/ pince \u00e0 charbon \" environ 20cm tr\u00e8s massive en acier inoxydable V2A \" extr\u00eamement robuste !","robots":{"index":"index","follow":"follow","max-snippet":"max-snippet:-1","max-image-preview":"max-image-preview:large","max-video-preview":"max-video-preview:-1"},"canonical":"https:\/\/alt.thehookah.de\/fr\/produkt\/pince-dhonneur-rainbow-v2a-acier-inoxydable-the-hookah\/","og_locale":"fr_FR","og_type":"article","og_title":"Pince \u00e0 chicha Rainbow en acier inoxydable V2A - THE HOOKAH","og_description":"Pince \u00e0 shisha Pince d'honneur Rainbow acier inoxydable V2A - THE HOOKAH \u27a4 Notre pince d'honneur\/ pince \u00e0 charbon \" environ 20cm tr\u00e8s massive en acier inoxydable V2A \" extr\u00eamement robuste !","og_url":"https:\/\/alt.thehookah.de\/fr\/produkt\/pince-dhonneur-rainbow-v2a-acier-inoxydable-the-hookah\/","og_site_name":"The Hookah","og_image":[{"width":2000,"height":2001,"url":"https:\/\/alt.thehookah.de\/wp-content\/uploads\/2019\/12\/ehrenzangerainbow-1.jpg","type":"image\/jpeg"}],"twitter_card":"summary_large_image","twitter_misc":{"Prix":"9,99&nbsp;&euro;","Disponibilit\u00e9":"En stock"},"schema":{"@context":"https:\/\/schema.org","@graph":[{"@type":"WebPage","@id":"https:\/\/alt.thehookah.de\/fr\/produkt\/pince-dhonneur-rainbow-v2a-acier-inoxydable-the-hookah\/","url":"https:\/\/alt.thehookah.de\/fr\/produkt\/pince-dhonneur-rainbow-v2a-acier-inoxydable-the-hookah\/","name":"Pince \u00e0 chicha Rainbow en acier inoxydable V2A - THE HOOKAH","isPartOf":{"@id":"https:\/\/alt.thehookah.de\/fr\/#website"},"primaryImageOfPage":{"@id":"https:\/\/alt.thehookah.de\/fr\/produkt\/pince-dhonneur-rainbow-v2a-acier-inoxydable-the-hookah\/#primaryimage"},"image":{"@id":"https:\/\/alt.thehookah.de\/fr\/produkt\/pince-dhonneur-rainbow-v2a-acier-inoxydable-the-hookah\/#primaryimage"},"thumbnailUrl":"https:\/\/alt.thehookah.de\/wp-content\/uploads\/2019\/12\/ehrenzangerainbow-1.jpg","datePublished":"2019-12-24T09:41:05+00:00","dateModified":"2019-12-24T09:41:05+00:00","description":"Pince \u00e0 shisha Pince d'honneur Rainbow acier inoxydable V2A - THE HOOKAH \u27a4 Notre pince d'honneur\/ pince \u00e0 charbon \" environ 20cm tr\u00e8s massive en acier inoxydable V2A \" extr\u00eamement robuste !","breadcrumb":{"@id":"https:\/\/alt.thehookah.de\/fr\/produkt\/pince-dhonneur-rainbow-v2a-acier-inoxydable-the-hookah\/#breadcrumb"},"inLanguage":"fr-FR","potentialAction":[{"@type":"ReadAction","target":["https:\/\/alt.thehookah.de\/fr\/produkt\/pince-dhonneur-rainbow-v2a-acier-inoxydable-the-hookah\/"]}]},{"@type":"ImageObject","inLanguage":"fr-FR","@id":"https:\/\/alt.thehookah.de\/fr\/produkt\/pince-dhonneur-rainbow-v2a-acier-inoxydable-the-hookah\/#primaryimage","url":"https:\/\/alt.thehookah.de\/wp-content\/uploads\/2019\/12\/ehrenzangerainbow-1.jpg","contentUrl":"https:\/\/alt.thehookah.de\/wp-content\/uploads\/2019\/12\/ehrenzangerainbow-1.jpg","width":2000,"height":2001,"caption":"PINCE D'HONNEUR RAINBOW- THE HOOKAH"},{"@type":"BreadcrumbList","@id":"https:\/\/alt.thehookah.de\/fr\/produkt\/pince-dhonneur-rainbow-v2a-acier-inoxydable-the-hookah\/#breadcrumb","itemListElement":[{"@type":"ListItem","position":1,"name":"Startseite","item":"https:\/\/alt.thehookah.de\/fr\/"},{"@type":"ListItem","position":2,"name":"Ta boutique en ligne HOOKAH","item":"https:\/\/alt.thehookah.de\/fr\/ta-boutique-en-ligne-hookah\/"},{"@type":"ListItem","position":3,"name":"PINCE D&#8217;HONNEUR RAINBOW V2A ACIER INOXYDABLE &#8211; THE HOOKAH"}]},{"@type":"WebSite","@id":"https:\/\/alt.thehookah.de\/fr\/#website","url":"https:\/\/alt.thehookah.de\/fr\/","name":"The Hookah","description":"","publisher":{"@id":"https:\/\/alt.thehookah.de\/fr\/#organization"},"potentialAction":[{"@type":"SearchAction","target":{"@type":"EntryPoint","urlTemplate":"https:\/\/alt.thehookah.de\/fr\/?s={search_term_string}"},"query-input":"required name=search_term_string"}],"inLanguage":"fr-FR"},{"@type":"Organization","@id":"https:\/\/alt.thehookah.de\/fr\/#organization","name":"The Hookah","url":"https:\/\/alt.thehookah.de\/fr\/","logo":{"@type":"ImageObject","inLanguage":"fr-FR","@id":"https:\/\/alt.thehookah.de\/fr\/#\/schema\/logo\/image\/","url":"https:\/\/alt.thehookah.de\/wp-content\/uploads\/2021\/02\/cropped-logo2.png","contentUrl":"https:\/\/alt.thehookah.de\/wp-content\/uploads\/2021\/02\/cropped-logo2.png","width":300,"height":86,"caption":"The Hookah"},"image":{"@id":"https:\/\/alt.thehookah.de\/fr\/#\/schema\/logo\/image\/"}}]},"product_price_amount":"9.99","product_price_currency":"EUR","og_availability":"instock","product_availability":"instock","product_retailer_item_id":"EHRENZANGERAINBOW1","product_condition":"new"},"_links":{"self":[{"href":"https:\/\/alt.thehookah.de\/fr\/wp-json\/wp\/v2\/product\/619586"}],"collection":[{"href":"https:\/\/alt.thehookah.de\/fr\/wp-json\/wp\/v2\/product"}],"about":[{"href":"https:\/\/alt.thehookah.de\/fr\/wp-json\/wp\/v2\/types\/product"}],"replies":[{"embeddable":true,"href":"https:\/\/alt.thehookah.de\/fr\/wp-json\/wp\/v2\/comments?post=619586"}],"wp:featuredmedia":[{"embeddable":true,"href":"https:\/\/alt.thehookah.de\/fr\/wp-json\/wp\/v2\/media\/604126"}],"wp:attachment":[{"href":"https:\/\/alt.thehookah.de\/fr\/wp-json\/wp\/v2\/media?parent=619586"}],"wp:term":[{"taxonomy":"product_cat","embeddable":true,"href":"https:\/\/alt.thehookah.de\/fr\/wp-json\/wp\/v2\/product_cat?post=619586"},{"taxonomy":"product_tag","embeddable":true,"href":"https:\/\/alt.thehookah.de\/fr\/wp-json\/wp\/v2\/product_tag?post=619586"}],"curies":[{"name":"wp","href":"https:\/\/api.w.org\/{rel}","templated":true}]}}