{"id":619696,"date":"2019-11-27T22:36:17","date_gmt":"2019-11-27T21:36:17","guid":{"rendered":"https:\/\/www.thehookah.de\/produkt\/mc-fly-black-grey-pink-blue-edition-boucle-dhonneur\/"},"modified":"2019-11-27T22:36:17","modified_gmt":"2019-11-27T21:36:17","slug":"mc-fly-black-grey-pink-blue-edition-boucle-dhonneur","status":"publish","type":"product","link":"https:\/\/alt.thehookah.de\/fr\/produkt\/mc-fly-black-grey-pink-blue-edition-boucle-dhonneur\/","title":{"rendered":"MC FLY Black\/Grey\/Pink\/Blue Edition BOUCLE D&#8217;HONNEUR"},"content":{"rendered":"<p>&nbsp;<\/p>\n<h2><strong>MC FLY en \u00e9dition Black\/Grey\/Pink\/Blue  <\/strong><\/h2>\n<ul>\n<li>\n<h2><strong>Notre Alu The Hookah \/ Shisha<\/strong><\/h2>\n<\/li>\n<li>\n<h2>Aluminium anodis\u00e9<\/h2>\n<\/li>\n<li>\n<h2><strong>Pince d&#8217;honneur<\/strong><\/h2>\n<\/li>\n<\/ul>\n<p>&nbsp;<\/p>\n<p><strong>&#8220;On ne croit pas cela possible ! Et voil\u00e0 que tu me pr\u00eates ta voiture sans me pr\u00e9venir qu&#8217;elle a un angle mort&#8221; ! &#8211; Retour vers le futur  <\/strong><\/p>\n<p>&nbsp;<\/p>\n<div><strong>Gr\u00e2ce \u00e0 notre nouveau tube plongeur en plusieurs parties, avec diffuseur d\u00e9vissable,<\/strong><\/div>\n<div><strong>vous pouvez maintenant d\u00e9terminer vous-m\u00eame la r\u00e9ponse de votre THE HOOKAH.<\/strong><\/div>\n<div>Dans la version courte, un comportement plus direct et dans la version longue, un comportement un peu plus indirect.<\/div>\n<div>Dans tous les cas, le diam\u00e8tre est dimensionn\u00e9 de mani\u00e8re \u00e0 ce que rien n&#8217;emp\u00eache une traction brutale.<\/div>\n<div><\/div>\n<p>Hauteur totale ( jusqu&#8217;au plateau de charbon ) env. 70 cm avec le pi\u00e8ge \u00e0 molasse<\/p>\n<p>Hauteur totale ( jusqu&#8217;au plateau de charbon ) env. 60 cm sans collecteur de molasse<\/p>\n<ul>\n<li>Base ALU<\/li>\n<li>Chambre ferm\u00e9e \/ syst\u00e8me \u00e0 clic<\/li>\n<li>Assiette \u00e0 charbon ALU 24cm<\/li>\n<\/ul>\n<p>&nbsp;<\/p>\n<h2>Contenu de la livraison<\/h2>\n<ul>\n<li>1 x ALU anodis\u00e9 Black\/Grey\/Pink\/Blue Edition ALU Black Edition bross\u00e9<\/li>\n<li>1 x adaptateur de coupe de t\u00eate ALU anodis\u00e9 Black\/Grey\/Pink\/Blue Edition 18\/8<\/li>\n<li>1 x colonne de fum\u00e9e anodis\u00e9e ALU Black\/Grey\/Pink\/Blue Edition<\/li>\n<li>1 x Base ALU anodis\u00e9 Black\/Grey\/Pink\/Blue Edition<b><\/b><\/li>\n<li>1x Skywalker 18\/8 capteur de molasse<\/li>\n<li>4 x manchons avec six pans creux<\/li>\n<li>4 x adaptateurs de tuyaux 18\/8 <b><\/b><\/li>\n<li>4 x embouts 18\/8 <b><\/b><\/li>\n<li>1 x ressort de protection contre le pliage<\/li>\n<li>4 x boules de verre<\/li>\n<li>1 x tube plongeur anodis\u00e9 ALUBlack\/Grey\/Pink\/Blue Edition <strong>divisible<\/strong><\/li>\n<li>1 x diffuseur d\u00e9vissable  <b><\/b><\/li>\n<li>1 x tuyau en silicone noir mat \/ gris mat \/ rose mat \/ bleu mat<\/li>\n<li>1 x t\u00eate d&#8217;argile avec chemin\u00e9e<\/li>\n<li>1x <strong>pince d&#8217;honneur<\/strong> <\/li>\n<li>1 x embout anodis\u00e9 ALU Black\/Grey\/Pink\/Blue Edition MC FLY<\/li>\n<li>1 x MC FLY Rainbow Bowl en verre cristallin<\/li>\n<\/ul>\n","protected":false},"excerpt":{"rendered":"<p>&nbsp; MC FLY en \u00e9dition Black\/Grey\/Pink\/Blue Notre Alu The Hookah \/ Shisha Aluminium anodis\u00e9 Pince d&#8217;honneur &nbsp; &#8220;On ne croit pas cela possible ! Et voil\u00e0 que tu me pr\u00eates ta voiture sans me pr\u00e9venir qu&#8217;elle a un angle mort&#8221; ! &#8211; Retour vers le futur &nbsp; Gr\u00e2ce \u00e0 notre nouveau tube plongeur en plusieurs [&hellip;]<\/p>\n","protected":false},"featured_media":604034,"comment_status":"open","ping_status":"closed","template":"","meta":[],"product_cat":[321,329,323],"product_tag":[],"yoast_head":"<!-- This site is optimized with the Yoast SEO plugin v22.5 - https:\/\/yoast.com\/wordpress\/plugins\/seo\/ -->\n<title>Shisha MC FLY Black\/ Grey\/ Pink\/ Blue Edition | ici dans la boutique<\/title>\n<meta name=\"description\" content=\"MC FLY Black\/ Grey\/ Pink\/ Blue Edition Rainbow Bowl Pince d&#039;honneur \u2713 Aluminium anodis\u00e9 \u2713 Tube plongeur en plusieurs parties \u2713 avec diffuseur d\u00e9vissable, ici dans la boutique !\" \/>\n<meta name=\"robots\" content=\"index, follow, max-snippet:-1, max-image-preview:large, max-video-preview:-1\" \/>\n<link rel=\"canonical\" href=\"https:\/\/alt.thehookah.de\/fr\/produkt\/mc-fly-black-grey-pink-blue-edition-boucle-dhonneur\/\" \/>\n<meta property=\"og:locale\" content=\"fr_FR\" \/>\n<meta property=\"og:type\" content=\"article\" \/>\n<meta property=\"og:title\" content=\"Shisha MC FLY Black\/ Grey\/ Pink\/ Blue Edition | ici dans la boutique\" \/>\n<meta property=\"og:description\" content=\"MC FLY Black\/ Grey\/ Pink\/ Blue Edition Rainbow Bowl Pince d&#039;honneur \u2713 Aluminium anodis\u00e9 \u2713 Tube plongeur en plusieurs parties \u2713 avec diffuseur d\u00e9vissable, ici dans la boutique !\" \/>\n<meta property=\"og:url\" content=\"https:\/\/alt.thehookah.de\/fr\/produkt\/mc-fly-black-grey-pink-blue-edition-boucle-dhonneur\/\" \/>\n<meta property=\"og:site_name\" content=\"The Hookah\" \/>\n<meta property=\"og:image\" content=\"https:\/\/alt.thehookah.de\/wp-content\/uploads\/2019\/12\/blue1black1pink1grey1.jpg\" \/>\n\t<meta property=\"og:image:width\" content=\"1400\" \/>\n\t<meta property=\"og:image:height\" content=\"1400\" \/>\n\t<meta property=\"og:image:type\" content=\"image\/jpeg\" \/>\n<meta name=\"twitter:card\" content=\"summary_large_image\" \/>\n<meta name=\"twitter:label1\" content=\"Disponibilit\u00e9\" \/>\n\t<meta name=\"twitter:data1\" content=\"En stock\" \/>\n<script type=\"application\/ld+json\" class=\"yoast-schema-graph\">{\"@context\":\"https:\/\/schema.org\",\"@graph\":[{\"@type\":\"WebPage\",\"@id\":\"https:\/\/alt.thehookah.de\/fr\/produkt\/mc-fly-black-grey-pink-blue-edition-boucle-dhonneur\/\",\"url\":\"https:\/\/alt.thehookah.de\/fr\/produkt\/mc-fly-black-grey-pink-blue-edition-boucle-dhonneur\/\",\"name\":\"Shisha MC FLY Black\/ Grey\/ Pink\/ Blue Edition | ici dans la boutique\",\"isPartOf\":{\"@id\":\"https:\/\/alt.thehookah.de\/fr\/#website\"},\"primaryImageOfPage\":{\"@id\":\"https:\/\/alt.thehookah.de\/fr\/produkt\/mc-fly-black-grey-pink-blue-edition-boucle-dhonneur\/#primaryimage\"},\"image\":{\"@id\":\"https:\/\/alt.thehookah.de\/fr\/produkt\/mc-fly-black-grey-pink-blue-edition-boucle-dhonneur\/#primaryimage\"},\"thumbnailUrl\":\"https:\/\/alt.thehookah.de\/wp-content\/uploads\/2019\/12\/blue1black1pink1grey1.jpg\",\"datePublished\":\"2019-11-27T21:36:17+00:00\",\"dateModified\":\"2019-11-27T21:36:17+00:00\",\"description\":\"MC FLY Black\/ Grey\/ Pink\/ Blue Edition Rainbow Bowl Pince d'honneur \u2713 Aluminium anodis\u00e9 \u2713 Tube plongeur en plusieurs parties \u2713 avec diffuseur d\u00e9vissable, ici dans la boutique !\",\"breadcrumb\":{\"@id\":\"https:\/\/alt.thehookah.de\/fr\/produkt\/mc-fly-black-grey-pink-blue-edition-boucle-dhonneur\/#breadcrumb\"},\"inLanguage\":\"fr-FR\",\"potentialAction\":[{\"@type\":\"ReadAction\",\"target\":[\"https:\/\/alt.thehookah.de\/fr\/produkt\/mc-fly-black-grey-pink-blue-edition-boucle-dhonneur\/\"]}]},{\"@type\":\"ImageObject\",\"inLanguage\":\"fr-FR\",\"@id\":\"https:\/\/alt.thehookah.de\/fr\/produkt\/mc-fly-black-grey-pink-blue-edition-boucle-dhonneur\/#primaryimage\",\"url\":\"https:\/\/alt.thehookah.de\/wp-content\/uploads\/2019\/12\/blue1black1pink1grey1.jpg\",\"contentUrl\":\"https:\/\/alt.thehookah.de\/wp-content\/uploads\/2019\/12\/blue1black1pink1grey1.jpg\",\"width\":1400,\"height\":1400},{\"@type\":\"BreadcrumbList\",\"@id\":\"https:\/\/alt.thehookah.de\/fr\/produkt\/mc-fly-black-grey-pink-blue-edition-boucle-dhonneur\/#breadcrumb\",\"itemListElement\":[{\"@type\":\"ListItem\",\"position\":1,\"name\":\"Startseite\",\"item\":\"https:\/\/alt.thehookah.de\/fr\/\"},{\"@type\":\"ListItem\",\"position\":2,\"name\":\"Ta boutique en ligne HOOKAH\",\"item\":\"https:\/\/alt.thehookah.de\/fr\/ta-boutique-en-ligne-hookah\/\"},{\"@type\":\"ListItem\",\"position\":3,\"name\":\"MC FLY Black\/Grey\/Pink\/Blue Edition BOUCLE D&#8217;HONNEUR\"}]},{\"@type\":\"WebSite\",\"@id\":\"https:\/\/alt.thehookah.de\/fr\/#website\",\"url\":\"https:\/\/alt.thehookah.de\/fr\/\",\"name\":\"The Hookah\",\"description\":\"\",\"publisher\":{\"@id\":\"https:\/\/alt.thehookah.de\/fr\/#organization\"},\"potentialAction\":[{\"@type\":\"SearchAction\",\"target\":{\"@type\":\"EntryPoint\",\"urlTemplate\":\"https:\/\/alt.thehookah.de\/fr\/?s={search_term_string}\"},\"query-input\":\"required name=search_term_string\"}],\"inLanguage\":\"fr-FR\"},{\"@type\":\"Organization\",\"@id\":\"https:\/\/alt.thehookah.de\/fr\/#organization\",\"name\":\"The Hookah\",\"url\":\"https:\/\/alt.thehookah.de\/fr\/\",\"logo\":{\"@type\":\"ImageObject\",\"inLanguage\":\"fr-FR\",\"@id\":\"https:\/\/alt.thehookah.de\/fr\/#\/schema\/logo\/image\/\",\"url\":\"https:\/\/alt.thehookah.de\/wp-content\/uploads\/2021\/02\/cropped-logo2.png\",\"contentUrl\":\"https:\/\/alt.thehookah.de\/wp-content\/uploads\/2021\/02\/cropped-logo2.png\",\"width\":300,\"height\":86,\"caption\":\"The Hookah\"},\"image\":{\"@id\":\"https:\/\/alt.thehookah.de\/fr\/#\/schema\/logo\/image\/\"}}]}<\/script>\n<meta property=\"og:availability\" content=\"instock\" \/>\n<meta property=\"product:availability\" content=\"instock\" \/>\n<meta property=\"product:retailer_item_id\" content=\"mcflyblack1\" \/>\n<meta property=\"product:condition\" content=\"new\" \/>\n<!-- \/ Yoast SEO plugin. -->","yoast_head_json":{"title":"Shisha MC FLY Black\/ Grey\/ Pink\/ Blue Edition | ici dans la boutique","description":"MC FLY Black\/ Grey\/ Pink\/ Blue Edition Rainbow Bowl Pince d'honneur \u2713 Aluminium anodis\u00e9 \u2713 Tube plongeur en plusieurs parties \u2713 avec diffuseur d\u00e9vissable, ici dans la boutique !","robots":{"index":"index","follow":"follow","max-snippet":"max-snippet:-1","max-image-preview":"max-image-preview:large","max-video-preview":"max-video-preview:-1"},"canonical":"https:\/\/alt.thehookah.de\/fr\/produkt\/mc-fly-black-grey-pink-blue-edition-boucle-dhonneur\/","og_locale":"fr_FR","og_type":"article","og_title":"Shisha MC FLY Black\/ Grey\/ Pink\/ Blue Edition | ici dans la boutique","og_description":"MC FLY Black\/ Grey\/ Pink\/ Blue Edition Rainbow Bowl Pince d'honneur \u2713 Aluminium anodis\u00e9 \u2713 Tube plongeur en plusieurs parties \u2713 avec diffuseur d\u00e9vissable, ici dans la boutique !","og_url":"https:\/\/alt.thehookah.de\/fr\/produkt\/mc-fly-black-grey-pink-blue-edition-boucle-dhonneur\/","og_site_name":"The Hookah","og_image":[{"width":1400,"height":1400,"url":"https:\/\/alt.thehookah.de\/wp-content\/uploads\/2019\/12\/blue1black1pink1grey1.jpg","type":"image\/jpeg"}],"twitter_card":"summary_large_image","twitter_misc":{"Disponibilit\u00e9":"En stock"},"schema":{"@context":"https:\/\/schema.org","@graph":[{"@type":"WebPage","@id":"https:\/\/alt.thehookah.de\/fr\/produkt\/mc-fly-black-grey-pink-blue-edition-boucle-dhonneur\/","url":"https:\/\/alt.thehookah.de\/fr\/produkt\/mc-fly-black-grey-pink-blue-edition-boucle-dhonneur\/","name":"Shisha MC FLY Black\/ Grey\/ Pink\/ Blue Edition | ici dans la boutique","isPartOf":{"@id":"https:\/\/alt.thehookah.de\/fr\/#website"},"primaryImageOfPage":{"@id":"https:\/\/alt.thehookah.de\/fr\/produkt\/mc-fly-black-grey-pink-blue-edition-boucle-dhonneur\/#primaryimage"},"image":{"@id":"https:\/\/alt.thehookah.de\/fr\/produkt\/mc-fly-black-grey-pink-blue-edition-boucle-dhonneur\/#primaryimage"},"thumbnailUrl":"https:\/\/alt.thehookah.de\/wp-content\/uploads\/2019\/12\/blue1black1pink1grey1.jpg","datePublished":"2019-11-27T21:36:17+00:00","dateModified":"2019-11-27T21:36:17+00:00","description":"MC FLY Black\/ Grey\/ Pink\/ Blue Edition Rainbow Bowl Pince d'honneur \u2713 Aluminium anodis\u00e9 \u2713 Tube plongeur en plusieurs parties \u2713 avec diffuseur d\u00e9vissable, ici dans la boutique !","breadcrumb":{"@id":"https:\/\/alt.thehookah.de\/fr\/produkt\/mc-fly-black-grey-pink-blue-edition-boucle-dhonneur\/#breadcrumb"},"inLanguage":"fr-FR","potentialAction":[{"@type":"ReadAction","target":["https:\/\/alt.thehookah.de\/fr\/produkt\/mc-fly-black-grey-pink-blue-edition-boucle-dhonneur\/"]}]},{"@type":"ImageObject","inLanguage":"fr-FR","@id":"https:\/\/alt.thehookah.de\/fr\/produkt\/mc-fly-black-grey-pink-blue-edition-boucle-dhonneur\/#primaryimage","url":"https:\/\/alt.thehookah.de\/wp-content\/uploads\/2019\/12\/blue1black1pink1grey1.jpg","contentUrl":"https:\/\/alt.thehookah.de\/wp-content\/uploads\/2019\/12\/blue1black1pink1grey1.jpg","width":1400,"height":1400},{"@type":"BreadcrumbList","@id":"https:\/\/alt.thehookah.de\/fr\/produkt\/mc-fly-black-grey-pink-blue-edition-boucle-dhonneur\/#breadcrumb","itemListElement":[{"@type":"ListItem","position":1,"name":"Startseite","item":"https:\/\/alt.thehookah.de\/fr\/"},{"@type":"ListItem","position":2,"name":"Ta boutique en ligne HOOKAH","item":"https:\/\/alt.thehookah.de\/fr\/ta-boutique-en-ligne-hookah\/"},{"@type":"ListItem","position":3,"name":"MC FLY Black\/Grey\/Pink\/Blue Edition BOUCLE D&#8217;HONNEUR"}]},{"@type":"WebSite","@id":"https:\/\/alt.thehookah.de\/fr\/#website","url":"https:\/\/alt.thehookah.de\/fr\/","name":"The Hookah","description":"","publisher":{"@id":"https:\/\/alt.thehookah.de\/fr\/#organization"},"potentialAction":[{"@type":"SearchAction","target":{"@type":"EntryPoint","urlTemplate":"https:\/\/alt.thehookah.de\/fr\/?s={search_term_string}"},"query-input":"required name=search_term_string"}],"inLanguage":"fr-FR"},{"@type":"Organization","@id":"https:\/\/alt.thehookah.de\/fr\/#organization","name":"The Hookah","url":"https:\/\/alt.thehookah.de\/fr\/","logo":{"@type":"ImageObject","inLanguage":"fr-FR","@id":"https:\/\/alt.thehookah.de\/fr\/#\/schema\/logo\/image\/","url":"https:\/\/alt.thehookah.de\/wp-content\/uploads\/2021\/02\/cropped-logo2.png","contentUrl":"https:\/\/alt.thehookah.de\/wp-content\/uploads\/2021\/02\/cropped-logo2.png","width":300,"height":86,"caption":"The Hookah"},"image":{"@id":"https:\/\/alt.thehookah.de\/fr\/#\/schema\/logo\/image\/"}}]},"og_availability":"instock","product_availability":"instock","product_retailer_item_id":"mcflyblack1","product_condition":"new"},"_links":{"self":[{"href":"https:\/\/alt.thehookah.de\/fr\/wp-json\/wp\/v2\/product\/619696"}],"collection":[{"href":"https:\/\/alt.thehookah.de\/fr\/wp-json\/wp\/v2\/product"}],"about":[{"href":"https:\/\/alt.thehookah.de\/fr\/wp-json\/wp\/v2\/types\/product"}],"replies":[{"embeddable":true,"href":"https:\/\/alt.thehookah.de\/fr\/wp-json\/wp\/v2\/comments?post=619696"}],"wp:featuredmedia":[{"embeddable":true,"href":"https:\/\/alt.thehookah.de\/fr\/wp-json\/wp\/v2\/media\/604034"}],"wp:attachment":[{"href":"https:\/\/alt.thehookah.de\/fr\/wp-json\/wp\/v2\/media?parent=619696"}],"wp:term":[{"taxonomy":"product_cat","embeddable":true,"href":"https:\/\/alt.thehookah.de\/fr\/wp-json\/wp\/v2\/product_cat?post=619696"},{"taxonomy":"product_tag","embeddable":true,"href":"https:\/\/alt.thehookah.de\/fr\/wp-json\/wp\/v2\/product_tag?post=619696"}],"curies":[{"name":"wp","href":"https:\/\/api.w.org\/{rel}","templated":true}]}}