{"id":619804,"date":"2019-10-02T13:51:16","date_gmt":"2019-10-02T11:51:16","guid":{"rendered":"https:\/\/www.thehookah.de\/produkt\/aventadorr-resine-epoxy-woodoo-pince-dhonneur\/"},"modified":"2023-11-26T17:34:49","modified_gmt":"2023-11-26T16:34:49","slug":"aventadorr-resine-epoxy-woodoo-pince-dhonneur","status":"publish","type":"product","link":"https:\/\/alt.thehookah.de\/fr\/produkt\/aventadorr-resine-epoxy-woodoo-pince-dhonneur\/","title":{"rendered":"AVENTADORR R\u00c9SINE \u00c9POXY WOODOO PINCE D&#8217;HONNEUR"},"content":{"rendered":"<h2 style=\"text-align: center;\"><strong>Aventadorr Woodoo<\/strong><\/h2>\n<h2 style=\"text-align: center;\"><strong>la super voiture de sport parmi les hookahs &amp; shishas un design noble, de l&#8217;acier inoxydable associ\u00e9 \u00e0 des<\/strong><\/h2>\n<h2 style=\"text-align: center;\"><strong>Colonne de fum\u00e9e en r\u00e9sine \u00e9poxy dans Woodoo  <\/strong><\/h2>\n<h2 style=\"text-align: center;\"><\/h2>\n<p>&nbsp;<\/p>\n<h2><strong>Aventadorr Woodoo<\/strong><\/h2>\n<ul>\n<li>\n<h2><strong>Acier inoxydable \u00e0 r\u00e9sine \u00e9poxy<\/strong><\/h2>\n<\/li>\n<li>\n<h2><strong>R\u00e9sine \u00e9poxy et applications en acier inoxydable<\/strong><\/h2>\n<\/li>\n<li>\n<h2><strong>Woodoo Bowl  <\/strong><\/h2>\n<\/li>\n<li>\n<h2><strong>Pince d&#8217;honneur<\/strong><\/h2>\n<\/li>\n<\/ul>\n<p>&nbsp;<\/p>\n<p>Hauteur totale ( jusqu&#8217;au plateau de charbon ) env. 70 cm avec le pi\u00e8ge \u00e0 molasse<\/p>\n<p>Hauteur totale ( jusqu&#8217;au plateau de charbon ) env. 60 cm sans collecteur de molasse<\/p>\n<ul>\n<li>Base en acier inoxydable V2A<\/li>\n<li>Chambre ferm\u00e9e \/ syst\u00e8me \u00e0 clic<\/li>\n<li>Acier inoxydable V2A Plateau de charbon 24cm<\/li>\n<li>Woodoo Bowl Contient des particules magiques qui stockent l&#8217;\u00e9nergie et la restituent dans l&#8217;obscurit\u00e9.<\/li>\n<\/ul>\n<p>&nbsp;<\/p>\n<h2>Contenu de la livraison<\/h2>\n<ul>\n<li>1 x acier inoxydable V2A plateau \u00e0 charbon bross\u00e9<\/li>\n<li>1 x adaptateur de rodage de t\u00eate 18\/8<\/li>\n<li>1 x r\u00e9sine \u00e9poxy incl Woodoo effet lumineux<strong> <\/strong>colonne de fum\u00e9e V2A acier inoxydable<\/li>\n<li>1 x Aventadorr Base V2A acier inoxydable  <b> <\/b><\/li>\n<li>1x Skywalker 18\/8 capteur de molasse<\/li>\n<li>4 x manchons avec six pans creux<\/li>\n<li>4 x adaptateurs de tuyaux 18\/8 <b> <\/b><\/li>\n<li>4 x embouts 18\/8 <b> <\/b><\/li>\n<li>4 x boules de verre<\/li>\n<li>1 x ressort de protection contre le pliage<\/li>\n<li>4 x boules de verre<\/li>\n<li>1 x tube plongeur V2A <strong>divisible<\/strong><\/li>\n<li>1 x diffuseur d\u00e9vissable  <b> <\/b><\/li>\n<li>1 x tuyau en silicone noir mat<\/li>\n<li>1 x t\u00eate d&#8217;argile avec chemin\u00e9e<\/li>\n<li>1x <strong>pince d&#8217;honneur<\/strong> <\/li>\n<li>1 x Aventadorr Woodoo &#8211; environ 35cm avec des composants en acier inoxydable r\u00e9sine \u00e9poxy incl Woodoo effet lumineux<strong> <\/strong><\/li>\n<li>1 x Aventadorr Woodoo Bowl en verre cristallin<\/li>\n<\/ul>\n","protected":false},"excerpt":{"rendered":"<p>Aventadorr Woodoo la super voiture de sport parmi les hookahs &amp; shishas un design noble, de l&#8217;acier inoxydable associ\u00e9 \u00e0 des Colonne de fum\u00e9e en r\u00e9sine \u00e9poxy dans Woodoo &nbsp; Aventadorr Woodoo Acier inoxydable \u00e0 r\u00e9sine \u00e9poxy R\u00e9sine \u00e9poxy et applications en acier inoxydable Woodoo Bowl Pince d&#8217;honneur &nbsp; Hauteur totale ( jusqu&#8217;au plateau de [&hellip;]<\/p>\n","protected":false},"featured_media":590449,"comment_status":"open","ping_status":"closed","template":"","meta":[],"product_cat":[321,329,318],"product_tag":[],"yoast_head":"<!-- This site is optimized with the Yoast SEO plugin v22.5 - https:\/\/yoast.com\/wordpress\/plugins\/seo\/ -->\n<title>Aventadorr r\u00e9sine \u00e9poxy Woodoo pince d&#039;honneur | Shisha acheter<\/title>\n<meta name=\"description\" content=\"La super voiture de sport parmi les hookahs &amp; shishas \u2713 design noble \u2713 acier inoxydable \u27a4 coupl\u00e9 \u00e0 une colonne de fum\u00e9e en r\u00e9sine \u00e9poxy en Woodoo, \u00e0 acheter ici en ligne !\" \/>\n<meta name=\"robots\" content=\"index, follow, max-snippet:-1, max-image-preview:large, max-video-preview:-1\" \/>\n<link rel=\"canonical\" href=\"https:\/\/alt.thehookah.de\/fr\/produkt\/aventadorr-resine-epoxy-woodoo-pince-dhonneur\/\" \/>\n<meta property=\"og:locale\" content=\"fr_FR\" \/>\n<meta property=\"og:type\" content=\"article\" \/>\n<meta property=\"og:title\" content=\"Aventadorr r\u00e9sine \u00e9poxy Woodoo pince d&#039;honneur | Shisha acheter\" \/>\n<meta property=\"og:description\" content=\"La super voiture de sport parmi les hookahs &amp; shishas \u2713 design noble \u2713 acier inoxydable \u27a4 coupl\u00e9 \u00e0 une colonne de fum\u00e9e en r\u00e9sine \u00e9poxy en Woodoo, \u00e0 acheter ici en ligne !\" \/>\n<meta property=\"og:url\" content=\"https:\/\/alt.thehookah.de\/fr\/produkt\/aventadorr-resine-epoxy-woodoo-pince-dhonneur\/\" \/>\n<meta property=\"og:site_name\" content=\"The Hookah\" \/>\n<meta property=\"article:modified_time\" content=\"2023-11-26T16:34:49+00:00\" \/>\n<meta property=\"og:image\" content=\"https:\/\/alt.thehookah.de\/wp-content\/uploads\/2019\/10\/aventadorrwo1.jpg\" \/>\n\t<meta property=\"og:image:width\" content=\"2000\" \/>\n\t<meta property=\"og:image:height\" content=\"2000\" \/>\n\t<meta property=\"og:image:type\" content=\"image\/jpeg\" \/>\n<meta name=\"twitter:card\" content=\"summary_large_image\" \/>\n<meta name=\"twitter:label1\" content=\"Prix\" \/>\n\t<meta name=\"twitter:data1\" content=\"174,00&nbsp;&euro;\" \/>\n\t<meta name=\"twitter:label2\" content=\"Disponibilit\u00e9\" \/>\n\t<meta name=\"twitter:data2\" content=\"En stock\" \/>\n<script type=\"application\/ld+json\" class=\"yoast-schema-graph\">{\"@context\":\"https:\/\/schema.org\",\"@graph\":[{\"@type\":\"WebPage\",\"@id\":\"https:\/\/alt.thehookah.de\/fr\/produkt\/aventadorr-resine-epoxy-woodoo-pince-dhonneur\/\",\"url\":\"https:\/\/alt.thehookah.de\/fr\/produkt\/aventadorr-resine-epoxy-woodoo-pince-dhonneur\/\",\"name\":\"Aventadorr r\u00e9sine \u00e9poxy Woodoo pince d'honneur | Shisha acheter\",\"isPartOf\":{\"@id\":\"https:\/\/alt.thehookah.de\/fr\/#website\"},\"primaryImageOfPage\":{\"@id\":\"https:\/\/alt.thehookah.de\/fr\/produkt\/aventadorr-resine-epoxy-woodoo-pince-dhonneur\/#primaryimage\"},\"image\":{\"@id\":\"https:\/\/alt.thehookah.de\/fr\/produkt\/aventadorr-resine-epoxy-woodoo-pince-dhonneur\/#primaryimage\"},\"thumbnailUrl\":\"https:\/\/alt.thehookah.de\/wp-content\/uploads\/2019\/10\/aventadorrwo1.jpg\",\"datePublished\":\"2019-10-02T11:51:16+00:00\",\"dateModified\":\"2023-11-26T16:34:49+00:00\",\"description\":\"La super voiture de sport parmi les hookahs & shishas \u2713 design noble \u2713 acier inoxydable \u27a4 coupl\u00e9 \u00e0 une colonne de fum\u00e9e en r\u00e9sine \u00e9poxy en Woodoo, \u00e0 acheter ici en ligne !\",\"breadcrumb\":{\"@id\":\"https:\/\/alt.thehookah.de\/fr\/produkt\/aventadorr-resine-epoxy-woodoo-pince-dhonneur\/#breadcrumb\"},\"inLanguage\":\"fr-FR\",\"potentialAction\":[{\"@type\":\"ReadAction\",\"target\":[\"https:\/\/alt.thehookah.de\/fr\/produkt\/aventadorr-resine-epoxy-woodoo-pince-dhonneur\/\"]}]},{\"@type\":\"ImageObject\",\"inLanguage\":\"fr-FR\",\"@id\":\"https:\/\/alt.thehookah.de\/fr\/produkt\/aventadorr-resine-epoxy-woodoo-pince-dhonneur\/#primaryimage\",\"url\":\"https:\/\/alt.thehookah.de\/wp-content\/uploads\/2019\/10\/aventadorrwo1.jpg\",\"contentUrl\":\"https:\/\/alt.thehookah.de\/wp-content\/uploads\/2019\/10\/aventadorrwo1.jpg\",\"width\":2000,\"height\":2000},{\"@type\":\"BreadcrumbList\",\"@id\":\"https:\/\/alt.thehookah.de\/fr\/produkt\/aventadorr-resine-epoxy-woodoo-pince-dhonneur\/#breadcrumb\",\"itemListElement\":[{\"@type\":\"ListItem\",\"position\":1,\"name\":\"Startseite\",\"item\":\"https:\/\/alt.thehookah.de\/fr\/\"},{\"@type\":\"ListItem\",\"position\":2,\"name\":\"Ta boutique en ligne HOOKAH\",\"item\":\"https:\/\/alt.thehookah.de\/fr\/ta-boutique-en-ligne-hookah\/\"},{\"@type\":\"ListItem\",\"position\":3,\"name\":\"AVENTADORR R\u00c9SINE \u00c9POXY WOODOO PINCE D&#8217;HONNEUR\"}]},{\"@type\":\"WebSite\",\"@id\":\"https:\/\/alt.thehookah.de\/fr\/#website\",\"url\":\"https:\/\/alt.thehookah.de\/fr\/\",\"name\":\"The Hookah\",\"description\":\"\",\"publisher\":{\"@id\":\"https:\/\/alt.thehookah.de\/fr\/#organization\"},\"potentialAction\":[{\"@type\":\"SearchAction\",\"target\":{\"@type\":\"EntryPoint\",\"urlTemplate\":\"https:\/\/alt.thehookah.de\/fr\/?s={search_term_string}\"},\"query-input\":\"required name=search_term_string\"}],\"inLanguage\":\"fr-FR\"},{\"@type\":\"Organization\",\"@id\":\"https:\/\/alt.thehookah.de\/fr\/#organization\",\"name\":\"The Hookah\",\"url\":\"https:\/\/alt.thehookah.de\/fr\/\",\"logo\":{\"@type\":\"ImageObject\",\"inLanguage\":\"fr-FR\",\"@id\":\"https:\/\/alt.thehookah.de\/fr\/#\/schema\/logo\/image\/\",\"url\":\"https:\/\/alt.thehookah.de\/wp-content\/uploads\/2021\/02\/cropped-logo2.png\",\"contentUrl\":\"https:\/\/alt.thehookah.de\/wp-content\/uploads\/2021\/02\/cropped-logo2.png\",\"width\":300,\"height\":86,\"caption\":\"The Hookah\"},\"image\":{\"@id\":\"https:\/\/alt.thehookah.de\/fr\/#\/schema\/logo\/image\/\"}}]}<\/script>\n<meta property=\"product:price:amount\" content=\"174.00\" \/>\n<meta property=\"product:price:currency\" content=\"EUR\" \/>\n<meta property=\"og:availability\" content=\"instock\" \/>\n<meta property=\"product:availability\" content=\"instock\" \/>\n<meta property=\"product:retailer_item_id\" content=\"AvenWo-1\" \/>\n<meta property=\"product:condition\" content=\"new\" \/>\n<!-- \/ Yoast SEO plugin. -->","yoast_head_json":{"title":"Aventadorr r\u00e9sine \u00e9poxy Woodoo pince d'honneur | Shisha acheter","description":"La super voiture de sport parmi les hookahs & shishas \u2713 design noble \u2713 acier inoxydable \u27a4 coupl\u00e9 \u00e0 une colonne de fum\u00e9e en r\u00e9sine \u00e9poxy en Woodoo, \u00e0 acheter ici en ligne !","robots":{"index":"index","follow":"follow","max-snippet":"max-snippet:-1","max-image-preview":"max-image-preview:large","max-video-preview":"max-video-preview:-1"},"canonical":"https:\/\/alt.thehookah.de\/fr\/produkt\/aventadorr-resine-epoxy-woodoo-pince-dhonneur\/","og_locale":"fr_FR","og_type":"article","og_title":"Aventadorr r\u00e9sine \u00e9poxy Woodoo pince d'honneur | Shisha acheter","og_description":"La super voiture de sport parmi les hookahs & shishas \u2713 design noble \u2713 acier inoxydable \u27a4 coupl\u00e9 \u00e0 une colonne de fum\u00e9e en r\u00e9sine \u00e9poxy en Woodoo, \u00e0 acheter ici en ligne !","og_url":"https:\/\/alt.thehookah.de\/fr\/produkt\/aventadorr-resine-epoxy-woodoo-pince-dhonneur\/","og_site_name":"The Hookah","article_modified_time":"2023-11-26T16:34:49+00:00","og_image":[{"width":2000,"height":2000,"url":"https:\/\/alt.thehookah.de\/wp-content\/uploads\/2019\/10\/aventadorrwo1.jpg","type":"image\/jpeg"}],"twitter_card":"summary_large_image","twitter_misc":{"Prix":"174,00&nbsp;&euro;","Disponibilit\u00e9":"En stock"},"schema":{"@context":"https:\/\/schema.org","@graph":[{"@type":"WebPage","@id":"https:\/\/alt.thehookah.de\/fr\/produkt\/aventadorr-resine-epoxy-woodoo-pince-dhonneur\/","url":"https:\/\/alt.thehookah.de\/fr\/produkt\/aventadorr-resine-epoxy-woodoo-pince-dhonneur\/","name":"Aventadorr r\u00e9sine \u00e9poxy Woodoo pince d'honneur | Shisha acheter","isPartOf":{"@id":"https:\/\/alt.thehookah.de\/fr\/#website"},"primaryImageOfPage":{"@id":"https:\/\/alt.thehookah.de\/fr\/produkt\/aventadorr-resine-epoxy-woodoo-pince-dhonneur\/#primaryimage"},"image":{"@id":"https:\/\/alt.thehookah.de\/fr\/produkt\/aventadorr-resine-epoxy-woodoo-pince-dhonneur\/#primaryimage"},"thumbnailUrl":"https:\/\/alt.thehookah.de\/wp-content\/uploads\/2019\/10\/aventadorrwo1.jpg","datePublished":"2019-10-02T11:51:16+00:00","dateModified":"2023-11-26T16:34:49+00:00","description":"La super voiture de sport parmi les hookahs & shishas \u2713 design noble \u2713 acier inoxydable \u27a4 coupl\u00e9 \u00e0 une colonne de fum\u00e9e en r\u00e9sine \u00e9poxy en Woodoo, \u00e0 acheter ici en ligne !","breadcrumb":{"@id":"https:\/\/alt.thehookah.de\/fr\/produkt\/aventadorr-resine-epoxy-woodoo-pince-dhonneur\/#breadcrumb"},"inLanguage":"fr-FR","potentialAction":[{"@type":"ReadAction","target":["https:\/\/alt.thehookah.de\/fr\/produkt\/aventadorr-resine-epoxy-woodoo-pince-dhonneur\/"]}]},{"@type":"ImageObject","inLanguage":"fr-FR","@id":"https:\/\/alt.thehookah.de\/fr\/produkt\/aventadorr-resine-epoxy-woodoo-pince-dhonneur\/#primaryimage","url":"https:\/\/alt.thehookah.de\/wp-content\/uploads\/2019\/10\/aventadorrwo1.jpg","contentUrl":"https:\/\/alt.thehookah.de\/wp-content\/uploads\/2019\/10\/aventadorrwo1.jpg","width":2000,"height":2000},{"@type":"BreadcrumbList","@id":"https:\/\/alt.thehookah.de\/fr\/produkt\/aventadorr-resine-epoxy-woodoo-pince-dhonneur\/#breadcrumb","itemListElement":[{"@type":"ListItem","position":1,"name":"Startseite","item":"https:\/\/alt.thehookah.de\/fr\/"},{"@type":"ListItem","position":2,"name":"Ta boutique en ligne HOOKAH","item":"https:\/\/alt.thehookah.de\/fr\/ta-boutique-en-ligne-hookah\/"},{"@type":"ListItem","position":3,"name":"AVENTADORR R\u00c9SINE \u00c9POXY WOODOO PINCE D&#8217;HONNEUR"}]},{"@type":"WebSite","@id":"https:\/\/alt.thehookah.de\/fr\/#website","url":"https:\/\/alt.thehookah.de\/fr\/","name":"The Hookah","description":"","publisher":{"@id":"https:\/\/alt.thehookah.de\/fr\/#organization"},"potentialAction":[{"@type":"SearchAction","target":{"@type":"EntryPoint","urlTemplate":"https:\/\/alt.thehookah.de\/fr\/?s={search_term_string}"},"query-input":"required name=search_term_string"}],"inLanguage":"fr-FR"},{"@type":"Organization","@id":"https:\/\/alt.thehookah.de\/fr\/#organization","name":"The Hookah","url":"https:\/\/alt.thehookah.de\/fr\/","logo":{"@type":"ImageObject","inLanguage":"fr-FR","@id":"https:\/\/alt.thehookah.de\/fr\/#\/schema\/logo\/image\/","url":"https:\/\/alt.thehookah.de\/wp-content\/uploads\/2021\/02\/cropped-logo2.png","contentUrl":"https:\/\/alt.thehookah.de\/wp-content\/uploads\/2021\/02\/cropped-logo2.png","width":300,"height":86,"caption":"The Hookah"},"image":{"@id":"https:\/\/alt.thehookah.de\/fr\/#\/schema\/logo\/image\/"}}]},"product_price_amount":"174.00","product_price_currency":"EUR","og_availability":"instock","product_availability":"instock","product_retailer_item_id":"AvenWo-1","product_condition":"new"},"_links":{"self":[{"href":"https:\/\/alt.thehookah.de\/fr\/wp-json\/wp\/v2\/product\/619804"}],"collection":[{"href":"https:\/\/alt.thehookah.de\/fr\/wp-json\/wp\/v2\/product"}],"about":[{"href":"https:\/\/alt.thehookah.de\/fr\/wp-json\/wp\/v2\/types\/product"}],"replies":[{"embeddable":true,"href":"https:\/\/alt.thehookah.de\/fr\/wp-json\/wp\/v2\/comments?post=619804"}],"wp:featuredmedia":[{"embeddable":true,"href":"https:\/\/alt.thehookah.de\/fr\/wp-json\/wp\/v2\/media\/590449"}],"wp:attachment":[{"href":"https:\/\/alt.thehookah.de\/fr\/wp-json\/wp\/v2\/media?parent=619804"}],"wp:term":[{"taxonomy":"product_cat","embeddable":true,"href":"https:\/\/alt.thehookah.de\/fr\/wp-json\/wp\/v2\/product_cat?post=619804"},{"taxonomy":"product_tag","embeddable":true,"href":"https:\/\/alt.thehookah.de\/fr\/wp-json\/wp\/v2\/product_tag?post=619804"}],"curies":[{"name":"wp","href":"https:\/\/api.w.org\/{rel}","templated":true}]}}