{"id":619812,"date":"2019-08-13T21:36:41","date_gmt":"2019-08-13T19:36:41","guid":{"rendered":"https:\/\/www.thehookah.de\/produkt\/embout-en-verre-woodoo-the-hookah-b-ware\/"},"modified":"2019-08-13T21:36:41","modified_gmt":"2019-08-13T19:36:41","slug":"embout-en-verre-woodoo-the-hookah-b-ware","status":"publish","type":"product","link":"https:\/\/alt.thehookah.de\/fr\/produkt\/embout-en-verre-woodoo-the-hookah-b-ware\/","title":{"rendered":"Embout en verre WOODOO &#8211; THE HOOKAH B-Ware"},"content":{"rendered":"<h2>Embout en verre &#8220;WOODOO&#8221; B-Ware<\/h2>\n<ul>\n<li><strong>Marchandise B l&#8217;\u00e9paisseur du verre ne correspond pas \u00e0 une marchandise A donc plus l\u00e9g\u00e8re<\/strong><\/li>\n<li><strong>fragile  <\/strong><\/li>\n<\/ul>\n<h3><strong><em>Contient des particules magiques qui stockent l&#8217;\u00e9nergie et la restituent dans l&#8217;obscurit\u00e9.<\/em><\/strong><\/h3>\n<p>Mat\u00e9riau : verre borosilicat\u00e9<\/p>\n<p><strong>D\u00e9tails<\/strong><\/p>\n<ul>\n<li>embout buccal en verre<\/li>\n<li>environ 40cm<\/li>\n<li>Convient aux tuyaux en silicone disponibles dans le commerce<\/li>\n<\/ul>\n","protected":false},"excerpt":{"rendered":"<p>Embout en verre &#8220;WOODOO&#8221; B-Ware Marchandise B l&#8217;\u00e9paisseur du verre ne correspond pas \u00e0 une marchandise A donc plus l\u00e9g\u00e8re fragile Contient des particules magiques qui stockent l&#8217;\u00e9nergie et la restituent dans l&#8217;obscurit\u00e9. Mat\u00e9riau : verre borosilicat\u00e9 D\u00e9tails embout buccal en verre environ 40cm Convient aux tuyaux en silicone disponibles dans le commerce<\/p>\n","protected":false},"featured_media":579829,"comment_status":"open","ping_status":"closed","template":"","meta":[],"product_cat":[310,344,333,318],"product_tag":[],"yoast_head":"<!-- This site is optimized with the Yoast SEO plugin v22.5 - https:\/\/yoast.com\/wordpress\/plugins\/seo\/ -->\n<title>Embout en verre Woodoo | Embout de shisha en verre<\/title>\n<meta name=\"description\" content=\"Embout en verre Woodoo \u00e0 acheter en ligne dans ton Shisha Shop \u2713 Verre borosilicat\u00e9 \u2713 Contient des particules magiques \u27a4 Convient aux tuyaux en silicone du commerce !\" \/>\n<meta name=\"robots\" content=\"index, follow, max-snippet:-1, max-image-preview:large, max-video-preview:-1\" \/>\n<link rel=\"canonical\" href=\"https:\/\/alt.thehookah.de\/fr\/produkt\/embout-en-verre-woodoo-the-hookah-b-ware\/\" \/>\n<meta property=\"og:locale\" content=\"fr_FR\" \/>\n<meta property=\"og:type\" content=\"article\" \/>\n<meta property=\"og:title\" content=\"Embout en verre Woodoo | Embout de shisha en verre\" \/>\n<meta property=\"og:description\" content=\"Embout en verre Woodoo \u00e0 acheter en ligne dans ton Shisha Shop \u2713 Verre borosilicat\u00e9 \u2713 Contient des particules magiques \u27a4 Convient aux tuyaux en silicone du commerce !\" \/>\n<meta property=\"og:url\" content=\"https:\/\/alt.thehookah.de\/fr\/produkt\/embout-en-verre-woodoo-the-hookah-b-ware\/\" \/>\n<meta property=\"og:site_name\" content=\"The Hookah\" \/>\n<meta property=\"og:image\" content=\"https:\/\/alt.thehookah.de\/wp-content\/uploads\/2019\/08\/woodoo3_neu.jpg\" \/>\n\t<meta property=\"og:image:width\" content=\"2000\" \/>\n\t<meta property=\"og:image:height\" content=\"2000\" \/>\n\t<meta property=\"og:image:type\" content=\"image\/jpeg\" \/>\n<meta name=\"twitter:card\" content=\"summary_large_image\" \/>\n<meta name=\"twitter:label1\" content=\"Prix\" \/>\n\t<meta name=\"twitter:data1\" content=\"13,95&nbsp;&euro;\" \/>\n\t<meta name=\"twitter:label2\" content=\"Disponibilit\u00e9\" \/>\n\t<meta name=\"twitter:data2\" content=\"En stock\" \/>\n<script type=\"application\/ld+json\" class=\"yoast-schema-graph\">{\"@context\":\"https:\/\/schema.org\",\"@graph\":[{\"@type\":\"WebPage\",\"@id\":\"https:\/\/alt.thehookah.de\/fr\/produkt\/embout-en-verre-woodoo-the-hookah-b-ware\/\",\"url\":\"https:\/\/alt.thehookah.de\/fr\/produkt\/embout-en-verre-woodoo-the-hookah-b-ware\/\",\"name\":\"Embout en verre Woodoo | Embout de shisha en verre\",\"isPartOf\":{\"@id\":\"https:\/\/alt.thehookah.de\/fr\/#website\"},\"primaryImageOfPage\":{\"@id\":\"https:\/\/alt.thehookah.de\/fr\/produkt\/embout-en-verre-woodoo-the-hookah-b-ware\/#primaryimage\"},\"image\":{\"@id\":\"https:\/\/alt.thehookah.de\/fr\/produkt\/embout-en-verre-woodoo-the-hookah-b-ware\/#primaryimage\"},\"thumbnailUrl\":\"https:\/\/alt.thehookah.de\/wp-content\/uploads\/2019\/08\/woodoo3_neu.jpg\",\"datePublished\":\"2019-08-13T19:36:41+00:00\",\"dateModified\":\"2019-08-13T19:36:41+00:00\",\"description\":\"Embout en verre Woodoo \u00e0 acheter en ligne dans ton Shisha Shop \u2713 Verre borosilicat\u00e9 \u2713 Contient des particules magiques \u27a4 Convient aux tuyaux en silicone du commerce !\",\"breadcrumb\":{\"@id\":\"https:\/\/alt.thehookah.de\/fr\/produkt\/embout-en-verre-woodoo-the-hookah-b-ware\/#breadcrumb\"},\"inLanguage\":\"fr-FR\",\"potentialAction\":[{\"@type\":\"ReadAction\",\"target\":[\"https:\/\/alt.thehookah.de\/fr\/produkt\/embout-en-verre-woodoo-the-hookah-b-ware\/\"]}]},{\"@type\":\"ImageObject\",\"inLanguage\":\"fr-FR\",\"@id\":\"https:\/\/alt.thehookah.de\/fr\/produkt\/embout-en-verre-woodoo-the-hookah-b-ware\/#primaryimage\",\"url\":\"https:\/\/alt.thehookah.de\/wp-content\/uploads\/2019\/08\/woodoo3_neu.jpg\",\"contentUrl\":\"https:\/\/alt.thehookah.de\/wp-content\/uploads\/2019\/08\/woodoo3_neu.jpg\",\"width\":2000,\"height\":2000},{\"@type\":\"BreadcrumbList\",\"@id\":\"https:\/\/alt.thehookah.de\/fr\/produkt\/embout-en-verre-woodoo-the-hookah-b-ware\/#breadcrumb\",\"itemListElement\":[{\"@type\":\"ListItem\",\"position\":1,\"name\":\"Startseite\",\"item\":\"https:\/\/alt.thehookah.de\/fr\/\"},{\"@type\":\"ListItem\",\"position\":2,\"name\":\"Ta boutique en ligne HOOKAH\",\"item\":\"https:\/\/alt.thehookah.de\/fr\/ta-boutique-en-ligne-hookah\/\"},{\"@type\":\"ListItem\",\"position\":3,\"name\":\"Embout en verre WOODOO &#8211; THE HOOKAH B-Ware\"}]},{\"@type\":\"WebSite\",\"@id\":\"https:\/\/alt.thehookah.de\/fr\/#website\",\"url\":\"https:\/\/alt.thehookah.de\/fr\/\",\"name\":\"The Hookah\",\"description\":\"\",\"publisher\":{\"@id\":\"https:\/\/alt.thehookah.de\/fr\/#organization\"},\"potentialAction\":[{\"@type\":\"SearchAction\",\"target\":{\"@type\":\"EntryPoint\",\"urlTemplate\":\"https:\/\/alt.thehookah.de\/fr\/?s={search_term_string}\"},\"query-input\":\"required name=search_term_string\"}],\"inLanguage\":\"fr-FR\"},{\"@type\":\"Organization\",\"@id\":\"https:\/\/alt.thehookah.de\/fr\/#organization\",\"name\":\"The Hookah\",\"url\":\"https:\/\/alt.thehookah.de\/fr\/\",\"logo\":{\"@type\":\"ImageObject\",\"inLanguage\":\"fr-FR\",\"@id\":\"https:\/\/alt.thehookah.de\/fr\/#\/schema\/logo\/image\/\",\"url\":\"https:\/\/alt.thehookah.de\/wp-content\/uploads\/2021\/02\/cropped-logo2.png\",\"contentUrl\":\"https:\/\/alt.thehookah.de\/wp-content\/uploads\/2021\/02\/cropped-logo2.png\",\"width\":300,\"height\":86,\"caption\":\"The Hookah\"},\"image\":{\"@id\":\"https:\/\/alt.thehookah.de\/fr\/#\/schema\/logo\/image\/\"}}]}<\/script>\n<meta property=\"product:price:amount\" content=\"13.95\" \/>\n<meta property=\"product:price:currency\" content=\"EUR\" \/>\n<meta property=\"og:availability\" content=\"instock\" \/>\n<meta property=\"product:availability\" content=\"instock\" \/>\n<meta property=\"product:retailer_item_id\" content=\"GM-Woodoo\" \/>\n<meta property=\"product:condition\" content=\"new\" \/>\n<!-- \/ Yoast SEO plugin. -->","yoast_head_json":{"title":"Embout en verre Woodoo | Embout de shisha en verre","description":"Embout en verre Woodoo \u00e0 acheter en ligne dans ton Shisha Shop \u2713 Verre borosilicat\u00e9 \u2713 Contient des particules magiques \u27a4 Convient aux tuyaux en silicone du commerce !","robots":{"index":"index","follow":"follow","max-snippet":"max-snippet:-1","max-image-preview":"max-image-preview:large","max-video-preview":"max-video-preview:-1"},"canonical":"https:\/\/alt.thehookah.de\/fr\/produkt\/embout-en-verre-woodoo-the-hookah-b-ware\/","og_locale":"fr_FR","og_type":"article","og_title":"Embout en verre Woodoo | Embout de shisha en verre","og_description":"Embout en verre Woodoo \u00e0 acheter en ligne dans ton Shisha Shop \u2713 Verre borosilicat\u00e9 \u2713 Contient des particules magiques \u27a4 Convient aux tuyaux en silicone du commerce !","og_url":"https:\/\/alt.thehookah.de\/fr\/produkt\/embout-en-verre-woodoo-the-hookah-b-ware\/","og_site_name":"The Hookah","og_image":[{"width":2000,"height":2000,"url":"https:\/\/alt.thehookah.de\/wp-content\/uploads\/2019\/08\/woodoo3_neu.jpg","type":"image\/jpeg"}],"twitter_card":"summary_large_image","twitter_misc":{"Prix":"13,95&nbsp;&euro;","Disponibilit\u00e9":"En stock"},"schema":{"@context":"https:\/\/schema.org","@graph":[{"@type":"WebPage","@id":"https:\/\/alt.thehookah.de\/fr\/produkt\/embout-en-verre-woodoo-the-hookah-b-ware\/","url":"https:\/\/alt.thehookah.de\/fr\/produkt\/embout-en-verre-woodoo-the-hookah-b-ware\/","name":"Embout en verre Woodoo | Embout de shisha en verre","isPartOf":{"@id":"https:\/\/alt.thehookah.de\/fr\/#website"},"primaryImageOfPage":{"@id":"https:\/\/alt.thehookah.de\/fr\/produkt\/embout-en-verre-woodoo-the-hookah-b-ware\/#primaryimage"},"image":{"@id":"https:\/\/alt.thehookah.de\/fr\/produkt\/embout-en-verre-woodoo-the-hookah-b-ware\/#primaryimage"},"thumbnailUrl":"https:\/\/alt.thehookah.de\/wp-content\/uploads\/2019\/08\/woodoo3_neu.jpg","datePublished":"2019-08-13T19:36:41+00:00","dateModified":"2019-08-13T19:36:41+00:00","description":"Embout en verre Woodoo \u00e0 acheter en ligne dans ton Shisha Shop \u2713 Verre borosilicat\u00e9 \u2713 Contient des particules magiques \u27a4 Convient aux tuyaux en silicone du commerce !","breadcrumb":{"@id":"https:\/\/alt.thehookah.de\/fr\/produkt\/embout-en-verre-woodoo-the-hookah-b-ware\/#breadcrumb"},"inLanguage":"fr-FR","potentialAction":[{"@type":"ReadAction","target":["https:\/\/alt.thehookah.de\/fr\/produkt\/embout-en-verre-woodoo-the-hookah-b-ware\/"]}]},{"@type":"ImageObject","inLanguage":"fr-FR","@id":"https:\/\/alt.thehookah.de\/fr\/produkt\/embout-en-verre-woodoo-the-hookah-b-ware\/#primaryimage","url":"https:\/\/alt.thehookah.de\/wp-content\/uploads\/2019\/08\/woodoo3_neu.jpg","contentUrl":"https:\/\/alt.thehookah.de\/wp-content\/uploads\/2019\/08\/woodoo3_neu.jpg","width":2000,"height":2000},{"@type":"BreadcrumbList","@id":"https:\/\/alt.thehookah.de\/fr\/produkt\/embout-en-verre-woodoo-the-hookah-b-ware\/#breadcrumb","itemListElement":[{"@type":"ListItem","position":1,"name":"Startseite","item":"https:\/\/alt.thehookah.de\/fr\/"},{"@type":"ListItem","position":2,"name":"Ta boutique en ligne HOOKAH","item":"https:\/\/alt.thehookah.de\/fr\/ta-boutique-en-ligne-hookah\/"},{"@type":"ListItem","position":3,"name":"Embout en verre WOODOO &#8211; THE HOOKAH B-Ware"}]},{"@type":"WebSite","@id":"https:\/\/alt.thehookah.de\/fr\/#website","url":"https:\/\/alt.thehookah.de\/fr\/","name":"The Hookah","description":"","publisher":{"@id":"https:\/\/alt.thehookah.de\/fr\/#organization"},"potentialAction":[{"@type":"SearchAction","target":{"@type":"EntryPoint","urlTemplate":"https:\/\/alt.thehookah.de\/fr\/?s={search_term_string}"},"query-input":"required name=search_term_string"}],"inLanguage":"fr-FR"},{"@type":"Organization","@id":"https:\/\/alt.thehookah.de\/fr\/#organization","name":"The Hookah","url":"https:\/\/alt.thehookah.de\/fr\/","logo":{"@type":"ImageObject","inLanguage":"fr-FR","@id":"https:\/\/alt.thehookah.de\/fr\/#\/schema\/logo\/image\/","url":"https:\/\/alt.thehookah.de\/wp-content\/uploads\/2021\/02\/cropped-logo2.png","contentUrl":"https:\/\/alt.thehookah.de\/wp-content\/uploads\/2021\/02\/cropped-logo2.png","width":300,"height":86,"caption":"The Hookah"},"image":{"@id":"https:\/\/alt.thehookah.de\/fr\/#\/schema\/logo\/image\/"}}]},"product_price_amount":"13.95","product_price_currency":"EUR","og_availability":"instock","product_availability":"instock","product_retailer_item_id":"GM-Woodoo","product_condition":"new"},"_links":{"self":[{"href":"https:\/\/alt.thehookah.de\/fr\/wp-json\/wp\/v2\/product\/619812"}],"collection":[{"href":"https:\/\/alt.thehookah.de\/fr\/wp-json\/wp\/v2\/product"}],"about":[{"href":"https:\/\/alt.thehookah.de\/fr\/wp-json\/wp\/v2\/types\/product"}],"replies":[{"embeddable":true,"href":"https:\/\/alt.thehookah.de\/fr\/wp-json\/wp\/v2\/comments?post=619812"}],"wp:featuredmedia":[{"embeddable":true,"href":"https:\/\/alt.thehookah.de\/fr\/wp-json\/wp\/v2\/media\/579829"}],"wp:attachment":[{"href":"https:\/\/alt.thehookah.de\/fr\/wp-json\/wp\/v2\/media?parent=619812"}],"wp:term":[{"taxonomy":"product_cat","embeddable":true,"href":"https:\/\/alt.thehookah.de\/fr\/wp-json\/wp\/v2\/product_cat?post=619812"},{"taxonomy":"product_tag","embeddable":true,"href":"https:\/\/alt.thehookah.de\/fr\/wp-json\/wp\/v2\/product_tag?post=619812"}],"curies":[{"name":"wp","href":"https:\/\/api.w.org\/{rel}","templated":true}]}}