{"id":619835,"date":"2019-07-20T21:45:25","date_gmt":"2019-07-20T19:45:25","guid":{"rendered":"https:\/\/www.thehookah.de\/produkt\/the-hookah-exsl95-edition-limitee-300\/"},"modified":"2019-07-20T21:45:25","modified_gmt":"2019-07-20T19:45:25","slug":"the-hookah-exsl95-edition-limitee-300","status":"publish","type":"product","link":"https:\/\/alt.thehookah.de\/fr\/produkt\/the-hookah-exsl95-edition-limitee-300\/","title":{"rendered":"THE HOOKAH EXSL95 \u00e9dition limit\u00e9e 300"},"content":{"rendered":"<h2>THE HOOKAH EXSL95 \u00e9dition limit\u00e9e 300<\/h2>\n<h2>limit\u00e9 \u00e0 300 exemplaires<\/h2>\n<h2>100% fait main avec soin<\/h2>\n<p>&nbsp;<\/p>\n<h3 style=\"text-align: center;\">une partie des recettes sera revers\u00e9e \u00e0 des associations !<\/h3>\n<h3 style=\"text-align: center;\">o\u00f9 voter pour quoi.<\/h3>\n<p>&nbsp;<\/p>\n<h3 style=\"text-align: center;\"><strong>La shisha \/ hookah \/ pipe \u00e0 eau pour la maison et les d\u00e9placements dans une valise pratique ou simplement pour l&#8217;utiliser comme d\u00e9coration<\/strong><\/h3>\n<p>&nbsp;<\/p>\n<h2>D\u00e9tails du produit<\/h2>\n<p>hauteur totale (jusqu&#8217;au plateau de charbon) env. 48 cm<\/p>\n<div style=\"padding-top: 56.25%;\"><\/div>\n<p>&nbsp;<\/p>\n<h2>Contenu de la livraison<\/h2>\n<ul>\n<li>1 x chapeau de chemin\u00e9e V2A<\/li>\n<li>1 x t\u00eate de lecture cinq trous<\/li>\n<li><strong>1 x plateau de charbon en acier inoxydable V2A nous ne recommandons pas de charbon ici  <\/strong><\/li>\n<li><strong>car l&#8217;adaptateur de coupe de t\u00eate peut se dilater de mani\u00e8re extr\u00eame.<\/strong><\/li>\n<li><strong>et pourrait endommager la coupe 18\/8 de la colonne de fum\u00e9e.<\/strong><\/li>\n<li>1 x adaptateur de rodage de t\u00eate 18\/8<\/li>\n<li>1 x EXSL95 colonne de fum\u00e9e en verre borosilicat\u00e9 en haut 18\/8 coupe 100% artisanale<\/li>\n<li>1 x EXSL95 Bowl en verre cristal 100% artisanal<\/li>\n<li>1 x adaptateur de tuyau 18\/8<\/li>\n<li><strong>1x Soupape de soufflage 18\/8 ici, on peut directement passer au 2\u00e8me raccord avec n&#8217;importe quelle<\/strong><\/li>\n<li><strong>18\/8 Adaptateur de rodage de tuyau \/ embout \u00e9tendu<\/strong><\/li>\n<li>1 x embout 18\/8<\/li>\n<li>1 x boule en verre<\/li>\n<li>1 x tube plongeur V2A<\/li>\n<li>1 x ressort de protection contre le pliage<\/li>\n<li>1 x tuyau en silicone rouge mat<\/li>\n<li>1 x embout buccal &#8211; THE HOOKAH<\/li>\n<li>1 x pince<\/li>\n<li>1x valise<\/li>\n<\/ul>\n<p>&nbsp;<\/p>\n","protected":false},"excerpt":{"rendered":"<p>THE HOOKAH EXSL95 \u00e9dition limit\u00e9e 300 limit\u00e9 \u00e0 300 exemplaires 100% fait main avec soin &nbsp; une partie des recettes sera revers\u00e9e \u00e0 des associations ! o\u00f9 voter pour quoi. &nbsp; La shisha \/ hookah \/ pipe \u00e0 eau pour la maison et les d\u00e9placements dans une valise pratique ou simplement pour l&#8217;utiliser comme d\u00e9coration [&hellip;]<\/p>\n","protected":false},"featured_media":574494,"comment_status":"open","ping_status":"closed","template":"","meta":[],"product_cat":[316,321],"product_tag":[],"yoast_head":"<!-- This site is optimized with the Yoast SEO plugin v22.5 - https:\/\/yoast.com\/wordpress\/plugins\/seo\/ -->\n<title>THE HOOKAH EXSL95 limited Edition 300 | Shisha in limited edition<\/title>\n<meta name=\"description\" content=\"THE HOOKAH EXSL95 limited Edition 300, 100% Handmade, La shisha\/pipe \u00e0 eau pour la maison &amp; en voyage dans une valise pratique ou simplement comme d\u00e9coration !\" \/>\n<meta name=\"robots\" content=\"index, follow, max-snippet:-1, max-image-preview:large, max-video-preview:-1\" \/>\n<link rel=\"canonical\" href=\"https:\/\/alt.thehookah.de\/fr\/produkt\/the-hookah-exsl95-edition-limitee-300\/\" \/>\n<meta property=\"og:locale\" content=\"fr_FR\" \/>\n<meta property=\"og:type\" content=\"article\" \/>\n<meta property=\"og:title\" content=\"THE HOOKAH EXSL95 limited Edition 300 | Shisha in limited edition\" \/>\n<meta property=\"og:description\" content=\"THE HOOKAH EXSL95 limited Edition 300, 100% Handmade, La shisha\/pipe \u00e0 eau pour la maison &amp; en voyage dans une valise pratique ou simplement comme d\u00e9coration !\" \/>\n<meta property=\"og:url\" content=\"https:\/\/alt.thehookah.de\/fr\/produkt\/the-hookah-exsl95-edition-limitee-300\/\" \/>\n<meta property=\"og:site_name\" content=\"The Hookah\" \/>\n<meta property=\"og:image\" content=\"https:\/\/alt.thehookah.de\/wp-content\/uploads\/2019\/07\/exsl1.jpg\" \/>\n\t<meta property=\"og:image:width\" content=\"2000\" \/>\n\t<meta property=\"og:image:height\" content=\"2000\" \/>\n\t<meta property=\"og:image:type\" content=\"image\/jpeg\" \/>\n<meta name=\"twitter:card\" content=\"summary_large_image\" \/>\n<meta name=\"twitter:label1\" content=\"Prix\" \/>\n\t<meta name=\"twitter:data1\" content=\"174,00&nbsp;&euro;\" \/>\n\t<meta name=\"twitter:label2\" content=\"Disponibilit\u00e9\" \/>\n\t<meta name=\"twitter:data2\" content=\"Rupture de stock\" \/>\n<script type=\"application\/ld+json\" class=\"yoast-schema-graph\">{\"@context\":\"https:\/\/schema.org\",\"@graph\":[{\"@type\":\"WebPage\",\"@id\":\"https:\/\/alt.thehookah.de\/fr\/produkt\/the-hookah-exsl95-edition-limitee-300\/\",\"url\":\"https:\/\/alt.thehookah.de\/fr\/produkt\/the-hookah-exsl95-edition-limitee-300\/\",\"name\":\"THE HOOKAH EXSL95 limited Edition 300 | Shisha in limited edition\",\"isPartOf\":{\"@id\":\"https:\/\/alt.thehookah.de\/fr\/#website\"},\"primaryImageOfPage\":{\"@id\":\"https:\/\/alt.thehookah.de\/fr\/produkt\/the-hookah-exsl95-edition-limitee-300\/#primaryimage\"},\"image\":{\"@id\":\"https:\/\/alt.thehookah.de\/fr\/produkt\/the-hookah-exsl95-edition-limitee-300\/#primaryimage\"},\"thumbnailUrl\":\"https:\/\/alt.thehookah.de\/wp-content\/uploads\/2019\/07\/exsl1.jpg\",\"datePublished\":\"2019-07-20T19:45:25+00:00\",\"dateModified\":\"2019-07-20T19:45:25+00:00\",\"description\":\"THE HOOKAH EXSL95 limited Edition 300, 100% Handmade, La shisha\/pipe \u00e0 eau pour la maison & en voyage dans une valise pratique ou simplement comme d\u00e9coration !\",\"breadcrumb\":{\"@id\":\"https:\/\/alt.thehookah.de\/fr\/produkt\/the-hookah-exsl95-edition-limitee-300\/#breadcrumb\"},\"inLanguage\":\"fr-FR\",\"potentialAction\":[{\"@type\":\"ReadAction\",\"target\":[\"https:\/\/alt.thehookah.de\/fr\/produkt\/the-hookah-exsl95-edition-limitee-300\/\"]}]},{\"@type\":\"ImageObject\",\"inLanguage\":\"fr-FR\",\"@id\":\"https:\/\/alt.thehookah.de\/fr\/produkt\/the-hookah-exsl95-edition-limitee-300\/#primaryimage\",\"url\":\"https:\/\/alt.thehookah.de\/wp-content\/uploads\/2019\/07\/exsl1.jpg\",\"contentUrl\":\"https:\/\/alt.thehookah.de\/wp-content\/uploads\/2019\/07\/exsl1.jpg\",\"width\":2000,\"height\":2000},{\"@type\":\"BreadcrumbList\",\"@id\":\"https:\/\/alt.thehookah.de\/fr\/produkt\/the-hookah-exsl95-edition-limitee-300\/#breadcrumb\",\"itemListElement\":[{\"@type\":\"ListItem\",\"position\":1,\"name\":\"Startseite\",\"item\":\"https:\/\/alt.thehookah.de\/fr\/\"},{\"@type\":\"ListItem\",\"position\":2,\"name\":\"Ta boutique en ligne HOOKAH\",\"item\":\"https:\/\/alt.thehookah.de\/fr\/ta-boutique-en-ligne-hookah\/\"},{\"@type\":\"ListItem\",\"position\":3,\"name\":\"THE HOOKAH EXSL95 \u00e9dition limit\u00e9e 300\"}]},{\"@type\":\"WebSite\",\"@id\":\"https:\/\/alt.thehookah.de\/fr\/#website\",\"url\":\"https:\/\/alt.thehookah.de\/fr\/\",\"name\":\"The Hookah\",\"description\":\"\",\"publisher\":{\"@id\":\"https:\/\/alt.thehookah.de\/fr\/#organization\"},\"potentialAction\":[{\"@type\":\"SearchAction\",\"target\":{\"@type\":\"EntryPoint\",\"urlTemplate\":\"https:\/\/alt.thehookah.de\/fr\/?s={search_term_string}\"},\"query-input\":\"required name=search_term_string\"}],\"inLanguage\":\"fr-FR\"},{\"@type\":\"Organization\",\"@id\":\"https:\/\/alt.thehookah.de\/fr\/#organization\",\"name\":\"The Hookah\",\"url\":\"https:\/\/alt.thehookah.de\/fr\/\",\"logo\":{\"@type\":\"ImageObject\",\"inLanguage\":\"fr-FR\",\"@id\":\"https:\/\/alt.thehookah.de\/fr\/#\/schema\/logo\/image\/\",\"url\":\"https:\/\/alt.thehookah.de\/wp-content\/uploads\/2021\/02\/cropped-logo2.png\",\"contentUrl\":\"https:\/\/alt.thehookah.de\/wp-content\/uploads\/2021\/02\/cropped-logo2.png\",\"width\":300,\"height\":86,\"caption\":\"The Hookah\"},\"image\":{\"@id\":\"https:\/\/alt.thehookah.de\/fr\/#\/schema\/logo\/image\/\"}}]}<\/script>\n<meta property=\"product:price:amount\" content=\"174.00\" \/>\n<meta property=\"product:price:currency\" content=\"EUR\" \/>\n<meta property=\"og:availability\" content=\"out of stock\" \/>\n<meta property=\"product:availability\" content=\"out of stock\" \/>\n<meta property=\"product:retailer_item_id\" content=\"EXSL95\" \/>\n<meta property=\"product:condition\" content=\"new\" \/>\n<!-- \/ Yoast SEO plugin. -->","yoast_head_json":{"title":"THE HOOKAH EXSL95 limited Edition 300 | Shisha in limited edition","description":"THE HOOKAH EXSL95 limited Edition 300, 100% Handmade, La shisha\/pipe \u00e0 eau pour la maison & en voyage dans une valise pratique ou simplement comme d\u00e9coration !","robots":{"index":"index","follow":"follow","max-snippet":"max-snippet:-1","max-image-preview":"max-image-preview:large","max-video-preview":"max-video-preview:-1"},"canonical":"https:\/\/alt.thehookah.de\/fr\/produkt\/the-hookah-exsl95-edition-limitee-300\/","og_locale":"fr_FR","og_type":"article","og_title":"THE HOOKAH EXSL95 limited Edition 300 | Shisha in limited edition","og_description":"THE HOOKAH EXSL95 limited Edition 300, 100% Handmade, La shisha\/pipe \u00e0 eau pour la maison & en voyage dans une valise pratique ou simplement comme d\u00e9coration !","og_url":"https:\/\/alt.thehookah.de\/fr\/produkt\/the-hookah-exsl95-edition-limitee-300\/","og_site_name":"The Hookah","og_image":[{"width":2000,"height":2000,"url":"https:\/\/alt.thehookah.de\/wp-content\/uploads\/2019\/07\/exsl1.jpg","type":"image\/jpeg"}],"twitter_card":"summary_large_image","twitter_misc":{"Prix":"174,00&nbsp;&euro;","Disponibilit\u00e9":"Rupture de stock"},"schema":{"@context":"https:\/\/schema.org","@graph":[{"@type":"WebPage","@id":"https:\/\/alt.thehookah.de\/fr\/produkt\/the-hookah-exsl95-edition-limitee-300\/","url":"https:\/\/alt.thehookah.de\/fr\/produkt\/the-hookah-exsl95-edition-limitee-300\/","name":"THE HOOKAH EXSL95 limited Edition 300 | Shisha in limited edition","isPartOf":{"@id":"https:\/\/alt.thehookah.de\/fr\/#website"},"primaryImageOfPage":{"@id":"https:\/\/alt.thehookah.de\/fr\/produkt\/the-hookah-exsl95-edition-limitee-300\/#primaryimage"},"image":{"@id":"https:\/\/alt.thehookah.de\/fr\/produkt\/the-hookah-exsl95-edition-limitee-300\/#primaryimage"},"thumbnailUrl":"https:\/\/alt.thehookah.de\/wp-content\/uploads\/2019\/07\/exsl1.jpg","datePublished":"2019-07-20T19:45:25+00:00","dateModified":"2019-07-20T19:45:25+00:00","description":"THE HOOKAH EXSL95 limited Edition 300, 100% Handmade, La shisha\/pipe \u00e0 eau pour la maison & en voyage dans une valise pratique ou simplement comme d\u00e9coration !","breadcrumb":{"@id":"https:\/\/alt.thehookah.de\/fr\/produkt\/the-hookah-exsl95-edition-limitee-300\/#breadcrumb"},"inLanguage":"fr-FR","potentialAction":[{"@type":"ReadAction","target":["https:\/\/alt.thehookah.de\/fr\/produkt\/the-hookah-exsl95-edition-limitee-300\/"]}]},{"@type":"ImageObject","inLanguage":"fr-FR","@id":"https:\/\/alt.thehookah.de\/fr\/produkt\/the-hookah-exsl95-edition-limitee-300\/#primaryimage","url":"https:\/\/alt.thehookah.de\/wp-content\/uploads\/2019\/07\/exsl1.jpg","contentUrl":"https:\/\/alt.thehookah.de\/wp-content\/uploads\/2019\/07\/exsl1.jpg","width":2000,"height":2000},{"@type":"BreadcrumbList","@id":"https:\/\/alt.thehookah.de\/fr\/produkt\/the-hookah-exsl95-edition-limitee-300\/#breadcrumb","itemListElement":[{"@type":"ListItem","position":1,"name":"Startseite","item":"https:\/\/alt.thehookah.de\/fr\/"},{"@type":"ListItem","position":2,"name":"Ta boutique en ligne HOOKAH","item":"https:\/\/alt.thehookah.de\/fr\/ta-boutique-en-ligne-hookah\/"},{"@type":"ListItem","position":3,"name":"THE HOOKAH EXSL95 \u00e9dition limit\u00e9e 300"}]},{"@type":"WebSite","@id":"https:\/\/alt.thehookah.de\/fr\/#website","url":"https:\/\/alt.thehookah.de\/fr\/","name":"The Hookah","description":"","publisher":{"@id":"https:\/\/alt.thehookah.de\/fr\/#organization"},"potentialAction":[{"@type":"SearchAction","target":{"@type":"EntryPoint","urlTemplate":"https:\/\/alt.thehookah.de\/fr\/?s={search_term_string}"},"query-input":"required name=search_term_string"}],"inLanguage":"fr-FR"},{"@type":"Organization","@id":"https:\/\/alt.thehookah.de\/fr\/#organization","name":"The Hookah","url":"https:\/\/alt.thehookah.de\/fr\/","logo":{"@type":"ImageObject","inLanguage":"fr-FR","@id":"https:\/\/alt.thehookah.de\/fr\/#\/schema\/logo\/image\/","url":"https:\/\/alt.thehookah.de\/wp-content\/uploads\/2021\/02\/cropped-logo2.png","contentUrl":"https:\/\/alt.thehookah.de\/wp-content\/uploads\/2021\/02\/cropped-logo2.png","width":300,"height":86,"caption":"The Hookah"},"image":{"@id":"https:\/\/alt.thehookah.de\/fr\/#\/schema\/logo\/image\/"}}]},"product_price_amount":"174.00","product_price_currency":"EUR","og_availability":"out of stock","product_availability":"out of stock","product_retailer_item_id":"EXSL95","product_condition":"new"},"_links":{"self":[{"href":"https:\/\/alt.thehookah.de\/fr\/wp-json\/wp\/v2\/product\/619835"}],"collection":[{"href":"https:\/\/alt.thehookah.de\/fr\/wp-json\/wp\/v2\/product"}],"about":[{"href":"https:\/\/alt.thehookah.de\/fr\/wp-json\/wp\/v2\/types\/product"}],"replies":[{"embeddable":true,"href":"https:\/\/alt.thehookah.de\/fr\/wp-json\/wp\/v2\/comments?post=619835"}],"wp:featuredmedia":[{"embeddable":true,"href":"https:\/\/alt.thehookah.de\/fr\/wp-json\/wp\/v2\/media\/574494"}],"wp:attachment":[{"href":"https:\/\/alt.thehookah.de\/fr\/wp-json\/wp\/v2\/media?parent=619835"}],"wp:term":[{"taxonomy":"product_cat","embeddable":true,"href":"https:\/\/alt.thehookah.de\/fr\/wp-json\/wp\/v2\/product_cat?post=619835"},{"taxonomy":"product_tag","embeddable":true,"href":"https:\/\/alt.thehookah.de\/fr\/wp-json\/wp\/v2\/product_tag?post=619835"}],"curies":[{"name":"wp","href":"https:\/\/api.w.org\/{rel}","templated":true}]}}