{"id":619856,"date":"2019-06-29T13:56:18","date_gmt":"2019-06-29T11:56:18","guid":{"rendered":"https:\/\/www.thehookah.de\/produkt\/peche-en-eau-douce-skywalker-18-8\/"},"modified":"2019-06-29T13:56:18","modified_gmt":"2019-06-29T11:56:18","slug":"peche-en-eau-douce-skywalker-18-8","status":"publish","type":"product","link":"https:\/\/alt.thehookah.de\/fr\/produkt\/peche-en-eau-douce-skywalker-18-8\/","title":{"rendered":"P\u00eache en eau douce SKYWALKER 18.8"},"content":{"rendered":"<h2>MOLASSE SKYWALKER 18.8<\/h2>\n<p><strong>Mat\u00e9riau : verre borosilicat\u00e9<\/strong><\/p>\n<p>&nbsp;<\/p>\n<p>Remarque : la base et la colonne de fum\u00e9e illustr\u00e9es ne sont pas fournies.<\/p>\n","protected":false},"excerpt":{"rendered":"<p>MOLASSE SKYWALKER 18.8 Mat\u00e9riau : verre borosilicat\u00e9 &nbsp; Remarque : la base et la colonne de fum\u00e9e illustr\u00e9es ne sont pas fournies.<\/p>\n","protected":false},"featured_media":558719,"comment_status":"open","ping_status":"closed","template":"","meta":[],"product_cat":[310,311,333],"product_tag":[],"yoast_head":"<!-- This site is optimized with the Yoast SEO plugin v22.5 - https:\/\/yoast.com\/wordpress\/plugins\/seo\/ -->\n<title>Capteur de molasse SKYWALKER 18.8 | Acheter maintenant dans la boutique<\/title>\n<meta name=\"description\" content=\"Attrapeur de molasse SKYWALKER 18.8 dans la boutique THE HOOKAH Shisha acheter en ligne \u00e0 bas prix, attrapeur de molasse noble en verre ainsi que d&#039;autres accessoires pour shisha ici !\" \/>\n<meta name=\"robots\" content=\"index, follow, max-snippet:-1, max-image-preview:large, max-video-preview:-1\" \/>\n<link rel=\"canonical\" href=\"https:\/\/alt.thehookah.de\/fr\/produkt\/peche-en-eau-douce-skywalker-18-8\/\" \/>\n<meta property=\"og:locale\" content=\"fr_FR\" \/>\n<meta property=\"og:type\" content=\"article\" \/>\n<meta property=\"og:title\" content=\"Capteur de molasse SKYWALKER 18.8 | Acheter maintenant dans la boutique\" \/>\n<meta property=\"og:description\" content=\"Attrapeur de molasse SKYWALKER 18.8 dans la boutique THE HOOKAH Shisha acheter en ligne \u00e0 bas prix, attrapeur de molasse noble en verre ainsi que d&#039;autres accessoires pour shisha ici !\" \/>\n<meta property=\"og:url\" content=\"https:\/\/alt.thehookah.de\/fr\/produkt\/peche-en-eau-douce-skywalker-18-8\/\" \/>\n<meta property=\"og:site_name\" content=\"The Hookah\" \/>\n<meta property=\"og:image\" content=\"https:\/\/alt.thehookah.de\/wp-content\/uploads\/2019\/04\/skywalke9-1.jpg\" \/>\n\t<meta property=\"og:image:width\" content=\"2000\" \/>\n\t<meta property=\"og:image:height\" content=\"2000\" \/>\n\t<meta property=\"og:image:type\" content=\"image\/jpeg\" \/>\n<meta name=\"twitter:card\" content=\"summary_large_image\" \/>\n<meta name=\"twitter:label1\" content=\"Prix\" \/>\n\t<meta name=\"twitter:data1\" content=\"24,99&nbsp;&euro;\" \/>\n\t<meta name=\"twitter:label2\" content=\"Disponibilit\u00e9\" \/>\n\t<meta name=\"twitter:data2\" content=\"Rupture de stock\" \/>\n<script type=\"application\/ld+json\" class=\"yoast-schema-graph\">{\"@context\":\"https:\/\/schema.org\",\"@graph\":[{\"@type\":\"WebPage\",\"@id\":\"https:\/\/alt.thehookah.de\/fr\/produkt\/peche-en-eau-douce-skywalker-18-8\/\",\"url\":\"https:\/\/alt.thehookah.de\/fr\/produkt\/peche-en-eau-douce-skywalker-18-8\/\",\"name\":\"Capteur de molasse SKYWALKER 18.8 | Acheter maintenant dans la boutique\",\"isPartOf\":{\"@id\":\"https:\/\/alt.thehookah.de\/fr\/#website\"},\"primaryImageOfPage\":{\"@id\":\"https:\/\/alt.thehookah.de\/fr\/produkt\/peche-en-eau-douce-skywalker-18-8\/#primaryimage\"},\"image\":{\"@id\":\"https:\/\/alt.thehookah.de\/fr\/produkt\/peche-en-eau-douce-skywalker-18-8\/#primaryimage\"},\"thumbnailUrl\":\"https:\/\/alt.thehookah.de\/wp-content\/uploads\/2019\/04\/skywalke9-1.jpg\",\"datePublished\":\"2019-06-29T11:56:18+00:00\",\"dateModified\":\"2019-06-29T11:56:18+00:00\",\"description\":\"Attrapeur de molasse SKYWALKER 18.8 dans la boutique THE HOOKAH Shisha acheter en ligne \u00e0 bas prix, attrapeur de molasse noble en verre ainsi que d'autres accessoires pour shisha ici !\",\"breadcrumb\":{\"@id\":\"https:\/\/alt.thehookah.de\/fr\/produkt\/peche-en-eau-douce-skywalker-18-8\/#breadcrumb\"},\"inLanguage\":\"fr-FR\",\"potentialAction\":[{\"@type\":\"ReadAction\",\"target\":[\"https:\/\/alt.thehookah.de\/fr\/produkt\/peche-en-eau-douce-skywalker-18-8\/\"]}]},{\"@type\":\"ImageObject\",\"inLanguage\":\"fr-FR\",\"@id\":\"https:\/\/alt.thehookah.de\/fr\/produkt\/peche-en-eau-douce-skywalker-18-8\/#primaryimage\",\"url\":\"https:\/\/alt.thehookah.de\/wp-content\/uploads\/2019\/04\/skywalke9-1.jpg\",\"contentUrl\":\"https:\/\/alt.thehookah.de\/wp-content\/uploads\/2019\/04\/skywalke9-1.jpg\",\"width\":2000,\"height\":2000,\"caption\":\"MOLASSE SKYWALKER 18.8\"},{\"@type\":\"BreadcrumbList\",\"@id\":\"https:\/\/alt.thehookah.de\/fr\/produkt\/peche-en-eau-douce-skywalker-18-8\/#breadcrumb\",\"itemListElement\":[{\"@type\":\"ListItem\",\"position\":1,\"name\":\"Startseite\",\"item\":\"https:\/\/alt.thehookah.de\/fr\/\"},{\"@type\":\"ListItem\",\"position\":2,\"name\":\"Ta boutique en ligne HOOKAH\",\"item\":\"https:\/\/alt.thehookah.de\/fr\/ta-boutique-en-ligne-hookah\/\"},{\"@type\":\"ListItem\",\"position\":3,\"name\":\"P\u00eache en eau douce SKYWALKER 18.8\"}]},{\"@type\":\"WebSite\",\"@id\":\"https:\/\/alt.thehookah.de\/fr\/#website\",\"url\":\"https:\/\/alt.thehookah.de\/fr\/\",\"name\":\"The Hookah\",\"description\":\"\",\"publisher\":{\"@id\":\"https:\/\/alt.thehookah.de\/fr\/#organization\"},\"potentialAction\":[{\"@type\":\"SearchAction\",\"target\":{\"@type\":\"EntryPoint\",\"urlTemplate\":\"https:\/\/alt.thehookah.de\/fr\/?s={search_term_string}\"},\"query-input\":\"required name=search_term_string\"}],\"inLanguage\":\"fr-FR\"},{\"@type\":\"Organization\",\"@id\":\"https:\/\/alt.thehookah.de\/fr\/#organization\",\"name\":\"The Hookah\",\"url\":\"https:\/\/alt.thehookah.de\/fr\/\",\"logo\":{\"@type\":\"ImageObject\",\"inLanguage\":\"fr-FR\",\"@id\":\"https:\/\/alt.thehookah.de\/fr\/#\/schema\/logo\/image\/\",\"url\":\"https:\/\/alt.thehookah.de\/wp-content\/uploads\/2021\/02\/cropped-logo2.png\",\"contentUrl\":\"https:\/\/alt.thehookah.de\/wp-content\/uploads\/2021\/02\/cropped-logo2.png\",\"width\":300,\"height\":86,\"caption\":\"The Hookah\"},\"image\":{\"@id\":\"https:\/\/alt.thehookah.de\/fr\/#\/schema\/logo\/image\/\"}}]}<\/script>\n<meta property=\"product:price:amount\" content=\"24.99\" \/>\n<meta property=\"product:price:currency\" content=\"EUR\" \/>\n<meta property=\"og:availability\" content=\"out of stock\" \/>\n<meta property=\"product:availability\" content=\"out of stock\" \/>\n<meta property=\"product:retailer_item_id\" content=\"MFSky-01\" \/>\n<meta property=\"product:condition\" content=\"new\" \/>\n<!-- \/ Yoast SEO plugin. -->","yoast_head_json":{"title":"Capteur de molasse SKYWALKER 18.8 | Acheter maintenant dans la boutique","description":"Attrapeur de molasse SKYWALKER 18.8 dans la boutique THE HOOKAH Shisha acheter en ligne \u00e0 bas prix, attrapeur de molasse noble en verre ainsi que d'autres accessoires pour shisha ici !","robots":{"index":"index","follow":"follow","max-snippet":"max-snippet:-1","max-image-preview":"max-image-preview:large","max-video-preview":"max-video-preview:-1"},"canonical":"https:\/\/alt.thehookah.de\/fr\/produkt\/peche-en-eau-douce-skywalker-18-8\/","og_locale":"fr_FR","og_type":"article","og_title":"Capteur de molasse SKYWALKER 18.8 | Acheter maintenant dans la boutique","og_description":"Attrapeur de molasse SKYWALKER 18.8 dans la boutique THE HOOKAH Shisha acheter en ligne \u00e0 bas prix, attrapeur de molasse noble en verre ainsi que d'autres accessoires pour shisha ici !","og_url":"https:\/\/alt.thehookah.de\/fr\/produkt\/peche-en-eau-douce-skywalker-18-8\/","og_site_name":"The Hookah","og_image":[{"width":2000,"height":2000,"url":"https:\/\/alt.thehookah.de\/wp-content\/uploads\/2019\/04\/skywalke9-1.jpg","type":"image\/jpeg"}],"twitter_card":"summary_large_image","twitter_misc":{"Prix":"24,99&nbsp;&euro;","Disponibilit\u00e9":"Rupture de stock"},"schema":{"@context":"https:\/\/schema.org","@graph":[{"@type":"WebPage","@id":"https:\/\/alt.thehookah.de\/fr\/produkt\/peche-en-eau-douce-skywalker-18-8\/","url":"https:\/\/alt.thehookah.de\/fr\/produkt\/peche-en-eau-douce-skywalker-18-8\/","name":"Capteur de molasse SKYWALKER 18.8 | Acheter maintenant dans la boutique","isPartOf":{"@id":"https:\/\/alt.thehookah.de\/fr\/#website"},"primaryImageOfPage":{"@id":"https:\/\/alt.thehookah.de\/fr\/produkt\/peche-en-eau-douce-skywalker-18-8\/#primaryimage"},"image":{"@id":"https:\/\/alt.thehookah.de\/fr\/produkt\/peche-en-eau-douce-skywalker-18-8\/#primaryimage"},"thumbnailUrl":"https:\/\/alt.thehookah.de\/wp-content\/uploads\/2019\/04\/skywalke9-1.jpg","datePublished":"2019-06-29T11:56:18+00:00","dateModified":"2019-06-29T11:56:18+00:00","description":"Attrapeur de molasse SKYWALKER 18.8 dans la boutique THE HOOKAH Shisha acheter en ligne \u00e0 bas prix, attrapeur de molasse noble en verre ainsi que d'autres accessoires pour shisha ici !","breadcrumb":{"@id":"https:\/\/alt.thehookah.de\/fr\/produkt\/peche-en-eau-douce-skywalker-18-8\/#breadcrumb"},"inLanguage":"fr-FR","potentialAction":[{"@type":"ReadAction","target":["https:\/\/alt.thehookah.de\/fr\/produkt\/peche-en-eau-douce-skywalker-18-8\/"]}]},{"@type":"ImageObject","inLanguage":"fr-FR","@id":"https:\/\/alt.thehookah.de\/fr\/produkt\/peche-en-eau-douce-skywalker-18-8\/#primaryimage","url":"https:\/\/alt.thehookah.de\/wp-content\/uploads\/2019\/04\/skywalke9-1.jpg","contentUrl":"https:\/\/alt.thehookah.de\/wp-content\/uploads\/2019\/04\/skywalke9-1.jpg","width":2000,"height":2000,"caption":"MOLASSE SKYWALKER 18.8"},{"@type":"BreadcrumbList","@id":"https:\/\/alt.thehookah.de\/fr\/produkt\/peche-en-eau-douce-skywalker-18-8\/#breadcrumb","itemListElement":[{"@type":"ListItem","position":1,"name":"Startseite","item":"https:\/\/alt.thehookah.de\/fr\/"},{"@type":"ListItem","position":2,"name":"Ta boutique en ligne HOOKAH","item":"https:\/\/alt.thehookah.de\/fr\/ta-boutique-en-ligne-hookah\/"},{"@type":"ListItem","position":3,"name":"P\u00eache en eau douce SKYWALKER 18.8"}]},{"@type":"WebSite","@id":"https:\/\/alt.thehookah.de\/fr\/#website","url":"https:\/\/alt.thehookah.de\/fr\/","name":"The Hookah","description":"","publisher":{"@id":"https:\/\/alt.thehookah.de\/fr\/#organization"},"potentialAction":[{"@type":"SearchAction","target":{"@type":"EntryPoint","urlTemplate":"https:\/\/alt.thehookah.de\/fr\/?s={search_term_string}"},"query-input":"required name=search_term_string"}],"inLanguage":"fr-FR"},{"@type":"Organization","@id":"https:\/\/alt.thehookah.de\/fr\/#organization","name":"The Hookah","url":"https:\/\/alt.thehookah.de\/fr\/","logo":{"@type":"ImageObject","inLanguage":"fr-FR","@id":"https:\/\/alt.thehookah.de\/fr\/#\/schema\/logo\/image\/","url":"https:\/\/alt.thehookah.de\/wp-content\/uploads\/2021\/02\/cropped-logo2.png","contentUrl":"https:\/\/alt.thehookah.de\/wp-content\/uploads\/2021\/02\/cropped-logo2.png","width":300,"height":86,"caption":"The Hookah"},"image":{"@id":"https:\/\/alt.thehookah.de\/fr\/#\/schema\/logo\/image\/"}}]},"product_price_amount":"24.99","product_price_currency":"EUR","og_availability":"out of stock","product_availability":"out of stock","product_retailer_item_id":"MFSky-01","product_condition":"new"},"_links":{"self":[{"href":"https:\/\/alt.thehookah.de\/fr\/wp-json\/wp\/v2\/product\/619856"}],"collection":[{"href":"https:\/\/alt.thehookah.de\/fr\/wp-json\/wp\/v2\/product"}],"about":[{"href":"https:\/\/alt.thehookah.de\/fr\/wp-json\/wp\/v2\/types\/product"}],"replies":[{"embeddable":true,"href":"https:\/\/alt.thehookah.de\/fr\/wp-json\/wp\/v2\/comments?post=619856"}],"wp:featuredmedia":[{"embeddable":true,"href":"https:\/\/alt.thehookah.de\/fr\/wp-json\/wp\/v2\/media\/558719"}],"wp:attachment":[{"href":"https:\/\/alt.thehookah.de\/fr\/wp-json\/wp\/v2\/media?parent=619856"}],"wp:term":[{"taxonomy":"product_cat","embeddable":true,"href":"https:\/\/alt.thehookah.de\/fr\/wp-json\/wp\/v2\/product_cat?post=619856"},{"taxonomy":"product_tag","embeddable":true,"href":"https:\/\/alt.thehookah.de\/fr\/wp-json\/wp\/v2\/product_tag?post=619856"}],"curies":[{"name":"wp","href":"https:\/\/api.w.org\/{rel}","templated":true}]}}