{"id":619944,"date":"2019-06-19T12:38:35","date_gmt":"2019-06-19T10:38:35","guid":{"rendered":"https:\/\/www.thehookah.de\/produkt\/ice-bazooka-avec-pad-refrigerant-the-hookah\/"},"modified":"2019-06-19T12:38:35","modified_gmt":"2019-06-19T10:38:35","slug":"ice-bazooka-avec-pad-refrigerant-the-hookah","status":"publish","type":"product","link":"https:\/\/alt.thehookah.de\/fr\/produkt\/ice-bazooka-avec-pad-refrigerant-the-hookah\/","title":{"rendered":"Ice Bazooka avec pad r\u00e9frig\u00e9rant THE HOOKAH"},"content":{"rendered":"<h2 style=\"text-align: center;\"><strong>THE HOOKAH Embouchure Ice Bazooka<\/strong><\/h2>\n<h2 style=\"text-align: center;\"><strong>Embout buccal avec pad de refroidissement<\/strong><\/h2>\n<p>Le Ice Bazooka se compose de deux moiti\u00e9s vissables avec un pad de refroidissement<\/p>\n<p>s&#8217;adapte au tuyau en silicone .<\/p>\n<p>L&#8217;Ice Bazooka se compose de deux moiti\u00e9s vissables avec un accumulateur de refroidissement et se fixe simplement sur un tuyau en silicone disponible dans le commerce.<\/p>\n<p>Refroidit la fum\u00e9e de shishar\/shisha de mani\u00e8re particuli\u00e8rement agr\u00e9able en \u00e9t\u00e9<\/p>\n<ul>\n<li>Disponible en bleu, rouge, blanc et gris<\/li>\n<\/ul>\n","protected":false},"excerpt":{"rendered":"<p>THE HOOKAH Embouchure Ice Bazooka Embout buccal avec pad de refroidissement Le Ice Bazooka se compose de deux moiti\u00e9s vissables avec un pad de refroidissement s&#8217;adapte au tuyau en silicone . L&#8217;Ice Bazooka se compose de deux moiti\u00e9s vissables avec un accumulateur de refroidissement et se fixe simplement sur un tuyau en silicone disponible dans [&hellip;]<\/p>\n","protected":false},"featured_media":567162,"comment_status":"open","ping_status":"closed","template":"","meta":[],"product_cat":[310,344],"product_tag":[],"yoast_head":"<!-- This site is optimized with the Yoast SEO plugin v22.5 - https:\/\/yoast.com\/wordpress\/plugins\/seo\/ -->\n<title>Ice Bazooka incl. pad de refroidissement THE HOOKAH | Embout de shisha avec pad de refroidissement<\/title>\n<meta name=\"description\" content=\"Ice Bazooka incl. pad de refroidissement THE HOOKAH ici dans la boutique en ligne \u2713 compos\u00e9 de deux moiti\u00e9s vissables avec un pad de refroidissement adapt\u00e9 au tuyau en silicone \u2713 plusieurs couleurs\" \/>\n<meta name=\"robots\" content=\"index, follow, max-snippet:-1, max-image-preview:large, max-video-preview:-1\" \/>\n<link rel=\"canonical\" href=\"https:\/\/alt.thehookah.de\/fr\/produkt\/ice-bazooka-avec-pad-refrigerant-the-hookah\/\" \/>\n<meta property=\"og:locale\" content=\"fr_FR\" \/>\n<meta property=\"og:type\" content=\"article\" \/>\n<meta property=\"og:title\" content=\"Ice Bazooka incl. pad de refroidissement THE HOOKAH | Embout de shisha avec pad de refroidissement\" \/>\n<meta property=\"og:description\" content=\"Ice Bazooka incl. pad de refroidissement THE HOOKAH ici dans la boutique en ligne \u2713 compos\u00e9 de deux moiti\u00e9s vissables avec un pad de refroidissement adapt\u00e9 au tuyau en silicone \u2713 plusieurs couleurs\" \/>\n<meta property=\"og:url\" content=\"https:\/\/alt.thehookah.de\/fr\/produkt\/ice-bazooka-avec-pad-refrigerant-the-hookah\/\" \/>\n<meta property=\"og:site_name\" content=\"The Hookah\" \/>\n<meta property=\"og:image\" content=\"https:\/\/alt.thehookah.de\/wp-content\/uploads\/2019\/06\/eis1_1.jpg\" \/>\n\t<meta property=\"og:image:width\" content=\"2000\" \/>\n\t<meta property=\"og:image:height\" content=\"2000\" \/>\n\t<meta property=\"og:image:type\" content=\"image\/jpeg\" \/>\n<meta name=\"twitter:card\" content=\"summary_large_image\" \/>\n<meta name=\"twitter:label1\" content=\"Disponibilit\u00e9\" \/>\n\t<meta name=\"twitter:data1\" content=\"En stock\" \/>\n<script type=\"application\/ld+json\" class=\"yoast-schema-graph\">{\"@context\":\"https:\/\/schema.org\",\"@graph\":[{\"@type\":\"WebPage\",\"@id\":\"https:\/\/alt.thehookah.de\/fr\/produkt\/ice-bazooka-avec-pad-refrigerant-the-hookah\/\",\"url\":\"https:\/\/alt.thehookah.de\/fr\/produkt\/ice-bazooka-avec-pad-refrigerant-the-hookah\/\",\"name\":\"Ice Bazooka incl. pad de refroidissement THE HOOKAH | Embout de shisha avec pad de refroidissement\",\"isPartOf\":{\"@id\":\"https:\/\/alt.thehookah.de\/fr\/#website\"},\"primaryImageOfPage\":{\"@id\":\"https:\/\/alt.thehookah.de\/fr\/produkt\/ice-bazooka-avec-pad-refrigerant-the-hookah\/#primaryimage\"},\"image\":{\"@id\":\"https:\/\/alt.thehookah.de\/fr\/produkt\/ice-bazooka-avec-pad-refrigerant-the-hookah\/#primaryimage\"},\"thumbnailUrl\":\"https:\/\/alt.thehookah.de\/wp-content\/uploads\/2019\/06\/eis1_1.jpg\",\"datePublished\":\"2019-06-19T10:38:35+00:00\",\"dateModified\":\"2019-06-19T10:38:35+00:00\",\"description\":\"Ice Bazooka incl. pad de refroidissement THE HOOKAH ici dans la boutique en ligne \u2713 compos\u00e9 de deux moiti\u00e9s vissables avec un pad de refroidissement adapt\u00e9 au tuyau en silicone \u2713 plusieurs couleurs\",\"breadcrumb\":{\"@id\":\"https:\/\/alt.thehookah.de\/fr\/produkt\/ice-bazooka-avec-pad-refrigerant-the-hookah\/#breadcrumb\"},\"inLanguage\":\"fr-FR\",\"potentialAction\":[{\"@type\":\"ReadAction\",\"target\":[\"https:\/\/alt.thehookah.de\/fr\/produkt\/ice-bazooka-avec-pad-refrigerant-the-hookah\/\"]}]},{\"@type\":\"ImageObject\",\"inLanguage\":\"fr-FR\",\"@id\":\"https:\/\/alt.thehookah.de\/fr\/produkt\/ice-bazooka-avec-pad-refrigerant-the-hookah\/#primaryimage\",\"url\":\"https:\/\/alt.thehookah.de\/wp-content\/uploads\/2019\/06\/eis1_1.jpg\",\"contentUrl\":\"https:\/\/alt.thehookah.de\/wp-content\/uploads\/2019\/06\/eis1_1.jpg\",\"width\":2000,\"height\":2000,\"caption\":\"Ice Bazooka avec pad de refroidissement\"},{\"@type\":\"BreadcrumbList\",\"@id\":\"https:\/\/alt.thehookah.de\/fr\/produkt\/ice-bazooka-avec-pad-refrigerant-the-hookah\/#breadcrumb\",\"itemListElement\":[{\"@type\":\"ListItem\",\"position\":1,\"name\":\"Startseite\",\"item\":\"https:\/\/alt.thehookah.de\/fr\/\"},{\"@type\":\"ListItem\",\"position\":2,\"name\":\"Ta boutique en ligne HOOKAH\",\"item\":\"https:\/\/alt.thehookah.de\/fr\/ta-boutique-en-ligne-hookah\/\"},{\"@type\":\"ListItem\",\"position\":3,\"name\":\"Ice Bazooka avec pad r\u00e9frig\u00e9rant THE HOOKAH\"}]},{\"@type\":\"WebSite\",\"@id\":\"https:\/\/alt.thehookah.de\/fr\/#website\",\"url\":\"https:\/\/alt.thehookah.de\/fr\/\",\"name\":\"The Hookah\",\"description\":\"\",\"publisher\":{\"@id\":\"https:\/\/alt.thehookah.de\/fr\/#organization\"},\"potentialAction\":[{\"@type\":\"SearchAction\",\"target\":{\"@type\":\"EntryPoint\",\"urlTemplate\":\"https:\/\/alt.thehookah.de\/fr\/?s={search_term_string}\"},\"query-input\":\"required name=search_term_string\"}],\"inLanguage\":\"fr-FR\"},{\"@type\":\"Organization\",\"@id\":\"https:\/\/alt.thehookah.de\/fr\/#organization\",\"name\":\"The Hookah\",\"url\":\"https:\/\/alt.thehookah.de\/fr\/\",\"logo\":{\"@type\":\"ImageObject\",\"inLanguage\":\"fr-FR\",\"@id\":\"https:\/\/alt.thehookah.de\/fr\/#\/schema\/logo\/image\/\",\"url\":\"https:\/\/alt.thehookah.de\/wp-content\/uploads\/2021\/02\/cropped-logo2.png\",\"contentUrl\":\"https:\/\/alt.thehookah.de\/wp-content\/uploads\/2021\/02\/cropped-logo2.png\",\"width\":300,\"height\":86,\"caption\":\"The Hookah\"},\"image\":{\"@id\":\"https:\/\/alt.thehookah.de\/fr\/#\/schema\/logo\/image\/\"}}]}<\/script>\n<meta property=\"og:availability\" content=\"instock\" \/>\n<meta property=\"product:availability\" content=\"instock\" \/>\n<meta property=\"product:retailer_item_id\" content=\"ICEBAZU-01\" \/>\n<meta property=\"product:condition\" content=\"new\" \/>\n<!-- \/ Yoast SEO plugin. -->","yoast_head_json":{"title":"Ice Bazooka incl. pad de refroidissement THE HOOKAH | Embout de shisha avec pad de refroidissement","description":"Ice Bazooka incl. pad de refroidissement THE HOOKAH ici dans la boutique en ligne \u2713 compos\u00e9 de deux moiti\u00e9s vissables avec un pad de refroidissement adapt\u00e9 au tuyau en silicone \u2713 plusieurs couleurs","robots":{"index":"index","follow":"follow","max-snippet":"max-snippet:-1","max-image-preview":"max-image-preview:large","max-video-preview":"max-video-preview:-1"},"canonical":"https:\/\/alt.thehookah.de\/fr\/produkt\/ice-bazooka-avec-pad-refrigerant-the-hookah\/","og_locale":"fr_FR","og_type":"article","og_title":"Ice Bazooka incl. pad de refroidissement THE HOOKAH | Embout de shisha avec pad de refroidissement","og_description":"Ice Bazooka incl. pad de refroidissement THE HOOKAH ici dans la boutique en ligne \u2713 compos\u00e9 de deux moiti\u00e9s vissables avec un pad de refroidissement adapt\u00e9 au tuyau en silicone \u2713 plusieurs couleurs","og_url":"https:\/\/alt.thehookah.de\/fr\/produkt\/ice-bazooka-avec-pad-refrigerant-the-hookah\/","og_site_name":"The Hookah","og_image":[{"width":2000,"height":2000,"url":"https:\/\/alt.thehookah.de\/wp-content\/uploads\/2019\/06\/eis1_1.jpg","type":"image\/jpeg"}],"twitter_card":"summary_large_image","twitter_misc":{"Disponibilit\u00e9":"En stock"},"schema":{"@context":"https:\/\/schema.org","@graph":[{"@type":"WebPage","@id":"https:\/\/alt.thehookah.de\/fr\/produkt\/ice-bazooka-avec-pad-refrigerant-the-hookah\/","url":"https:\/\/alt.thehookah.de\/fr\/produkt\/ice-bazooka-avec-pad-refrigerant-the-hookah\/","name":"Ice Bazooka incl. pad de refroidissement THE HOOKAH | Embout de shisha avec pad de refroidissement","isPartOf":{"@id":"https:\/\/alt.thehookah.de\/fr\/#website"},"primaryImageOfPage":{"@id":"https:\/\/alt.thehookah.de\/fr\/produkt\/ice-bazooka-avec-pad-refrigerant-the-hookah\/#primaryimage"},"image":{"@id":"https:\/\/alt.thehookah.de\/fr\/produkt\/ice-bazooka-avec-pad-refrigerant-the-hookah\/#primaryimage"},"thumbnailUrl":"https:\/\/alt.thehookah.de\/wp-content\/uploads\/2019\/06\/eis1_1.jpg","datePublished":"2019-06-19T10:38:35+00:00","dateModified":"2019-06-19T10:38:35+00:00","description":"Ice Bazooka incl. pad de refroidissement THE HOOKAH ici dans la boutique en ligne \u2713 compos\u00e9 de deux moiti\u00e9s vissables avec un pad de refroidissement adapt\u00e9 au tuyau en silicone \u2713 plusieurs couleurs","breadcrumb":{"@id":"https:\/\/alt.thehookah.de\/fr\/produkt\/ice-bazooka-avec-pad-refrigerant-the-hookah\/#breadcrumb"},"inLanguage":"fr-FR","potentialAction":[{"@type":"ReadAction","target":["https:\/\/alt.thehookah.de\/fr\/produkt\/ice-bazooka-avec-pad-refrigerant-the-hookah\/"]}]},{"@type":"ImageObject","inLanguage":"fr-FR","@id":"https:\/\/alt.thehookah.de\/fr\/produkt\/ice-bazooka-avec-pad-refrigerant-the-hookah\/#primaryimage","url":"https:\/\/alt.thehookah.de\/wp-content\/uploads\/2019\/06\/eis1_1.jpg","contentUrl":"https:\/\/alt.thehookah.de\/wp-content\/uploads\/2019\/06\/eis1_1.jpg","width":2000,"height":2000,"caption":"Ice Bazooka avec pad de refroidissement"},{"@type":"BreadcrumbList","@id":"https:\/\/alt.thehookah.de\/fr\/produkt\/ice-bazooka-avec-pad-refrigerant-the-hookah\/#breadcrumb","itemListElement":[{"@type":"ListItem","position":1,"name":"Startseite","item":"https:\/\/alt.thehookah.de\/fr\/"},{"@type":"ListItem","position":2,"name":"Ta boutique en ligne HOOKAH","item":"https:\/\/alt.thehookah.de\/fr\/ta-boutique-en-ligne-hookah\/"},{"@type":"ListItem","position":3,"name":"Ice Bazooka avec pad r\u00e9frig\u00e9rant THE HOOKAH"}]},{"@type":"WebSite","@id":"https:\/\/alt.thehookah.de\/fr\/#website","url":"https:\/\/alt.thehookah.de\/fr\/","name":"The Hookah","description":"","publisher":{"@id":"https:\/\/alt.thehookah.de\/fr\/#organization"},"potentialAction":[{"@type":"SearchAction","target":{"@type":"EntryPoint","urlTemplate":"https:\/\/alt.thehookah.de\/fr\/?s={search_term_string}"},"query-input":"required name=search_term_string"}],"inLanguage":"fr-FR"},{"@type":"Organization","@id":"https:\/\/alt.thehookah.de\/fr\/#organization","name":"The Hookah","url":"https:\/\/alt.thehookah.de\/fr\/","logo":{"@type":"ImageObject","inLanguage":"fr-FR","@id":"https:\/\/alt.thehookah.de\/fr\/#\/schema\/logo\/image\/","url":"https:\/\/alt.thehookah.de\/wp-content\/uploads\/2021\/02\/cropped-logo2.png","contentUrl":"https:\/\/alt.thehookah.de\/wp-content\/uploads\/2021\/02\/cropped-logo2.png","width":300,"height":86,"caption":"The Hookah"},"image":{"@id":"https:\/\/alt.thehookah.de\/fr\/#\/schema\/logo\/image\/"}}]},"og_availability":"instock","product_availability":"instock","product_retailer_item_id":"ICEBAZU-01","product_condition":"new"},"_links":{"self":[{"href":"https:\/\/alt.thehookah.de\/fr\/wp-json\/wp\/v2\/product\/619944"}],"collection":[{"href":"https:\/\/alt.thehookah.de\/fr\/wp-json\/wp\/v2\/product"}],"about":[{"href":"https:\/\/alt.thehookah.de\/fr\/wp-json\/wp\/v2\/types\/product"}],"replies":[{"embeddable":true,"href":"https:\/\/alt.thehookah.de\/fr\/wp-json\/wp\/v2\/comments?post=619944"}],"wp:featuredmedia":[{"embeddable":true,"href":"https:\/\/alt.thehookah.de\/fr\/wp-json\/wp\/v2\/media\/567162"}],"wp:attachment":[{"href":"https:\/\/alt.thehookah.de\/fr\/wp-json\/wp\/v2\/media?parent=619944"}],"wp:term":[{"taxonomy":"product_cat","embeddable":true,"href":"https:\/\/alt.thehookah.de\/fr\/wp-json\/wp\/v2\/product_cat?post=619944"},{"taxonomy":"product_tag","embeddable":true,"href":"https:\/\/alt.thehookah.de\/fr\/wp-json\/wp\/v2\/product_tag?post=619944"}],"curies":[{"name":"wp","href":"https:\/\/api.w.org\/{rel}","templated":true}]}}