{"id":619990,"date":"2019-04-29T18:19:10","date_gmt":"2019-04-29T16:19:10","guid":{"rendered":"https:\/\/www.thehookah.de\/produkt\/plateau-a-charbon-de-verre-woodoo-the-hookah\/"},"modified":"2019-04-29T18:19:10","modified_gmt":"2019-04-29T16:19:10","slug":"plateau-a-charbon-de-verre-woodoo-the-hookah","status":"publish","type":"product","link":"https:\/\/alt.thehookah.de\/fr\/produkt\/plateau-a-charbon-de-verre-woodoo-the-hookah\/","title":{"rendered":"Plateau \u00e0 charbon de verre WOODOO &#8211; THE HOOKAH"},"content":{"rendered":"<h2>WOODOO Plateau de charbon de verre &#8211; THE HOOKAH<\/h2>\n<ul>\n<li>Assiette sp\u00e9ciale en verre (diam\u00e8tre env. 26 cm, mat\u00e9riau : verre borosilicat\u00e9)<\/li>\n<li>Rev\u00eatement inf\u00e9rieur avec des particules Woodoo<\/li>\n<li>Robuste &amp; r\u00e9sistant<\/li>\n<li>R\u00e9sistant \u00e0 la chaleur<\/li>\n<\/ul>\n<p>&nbsp;<\/p>\n<p>&nbsp;<\/p>\n<ul>\n<li>Remarque : les particules Woodoo peuvent se d\u00e9tacher avec le temps et changer de couleur si on y d\u00e9pose du charbon.<\/li>\n<li>Adaptateur de coupe de t\u00eate utilis\u00e9 uniquement \u00e0 titre d&#8217;illustration<\/li>\n<\/ul>\n","protected":false},"excerpt":{"rendered":"<p>WOODOO Plateau de charbon de verre &#8211; THE HOOKAH Assiette sp\u00e9ciale en verre (diam\u00e8tre env. 26 cm, mat\u00e9riau : verre borosilicat\u00e9) Rev\u00eatement inf\u00e9rieur avec des particules Woodoo Robuste &amp; r\u00e9sistant R\u00e9sistant \u00e0 la chaleur &nbsp; &nbsp; Remarque : les particules Woodoo peuvent se d\u00e9tacher avec le temps et changer de couleur si on y d\u00e9pose [&hellip;]<\/p>\n","protected":false},"featured_media":558781,"comment_status":"open","ping_status":"closed","template":"","meta":[],"product_cat":[310,351,333],"product_tag":[],"yoast_head":"<!-- This site is optimized with the Yoast SEO plugin v22.5 - https:\/\/yoast.com\/wordpress\/plugins\/seo\/ -->\n<title>Plateau \u00e0 charbon de verre WOODOO - THE HOOKAH - shisha, pipe \u00e0 eau<\/title>\n<meta name=\"description\" content=\"Plateau \u00e0 charbon de verre WOODOO (diam\u00e8tre env. 26 cm, verre borosilicat\u00e9) \u2713 Rev\u00eatu en dessous de particules Woodoo \u2713 Robuste &amp; r\u00e9sistant \u2713 R\u00e9sistant \u00e0 la chaleur\" \/>\n<meta name=\"robots\" content=\"index, follow, max-snippet:-1, max-image-preview:large, max-video-preview:-1\" \/>\n<link rel=\"canonical\" href=\"https:\/\/alt.thehookah.de\/fr\/produkt\/plateau-a-charbon-de-verre-woodoo-the-hookah\/\" \/>\n<meta property=\"og:locale\" content=\"fr_FR\" \/>\n<meta property=\"og:type\" content=\"article\" \/>\n<meta property=\"og:title\" content=\"Plateau \u00e0 charbon de verre WOODOO - THE HOOKAH - shisha, pipe \u00e0 eau\" \/>\n<meta property=\"og:description\" content=\"Plateau \u00e0 charbon de verre WOODOO (diam\u00e8tre env. 26 cm, verre borosilicat\u00e9) \u2713 Rev\u00eatu en dessous de particules Woodoo \u2713 Robuste &amp; r\u00e9sistant \u2713 R\u00e9sistant \u00e0 la chaleur\" \/>\n<meta property=\"og:url\" content=\"https:\/\/alt.thehookah.de\/fr\/produkt\/plateau-a-charbon-de-verre-woodoo-the-hookah\/\" \/>\n<meta property=\"og:site_name\" content=\"The Hookah\" \/>\n<meta property=\"og:image\" content=\"https:\/\/alt.thehookah.de\/wp-content\/uploads\/2019\/04\/woodooteller2-1024x1024.jpg\" \/>\n\t<meta property=\"og:image:width\" content=\"1024\" \/>\n\t<meta property=\"og:image:height\" content=\"1024\" \/>\n\t<meta property=\"og:image:type\" content=\"image\/jpeg\" \/>\n<meta name=\"twitter:card\" content=\"summary_large_image\" \/>\n<meta name=\"twitter:label1\" content=\"Prix\" \/>\n\t<meta name=\"twitter:data1\" content=\"19,99&nbsp;&euro;\" \/>\n\t<meta name=\"twitter:label2\" content=\"Disponibilit\u00e9\" \/>\n\t<meta name=\"twitter:data2\" content=\"En stock\" \/>\n<script type=\"application\/ld+json\" class=\"yoast-schema-graph\">{\"@context\":\"https:\/\/schema.org\",\"@graph\":[{\"@type\":\"WebPage\",\"@id\":\"https:\/\/alt.thehookah.de\/fr\/produkt\/plateau-a-charbon-de-verre-woodoo-the-hookah\/\",\"url\":\"https:\/\/alt.thehookah.de\/fr\/produkt\/plateau-a-charbon-de-verre-woodoo-the-hookah\/\",\"name\":\"Plateau \u00e0 charbon de verre WOODOO - THE HOOKAH - shisha, pipe \u00e0 eau\",\"isPartOf\":{\"@id\":\"https:\/\/alt.thehookah.de\/fr\/#website\"},\"primaryImageOfPage\":{\"@id\":\"https:\/\/alt.thehookah.de\/fr\/produkt\/plateau-a-charbon-de-verre-woodoo-the-hookah\/#primaryimage\"},\"image\":{\"@id\":\"https:\/\/alt.thehookah.de\/fr\/produkt\/plateau-a-charbon-de-verre-woodoo-the-hookah\/#primaryimage\"},\"thumbnailUrl\":\"https:\/\/alt.thehookah.de\/wp-content\/uploads\/2019\/04\/woodooteller2.jpg\",\"datePublished\":\"2019-04-29T16:19:10+00:00\",\"dateModified\":\"2019-04-29T16:19:10+00:00\",\"description\":\"Plateau \u00e0 charbon de verre WOODOO (diam\u00e8tre env. 26 cm, verre borosilicat\u00e9) \u2713 Rev\u00eatu en dessous de particules Woodoo \u2713 Robuste & r\u00e9sistant \u2713 R\u00e9sistant \u00e0 la chaleur\",\"breadcrumb\":{\"@id\":\"https:\/\/alt.thehookah.de\/fr\/produkt\/plateau-a-charbon-de-verre-woodoo-the-hookah\/#breadcrumb\"},\"inLanguage\":\"fr-FR\",\"potentialAction\":[{\"@type\":\"ReadAction\",\"target\":[\"https:\/\/alt.thehookah.de\/fr\/produkt\/plateau-a-charbon-de-verre-woodoo-the-hookah\/\"]}]},{\"@type\":\"ImageObject\",\"inLanguage\":\"fr-FR\",\"@id\":\"https:\/\/alt.thehookah.de\/fr\/produkt\/plateau-a-charbon-de-verre-woodoo-the-hookah\/#primaryimage\",\"url\":\"https:\/\/alt.thehookah.de\/wp-content\/uploads\/2019\/04\/woodooteller2.jpg\",\"contentUrl\":\"https:\/\/alt.thehookah.de\/wp-content\/uploads\/2019\/04\/woodooteller2.jpg\",\"width\":2000,\"height\":2000,\"caption\":\"Assiette \u00e0 charbon de verre WOODOO\"},{\"@type\":\"BreadcrumbList\",\"@id\":\"https:\/\/alt.thehookah.de\/fr\/produkt\/plateau-a-charbon-de-verre-woodoo-the-hookah\/#breadcrumb\",\"itemListElement\":[{\"@type\":\"ListItem\",\"position\":1,\"name\":\"Startseite\",\"item\":\"https:\/\/alt.thehookah.de\/fr\/\"},{\"@type\":\"ListItem\",\"position\":2,\"name\":\"Ta boutique en ligne HOOKAH\",\"item\":\"https:\/\/alt.thehookah.de\/fr\/ta-boutique-en-ligne-hookah\/\"},{\"@type\":\"ListItem\",\"position\":3,\"name\":\"Plateau \u00e0 charbon de verre WOODOO &#8211; THE HOOKAH\"}]},{\"@type\":\"WebSite\",\"@id\":\"https:\/\/alt.thehookah.de\/fr\/#website\",\"url\":\"https:\/\/alt.thehookah.de\/fr\/\",\"name\":\"The Hookah\",\"description\":\"\",\"publisher\":{\"@id\":\"https:\/\/alt.thehookah.de\/fr\/#organization\"},\"potentialAction\":[{\"@type\":\"SearchAction\",\"target\":{\"@type\":\"EntryPoint\",\"urlTemplate\":\"https:\/\/alt.thehookah.de\/fr\/?s={search_term_string}\"},\"query-input\":\"required name=search_term_string\"}],\"inLanguage\":\"fr-FR\"},{\"@type\":\"Organization\",\"@id\":\"https:\/\/alt.thehookah.de\/fr\/#organization\",\"name\":\"The Hookah\",\"url\":\"https:\/\/alt.thehookah.de\/fr\/\",\"logo\":{\"@type\":\"ImageObject\",\"inLanguage\":\"fr-FR\",\"@id\":\"https:\/\/alt.thehookah.de\/fr\/#\/schema\/logo\/image\/\",\"url\":\"https:\/\/alt.thehookah.de\/wp-content\/uploads\/2021\/02\/cropped-logo2.png\",\"contentUrl\":\"https:\/\/alt.thehookah.de\/wp-content\/uploads\/2021\/02\/cropped-logo2.png\",\"width\":300,\"height\":86,\"caption\":\"The Hookah\"},\"image\":{\"@id\":\"https:\/\/alt.thehookah.de\/fr\/#\/schema\/logo\/image\/\"}}]}<\/script>\n<meta property=\"product:price:amount\" content=\"19.99\" \/>\n<meta property=\"product:price:currency\" content=\"EUR\" \/>\n<meta property=\"og:availability\" content=\"instock\" \/>\n<meta property=\"product:availability\" content=\"instock\" \/>\n<meta property=\"product:retailer_item_id\" content=\"KT-GLASWO1\" \/>\n<meta property=\"product:condition\" content=\"new\" \/>\n<!-- \/ Yoast SEO plugin. -->","yoast_head_json":{"title":"Plateau \u00e0 charbon de verre WOODOO - THE HOOKAH - shisha, pipe \u00e0 eau","description":"Plateau \u00e0 charbon de verre WOODOO (diam\u00e8tre env. 26 cm, verre borosilicat\u00e9) \u2713 Rev\u00eatu en dessous de particules Woodoo \u2713 Robuste & r\u00e9sistant \u2713 R\u00e9sistant \u00e0 la chaleur","robots":{"index":"index","follow":"follow","max-snippet":"max-snippet:-1","max-image-preview":"max-image-preview:large","max-video-preview":"max-video-preview:-1"},"canonical":"https:\/\/alt.thehookah.de\/fr\/produkt\/plateau-a-charbon-de-verre-woodoo-the-hookah\/","og_locale":"fr_FR","og_type":"article","og_title":"Plateau \u00e0 charbon de verre WOODOO - THE HOOKAH - shisha, pipe \u00e0 eau","og_description":"Plateau \u00e0 charbon de verre WOODOO (diam\u00e8tre env. 26 cm, verre borosilicat\u00e9) \u2713 Rev\u00eatu en dessous de particules Woodoo \u2713 Robuste & r\u00e9sistant \u2713 R\u00e9sistant \u00e0 la chaleur","og_url":"https:\/\/alt.thehookah.de\/fr\/produkt\/plateau-a-charbon-de-verre-woodoo-the-hookah\/","og_site_name":"The Hookah","og_image":[{"width":1024,"height":1024,"url":"https:\/\/alt.thehookah.de\/wp-content\/uploads\/2019\/04\/woodooteller2-1024x1024.jpg","type":"image\/jpeg"}],"twitter_card":"summary_large_image","twitter_misc":{"Prix":"19,99&nbsp;&euro;","Disponibilit\u00e9":"En stock"},"schema":{"@context":"https:\/\/schema.org","@graph":[{"@type":"WebPage","@id":"https:\/\/alt.thehookah.de\/fr\/produkt\/plateau-a-charbon-de-verre-woodoo-the-hookah\/","url":"https:\/\/alt.thehookah.de\/fr\/produkt\/plateau-a-charbon-de-verre-woodoo-the-hookah\/","name":"Plateau \u00e0 charbon de verre WOODOO - THE HOOKAH - shisha, pipe \u00e0 eau","isPartOf":{"@id":"https:\/\/alt.thehookah.de\/fr\/#website"},"primaryImageOfPage":{"@id":"https:\/\/alt.thehookah.de\/fr\/produkt\/plateau-a-charbon-de-verre-woodoo-the-hookah\/#primaryimage"},"image":{"@id":"https:\/\/alt.thehookah.de\/fr\/produkt\/plateau-a-charbon-de-verre-woodoo-the-hookah\/#primaryimage"},"thumbnailUrl":"https:\/\/alt.thehookah.de\/wp-content\/uploads\/2019\/04\/woodooteller2.jpg","datePublished":"2019-04-29T16:19:10+00:00","dateModified":"2019-04-29T16:19:10+00:00","description":"Plateau \u00e0 charbon de verre WOODOO (diam\u00e8tre env. 26 cm, verre borosilicat\u00e9) \u2713 Rev\u00eatu en dessous de particules Woodoo \u2713 Robuste & r\u00e9sistant \u2713 R\u00e9sistant \u00e0 la chaleur","breadcrumb":{"@id":"https:\/\/alt.thehookah.de\/fr\/produkt\/plateau-a-charbon-de-verre-woodoo-the-hookah\/#breadcrumb"},"inLanguage":"fr-FR","potentialAction":[{"@type":"ReadAction","target":["https:\/\/alt.thehookah.de\/fr\/produkt\/plateau-a-charbon-de-verre-woodoo-the-hookah\/"]}]},{"@type":"ImageObject","inLanguage":"fr-FR","@id":"https:\/\/alt.thehookah.de\/fr\/produkt\/plateau-a-charbon-de-verre-woodoo-the-hookah\/#primaryimage","url":"https:\/\/alt.thehookah.de\/wp-content\/uploads\/2019\/04\/woodooteller2.jpg","contentUrl":"https:\/\/alt.thehookah.de\/wp-content\/uploads\/2019\/04\/woodooteller2.jpg","width":2000,"height":2000,"caption":"Assiette \u00e0 charbon de verre WOODOO"},{"@type":"BreadcrumbList","@id":"https:\/\/alt.thehookah.de\/fr\/produkt\/plateau-a-charbon-de-verre-woodoo-the-hookah\/#breadcrumb","itemListElement":[{"@type":"ListItem","position":1,"name":"Startseite","item":"https:\/\/alt.thehookah.de\/fr\/"},{"@type":"ListItem","position":2,"name":"Ta boutique en ligne HOOKAH","item":"https:\/\/alt.thehookah.de\/fr\/ta-boutique-en-ligne-hookah\/"},{"@type":"ListItem","position":3,"name":"Plateau \u00e0 charbon de verre WOODOO &#8211; THE HOOKAH"}]},{"@type":"WebSite","@id":"https:\/\/alt.thehookah.de\/fr\/#website","url":"https:\/\/alt.thehookah.de\/fr\/","name":"The Hookah","description":"","publisher":{"@id":"https:\/\/alt.thehookah.de\/fr\/#organization"},"potentialAction":[{"@type":"SearchAction","target":{"@type":"EntryPoint","urlTemplate":"https:\/\/alt.thehookah.de\/fr\/?s={search_term_string}"},"query-input":"required name=search_term_string"}],"inLanguage":"fr-FR"},{"@type":"Organization","@id":"https:\/\/alt.thehookah.de\/fr\/#organization","name":"The Hookah","url":"https:\/\/alt.thehookah.de\/fr\/","logo":{"@type":"ImageObject","inLanguage":"fr-FR","@id":"https:\/\/alt.thehookah.de\/fr\/#\/schema\/logo\/image\/","url":"https:\/\/alt.thehookah.de\/wp-content\/uploads\/2021\/02\/cropped-logo2.png","contentUrl":"https:\/\/alt.thehookah.de\/wp-content\/uploads\/2021\/02\/cropped-logo2.png","width":300,"height":86,"caption":"The Hookah"},"image":{"@id":"https:\/\/alt.thehookah.de\/fr\/#\/schema\/logo\/image\/"}}]},"product_price_amount":"19.99","product_price_currency":"EUR","og_availability":"instock","product_availability":"instock","product_retailer_item_id":"KT-GLASWO1","product_condition":"new"},"_links":{"self":[{"href":"https:\/\/alt.thehookah.de\/fr\/wp-json\/wp\/v2\/product\/619990"}],"collection":[{"href":"https:\/\/alt.thehookah.de\/fr\/wp-json\/wp\/v2\/product"}],"about":[{"href":"https:\/\/alt.thehookah.de\/fr\/wp-json\/wp\/v2\/types\/product"}],"replies":[{"embeddable":true,"href":"https:\/\/alt.thehookah.de\/fr\/wp-json\/wp\/v2\/comments?post=619990"}],"wp:featuredmedia":[{"embeddable":true,"href":"https:\/\/alt.thehookah.de\/fr\/wp-json\/wp\/v2\/media\/558781"}],"wp:attachment":[{"href":"https:\/\/alt.thehookah.de\/fr\/wp-json\/wp\/v2\/media?parent=619990"}],"wp:term":[{"taxonomy":"product_cat","embeddable":true,"href":"https:\/\/alt.thehookah.de\/fr\/wp-json\/wp\/v2\/product_cat?post=619990"},{"taxonomy":"product_tag","embeddable":true,"href":"https:\/\/alt.thehookah.de\/fr\/wp-json\/wp\/v2\/product_tag?post=619990"}],"curies":[{"name":"wp","href":"https:\/\/api.w.org\/{rel}","templated":true}]}}