{"id":620008,"date":"2019-04-29T17:37:19","date_gmt":"2019-04-29T15:37:19","guid":{"rendered":"https:\/\/www.thehookah.de\/produkt\/mr-wolf-decoupe-a-la-main\/"},"modified":"2023-11-26T17:38:25","modified_gmt":"2023-11-26T16:38:25","slug":"mr-wolf-decoupe-a-la-main","status":"publish","type":"product","link":"https:\/\/alt.thehookah.de\/fr\/produkt\/mr-wolf-decoupe-a-la-main\/","title":{"rendered":"MR WOLF D\u00e9coupe \u00e0 la main"},"content":{"rendered":"<h2>Mr Wolf Handcut<\/h2>\n<h3>&#8220;Je m&#8217;appelle <em>M.<\/em> <em>Wolf<\/em>, je r\u00e9sous les probl\u00e8mes&#8221;.<\/h3>\n<h3>-Pulp Fiction<\/h3>\n<p>&nbsp;<\/p>\n<h3 style=\"text-align: center;\"><strong>nous souhaitons la bienvenue \u00e0 M. Wolf dans notre famille &#8220;The Hookah Family&#8221;,<\/strong><\/h3>\n<h3 style=\"text-align: center;\"><b>Le plus grand THE HOOKAH de tous les temps Aspect extr\u00eamement costaud  <\/b><\/h3>\n<h3 style=\"text-align: center;\"><\/h3>\n<p>&nbsp;<\/p>\n<h3><strong>Pour l&#8217;entretien, nous recommandons l&#8217;huile Ballistol&#8230; (pas d&#8217;EAU) de garder les \u00e9l\u00e9ments en bois toujours secs et de les entretenir r\u00e9guli\u00e8rement avec des produits d&#8217;entretien du bois.  <\/strong><\/h3>\n<h3>Colonne de fum\u00e9e d\u00e9montable pour le nettoyage.<\/h3>\n<p>&nbsp;<\/p>\n<p>hauteur totale avec le pi\u00e8ge \u00e0 molasse (jusqu&#8217;au plateau \u00e0 charbon) : environ 77 cm<\/p>\n<p>hauteur totale sans capteur de molasse (jusqu&#8217;au plateau de charbon ) env. 67 cm<\/p>\n<p>&nbsp;<\/p>\n<ul>\n<li>Base en acier inoxydable V2A<\/li>\n<li>Chambre ferm\u00e9e \/ syst\u00e8me \u00e0 clic<\/li>\n<li>Plateau de charbon de verre Extr\u00eame env. 26 cm<\/li>\n<li>Mr Wolf Handcut Bowl (verre en cristal) gravures incluses<\/li>\n<\/ul>\n<div><strong>Gr\u00e2ce \u00e0 notre nouveau &amp; tube plongeur en plusieurs parties en V2A, avec diffuseur d\u00e9vissable,<\/strong><\/div>\n<div><strong>vous pouvez maintenant d\u00e9terminer vous-m\u00eame la r\u00e9ponse de votre THE HOOKAH.<\/strong><\/div>\n<div>Dans la version courte, un comportement plus direct et dans la version longue, un comportement un peu plus indirect.<\/div>\n<div>Dans tous les cas, le diam\u00e8tre est dimensionn\u00e9 de mani\u00e8re \u00e0 ce que rien n&#8217;emp\u00eache une traction brutale.<\/div>\n<div><\/div>\n<h2>D\u00e9tails du produit<\/h2>\n<h2>Contenu de la livraison<\/h2>\n<ul>\n<li>1 x assiette \u00e0 charbon de verre Extr\u00eame ca. 26cm<\/li>\n<li>1 x adaptateur de rodage de t\u00eate 18\/8<\/li>\n<li>1 x Mr Wolf<strong> <\/strong>acier inoxydable V2A int\u00e9rieur et ext\u00e9rieur habill\u00e9 de bois d\u00e9montable pour le nettoyage<\/li>\n<li>1 x Mr Wolf Base V2A acier inoxydable int\u00e9rieur et ext\u00e9rieur habill\u00e9 de bois<\/li>\n<li>4 x adaptateurs de tuyaux 18\/8<\/li>\n<li>4 x embouts 18\/8<\/li>\n<li>1 x capteur de molasse Mr Wolf 18\/8 verre borosilicat\u00e9<\/li>\n<li>1 x ressort de protection contre le pliage<\/li>\n<li>4 x boule en verre<\/li>\n<li>1 x tube plongeur en plusieurs parties V2A pouvant \u00eatre raccourci &amp; rallong\u00e9<\/li>\n<li>1 x diffuseur d\u00e9vissable<\/li>\n<li>1 x tuyau en silicone en cuir v\u00e9ritable enrob\u00e9 de noir<\/li>\n<li>1 x Mr Wolf embout en bois &#8211; V2A acier inoxydable int\u00e9rieur et ext\u00e9rieur bois<\/li>\n<li>1 x Mr Wolf Handcut Bowl en verre cristallin<\/li>\n<li>  verre en cristal souffl\u00e9 \u00e0 la bouche Bowl ensuite taill\u00e9 et poli \u00e0 la main<\/li>\n<li>Gravures \u00e0 la main*<\/li>\n<\/ul>\n","protected":false},"excerpt":{"rendered":"<p>Mr Wolf Handcut &#8220;Je m&#8217;appelle M. Wolf, je r\u00e9sous les probl\u00e8mes&#8221;. -Pulp Fiction &nbsp; nous souhaitons la bienvenue \u00e0 M. Wolf dans notre famille &#8220;The Hookah Family&#8221;, Le plus grand THE HOOKAH de tous les temps Aspect extr\u00eamement costaud &nbsp; Pour l&#8217;entretien, nous recommandons l&#8217;huile Ballistol&#8230; (pas d&#8217;EAU) de garder les \u00e9l\u00e9ments en bois toujours [&hellip;]<\/p>\n","protected":false},"featured_media":558722,"comment_status":"open","ping_status":"closed","template":"","meta":[],"product_cat":[314,321,329,323],"product_tag":[],"yoast_head":"<!-- This site is optimized with the Yoast SEO plugin v22.5 - https:\/\/yoast.com\/wordpress\/plugins\/seo\/ -->\n<title>MR WOLF Handcut shisha\/pipe \u00e0 eau | aspect baraqu\u00e9<\/title>\n<meta name=\"description\" content=\"Acheter une shisha\/pipe \u00e0 eau Handcut de MR WOLF en ligne dans la boutique en ligne THE HOOKAH \u2713 aspect extr\u00eamement costaud \u2713 colonne de fum\u00e9e d\u00e9montable pour le nettoyage, ici !\" \/>\n<meta name=\"robots\" content=\"index, follow, max-snippet:-1, max-image-preview:large, max-video-preview:-1\" \/>\n<link rel=\"canonical\" href=\"https:\/\/alt.thehookah.de\/fr\/produkt\/mr-wolf-decoupe-a-la-main\/\" \/>\n<meta property=\"og:locale\" content=\"fr_FR\" \/>\n<meta property=\"og:type\" content=\"article\" \/>\n<meta property=\"og:title\" content=\"MR WOLF Handcut shisha\/pipe \u00e0 eau | aspect baraqu\u00e9\" \/>\n<meta property=\"og:description\" content=\"Acheter une shisha\/pipe \u00e0 eau Handcut de MR WOLF en ligne dans la boutique en ligne THE HOOKAH \u2713 aspect extr\u00eamement costaud \u2713 colonne de fum\u00e9e d\u00e9montable pour le nettoyage, ici !\" \/>\n<meta property=\"og:url\" content=\"https:\/\/alt.thehookah.de\/fr\/produkt\/mr-wolf-decoupe-a-la-main\/\" \/>\n<meta property=\"og:site_name\" content=\"The Hookah\" \/>\n<meta property=\"article:modified_time\" content=\"2023-11-26T16:38:25+00:00\" \/>\n<meta property=\"og:image\" content=\"https:\/\/alt.thehookah.de\/wp-content\/uploads\/2019\/04\/mrwolf1-1.jpg\" \/>\n\t<meta property=\"og:image:width\" content=\"2000\" \/>\n\t<meta property=\"og:image:height\" content=\"2000\" \/>\n\t<meta property=\"og:image:type\" content=\"image\/jpeg\" \/>\n<meta name=\"twitter:card\" content=\"summary_large_image\" \/>\n<meta name=\"twitter:label1\" content=\"Prix\" \/>\n\t<meta name=\"twitter:data1\" content=\"189,99&nbsp;&euro;\" \/>\n\t<meta name=\"twitter:label2\" content=\"Disponibilit\u00e9\" \/>\n\t<meta name=\"twitter:data2\" content=\"Rupture de stock\" \/>\n<script type=\"application\/ld+json\" class=\"yoast-schema-graph\">{\"@context\":\"https:\/\/schema.org\",\"@graph\":[{\"@type\":\"WebPage\",\"@id\":\"https:\/\/alt.thehookah.de\/fr\/produkt\/mr-wolf-decoupe-a-la-main\/\",\"url\":\"https:\/\/alt.thehookah.de\/fr\/produkt\/mr-wolf-decoupe-a-la-main\/\",\"name\":\"MR WOLF Handcut shisha\/pipe \u00e0 eau | aspect baraqu\u00e9\",\"isPartOf\":{\"@id\":\"https:\/\/alt.thehookah.de\/fr\/#website\"},\"primaryImageOfPage\":{\"@id\":\"https:\/\/alt.thehookah.de\/fr\/produkt\/mr-wolf-decoupe-a-la-main\/#primaryimage\"},\"image\":{\"@id\":\"https:\/\/alt.thehookah.de\/fr\/produkt\/mr-wolf-decoupe-a-la-main\/#primaryimage\"},\"thumbnailUrl\":\"https:\/\/alt.thehookah.de\/wp-content\/uploads\/2019\/04\/mrwolf1-1.jpg\",\"datePublished\":\"2019-04-29T15:37:19+00:00\",\"dateModified\":\"2023-11-26T16:38:25+00:00\",\"description\":\"Acheter une shisha\/pipe \u00e0 eau Handcut de MR WOLF en ligne dans la boutique en ligne THE HOOKAH \u2713 aspect extr\u00eamement costaud \u2713 colonne de fum\u00e9e d\u00e9montable pour le nettoyage, ici !\",\"breadcrumb\":{\"@id\":\"https:\/\/alt.thehookah.de\/fr\/produkt\/mr-wolf-decoupe-a-la-main\/#breadcrumb\"},\"inLanguage\":\"fr-FR\",\"potentialAction\":[{\"@type\":\"ReadAction\",\"target\":[\"https:\/\/alt.thehookah.de\/fr\/produkt\/mr-wolf-decoupe-a-la-main\/\"]}]},{\"@type\":\"ImageObject\",\"inLanguage\":\"fr-FR\",\"@id\":\"https:\/\/alt.thehookah.de\/fr\/produkt\/mr-wolf-decoupe-a-la-main\/#primaryimage\",\"url\":\"https:\/\/alt.thehookah.de\/wp-content\/uploads\/2019\/04\/mrwolf1-1.jpg\",\"contentUrl\":\"https:\/\/alt.thehookah.de\/wp-content\/uploads\/2019\/04\/mrwolf1-1.jpg\",\"width\":2000,\"height\":2000,\"caption\":\"MR WOLF HANDCUT\"},{\"@type\":\"BreadcrumbList\",\"@id\":\"https:\/\/alt.thehookah.de\/fr\/produkt\/mr-wolf-decoupe-a-la-main\/#breadcrumb\",\"itemListElement\":[{\"@type\":\"ListItem\",\"position\":1,\"name\":\"Startseite\",\"item\":\"https:\/\/alt.thehookah.de\/fr\/\"},{\"@type\":\"ListItem\",\"position\":2,\"name\":\"Ta boutique en ligne HOOKAH\",\"item\":\"https:\/\/alt.thehookah.de\/fr\/ta-boutique-en-ligne-hookah\/\"},{\"@type\":\"ListItem\",\"position\":3,\"name\":\"MR WOLF D\u00e9coupe \u00e0 la main\"}]},{\"@type\":\"WebSite\",\"@id\":\"https:\/\/alt.thehookah.de\/fr\/#website\",\"url\":\"https:\/\/alt.thehookah.de\/fr\/\",\"name\":\"The Hookah\",\"description\":\"\",\"publisher\":{\"@id\":\"https:\/\/alt.thehookah.de\/fr\/#organization\"},\"potentialAction\":[{\"@type\":\"SearchAction\",\"target\":{\"@type\":\"EntryPoint\",\"urlTemplate\":\"https:\/\/alt.thehookah.de\/fr\/?s={search_term_string}\"},\"query-input\":\"required name=search_term_string\"}],\"inLanguage\":\"fr-FR\"},{\"@type\":\"Organization\",\"@id\":\"https:\/\/alt.thehookah.de\/fr\/#organization\",\"name\":\"The Hookah\",\"url\":\"https:\/\/alt.thehookah.de\/fr\/\",\"logo\":{\"@type\":\"ImageObject\",\"inLanguage\":\"fr-FR\",\"@id\":\"https:\/\/alt.thehookah.de\/fr\/#\/schema\/logo\/image\/\",\"url\":\"https:\/\/alt.thehookah.de\/wp-content\/uploads\/2021\/02\/cropped-logo2.png\",\"contentUrl\":\"https:\/\/alt.thehookah.de\/wp-content\/uploads\/2021\/02\/cropped-logo2.png\",\"width\":300,\"height\":86,\"caption\":\"The Hookah\"},\"image\":{\"@id\":\"https:\/\/alt.thehookah.de\/fr\/#\/schema\/logo\/image\/\"}}]}<\/script>\n<meta property=\"product:price:amount\" content=\"189.99\" \/>\n<meta property=\"product:price:currency\" content=\"EUR\" \/>\n<meta property=\"og:availability\" content=\"out of stock\" \/>\n<meta property=\"product:availability\" content=\"out of stock\" \/>\n<meta property=\"product:retailer_item_id\" content=\"HOOKAH-MRW1\" \/>\n<meta property=\"product:condition\" content=\"new\" \/>\n<!-- \/ Yoast SEO plugin. -->","yoast_head_json":{"title":"MR WOLF Handcut shisha\/pipe \u00e0 eau | aspect baraqu\u00e9","description":"Acheter une shisha\/pipe \u00e0 eau Handcut de MR WOLF en ligne dans la boutique en ligne THE HOOKAH \u2713 aspect extr\u00eamement costaud \u2713 colonne de fum\u00e9e d\u00e9montable pour le nettoyage, ici !","robots":{"index":"index","follow":"follow","max-snippet":"max-snippet:-1","max-image-preview":"max-image-preview:large","max-video-preview":"max-video-preview:-1"},"canonical":"https:\/\/alt.thehookah.de\/fr\/produkt\/mr-wolf-decoupe-a-la-main\/","og_locale":"fr_FR","og_type":"article","og_title":"MR WOLF Handcut shisha\/pipe \u00e0 eau | aspect baraqu\u00e9","og_description":"Acheter une shisha\/pipe \u00e0 eau Handcut de MR WOLF en ligne dans la boutique en ligne THE HOOKAH \u2713 aspect extr\u00eamement costaud \u2713 colonne de fum\u00e9e d\u00e9montable pour le nettoyage, ici !","og_url":"https:\/\/alt.thehookah.de\/fr\/produkt\/mr-wolf-decoupe-a-la-main\/","og_site_name":"The Hookah","article_modified_time":"2023-11-26T16:38:25+00:00","og_image":[{"width":2000,"height":2000,"url":"https:\/\/alt.thehookah.de\/wp-content\/uploads\/2019\/04\/mrwolf1-1.jpg","type":"image\/jpeg"}],"twitter_card":"summary_large_image","twitter_misc":{"Prix":"189,99&nbsp;&euro;","Disponibilit\u00e9":"Rupture de stock"},"schema":{"@context":"https:\/\/schema.org","@graph":[{"@type":"WebPage","@id":"https:\/\/alt.thehookah.de\/fr\/produkt\/mr-wolf-decoupe-a-la-main\/","url":"https:\/\/alt.thehookah.de\/fr\/produkt\/mr-wolf-decoupe-a-la-main\/","name":"MR WOLF Handcut shisha\/pipe \u00e0 eau | aspect baraqu\u00e9","isPartOf":{"@id":"https:\/\/alt.thehookah.de\/fr\/#website"},"primaryImageOfPage":{"@id":"https:\/\/alt.thehookah.de\/fr\/produkt\/mr-wolf-decoupe-a-la-main\/#primaryimage"},"image":{"@id":"https:\/\/alt.thehookah.de\/fr\/produkt\/mr-wolf-decoupe-a-la-main\/#primaryimage"},"thumbnailUrl":"https:\/\/alt.thehookah.de\/wp-content\/uploads\/2019\/04\/mrwolf1-1.jpg","datePublished":"2019-04-29T15:37:19+00:00","dateModified":"2023-11-26T16:38:25+00:00","description":"Acheter une shisha\/pipe \u00e0 eau Handcut de MR WOLF en ligne dans la boutique en ligne THE HOOKAH \u2713 aspect extr\u00eamement costaud \u2713 colonne de fum\u00e9e d\u00e9montable pour le nettoyage, ici !","breadcrumb":{"@id":"https:\/\/alt.thehookah.de\/fr\/produkt\/mr-wolf-decoupe-a-la-main\/#breadcrumb"},"inLanguage":"fr-FR","potentialAction":[{"@type":"ReadAction","target":["https:\/\/alt.thehookah.de\/fr\/produkt\/mr-wolf-decoupe-a-la-main\/"]}]},{"@type":"ImageObject","inLanguage":"fr-FR","@id":"https:\/\/alt.thehookah.de\/fr\/produkt\/mr-wolf-decoupe-a-la-main\/#primaryimage","url":"https:\/\/alt.thehookah.de\/wp-content\/uploads\/2019\/04\/mrwolf1-1.jpg","contentUrl":"https:\/\/alt.thehookah.de\/wp-content\/uploads\/2019\/04\/mrwolf1-1.jpg","width":2000,"height":2000,"caption":"MR WOLF HANDCUT"},{"@type":"BreadcrumbList","@id":"https:\/\/alt.thehookah.de\/fr\/produkt\/mr-wolf-decoupe-a-la-main\/#breadcrumb","itemListElement":[{"@type":"ListItem","position":1,"name":"Startseite","item":"https:\/\/alt.thehookah.de\/fr\/"},{"@type":"ListItem","position":2,"name":"Ta boutique en ligne HOOKAH","item":"https:\/\/alt.thehookah.de\/fr\/ta-boutique-en-ligne-hookah\/"},{"@type":"ListItem","position":3,"name":"MR WOLF D\u00e9coupe \u00e0 la main"}]},{"@type":"WebSite","@id":"https:\/\/alt.thehookah.de\/fr\/#website","url":"https:\/\/alt.thehookah.de\/fr\/","name":"The Hookah","description":"","publisher":{"@id":"https:\/\/alt.thehookah.de\/fr\/#organization"},"potentialAction":[{"@type":"SearchAction","target":{"@type":"EntryPoint","urlTemplate":"https:\/\/alt.thehookah.de\/fr\/?s={search_term_string}"},"query-input":"required name=search_term_string"}],"inLanguage":"fr-FR"},{"@type":"Organization","@id":"https:\/\/alt.thehookah.de\/fr\/#organization","name":"The Hookah","url":"https:\/\/alt.thehookah.de\/fr\/","logo":{"@type":"ImageObject","inLanguage":"fr-FR","@id":"https:\/\/alt.thehookah.de\/fr\/#\/schema\/logo\/image\/","url":"https:\/\/alt.thehookah.de\/wp-content\/uploads\/2021\/02\/cropped-logo2.png","contentUrl":"https:\/\/alt.thehookah.de\/wp-content\/uploads\/2021\/02\/cropped-logo2.png","width":300,"height":86,"caption":"The Hookah"},"image":{"@id":"https:\/\/alt.thehookah.de\/fr\/#\/schema\/logo\/image\/"}}]},"product_price_amount":"189.99","product_price_currency":"EUR","og_availability":"out of stock","product_availability":"out of stock","product_retailer_item_id":"HOOKAH-MRW1","product_condition":"new"},"_links":{"self":[{"href":"https:\/\/alt.thehookah.de\/fr\/wp-json\/wp\/v2\/product\/620008"}],"collection":[{"href":"https:\/\/alt.thehookah.de\/fr\/wp-json\/wp\/v2\/product"}],"about":[{"href":"https:\/\/alt.thehookah.de\/fr\/wp-json\/wp\/v2\/types\/product"}],"replies":[{"embeddable":true,"href":"https:\/\/alt.thehookah.de\/fr\/wp-json\/wp\/v2\/comments?post=620008"}],"wp:featuredmedia":[{"embeddable":true,"href":"https:\/\/alt.thehookah.de\/fr\/wp-json\/wp\/v2\/media\/558722"}],"wp:attachment":[{"href":"https:\/\/alt.thehookah.de\/fr\/wp-json\/wp\/v2\/media?parent=620008"}],"wp:term":[{"taxonomy":"product_cat","embeddable":true,"href":"https:\/\/alt.thehookah.de\/fr\/wp-json\/wp\/v2\/product_cat?post=620008"},{"taxonomy":"product_tag","embeddable":true,"href":"https:\/\/alt.thehookah.de\/fr\/wp-json\/wp\/v2\/product_tag?post=620008"}],"curies":[{"name":"wp","href":"https:\/\/api.w.org\/{rel}","templated":true}]}}