{"id":620070,"date":"2019-03-02T18:42:36","date_gmt":"2019-03-02T17:42:36","guid":{"rendered":"https:\/\/www.thehookah.de\/produkt\/plateau-a-charbon-acier-inoxydable-v2a-rainbow\/"},"modified":"2019-03-02T18:42:36","modified_gmt":"2019-03-02T17:42:36","slug":"plateau-a-charbon-acier-inoxydable-v2a-rainbow","status":"publish","type":"product","link":"https:\/\/alt.thehookah.de\/fr\/produkt\/plateau-a-charbon-acier-inoxydable-v2a-rainbow\/","title":{"rendered":"Plateau \u00e0 charbon &#8211; acier inoxydable V2A RAINBOW"},"content":{"rendered":"<h2>Plateau \u00e0 charbon &#8211; acier inoxydable V2A RAINBOW<\/h2>\n<h4>Diam\u00e8tre env. 24 cm Per\u00e7age env. 2cm<\/h4>\n<h4><\/h4>\n<h4>Remarque : l&#8217;adaptateur de rodage n&#8217;est pas inclus dans la livraison. Le rev\u00eatement Rainbow peut se d\u00e9colorer ou perdre son rev\u00eatement en raison de l&#8217;application de charbon\/chaleur.<\/h4>\n","protected":false},"excerpt":{"rendered":"<p>Plateau \u00e0 charbon &#8211; acier inoxydable V2A RAINBOW Diam\u00e8tre env. 24 cm Per\u00e7age env. 2cm Remarque : l&#8217;adaptateur de rodage n&#8217;est pas inclus dans la livraison. Le rev\u00eatement Rainbow peut se d\u00e9colorer ou perdre son rev\u00eatement en raison de l&#8217;application de charbon\/chaleur.<\/p>\n","protected":false},"featured_media":550880,"comment_status":"open","ping_status":"closed","template":"","meta":[],"product_cat":[310,351],"product_tag":[],"yoast_head":"<!-- This site is optimized with the Yoast SEO plugin v22.5 - https:\/\/yoast.com\/wordpress\/plugins\/seo\/ -->\n<title>Shisha Plateau de charbon | Acier inoxydable V2A RAINBOW pour narguil\u00e9s<\/title>\n<meta name=\"description\" content=\"Assiette \u00e0 charbon de shisha - acier inoxydable V2A RAINBOW acheter en ligne sur Shisha Shop \u2713 Diam\u00e8tre environ 24 cm \u2713 Per\u00e7age environ 2cm, \u00e0 d\u00e9couvrir maintenant !\" \/>\n<meta name=\"robots\" content=\"index, follow, max-snippet:-1, max-image-preview:large, max-video-preview:-1\" \/>\n<link rel=\"canonical\" href=\"https:\/\/alt.thehookah.de\/fr\/produkt\/plateau-a-charbon-acier-inoxydable-v2a-rainbow\/\" \/>\n<meta property=\"og:locale\" content=\"fr_FR\" \/>\n<meta property=\"og:type\" content=\"article\" \/>\n<meta property=\"og:title\" content=\"Shisha Plateau de charbon | Acier inoxydable V2A RAINBOW pour narguil\u00e9s\" \/>\n<meta property=\"og:description\" content=\"Assiette \u00e0 charbon de shisha - acier inoxydable V2A RAINBOW acheter en ligne sur Shisha Shop \u2713 Diam\u00e8tre environ 24 cm \u2713 Per\u00e7age environ 2cm, \u00e0 d\u00e9couvrir maintenant !\" \/>\n<meta property=\"og:url\" content=\"https:\/\/alt.thehookah.de\/fr\/produkt\/plateau-a-charbon-acier-inoxydable-v2a-rainbow\/\" \/>\n<meta property=\"og:site_name\" content=\"The Hookah\" \/>\n<meta property=\"og:image\" content=\"https:\/\/alt.thehookah.de\/wp-content\/uploads\/2019\/03\/RainbowTeller2.jpg\" \/>\n\t<meta property=\"og:image:width\" content=\"2000\" \/>\n\t<meta property=\"og:image:height\" content=\"2000\" \/>\n\t<meta property=\"og:image:type\" content=\"image\/jpeg\" \/>\n<meta name=\"twitter:card\" content=\"summary_large_image\" \/>\n<meta name=\"twitter:label1\" content=\"Prix\" \/>\n\t<meta name=\"twitter:data1\" content=\"16,98&nbsp;&euro;\" \/>\n\t<meta name=\"twitter:label2\" content=\"Disponibilit\u00e9\" \/>\n\t<meta name=\"twitter:data2\" content=\"En stock\" \/>\n<script type=\"application\/ld+json\" class=\"yoast-schema-graph\">{\"@context\":\"https:\/\/schema.org\",\"@graph\":[{\"@type\":\"WebPage\",\"@id\":\"https:\/\/alt.thehookah.de\/fr\/produkt\/plateau-a-charbon-acier-inoxydable-v2a-rainbow\/\",\"url\":\"https:\/\/alt.thehookah.de\/fr\/produkt\/plateau-a-charbon-acier-inoxydable-v2a-rainbow\/\",\"name\":\"Shisha Plateau de charbon | Acier inoxydable V2A RAINBOW pour narguil\u00e9s\",\"isPartOf\":{\"@id\":\"https:\/\/alt.thehookah.de\/fr\/#website\"},\"primaryImageOfPage\":{\"@id\":\"https:\/\/alt.thehookah.de\/fr\/produkt\/plateau-a-charbon-acier-inoxydable-v2a-rainbow\/#primaryimage\"},\"image\":{\"@id\":\"https:\/\/alt.thehookah.de\/fr\/produkt\/plateau-a-charbon-acier-inoxydable-v2a-rainbow\/#primaryimage\"},\"thumbnailUrl\":\"https:\/\/alt.thehookah.de\/wp-content\/uploads\/2019\/03\/RainbowTeller2.jpg\",\"datePublished\":\"2019-03-02T17:42:36+00:00\",\"dateModified\":\"2019-03-02T17:42:36+00:00\",\"description\":\"Assiette \u00e0 charbon de shisha - acier inoxydable V2A RAINBOW acheter en ligne sur Shisha Shop \u2713 Diam\u00e8tre environ 24 cm \u2713 Per\u00e7age environ 2cm, \u00e0 d\u00e9couvrir maintenant !\",\"breadcrumb\":{\"@id\":\"https:\/\/alt.thehookah.de\/fr\/produkt\/plateau-a-charbon-acier-inoxydable-v2a-rainbow\/#breadcrumb\"},\"inLanguage\":\"fr-FR\",\"potentialAction\":[{\"@type\":\"ReadAction\",\"target\":[\"https:\/\/alt.thehookah.de\/fr\/produkt\/plateau-a-charbon-acier-inoxydable-v2a-rainbow\/\"]}]},{\"@type\":\"ImageObject\",\"inLanguage\":\"fr-FR\",\"@id\":\"https:\/\/alt.thehookah.de\/fr\/produkt\/plateau-a-charbon-acier-inoxydable-v2a-rainbow\/#primaryimage\",\"url\":\"https:\/\/alt.thehookah.de\/wp-content\/uploads\/2019\/03\/RainbowTeller2.jpg\",\"contentUrl\":\"https:\/\/alt.thehookah.de\/wp-content\/uploads\/2019\/03\/RainbowTeller2.jpg\",\"width\":2000,\"height\":2000,\"caption\":\"Assiette collector shisha\"},{\"@type\":\"BreadcrumbList\",\"@id\":\"https:\/\/alt.thehookah.de\/fr\/produkt\/plateau-a-charbon-acier-inoxydable-v2a-rainbow\/#breadcrumb\",\"itemListElement\":[{\"@type\":\"ListItem\",\"position\":1,\"name\":\"Startseite\",\"item\":\"https:\/\/alt.thehookah.de\/fr\/\"},{\"@type\":\"ListItem\",\"position\":2,\"name\":\"Ta boutique en ligne HOOKAH\",\"item\":\"https:\/\/alt.thehookah.de\/fr\/ta-boutique-en-ligne-hookah\/\"},{\"@type\":\"ListItem\",\"position\":3,\"name\":\"Plateau \u00e0 charbon &#8211; acier inoxydable V2A RAINBOW\"}]},{\"@type\":\"WebSite\",\"@id\":\"https:\/\/alt.thehookah.de\/fr\/#website\",\"url\":\"https:\/\/alt.thehookah.de\/fr\/\",\"name\":\"The Hookah\",\"description\":\"\",\"publisher\":{\"@id\":\"https:\/\/alt.thehookah.de\/fr\/#organization\"},\"potentialAction\":[{\"@type\":\"SearchAction\",\"target\":{\"@type\":\"EntryPoint\",\"urlTemplate\":\"https:\/\/alt.thehookah.de\/fr\/?s={search_term_string}\"},\"query-input\":\"required name=search_term_string\"}],\"inLanguage\":\"fr-FR\"},{\"@type\":\"Organization\",\"@id\":\"https:\/\/alt.thehookah.de\/fr\/#organization\",\"name\":\"The Hookah\",\"url\":\"https:\/\/alt.thehookah.de\/fr\/\",\"logo\":{\"@type\":\"ImageObject\",\"inLanguage\":\"fr-FR\",\"@id\":\"https:\/\/alt.thehookah.de\/fr\/#\/schema\/logo\/image\/\",\"url\":\"https:\/\/alt.thehookah.de\/wp-content\/uploads\/2021\/02\/cropped-logo2.png\",\"contentUrl\":\"https:\/\/alt.thehookah.de\/wp-content\/uploads\/2021\/02\/cropped-logo2.png\",\"width\":300,\"height\":86,\"caption\":\"The Hookah\"},\"image\":{\"@id\":\"https:\/\/alt.thehookah.de\/fr\/#\/schema\/logo\/image\/\"}}]}<\/script>\n<meta property=\"product:price:amount\" content=\"16.98\" \/>\n<meta property=\"product:price:currency\" content=\"EUR\" \/>\n<meta property=\"og:availability\" content=\"instock\" \/>\n<meta property=\"product:availability\" content=\"instock\" \/>\n<meta property=\"product:retailer_item_id\" content=\"KT-V2A2\" \/>\n<meta property=\"product:condition\" content=\"new\" \/>\n<!-- \/ Yoast SEO plugin. -->","yoast_head_json":{"title":"Shisha Plateau de charbon | Acier inoxydable V2A RAINBOW pour narguil\u00e9s","description":"Assiette \u00e0 charbon de shisha - acier inoxydable V2A RAINBOW acheter en ligne sur Shisha Shop \u2713 Diam\u00e8tre environ 24 cm \u2713 Per\u00e7age environ 2cm, \u00e0 d\u00e9couvrir maintenant !","robots":{"index":"index","follow":"follow","max-snippet":"max-snippet:-1","max-image-preview":"max-image-preview:large","max-video-preview":"max-video-preview:-1"},"canonical":"https:\/\/alt.thehookah.de\/fr\/produkt\/plateau-a-charbon-acier-inoxydable-v2a-rainbow\/","og_locale":"fr_FR","og_type":"article","og_title":"Shisha Plateau de charbon | Acier inoxydable V2A RAINBOW pour narguil\u00e9s","og_description":"Assiette \u00e0 charbon de shisha - acier inoxydable V2A RAINBOW acheter en ligne sur Shisha Shop \u2713 Diam\u00e8tre environ 24 cm \u2713 Per\u00e7age environ 2cm, \u00e0 d\u00e9couvrir maintenant !","og_url":"https:\/\/alt.thehookah.de\/fr\/produkt\/plateau-a-charbon-acier-inoxydable-v2a-rainbow\/","og_site_name":"The Hookah","og_image":[{"width":2000,"height":2000,"url":"https:\/\/alt.thehookah.de\/wp-content\/uploads\/2019\/03\/RainbowTeller2.jpg","type":"image\/jpeg"}],"twitter_card":"summary_large_image","twitter_misc":{"Prix":"16,98&nbsp;&euro;","Disponibilit\u00e9":"En stock"},"schema":{"@context":"https:\/\/schema.org","@graph":[{"@type":"WebPage","@id":"https:\/\/alt.thehookah.de\/fr\/produkt\/plateau-a-charbon-acier-inoxydable-v2a-rainbow\/","url":"https:\/\/alt.thehookah.de\/fr\/produkt\/plateau-a-charbon-acier-inoxydable-v2a-rainbow\/","name":"Shisha Plateau de charbon | Acier inoxydable V2A RAINBOW pour narguil\u00e9s","isPartOf":{"@id":"https:\/\/alt.thehookah.de\/fr\/#website"},"primaryImageOfPage":{"@id":"https:\/\/alt.thehookah.de\/fr\/produkt\/plateau-a-charbon-acier-inoxydable-v2a-rainbow\/#primaryimage"},"image":{"@id":"https:\/\/alt.thehookah.de\/fr\/produkt\/plateau-a-charbon-acier-inoxydable-v2a-rainbow\/#primaryimage"},"thumbnailUrl":"https:\/\/alt.thehookah.de\/wp-content\/uploads\/2019\/03\/RainbowTeller2.jpg","datePublished":"2019-03-02T17:42:36+00:00","dateModified":"2019-03-02T17:42:36+00:00","description":"Assiette \u00e0 charbon de shisha - acier inoxydable V2A RAINBOW acheter en ligne sur Shisha Shop \u2713 Diam\u00e8tre environ 24 cm \u2713 Per\u00e7age environ 2cm, \u00e0 d\u00e9couvrir maintenant !","breadcrumb":{"@id":"https:\/\/alt.thehookah.de\/fr\/produkt\/plateau-a-charbon-acier-inoxydable-v2a-rainbow\/#breadcrumb"},"inLanguage":"fr-FR","potentialAction":[{"@type":"ReadAction","target":["https:\/\/alt.thehookah.de\/fr\/produkt\/plateau-a-charbon-acier-inoxydable-v2a-rainbow\/"]}]},{"@type":"ImageObject","inLanguage":"fr-FR","@id":"https:\/\/alt.thehookah.de\/fr\/produkt\/plateau-a-charbon-acier-inoxydable-v2a-rainbow\/#primaryimage","url":"https:\/\/alt.thehookah.de\/wp-content\/uploads\/2019\/03\/RainbowTeller2.jpg","contentUrl":"https:\/\/alt.thehookah.de\/wp-content\/uploads\/2019\/03\/RainbowTeller2.jpg","width":2000,"height":2000,"caption":"Assiette collector shisha"},{"@type":"BreadcrumbList","@id":"https:\/\/alt.thehookah.de\/fr\/produkt\/plateau-a-charbon-acier-inoxydable-v2a-rainbow\/#breadcrumb","itemListElement":[{"@type":"ListItem","position":1,"name":"Startseite","item":"https:\/\/alt.thehookah.de\/fr\/"},{"@type":"ListItem","position":2,"name":"Ta boutique en ligne HOOKAH","item":"https:\/\/alt.thehookah.de\/fr\/ta-boutique-en-ligne-hookah\/"},{"@type":"ListItem","position":3,"name":"Plateau \u00e0 charbon &#8211; acier inoxydable V2A RAINBOW"}]},{"@type":"WebSite","@id":"https:\/\/alt.thehookah.de\/fr\/#website","url":"https:\/\/alt.thehookah.de\/fr\/","name":"The Hookah","description":"","publisher":{"@id":"https:\/\/alt.thehookah.de\/fr\/#organization"},"potentialAction":[{"@type":"SearchAction","target":{"@type":"EntryPoint","urlTemplate":"https:\/\/alt.thehookah.de\/fr\/?s={search_term_string}"},"query-input":"required name=search_term_string"}],"inLanguage":"fr-FR"},{"@type":"Organization","@id":"https:\/\/alt.thehookah.de\/fr\/#organization","name":"The Hookah","url":"https:\/\/alt.thehookah.de\/fr\/","logo":{"@type":"ImageObject","inLanguage":"fr-FR","@id":"https:\/\/alt.thehookah.de\/fr\/#\/schema\/logo\/image\/","url":"https:\/\/alt.thehookah.de\/wp-content\/uploads\/2021\/02\/cropped-logo2.png","contentUrl":"https:\/\/alt.thehookah.de\/wp-content\/uploads\/2021\/02\/cropped-logo2.png","width":300,"height":86,"caption":"The Hookah"},"image":{"@id":"https:\/\/alt.thehookah.de\/fr\/#\/schema\/logo\/image\/"}}]},"product_price_amount":"16.98","product_price_currency":"EUR","og_availability":"instock","product_availability":"instock","product_retailer_item_id":"KT-V2A2","product_condition":"new"},"_links":{"self":[{"href":"https:\/\/alt.thehookah.de\/fr\/wp-json\/wp\/v2\/product\/620070"}],"collection":[{"href":"https:\/\/alt.thehookah.de\/fr\/wp-json\/wp\/v2\/product"}],"about":[{"href":"https:\/\/alt.thehookah.de\/fr\/wp-json\/wp\/v2\/types\/product"}],"replies":[{"embeddable":true,"href":"https:\/\/alt.thehookah.de\/fr\/wp-json\/wp\/v2\/comments?post=620070"}],"wp:featuredmedia":[{"embeddable":true,"href":"https:\/\/alt.thehookah.de\/fr\/wp-json\/wp\/v2\/media\/550880"}],"wp:attachment":[{"href":"https:\/\/alt.thehookah.de\/fr\/wp-json\/wp\/v2\/media?parent=620070"}],"wp:term":[{"taxonomy":"product_cat","embeddable":true,"href":"https:\/\/alt.thehookah.de\/fr\/wp-json\/wp\/v2\/product_cat?post=620070"},{"taxonomy":"product_tag","embeddable":true,"href":"https:\/\/alt.thehookah.de\/fr\/wp-json\/wp\/v2\/product_tag?post=620070"}],"curies":[{"name":"wp","href":"https:\/\/api.w.org\/{rel}","templated":true}]}}