{"id":620087,"date":"2019-03-01T15:33:41","date_gmt":"2019-03-01T14:33:41","guid":{"rendered":"https:\/\/www.thehookah.de\/produkt\/jacky-brown-coupe-a-la-main\/"},"modified":"2019-03-01T15:33:41","modified_gmt":"2019-03-01T14:33:41","slug":"jacky-brown-coupe-a-la-main","status":"publish","type":"product","link":"https:\/\/alt.thehookah.de\/fr\/produkt\/jacky-brown-coupe-a-la-main\/","title":{"rendered":"Jacky Brown Coupe \u00e0 la main"},"content":{"rendered":"<h2>JACKY BROWN Coupe \u00e0 la main<\/h2>\n<h3>&#8220;Un demi-million de dollars est en principe toujours port\u00e9 disparu&#8221;.<\/h3>\n<h3>-Jacky Brown<\/h3>\n<p>&nbsp;<\/p>\n<h3 style=\"text-align: center;\"><strong>nous souhaitons la bienvenue \u00e0 Jacky Brown dans notre famille de hookahs,<\/strong><\/h3>\n<h3 style=\"text-align: center;\"><b>Cette chicha est \u00e9galement en avance sur son temps, noble et intemporelle.<\/b><\/h3>\n<h3 style=\"text-align: center;\">Acier inoxydable V2A avec bois. Cette pipe \u00e0 eau poss\u00e8de un raccord taill\u00e9 dans la base 18\/8.<\/h3>\n<h3 style=\"text-align: center;\">il est possible \u00e0 tout moment d&#8217;effectuer une p. ex. colonne de fum\u00e9e en verre \u00e0 utiliser sans aucun adaptateur<\/h3>\n<p>&nbsp;<\/p>\n<h3><strong>Pour l&#8217;entretien, nous recommandons l&#8217;huile Ballistol&#8230; (pas d&#8217;EAU) de garder les \u00e9l\u00e9ments en bois toujours secs et de les entretenir r\u00e9guli\u00e8rement avec des produits d&#8217;entretien du bois.  <\/strong><\/h3>\n<h3>Colonne de fum\u00e9e d\u00e9montable pour le nettoyage.<\/h3>\n<p>&nbsp;<\/p>\n<p>hauteur totale avec le pi\u00e8ge \u00e0 molasse (jusqu&#8217;au plateau de charbon) : environ 70 cm<\/p>\n<p>Hauteur totale sans le pi\u00e8ge \u00e0 molasse (jusqu&#8217;au plateau de charbon ) env. 62 cm<\/p>\n<p>&nbsp;<\/p>\n<ul>\n<li>Base en acier inoxydable V2A int\u00e9rieur &amp; ext\u00e9rieur rev\u00eatu de bois<\/li>\n<li>Chambre ferm\u00e9e \/ syst\u00e8me \u00e0 clic<\/li>\n<li>Acier inoxydable V2A Plateau de charbon 24cm<\/li>\n<li>JACKY BROWN Handcut Bowl (verre en cristal)<\/li>\n<\/ul>\n<div><strong>Gr\u00e2ce \u00e0 notre nouveau &amp; tube plongeur en plusieurs parties en V2A, avec diffuseur d\u00e9vissable,<\/strong><\/div>\n<div><strong>vous pouvez maintenant d\u00e9terminer vous-m\u00eame la r\u00e9ponse de votre THE HOOKAH.<\/strong><\/div>\n<div>Dans la version courte, un comportement plus direct et dans la version longue, un comportement un peu plus indirect.<\/div>\n<div>Dans tous les cas, le diam\u00e8tre est dimensionn\u00e9 de mani\u00e8re \u00e0 ce que rien n&#8217;emp\u00eache une traction brutale.<\/div>\n<div><\/div>\n<h2>D\u00e9tails du produit<\/h2>\n<div style=\"position: relative; padding-top: 56.25%;\"><iframe style=\"position: absolute; top: 0; left: 0; width: 100%; height: 100%;\" src=\"https:\/\/www.youtube-nocookie.com\/embed\/NCw4TfJrUL8\" frameborder=\"0\" allowfullscreen=\"allowfullscreen\"><\/iframe><\/div>\n<h2>Contenu de la livraison<\/h2>\n<p>&nbsp;<\/p>\n<ul>\n<li>1 x acier inoxydable V2A plateau \u00e0 charbon bross\u00e9<\/li>\n<li>1 x adaptateur de rodage de t\u00eate 18\/8<\/li>\n<li>1 x JACKY BROWN <strong>colonne de fum\u00e9e en plusieurs parties 18\/8 coupe <\/strong>V2A acier inoxydable int\u00e9rieur et ext\u00e9rieur habill\u00e9 de bois<\/li>\n<li>1 x JACKY BROWN Base V2A acier inoxydable int\u00e9rieur et ext\u00e9rieur habill\u00e9 de bois<\/li>\n<li>4 x adaptateurs de tuyaux 18\/8<\/li>\n<li>4 x embouts 18\/8<\/li>\n<li>1 x capteur de molasse en verre borosilicat\u00e9 18\/8<\/li>\n<li>1 x ressort de protection contre le pliage<\/li>\n<li>4 x boule en verre<\/li>\n<li>1 x tube plongeur en plusieurs parties V2A pouvant \u00eatre raccourci &amp; rallong\u00e9<\/li>\n<li>1 x diffuseur d\u00e9vissable<\/li>\n<li>1 x tuyau en silicone en cuir v\u00e9ritable enrob\u00e9 de brun<\/li>\n<li>1 x JACKY BROWN embout buccal en bois &#8211; V2A acier inoxydable int\u00e9rieur et ext\u00e9rieur bois<\/li>\n<li>1 x JACKY BROWN Handcut Bowl en verre cristallin<\/li>\n<li>  verre en cristal souffl\u00e9 \u00e0 la bouche Bowl ensuite taill\u00e9 et poli \u00e0 la main.<\/li>\n<\/ul>\n","protected":false},"excerpt":{"rendered":"<p>JACKY BROWN Coupe \u00e0 la main &#8220;Un demi-million de dollars est en principe toujours port\u00e9 disparu&#8221;. -Jacky Brown &nbsp; nous souhaitons la bienvenue \u00e0 Jacky Brown dans notre famille de hookahs, Cette chicha est \u00e9galement en avance sur son temps, noble et intemporelle. Acier inoxydable V2A avec bois. Cette pipe \u00e0 eau poss\u00e8de un raccord [&hellip;]<\/p>\n","protected":false},"featured_media":550716,"comment_status":"open","ping_status":"closed","template":"","meta":[],"product_cat":[314,321,329,318],"product_tag":[],"yoast_head":"<!-- This site is optimized with the Yoast SEO plugin v22.5 - https:\/\/yoast.com\/wordpress\/plugins\/seo\/ -->\n<title>Jacky Brown Handcut shisha\/pipe \u00e0 eau | noble et intemporel<\/title>\n<meta name=\"description\" content=\"Jacky Brown Handcut shisha\/pipe \u00e0 eau acheter en ligne chez THE HOOKAH, ton magasin en ligne de shishas et accessoires, d\u00e9couvre la pipe \u00e0 eau noble et intemporelle !\" \/>\n<meta name=\"robots\" content=\"index, follow, max-snippet:-1, max-image-preview:large, max-video-preview:-1\" \/>\n<link rel=\"canonical\" href=\"https:\/\/alt.thehookah.de\/fr\/produkt\/jacky-brown-coupe-a-la-main\/\" \/>\n<meta property=\"og:locale\" content=\"fr_FR\" \/>\n<meta property=\"og:type\" content=\"article\" \/>\n<meta property=\"og:title\" content=\"Jacky Brown Handcut shisha\/pipe \u00e0 eau | noble et intemporel\" \/>\n<meta property=\"og:description\" content=\"Jacky Brown Handcut shisha\/pipe \u00e0 eau acheter en ligne chez THE HOOKAH, ton magasin en ligne de shishas et accessoires, d\u00e9couvre la pipe \u00e0 eau noble et intemporelle !\" \/>\n<meta property=\"og:url\" content=\"https:\/\/alt.thehookah.de\/fr\/produkt\/jacky-brown-coupe-a-la-main\/\" \/>\n<meta property=\"og:site_name\" content=\"The Hookah\" \/>\n<meta property=\"og:image\" content=\"https:\/\/alt.thehookah.de\/wp-content\/uploads\/2019\/03\/jacky1.jpg\" \/>\n\t<meta property=\"og:image:width\" content=\"2000\" \/>\n\t<meta property=\"og:image:height\" content=\"2000\" \/>\n\t<meta property=\"og:image:type\" content=\"image\/jpeg\" \/>\n<meta name=\"twitter:card\" content=\"summary_large_image\" \/>\n<meta name=\"twitter:label1\" content=\"Prix\" \/>\n\t<meta name=\"twitter:data1\" content=\"165,00&nbsp;&euro;\" \/>\n\t<meta name=\"twitter:label2\" content=\"Disponibilit\u00e9\" \/>\n\t<meta name=\"twitter:data2\" content=\"Rupture de stock\" \/>\n<script type=\"application\/ld+json\" class=\"yoast-schema-graph\">{\"@context\":\"https:\/\/schema.org\",\"@graph\":[{\"@type\":\"WebPage\",\"@id\":\"https:\/\/alt.thehookah.de\/fr\/produkt\/jacky-brown-coupe-a-la-main\/\",\"url\":\"https:\/\/alt.thehookah.de\/fr\/produkt\/jacky-brown-coupe-a-la-main\/\",\"name\":\"Jacky Brown Handcut shisha\/pipe \u00e0 eau | noble et intemporel\",\"isPartOf\":{\"@id\":\"https:\/\/alt.thehookah.de\/fr\/#website\"},\"primaryImageOfPage\":{\"@id\":\"https:\/\/alt.thehookah.de\/fr\/produkt\/jacky-brown-coupe-a-la-main\/#primaryimage\"},\"image\":{\"@id\":\"https:\/\/alt.thehookah.de\/fr\/produkt\/jacky-brown-coupe-a-la-main\/#primaryimage\"},\"thumbnailUrl\":\"https:\/\/alt.thehookah.de\/wp-content\/uploads\/2019\/03\/jacky1.jpg\",\"datePublished\":\"2019-03-01T14:33:41+00:00\",\"dateModified\":\"2019-03-01T14:33:41+00:00\",\"description\":\"Jacky Brown Handcut shisha\/pipe \u00e0 eau acheter en ligne chez THE HOOKAH, ton magasin en ligne de shishas et accessoires, d\u00e9couvre la pipe \u00e0 eau noble et intemporelle !\",\"breadcrumb\":{\"@id\":\"https:\/\/alt.thehookah.de\/fr\/produkt\/jacky-brown-coupe-a-la-main\/#breadcrumb\"},\"inLanguage\":\"fr-FR\",\"potentialAction\":[{\"@type\":\"ReadAction\",\"target\":[\"https:\/\/alt.thehookah.de\/fr\/produkt\/jacky-brown-coupe-a-la-main\/\"]}]},{\"@type\":\"ImageObject\",\"inLanguage\":\"fr-FR\",\"@id\":\"https:\/\/alt.thehookah.de\/fr\/produkt\/jacky-brown-coupe-a-la-main\/#primaryimage\",\"url\":\"https:\/\/alt.thehookah.de\/wp-content\/uploads\/2019\/03\/jacky1.jpg\",\"contentUrl\":\"https:\/\/alt.thehookah.de\/wp-content\/uploads\/2019\/03\/jacky1.jpg\",\"width\":2000,\"height\":2000},{\"@type\":\"BreadcrumbList\",\"@id\":\"https:\/\/alt.thehookah.de\/fr\/produkt\/jacky-brown-coupe-a-la-main\/#breadcrumb\",\"itemListElement\":[{\"@type\":\"ListItem\",\"position\":1,\"name\":\"Startseite\",\"item\":\"https:\/\/alt.thehookah.de\/fr\/\"},{\"@type\":\"ListItem\",\"position\":2,\"name\":\"Ta boutique en ligne HOOKAH\",\"item\":\"https:\/\/alt.thehookah.de\/fr\/ta-boutique-en-ligne-hookah\/\"},{\"@type\":\"ListItem\",\"position\":3,\"name\":\"Jacky Brown Coupe \u00e0 la main\"}]},{\"@type\":\"WebSite\",\"@id\":\"https:\/\/alt.thehookah.de\/fr\/#website\",\"url\":\"https:\/\/alt.thehookah.de\/fr\/\",\"name\":\"The Hookah\",\"description\":\"\",\"publisher\":{\"@id\":\"https:\/\/alt.thehookah.de\/fr\/#organization\"},\"potentialAction\":[{\"@type\":\"SearchAction\",\"target\":{\"@type\":\"EntryPoint\",\"urlTemplate\":\"https:\/\/alt.thehookah.de\/fr\/?s={search_term_string}\"},\"query-input\":\"required name=search_term_string\"}],\"inLanguage\":\"fr-FR\"},{\"@type\":\"Organization\",\"@id\":\"https:\/\/alt.thehookah.de\/fr\/#organization\",\"name\":\"The Hookah\",\"url\":\"https:\/\/alt.thehookah.de\/fr\/\",\"logo\":{\"@type\":\"ImageObject\",\"inLanguage\":\"fr-FR\",\"@id\":\"https:\/\/alt.thehookah.de\/fr\/#\/schema\/logo\/image\/\",\"url\":\"https:\/\/alt.thehookah.de\/wp-content\/uploads\/2021\/02\/cropped-logo2.png\",\"contentUrl\":\"https:\/\/alt.thehookah.de\/wp-content\/uploads\/2021\/02\/cropped-logo2.png\",\"width\":300,\"height\":86,\"caption\":\"The Hookah\"},\"image\":{\"@id\":\"https:\/\/alt.thehookah.de\/fr\/#\/schema\/logo\/image\/\"}}]}<\/script>\n<meta property=\"product:price:amount\" content=\"165.00\" \/>\n<meta property=\"product:price:currency\" content=\"EUR\" \/>\n<meta property=\"og:availability\" content=\"out of stock\" \/>\n<meta property=\"product:availability\" content=\"out of stock\" \/>\n<meta property=\"product:retailer_item_id\" content=\"HOOKAH-JB1\" \/>\n<meta property=\"product:condition\" content=\"new\" \/>\n<!-- \/ Yoast SEO plugin. -->","yoast_head_json":{"title":"Jacky Brown Handcut shisha\/pipe \u00e0 eau | noble et intemporel","description":"Jacky Brown Handcut shisha\/pipe \u00e0 eau acheter en ligne chez THE HOOKAH, ton magasin en ligne de shishas et accessoires, d\u00e9couvre la pipe \u00e0 eau noble et intemporelle !","robots":{"index":"index","follow":"follow","max-snippet":"max-snippet:-1","max-image-preview":"max-image-preview:large","max-video-preview":"max-video-preview:-1"},"canonical":"https:\/\/alt.thehookah.de\/fr\/produkt\/jacky-brown-coupe-a-la-main\/","og_locale":"fr_FR","og_type":"article","og_title":"Jacky Brown Handcut shisha\/pipe \u00e0 eau | noble et intemporel","og_description":"Jacky Brown Handcut shisha\/pipe \u00e0 eau acheter en ligne chez THE HOOKAH, ton magasin en ligne de shishas et accessoires, d\u00e9couvre la pipe \u00e0 eau noble et intemporelle !","og_url":"https:\/\/alt.thehookah.de\/fr\/produkt\/jacky-brown-coupe-a-la-main\/","og_site_name":"The Hookah","og_image":[{"width":2000,"height":2000,"url":"https:\/\/alt.thehookah.de\/wp-content\/uploads\/2019\/03\/jacky1.jpg","type":"image\/jpeg"}],"twitter_card":"summary_large_image","twitter_misc":{"Prix":"165,00&nbsp;&euro;","Disponibilit\u00e9":"Rupture de stock"},"schema":{"@context":"https:\/\/schema.org","@graph":[{"@type":"WebPage","@id":"https:\/\/alt.thehookah.de\/fr\/produkt\/jacky-brown-coupe-a-la-main\/","url":"https:\/\/alt.thehookah.de\/fr\/produkt\/jacky-brown-coupe-a-la-main\/","name":"Jacky Brown Handcut shisha\/pipe \u00e0 eau | noble et intemporel","isPartOf":{"@id":"https:\/\/alt.thehookah.de\/fr\/#website"},"primaryImageOfPage":{"@id":"https:\/\/alt.thehookah.de\/fr\/produkt\/jacky-brown-coupe-a-la-main\/#primaryimage"},"image":{"@id":"https:\/\/alt.thehookah.de\/fr\/produkt\/jacky-brown-coupe-a-la-main\/#primaryimage"},"thumbnailUrl":"https:\/\/alt.thehookah.de\/wp-content\/uploads\/2019\/03\/jacky1.jpg","datePublished":"2019-03-01T14:33:41+00:00","dateModified":"2019-03-01T14:33:41+00:00","description":"Jacky Brown Handcut shisha\/pipe \u00e0 eau acheter en ligne chez THE HOOKAH, ton magasin en ligne de shishas et accessoires, d\u00e9couvre la pipe \u00e0 eau noble et intemporelle !","breadcrumb":{"@id":"https:\/\/alt.thehookah.de\/fr\/produkt\/jacky-brown-coupe-a-la-main\/#breadcrumb"},"inLanguage":"fr-FR","potentialAction":[{"@type":"ReadAction","target":["https:\/\/alt.thehookah.de\/fr\/produkt\/jacky-brown-coupe-a-la-main\/"]}]},{"@type":"ImageObject","inLanguage":"fr-FR","@id":"https:\/\/alt.thehookah.de\/fr\/produkt\/jacky-brown-coupe-a-la-main\/#primaryimage","url":"https:\/\/alt.thehookah.de\/wp-content\/uploads\/2019\/03\/jacky1.jpg","contentUrl":"https:\/\/alt.thehookah.de\/wp-content\/uploads\/2019\/03\/jacky1.jpg","width":2000,"height":2000},{"@type":"BreadcrumbList","@id":"https:\/\/alt.thehookah.de\/fr\/produkt\/jacky-brown-coupe-a-la-main\/#breadcrumb","itemListElement":[{"@type":"ListItem","position":1,"name":"Startseite","item":"https:\/\/alt.thehookah.de\/fr\/"},{"@type":"ListItem","position":2,"name":"Ta boutique en ligne HOOKAH","item":"https:\/\/alt.thehookah.de\/fr\/ta-boutique-en-ligne-hookah\/"},{"@type":"ListItem","position":3,"name":"Jacky Brown Coupe \u00e0 la main"}]},{"@type":"WebSite","@id":"https:\/\/alt.thehookah.de\/fr\/#website","url":"https:\/\/alt.thehookah.de\/fr\/","name":"The Hookah","description":"","publisher":{"@id":"https:\/\/alt.thehookah.de\/fr\/#organization"},"potentialAction":[{"@type":"SearchAction","target":{"@type":"EntryPoint","urlTemplate":"https:\/\/alt.thehookah.de\/fr\/?s={search_term_string}"},"query-input":"required name=search_term_string"}],"inLanguage":"fr-FR"},{"@type":"Organization","@id":"https:\/\/alt.thehookah.de\/fr\/#organization","name":"The Hookah","url":"https:\/\/alt.thehookah.de\/fr\/","logo":{"@type":"ImageObject","inLanguage":"fr-FR","@id":"https:\/\/alt.thehookah.de\/fr\/#\/schema\/logo\/image\/","url":"https:\/\/alt.thehookah.de\/wp-content\/uploads\/2021\/02\/cropped-logo2.png","contentUrl":"https:\/\/alt.thehookah.de\/wp-content\/uploads\/2021\/02\/cropped-logo2.png","width":300,"height":86,"caption":"The Hookah"},"image":{"@id":"https:\/\/alt.thehookah.de\/fr\/#\/schema\/logo\/image\/"}}]},"product_price_amount":"165.00","product_price_currency":"EUR","og_availability":"out of stock","product_availability":"out of stock","product_retailer_item_id":"HOOKAH-JB1","product_condition":"new"},"_links":{"self":[{"href":"https:\/\/alt.thehookah.de\/fr\/wp-json\/wp\/v2\/product\/620087"}],"collection":[{"href":"https:\/\/alt.thehookah.de\/fr\/wp-json\/wp\/v2\/product"}],"about":[{"href":"https:\/\/alt.thehookah.de\/fr\/wp-json\/wp\/v2\/types\/product"}],"replies":[{"embeddable":true,"href":"https:\/\/alt.thehookah.de\/fr\/wp-json\/wp\/v2\/comments?post=620087"}],"wp:featuredmedia":[{"embeddable":true,"href":"https:\/\/alt.thehookah.de\/fr\/wp-json\/wp\/v2\/media\/550716"}],"wp:attachment":[{"href":"https:\/\/alt.thehookah.de\/fr\/wp-json\/wp\/v2\/media?parent=620087"}],"wp:term":[{"taxonomy":"product_cat","embeddable":true,"href":"https:\/\/alt.thehookah.de\/fr\/wp-json\/wp\/v2\/product_cat?post=620087"},{"taxonomy":"product_tag","embeddable":true,"href":"https:\/\/alt.thehookah.de\/fr\/wp-json\/wp\/v2\/product_tag?post=620087"}],"curies":[{"name":"wp","href":"https:\/\/api.w.org\/{rel}","templated":true}]}}