{"id":620095,"date":"2019-02-12T12:16:02","date_gmt":"2019-02-12T11:16:02","guid":{"rendered":"https:\/\/www.thehookah.de\/produkt\/tete-de-verre-en-cristal-avec-firebox-the-hookah\/"},"modified":"2023-11-26T17:40:02","modified_gmt":"2023-11-26T16:40:02","slug":"tete-de-verre-en-cristal-avec-firebox-the-hookah","status":"publish","type":"product","link":"https:\/\/alt.thehookah.de\/fr\/produkt\/tete-de-verre-en-cristal-avec-firebox-the-hookah\/","title":{"rendered":"T\u00caTE DE VERRE EN CRISTAL AVEC FIREBOX &#8211; THE HOOKAH"},"content":{"rendered":"<h2>THE HOOKAH<\/h2>\n<h3>La qualit\u00e9 et le design toujours au premier plan.<\/h3>\n<h3>enfin disponible apr\u00e8s une longue p\u00e9riode de d\u00e9veloppement et de planification&#8230;<\/h3>\n<h3><strong>T\u00eate en verre silicone monotrou Phunnel <\/strong>&amp; FireBox argent\u00e9<\/h3>\n<h3><strong>capacit\u00e9 d&#8217;environ 10-15g de tabac<\/strong><\/h3>\n<p>&nbsp;<\/p>\n<h1><strong>y compris Firebox en argent<\/strong><\/h1>\n<p>&nbsp;<\/p>\n<h3><strong>Conseil d&#8217;entretien : laisser refroidir apr\u00e8s utilisation et ne pas utiliser d&#8217;eau froide.<\/strong><\/h3>\n<p><strong>Mat\u00e9riau : verre en cristal robuste r\u00e9sistant \u00e0 la chaleur  <\/strong><\/p>\n<p><strong>Avantages<\/strong><\/p>\n<ul>\n<li><strong>Le verre ne prend pas de go\u00fbt<\/strong><\/li>\n<li><strong>une bien meilleure r\u00e9partition de la chaleur<\/strong><\/li>\n<li><strong>tr\u00e8s hygi\u00e9nique car facile \u00e0 nettoyer<\/strong><\/li>\n<\/ul>\n","protected":false},"excerpt":{"rendered":"<p>THE HOOKAH La qualit\u00e9 et le design toujours au premier plan. enfin disponible apr\u00e8s une longue p\u00e9riode de d\u00e9veloppement et de planification&#8230; T\u00eate en verre silicone monotrou Phunnel &amp; FireBox argent\u00e9 capacit\u00e9 d&#8217;environ 10-15g de tabac &nbsp; y compris Firebox en argent &nbsp; Conseil d&#8217;entretien : laisser refroidir apr\u00e8s utilisation et ne pas utiliser d&#8217;eau [&hellip;]<\/p>\n","protected":false},"featured_media":548515,"comment_status":"open","ping_status":"closed","template":"","meta":[],"product_cat":[310,339],"product_tag":[],"yoast_head":"<!-- This site is optimized with the Yoast SEO plugin v22.5 - https:\/\/yoast.com\/wordpress\/plugins\/seo\/ -->\n<title>T\u00eate de shisha en verre cristal avec Firebox | ici dans la boutique THE HOOKAH<\/title>\n<meta name=\"description\" content=\"T\u00eate de shisha en verre cristal avec Firebox acheter en ligne dans THE HOOKAH Shop, ton magasin en ligne pour Shishas\/ Pipes \u00e0 eau\/ Hookahs avec accessoires, au produit !\" \/>\n<meta name=\"robots\" content=\"index, follow, max-snippet:-1, max-image-preview:large, max-video-preview:-1\" \/>\n<link rel=\"canonical\" href=\"https:\/\/alt.thehookah.de\/fr\/produkt\/tete-de-verre-en-cristal-avec-firebox-the-hookah\/\" \/>\n<meta property=\"og:locale\" content=\"fr_FR\" \/>\n<meta property=\"og:type\" content=\"article\" \/>\n<meta property=\"og:title\" content=\"T\u00eate de shisha en verre cristal avec Firebox | ici dans la boutique THE HOOKAH\" \/>\n<meta property=\"og:description\" content=\"T\u00eate de shisha en verre cristal avec Firebox acheter en ligne dans THE HOOKAH Shop, ton magasin en ligne pour Shishas\/ Pipes \u00e0 eau\/ Hookahs avec accessoires, au produit !\" \/>\n<meta property=\"og:url\" content=\"https:\/\/alt.thehookah.de\/fr\/produkt\/tete-de-verre-en-cristal-avec-firebox-the-hookah\/\" \/>\n<meta property=\"og:site_name\" content=\"The Hookah\" \/>\n<meta property=\"article:modified_time\" content=\"2023-11-26T16:40:02+00:00\" \/>\n<meta property=\"og:image\" content=\"https:\/\/alt.thehookah.de\/wp-content\/uploads\/2019\/02\/glaskopf1-1.jpg\" \/>\n\t<meta property=\"og:image:width\" content=\"2000\" \/>\n\t<meta property=\"og:image:height\" content=\"2000\" \/>\n\t<meta property=\"og:image:type\" content=\"image\/jpeg\" \/>\n<meta name=\"twitter:card\" content=\"summary_large_image\" \/>\n<meta name=\"twitter:label1\" content=\"Prix\" \/>\n\t<meta name=\"twitter:data1\" content=\"24,99&nbsp;&euro;\" \/>\n\t<meta name=\"twitter:label2\" content=\"Disponibilit\u00e9\" \/>\n\t<meta name=\"twitter:data2\" content=\"En stock\" \/>\n<script type=\"application\/ld+json\" class=\"yoast-schema-graph\">{\"@context\":\"https:\/\/schema.org\",\"@graph\":[{\"@type\":\"WebPage\",\"@id\":\"https:\/\/alt.thehookah.de\/fr\/produkt\/tete-de-verre-en-cristal-avec-firebox-the-hookah\/\",\"url\":\"https:\/\/alt.thehookah.de\/fr\/produkt\/tete-de-verre-en-cristal-avec-firebox-the-hookah\/\",\"name\":\"T\u00eate de shisha en verre cristal avec Firebox | ici dans la boutique THE HOOKAH\",\"isPartOf\":{\"@id\":\"https:\/\/alt.thehookah.de\/fr\/#website\"},\"primaryImageOfPage\":{\"@id\":\"https:\/\/alt.thehookah.de\/fr\/produkt\/tete-de-verre-en-cristal-avec-firebox-the-hookah\/#primaryimage\"},\"image\":{\"@id\":\"https:\/\/alt.thehookah.de\/fr\/produkt\/tete-de-verre-en-cristal-avec-firebox-the-hookah\/#primaryimage\"},\"thumbnailUrl\":\"https:\/\/alt.thehookah.de\/wp-content\/uploads\/2019\/02\/glaskopf1-1.jpg\",\"datePublished\":\"2019-02-12T11:16:02+00:00\",\"dateModified\":\"2023-11-26T16:40:02+00:00\",\"description\":\"T\u00eate de shisha en verre cristal avec Firebox acheter en ligne dans THE HOOKAH Shop, ton magasin en ligne pour Shishas\/ Pipes \u00e0 eau\/ Hookahs avec accessoires, au produit !\",\"breadcrumb\":{\"@id\":\"https:\/\/alt.thehookah.de\/fr\/produkt\/tete-de-verre-en-cristal-avec-firebox-the-hookah\/#breadcrumb\"},\"inLanguage\":\"fr-FR\",\"potentialAction\":[{\"@type\":\"ReadAction\",\"target\":[\"https:\/\/alt.thehookah.de\/fr\/produkt\/tete-de-verre-en-cristal-avec-firebox-the-hookah\/\"]}]},{\"@type\":\"ImageObject\",\"inLanguage\":\"fr-FR\",\"@id\":\"https:\/\/alt.thehookah.de\/fr\/produkt\/tete-de-verre-en-cristal-avec-firebox-the-hookah\/#primaryimage\",\"url\":\"https:\/\/alt.thehookah.de\/wp-content\/uploads\/2019\/02\/glaskopf1-1.jpg\",\"contentUrl\":\"https:\/\/alt.thehookah.de\/wp-content\/uploads\/2019\/02\/glaskopf1-1.jpg\",\"width\":2000,\"height\":2000},{\"@type\":\"BreadcrumbList\",\"@id\":\"https:\/\/alt.thehookah.de\/fr\/produkt\/tete-de-verre-en-cristal-avec-firebox-the-hookah\/#breadcrumb\",\"itemListElement\":[{\"@type\":\"ListItem\",\"position\":1,\"name\":\"Startseite\",\"item\":\"https:\/\/alt.thehookah.de\/fr\/\"},{\"@type\":\"ListItem\",\"position\":2,\"name\":\"Ta boutique en ligne HOOKAH\",\"item\":\"https:\/\/alt.thehookah.de\/fr\/ta-boutique-en-ligne-hookah\/\"},{\"@type\":\"ListItem\",\"position\":3,\"name\":\"T\u00caTE DE VERRE EN CRISTAL AVEC FIREBOX &#8211; THE HOOKAH\"}]},{\"@type\":\"WebSite\",\"@id\":\"https:\/\/alt.thehookah.de\/fr\/#website\",\"url\":\"https:\/\/alt.thehookah.de\/fr\/\",\"name\":\"The Hookah\",\"description\":\"\",\"publisher\":{\"@id\":\"https:\/\/alt.thehookah.de\/fr\/#organization\"},\"potentialAction\":[{\"@type\":\"SearchAction\",\"target\":{\"@type\":\"EntryPoint\",\"urlTemplate\":\"https:\/\/alt.thehookah.de\/fr\/?s={search_term_string}\"},\"query-input\":\"required name=search_term_string\"}],\"inLanguage\":\"fr-FR\"},{\"@type\":\"Organization\",\"@id\":\"https:\/\/alt.thehookah.de\/fr\/#organization\",\"name\":\"The Hookah\",\"url\":\"https:\/\/alt.thehookah.de\/fr\/\",\"logo\":{\"@type\":\"ImageObject\",\"inLanguage\":\"fr-FR\",\"@id\":\"https:\/\/alt.thehookah.de\/fr\/#\/schema\/logo\/image\/\",\"url\":\"https:\/\/alt.thehookah.de\/wp-content\/uploads\/2021\/02\/cropped-logo2.png\",\"contentUrl\":\"https:\/\/alt.thehookah.de\/wp-content\/uploads\/2021\/02\/cropped-logo2.png\",\"width\":300,\"height\":86,\"caption\":\"The Hookah\"},\"image\":{\"@id\":\"https:\/\/alt.thehookah.de\/fr\/#\/schema\/logo\/image\/\"}}]}<\/script>\n<meta property=\"product:price:amount\" content=\"24.99\" \/>\n<meta property=\"product:price:currency\" content=\"EUR\" \/>\n<meta property=\"og:availability\" content=\"instock\" \/>\n<meta property=\"product:availability\" content=\"instock\" \/>\n<meta property=\"product:retailer_item_id\" content=\"TKG-1\" \/>\n<meta property=\"product:condition\" content=\"new\" \/>\n<!-- \/ Yoast SEO plugin. -->","yoast_head_json":{"title":"T\u00eate de shisha en verre cristal avec Firebox | ici dans la boutique THE HOOKAH","description":"T\u00eate de shisha en verre cristal avec Firebox acheter en ligne dans THE HOOKAH Shop, ton magasin en ligne pour Shishas\/ Pipes \u00e0 eau\/ Hookahs avec accessoires, au produit !","robots":{"index":"index","follow":"follow","max-snippet":"max-snippet:-1","max-image-preview":"max-image-preview:large","max-video-preview":"max-video-preview:-1"},"canonical":"https:\/\/alt.thehookah.de\/fr\/produkt\/tete-de-verre-en-cristal-avec-firebox-the-hookah\/","og_locale":"fr_FR","og_type":"article","og_title":"T\u00eate de shisha en verre cristal avec Firebox | ici dans la boutique THE HOOKAH","og_description":"T\u00eate de shisha en verre cristal avec Firebox acheter en ligne dans THE HOOKAH Shop, ton magasin en ligne pour Shishas\/ Pipes \u00e0 eau\/ Hookahs avec accessoires, au produit !","og_url":"https:\/\/alt.thehookah.de\/fr\/produkt\/tete-de-verre-en-cristal-avec-firebox-the-hookah\/","og_site_name":"The Hookah","article_modified_time":"2023-11-26T16:40:02+00:00","og_image":[{"width":2000,"height":2000,"url":"https:\/\/alt.thehookah.de\/wp-content\/uploads\/2019\/02\/glaskopf1-1.jpg","type":"image\/jpeg"}],"twitter_card":"summary_large_image","twitter_misc":{"Prix":"24,99&nbsp;&euro;","Disponibilit\u00e9":"En stock"},"schema":{"@context":"https:\/\/schema.org","@graph":[{"@type":"WebPage","@id":"https:\/\/alt.thehookah.de\/fr\/produkt\/tete-de-verre-en-cristal-avec-firebox-the-hookah\/","url":"https:\/\/alt.thehookah.de\/fr\/produkt\/tete-de-verre-en-cristal-avec-firebox-the-hookah\/","name":"T\u00eate de shisha en verre cristal avec Firebox | ici dans la boutique THE HOOKAH","isPartOf":{"@id":"https:\/\/alt.thehookah.de\/fr\/#website"},"primaryImageOfPage":{"@id":"https:\/\/alt.thehookah.de\/fr\/produkt\/tete-de-verre-en-cristal-avec-firebox-the-hookah\/#primaryimage"},"image":{"@id":"https:\/\/alt.thehookah.de\/fr\/produkt\/tete-de-verre-en-cristal-avec-firebox-the-hookah\/#primaryimage"},"thumbnailUrl":"https:\/\/alt.thehookah.de\/wp-content\/uploads\/2019\/02\/glaskopf1-1.jpg","datePublished":"2019-02-12T11:16:02+00:00","dateModified":"2023-11-26T16:40:02+00:00","description":"T\u00eate de shisha en verre cristal avec Firebox acheter en ligne dans THE HOOKAH Shop, ton magasin en ligne pour Shishas\/ Pipes \u00e0 eau\/ Hookahs avec accessoires, au produit !","breadcrumb":{"@id":"https:\/\/alt.thehookah.de\/fr\/produkt\/tete-de-verre-en-cristal-avec-firebox-the-hookah\/#breadcrumb"},"inLanguage":"fr-FR","potentialAction":[{"@type":"ReadAction","target":["https:\/\/alt.thehookah.de\/fr\/produkt\/tete-de-verre-en-cristal-avec-firebox-the-hookah\/"]}]},{"@type":"ImageObject","inLanguage":"fr-FR","@id":"https:\/\/alt.thehookah.de\/fr\/produkt\/tete-de-verre-en-cristal-avec-firebox-the-hookah\/#primaryimage","url":"https:\/\/alt.thehookah.de\/wp-content\/uploads\/2019\/02\/glaskopf1-1.jpg","contentUrl":"https:\/\/alt.thehookah.de\/wp-content\/uploads\/2019\/02\/glaskopf1-1.jpg","width":2000,"height":2000},{"@type":"BreadcrumbList","@id":"https:\/\/alt.thehookah.de\/fr\/produkt\/tete-de-verre-en-cristal-avec-firebox-the-hookah\/#breadcrumb","itemListElement":[{"@type":"ListItem","position":1,"name":"Startseite","item":"https:\/\/alt.thehookah.de\/fr\/"},{"@type":"ListItem","position":2,"name":"Ta boutique en ligne HOOKAH","item":"https:\/\/alt.thehookah.de\/fr\/ta-boutique-en-ligne-hookah\/"},{"@type":"ListItem","position":3,"name":"T\u00caTE DE VERRE EN CRISTAL AVEC FIREBOX &#8211; THE HOOKAH"}]},{"@type":"WebSite","@id":"https:\/\/alt.thehookah.de\/fr\/#website","url":"https:\/\/alt.thehookah.de\/fr\/","name":"The Hookah","description":"","publisher":{"@id":"https:\/\/alt.thehookah.de\/fr\/#organization"},"potentialAction":[{"@type":"SearchAction","target":{"@type":"EntryPoint","urlTemplate":"https:\/\/alt.thehookah.de\/fr\/?s={search_term_string}"},"query-input":"required name=search_term_string"}],"inLanguage":"fr-FR"},{"@type":"Organization","@id":"https:\/\/alt.thehookah.de\/fr\/#organization","name":"The Hookah","url":"https:\/\/alt.thehookah.de\/fr\/","logo":{"@type":"ImageObject","inLanguage":"fr-FR","@id":"https:\/\/alt.thehookah.de\/fr\/#\/schema\/logo\/image\/","url":"https:\/\/alt.thehookah.de\/wp-content\/uploads\/2021\/02\/cropped-logo2.png","contentUrl":"https:\/\/alt.thehookah.de\/wp-content\/uploads\/2021\/02\/cropped-logo2.png","width":300,"height":86,"caption":"The Hookah"},"image":{"@id":"https:\/\/alt.thehookah.de\/fr\/#\/schema\/logo\/image\/"}}]},"product_price_amount":"24.99","product_price_currency":"EUR","og_availability":"instock","product_availability":"instock","product_retailer_item_id":"TKG-1","product_condition":"new"},"_links":{"self":[{"href":"https:\/\/alt.thehookah.de\/fr\/wp-json\/wp\/v2\/product\/620095"}],"collection":[{"href":"https:\/\/alt.thehookah.de\/fr\/wp-json\/wp\/v2\/product"}],"about":[{"href":"https:\/\/alt.thehookah.de\/fr\/wp-json\/wp\/v2\/types\/product"}],"replies":[{"embeddable":true,"href":"https:\/\/alt.thehookah.de\/fr\/wp-json\/wp\/v2\/comments?post=620095"}],"wp:featuredmedia":[{"embeddable":true,"href":"https:\/\/alt.thehookah.de\/fr\/wp-json\/wp\/v2\/media\/548515"}],"wp:attachment":[{"href":"https:\/\/alt.thehookah.de\/fr\/wp-json\/wp\/v2\/media?parent=620095"}],"wp:term":[{"taxonomy":"product_cat","embeddable":true,"href":"https:\/\/alt.thehookah.de\/fr\/wp-json\/wp\/v2\/product_cat?post=620095"},{"taxonomy":"product_tag","embeddable":true,"href":"https:\/\/alt.thehookah.de\/fr\/wp-json\/wp\/v2\/product_tag?post=620095"}],"curies":[{"name":"wp","href":"https:\/\/api.w.org\/{rel}","templated":true}]}}