{"id":620110,"date":"2019-01-25T20:50:30","date_gmt":"2019-01-25T19:50:30","guid":{"rendered":"https:\/\/www.thehookah.de\/produkt\/sex-machine-convenant-woodoo-bowl\/"},"modified":"2019-01-25T20:50:30","modified_gmt":"2019-01-25T19:50:30","slug":"sex-machine-convenant-woodoo-bowl","status":"publish","type":"product","link":"https:\/\/alt.thehookah.de\/fr\/produkt\/sex-machine-convenant-woodoo-bowl\/","title":{"rendered":"SEX MACHINE CONVENANT &#8211; WOODOO BOWL"},"content":{"rendered":"<h2>SEX MACHINE CONVENANT &#8211; WOODOO BOWL<\/h2>\n<p>avec syst\u00e8me clic acier inoxydable V2A anneau SEX MACHINE<\/p>\n<ul>\n<li>Mat\u00e9riau : verre de cristal &amp; acier inoxydable V2A<\/li>\n<li>Anneau avec syst\u00e8me \u00e0 clic<\/li>\n<\/ul>\n<p>&nbsp;<\/p>\n<pre>Hinweis: NUR kompatibel zu SEX MACHINE .<\/pre>\n","protected":false},"excerpt":{"rendered":"<p>SEX MACHINE CONVENANT &#8211; WOODOO BOWL avec syst\u00e8me clic acier inoxydable V2A anneau SEX MACHINE Mat\u00e9riau : verre de cristal &amp; acier inoxydable V2A Anneau avec syst\u00e8me \u00e0 clic &nbsp; Hinweis: NUR kompatibel zu SEX MACHINE .<\/p>\n","protected":false},"featured_media":546735,"comment_status":"open","ping_status":"closed","template":"","meta":[],"product_cat":[310,355,343],"product_tag":[],"yoast_head":"<!-- This site is optimized with the Yoast SEO plugin v22.5 - https:\/\/yoast.com\/wordpress\/plugins\/seo\/ -->\n<title>Sex Machine Convient | Woodoo Bowl - Shisha - Pipe \u00e0 eau<\/title>\n<meta name=\"description\" content=\"Sex Machine Convient - Woodoo Bowl avec syst\u00e8me clic acier inoxydable V2A Anneau SEX MACHINE \u2713 Mat\u00e9riel : verre cristal &amp; acier inoxydable V2A \u2713 Anneau avec syst\u00e8me clic\" \/>\n<meta name=\"robots\" content=\"index, follow, max-snippet:-1, max-image-preview:large, max-video-preview:-1\" \/>\n<link rel=\"canonical\" href=\"https:\/\/alt.thehookah.de\/fr\/produkt\/sex-machine-convenant-woodoo-bowl\/\" \/>\n<meta property=\"og:locale\" content=\"fr_FR\" \/>\n<meta property=\"og:type\" content=\"article\" \/>\n<meta property=\"og:title\" content=\"Sex Machine Convient | Woodoo Bowl - Shisha - Pipe \u00e0 eau\" \/>\n<meta property=\"og:description\" content=\"Sex Machine Convient - Woodoo Bowl avec syst\u00e8me clic acier inoxydable V2A Anneau SEX MACHINE \u2713 Mat\u00e9riel : verre cristal &amp; acier inoxydable V2A \u2713 Anneau avec syst\u00e8me clic\" \/>\n<meta property=\"og:url\" content=\"https:\/\/alt.thehookah.de\/fr\/produkt\/sex-machine-convenant-woodoo-bowl\/\" \/>\n<meta property=\"og:site_name\" content=\"The Hookah\" \/>\n<meta property=\"og:image\" content=\"https:\/\/alt.thehookah.de\/wp-content\/uploads\/2019\/01\/woodoobigpimp1-1-1024x1024.jpg\" \/>\n\t<meta property=\"og:image:width\" content=\"1024\" \/>\n\t<meta property=\"og:image:height\" content=\"1024\" \/>\n\t<meta property=\"og:image:type\" content=\"image\/jpeg\" \/>\n<meta name=\"twitter:card\" content=\"summary_large_image\" \/>\n<meta name=\"twitter:label1\" content=\"Prix\" \/>\n\t<meta name=\"twitter:data1\" content=\"83,97&nbsp;&euro;\" \/>\n\t<meta name=\"twitter:label2\" content=\"Disponibilit\u00e9\" \/>\n\t<meta name=\"twitter:data2\" content=\"Rupture de stock\" \/>\n<script type=\"application\/ld+json\" class=\"yoast-schema-graph\">{\"@context\":\"https:\/\/schema.org\",\"@graph\":[{\"@type\":\"WebPage\",\"@id\":\"https:\/\/alt.thehookah.de\/fr\/produkt\/sex-machine-convenant-woodoo-bowl\/\",\"url\":\"https:\/\/alt.thehookah.de\/fr\/produkt\/sex-machine-convenant-woodoo-bowl\/\",\"name\":\"Sex Machine Convient | Woodoo Bowl - Shisha - Pipe \u00e0 eau\",\"isPartOf\":{\"@id\":\"https:\/\/alt.thehookah.de\/fr\/#website\"},\"primaryImageOfPage\":{\"@id\":\"https:\/\/alt.thehookah.de\/fr\/produkt\/sex-machine-convenant-woodoo-bowl\/#primaryimage\"},\"image\":{\"@id\":\"https:\/\/alt.thehookah.de\/fr\/produkt\/sex-machine-convenant-woodoo-bowl\/#primaryimage\"},\"thumbnailUrl\":\"https:\/\/alt.thehookah.de\/wp-content\/uploads\/2019\/01\/woodoobigpimp1-1.jpg\",\"datePublished\":\"2019-01-25T19:50:30+00:00\",\"dateModified\":\"2019-01-25T19:50:30+00:00\",\"description\":\"Sex Machine Convient - Woodoo Bowl avec syst\u00e8me clic acier inoxydable V2A Anneau SEX MACHINE \u2713 Mat\u00e9riel : verre cristal & acier inoxydable V2A \u2713 Anneau avec syst\u00e8me clic\",\"breadcrumb\":{\"@id\":\"https:\/\/alt.thehookah.de\/fr\/produkt\/sex-machine-convenant-woodoo-bowl\/#breadcrumb\"},\"inLanguage\":\"fr-FR\",\"potentialAction\":[{\"@type\":\"ReadAction\",\"target\":[\"https:\/\/alt.thehookah.de\/fr\/produkt\/sex-machine-convenant-woodoo-bowl\/\"]}]},{\"@type\":\"ImageObject\",\"inLanguage\":\"fr-FR\",\"@id\":\"https:\/\/alt.thehookah.de\/fr\/produkt\/sex-machine-convenant-woodoo-bowl\/#primaryimage\",\"url\":\"https:\/\/alt.thehookah.de\/wp-content\/uploads\/2019\/01\/woodoobigpimp1-1.jpg\",\"contentUrl\":\"https:\/\/alt.thehookah.de\/wp-content\/uploads\/2019\/01\/woodoobigpimp1-1.jpg\",\"width\":2000,\"height\":2000},{\"@type\":\"BreadcrumbList\",\"@id\":\"https:\/\/alt.thehookah.de\/fr\/produkt\/sex-machine-convenant-woodoo-bowl\/#breadcrumb\",\"itemListElement\":[{\"@type\":\"ListItem\",\"position\":1,\"name\":\"Startseite\",\"item\":\"https:\/\/alt.thehookah.de\/fr\/\"},{\"@type\":\"ListItem\",\"position\":2,\"name\":\"Ta boutique en ligne HOOKAH\",\"item\":\"https:\/\/alt.thehookah.de\/fr\/ta-boutique-en-ligne-hookah\/\"},{\"@type\":\"ListItem\",\"position\":3,\"name\":\"SEX MACHINE CONVENANT &#8211; WOODOO BOWL\"}]},{\"@type\":\"WebSite\",\"@id\":\"https:\/\/alt.thehookah.de\/fr\/#website\",\"url\":\"https:\/\/alt.thehookah.de\/fr\/\",\"name\":\"The Hookah\",\"description\":\"\",\"publisher\":{\"@id\":\"https:\/\/alt.thehookah.de\/fr\/#organization\"},\"potentialAction\":[{\"@type\":\"SearchAction\",\"target\":{\"@type\":\"EntryPoint\",\"urlTemplate\":\"https:\/\/alt.thehookah.de\/fr\/?s={search_term_string}\"},\"query-input\":\"required name=search_term_string\"}],\"inLanguage\":\"fr-FR\"},{\"@type\":\"Organization\",\"@id\":\"https:\/\/alt.thehookah.de\/fr\/#organization\",\"name\":\"The Hookah\",\"url\":\"https:\/\/alt.thehookah.de\/fr\/\",\"logo\":{\"@type\":\"ImageObject\",\"inLanguage\":\"fr-FR\",\"@id\":\"https:\/\/alt.thehookah.de\/fr\/#\/schema\/logo\/image\/\",\"url\":\"https:\/\/alt.thehookah.de\/wp-content\/uploads\/2021\/02\/cropped-logo2.png\",\"contentUrl\":\"https:\/\/alt.thehookah.de\/wp-content\/uploads\/2021\/02\/cropped-logo2.png\",\"width\":300,\"height\":86,\"caption\":\"The Hookah\"},\"image\":{\"@id\":\"https:\/\/alt.thehookah.de\/fr\/#\/schema\/logo\/image\/\"}}]}<\/script>\n<meta property=\"product:price:amount\" content=\"83.97\" \/>\n<meta property=\"product:price:currency\" content=\"EUR\" \/>\n<meta property=\"og:availability\" content=\"out of stock\" \/>\n<meta property=\"product:availability\" content=\"out of stock\" \/>\n<meta property=\"product:retailer_item_id\" content=\"BOWL-WOPIMP1\" \/>\n<meta property=\"product:condition\" content=\"new\" \/>\n<!-- \/ Yoast SEO plugin. -->","yoast_head_json":{"title":"Sex Machine Convient | Woodoo Bowl - Shisha - Pipe \u00e0 eau","description":"Sex Machine Convient - Woodoo Bowl avec syst\u00e8me clic acier inoxydable V2A Anneau SEX MACHINE \u2713 Mat\u00e9riel : verre cristal & acier inoxydable V2A \u2713 Anneau avec syst\u00e8me clic","robots":{"index":"index","follow":"follow","max-snippet":"max-snippet:-1","max-image-preview":"max-image-preview:large","max-video-preview":"max-video-preview:-1"},"canonical":"https:\/\/alt.thehookah.de\/fr\/produkt\/sex-machine-convenant-woodoo-bowl\/","og_locale":"fr_FR","og_type":"article","og_title":"Sex Machine Convient | Woodoo Bowl - Shisha - Pipe \u00e0 eau","og_description":"Sex Machine Convient - Woodoo Bowl avec syst\u00e8me clic acier inoxydable V2A Anneau SEX MACHINE \u2713 Mat\u00e9riel : verre cristal & acier inoxydable V2A \u2713 Anneau avec syst\u00e8me clic","og_url":"https:\/\/alt.thehookah.de\/fr\/produkt\/sex-machine-convenant-woodoo-bowl\/","og_site_name":"The Hookah","og_image":[{"width":1024,"height":1024,"url":"https:\/\/alt.thehookah.de\/wp-content\/uploads\/2019\/01\/woodoobigpimp1-1-1024x1024.jpg","type":"image\/jpeg"}],"twitter_card":"summary_large_image","twitter_misc":{"Prix":"83,97&nbsp;&euro;","Disponibilit\u00e9":"Rupture de stock"},"schema":{"@context":"https:\/\/schema.org","@graph":[{"@type":"WebPage","@id":"https:\/\/alt.thehookah.de\/fr\/produkt\/sex-machine-convenant-woodoo-bowl\/","url":"https:\/\/alt.thehookah.de\/fr\/produkt\/sex-machine-convenant-woodoo-bowl\/","name":"Sex Machine Convient | Woodoo Bowl - Shisha - Pipe \u00e0 eau","isPartOf":{"@id":"https:\/\/alt.thehookah.de\/fr\/#website"},"primaryImageOfPage":{"@id":"https:\/\/alt.thehookah.de\/fr\/produkt\/sex-machine-convenant-woodoo-bowl\/#primaryimage"},"image":{"@id":"https:\/\/alt.thehookah.de\/fr\/produkt\/sex-machine-convenant-woodoo-bowl\/#primaryimage"},"thumbnailUrl":"https:\/\/alt.thehookah.de\/wp-content\/uploads\/2019\/01\/woodoobigpimp1-1.jpg","datePublished":"2019-01-25T19:50:30+00:00","dateModified":"2019-01-25T19:50:30+00:00","description":"Sex Machine Convient - Woodoo Bowl avec syst\u00e8me clic acier inoxydable V2A Anneau SEX MACHINE \u2713 Mat\u00e9riel : verre cristal & acier inoxydable V2A \u2713 Anneau avec syst\u00e8me clic","breadcrumb":{"@id":"https:\/\/alt.thehookah.de\/fr\/produkt\/sex-machine-convenant-woodoo-bowl\/#breadcrumb"},"inLanguage":"fr-FR","potentialAction":[{"@type":"ReadAction","target":["https:\/\/alt.thehookah.de\/fr\/produkt\/sex-machine-convenant-woodoo-bowl\/"]}]},{"@type":"ImageObject","inLanguage":"fr-FR","@id":"https:\/\/alt.thehookah.de\/fr\/produkt\/sex-machine-convenant-woodoo-bowl\/#primaryimage","url":"https:\/\/alt.thehookah.de\/wp-content\/uploads\/2019\/01\/woodoobigpimp1-1.jpg","contentUrl":"https:\/\/alt.thehookah.de\/wp-content\/uploads\/2019\/01\/woodoobigpimp1-1.jpg","width":2000,"height":2000},{"@type":"BreadcrumbList","@id":"https:\/\/alt.thehookah.de\/fr\/produkt\/sex-machine-convenant-woodoo-bowl\/#breadcrumb","itemListElement":[{"@type":"ListItem","position":1,"name":"Startseite","item":"https:\/\/alt.thehookah.de\/fr\/"},{"@type":"ListItem","position":2,"name":"Ta boutique en ligne HOOKAH","item":"https:\/\/alt.thehookah.de\/fr\/ta-boutique-en-ligne-hookah\/"},{"@type":"ListItem","position":3,"name":"SEX MACHINE CONVENANT &#8211; WOODOO BOWL"}]},{"@type":"WebSite","@id":"https:\/\/alt.thehookah.de\/fr\/#website","url":"https:\/\/alt.thehookah.de\/fr\/","name":"The Hookah","description":"","publisher":{"@id":"https:\/\/alt.thehookah.de\/fr\/#organization"},"potentialAction":[{"@type":"SearchAction","target":{"@type":"EntryPoint","urlTemplate":"https:\/\/alt.thehookah.de\/fr\/?s={search_term_string}"},"query-input":"required name=search_term_string"}],"inLanguage":"fr-FR"},{"@type":"Organization","@id":"https:\/\/alt.thehookah.de\/fr\/#organization","name":"The Hookah","url":"https:\/\/alt.thehookah.de\/fr\/","logo":{"@type":"ImageObject","inLanguage":"fr-FR","@id":"https:\/\/alt.thehookah.de\/fr\/#\/schema\/logo\/image\/","url":"https:\/\/alt.thehookah.de\/wp-content\/uploads\/2021\/02\/cropped-logo2.png","contentUrl":"https:\/\/alt.thehookah.de\/wp-content\/uploads\/2021\/02\/cropped-logo2.png","width":300,"height":86,"caption":"The Hookah"},"image":{"@id":"https:\/\/alt.thehookah.de\/fr\/#\/schema\/logo\/image\/"}}]},"product_price_amount":"83.97","product_price_currency":"EUR","og_availability":"out of stock","product_availability":"out of stock","product_retailer_item_id":"BOWL-WOPIMP1","product_condition":"new"},"_links":{"self":[{"href":"https:\/\/alt.thehookah.de\/fr\/wp-json\/wp\/v2\/product\/620110"}],"collection":[{"href":"https:\/\/alt.thehookah.de\/fr\/wp-json\/wp\/v2\/product"}],"about":[{"href":"https:\/\/alt.thehookah.de\/fr\/wp-json\/wp\/v2\/types\/product"}],"replies":[{"embeddable":true,"href":"https:\/\/alt.thehookah.de\/fr\/wp-json\/wp\/v2\/comments?post=620110"}],"wp:featuredmedia":[{"embeddable":true,"href":"https:\/\/alt.thehookah.de\/fr\/wp-json\/wp\/v2\/media\/546735"}],"wp:attachment":[{"href":"https:\/\/alt.thehookah.de\/fr\/wp-json\/wp\/v2\/media?parent=620110"}],"wp:term":[{"taxonomy":"product_cat","embeddable":true,"href":"https:\/\/alt.thehookah.de\/fr\/wp-json\/wp\/v2\/product_cat?post=620110"},{"taxonomy":"product_tag","embeddable":true,"href":"https:\/\/alt.thehookah.de\/fr\/wp-json\/wp\/v2\/product_tag?post=620110"}],"curies":[{"name":"wp","href":"https:\/\/api.w.org\/{rel}","templated":true}]}}