{"id":620175,"date":"2019-01-25T15:45:31","date_gmt":"2019-01-25T14:45:31","guid":{"rendered":"https:\/\/www.thehookah.de\/produkt\/woodoo-collecteur-de-molasses-the-gimp-18-8\/"},"modified":"2019-01-25T15:45:31","modified_gmt":"2019-01-25T14:45:31","slug":"woodoo-collecteur-de-molasses-the-gimp-18-8","status":"publish","type":"product","link":"https:\/\/alt.thehookah.de\/fr\/produkt\/woodoo-collecteur-de-molasses-the-gimp-18-8\/","title":{"rendered":"WOODOO &#8211; Collecteur de molasses &#8211; THE GIMP 18.8"},"content":{"rendered":"<h2>WOODOO &#8211; CAPTEUR DE MOLASSE &#8211; THE GIMP 18.8<\/h2>\n<h3><strong><em>Contient des particules magiques qui stockent l&#8217;\u00e9nergie et la restituent dans l&#8217;obscurit\u00e9.<\/em><\/strong><\/h3>\n<p>Mat\u00e9riau : verre borosilicat\u00e9 (env. 13 cm)<\/p>\n","protected":false},"excerpt":{"rendered":"<p>WOODOO &#8211; CAPTEUR DE MOLASSE &#8211; THE GIMP 18.8 Contient des particules magiques qui stockent l&#8217;\u00e9nergie et la restituent dans l&#8217;obscurit\u00e9. Mat\u00e9riau : verre borosilicat\u00e9 (env. 13 cm)<\/p>\n","protected":false},"featured_media":546661,"comment_status":"open","ping_status":"closed","template":"","meta":[],"product_cat":[310,311,318],"product_tag":[],"yoast_head":"<!-- This site is optimized with the Yoast SEO plugin v22.5 - https:\/\/yoast.com\/wordpress\/plugins\/seo\/ -->\n<title>Collecteur de molasse pour shisha THE GIMP 18.8 de THE HOOKAH | pour coupe 18\/8<\/title>\n<meta name=\"description\" content=\"Le capteur de molasse pour shisha THE GIMP 18.8 de THE HOOKAH contient des particules magiques qui emmagasinent de l&#039;\u00e9nergie et la restituent en s&#039;illuminant dans l&#039;obscurit\u00e9, ici !\" \/>\n<meta name=\"robots\" content=\"index, follow, max-snippet:-1, max-image-preview:large, max-video-preview:-1\" \/>\n<link rel=\"canonical\" href=\"https:\/\/alt.thehookah.de\/fr\/produkt\/woodoo-collecteur-de-molasses-the-gimp-18-8\/\" \/>\n<meta property=\"og:locale\" content=\"fr_FR\" \/>\n<meta property=\"og:type\" content=\"article\" \/>\n<meta property=\"og:title\" content=\"Collecteur de molasse pour shisha THE GIMP 18.8 de THE HOOKAH | pour coupe 18\/8\" \/>\n<meta property=\"og:description\" content=\"Le capteur de molasse pour shisha THE GIMP 18.8 de THE HOOKAH contient des particules magiques qui emmagasinent de l&#039;\u00e9nergie et la restituent en s&#039;illuminant dans l&#039;obscurit\u00e9, ici !\" \/>\n<meta property=\"og:url\" content=\"https:\/\/alt.thehookah.de\/fr\/produkt\/woodoo-collecteur-de-molasses-the-gimp-18-8\/\" \/>\n<meta property=\"og:site_name\" content=\"The Hookah\" \/>\n<meta property=\"og:image\" content=\"https:\/\/alt.thehookah.de\/wp-content\/uploads\/2019\/01\/woodoo-TheGimp2-1.jpg\" \/>\n\t<meta property=\"og:image:width\" content=\"2000\" \/>\n\t<meta property=\"og:image:height\" content=\"2000\" \/>\n\t<meta property=\"og:image:type\" content=\"image\/jpeg\" \/>\n<meta name=\"twitter:card\" content=\"summary_large_image\" \/>\n<meta name=\"twitter:label1\" content=\"Prix\" \/>\n\t<meta name=\"twitter:data1\" content=\"9,99&nbsp;&euro;\" \/>\n\t<meta name=\"twitter:label2\" content=\"Disponibilit\u00e9\" \/>\n\t<meta name=\"twitter:data2\" content=\"En stock\" \/>\n<script type=\"application\/ld+json\" class=\"yoast-schema-graph\">{\"@context\":\"https:\/\/schema.org\",\"@graph\":[{\"@type\":\"WebPage\",\"@id\":\"https:\/\/alt.thehookah.de\/fr\/produkt\/woodoo-collecteur-de-molasses-the-gimp-18-8\/\",\"url\":\"https:\/\/alt.thehookah.de\/fr\/produkt\/woodoo-collecteur-de-molasses-the-gimp-18-8\/\",\"name\":\"Collecteur de molasse pour shisha THE GIMP 18.8 de THE HOOKAH | pour coupe 18\/8\",\"isPartOf\":{\"@id\":\"https:\/\/alt.thehookah.de\/fr\/#website\"},\"primaryImageOfPage\":{\"@id\":\"https:\/\/alt.thehookah.de\/fr\/produkt\/woodoo-collecteur-de-molasses-the-gimp-18-8\/#primaryimage\"},\"image\":{\"@id\":\"https:\/\/alt.thehookah.de\/fr\/produkt\/woodoo-collecteur-de-molasses-the-gimp-18-8\/#primaryimage\"},\"thumbnailUrl\":\"https:\/\/alt.thehookah.de\/wp-content\/uploads\/2019\/01\/woodoo-TheGimp2-1.jpg\",\"datePublished\":\"2019-01-25T14:45:31+00:00\",\"dateModified\":\"2019-01-25T14:45:31+00:00\",\"description\":\"Le capteur de molasse pour shisha THE GIMP 18.8 de THE HOOKAH contient des particules magiques qui emmagasinent de l'\u00e9nergie et la restituent en s'illuminant dans l'obscurit\u00e9, ici !\",\"breadcrumb\":{\"@id\":\"https:\/\/alt.thehookah.de\/fr\/produkt\/woodoo-collecteur-de-molasses-the-gimp-18-8\/#breadcrumb\"},\"inLanguage\":\"fr-FR\",\"potentialAction\":[{\"@type\":\"ReadAction\",\"target\":[\"https:\/\/alt.thehookah.de\/fr\/produkt\/woodoo-collecteur-de-molasses-the-gimp-18-8\/\"]}]},{\"@type\":\"ImageObject\",\"inLanguage\":\"fr-FR\",\"@id\":\"https:\/\/alt.thehookah.de\/fr\/produkt\/woodoo-collecteur-de-molasses-the-gimp-18-8\/#primaryimage\",\"url\":\"https:\/\/alt.thehookah.de\/wp-content\/uploads\/2019\/01\/woodoo-TheGimp2-1.jpg\",\"contentUrl\":\"https:\/\/alt.thehookah.de\/wp-content\/uploads\/2019\/01\/woodoo-TheGimp2-1.jpg\",\"width\":2000,\"height\":2000},{\"@type\":\"BreadcrumbList\",\"@id\":\"https:\/\/alt.thehookah.de\/fr\/produkt\/woodoo-collecteur-de-molasses-the-gimp-18-8\/#breadcrumb\",\"itemListElement\":[{\"@type\":\"ListItem\",\"position\":1,\"name\":\"Startseite\",\"item\":\"https:\/\/alt.thehookah.de\/fr\/\"},{\"@type\":\"ListItem\",\"position\":2,\"name\":\"Ta boutique en ligne HOOKAH\",\"item\":\"https:\/\/alt.thehookah.de\/fr\/ta-boutique-en-ligne-hookah\/\"},{\"@type\":\"ListItem\",\"position\":3,\"name\":\"WOODOO &#8211; Collecteur de molasses &#8211; THE GIMP 18.8\"}]},{\"@type\":\"WebSite\",\"@id\":\"https:\/\/alt.thehookah.de\/fr\/#website\",\"url\":\"https:\/\/alt.thehookah.de\/fr\/\",\"name\":\"The Hookah\",\"description\":\"\",\"publisher\":{\"@id\":\"https:\/\/alt.thehookah.de\/fr\/#organization\"},\"potentialAction\":[{\"@type\":\"SearchAction\",\"target\":{\"@type\":\"EntryPoint\",\"urlTemplate\":\"https:\/\/alt.thehookah.de\/fr\/?s={search_term_string}\"},\"query-input\":\"required name=search_term_string\"}],\"inLanguage\":\"fr-FR\"},{\"@type\":\"Organization\",\"@id\":\"https:\/\/alt.thehookah.de\/fr\/#organization\",\"name\":\"The Hookah\",\"url\":\"https:\/\/alt.thehookah.de\/fr\/\",\"logo\":{\"@type\":\"ImageObject\",\"inLanguage\":\"fr-FR\",\"@id\":\"https:\/\/alt.thehookah.de\/fr\/#\/schema\/logo\/image\/\",\"url\":\"https:\/\/alt.thehookah.de\/wp-content\/uploads\/2021\/02\/cropped-logo2.png\",\"contentUrl\":\"https:\/\/alt.thehookah.de\/wp-content\/uploads\/2021\/02\/cropped-logo2.png\",\"width\":300,\"height\":86,\"caption\":\"The Hookah\"},\"image\":{\"@id\":\"https:\/\/alt.thehookah.de\/fr\/#\/schema\/logo\/image\/\"}}]}<\/script>\n<meta property=\"product:price:amount\" content=\"9.99\" \/>\n<meta property=\"product:price:currency\" content=\"EUR\" \/>\n<meta property=\"og:availability\" content=\"instock\" \/>\n<meta property=\"product:availability\" content=\"instock\" \/>\n<meta property=\"product:retailer_item_id\" content=\"MF-WoKLEIN1\" \/>\n<meta property=\"product:condition\" content=\"new\" \/>\n<!-- \/ Yoast SEO plugin. -->","yoast_head_json":{"title":"Collecteur de molasse pour shisha THE GIMP 18.8 de THE HOOKAH | pour coupe 18\/8","description":"Le capteur de molasse pour shisha THE GIMP 18.8 de THE HOOKAH contient des particules magiques qui emmagasinent de l'\u00e9nergie et la restituent en s'illuminant dans l'obscurit\u00e9, ici !","robots":{"index":"index","follow":"follow","max-snippet":"max-snippet:-1","max-image-preview":"max-image-preview:large","max-video-preview":"max-video-preview:-1"},"canonical":"https:\/\/alt.thehookah.de\/fr\/produkt\/woodoo-collecteur-de-molasses-the-gimp-18-8\/","og_locale":"fr_FR","og_type":"article","og_title":"Collecteur de molasse pour shisha THE GIMP 18.8 de THE HOOKAH | pour coupe 18\/8","og_description":"Le capteur de molasse pour shisha THE GIMP 18.8 de THE HOOKAH contient des particules magiques qui emmagasinent de l'\u00e9nergie et la restituent en s'illuminant dans l'obscurit\u00e9, ici !","og_url":"https:\/\/alt.thehookah.de\/fr\/produkt\/woodoo-collecteur-de-molasses-the-gimp-18-8\/","og_site_name":"The Hookah","og_image":[{"width":2000,"height":2000,"url":"https:\/\/alt.thehookah.de\/wp-content\/uploads\/2019\/01\/woodoo-TheGimp2-1.jpg","type":"image\/jpeg"}],"twitter_card":"summary_large_image","twitter_misc":{"Prix":"9,99&nbsp;&euro;","Disponibilit\u00e9":"En stock"},"schema":{"@context":"https:\/\/schema.org","@graph":[{"@type":"WebPage","@id":"https:\/\/alt.thehookah.de\/fr\/produkt\/woodoo-collecteur-de-molasses-the-gimp-18-8\/","url":"https:\/\/alt.thehookah.de\/fr\/produkt\/woodoo-collecteur-de-molasses-the-gimp-18-8\/","name":"Collecteur de molasse pour shisha THE GIMP 18.8 de THE HOOKAH | pour coupe 18\/8","isPartOf":{"@id":"https:\/\/alt.thehookah.de\/fr\/#website"},"primaryImageOfPage":{"@id":"https:\/\/alt.thehookah.de\/fr\/produkt\/woodoo-collecteur-de-molasses-the-gimp-18-8\/#primaryimage"},"image":{"@id":"https:\/\/alt.thehookah.de\/fr\/produkt\/woodoo-collecteur-de-molasses-the-gimp-18-8\/#primaryimage"},"thumbnailUrl":"https:\/\/alt.thehookah.de\/wp-content\/uploads\/2019\/01\/woodoo-TheGimp2-1.jpg","datePublished":"2019-01-25T14:45:31+00:00","dateModified":"2019-01-25T14:45:31+00:00","description":"Le capteur de molasse pour shisha THE GIMP 18.8 de THE HOOKAH contient des particules magiques qui emmagasinent de l'\u00e9nergie et la restituent en s'illuminant dans l'obscurit\u00e9, ici !","breadcrumb":{"@id":"https:\/\/alt.thehookah.de\/fr\/produkt\/woodoo-collecteur-de-molasses-the-gimp-18-8\/#breadcrumb"},"inLanguage":"fr-FR","potentialAction":[{"@type":"ReadAction","target":["https:\/\/alt.thehookah.de\/fr\/produkt\/woodoo-collecteur-de-molasses-the-gimp-18-8\/"]}]},{"@type":"ImageObject","inLanguage":"fr-FR","@id":"https:\/\/alt.thehookah.de\/fr\/produkt\/woodoo-collecteur-de-molasses-the-gimp-18-8\/#primaryimage","url":"https:\/\/alt.thehookah.de\/wp-content\/uploads\/2019\/01\/woodoo-TheGimp2-1.jpg","contentUrl":"https:\/\/alt.thehookah.de\/wp-content\/uploads\/2019\/01\/woodoo-TheGimp2-1.jpg","width":2000,"height":2000},{"@type":"BreadcrumbList","@id":"https:\/\/alt.thehookah.de\/fr\/produkt\/woodoo-collecteur-de-molasses-the-gimp-18-8\/#breadcrumb","itemListElement":[{"@type":"ListItem","position":1,"name":"Startseite","item":"https:\/\/alt.thehookah.de\/fr\/"},{"@type":"ListItem","position":2,"name":"Ta boutique en ligne HOOKAH","item":"https:\/\/alt.thehookah.de\/fr\/ta-boutique-en-ligne-hookah\/"},{"@type":"ListItem","position":3,"name":"WOODOO &#8211; Collecteur de molasses &#8211; THE GIMP 18.8"}]},{"@type":"WebSite","@id":"https:\/\/alt.thehookah.de\/fr\/#website","url":"https:\/\/alt.thehookah.de\/fr\/","name":"The Hookah","description":"","publisher":{"@id":"https:\/\/alt.thehookah.de\/fr\/#organization"},"potentialAction":[{"@type":"SearchAction","target":{"@type":"EntryPoint","urlTemplate":"https:\/\/alt.thehookah.de\/fr\/?s={search_term_string}"},"query-input":"required name=search_term_string"}],"inLanguage":"fr-FR"},{"@type":"Organization","@id":"https:\/\/alt.thehookah.de\/fr\/#organization","name":"The Hookah","url":"https:\/\/alt.thehookah.de\/fr\/","logo":{"@type":"ImageObject","inLanguage":"fr-FR","@id":"https:\/\/alt.thehookah.de\/fr\/#\/schema\/logo\/image\/","url":"https:\/\/alt.thehookah.de\/wp-content\/uploads\/2021\/02\/cropped-logo2.png","contentUrl":"https:\/\/alt.thehookah.de\/wp-content\/uploads\/2021\/02\/cropped-logo2.png","width":300,"height":86,"caption":"The Hookah"},"image":{"@id":"https:\/\/alt.thehookah.de\/fr\/#\/schema\/logo\/image\/"}}]},"product_price_amount":"9.99","product_price_currency":"EUR","og_availability":"instock","product_availability":"instock","product_retailer_item_id":"MF-WoKLEIN1","product_condition":"new"},"_links":{"self":[{"href":"https:\/\/alt.thehookah.de\/fr\/wp-json\/wp\/v2\/product\/620175"}],"collection":[{"href":"https:\/\/alt.thehookah.de\/fr\/wp-json\/wp\/v2\/product"}],"about":[{"href":"https:\/\/alt.thehookah.de\/fr\/wp-json\/wp\/v2\/types\/product"}],"replies":[{"embeddable":true,"href":"https:\/\/alt.thehookah.de\/fr\/wp-json\/wp\/v2\/comments?post=620175"}],"wp:featuredmedia":[{"embeddable":true,"href":"https:\/\/alt.thehookah.de\/fr\/wp-json\/wp\/v2\/media\/546661"}],"wp:attachment":[{"href":"https:\/\/alt.thehookah.de\/fr\/wp-json\/wp\/v2\/media?parent=620175"}],"wp:term":[{"taxonomy":"product_cat","embeddable":true,"href":"https:\/\/alt.thehookah.de\/fr\/wp-json\/wp\/v2\/product_cat?post=620175"},{"taxonomy":"product_tag","embeddable":true,"href":"https:\/\/alt.thehookah.de\/fr\/wp-json\/wp\/v2\/product_tag?post=620175"}],"curies":[{"name":"wp","href":"https:\/\/api.w.org\/{rel}","templated":true}]}}