{"id":620184,"date":"2019-01-25T16:22:39","date_gmt":"2019-01-25T15:22:39","guid":{"rendered":"https:\/\/www.thehookah.de\/produkt\/collecteur-de-molasse-woodoo-the-dead-king-18-8\/"},"modified":"2019-01-25T16:22:39","modified_gmt":"2019-01-25T15:22:39","slug":"collecteur-de-molasse-woodoo-the-dead-king-18-8","status":"publish","type":"product","link":"https:\/\/alt.thehookah.de\/fr\/produkt\/collecteur-de-molasse-woodoo-the-dead-king-18-8\/","title":{"rendered":"Collecteur de molasse WOODOO &#8211; THE DEAD KING 18.8"},"content":{"rendered":"<h2 class=\"product_title entry-title\">WOODOO MOLASSEF\u00c4NGER THE DEAD KING 18.8<\/h2>\n<h3><strong><em>Contient des particules magiques qui stockent l&#8217;\u00e9nergie et la restituent dans l&#8217;obscurit\u00e9.<\/em><\/strong><\/h3>\n<p>En deux parties avec couronne amovible.<br \/>\nMat\u00e9riau : verre borosilicat\u00e9<\/p>\n","protected":false},"excerpt":{"rendered":"<p>WOODOO MOLASSEF\u00c4NGER THE DEAD KING 18.8 Contient des particules magiques qui stockent l&#8217;\u00e9nergie et la restituent dans l&#8217;obscurit\u00e9. En deux parties avec couronne amovible. Mat\u00e9riau : verre borosilicat\u00e9<\/p>\n","protected":false},"featured_media":546657,"comment_status":"open","ping_status":"closed","template":"","meta":[],"product_cat":[310,311],"product_tag":[],"yoast_head":"<!-- This site is optimized with the Yoast SEO plugin v22.5 - https:\/\/yoast.com\/wordpress\/plugins\/seo\/ -->\n<title>Shisha Attrape-molasse THE DEAD KING 18.8 | acheter en ligne d\u00e8s maintenant<\/title>\n<meta name=\"description\" content=\"Attrapeur de molasse pour shisha THE DEAD KING 18.8 de THE HOOKAH contient des particules magiques qui brillent dans l&#039;obscurit\u00e9, en deux parties avec une couronne amovible en verre !\" \/>\n<meta name=\"robots\" content=\"index, follow, max-snippet:-1, max-image-preview:large, max-video-preview:-1\" \/>\n<link rel=\"canonical\" href=\"https:\/\/alt.thehookah.de\/fr\/produkt\/collecteur-de-molasse-woodoo-the-dead-king-18-8\/\" \/>\n<meta property=\"og:locale\" content=\"fr_FR\" \/>\n<meta property=\"og:type\" content=\"article\" \/>\n<meta property=\"og:title\" content=\"Shisha Attrape-molasse THE DEAD KING 18.8 | acheter en ligne d\u00e8s maintenant\" \/>\n<meta property=\"og:description\" content=\"Attrapeur de molasse pour shisha THE DEAD KING 18.8 de THE HOOKAH contient des particules magiques qui brillent dans l&#039;obscurit\u00e9, en deux parties avec une couronne amovible en verre !\" \/>\n<meta property=\"og:url\" content=\"https:\/\/alt.thehookah.de\/fr\/produkt\/collecteur-de-molasse-woodoo-the-dead-king-18-8\/\" \/>\n<meta property=\"og:site_name\" content=\"The Hookah\" \/>\n<meta property=\"og:image\" content=\"https:\/\/alt.thehookah.de\/wp-content\/uploads\/2019\/01\/woodoo-DeadKing2-1.jpg\" \/>\n\t<meta property=\"og:image:width\" content=\"2000\" \/>\n\t<meta property=\"og:image:height\" content=\"2000\" \/>\n\t<meta property=\"og:image:type\" content=\"image\/jpeg\" \/>\n<meta name=\"twitter:card\" content=\"summary_large_image\" \/>\n<meta name=\"twitter:label1\" content=\"Prix\" \/>\n\t<meta name=\"twitter:data1\" content=\"29,96&nbsp;&euro;\" \/>\n\t<meta name=\"twitter:label2\" content=\"Disponibilit\u00e9\" \/>\n\t<meta name=\"twitter:data2\" content=\"En stock\" \/>\n<script type=\"application\/ld+json\" class=\"yoast-schema-graph\">{\"@context\":\"https:\/\/schema.org\",\"@graph\":[{\"@type\":\"WebPage\",\"@id\":\"https:\/\/alt.thehookah.de\/fr\/produkt\/collecteur-de-molasse-woodoo-the-dead-king-18-8\/\",\"url\":\"https:\/\/alt.thehookah.de\/fr\/produkt\/collecteur-de-molasse-woodoo-the-dead-king-18-8\/\",\"name\":\"Shisha Attrape-molasse THE DEAD KING 18.8 | acheter en ligne d\u00e8s maintenant\",\"isPartOf\":{\"@id\":\"https:\/\/alt.thehookah.de\/fr\/#website\"},\"primaryImageOfPage\":{\"@id\":\"https:\/\/alt.thehookah.de\/fr\/produkt\/collecteur-de-molasse-woodoo-the-dead-king-18-8\/#primaryimage\"},\"image\":{\"@id\":\"https:\/\/alt.thehookah.de\/fr\/produkt\/collecteur-de-molasse-woodoo-the-dead-king-18-8\/#primaryimage\"},\"thumbnailUrl\":\"https:\/\/alt.thehookah.de\/wp-content\/uploads\/2019\/01\/woodoo-DeadKing2-1.jpg\",\"datePublished\":\"2019-01-25T15:22:39+00:00\",\"dateModified\":\"2019-01-25T15:22:39+00:00\",\"description\":\"Attrapeur de molasse pour shisha THE DEAD KING 18.8 de THE HOOKAH contient des particules magiques qui brillent dans l'obscurit\u00e9, en deux parties avec une couronne amovible en verre !\",\"breadcrumb\":{\"@id\":\"https:\/\/alt.thehookah.de\/fr\/produkt\/collecteur-de-molasse-woodoo-the-dead-king-18-8\/#breadcrumb\"},\"inLanguage\":\"fr-FR\",\"potentialAction\":[{\"@type\":\"ReadAction\",\"target\":[\"https:\/\/alt.thehookah.de\/fr\/produkt\/collecteur-de-molasse-woodoo-the-dead-king-18-8\/\"]}]},{\"@type\":\"ImageObject\",\"inLanguage\":\"fr-FR\",\"@id\":\"https:\/\/alt.thehookah.de\/fr\/produkt\/collecteur-de-molasse-woodoo-the-dead-king-18-8\/#primaryimage\",\"url\":\"https:\/\/alt.thehookah.de\/wp-content\/uploads\/2019\/01\/woodoo-DeadKing2-1.jpg\",\"contentUrl\":\"https:\/\/alt.thehookah.de\/wp-content\/uploads\/2019\/01\/woodoo-DeadKing2-1.jpg\",\"width\":2000,\"height\":2000},{\"@type\":\"BreadcrumbList\",\"@id\":\"https:\/\/alt.thehookah.de\/fr\/produkt\/collecteur-de-molasse-woodoo-the-dead-king-18-8\/#breadcrumb\",\"itemListElement\":[{\"@type\":\"ListItem\",\"position\":1,\"name\":\"Startseite\",\"item\":\"https:\/\/alt.thehookah.de\/fr\/\"},{\"@type\":\"ListItem\",\"position\":2,\"name\":\"Ta boutique en ligne HOOKAH\",\"item\":\"https:\/\/alt.thehookah.de\/fr\/ta-boutique-en-ligne-hookah\/\"},{\"@type\":\"ListItem\",\"position\":3,\"name\":\"Collecteur de molasse WOODOO &#8211; THE DEAD KING 18.8\"}]},{\"@type\":\"WebSite\",\"@id\":\"https:\/\/alt.thehookah.de\/fr\/#website\",\"url\":\"https:\/\/alt.thehookah.de\/fr\/\",\"name\":\"The Hookah\",\"description\":\"\",\"publisher\":{\"@id\":\"https:\/\/alt.thehookah.de\/fr\/#organization\"},\"potentialAction\":[{\"@type\":\"SearchAction\",\"target\":{\"@type\":\"EntryPoint\",\"urlTemplate\":\"https:\/\/alt.thehookah.de\/fr\/?s={search_term_string}\"},\"query-input\":\"required name=search_term_string\"}],\"inLanguage\":\"fr-FR\"},{\"@type\":\"Organization\",\"@id\":\"https:\/\/alt.thehookah.de\/fr\/#organization\",\"name\":\"The Hookah\",\"url\":\"https:\/\/alt.thehookah.de\/fr\/\",\"logo\":{\"@type\":\"ImageObject\",\"inLanguage\":\"fr-FR\",\"@id\":\"https:\/\/alt.thehookah.de\/fr\/#\/schema\/logo\/image\/\",\"url\":\"https:\/\/alt.thehookah.de\/wp-content\/uploads\/2021\/02\/cropped-logo2.png\",\"contentUrl\":\"https:\/\/alt.thehookah.de\/wp-content\/uploads\/2021\/02\/cropped-logo2.png\",\"width\":300,\"height\":86,\"caption\":\"The Hookah\"},\"image\":{\"@id\":\"https:\/\/alt.thehookah.de\/fr\/#\/schema\/logo\/image\/\"}}]}<\/script>\n<meta property=\"product:price:amount\" content=\"29.96\" \/>\n<meta property=\"product:price:currency\" content=\"EUR\" \/>\n<meta property=\"og:availability\" content=\"instock\" \/>\n<meta property=\"product:availability\" content=\"instock\" \/>\n<meta property=\"product:retailer_item_id\" content=\"MF-WoDK1\" \/>\n<meta property=\"product:condition\" content=\"new\" \/>\n<!-- \/ Yoast SEO plugin. -->","yoast_head_json":{"title":"Shisha Attrape-molasse THE DEAD KING 18.8 | acheter en ligne d\u00e8s maintenant","description":"Attrapeur de molasse pour shisha THE DEAD KING 18.8 de THE HOOKAH contient des particules magiques qui brillent dans l'obscurit\u00e9, en deux parties avec une couronne amovible en verre !","robots":{"index":"index","follow":"follow","max-snippet":"max-snippet:-1","max-image-preview":"max-image-preview:large","max-video-preview":"max-video-preview:-1"},"canonical":"https:\/\/alt.thehookah.de\/fr\/produkt\/collecteur-de-molasse-woodoo-the-dead-king-18-8\/","og_locale":"fr_FR","og_type":"article","og_title":"Shisha Attrape-molasse THE DEAD KING 18.8 | acheter en ligne d\u00e8s maintenant","og_description":"Attrapeur de molasse pour shisha THE DEAD KING 18.8 de THE HOOKAH contient des particules magiques qui brillent dans l'obscurit\u00e9, en deux parties avec une couronne amovible en verre !","og_url":"https:\/\/alt.thehookah.de\/fr\/produkt\/collecteur-de-molasse-woodoo-the-dead-king-18-8\/","og_site_name":"The Hookah","og_image":[{"width":2000,"height":2000,"url":"https:\/\/alt.thehookah.de\/wp-content\/uploads\/2019\/01\/woodoo-DeadKing2-1.jpg","type":"image\/jpeg"}],"twitter_card":"summary_large_image","twitter_misc":{"Prix":"29,96&nbsp;&euro;","Disponibilit\u00e9":"En stock"},"schema":{"@context":"https:\/\/schema.org","@graph":[{"@type":"WebPage","@id":"https:\/\/alt.thehookah.de\/fr\/produkt\/collecteur-de-molasse-woodoo-the-dead-king-18-8\/","url":"https:\/\/alt.thehookah.de\/fr\/produkt\/collecteur-de-molasse-woodoo-the-dead-king-18-8\/","name":"Shisha Attrape-molasse THE DEAD KING 18.8 | acheter en ligne d\u00e8s maintenant","isPartOf":{"@id":"https:\/\/alt.thehookah.de\/fr\/#website"},"primaryImageOfPage":{"@id":"https:\/\/alt.thehookah.de\/fr\/produkt\/collecteur-de-molasse-woodoo-the-dead-king-18-8\/#primaryimage"},"image":{"@id":"https:\/\/alt.thehookah.de\/fr\/produkt\/collecteur-de-molasse-woodoo-the-dead-king-18-8\/#primaryimage"},"thumbnailUrl":"https:\/\/alt.thehookah.de\/wp-content\/uploads\/2019\/01\/woodoo-DeadKing2-1.jpg","datePublished":"2019-01-25T15:22:39+00:00","dateModified":"2019-01-25T15:22:39+00:00","description":"Attrapeur de molasse pour shisha THE DEAD KING 18.8 de THE HOOKAH contient des particules magiques qui brillent dans l'obscurit\u00e9, en deux parties avec une couronne amovible en verre !","breadcrumb":{"@id":"https:\/\/alt.thehookah.de\/fr\/produkt\/collecteur-de-molasse-woodoo-the-dead-king-18-8\/#breadcrumb"},"inLanguage":"fr-FR","potentialAction":[{"@type":"ReadAction","target":["https:\/\/alt.thehookah.de\/fr\/produkt\/collecteur-de-molasse-woodoo-the-dead-king-18-8\/"]}]},{"@type":"ImageObject","inLanguage":"fr-FR","@id":"https:\/\/alt.thehookah.de\/fr\/produkt\/collecteur-de-molasse-woodoo-the-dead-king-18-8\/#primaryimage","url":"https:\/\/alt.thehookah.de\/wp-content\/uploads\/2019\/01\/woodoo-DeadKing2-1.jpg","contentUrl":"https:\/\/alt.thehookah.de\/wp-content\/uploads\/2019\/01\/woodoo-DeadKing2-1.jpg","width":2000,"height":2000},{"@type":"BreadcrumbList","@id":"https:\/\/alt.thehookah.de\/fr\/produkt\/collecteur-de-molasse-woodoo-the-dead-king-18-8\/#breadcrumb","itemListElement":[{"@type":"ListItem","position":1,"name":"Startseite","item":"https:\/\/alt.thehookah.de\/fr\/"},{"@type":"ListItem","position":2,"name":"Ta boutique en ligne HOOKAH","item":"https:\/\/alt.thehookah.de\/fr\/ta-boutique-en-ligne-hookah\/"},{"@type":"ListItem","position":3,"name":"Collecteur de molasse WOODOO &#8211; THE DEAD KING 18.8"}]},{"@type":"WebSite","@id":"https:\/\/alt.thehookah.de\/fr\/#website","url":"https:\/\/alt.thehookah.de\/fr\/","name":"The Hookah","description":"","publisher":{"@id":"https:\/\/alt.thehookah.de\/fr\/#organization"},"potentialAction":[{"@type":"SearchAction","target":{"@type":"EntryPoint","urlTemplate":"https:\/\/alt.thehookah.de\/fr\/?s={search_term_string}"},"query-input":"required name=search_term_string"}],"inLanguage":"fr-FR"},{"@type":"Organization","@id":"https:\/\/alt.thehookah.de\/fr\/#organization","name":"The Hookah","url":"https:\/\/alt.thehookah.de\/fr\/","logo":{"@type":"ImageObject","inLanguage":"fr-FR","@id":"https:\/\/alt.thehookah.de\/fr\/#\/schema\/logo\/image\/","url":"https:\/\/alt.thehookah.de\/wp-content\/uploads\/2021\/02\/cropped-logo2.png","contentUrl":"https:\/\/alt.thehookah.de\/wp-content\/uploads\/2021\/02\/cropped-logo2.png","width":300,"height":86,"caption":"The Hookah"},"image":{"@id":"https:\/\/alt.thehookah.de\/fr\/#\/schema\/logo\/image\/"}}]},"product_price_amount":"29.96","product_price_currency":"EUR","og_availability":"instock","product_availability":"instock","product_retailer_item_id":"MF-WoDK1","product_condition":"new"},"_links":{"self":[{"href":"https:\/\/alt.thehookah.de\/fr\/wp-json\/wp\/v2\/product\/620184"}],"collection":[{"href":"https:\/\/alt.thehookah.de\/fr\/wp-json\/wp\/v2\/product"}],"about":[{"href":"https:\/\/alt.thehookah.de\/fr\/wp-json\/wp\/v2\/types\/product"}],"replies":[{"embeddable":true,"href":"https:\/\/alt.thehookah.de\/fr\/wp-json\/wp\/v2\/comments?post=620184"}],"wp:featuredmedia":[{"embeddable":true,"href":"https:\/\/alt.thehookah.de\/fr\/wp-json\/wp\/v2\/media\/546657"}],"wp:attachment":[{"href":"https:\/\/alt.thehookah.de\/fr\/wp-json\/wp\/v2\/media?parent=620184"}],"wp:term":[{"taxonomy":"product_cat","embeddable":true,"href":"https:\/\/alt.thehookah.de\/fr\/wp-json\/wp\/v2\/product_cat?post=620184"},{"taxonomy":"product_tag","embeddable":true,"href":"https:\/\/alt.thehookah.de\/fr\/wp-json\/wp\/v2\/product_tag?post=620184"}],"curies":[{"name":"wp","href":"https:\/\/api.w.org\/{rel}","templated":true}]}}