{"id":620241,"date":"2018-12-19T16:00:44","date_gmt":"2018-12-19T15:00:44","guid":{"rendered":"https:\/\/www.thehookah.de\/produkt\/the-hookah-turbo-balls-boules-a-valve\/"},"modified":"2018-12-19T16:00:44","modified_gmt":"2018-12-19T15:00:44","slug":"the-hookah-turbo-balls-boules-a-valve","status":"publish","type":"product","link":"https:\/\/alt.thehookah.de\/fr\/produkt\/the-hookah-turbo-balls-boules-a-valve\/","title":{"rendered":"THE HOOKAH TURBO-BALLS Boules \u00e0 valve"},"content":{"rendered":"<h4 style=\"text-align: center;\"><strong>THE HOOKAH TURBO-BALLS<\/strong><\/h4>\n<p style=\"text-align: center;\"><strong>nettement plus de tirage ( convient \u00e0 tous les The Hookah )<\/strong><\/p>\n<p style=\"text-align: center;\"><strong>4 x billes de vanne en acier inoxydable V2A  <\/strong><\/p>\n<p style=\"text-align: center;\"><strong>Une fabrication sp\u00e9ciale assure plus de courant d&#8217;air en fumant notamment<\/strong><\/p>\n<p style=\"text-align: center;\"><strong>quand on fume \u00e0 trois ou \u00e0 quatre .<\/strong><\/p>\n<p>&nbsp;<\/p>\n<pre><\/pre>\n<ul>\n<li>Remarque : le plateau \u00e0 charbon en acier inoxydable illustr\u00e9 ne fait pas partie de la livraison.<br \/>\nPour \u00e9viter la corrosion de contact, nettoyer r\u00e9guli\u00e8rement et<br \/>\nconserver au sec.<\/li>\n<\/ul>\n","protected":false},"excerpt":{"rendered":"<p>THE HOOKAH TURBO-BALLS nettement plus de tirage ( convient \u00e0 tous les The Hookah ) 4 x billes de vanne en acier inoxydable V2A Une fabrication sp\u00e9ciale assure plus de courant d&#8217;air en fumant notamment quand on fume \u00e0 trois ou \u00e0 quatre . &nbsp; Remarque : le plateau \u00e0 charbon en acier inoxydable illustr\u00e9 [&hellip;]<\/p>\n","protected":false},"featured_media":544473,"comment_status":"open","ping_status":"closed","template":"","meta":[],"product_cat":[310,340,333],"product_tag":[],"yoast_head":"<!-- This site is optimized with the Yoast SEO plugin v22.5 - https:\/\/yoast.com\/wordpress\/plugins\/seo\/ -->\n<title>THE HOOKAH TURBO-BALLS Boules \u00e0 valve | Shisha - Pipes \u00e0 eau<\/title>\n<meta name=\"description\" content=\"THE HOOKAH TURBO-BALLS pour un tirage nettement plus fort (convient \u00e0 tous les The Hookah), 4 x billes de soupape en acier inoxydable V2A -&gt; fabrication sp\u00e9ciale\" \/>\n<meta name=\"robots\" content=\"index, follow, max-snippet:-1, max-image-preview:large, max-video-preview:-1\" \/>\n<link rel=\"canonical\" href=\"https:\/\/alt.thehookah.de\/fr\/produkt\/the-hookah-turbo-balls-boules-a-valve\/\" \/>\n<meta property=\"og:locale\" content=\"fr_FR\" \/>\n<meta property=\"og:type\" content=\"article\" \/>\n<meta property=\"og:title\" content=\"THE HOOKAH TURBO-BALLS Boules \u00e0 valve | Shisha - Pipes \u00e0 eau\" \/>\n<meta property=\"og:description\" content=\"THE HOOKAH TURBO-BALLS pour un tirage nettement plus fort (convient \u00e0 tous les The Hookah), 4 x billes de soupape en acier inoxydable V2A -&gt; fabrication sp\u00e9ciale\" \/>\n<meta property=\"og:url\" content=\"https:\/\/alt.thehookah.de\/fr\/produkt\/the-hookah-turbo-balls-boules-a-valve\/\" \/>\n<meta property=\"og:site_name\" content=\"The Hookah\" \/>\n<meta property=\"og:image\" content=\"https:\/\/alt.thehookah.de\/wp-content\/uploads\/2018\/12\/turboballs-1.jpg\" \/>\n\t<meta property=\"og:image:width\" content=\"2000\" \/>\n\t<meta property=\"og:image:height\" content=\"2000\" \/>\n\t<meta property=\"og:image:type\" content=\"image\/jpeg\" \/>\n<meta name=\"twitter:card\" content=\"summary_large_image\" \/>\n<meta name=\"twitter:label1\" content=\"Prix\" \/>\n\t<meta name=\"twitter:data1\" content=\"7,50&nbsp;&euro;\" \/>\n\t<meta name=\"twitter:label2\" content=\"Disponibilit\u00e9\" \/>\n\t<meta name=\"twitter:data2\" content=\"Rupture de stock\" \/>\n<script type=\"application\/ld+json\" class=\"yoast-schema-graph\">{\"@context\":\"https:\/\/schema.org\",\"@graph\":[{\"@type\":\"WebPage\",\"@id\":\"https:\/\/alt.thehookah.de\/fr\/produkt\/the-hookah-turbo-balls-boules-a-valve\/\",\"url\":\"https:\/\/alt.thehookah.de\/fr\/produkt\/the-hookah-turbo-balls-boules-a-valve\/\",\"name\":\"THE HOOKAH TURBO-BALLS Boules \u00e0 valve | Shisha - Pipes \u00e0 eau\",\"isPartOf\":{\"@id\":\"https:\/\/alt.thehookah.de\/fr\/#website\"},\"primaryImageOfPage\":{\"@id\":\"https:\/\/alt.thehookah.de\/fr\/produkt\/the-hookah-turbo-balls-boules-a-valve\/#primaryimage\"},\"image\":{\"@id\":\"https:\/\/alt.thehookah.de\/fr\/produkt\/the-hookah-turbo-balls-boules-a-valve\/#primaryimage\"},\"thumbnailUrl\":\"https:\/\/alt.thehookah.de\/wp-content\/uploads\/2018\/12\/turboballs-1.jpg\",\"datePublished\":\"2018-12-19T15:00:44+00:00\",\"dateModified\":\"2018-12-19T15:00:44+00:00\",\"description\":\"THE HOOKAH TURBO-BALLS pour un tirage nettement plus fort (convient \u00e0 tous les The Hookah), 4 x billes de soupape en acier inoxydable V2A -> fabrication sp\u00e9ciale\",\"breadcrumb\":{\"@id\":\"https:\/\/alt.thehookah.de\/fr\/produkt\/the-hookah-turbo-balls-boules-a-valve\/#breadcrumb\"},\"inLanguage\":\"fr-FR\",\"potentialAction\":[{\"@type\":\"ReadAction\",\"target\":[\"https:\/\/alt.thehookah.de\/fr\/produkt\/the-hookah-turbo-balls-boules-a-valve\/\"]}]},{\"@type\":\"ImageObject\",\"inLanguage\":\"fr-FR\",\"@id\":\"https:\/\/alt.thehookah.de\/fr\/produkt\/the-hookah-turbo-balls-boules-a-valve\/#primaryimage\",\"url\":\"https:\/\/alt.thehookah.de\/wp-content\/uploads\/2018\/12\/turboballs-1.jpg\",\"contentUrl\":\"https:\/\/alt.thehookah.de\/wp-content\/uploads\/2018\/12\/turboballs-1.jpg\",\"width\":2000,\"height\":2000,\"caption\":\"THE HOOKAH TURBO BALLS\"},{\"@type\":\"BreadcrumbList\",\"@id\":\"https:\/\/alt.thehookah.de\/fr\/produkt\/the-hookah-turbo-balls-boules-a-valve\/#breadcrumb\",\"itemListElement\":[{\"@type\":\"ListItem\",\"position\":1,\"name\":\"Startseite\",\"item\":\"https:\/\/alt.thehookah.de\/fr\/\"},{\"@type\":\"ListItem\",\"position\":2,\"name\":\"Ta boutique en ligne HOOKAH\",\"item\":\"https:\/\/alt.thehookah.de\/fr\/ta-boutique-en-ligne-hookah\/\"},{\"@type\":\"ListItem\",\"position\":3,\"name\":\"THE HOOKAH TURBO-BALLS Boules \u00e0 valve\"}]},{\"@type\":\"WebSite\",\"@id\":\"https:\/\/alt.thehookah.de\/fr\/#website\",\"url\":\"https:\/\/alt.thehookah.de\/fr\/\",\"name\":\"The Hookah\",\"description\":\"\",\"publisher\":{\"@id\":\"https:\/\/alt.thehookah.de\/fr\/#organization\"},\"potentialAction\":[{\"@type\":\"SearchAction\",\"target\":{\"@type\":\"EntryPoint\",\"urlTemplate\":\"https:\/\/alt.thehookah.de\/fr\/?s={search_term_string}\"},\"query-input\":\"required name=search_term_string\"}],\"inLanguage\":\"fr-FR\"},{\"@type\":\"Organization\",\"@id\":\"https:\/\/alt.thehookah.de\/fr\/#organization\",\"name\":\"The Hookah\",\"url\":\"https:\/\/alt.thehookah.de\/fr\/\",\"logo\":{\"@type\":\"ImageObject\",\"inLanguage\":\"fr-FR\",\"@id\":\"https:\/\/alt.thehookah.de\/fr\/#\/schema\/logo\/image\/\",\"url\":\"https:\/\/alt.thehookah.de\/wp-content\/uploads\/2021\/02\/cropped-logo2.png\",\"contentUrl\":\"https:\/\/alt.thehookah.de\/wp-content\/uploads\/2021\/02\/cropped-logo2.png\",\"width\":300,\"height\":86,\"caption\":\"The Hookah\"},\"image\":{\"@id\":\"https:\/\/alt.thehookah.de\/fr\/#\/schema\/logo\/image\/\"}}]}<\/script>\n<meta property=\"product:price:amount\" content=\"7.50\" \/>\n<meta property=\"product:price:currency\" content=\"EUR\" \/>\n<meta property=\"og:availability\" content=\"out of stock\" \/>\n<meta property=\"product:availability\" content=\"out of stock\" \/>\n<meta property=\"product:retailer_item_id\" content=\"Turbo-Ba1\" \/>\n<meta property=\"product:condition\" content=\"new\" \/>\n<!-- \/ Yoast SEO plugin. -->","yoast_head_json":{"title":"THE HOOKAH TURBO-BALLS Boules \u00e0 valve | Shisha - Pipes \u00e0 eau","description":"THE HOOKAH TURBO-BALLS pour un tirage nettement plus fort (convient \u00e0 tous les The Hookah), 4 x billes de soupape en acier inoxydable V2A -> fabrication sp\u00e9ciale","robots":{"index":"index","follow":"follow","max-snippet":"max-snippet:-1","max-image-preview":"max-image-preview:large","max-video-preview":"max-video-preview:-1"},"canonical":"https:\/\/alt.thehookah.de\/fr\/produkt\/the-hookah-turbo-balls-boules-a-valve\/","og_locale":"fr_FR","og_type":"article","og_title":"THE HOOKAH TURBO-BALLS Boules \u00e0 valve | Shisha - Pipes \u00e0 eau","og_description":"THE HOOKAH TURBO-BALLS pour un tirage nettement plus fort (convient \u00e0 tous les The Hookah), 4 x billes de soupape en acier inoxydable V2A -> fabrication sp\u00e9ciale","og_url":"https:\/\/alt.thehookah.de\/fr\/produkt\/the-hookah-turbo-balls-boules-a-valve\/","og_site_name":"The Hookah","og_image":[{"width":2000,"height":2000,"url":"https:\/\/alt.thehookah.de\/wp-content\/uploads\/2018\/12\/turboballs-1.jpg","type":"image\/jpeg"}],"twitter_card":"summary_large_image","twitter_misc":{"Prix":"7,50&nbsp;&euro;","Disponibilit\u00e9":"Rupture de stock"},"schema":{"@context":"https:\/\/schema.org","@graph":[{"@type":"WebPage","@id":"https:\/\/alt.thehookah.de\/fr\/produkt\/the-hookah-turbo-balls-boules-a-valve\/","url":"https:\/\/alt.thehookah.de\/fr\/produkt\/the-hookah-turbo-balls-boules-a-valve\/","name":"THE HOOKAH TURBO-BALLS Boules \u00e0 valve | Shisha - Pipes \u00e0 eau","isPartOf":{"@id":"https:\/\/alt.thehookah.de\/fr\/#website"},"primaryImageOfPage":{"@id":"https:\/\/alt.thehookah.de\/fr\/produkt\/the-hookah-turbo-balls-boules-a-valve\/#primaryimage"},"image":{"@id":"https:\/\/alt.thehookah.de\/fr\/produkt\/the-hookah-turbo-balls-boules-a-valve\/#primaryimage"},"thumbnailUrl":"https:\/\/alt.thehookah.de\/wp-content\/uploads\/2018\/12\/turboballs-1.jpg","datePublished":"2018-12-19T15:00:44+00:00","dateModified":"2018-12-19T15:00:44+00:00","description":"THE HOOKAH TURBO-BALLS pour un tirage nettement plus fort (convient \u00e0 tous les The Hookah), 4 x billes de soupape en acier inoxydable V2A -> fabrication sp\u00e9ciale","breadcrumb":{"@id":"https:\/\/alt.thehookah.de\/fr\/produkt\/the-hookah-turbo-balls-boules-a-valve\/#breadcrumb"},"inLanguage":"fr-FR","potentialAction":[{"@type":"ReadAction","target":["https:\/\/alt.thehookah.de\/fr\/produkt\/the-hookah-turbo-balls-boules-a-valve\/"]}]},{"@type":"ImageObject","inLanguage":"fr-FR","@id":"https:\/\/alt.thehookah.de\/fr\/produkt\/the-hookah-turbo-balls-boules-a-valve\/#primaryimage","url":"https:\/\/alt.thehookah.de\/wp-content\/uploads\/2018\/12\/turboballs-1.jpg","contentUrl":"https:\/\/alt.thehookah.de\/wp-content\/uploads\/2018\/12\/turboballs-1.jpg","width":2000,"height":2000,"caption":"THE HOOKAH TURBO BALLS"},{"@type":"BreadcrumbList","@id":"https:\/\/alt.thehookah.de\/fr\/produkt\/the-hookah-turbo-balls-boules-a-valve\/#breadcrumb","itemListElement":[{"@type":"ListItem","position":1,"name":"Startseite","item":"https:\/\/alt.thehookah.de\/fr\/"},{"@type":"ListItem","position":2,"name":"Ta boutique en ligne HOOKAH","item":"https:\/\/alt.thehookah.de\/fr\/ta-boutique-en-ligne-hookah\/"},{"@type":"ListItem","position":3,"name":"THE HOOKAH TURBO-BALLS Boules \u00e0 valve"}]},{"@type":"WebSite","@id":"https:\/\/alt.thehookah.de\/fr\/#website","url":"https:\/\/alt.thehookah.de\/fr\/","name":"The Hookah","description":"","publisher":{"@id":"https:\/\/alt.thehookah.de\/fr\/#organization"},"potentialAction":[{"@type":"SearchAction","target":{"@type":"EntryPoint","urlTemplate":"https:\/\/alt.thehookah.de\/fr\/?s={search_term_string}"},"query-input":"required name=search_term_string"}],"inLanguage":"fr-FR"},{"@type":"Organization","@id":"https:\/\/alt.thehookah.de\/fr\/#organization","name":"The Hookah","url":"https:\/\/alt.thehookah.de\/fr\/","logo":{"@type":"ImageObject","inLanguage":"fr-FR","@id":"https:\/\/alt.thehookah.de\/fr\/#\/schema\/logo\/image\/","url":"https:\/\/alt.thehookah.de\/wp-content\/uploads\/2021\/02\/cropped-logo2.png","contentUrl":"https:\/\/alt.thehookah.de\/wp-content\/uploads\/2021\/02\/cropped-logo2.png","width":300,"height":86,"caption":"The Hookah"},"image":{"@id":"https:\/\/alt.thehookah.de\/fr\/#\/schema\/logo\/image\/"}}]},"product_price_amount":"7.50","product_price_currency":"EUR","og_availability":"out of stock","product_availability":"out of stock","product_retailer_item_id":"Turbo-Ba1","product_condition":"new"},"_links":{"self":[{"href":"https:\/\/alt.thehookah.de\/fr\/wp-json\/wp\/v2\/product\/620241"}],"collection":[{"href":"https:\/\/alt.thehookah.de\/fr\/wp-json\/wp\/v2\/product"}],"about":[{"href":"https:\/\/alt.thehookah.de\/fr\/wp-json\/wp\/v2\/types\/product"}],"replies":[{"embeddable":true,"href":"https:\/\/alt.thehookah.de\/fr\/wp-json\/wp\/v2\/comments?post=620241"}],"wp:featuredmedia":[{"embeddable":true,"href":"https:\/\/alt.thehookah.de\/fr\/wp-json\/wp\/v2\/media\/544473"}],"wp:attachment":[{"href":"https:\/\/alt.thehookah.de\/fr\/wp-json\/wp\/v2\/media?parent=620241"}],"wp:term":[{"taxonomy":"product_cat","embeddable":true,"href":"https:\/\/alt.thehookah.de\/fr\/wp-json\/wp\/v2\/product_cat?post=620241"},{"taxonomy":"product_tag","embeddable":true,"href":"https:\/\/alt.thehookah.de\/fr\/wp-json\/wp\/v2\/product_tag?post=620241"}],"curies":[{"name":"wp","href":"https:\/\/api.w.org\/{rel}","templated":true}]}}